{"id":30666,"date":"2024-05-21T16:23:03","date_gmt":"2024-05-21T14:23:03","guid":{"rendered":"https:\/\/www.geneva-lawyers.com\/avvocato-in-diritto-societario-in-svizzera\/"},"modified":"2025-04-14T16:16:24","modified_gmt":"2025-04-14T14:16:24","slug":"avvocato-diritto-societario-svizzera","status":"publish","type":"page","link":"https:\/\/www.geneva-lawyers.com\/it\/avvocato-diritto-societario-svizzera\/","title":{"rendered":"Avvocato in diritto societario in Svizzera"},"content":{"rendered":"\t\t<div data-elementor-type=\"wp-page\" data-elementor-id=\"30666\" class=\"elementor elementor-30666 elementor-29130\" data-elementor-post-type=\"page\">\n\t\t\t\t\t\t<section class=\"elementor-section elementor-top-section elementor-element elementor-element-63079c77 elementor-section-boxed elementor-section-height-default elementor-section-height-default\" data-id=\"63079c77\" data-element_type=\"section\" data-e-type=\"section\" data-settings=\"{&quot;background_background&quot;:&quot;classic&quot;}\">\n\t\t\t\t\t\t\t<div class=\"elementor-background-overlay\"><\/div>\n\t\t\t\t\t\t\t<div class=\"elementor-container elementor-column-gap-default\">\n\t\t\t\t\t<div class=\"elementor-column elementor-col-100 elementor-top-column elementor-element elementor-element-108093e\" data-id=\"108093e\" data-element_type=\"column\" data-e-type=\"column\">\n\t\t\t<div class=\"elementor-widget-wrap elementor-element-populated\">\n\t\t\t\t\t\t<div class=\"elementor-element elementor-element-1a06375b elementor-widget-divider--view-line elementor-widget elementor-widget-divider\" data-id=\"1a06375b\" data-element_type=\"widget\" data-e-type=\"widget\" data-widget_type=\"divider.default\">\n\t\t\t\t<div class=\"elementor-widget-container\">\n\t\t\t\t\t\t\t<div class=\"elementor-divider\">\n\t\t\t<span class=\"elementor-divider-separator\">\n\t\t\t\t\t\t<\/span>\n\t\t<\/div>\n\t\t\t\t\t\t<\/div>\n\t\t\t\t<\/div>\n\t\t\t\t<div class=\"elementor-element elementor-element-600f8719 elementor-align-center elementor-widget elementor-widget-button\" data-id=\"600f8719\" data-element_type=\"widget\" data-e-type=\"widget\" data-widget_type=\"button.default\">\n\t\t\t\t<div class=\"elementor-widget-container\">\n\t\t\t\t\t\t\t\t\t<div class=\"elementor-button-wrapper\">\n\t\t\t\t\t<a class=\"elementor-button elementor-button-link elementor-size-sm\" href=\"https:\/\/www.geneva-lawyers.com\/it\/contatto\/\">\n\t\t\t\t\t\t<span class=\"elementor-button-content-wrapper\">\n\t\t\t\t\t\t\t\t\t<span class=\"elementor-button-text\">Fissa un appuntamento con un avvocato<\/span>\n\t\t\t\t\t<\/span>\n\t\t\t\t\t<\/a>\n\t\t\t\t<\/div>\n\t\t\t\t\t\t\t\t<\/div>\n\t\t\t\t<\/div>\n\t\t\t\t\t<\/div>\n\t\t<\/div>\n\t\t\t\t\t<\/div>\n\t\t<\/section>\n\t\t\t\t<section class=\"elementor-section elementor-top-section elementor-element elementor-element-278fe96e elementor-section-boxed elementor-section-height-default elementor-section-height-default\" data-id=\"278fe96e\" data-element_type=\"section\" data-e-type=\"section\">\n\t\t\t\t\t\t<div class=\"elementor-container elementor-column-gap-default\">\n\t\t\t\t\t<div class=\"elementor-column elementor-col-100 elementor-top-column elementor-element elementor-element-36ac91b7\" data-id=\"36ac91b7\" data-element_type=\"column\" data-e-type=\"column\">\n\t\t\t<div class=\"elementor-widget-wrap elementor-element-populated\">\n\t\t\t\t\t\t<div class=\"elementor-element elementor-element-46358118 elementor-widget elementor-widget-heading\" data-id=\"46358118\" data-element_type=\"widget\" data-e-type=\"widget\" data-widget_type=\"heading.default\">\n\t\t\t\t<div class=\"elementor-widget-container\">\n\t\t\t\t\t<h2 class=\"elementor-heading-title elementor-size-default\">Avvocato in diritto societario a Ginevra<\/h2>\t\t\t\t<\/div>\n\t\t\t\t<\/div>\n\t\t\t\t<div class=\"elementor-element elementor-element-397b9d1a elementor-widget-divider--view-line elementor-widget elementor-widget-divider\" data-id=\"397b9d1a\" data-element_type=\"widget\" data-e-type=\"widget\" data-widget_type=\"divider.default\">\n\t\t\t\t<div class=\"elementor-widget-container\">\n\t\t\t\t\t\t\t<div class=\"elementor-divider\">\n\t\t\t<span class=\"elementor-divider-separator\">\n\t\t\t\t\t\t<\/span>\n\t\t<\/div>\n\t\t\t\t\t\t<\/div>\n\t\t\t\t<\/div>\n\t\t\t\t<div class=\"elementor-element elementor-element-58d74705 elementor-widget elementor-widget-text-editor\" data-id=\"58d74705\" data-element_type=\"widget\" data-e-type=\"widget\" data-widget_type=\"text-editor.default\">\n\t\t\t\t<div class=\"elementor-widget-container\">\n\t\t\t\t\t\t\t\t\t<p>Il diritto societario, noto anche come diritto commerciale, comprende tutte le norme applicabili alle attivit\u00e0 di commercianti e aziende. Include le norme che regolano i registri commerciali in cui sono iscritte le persone fisiche e giuridiche impegnate in attivit\u00e0 commerciali. Inoltre, il diritto societario stabilisce regole per le seguenti aree:  <\/p><ul><li>Contratti commerciali tra due o pi\u00f9 aziende<\/li><li>L&#8217;entit\u00e0 degli impegni dei partner di un&#8217;impresa commerciale<\/li><li>Pratiche di contabilit\u00e0 aziendale<\/li><li>Informazioni agli azionisti<\/li><li>Poteri conferiti ai dirigenti e ai consigli di amministrazione delle societ\u00e0<\/li><li>Svolgimento delle assemblee generali degli azionisti<\/li><li>Sanzioni per reati penali legati all&#8217;attivit\u00e0 imprenditoriale (come l&#8217;uso improprio dei beni aziendali, la concorrenza sleale, la diffusione di informazioni false, la pubblicit\u00e0 ingannevole, le bancarotte fraudolente, la pirateria informatica e l&#8217;insider trading).<\/li><li>Procedure fallimentari<\/li><\/ul><h2>Avvocato in diritto societario in Svizzera<\/h2><p>Un avvocato specializzato in diritto societario pu\u00f2 intervenire in due aree principali:<\/p><ol><li><strong>Redazione di documenti aziendali:<\/strong><ul><li>Creare statuti aziendali, contratti commerciali o accordi di acquisizione aziendale.<\/li><li>Il coinvolgimento di un avvocato specializzato in diritto societario \u00e8 altamente consigliato quando si acquisisce un&#8217;azienda per garantire che le condizioni di acquisizione tutelino i tuoi interessi.<\/li><\/ul><\/li><li><strong>Gestire le controversie commerciali:<\/strong><ul><li>Risolvere le controversie tra i soci dell&#8217;azienda e la sua dirigenza<\/li><li>Affrontare i conflitti derivanti dai contratti commerciali<\/li><li>Gestione di questioni legate alla concorrenza sleale, alla violazione di marchi o brevetti, alle frodi informatiche, all&#8217;inganno di azionisti o clienti e a qualsiasi altra controversia di diritto commerciale.<\/li><\/ul><\/li><\/ol><p>Un avvocato specializzato in diritto societario fornisce le competenze legali essenziali per navigare nelle complessit\u00e0 delle attivit\u00e0 commerciali, garantendo la conformit\u00e0 e proteggendo gli interessi delle aziende e dei loro stakeholder.<\/p>\t\t\t\t\t\t\t\t<\/div>\n\t\t\t\t<\/div>\n\t\t\t\t\t<\/div>\n\t\t<\/div>\n\t\t\t\t\t<\/div>\n\t\t<\/section>\n\t\t\t\t<section class=\"elementor-section elementor-top-section elementor-element elementor-element-6f45ce91 elementor-section-full_width elementor-section-height-min-height elementor-section-items-stretch elementor-section-content-middle elementor-section-height-default\" data-id=\"6f45ce91\" data-element_type=\"section\" data-e-type=\"section\" data-settings=\"{&quot;background_background&quot;:&quot;classic&quot;}\">\n\t\t\t\t\t\t<div class=\"elementor-container elementor-column-gap-no\">\n\t\t\t\t\t<div class=\"elementor-column elementor-col-50 elementor-top-column elementor-element elementor-element-6ee5d0dc\" data-id=\"6ee5d0dc\" data-element_type=\"column\" data-e-type=\"column\" data-settings=\"{&quot;background_background&quot;:&quot;classic&quot;}\">\n\t\t\t<div class=\"elementor-widget-wrap elementor-element-populated\">\n\t\t\t\t\t\t<div class=\"elementor-element elementor-element-46b57944 elementor-widget elementor-widget-spacer\" data-id=\"46b57944\" data-element_type=\"widget\" data-e-type=\"widget\" data-widget_type=\"spacer.default\">\n\t\t\t\t<div class=\"elementor-widget-container\">\n\t\t\t\t\t\t\t<div class=\"elementor-spacer\">\n\t\t\t<div class=\"elementor-spacer-inner\"><\/div>\n\t\t<\/div>\n\t\t\t\t\t\t<\/div>\n\t\t\t\t<\/div>\n\t\t\t\t\t<\/div>\n\t\t<\/div>\n\t\t\t\t<div class=\"elementor-column elementor-col-50 elementor-top-column elementor-element elementor-element-749cddac\" data-id=\"749cddac\" data-element_type=\"column\" data-e-type=\"column\" data-settings=\"{&quot;background_background&quot;:&quot;classic&quot;}\">\n\t\t\t<div class=\"elementor-widget-wrap elementor-element-populated\">\n\t\t\t\t\t\t<div class=\"elementor-element elementor-element-2b420bff elementor-widget elementor-widget-heading\" data-id=\"2b420bff\" data-element_type=\"widget\" data-e-type=\"widget\" data-widget_type=\"heading.default\">\n\t\t\t\t<div class=\"elementor-widget-container\">\n\t\t\t\t\t<p class=\"elementor-heading-title elementor-size-default\">Consultazione iniziale  <\/p>\t\t\t\t<\/div>\n\t\t\t\t<\/div>\n\t\t\t\t<div class=\"elementor-element elementor-element-29438923 elementor-widget elementor-widget-heading\" data-id=\"29438923\" data-element_type=\"widget\" data-e-type=\"widget\" data-widget_type=\"heading.default\">\n\t\t\t\t<div class=\"elementor-widget-container\">\n\t\t\t\t\t<p class=\"elementor-heading-title elementor-size-default\">da 60 min a CHF 220,00<\/p>\t\t\t\t<\/div>\n\t\t\t\t<\/div>\n\t\t\t\t<div class=\"elementor-element elementor-element-1eec5ce2 elementor-widget elementor-widget-text-editor\" data-id=\"1eec5ce2\" data-element_type=\"widget\" data-e-type=\"widget\" data-widget_type=\"text-editor.default\">\n\t\t\t\t<div class=\"elementor-widget-container\">\n\t\t\t\t\t\t\t\t\tDiscuti la tua situazione con un avvocato specializzato in Svizzera.\n\t\t\t\t\t\t\t\t<\/div>\n\t\t\t\t<\/div>\n\t\t\t\t<div class=\"elementor-element elementor-element-ab43d4 elementor-widget-divider--view-line elementor-widget elementor-widget-divider\" data-id=\"ab43d4\" data-element_type=\"widget\" data-e-type=\"widget\" data-widget_type=\"divider.default\">\n\t\t\t\t<div class=\"elementor-widget-container\">\n\t\t\t\t\t\t\t<div class=\"elementor-divider\">\n\t\t\t<span class=\"elementor-divider-separator\">\n\t\t\t\t\t\t<\/span>\n\t\t<\/div>\n\t\t\t\t\t\t<\/div>\n\t\t\t\t<\/div>\n\t\t\t\t<div class=\"elementor-element elementor-element-6a4b0aa elementor-widget elementor-widget-text-editor\" data-id=\"6a4b0aa\" data-element_type=\"widget\" data-e-type=\"widget\" data-widget_type=\"text-editor.default\">\n\t\t\t\t<div class=\"elementor-widget-container\">\n\t\t\t\t\t\t\t\t\t<p>Stai cercando un appuntamento solo per fare qualche domanda?<br>Non sei sicuro delle procedure che vuoi intraprendere?<br>La tua situazione non \u00e8 chiara?<\/p><p><strong>Opta per una prima consultazione con un avvocato a Ginevra.<\/strong><\/p><p>Deciderai quindi se procedere e i nostri avvocati ti indicheranno il costo della procedura in base al tuo caso. Appuntamenti disponibili di persona o in videoconferenza. <strong><br><\/strong><\/p>\t\t\t\t\t\t\t\t<\/div>\n\t\t\t\t<\/div>\n\t\t\t\t<div class=\"elementor-element elementor-element-2df84d23 elementor-align-center elementor-widget elementor-widget-button\" data-id=\"2df84d23\" data-element_type=\"widget\" data-e-type=\"widget\" data-widget_type=\"button.default\">\n\t\t\t\t<div class=\"elementor-widget-container\">\n\t\t\t\t\t\t\t\t\t<div class=\"elementor-button-wrapper\">\n\t\t\t\t\t<a class=\"elementor-button elementor-button-link elementor-size-sm\" href=\"https:\/\/www.geneva-lawyers.com\/it\/contatto\/\">\n\t\t\t\t\t\t<span class=\"elementor-button-content-wrapper\">\n\t\t\t\t\t\t\t\t\t<span class=\"elementor-button-text\">Prendi un appuntamento con un avvocato<\/span>\n\t\t\t\t\t<\/span>\n\t\t\t\t\t<\/a>\n\t\t\t\t<\/div>\n\t\t\t\t\t\t\t\t<\/div>\n\t\t\t\t<\/div>\n\t\t\t\t\t<\/div>\n\t\t<\/div>\n\t\t\t\t\t<\/div>\n\t\t<\/section>\n\t\t\t\t<\/div>\n\t\t","protected":false},"excerpt":{"rendered":"<p>Fissa un appuntamento con un avvocato Avvocato in diritto societario a Ginevra Il diritto societario, noto anche come diritto commerciale, comprende tutte le norme applicabili alle attivit\u00e0 di commercianti e aziende. Include le norme che regolano i registri commerciali in cui sono iscritte le persone fisiche e giuridiche impegnate in attivit\u00e0 commerciali. Inoltre, il diritto &#8230; <a title=\"Avvocato in diritto societario in Svizzera\" class=\"read-more\" href=\"https:\/\/www.geneva-lawyers.com\/it\/avvocato-diritto-societario-svizzera\/\" aria-label=\"Per saperne di pi\u00f9 su Avvocato in diritto societario in Svizzera\">Leggi tutto<\/a><\/p>\n","protected":false},"author":1,"featured_media":0,"parent":0,"menu_order":0,"comment_status":"closed","ping_status":"closed","template":"elementor_header_footer","meta":{"_acf_changed":false,"_seopress_robots_primary_cat":"","_seopress_titles_title":"","_seopress_titles_desc":"","_seopress_robots_index":"","footnotes":""},"class_list":["post-30666","page","type-page","status-publish"],"acf":[],"_links":{"self":[{"href":"https:\/\/www.geneva-lawyers.com\/it\/wp-json\/wp\/v2\/pages\/30666","targetHints":{"allow":["GET"]}}],"collection":[{"href":"https:\/\/www.geneva-lawyers.com\/it\/wp-json\/wp\/v2\/pages"}],"about":[{"href":"https:\/\/www.geneva-lawyers.com\/it\/wp-json\/wp\/v2\/types\/page"}],"author":[{"embeddable":true,"href":"https:\/\/www.geneva-lawyers.com\/it\/wp-json\/wp\/v2\/users\/1"}],"replies":[{"embeddable":true,"href":"https:\/\/www.geneva-lawyers.com\/it\/wp-json\/wp\/v2\/comments?post=30666"}],"version-history":[{"count":6,"href":"https:\/\/www.geneva-lawyers.com\/it\/wp-json\/wp\/v2\/pages\/30666\/revisions"}],"predecessor-version":[{"id":34296,"href":"https:\/\/www.geneva-lawyers.com\/it\/wp-json\/wp\/v2\/pages\/30666\/revisions\/34296"}],"wp:attachment":[{"href":"https:\/\/www.geneva-lawyers.com\/it\/wp-json\/wp\/v2\/media?parent=30666"}],"curies":[{"name":"wp","href":"https:\/\/api.w.org\/{rel}","templated":true}]}}