{"id":30709,"date":"2024-05-16T15:32:42","date_gmt":"2024-05-16T13:32:42","guid":{"rendered":"https:\/\/www.geneva-lawyers.com\/contributi-alimentari-in-caso-di-divorzio\/"},"modified":"2025-04-14T15:39:35","modified_gmt":"2025-04-14T13:39:35","slug":"contributi-alimentari-divorzio","status":"publish","type":"page","link":"https:\/\/www.geneva-lawyers.com\/it\/contributi-alimentari-divorzio\/","title":{"rendered":"Contributi alimentari in caso di divorzio"},"content":{"rendered":"\t\t<div data-elementor-type=\"wp-page\" data-elementor-id=\"30709\" class=\"elementor elementor-30709 elementor-28946\" data-elementor-post-type=\"page\">\n\t\t\t\t\t\t<section class=\"elementor-section elementor-top-section elementor-element elementor-element-3e06d582 elementor-section-boxed elementor-section-height-default elementor-section-height-default\" data-id=\"3e06d582\" data-element_type=\"section\" data-e-type=\"section\" data-settings=\"{&quot;background_background&quot;:&quot;classic&quot;}\">\n\t\t\t\t\t\t\t<div class=\"elementor-background-overlay\"><\/div>\n\t\t\t\t\t\t\t<div class=\"elementor-container elementor-column-gap-default\">\n\t\t\t\t\t<div class=\"elementor-column elementor-col-100 elementor-top-column elementor-element elementor-element-570f0176\" data-id=\"570f0176\" data-element_type=\"column\" data-e-type=\"column\">\n\t\t\t<div class=\"elementor-widget-wrap elementor-element-populated\">\n\t\t\t\t\t\t<div class=\"elementor-element elementor-element-58a851c5 elementor-widget-divider--view-line elementor-widget elementor-widget-divider\" data-id=\"58a851c5\" data-element_type=\"widget\" data-e-type=\"widget\" data-widget_type=\"divider.default\">\n\t\t\t\t<div class=\"elementor-widget-container\">\n\t\t\t\t\t\t\t<div class=\"elementor-divider\">\n\t\t\t<span class=\"elementor-divider-separator\">\n\t\t\t\t\t\t<\/span>\n\t\t<\/div>\n\t\t\t\t\t\t<\/div>\n\t\t\t\t<\/div>\n\t\t\t\t<div class=\"elementor-element elementor-element-1e9f629a elementor-align-center elementor-widget elementor-widget-button\" data-id=\"1e9f629a\" data-element_type=\"widget\" data-e-type=\"widget\" data-widget_type=\"button.default\">\n\t\t\t\t<div class=\"elementor-widget-container\">\n\t\t\t\t\t\t\t\t\t<div class=\"elementor-button-wrapper\">\n\t\t\t\t\t<a class=\"elementor-button elementor-button-link elementor-size-sm\" href=\"https:\/\/www.geneva-lawyers.com\/it\/contatto\/\">\n\t\t\t\t\t\t<span class=\"elementor-button-content-wrapper\">\n\t\t\t\t\t\t\t\t\t<span class=\"elementor-button-text\">Fissa un appuntamento con un avvocato<\/span>\n\t\t\t\t\t<\/span>\n\t\t\t\t\t<\/a>\n\t\t\t\t<\/div>\n\t\t\t\t\t\t\t\t<\/div>\n\t\t\t\t<\/div>\n\t\t\t\t\t<\/div>\n\t\t<\/div>\n\t\t\t\t\t<\/div>\n\t\t<\/section>\n\t\t\t\t<section class=\"elementor-section elementor-top-section elementor-element elementor-element-461a6910 elementor-section-boxed elementor-section-height-default elementor-section-height-default\" data-id=\"461a6910\" data-element_type=\"section\" data-e-type=\"section\">\n\t\t\t\t\t\t<div class=\"elementor-container elementor-column-gap-default\">\n\t\t\t\t\t<div class=\"elementor-column elementor-col-100 elementor-top-column elementor-element elementor-element-4d060cff\" data-id=\"4d060cff\" data-element_type=\"column\" data-e-type=\"column\">\n\t\t\t<div class=\"elementor-widget-wrap elementor-element-populated\">\n\t\t\t\t\t\t<div class=\"elementor-element elementor-element-7c4d3d8 elementor-widget elementor-widget-heading\" data-id=\"7c4d3d8\" data-element_type=\"widget\" data-e-type=\"widget\" data-widget_type=\"heading.default\">\n\t\t\t\t<div class=\"elementor-widget-container\">\n\t\t\t\t\t<h2 class=\"elementor-heading-title elementor-size-default\">Ordine di priorit\u00e0 dei contributi alimentari in caso di divorzio in Svizzera<\/h2>\t\t\t\t<\/div>\n\t\t\t\t<\/div>\n\t\t\t\t<div class=\"elementor-element elementor-element-44738074 elementor-widget-divider--view-line elementor-widget elementor-widget-divider\" data-id=\"44738074\" data-element_type=\"widget\" data-e-type=\"widget\" data-widget_type=\"divider.default\">\n\t\t\t\t<div class=\"elementor-widget-container\">\n\t\t\t\t\t\t\t<div class=\"elementor-divider\">\n\t\t\t<span class=\"elementor-divider-separator\">\n\t\t\t\t\t\t<\/span>\n\t\t<\/div>\n\t\t\t\t\t\t<\/div>\n\t\t\t\t<\/div>\n\t\t\t\t<div class=\"elementor-element elementor-element-4dcee888 elementor-widget elementor-widget-text-editor\" data-id=\"4dcee888\" data-element_type=\"widget\" data-e-type=\"widget\" data-widget_type=\"text-editor.default\">\n\t\t\t\t<div class=\"elementor-widget-container\">\n\t\t\t\t\t\t\t\t\t<div class=\"flex-1 overflow-hidden\"><div class=\"react-scroll-to-bottom--css-qfmvk-79elbk h-full\"><div class=\"react-scroll-to-bottom--css-qfmvk-1n7m0yu\"><div class=\"flex flex-col text-sm pb-9\"><div class=\"w-full text-token-text-primary\" dir=\"auto\" data-testid=\"conversation-turn-11\" data-scroll-anchor=\"true\"><div class=\"py-2 juice:py-[18px] px-3 text-base md:px-4 m-auto md:px-5 lg:px-1 xl:px-5\"><div class=\"mx-auto flex flex-1 gap-3 text-base juice:gap-4 juice:md:gap-6 md:max-w-3xl lg:max-w-[40rem] xl:max-w-[48rem]\"><div class=\"group\/conversation-turn relative flex w-full min-w-0 flex-col agent-turn\"><div class=\"flex-col gap-1 md:gap-3\"><div class=\"flex flex-grow flex-col max-w-full\"><div class=\"min-h-[20px] text-message flex flex-col items-start whitespace-pre-wrap break-words [.text-message+&amp;]:mt-5 juice:w-full juice:items-end overflow-x-auto gap-2\" dir=\"auto\" data-message-author-role=\"assistant\" data-message-id=\"fb65754e-2e7a-4016-b0ff-c9904266ff22\"><div class=\"flex w-full flex-col gap-1 juice:empty:hidden juice:first:pt-[3px]\"><div class=\"markdown prose w-full break-words dark:prose-invert dark\"><h2>Principio legale<\/h2><p>In termini generali, il Codice Civile svizzero stabilisce che l&#8217;obbligo di provvedere al mantenimento di un figlio minore ha la precedenza sulle altre obbligazioni alimentari del diritto di famiglia (art. 276a comma 1 CC). Questa priorit\u00e0 riguarda l&#8217;intero mantenimento adeguato del figlio minore e quindi include anche l&#8217;eventuale contributo alimentare (Art. 285 CC). <\/p><p>Tuttavia, il giudice pu\u00f2 discostarsi da questo principio in alcune configurazioni. Questo pu\u00f2 avvenire, ad esempio, quando un figlio maggiorenne ha diritto agli alimenti ed \u00e8 opportuno non svantaggiarlo (art. 276 comma 2 CC). L&#8217;obiettivo \u00e8 quello di evitare che un figlio che compie 18 anni e studia al momento del divorzio si trovi improvvisamente in una situazione di bisogno. Tuttavia, questa sfumatura non metter\u00e0 il figlio maggiorenne su un piano di assoluta parit\u00e0, poich\u00e9 potrebbe essere in grado di trovare un lavoro part-time o una borsa di studio, mentre un figlio minorenne non pu\u00f2 farlo.   <\/p><h2>Ordine di priorit\u00e0 in una situazione di deficit<\/h2><h3>Figlio minore e coniuge<\/h3><p>Se i mezzi a disposizione del debitore degli alimenti non sono sufficienti a coprire i bisogni della famiglia, il mantenimento del figlio minore avr\u00e0 la precedenza su quello del coniuge divorziato. Il contributo di mantenimento avr\u00e0 la precedenza anche sul mantenimento dell&#8217;ex coniuge. Queste priorit\u00e0 si applicano anche ai figli di altre eventuali relazioni del debitore.  <\/p><p>Per quanto riguarda il metodo di calcolo, \u00e8 opportuno coprire prima il minimo vitale del debitore secondo la legge di esecuzione, poi quello del figlio minore, quindi il contributo di mantenimento (anch&#8217;esso stabilito in base al minimo vitale della legge di esecuzione) e infine il minimo vitale del coniuge secondo la legge di esecuzione.<\/p><p>Una volta coperto il minimo vitale di ciascuno nell&#8217;ambito del diritto esecutivo, \u00e8 opportuno verificare se ci sono risorse residue e, in tal caso, si possono coprire alcuni oneri del minimo vitale del diritto di famiglia, rispettando lo stesso ordine di priorit\u00e0 di prima.<\/p><p>Il mantenimento del figlio minore prevale anche sul mantenimento del coniuge con cui il debitore convive. Pertanto, le spese del nuovo coniuge non devono essere incluse in quelle del debitore del contributo al mantenimento del figlio. Questa regola vale anche se il nuovo coniuge non provvede al proprio mantenimento.  <\/p><h3>Figlio adulto e coniuge<\/h3><p>Il contributo all&#8217;ex coniuge prevale sempre sul mantenimento del figlio maggiorenne in educazione.<\/p><p>Nonostante l&#8217;entrata in vigore dell&#8217;articolo 276a comma 2 del Codice Civile, la giurisprudenza esistente \u00e8 ancora valida e la priorit\u00e0 data all&#8217;ex coniuge viene mantenuta.<\/p><h3>Figlio minore e figlio maggiorenne<\/h3><p>L&#8217;articolo 276a comma 2 del Codice Civile consente di qualificare il primato degli alimenti per il figlio minore in casi motivati.<\/p><p>Si tratta di un margine di discrezionalit\u00e0 lasciato al giudice in base alle circostanze concrete del caso. Pertanto, questa disposizione consente al giudice di discostarsi dal principio giuridico di base che d\u00e0 priorit\u00e0 al mantenimento del figlio minore. <\/p><h2>Giurisprudenza recente<\/h2><p>Il 20 aprile 2022, la Corte Federale ha preso una decisione nel caso di una famiglia mista (TF 5A_382\/2021).<\/p><p>Si trattava di un caso in cui il primo figlio era nato fuori dal matrimonio. Dopo la separazione dei genitori, la madre si \u00e8 risposata e ha dato alla luce un altro figlio. <\/p><p>La Corte Federale ha dovuto decidere sulla concorrenza tra l&#8217;obbligo di mantenimento del primo padre e l&#8217;obbligo di mantenimento del marito della madre, in base ai principi degli alimenti familiari durante il matrimonio. Nella sua decisione, ha ritenuto che il padre del primo figlio non avesse pi\u00f9 l&#8217;obbligo di provvedere al suo mantenimento, dal momento che il padre del secondo figlio copriva le spese di sostentamento della madre grazie ai suoi guadagni da attivit\u00e0 lavorativa. Per giungere a questa conclusione, il Tribunale federale ha affermato che, poich\u00e9 la madre e il suo nuovo marito avevano concordato una tradizionale divisione dei compiti, in base alla quale il marito forniva denaro alla madre che, in cambio, si occupava della casa e del figlio comune, le spese di mantenimento di quest&#8217;ultimo erano coperte. Pertanto, poich\u00e9 la madre non soffriva di un deficit, non era opportuno stabilire un contributo di mantenimento a favore del figlio nato dal primo matrimonio.   <\/p><p>Con questa giurisprudenza, la Corte Federale non ha rispettato lo scopo del contributo di mantenimento, che mirava a garantire al figlio le risorse necessarie, anche in caso di cambiamento della situazione personale del genitore responsabile del suo mantenimento. Non \u00e8 quindi escluso che a lungo termine la Corte Federale possa rivedere questa giurisprudenza. <\/p><\/div><\/div><\/div><\/div><\/div><\/div><\/div><\/div><\/div><\/div><\/div><\/div><\/div>\t\t\t\t\t\t\t\t<\/div>\n\t\t\t\t<\/div>\n\t\t\t\t\t<\/div>\n\t\t<\/div>\n\t\t\t\t\t<\/div>\n\t\t<\/section>\n\t\t\t\t<section class=\"elementor-section elementor-top-section elementor-element elementor-element-536e7b01 elementor-section-full_width elementor-section-height-min-height elementor-section-items-stretch elementor-section-content-middle elementor-section-height-default\" data-id=\"536e7b01\" data-element_type=\"section\" data-e-type=\"section\" data-settings=\"{&quot;background_background&quot;:&quot;classic&quot;}\">\n\t\t\t\t\t\t<div class=\"elementor-container elementor-column-gap-no\">\n\t\t\t\t\t<div class=\"elementor-column elementor-col-50 elementor-top-column elementor-element elementor-element-e9add55\" data-id=\"e9add55\" data-element_type=\"column\" data-e-type=\"column\" data-settings=\"{&quot;background_background&quot;:&quot;classic&quot;}\">\n\t\t\t<div class=\"elementor-widget-wrap elementor-element-populated\">\n\t\t\t\t\t\t<div class=\"elementor-element elementor-element-5aedb710 elementor-widget elementor-widget-spacer\" data-id=\"5aedb710\" data-element_type=\"widget\" data-e-type=\"widget\" data-widget_type=\"spacer.default\">\n\t\t\t\t<div class=\"elementor-widget-container\">\n\t\t\t\t\t\t\t<div class=\"elementor-spacer\">\n\t\t\t<div class=\"elementor-spacer-inner\"><\/div>\n\t\t<\/div>\n\t\t\t\t\t\t<\/div>\n\t\t\t\t<\/div>\n\t\t\t\t\t<\/div>\n\t\t<\/div>\n\t\t\t\t<div class=\"elementor-column elementor-col-50 elementor-top-column elementor-element elementor-element-5b11b9c9\" data-id=\"5b11b9c9\" data-element_type=\"column\" data-e-type=\"column\" data-settings=\"{&quot;background_background&quot;:&quot;classic&quot;}\">\n\t\t\t<div class=\"elementor-widget-wrap elementor-element-populated\">\n\t\t\t\t\t\t<div class=\"elementor-element elementor-element-37f322bd elementor-widget elementor-widget-heading\" data-id=\"37f322bd\" data-element_type=\"widget\" data-e-type=\"widget\" data-widget_type=\"heading.default\">\n\t\t\t\t<div class=\"elementor-widget-container\">\n\t\t\t\t\t<p class=\"elementor-heading-title elementor-size-default\">Consultazione iniziale  <\/p>\t\t\t\t<\/div>\n\t\t\t\t<\/div>\n\t\t\t\t<div class=\"elementor-element elementor-element-e23ff63 elementor-widget elementor-widget-heading\" data-id=\"e23ff63\" data-element_type=\"widget\" data-e-type=\"widget\" data-widget_type=\"heading.default\">\n\t\t\t\t<div class=\"elementor-widget-container\">\n\t\t\t\t\t<p class=\"elementor-heading-title elementor-size-default\">da 60 min a CHF 220,00<\/p>\t\t\t\t<\/div>\n\t\t\t\t<\/div>\n\t\t\t\t<div class=\"elementor-element elementor-element-53c93d1e elementor-widget elementor-widget-text-editor\" data-id=\"53c93d1e\" data-element_type=\"widget\" data-e-type=\"widget\" data-widget_type=\"text-editor.default\">\n\t\t\t\t<div class=\"elementor-widget-container\">\n\t\t\t\t\t\t\t\t\tDiscuti la tua situazione con un avvocato specializzato in Svizzera.\n\t\t\t\t\t\t\t\t<\/div>\n\t\t\t\t<\/div>\n\t\t\t\t<div class=\"elementor-element elementor-element-796a6a27 elementor-widget-divider--view-line elementor-widget elementor-widget-divider\" data-id=\"796a6a27\" data-element_type=\"widget\" data-e-type=\"widget\" data-widget_type=\"divider.default\">\n\t\t\t\t<div class=\"elementor-widget-container\">\n\t\t\t\t\t\t\t<div class=\"elementor-divider\">\n\t\t\t<span class=\"elementor-divider-separator\">\n\t\t\t\t\t\t<\/span>\n\t\t<\/div>\n\t\t\t\t\t\t<\/div>\n\t\t\t\t<\/div>\n\t\t\t\t<div class=\"elementor-element elementor-element-1ab4b67f elementor-widget elementor-widget-text-editor\" data-id=\"1ab4b67f\" data-element_type=\"widget\" data-e-type=\"widget\" data-widget_type=\"text-editor.default\">\n\t\t\t\t<div class=\"elementor-widget-container\">\n\t\t\t\t\t\t\t\t\t<p>Stai cercando un appuntamento solo per fare qualche domanda?<br>Non sei sicuro delle procedure che vuoi intraprendere?<br>La tua situazione non \u00e8 chiara?<\/p><p><strong>Opta per una prima consultazione con un avvocato a Ginevra.<\/strong><\/p><p>Deciderai quindi se procedere e i nostri avvocati ti indicheranno il costo della procedura in base al tuo caso. Appuntamenti disponibili di persona o in videoconferenza. <strong><br><\/strong><\/p>\t\t\t\t\t\t\t\t<\/div>\n\t\t\t\t<\/div>\n\t\t\t\t<div class=\"elementor-element elementor-element-2c32af6f elementor-align-center elementor-widget elementor-widget-button\" data-id=\"2c32af6f\" data-element_type=\"widget\" data-e-type=\"widget\" data-widget_type=\"button.default\">\n\t\t\t\t<div class=\"elementor-widget-container\">\n\t\t\t\t\t\t\t\t\t<div class=\"elementor-button-wrapper\">\n\t\t\t\t\t<a class=\"elementor-button elementor-button-link elementor-size-sm\" href=\"https:\/\/www.geneva-lawyers.com\/it\/contatto\/\">\n\t\t\t\t\t\t<span class=\"elementor-button-content-wrapper\">\n\t\t\t\t\t\t\t\t\t<span class=\"elementor-button-text\">Prendi un appuntamento con un avvocato<\/span>\n\t\t\t\t\t<\/span>\n\t\t\t\t\t<\/a>\n\t\t\t\t<\/div>\n\t\t\t\t\t\t\t\t<\/div>\n\t\t\t\t<\/div>\n\t\t\t\t\t<\/div>\n\t\t<\/div>\n\t\t\t\t\t<\/div>\n\t\t<\/section>\n\t\t\t\t<\/div>\n\t\t","protected":false},"excerpt":{"rendered":"<p>Fissa un appuntamento con un avvocato Ordine di priorit\u00e0 dei contributi alimentari in caso di divorzio in Svizzera Principio legale In termini generali, il Codice Civile svizzero stabilisce che l&#8217;obbligo di provvedere al mantenimento di un figlio minore ha la precedenza sulle altre obbligazioni alimentari del diritto di famiglia (art. 276a comma 1 CC). Questa &#8230; <a title=\"Contributi alimentari in caso di divorzio\" class=\"read-more\" href=\"https:\/\/www.geneva-lawyers.com\/it\/contributi-alimentari-divorzio\/\" aria-label=\"Per saperne di pi\u00f9 su Contributi alimentari in caso di divorzio\">Leggi tutto<\/a><\/p>\n","protected":false},"author":1,"featured_media":0,"parent":0,"menu_order":0,"comment_status":"closed","ping_status":"closed","template":"elementor_header_footer","meta":{"_acf_changed":false,"_seopress_robots_primary_cat":"","_seopress_titles_title":"","_seopress_titles_desc":"","_seopress_robots_index":"","footnotes":""},"class_list":["post-30709","page","type-page","status-publish"],"acf":[],"_links":{"self":[{"href":"https:\/\/www.geneva-lawyers.com\/it\/wp-json\/wp\/v2\/pages\/30709","targetHints":{"allow":["GET"]}}],"collection":[{"href":"https:\/\/www.geneva-lawyers.com\/it\/wp-json\/wp\/v2\/pages"}],"about":[{"href":"https:\/\/www.geneva-lawyers.com\/it\/wp-json\/wp\/v2\/types\/page"}],"author":[{"embeddable":true,"href":"https:\/\/www.geneva-lawyers.com\/it\/wp-json\/wp\/v2\/users\/1"}],"replies":[{"embeddable":true,"href":"https:\/\/www.geneva-lawyers.com\/it\/wp-json\/wp\/v2\/comments?post=30709"}],"version-history":[{"count":6,"href":"https:\/\/www.geneva-lawyers.com\/it\/wp-json\/wp\/v2\/pages\/30709\/revisions"}],"predecessor-version":[{"id":33965,"href":"https:\/\/www.geneva-lawyers.com\/it\/wp-json\/wp\/v2\/pages\/30709\/revisions\/33965"}],"wp:attachment":[{"href":"https:\/\/www.geneva-lawyers.com\/it\/wp-json\/wp\/v2\/media?parent=30709"}],"curies":[{"name":"wp","href":"https:\/\/api.w.org\/{rel}","templated":true}]}}