{"id":30717,"date":"2024-05-16T15:12:57","date_gmt":"2024-05-16T13:12:57","guid":{"rendered":"https:\/\/www.geneva-lawyers.com\/misure-di-protezione-per-lunione-coniugale-pmcu\/"},"modified":"2025-04-14T15:45:55","modified_gmt":"2025-04-14T13:45:55","slug":"misure-protezione-unione-coniugale-pmcu","status":"publish","type":"page","link":"https:\/\/www.geneva-lawyers.com\/it\/misure-protezione-unione-coniugale-pmcu\/","title":{"rendered":"Misure di protezione per l&#8217;unione coniugale (PMCU)"},"content":{"rendered":"\t\t<div data-elementor-type=\"wp-page\" data-elementor-id=\"30717\" class=\"elementor elementor-30717 elementor-28938\" data-elementor-post-type=\"page\">\n\t\t\t\t\t\t<section class=\"elementor-section elementor-top-section elementor-element elementor-element-7b57512a elementor-section-boxed elementor-section-height-default elementor-section-height-default\" data-id=\"7b57512a\" data-element_type=\"section\" data-e-type=\"section\" data-settings=\"{&quot;background_background&quot;:&quot;classic&quot;}\">\n\t\t\t\t\t\t\t<div class=\"elementor-background-overlay\"><\/div>\n\t\t\t\t\t\t\t<div class=\"elementor-container elementor-column-gap-default\">\n\t\t\t\t\t<div class=\"elementor-column elementor-col-100 elementor-top-column elementor-element elementor-element-46e66c60\" data-id=\"46e66c60\" data-element_type=\"column\" data-e-type=\"column\">\n\t\t\t<div class=\"elementor-widget-wrap elementor-element-populated\">\n\t\t\t\t\t\t<div class=\"elementor-element elementor-element-3a93693d elementor-widget-divider--view-line elementor-widget elementor-widget-divider\" data-id=\"3a93693d\" data-element_type=\"widget\" data-e-type=\"widget\" data-widget_type=\"divider.default\">\n\t\t\t\t<div class=\"elementor-widget-container\">\n\t\t\t\t\t\t\t<div class=\"elementor-divider\">\n\t\t\t<span class=\"elementor-divider-separator\">\n\t\t\t\t\t\t<\/span>\n\t\t<\/div>\n\t\t\t\t\t\t<\/div>\n\t\t\t\t<\/div>\n\t\t\t\t<div class=\"elementor-element elementor-element-7f0d78a3 elementor-align-center elementor-widget elementor-widget-button\" data-id=\"7f0d78a3\" data-element_type=\"widget\" data-e-type=\"widget\" data-widget_type=\"button.default\">\n\t\t\t\t<div class=\"elementor-widget-container\">\n\t\t\t\t\t\t\t\t\t<div class=\"elementor-button-wrapper\">\n\t\t\t\t\t<a class=\"elementor-button elementor-button-link elementor-size-sm\" href=\"https:\/\/www.geneva-lawyers.com\/it\/contatto\/\">\n\t\t\t\t\t\t<span class=\"elementor-button-content-wrapper\">\n\t\t\t\t\t\t\t\t\t<span class=\"elementor-button-text\">Fissa un appuntamento con un avvocato<\/span>\n\t\t\t\t\t<\/span>\n\t\t\t\t\t<\/a>\n\t\t\t\t<\/div>\n\t\t\t\t\t\t\t\t<\/div>\n\t\t\t\t<\/div>\n\t\t\t\t\t<\/div>\n\t\t<\/div>\n\t\t\t\t\t<\/div>\n\t\t<\/section>\n\t\t\t\t<section class=\"elementor-section elementor-top-section elementor-element elementor-element-e49310f elementor-section-boxed elementor-section-height-default elementor-section-height-default\" data-id=\"e49310f\" data-element_type=\"section\" data-e-type=\"section\">\n\t\t\t\t\t\t<div class=\"elementor-container elementor-column-gap-default\">\n\t\t\t\t\t<div class=\"elementor-column elementor-col-100 elementor-top-column elementor-element elementor-element-6bc0076c\" data-id=\"6bc0076c\" data-element_type=\"column\" data-e-type=\"column\">\n\t\t\t<div class=\"elementor-widget-wrap elementor-element-populated\">\n\t\t\t\t\t\t<div class=\"elementor-element elementor-element-21312bbd elementor-widget elementor-widget-heading\" data-id=\"21312bbd\" data-element_type=\"widget\" data-e-type=\"widget\" data-widget_type=\"heading.default\">\n\t\t\t\t<div class=\"elementor-widget-container\">\n\t\t\t\t\t<h2 class=\"elementor-heading-title elementor-size-default\">PMCU: Misure di protezione dell'unione coniugale in Svizzera<\/h2>\t\t\t\t<\/div>\n\t\t\t\t<\/div>\n\t\t\t\t<div class=\"elementor-element elementor-element-5a854fa2 elementor-widget-divider--view-line elementor-widget elementor-widget-divider\" data-id=\"5a854fa2\" data-element_type=\"widget\" data-e-type=\"widget\" data-widget_type=\"divider.default\">\n\t\t\t\t<div class=\"elementor-widget-container\">\n\t\t\t\t\t\t\t<div class=\"elementor-divider\">\n\t\t\t<span class=\"elementor-divider-separator\">\n\t\t\t\t\t\t<\/span>\n\t\t<\/div>\n\t\t\t\t\t\t<\/div>\n\t\t\t\t<\/div>\n\t\t\t\t<div class=\"elementor-element elementor-element-6c7d2fb7 elementor-widget elementor-widget-text-editor\" data-id=\"6c7d2fb7\" data-element_type=\"widget\" data-e-type=\"widget\" data-widget_type=\"text-editor.default\">\n\t\t\t\t<div class=\"elementor-widget-container\">\n\t\t\t\t\t\t\t\t\t<div class=\"flex-1 overflow-hidden\"><div class=\"react-scroll-to-bottom--css-qfmvk-79elbk h-full\"><div class=\"react-scroll-to-bottom--css-qfmvk-1n7m0yu\"><div class=\"flex flex-col text-sm pb-9\"><div class=\"w-full text-token-text-primary\" dir=\"auto\" data-testid=\"conversation-turn-9\" data-scroll-anchor=\"true\"><div class=\"py-2 juice:py-[18px] px-3 text-base md:px-4 m-auto md:px-5 lg:px-1 xl:px-5\"><div class=\"mx-auto flex flex-1 gap-3 text-base juice:gap-4 juice:md:gap-6 md:max-w-3xl lg:max-w-[40rem] xl:max-w-[48rem]\"><div class=\"group\/conversation-turn relative flex w-full min-w-0 flex-col agent-turn\"><div class=\"flex-col gap-1 md:gap-3\"><div class=\"flex flex-grow flex-col max-w-full\"><div class=\"min-h-[20px] text-message flex flex-col items-start whitespace-pre-wrap break-words [.text-message+&amp;]:mt-5 juice:w-full juice:items-end overflow-x-auto gap-2\" dir=\"auto\" data-message-author-role=\"assistant\" data-message-id=\"b2448901-1183-42e8-a325-84148e37b8e8\"><div class=\"flex w-full flex-col gap-1 juice:empty:hidden juice:first:pt-[3px]\"><div class=\"markdown prose w-full break-words dark:prose-invert dark\"><p>In caso di disaccordo tra i coniugi, non \u00e8 possibile avviare una procedura di divorzio amichevole. In questi casi, la legge impone ai coniugi di osservare un periodo di separazione di due anni. Questo periodo di separazione pu\u00f2 richiedere l&#8217;adozione di misure prima del divorzio.  <\/p><h2>Caso di separazione consensuale<\/h2><p>Nella maggior parte dei casi, per accelerare qualsiasi procedura, la soluzione pi\u00f9 semplice \u00e8 adottare un approccio amichevole. \u00c8 pi\u00f9 facile concordare una soluzione insieme che intraprendere un procedimento giudiziario che pu\u00f2 durare anni e pu\u00f2 anche essere costoso. In una questione che coinvolge due persone sposate, l&#8217;interesse e il benessere dei figli devono essere la priorit\u00e0; pertanto, i genitori devono aspettarsi che un accordo di affidamento condiviso risponda al meglio alle esigenze dei loro figli. Inoltre, devono ricordare che possono sempre chiedere l&#8217;aiuto di consulenti matrimoniali per risolvere i loro conflitti e trovare soluzioni diverse dalla separazione o dal divorzio.   <\/p><h2>Caso di separazione non consensuale  <\/h2><p>Ci sono casi in cui la situazione della coppia non consente un accordo di separazione. Questo accade spesso quando uno dei genitori lascia la casa familiare e abbandona la famiglia. In questo caso, il coniuge rimanente pu\u00f2 presentare una richiesta al giudice affinch\u00e9 decida su questioni urgenti come la pronuncia della separazione. Inoltre, il giudice decider\u00e0 anche sulla sorte della casa familiare, sull&#8217;affidamento e sui diritti di visita.   <\/p><h2>Procedura per l&#8217;avvio di una richiesta di provvedimenti cautelari per l&#8217;unione coniugale (PMCU)  <\/h2><p>Come in tutti i casi che comportano conseguenze legali, \u00e8 consigliabile rivolgersi a un avvocato prima di procedere. Le decisioni derivanti dai provvedimenti di tutela dell&#8217;unione coniugale possono influenzare le procedure future, come ad esempio una richiesta di divorzio unilaterale. \u00c8 importante definire chiaramente la propria richiesta, poich\u00e9 il processo di divorzio, che a volte pu\u00f2 richiedere mesi o addirittura anni, potrebbe vedere l&#8217;applicazione di queste misure prolungarsi oltre i 2 anni. Infine, \u00e8 raro che le questioni risolte nell&#8217;ambito di questi provvedimenti vengano modificate, come ad esempio l&#8217;assegnazione dei diritti di custodia e visita dei figli o l&#8217;assegnazione della casa familiare.   <\/p><h2>Durata dell&#8217;applicazione delle misure di protezione dell&#8217;unione coniugale  <\/h2><p>In una procedura di divorzio, \u00e8 possibile che i due futuri ex coniugi raggiungano un&#8217;impasse. Ci\u00f2 pu\u00f2 essere dovuto a vari motivi, come ad esempio controversie sul principio stesso del divorzio che portano a un rifiuto. In queste situazioni, un periodo di separazione pu\u00f2 richiedere misure di protezione per l&#8217;unione coniugale.  <\/p><h2>Misure di protezione per l&#8217;unione coniugale  <\/h2><p>Questi provvedimenti mirano a risolvere i problemi che derivano dalla separazione a lungo termine dei due genitori. Cercano di trovare soluzioni per quanto riguarda i seguenti elementi: <\/p><ul><li>la potest\u00e0 genitoriale e l&#8217;affidamento dei figli;<\/li><li>contributi finanziari; e<\/li><li>assegnazione di alloggi e arredi.<\/li><\/ul><p>Il procedimento I provvedimenti possono essere richiesti al tribunale del domicilio di uno dei coniugi, unilateralmente o di comune accordo. Si tratta di una procedura scritta che non richiede alcuna forma particolare: \u00e8 sufficiente una semplice lettera per richiedere uno o pi\u00f9 dei provvedimenti elencati negli articoli da 172 a 180 del Codice Civile svizzero. Il giudice competente fissa un&#8217;udienza per ascoltare le parti e cercare di raggiungere un accordo. In alcuni casi possono essere ascoltati anche i figli. I provvedimenti superprovvisori possono anche essere decisi dal tribunale competente, senza rispettare il diritto di essere ascoltati, quando una situazione urgente lo giustifica.    <\/p><h2>Importanza e necessit\u00e0 delle misure di protezione per l&#8217;unione coniugale  <\/h2><p>Le misure di protezione dell&#8217;unione coniugale (PMCU) sono state istituite principalmente per fornire soluzioni ai problemi legati all&#8217;impatto del divorzio sulla vita dei coniugi prima della pronuncia del divorzio. Queste misure mirano a salvaguardare l&#8217;unione coniugale e a garantirne il mantenimento. Entrano in gioco quando i due coniugi devono affrontare controversie, eventi o situazioni che impediscono un divorzio amichevole, ad esempio quando uno dei coniugi contesta i principi e gli accordi del divorzio. Queste misure possono essere adottate ben prima della procedura di divorzio se il giudice le ritiene necessarie. In assenza di una richiesta di modifica o di una domanda di divorzio unilaterale e per tutta la durata del divorzio, questi provvedimenti rimarranno in vigore.    <\/p><\/div><\/div><\/div><\/div><\/div><\/div><\/div><\/div><\/div><\/div><\/div><\/div><\/div>\t\t\t\t\t\t\t\t<\/div>\n\t\t\t\t<\/div>\n\t\t\t\t\t<\/div>\n\t\t<\/div>\n\t\t\t\t\t<\/div>\n\t\t<\/section>\n\t\t\t\t<section class=\"elementor-section elementor-top-section elementor-element elementor-element-2cde4f3a elementor-section-full_width elementor-section-height-min-height elementor-section-items-stretch elementor-section-content-middle elementor-section-height-default\" data-id=\"2cde4f3a\" data-element_type=\"section\" data-e-type=\"section\" data-settings=\"{&quot;background_background&quot;:&quot;classic&quot;}\">\n\t\t\t\t\t\t<div class=\"elementor-container elementor-column-gap-no\">\n\t\t\t\t\t<div class=\"elementor-column elementor-col-50 elementor-top-column elementor-element elementor-element-6cad2394\" data-id=\"6cad2394\" data-element_type=\"column\" data-e-type=\"column\" data-settings=\"{&quot;background_background&quot;:&quot;classic&quot;}\">\n\t\t\t<div class=\"elementor-widget-wrap elementor-element-populated\">\n\t\t\t\t\t\t<div class=\"elementor-element elementor-element-6e8afb40 elementor-widget elementor-widget-spacer\" data-id=\"6e8afb40\" data-element_type=\"widget\" data-e-type=\"widget\" data-widget_type=\"spacer.default\">\n\t\t\t\t<div class=\"elementor-widget-container\">\n\t\t\t\t\t\t\t<div class=\"elementor-spacer\">\n\t\t\t<div class=\"elementor-spacer-inner\"><\/div>\n\t\t<\/div>\n\t\t\t\t\t\t<\/div>\n\t\t\t\t<\/div>\n\t\t\t\t\t<\/div>\n\t\t<\/div>\n\t\t\t\t<div class=\"elementor-column elementor-col-50 elementor-top-column elementor-element elementor-element-1c0ac59f\" data-id=\"1c0ac59f\" data-element_type=\"column\" data-e-type=\"column\" data-settings=\"{&quot;background_background&quot;:&quot;classic&quot;}\">\n\t\t\t<div class=\"elementor-widget-wrap elementor-element-populated\">\n\t\t\t\t\t\t<div class=\"elementor-element elementor-element-b21ef8f elementor-widget elementor-widget-heading\" data-id=\"b21ef8f\" data-element_type=\"widget\" data-e-type=\"widget\" data-widget_type=\"heading.default\">\n\t\t\t\t<div class=\"elementor-widget-container\">\n\t\t\t\t\t<p class=\"elementor-heading-title elementor-size-default\">Consultazione iniziale  <\/p>\t\t\t\t<\/div>\n\t\t\t\t<\/div>\n\t\t\t\t<div class=\"elementor-element elementor-element-38f45307 elementor-widget elementor-widget-heading\" data-id=\"38f45307\" data-element_type=\"widget\" data-e-type=\"widget\" data-widget_type=\"heading.default\">\n\t\t\t\t<div class=\"elementor-widget-container\">\n\t\t\t\t\t<p class=\"elementor-heading-title elementor-size-default\">da 60 min a CHF 220,00<\/p>\t\t\t\t<\/div>\n\t\t\t\t<\/div>\n\t\t\t\t<div class=\"elementor-element elementor-element-49b93af1 elementor-widget elementor-widget-text-editor\" data-id=\"49b93af1\" data-element_type=\"widget\" data-e-type=\"widget\" data-widget_type=\"text-editor.default\">\n\t\t\t\t<div class=\"elementor-widget-container\">\n\t\t\t\t\t\t\t\t\tDiscuti la tua situazione con un avvocato specializzato in Svizzera.\n\t\t\t\t\t\t\t\t<\/div>\n\t\t\t\t<\/div>\n\t\t\t\t<div class=\"elementor-element elementor-element-3652ea63 elementor-widget-divider--view-line elementor-widget elementor-widget-divider\" data-id=\"3652ea63\" data-element_type=\"widget\" data-e-type=\"widget\" data-widget_type=\"divider.default\">\n\t\t\t\t<div class=\"elementor-widget-container\">\n\t\t\t\t\t\t\t<div class=\"elementor-divider\">\n\t\t\t<span class=\"elementor-divider-separator\">\n\t\t\t\t\t\t<\/span>\n\t\t<\/div>\n\t\t\t\t\t\t<\/div>\n\t\t\t\t<\/div>\n\t\t\t\t<div class=\"elementor-element elementor-element-758ccd31 elementor-widget elementor-widget-text-editor\" data-id=\"758ccd31\" data-element_type=\"widget\" data-e-type=\"widget\" data-widget_type=\"text-editor.default\">\n\t\t\t\t<div class=\"elementor-widget-container\">\n\t\t\t\t\t\t\t\t\t<p>Stai cercando un appuntamento solo per fare qualche domanda?<br>Non sei sicuro delle procedure che vuoi intraprendere?<br>La tua situazione non \u00e8 chiara?<\/p><p><strong>Opta per una prima consultazione con un avvocato a Ginevra.<\/strong><\/p><p>Deciderai quindi se procedere e i nostri avvocati ti indicheranno il costo della procedura in base al tuo caso. Appuntamenti disponibili di persona o in videoconferenza. <strong><br><\/strong><\/p>\t\t\t\t\t\t\t\t<\/div>\n\t\t\t\t<\/div>\n\t\t\t\t<div class=\"elementor-element elementor-element-2f2fe2b elementor-align-center elementor-widget elementor-widget-button\" data-id=\"2f2fe2b\" data-element_type=\"widget\" data-e-type=\"widget\" data-widget_type=\"button.default\">\n\t\t\t\t<div class=\"elementor-widget-container\">\n\t\t\t\t\t\t\t\t\t<div class=\"elementor-button-wrapper\">\n\t\t\t\t\t<a class=\"elementor-button elementor-button-link elementor-size-sm\" href=\"https:\/\/www.geneva-lawyers.com\/it\/contatto\/\">\n\t\t\t\t\t\t<span class=\"elementor-button-content-wrapper\">\n\t\t\t\t\t\t\t\t\t<span class=\"elementor-button-text\">Prendi un appuntamento con un avvocato<\/span>\n\t\t\t\t\t<\/span>\n\t\t\t\t\t<\/a>\n\t\t\t\t<\/div>\n\t\t\t\t\t\t\t\t<\/div>\n\t\t\t\t<\/div>\n\t\t\t\t\t<\/div>\n\t\t<\/div>\n\t\t\t\t\t<\/div>\n\t\t<\/section>\n\t\t\t\t<\/div>\n\t\t","protected":false},"excerpt":{"rendered":"<p>Fissa un appuntamento con un avvocato PMCU: Misure di protezione dell&#8217;unione coniugale in Svizzera In caso di disaccordo tra i coniugi, non \u00e8 possibile avviare una procedura di divorzio amichevole. In questi casi, la legge impone ai coniugi di osservare un periodo di separazione di due anni. Questo periodo di separazione pu\u00f2 richiedere l&#8217;adozione di &#8230; <a title=\"Misure di protezione per l&#8217;unione coniugale (PMCU)\" class=\"read-more\" href=\"https:\/\/www.geneva-lawyers.com\/it\/misure-protezione-unione-coniugale-pmcu\/\" aria-label=\"Per saperne di pi\u00f9 su Misure di protezione per l&#8217;unione coniugale (PMCU)\">Leggi tutto<\/a><\/p>\n","protected":false},"author":1,"featured_media":0,"parent":0,"menu_order":0,"comment_status":"closed","ping_status":"closed","template":"elementor_header_footer","meta":{"_acf_changed":false,"_seopress_robots_primary_cat":"","_seopress_titles_title":"","_seopress_titles_desc":"","_seopress_robots_index":"","footnotes":""},"class_list":["post-30717","page","type-page","status-publish"],"acf":[],"_links":{"self":[{"href":"https:\/\/www.geneva-lawyers.com\/it\/wp-json\/wp\/v2\/pages\/30717","targetHints":{"allow":["GET"]}}],"collection":[{"href":"https:\/\/www.geneva-lawyers.com\/it\/wp-json\/wp\/v2\/pages"}],"about":[{"href":"https:\/\/www.geneva-lawyers.com\/it\/wp-json\/wp\/v2\/types\/page"}],"author":[{"embeddable":true,"href":"https:\/\/www.geneva-lawyers.com\/it\/wp-json\/wp\/v2\/users\/1"}],"replies":[{"embeddable":true,"href":"https:\/\/www.geneva-lawyers.com\/it\/wp-json\/wp\/v2\/comments?post=30717"}],"version-history":[{"count":6,"href":"https:\/\/www.geneva-lawyers.com\/it\/wp-json\/wp\/v2\/pages\/30717\/revisions"}],"predecessor-version":[{"id":34017,"href":"https:\/\/www.geneva-lawyers.com\/it\/wp-json\/wp\/v2\/pages\/30717\/revisions\/34017"}],"wp:attachment":[{"href":"https:\/\/www.geneva-lawyers.com\/it\/wp-json\/wp\/v2\/media?parent=30717"}],"curies":[{"name":"wp","href":"https:\/\/api.w.org\/{rel}","templated":true}]}}