{"id":30733,"date":"2024-05-16T14:55:46","date_gmt":"2024-05-16T12:55:46","guid":{"rendered":"https:\/\/www.geneva-lawyers.com\/divorzio-consensuale\/"},"modified":"2025-04-14T15:39:25","modified_gmt":"2025-04-14T13:39:25","slug":"divorzio-consensuale","status":"publish","type":"page","link":"https:\/\/www.geneva-lawyers.com\/it\/divorzio-consensuale\/","title":{"rendered":"Divorzio consensuale"},"content":{"rendered":"\t\t<div data-elementor-type=\"wp-page\" data-elementor-id=\"30733\" class=\"elementor elementor-30733 elementor-28918\" data-elementor-post-type=\"page\">\n\t\t\t\t\t\t<section class=\"elementor-section elementor-top-section elementor-element elementor-element-1d5051a4 elementor-section-boxed elementor-section-height-default elementor-section-height-default\" data-id=\"1d5051a4\" data-element_type=\"section\" data-e-type=\"section\" data-settings=\"{&quot;background_background&quot;:&quot;classic&quot;}\">\n\t\t\t\t\t\t\t<div class=\"elementor-background-overlay\"><\/div>\n\t\t\t\t\t\t\t<div class=\"elementor-container elementor-column-gap-default\">\n\t\t\t\t\t<div class=\"elementor-column elementor-col-100 elementor-top-column elementor-element elementor-element-175848be\" data-id=\"175848be\" data-element_type=\"column\" data-e-type=\"column\">\n\t\t\t<div class=\"elementor-widget-wrap elementor-element-populated\">\n\t\t\t\t\t\t<div class=\"elementor-element elementor-element-188f1b68 elementor-widget-divider--view-line elementor-widget elementor-widget-divider\" data-id=\"188f1b68\" data-element_type=\"widget\" data-e-type=\"widget\" data-widget_type=\"divider.default\">\n\t\t\t\t<div class=\"elementor-widget-container\">\n\t\t\t\t\t\t\t<div class=\"elementor-divider\">\n\t\t\t<span class=\"elementor-divider-separator\">\n\t\t\t\t\t\t<\/span>\n\t\t<\/div>\n\t\t\t\t\t\t<\/div>\n\t\t\t\t<\/div>\n\t\t\t\t<div class=\"elementor-element elementor-element-35878c5e elementor-align-center elementor-widget elementor-widget-button\" data-id=\"35878c5e\" data-element_type=\"widget\" data-e-type=\"widget\" data-widget_type=\"button.default\">\n\t\t\t\t<div class=\"elementor-widget-container\">\n\t\t\t\t\t\t\t\t\t<div class=\"elementor-button-wrapper\">\n\t\t\t\t\t<a class=\"elementor-button elementor-button-link elementor-size-sm\" href=\"https:\/\/www.geneva-lawyers.com\/it\/contatto\/\">\n\t\t\t\t\t\t<span class=\"elementor-button-content-wrapper\">\n\t\t\t\t\t\t\t\t\t<span class=\"elementor-button-text\">Fissa un appuntamento con un avvocato<\/span>\n\t\t\t\t\t<\/span>\n\t\t\t\t\t<\/a>\n\t\t\t\t<\/div>\n\t\t\t\t\t\t\t\t<\/div>\n\t\t\t\t<\/div>\n\t\t\t\t\t<\/div>\n\t\t<\/div>\n\t\t\t\t\t<\/div>\n\t\t<\/section>\n\t\t\t\t<section class=\"elementor-section elementor-top-section elementor-element elementor-element-34b4fe07 elementor-section-boxed elementor-section-height-default elementor-section-height-default\" data-id=\"34b4fe07\" data-element_type=\"section\" data-e-type=\"section\">\n\t\t\t\t\t\t<div class=\"elementor-container elementor-column-gap-default\">\n\t\t\t\t\t<div class=\"elementor-column elementor-col-100 elementor-top-column elementor-element elementor-element-51d735d7\" data-id=\"51d735d7\" data-element_type=\"column\" data-e-type=\"column\">\n\t\t\t<div class=\"elementor-widget-wrap elementor-element-populated\">\n\t\t\t\t\t\t<div class=\"elementor-element elementor-element-1040e4e3 elementor-widget elementor-widget-heading\" data-id=\"1040e4e3\" data-element_type=\"widget\" data-e-type=\"widget\" data-widget_type=\"heading.default\">\n\t\t\t\t<div class=\"elementor-widget-container\">\n\t\t\t\t\t<h2 class=\"elementor-heading-title elementor-size-default\">Avvocato divorzista amichevole in Svizzera<\/h2>\t\t\t\t<\/div>\n\t\t\t\t<\/div>\n\t\t\t\t<div class=\"elementor-element elementor-element-65d696f5 elementor-widget-divider--view-line elementor-widget elementor-widget-divider\" data-id=\"65d696f5\" data-element_type=\"widget\" data-e-type=\"widget\" data-widget_type=\"divider.default\">\n\t\t\t\t<div class=\"elementor-widget-container\">\n\t\t\t\t\t\t\t<div class=\"elementor-divider\">\n\t\t\t<span class=\"elementor-divider-separator\">\n\t\t\t\t\t\t<\/span>\n\t\t<\/div>\n\t\t\t\t\t\t<\/div>\n\t\t\t\t<\/div>\n\t\t\t\t<div class=\"elementor-element elementor-element-22593fc4 elementor-widget elementor-widget-text-editor\" data-id=\"22593fc4\" data-element_type=\"widget\" data-e-type=\"widget\" data-widget_type=\"text-editor.default\">\n\t\t\t\t<div class=\"elementor-widget-container\">\n\t\t\t\t\t\t\t\t\t<p>Il divorzio consensuale \u00e8 il metodo pi\u00f9 richiesto in Svizzera. Questa popolarit\u00e0 \u00e8 probabilmente dovuta al risparmio di tempo e ai notevoli vantaggi economici per i coniugi che desiderano divorziare, dato che le procedure di divorzio unilaterale sono costose e lunghe. Anche il divorzio consensuale spesso rispecchia la situazione reale: i coniugi sono d&#8217;accordo a divorziare; si tratta quindi di verificare se c&#8217;\u00e8 un accordo totale su tutti i termini relativi al divorzio. Di seguito sono disponibili ulteriori spiegazioni in merito.   <\/p><h2>Vantaggi di un processo di divorzio amichevole in Svizzera<\/h2><p>Il divorzio con istanza congiunta \u00e8 un processo di cessazione del regime matrimoniale in cui la maggior parte, se non tutte, le procedure e i termini sono decisi e concordati dai coniugi stessi. Con l&#8217;eventuale aiuto di un avvocato nominato congiuntamente, i due coniugi decidono insieme le modalit\u00e0: <\/p><ul><li>Liquidare i loro beni (appartamento, casa, auto, conti bancari, ecc.),<\/li><li>Assegnazione della casa familiare,<\/li><li>Dividere i loro piani pensionistici professionali,<\/li><li>concedere gli alimenti e<\/li><li>Organizzare l&#8217;affidamento dei figli.<\/li><\/ul><p>Il divorzio consensuale ha anche il vantaggio della semplicit\u00e0: niente controversie, niente misure di protezione dell&#8217;unione coniugale (MPUC), niente udienze conflittuali e nessuna interferenza da parte di esperti esterni. Semplicit\u00e0 significa anche risparmio, soprattutto per quanto riguarda le spese legali. Un processo di divorzio amichevole pu\u00f2 essere intrapreso anche senza l&#8217;assistenza di un avvocato in caso di accordo totale o anche parziale, se i coniugi sono in grado di redigere o completare un modello esistente di accordo di divorzio e di istanza al tribunale. \u00c8 importante sottolineare che non \u00e8 obbligatorio essere separati per un periodo di due anni prima di ottenere il divorzio consensuale. Infatti, in caso di disaccordo sul principio del divorzio, una separazione di almeno due anni \u00e8 una condizione obbligatoria affinch\u00e9 uno dei due coniugi possa presentare una domanda di divorzio unilaterale. Questa condizione non deve essere soddisfatta se i coniugi acconsentono al divorzio.     <\/p><h2>Divorzio amichevole con accordo completo in Svizzera<\/h2><p>In una procedura di divorzio amichevole, sono i futuri ex coniugi a concordare i termini del loro divorzio. In questo contesto, possono essere d&#8217;accordo su tutti i termini del divorzio, il che \u00e8 noto come divorzio amichevole con accordo completo. I termini del divorzio includono principalmente:  <\/p><ul><li>Disposizioni per l&#8217;affidamento dei figli,<\/li><li>Assegnazione della casa familiare a uno dei due coniugi,<\/li><li>Liquidazione dei beni dei coniugi, tra cui conti bancari, piani pensionistici professionali, veicoli, beni immobili, mobili, ecc.<\/li><li>La parte di alimenti assegnata a uno dei due coniugi. Questi termini, comunemente chiamati effetti accessori del divorzio, sono dettagliati in un accordo di divorzio che viene presentato al tribunale per la ratifica in una richiesta di divorzio congiunto. Se i coniugi non riescono ad accordarsi su alcuni dei punti sopra citati, ma sono comunque d&#8217;accordo sul concetto di divorzio, siamo in presenza di un divorzio amichevole con accordo parziale.  <\/li><\/ul><h2>Divorzio amichevole con accordo parziale in Svizzera<\/h2><p>Come indicato in precedenza, il divorzio consensuale con accordo parziale si verifica quando gli ex coniugi accettano di divorziare ma non sono d&#8217;accordo su alcuni effetti accessori, come l&#8217;ammontare degli alimenti o l&#8217;assegnazione della casa familiare o le modalit\u00e0 di affidamento dei figli. Spetta quindi al giudice decidere le modalit\u00e0 su cui i coniugi non sono d&#8217;accordo. Il giudice emetter\u00e0 una sentenza sulla base dei documenti forniti nell&#8217;accordo di divorzio e nella richiesta di divorzio, oltre che a seguito di una o pi\u00f9 udienze ed eventualmente del coinvolgimento di esperti.  <\/p>\t\t\t\t\t\t\t\t<\/div>\n\t\t\t\t<\/div>\n\t\t\t\t\t<\/div>\n\t\t<\/div>\n\t\t\t\t\t<\/div>\n\t\t<\/section>\n\t\t\t\t<section class=\"elementor-section elementor-top-section elementor-element elementor-element-a7c821c elementor-section-full_width elementor-section-height-min-height elementor-section-items-stretch elementor-section-content-middle elementor-section-height-default\" data-id=\"a7c821c\" data-element_type=\"section\" data-e-type=\"section\" data-settings=\"{&quot;background_background&quot;:&quot;classic&quot;}\">\n\t\t\t\t\t\t<div class=\"elementor-container elementor-column-gap-no\">\n\t\t\t\t\t<div class=\"elementor-column elementor-col-50 elementor-top-column elementor-element elementor-element-40ad4e9\" data-id=\"40ad4e9\" data-element_type=\"column\" data-e-type=\"column\" data-settings=\"{&quot;background_background&quot;:&quot;classic&quot;}\">\n\t\t\t<div class=\"elementor-widget-wrap elementor-element-populated\">\n\t\t\t\t\t\t<div class=\"elementor-element elementor-element-6cefe18f elementor-widget elementor-widget-spacer\" data-id=\"6cefe18f\" data-element_type=\"widget\" data-e-type=\"widget\" data-widget_type=\"spacer.default\">\n\t\t\t\t<div class=\"elementor-widget-container\">\n\t\t\t\t\t\t\t<div class=\"elementor-spacer\">\n\t\t\t<div class=\"elementor-spacer-inner\"><\/div>\n\t\t<\/div>\n\t\t\t\t\t\t<\/div>\n\t\t\t\t<\/div>\n\t\t\t\t\t<\/div>\n\t\t<\/div>\n\t\t\t\t<div class=\"elementor-column elementor-col-50 elementor-top-column elementor-element elementor-element-7990fd6b\" data-id=\"7990fd6b\" data-element_type=\"column\" data-e-type=\"column\" data-settings=\"{&quot;background_background&quot;:&quot;classic&quot;}\">\n\t\t\t<div class=\"elementor-widget-wrap elementor-element-populated\">\n\t\t\t\t\t\t<div class=\"elementor-element elementor-element-4740cd55 elementor-widget elementor-widget-heading\" data-id=\"4740cd55\" data-element_type=\"widget\" data-e-type=\"widget\" data-widget_type=\"heading.default\">\n\t\t\t\t<div class=\"elementor-widget-container\">\n\t\t\t\t\t<p class=\"elementor-heading-title elementor-size-default\">Consultazione iniziale  <\/p>\t\t\t\t<\/div>\n\t\t\t\t<\/div>\n\t\t\t\t<div class=\"elementor-element elementor-element-5f5c55a4 elementor-widget elementor-widget-heading\" data-id=\"5f5c55a4\" data-element_type=\"widget\" data-e-type=\"widget\" data-widget_type=\"heading.default\">\n\t\t\t\t<div class=\"elementor-widget-container\">\n\t\t\t\t\t<p class=\"elementor-heading-title elementor-size-default\">da 60 min a CHF 220,00<\/p>\t\t\t\t<\/div>\n\t\t\t\t<\/div>\n\t\t\t\t<div class=\"elementor-element elementor-element-14af7d83 elementor-widget elementor-widget-text-editor\" data-id=\"14af7d83\" data-element_type=\"widget\" data-e-type=\"widget\" data-widget_type=\"text-editor.default\">\n\t\t\t\t<div class=\"elementor-widget-container\">\n\t\t\t\t\t\t\t\t\tDiscuti la tua situazione con un avvocato specializzato in Svizzera.\n\t\t\t\t\t\t\t\t<\/div>\n\t\t\t\t<\/div>\n\t\t\t\t<div class=\"elementor-element elementor-element-5cd1a0aa elementor-widget-divider--view-line elementor-widget elementor-widget-divider\" data-id=\"5cd1a0aa\" data-element_type=\"widget\" data-e-type=\"widget\" data-widget_type=\"divider.default\">\n\t\t\t\t<div class=\"elementor-widget-container\">\n\t\t\t\t\t\t\t<div class=\"elementor-divider\">\n\t\t\t<span class=\"elementor-divider-separator\">\n\t\t\t\t\t\t<\/span>\n\t\t<\/div>\n\t\t\t\t\t\t<\/div>\n\t\t\t\t<\/div>\n\t\t\t\t<div class=\"elementor-element elementor-element-7f0b2e8d elementor-widget elementor-widget-text-editor\" data-id=\"7f0b2e8d\" data-element_type=\"widget\" data-e-type=\"widget\" data-widget_type=\"text-editor.default\">\n\t\t\t\t<div class=\"elementor-widget-container\">\n\t\t\t\t\t\t\t\t\t<p>Stai cercando un appuntamento solo per fare qualche domanda?<br>Non sei sicuro delle procedure che vuoi intraprendere?<br>La tua situazione non \u00e8 chiara?<\/p><p><strong>Opta per una prima consultazione con un avvocato a Ginevra.<\/strong><\/p><p>Deciderai quindi se procedere e i nostri avvocati ti indicheranno il costo della procedura in base al tuo caso. Appuntamenti disponibili di persona o in videoconferenza. <strong><br><\/strong><\/p>\t\t\t\t\t\t\t\t<\/div>\n\t\t\t\t<\/div>\n\t\t\t\t<div class=\"elementor-element elementor-element-30e2b35 elementor-align-center elementor-widget elementor-widget-button\" data-id=\"30e2b35\" data-element_type=\"widget\" data-e-type=\"widget\" data-widget_type=\"button.default\">\n\t\t\t\t<div class=\"elementor-widget-container\">\n\t\t\t\t\t\t\t\t\t<div class=\"elementor-button-wrapper\">\n\t\t\t\t\t<a class=\"elementor-button elementor-button-link elementor-size-sm\" href=\"https:\/\/www.geneva-lawyers.com\/it\/contatto\/\">\n\t\t\t\t\t\t<span class=\"elementor-button-content-wrapper\">\n\t\t\t\t\t\t\t\t\t<span class=\"elementor-button-text\">Prendi un appuntamento con un avvocato<\/span>\n\t\t\t\t\t<\/span>\n\t\t\t\t\t<\/a>\n\t\t\t\t<\/div>\n\t\t\t\t\t\t\t\t<\/div>\n\t\t\t\t<\/div>\n\t\t\t\t\t<\/div>\n\t\t<\/div>\n\t\t\t\t\t<\/div>\n\t\t<\/section>\n\t\t\t\t<\/div>\n\t\t","protected":false},"excerpt":{"rendered":"<p>Fissa un appuntamento con un avvocato Avvocato divorzista amichevole in Svizzera Il divorzio consensuale \u00e8 il metodo pi\u00f9 richiesto in Svizzera. Questa popolarit\u00e0 \u00e8 probabilmente dovuta al risparmio di tempo e ai notevoli vantaggi economici per i coniugi che desiderano divorziare, dato che le procedure di divorzio unilaterale sono costose e lunghe. Anche il divorzio &#8230; <a title=\"Divorzio consensuale\" class=\"read-more\" href=\"https:\/\/www.geneva-lawyers.com\/it\/divorzio-consensuale\/\" aria-label=\"Per saperne di pi\u00f9 su Divorzio consensuale\">Leggi tutto<\/a><\/p>\n","protected":false},"author":1,"featured_media":0,"parent":0,"menu_order":0,"comment_status":"closed","ping_status":"closed","template":"elementor_header_footer","meta":{"_acf_changed":false,"_seopress_robots_primary_cat":"","_seopress_titles_title":"","_seopress_titles_desc":"","_seopress_robots_index":"","footnotes":""},"class_list":["post-30733","page","type-page","status-publish"],"acf":[],"_links":{"self":[{"href":"https:\/\/www.geneva-lawyers.com\/it\/wp-json\/wp\/v2\/pages\/30733","targetHints":{"allow":["GET"]}}],"collection":[{"href":"https:\/\/www.geneva-lawyers.com\/it\/wp-json\/wp\/v2\/pages"}],"about":[{"href":"https:\/\/www.geneva-lawyers.com\/it\/wp-json\/wp\/v2\/types\/page"}],"author":[{"embeddable":true,"href":"https:\/\/www.geneva-lawyers.com\/it\/wp-json\/wp\/v2\/users\/1"}],"replies":[{"embeddable":true,"href":"https:\/\/www.geneva-lawyers.com\/it\/wp-json\/wp\/v2\/comments?post=30733"}],"version-history":[{"count":6,"href":"https:\/\/www.geneva-lawyers.com\/it\/wp-json\/wp\/v2\/pages\/30733\/revisions"}],"predecessor-version":[{"id":33950,"href":"https:\/\/www.geneva-lawyers.com\/it\/wp-json\/wp\/v2\/pages\/30733\/revisions\/33950"}],"wp:attachment":[{"href":"https:\/\/www.geneva-lawyers.com\/it\/wp-json\/wp\/v2\/media?parent=30733"}],"curies":[{"name":"wp","href":"https:\/\/api.w.org\/{rel}","templated":true}]}}