{"id":30741,"date":"2024-05-16T14:23:10","date_gmt":"2024-05-16T12:23:10","guid":{"rendered":"https:\/\/www.geneva-lawyers.com\/avvocato-divorzista-in-svizzera\/"},"modified":"2025-04-14T15:55:41","modified_gmt":"2025-04-14T13:55:41","slug":"avvocato-divorzista-svizzera","status":"publish","type":"page","link":"https:\/\/www.geneva-lawyers.com\/it\/avvocato-divorzista-svizzera\/","title":{"rendered":"Avvocato Divorzista in Svizzera"},"content":{"rendered":"\t\t<div data-elementor-type=\"wp-page\" data-elementor-id=\"30741\" class=\"elementor elementor-30741 elementor-28889\" data-elementor-post-type=\"page\">\n\t\t\t\t\t\t<section class=\"elementor-section elementor-top-section elementor-element elementor-element-5beea16d elementor-section-boxed elementor-section-height-default elementor-section-height-default\" data-id=\"5beea16d\" data-element_type=\"section\" data-e-type=\"section\" data-settings=\"{&quot;background_background&quot;:&quot;classic&quot;}\">\n\t\t\t\t\t\t\t<div class=\"elementor-background-overlay\"><\/div>\n\t\t\t\t\t\t\t<div class=\"elementor-container elementor-column-gap-default\">\n\t\t\t\t\t<div class=\"elementor-column elementor-col-100 elementor-top-column elementor-element elementor-element-5dfa7bf6\" data-id=\"5dfa7bf6\" data-element_type=\"column\" data-e-type=\"column\">\n\t\t\t<div class=\"elementor-widget-wrap elementor-element-populated\">\n\t\t\t\t\t\t<div class=\"elementor-element elementor-element-5638c3d3 elementor-widget-divider--view-line elementor-widget elementor-widget-divider\" data-id=\"5638c3d3\" data-element_type=\"widget\" data-e-type=\"widget\" data-widget_type=\"divider.default\">\n\t\t\t\t<div class=\"elementor-widget-container\">\n\t\t\t\t\t\t\t<div class=\"elementor-divider\">\n\t\t\t<span class=\"elementor-divider-separator\">\n\t\t\t\t\t\t<\/span>\n\t\t<\/div>\n\t\t\t\t\t\t<\/div>\n\t\t\t\t<\/div>\n\t\t\t\t<div class=\"elementor-element elementor-element-1ccef25f elementor-align-center elementor-widget elementor-widget-button\" data-id=\"1ccef25f\" data-element_type=\"widget\" data-e-type=\"widget\" data-widget_type=\"button.default\">\n\t\t\t\t<div class=\"elementor-widget-container\">\n\t\t\t\t\t\t\t\t\t<div class=\"elementor-button-wrapper\">\n\t\t\t\t\t<a class=\"elementor-button elementor-button-link elementor-size-sm\" href=\"https:\/\/www.geneva-lawyers.com\/it\/contatto\/\">\n\t\t\t\t\t\t<span class=\"elementor-button-content-wrapper\">\n\t\t\t\t\t\t\t\t\t<span class=\"elementor-button-text\">Fissa un appuntamento con un avvocato<\/span>\n\t\t\t\t\t<\/span>\n\t\t\t\t\t<\/a>\n\t\t\t\t<\/div>\n\t\t\t\t\t\t\t\t<\/div>\n\t\t\t\t<\/div>\n\t\t\t\t\t<\/div>\n\t\t<\/div>\n\t\t\t\t\t<\/div>\n\t\t<\/section>\n\t\t\t\t<section class=\"elementor-section elementor-top-section elementor-element elementor-element-2509fb80 elementor-section-boxed elementor-section-height-default elementor-section-height-default\" data-id=\"2509fb80\" data-element_type=\"section\" data-e-type=\"section\">\n\t\t\t\t\t\t<div class=\"elementor-container elementor-column-gap-default\">\n\t\t\t\t\t<div class=\"elementor-column elementor-col-100 elementor-top-column elementor-element elementor-element-34475fdb\" data-id=\"34475fdb\" data-element_type=\"column\" data-e-type=\"column\">\n\t\t\t<div class=\"elementor-widget-wrap elementor-element-populated\">\n\t\t\t\t\t\t<div class=\"elementor-element elementor-element-608d5c7f elementor-widget elementor-widget-heading\" data-id=\"608d5c7f\" data-element_type=\"widget\" data-e-type=\"widget\" data-widget_type=\"heading.default\">\n\t\t\t\t<div class=\"elementor-widget-container\">\n\t\t\t\t\t<h2 class=\"elementor-heading-title elementor-size-default\">Avvocato divorzista a Ginevra\n<\/h2>\t\t\t\t<\/div>\n\t\t\t\t<\/div>\n\t\t\t\t<div class=\"elementor-element elementor-element-577ce6c1 elementor-widget-divider--view-line elementor-widget elementor-widget-divider\" data-id=\"577ce6c1\" data-element_type=\"widget\" data-e-type=\"widget\" data-widget_type=\"divider.default\">\n\t\t\t\t<div class=\"elementor-widget-container\">\n\t\t\t\t\t\t\t<div class=\"elementor-divider\">\n\t\t\t<span class=\"elementor-divider-separator\">\n\t\t\t\t\t\t<\/span>\n\t\t<\/div>\n\t\t\t\t\t\t<\/div>\n\t\t\t\t<\/div>\n\t\t\t\t<div class=\"elementor-element elementor-element-749aed5b elementor-widget elementor-widget-text-editor\" data-id=\"749aed5b\" data-element_type=\"widget\" data-e-type=\"widget\" data-widget_type=\"text-editor.default\">\n\t\t\t\t<div class=\"elementor-widget-container\">\n\t\t\t\t\t\t\t\t\t<p>Se hai bisogno di un avvocato specializzato che ti assista nel divorzio, nella separazione o nello scioglimento dell&#8217;unione registrata, non esitare a contattarci per avere al pi\u00f9 presto una consulenza con uno dei nostri avvocati.<\/p><p>Non forniamo documenti standard. Al contrario, un avvocato ti assister\u00e0 dall&#8217;inizio alla fine del procedimento. Ti incontreremo e ti accompagneremo personalmente durante tutto il processo di divorzio, separazione o scioglimento dell&#8217;unione registrata, rimanendo a tua completa disposizione.  <\/p><h3>Divorzio in Svizzera<\/h3><p>La maggior parte dei divorzi in Svizzera avviene per mutuo consenso, concordato tra i coniugi. Tuttavia, esistono anche divorzi conflittuali basati su richieste unilaterali. <\/p><p>In breve:<\/p><ul><li>Dall&#8217;introduzione della nuova legge svizzera sul divorzio il 1\u00b0 gennaio 2000, il concetto di colpa nel divorzio non esiste pi\u00f9. Pertanto, cercare di determinare chi sia il colpevole del divorzio o chi abbia causato la separazione non ha alcun impatto legale. <\/li><li>La stima e la definizione dei contributi post-divorzio saranno stabilite dal tribunale. Un avvocato specializzato pu\u00f2 assisterti nel calcolo del contributo di mantenimento. <\/li><li>La potest\u00e0 sui figli sar\u00e0 concessa dal giudice. Lo stesso vale per la determinazione della residenza coniugale, che avviene secondo uno standard sviluppato dalle autorit\u00e0 competenti. Questa decisione garantisce il benessere e lo sviluppo dei bambini.  <\/li><li>I divorzi conflittuali, in cui \u00e8 difficile raggiungere un accordo, possono essere molto costosi. Infatti, quando una coppia non riesce a trovare un accordo su nulla, il processo pu\u00f2 durare mesi o addirittura anni, danneggiando ulteriormente i figli che non solo devono affrontare la separazione dei genitori ma anche assistere al loro continuo conflitto. Prima di intraprendere una procedura cos\u00ec dolorosa, \u00e8 fondamentale chiedersi: \u00e8 davvero necessario vincere contro il tuo ex coniuge a costo di un potenziale trauma per tutta la vita dei tuoi figli?  <\/li><li>Optare per un divorzio amichevole permette alla coppia di evitare di esporre al pubblico gli aspetti pi\u00f9 oscuri della loro vita in comune e di evitare di esacerbare la situazione con insulti.  <\/li><li>Il divorzio amichevole \u00e8 la procedura pi\u00f9 rapida se si desidera porre fine alla propria unione in tempi brevi. Infatti, la sentenza pu\u00f2 essere emessa in un periodo relativamente breve, mentre il divorzio contenzioso richiede che la coppia sia separata da almeno due anni prima di poter avviare la procedura con una richiesta di divorzio unilaterale. <\/li><\/ul><h3>Condizioni per il divorzio in Svizzera:<\/h3><p>Essere una coppia sposata e<br>Uno dei due coniugi deve risiedere in Svizzera, indipendentemente dal fatto che si tratti di cittadini svizzeri o stranieri.<\/p><h2>Misure di protezione dell&#8217;unione coniugale (MPUC)<\/h2><p>Quando i coniugi non sono (ancora) divorziati, sia per motivi puramente personali che per questioni procedurali, come ad esempio in presenza di un divorzio unilaterale che richiede una separazione di due anni, il giudice pu\u00f2 ordinare misure di protezione dell&#8217;unione coniugale, note anche come MPUC, per riequilibrare la situazione della coppia separata.<\/p><p>Lo scopo delle misure di protezione dell&#8217;unione coniugale \u00e8 quello di permettere a una coppia in difficolt\u00e0 di tentare la riconciliazione e\/o di gestire la propria vita quotidiana durante e dopo la separazione.<\/p><p>Se l&#8217;obiettivo primario non viene raggiunto, la funzione MPUC protegge i diritti di uno o di entrambi i coniugi.<\/p><p>\u00c8 possibile chiedere al tribunale competente di ordinare dei provvedimenti anche se la vita comune non \u00e8 sospesa. Questi includono principalmente: <\/p><ul><li>Determinazione del contributo al mantenimento della famiglia;<\/li><li>Determinazione del contributo al coniuge che gestisce la famiglia e\/o i figli; e<\/li><li>Revoca del potere di rappresentare la coppia.<\/li><\/ul><p><br>I provvedimenti richiesti da uno o da entrambi i coniugi e pronunciati dai giudici quando la coppia \u00e8 separata riguardano principalmente:<\/p><ul><li>Custodia dei figli e diritti di visita;<\/li><li>Assegnazione della casa familiare, che in genere viene assegnata al genitore che ha la custodia dei figli;<\/li><li>Contributo agli alimenti per il coniuge; e<\/li><li>Contributo per il mantenimento dei figli.<\/li><\/ul>\t\t\t\t\t\t\t\t<\/div>\n\t\t\t\t<\/div>\n\t\t\t\t\t<\/div>\n\t\t<\/div>\n\t\t\t\t\t<\/div>\n\t\t<\/section>\n\t\t\t\t<section class=\"elementor-section elementor-top-section elementor-element elementor-element-1de092a3 elementor-section-full_width elementor-section-height-min-height elementor-section-items-stretch elementor-section-content-middle elementor-section-height-default\" data-id=\"1de092a3\" data-element_type=\"section\" data-e-type=\"section\" data-settings=\"{&quot;background_background&quot;:&quot;classic&quot;}\">\n\t\t\t\t\t\t<div class=\"elementor-container elementor-column-gap-no\">\n\t\t\t\t\t<div class=\"elementor-column elementor-col-50 elementor-top-column elementor-element elementor-element-420e26ad\" data-id=\"420e26ad\" data-element_type=\"column\" data-e-type=\"column\" data-settings=\"{&quot;background_background&quot;:&quot;classic&quot;}\">\n\t\t\t<div class=\"elementor-widget-wrap elementor-element-populated\">\n\t\t\t\t\t\t<div class=\"elementor-element elementor-element-3d79985c elementor-widget elementor-widget-spacer\" data-id=\"3d79985c\" data-element_type=\"widget\" data-e-type=\"widget\" data-widget_type=\"spacer.default\">\n\t\t\t\t<div class=\"elementor-widget-container\">\n\t\t\t\t\t\t\t<div class=\"elementor-spacer\">\n\t\t\t<div class=\"elementor-spacer-inner\"><\/div>\n\t\t<\/div>\n\t\t\t\t\t\t<\/div>\n\t\t\t\t<\/div>\n\t\t\t\t\t<\/div>\n\t\t<\/div>\n\t\t\t\t<div class=\"elementor-column elementor-col-50 elementor-top-column elementor-element elementor-element-5cbc170\" data-id=\"5cbc170\" data-element_type=\"column\" data-e-type=\"column\" data-settings=\"{&quot;background_background&quot;:&quot;classic&quot;}\">\n\t\t\t<div class=\"elementor-widget-wrap elementor-element-populated\">\n\t\t\t\t\t\t<div class=\"elementor-element elementor-element-304c4075 elementor-widget elementor-widget-heading\" data-id=\"304c4075\" data-element_type=\"widget\" data-e-type=\"widget\" data-widget_type=\"heading.default\">\n\t\t\t\t<div class=\"elementor-widget-container\">\n\t\t\t\t\t<p class=\"elementor-heading-title elementor-size-default\">Consultazione iniziale  <\/p>\t\t\t\t<\/div>\n\t\t\t\t<\/div>\n\t\t\t\t<div class=\"elementor-element elementor-element-7772cf36 elementor-widget elementor-widget-heading\" data-id=\"7772cf36\" data-element_type=\"widget\" data-e-type=\"widget\" data-widget_type=\"heading.default\">\n\t\t\t\t<div class=\"elementor-widget-container\">\n\t\t\t\t\t<p class=\"elementor-heading-title elementor-size-default\">da 60 min a CHF 220,00<\/p>\t\t\t\t<\/div>\n\t\t\t\t<\/div>\n\t\t\t\t<div class=\"elementor-element elementor-element-6cc17fdb elementor-widget elementor-widget-text-editor\" data-id=\"6cc17fdb\" data-element_type=\"widget\" data-e-type=\"widget\" data-widget_type=\"text-editor.default\">\n\t\t\t\t<div class=\"elementor-widget-container\">\n\t\t\t\t\t\t\t\t\tDiscuti la tua situazione con un avvocato specializzato in Svizzera.\n\t\t\t\t\t\t\t\t<\/div>\n\t\t\t\t<\/div>\n\t\t\t\t<div class=\"elementor-element elementor-element-6d1718c1 elementor-widget-divider--view-line elementor-widget elementor-widget-divider\" data-id=\"6d1718c1\" data-element_type=\"widget\" data-e-type=\"widget\" data-widget_type=\"divider.default\">\n\t\t\t\t<div class=\"elementor-widget-container\">\n\t\t\t\t\t\t\t<div class=\"elementor-divider\">\n\t\t\t<span class=\"elementor-divider-separator\">\n\t\t\t\t\t\t<\/span>\n\t\t<\/div>\n\t\t\t\t\t\t<\/div>\n\t\t\t\t<\/div>\n\t\t\t\t<div class=\"elementor-element elementor-element-37eee7a2 elementor-widget elementor-widget-text-editor\" data-id=\"37eee7a2\" data-element_type=\"widget\" data-e-type=\"widget\" data-widget_type=\"text-editor.default\">\n\t\t\t\t<div class=\"elementor-widget-container\">\n\t\t\t\t\t\t\t\t\t<p>Stai cercando un appuntamento solo per fare qualche domanda?<br>Non sei sicuro delle procedure che vuoi intraprendere?<br>La tua situazione non \u00e8 chiara?<\/p><p><strong>Opta per una prima consultazione con un avvocato a Ginevra.<\/strong><\/p><p>Deciderai quindi se procedere e i nostri avvocati ti indicheranno il costo della procedura in base al tuo caso. Appuntamenti disponibili di persona o in videoconferenza. <strong><br><\/strong><\/p>\t\t\t\t\t\t\t\t<\/div>\n\t\t\t\t<\/div>\n\t\t\t\t<div class=\"elementor-element elementor-element-68588aad elementor-align-center elementor-widget elementor-widget-button\" data-id=\"68588aad\" data-element_type=\"widget\" data-e-type=\"widget\" data-widget_type=\"button.default\">\n\t\t\t\t<div class=\"elementor-widget-container\">\n\t\t\t\t\t\t\t\t\t<div class=\"elementor-button-wrapper\">\n\t\t\t\t\t<a class=\"elementor-button elementor-button-link elementor-size-sm\" href=\"https:\/\/www.geneva-lawyers.com\/it\/contatto\/\">\n\t\t\t\t\t\t<span class=\"elementor-button-content-wrapper\">\n\t\t\t\t\t\t\t\t\t<span class=\"elementor-button-text\">Prendi un appuntamento con un avvocato<\/span>\n\t\t\t\t\t<\/span>\n\t\t\t\t\t<\/a>\n\t\t\t\t<\/div>\n\t\t\t\t\t\t\t\t<\/div>\n\t\t\t\t<\/div>\n\t\t\t\t\t<\/div>\n\t\t<\/div>\n\t\t\t\t\t<\/div>\n\t\t<\/section>\n\t\t\t\t<\/div>\n\t\t","protected":false},"excerpt":{"rendered":"<p>Fissa un appuntamento con un avvocato Avvocato divorzista a Ginevra Se hai bisogno di un avvocato specializzato che ti assista nel divorzio, nella separazione o nello scioglimento dell&#8217;unione registrata, non esitare a contattarci per avere al pi\u00f9 presto una consulenza con uno dei nostri avvocati. Non forniamo documenti standard. Al contrario, un avvocato ti assister\u00e0 &#8230; <a title=\"Avvocato Divorzista in Svizzera\" class=\"read-more\" href=\"https:\/\/www.geneva-lawyers.com\/it\/avvocato-divorzista-svizzera\/\" aria-label=\"Per saperne di pi\u00f9 su Avvocato Divorzista in Svizzera\">Leggi tutto<\/a><\/p>\n","protected":false},"author":1,"featured_media":0,"parent":0,"menu_order":0,"comment_status":"closed","ping_status":"closed","template":"elementor_header_footer","meta":{"_acf_changed":false,"_seopress_robots_primary_cat":"","_seopress_titles_title":"","_seopress_titles_desc":"","_seopress_robots_index":"","footnotes":""},"class_list":["post-30741","page","type-page","status-publish"],"acf":[],"_links":{"self":[{"href":"https:\/\/www.geneva-lawyers.com\/it\/wp-json\/wp\/v2\/pages\/30741","targetHints":{"allow":["GET"]}}],"collection":[{"href":"https:\/\/www.geneva-lawyers.com\/it\/wp-json\/wp\/v2\/pages"}],"about":[{"href":"https:\/\/www.geneva-lawyers.com\/it\/wp-json\/wp\/v2\/types\/page"}],"author":[{"embeddable":true,"href":"https:\/\/www.geneva-lawyers.com\/it\/wp-json\/wp\/v2\/users\/1"}],"replies":[{"embeddable":true,"href":"https:\/\/www.geneva-lawyers.com\/it\/wp-json\/wp\/v2\/comments?post=30741"}],"version-history":[{"count":6,"href":"https:\/\/www.geneva-lawyers.com\/it\/wp-json\/wp\/v2\/pages\/30741\/revisions"}],"predecessor-version":[{"id":34067,"href":"https:\/\/www.geneva-lawyers.com\/it\/wp-json\/wp\/v2\/pages\/30741\/revisions\/34067"}],"wp:attachment":[{"href":"https:\/\/www.geneva-lawyers.com\/it\/wp-json\/wp\/v2\/media?parent=30741"}],"curies":[{"name":"wp","href":"https:\/\/api.w.org\/{rel}","templated":true}]}}