{"id":32154,"date":"2024-05-21T15:00:42","date_gmt":"2024-05-21T13:00:42","guid":{"rendered":"https:\/\/www.geneva-lawyers.com\/mediacao-conjugal\/"},"modified":"2025-04-14T15:39:26","modified_gmt":"2025-04-14T13:39:26","slug":"mediacao-conjugal","status":"publish","type":"page","link":"https:\/\/www.geneva-lawyers.com\/pt-pt\/mediacao-conjugal\/","title":{"rendered":"Media\u00e7\u00e3o conjugal"},"content":{"rendered":"\t\t<div data-elementor-type=\"wp-page\" data-elementor-id=\"32154\" class=\"elementor elementor-32154 elementor-29070\" data-elementor-post-type=\"page\">\n\t\t\t\t\t\t<section class=\"elementor-section elementor-top-section elementor-element elementor-element-7e8dd037 elementor-section-boxed elementor-section-height-default elementor-section-height-default\" data-id=\"7e8dd037\" data-element_type=\"section\" data-e-type=\"section\" data-settings=\"{&quot;background_background&quot;:&quot;classic&quot;}\">\n\t\t\t\t\t\t\t<div class=\"elementor-background-overlay\"><\/div>\n\t\t\t\t\t\t\t<div class=\"elementor-container elementor-column-gap-default\">\n\t\t\t\t\t<div class=\"elementor-column elementor-col-100 elementor-top-column elementor-element elementor-element-4b5d8bfb\" data-id=\"4b5d8bfb\" data-element_type=\"column\" data-e-type=\"column\">\n\t\t\t<div class=\"elementor-widget-wrap elementor-element-populated\">\n\t\t\t\t\t\t<div class=\"elementor-element elementor-element-6e08f448 elementor-widget-divider--view-line elementor-widget elementor-widget-divider\" data-id=\"6e08f448\" data-element_type=\"widget\" data-e-type=\"widget\" data-widget_type=\"divider.default\">\n\t\t\t\t<div class=\"elementor-widget-container\">\n\t\t\t\t\t\t\t<div class=\"elementor-divider\">\n\t\t\t<span class=\"elementor-divider-separator\">\n\t\t\t\t\t\t<\/span>\n\t\t<\/div>\n\t\t\t\t\t\t<\/div>\n\t\t\t\t<\/div>\n\t\t\t\t<div class=\"elementor-element elementor-element-7278af82 elementor-align-center elementor-widget elementor-widget-button\" data-id=\"7278af82\" data-element_type=\"widget\" data-e-type=\"widget\" data-widget_type=\"button.default\">\n\t\t\t\t<div class=\"elementor-widget-container\">\n\t\t\t\t\t\t\t\t\t<div class=\"elementor-button-wrapper\">\n\t\t\t\t\t<a class=\"elementor-button elementor-button-link elementor-size-sm\" href=\"https:\/\/www.geneva-lawyers.com\/pt-pt\/contacto\/\">\n\t\t\t\t\t\t<span class=\"elementor-button-content-wrapper\">\n\t\t\t\t\t\t\t\t\t<span class=\"elementor-button-text\">Marca uma consulta com um advogado<\/span>\n\t\t\t\t\t<\/span>\n\t\t\t\t\t<\/a>\n\t\t\t\t<\/div>\n\t\t\t\t\t\t\t\t<\/div>\n\t\t\t\t<\/div>\n\t\t\t\t\t<\/div>\n\t\t<\/div>\n\t\t\t\t\t<\/div>\n\t\t<\/section>\n\t\t\t\t<section class=\"elementor-section elementor-top-section elementor-element elementor-element-c2420b0 elementor-section-boxed elementor-section-height-default elementor-section-height-default\" data-id=\"c2420b0\" data-element_type=\"section\" data-e-type=\"section\">\n\t\t\t\t\t\t<div class=\"elementor-container elementor-column-gap-default\">\n\t\t\t\t\t<div class=\"elementor-column elementor-col-100 elementor-top-column elementor-element elementor-element-5516c59\" data-id=\"5516c59\" data-element_type=\"column\" data-e-type=\"column\">\n\t\t\t<div class=\"elementor-widget-wrap elementor-element-populated\">\n\t\t\t\t\t\t<div class=\"elementor-element elementor-element-4277a926 elementor-widget elementor-widget-heading\" data-id=\"4277a926\" data-element_type=\"widget\" data-e-type=\"widget\" data-widget_type=\"heading.default\">\n\t\t\t\t<div class=\"elementor-widget-container\">\n\t\t\t\t\t<h2 class=\"elementor-heading-title elementor-size-default\">Media\u00e7\u00e3o conjugal na Su\u00ed\u00e7a\n<\/h2>\t\t\t\t<\/div>\n\t\t\t\t<\/div>\n\t\t\t\t<div class=\"elementor-element elementor-element-c7fa5c1 elementor-widget-divider--view-line elementor-widget elementor-widget-divider\" data-id=\"c7fa5c1\" data-element_type=\"widget\" data-e-type=\"widget\" data-widget_type=\"divider.default\">\n\t\t\t\t<div class=\"elementor-widget-container\">\n\t\t\t\t\t\t\t<div class=\"elementor-divider\">\n\t\t\t<span class=\"elementor-divider-separator\">\n\t\t\t\t\t\t<\/span>\n\t\t<\/div>\n\t\t\t\t\t\t<\/div>\n\t\t\t\t<\/div>\n\t\t\t\t<div class=\"elementor-element elementor-element-74cbecdb elementor-widget elementor-widget-text-editor\" data-id=\"74cbecdb\" data-element_type=\"widget\" data-e-type=\"widget\" data-widget_type=\"text-editor.default\">\n\t\t\t\t<div class=\"elementor-widget-container\">\n\t\t\t\t\t\t\t\t\t<h2>Vis\u00e3o geral da media\u00e7\u00e3o conjugal<\/h2><p>A media\u00e7\u00e3o conjugal na Su\u00ed\u00e7a \u00e9 um processo volunt\u00e1rio e confidencial em que um terceiro neutro e imparcial, denominado mediador, ajuda os casais a resolver os seus conflitos e a chegar a um acordo. Este processo pode abordar v\u00e1rios aspectos do casamento, tais como quest\u00f5es financeiras, guarda dos filhos ou divis\u00e3o de bens. <\/p><p>A import\u00e2ncia da media\u00e7\u00e3o na Su\u00ed\u00e7a decorre das reformas judiciais efectuadas nas \u00faltimas d\u00e9cadas com o objetivo de promover m\u00e9todos alternativos de resolu\u00e7\u00e3o de lit\u00edgios, especialmente em quest\u00f5es pessoais e sens\u00edveis como as quest\u00f5es matrimoniais. A media\u00e7\u00e3o foi assim integrada no quadro jur\u00eddico su\u00ed\u00e7o como uma alternativa vi\u00e1vel e muitas vezes preferida \u00e0s longas e dispendiosas batalhas judiciais. <\/p><p>O principal objetivo da media\u00e7\u00e3o \u00e9 proporcionar aos casais uma forma mais humana, eficaz e muitas vezes menos dispendiosa de resolver os seus lit\u00edgios. D\u00e1 \u00eanfase \u00e0 autodetermina\u00e7\u00e3o, permitindo \u00e0s partes controlar o resultado do seu conflito em vez de deixar a decis\u00e3o nas m\u00e3os de um juiz. Esta abordagem pode conduzir a solu\u00e7\u00f5es mais criativas e adaptadas que satisfazem melhor as necessidades e os desejos espec\u00edficos das partes.  <\/p><p>Uma vantagem significativa da media\u00e7\u00e3o em rela\u00e7\u00e3o aos processos judiciais tradicionais \u00e9 a sua natureza n\u00e3o conflituosa. Incentiva a comunica\u00e7\u00e3o e a colabora\u00e7\u00e3o em vez do conflito contradit\u00f3rio, ajudando os casais a manter uma rela\u00e7\u00e3o mais civilizada ap\u00f3s o div\u00f3rcio. Al\u00e9m disso, a confidencialidade do processo garante que os pormenores pessoais e sens\u00edveis permanecem privados.  <\/p><h2>Quadro jur\u00eddico da media\u00e7\u00e3o conjugal na Su\u00ed\u00e7a<\/h2><p>Na Su\u00ed\u00e7a, a media\u00e7\u00e3o conjugal \u00e9 regida por v\u00e1rias leis e regulamentos que definem a sua aplica\u00e7\u00e3o, o seu comportamento e as qualifica\u00e7\u00f5es dos mediadores. A Lei Federal sobre a Media\u00e7\u00e3o em Mat\u00e9ria Civil e Penal (Lm\u00e9d) serve de base principal, estabelecendo as regras e normas para a media\u00e7\u00e3o, especialmente no contexto do direito matrimonial. <\/p><p>A qualifica\u00e7\u00e3o e a certifica\u00e7\u00e3o dos mediadores s\u00e3o elementos essenciais para garantir que os mediadores t\u00eam forma\u00e7\u00e3o adequada e actuam de acordo com princ\u00edpios \u00e9ticos e profissionais. Na Su\u00ed\u00e7a, as organiza\u00e7\u00f5es profissionais oferecem forma\u00e7\u00e3o e certifica\u00e7\u00e3o aos mediadores, garantindo que estes possuem as compet\u00eancias e os conhecimentos necess\u00e1rios para conduzir media\u00e7\u00f5es conjugais. <\/p><p>O acordo de media\u00e7\u00e3o desempenha um papel crucial no processo, definindo o quadro e as regras da media\u00e7\u00e3o. Inclui os direitos e obriga\u00e7\u00f5es das partes, o \u00e2mbito e os objectivos da media\u00e7\u00e3o e disposi\u00e7\u00f5es espec\u00edficas relativas \u00e0 confidencialidade. A conven\u00e7\u00e3o de media\u00e7\u00e3o \u00e9 geralmente assinada por todas as partes, incluindo o mediador, e serve de guia durante todo o processo de media\u00e7\u00e3o.  <\/p><p>A legisla\u00e7\u00e3o su\u00ed\u00e7a reflecte um entendimento moderno da media\u00e7\u00e3o como instrumento essencial para a resolu\u00e7\u00e3o de conflitos matrimoniais. D\u00e1 \u00eanfase \u00e0 qualidade, integridade e confidencialidade, assegurando que a media\u00e7\u00e3o \u00e9 conduzida de forma justa e profissional. As regras e os regulamentos em vigor asseguram que o processo de media\u00e7\u00e3o est\u00e1 em conformidade com os valores su\u00ed\u00e7os de neutralidade, respeito m\u00fatuo e compreens\u00e3o, oferecendo uma alternativa atractiva e eficaz aos processos judiciais tradicionais.  <\/p><h2>Processo de media\u00e7\u00e3o em casos conjugais<\/h2><p>O processo de media\u00e7\u00e3o nos processos conjugais na Su\u00ed\u00e7a \u00e9 um procedimento bem estruturado que se desenrola normalmente em tr\u00eas fases principais. A primeira fase \u00e9 a fase de inicia\u00e7\u00e3o, em que as partes acordam em participar na media\u00e7\u00e3o. Esta fase envolve a sele\u00e7\u00e3o de um mediador, a defini\u00e7\u00e3o das quest\u00f5es a mediar e a assinatura de um acordo de media\u00e7\u00e3o que estabelece as regras e expectativas do processo.  <\/p><p>A fase de negocia\u00e7\u00e3o \u00e9 a parte central do processo. Nesta fase, as partes, com a ajuda do mediador, trabalham em conjunto para identificar os seus interesses e necessidades, explorar diferentes op\u00e7\u00f5es e negociar um acordo mutuamente satisfat\u00f3rio. O mediador desempenha um papel crucial na facilita\u00e7\u00e3o da comunica\u00e7\u00e3o entre as partes, ajudando-as a compreender as perspectivas umas das outras e assegurando que a negocia\u00e7\u00e3o decorre de forma justa e respeitosa.  <\/p><p>A fase final \u00e9 a resolu\u00e7\u00e3o e o acordo, em que as partes formalizam os resultados da media\u00e7\u00e3o num documento escrito. Este acordo pode ent\u00e3o ser aprovado por um tribunal, conferindo-lhe um car\u00e1cter execut\u00f3rio. <\/p><p>O papel do mediador neste processo \u00e9 o de um facilitador imparcial que n\u00e3o tem o poder de tomar decis\u00f5es pelas partes, mas orienta o processo de forma equitativa. A confidencialidade \u00e9 tamb\u00e9m uma carater\u00edstica fundamental da media\u00e7\u00e3o na Su\u00ed\u00e7a, garantindo que os debates e as informa\u00e7\u00f5es trocadas durante o processo permanecem privados. <\/p><p>O processo de media\u00e7\u00e3o em casos conjugais na Su\u00ed\u00e7a foi concebido para ser flex\u00edvel, permitindo que as partes controlem o resultado e encontrem solu\u00e7\u00f5es que melhor satisfa\u00e7am as suas necessidades espec\u00edficas. Privilegia a colabora\u00e7\u00e3o e a compreens\u00e3o m\u00fatua em detrimento da confronta\u00e7\u00e3o, conduzindo a solu\u00e7\u00f5es mais sustent\u00e1veis e satisfat\u00f3rias para ambas as partes. A estrutura e os princ\u00edpios do processo de media\u00e7\u00e3o reflectem os valores su\u00ed\u00e7os de ordem, respeito e neutralidade, oferecendo um caminho preferencial para a resolu\u00e7\u00e3o de conflitos conjugais.  <\/p><h2>Aplica\u00e7\u00e3o e casos pr\u00e1ticos na Su\u00ed\u00e7a<\/h2><p>A aplica\u00e7\u00e3o da media\u00e7\u00e3o nos processos conjugais na Su\u00ed\u00e7a varia em fun\u00e7\u00e3o de numerosos factores, incluindo as particularidades regionais, os recursos dispon\u00edveis e as prefer\u00eancias individuais. Apesar destas diferen\u00e7as, surgem temas comuns quando se examinam casos pr\u00e1ticos de media\u00e7\u00e3o conjugal no pa\u00eds. <\/p><p>Encontram-se hist\u00f3rias de sucesso em todo o pa\u00eds, onde a media\u00e7\u00e3o permitiu que casais em conflito chegassem a acordos mutuamente satisfat\u00f3rios sem recorrer a procedimentos judiciais dispendiosos e contenciosos. Estes sucessos ilustram a forma como a media\u00e7\u00e3o pode conduzir a solu\u00e7\u00f5es criativas e personalizadas que respondem \u00e0s necessidades espec\u00edficas de cada casal. <\/p><p>No entanto, h\u00e1 tamb\u00e9m casos em que a media\u00e7\u00e3o n\u00e3o foi eficaz. Estes fracassos podem muitas vezes ser atribu\u00eddos a uma falta de vontade de cooperar ou a conflitos demasiado enraizados para serem resolvidos atrav\u00e9s da media\u00e7\u00e3o. Compreender estes insucessos \u00e9 t\u00e3o importante como celebrar os sucessos, uma vez que fornecem informa\u00e7\u00f5es valiosas sobre as limita\u00e7\u00f5es e os desafios da media\u00e7\u00e3o.  <\/p><p>A media\u00e7\u00e3o conjugal na Su\u00ed\u00e7a n\u00e3o ocorre de forma uniforme em todos os cant\u00f5es. As diferen\u00e7as regionais podem influenciar a perce\u00e7\u00e3o e a pr\u00e1tica da media\u00e7\u00e3o. Por exemplo, alguns cant\u00f5es podem ter uma maior disponibilidade de mediadores especializados, enquanto outros podem ter regras e regulamentos ligeiramente diferentes.  <\/p><p>No que diz respeito ao custo e \u00e0 dura\u00e7\u00e3o da media\u00e7\u00e3o, esta \u00e9 geralmente considerada menos dispendiosa e mais r\u00e1pida do que os processos judiciais tradicionais. No entanto, estes factores podem variar em fun\u00e7\u00e3o da complexidade do caso, dos honor\u00e1rios do mediador e de outras considera\u00e7\u00f5es log\u00edsticas. <\/p>\t\t\t\t\t\t\t\t<\/div>\n\t\t\t\t<\/div>\n\t\t\t\t\t<\/div>\n\t\t<\/div>\n\t\t\t\t\t<\/div>\n\t\t<\/section>\n\t\t\t\t<section class=\"elementor-section elementor-top-section elementor-element elementor-element-214b705d elementor-section-full_width elementor-section-height-min-height elementor-section-items-stretch elementor-section-content-middle elementor-section-height-default\" data-id=\"214b705d\" data-element_type=\"section\" data-e-type=\"section\" data-settings=\"{&quot;background_background&quot;:&quot;classic&quot;}\">\n\t\t\t\t\t\t<div class=\"elementor-container elementor-column-gap-no\">\n\t\t\t\t\t<div class=\"elementor-column elementor-col-50 elementor-top-column elementor-element elementor-element-568f2cb\" data-id=\"568f2cb\" data-element_type=\"column\" data-e-type=\"column\" data-settings=\"{&quot;background_background&quot;:&quot;classic&quot;}\">\n\t\t\t<div class=\"elementor-widget-wrap elementor-element-populated\">\n\t\t\t\t\t\t<div class=\"elementor-element elementor-element-46b23d38 elementor-widget elementor-widget-spacer\" data-id=\"46b23d38\" data-element_type=\"widget\" data-e-type=\"widget\" data-widget_type=\"spacer.default\">\n\t\t\t\t<div class=\"elementor-widget-container\">\n\t\t\t\t\t\t\t<div class=\"elementor-spacer\">\n\t\t\t<div class=\"elementor-spacer-inner\"><\/div>\n\t\t<\/div>\n\t\t\t\t\t\t<\/div>\n\t\t\t\t<\/div>\n\t\t\t\t\t<\/div>\n\t\t<\/div>\n\t\t\t\t<div class=\"elementor-column elementor-col-50 elementor-top-column elementor-element elementor-element-82a948a\" data-id=\"82a948a\" data-element_type=\"column\" data-e-type=\"column\" data-settings=\"{&quot;background_background&quot;:&quot;classic&quot;}\">\n\t\t\t<div class=\"elementor-widget-wrap elementor-element-populated\">\n\t\t\t\t\t\t<div class=\"elementor-element elementor-element-1ecd41d4 elementor-widget elementor-widget-heading\" data-id=\"1ecd41d4\" data-element_type=\"widget\" data-e-type=\"widget\" data-widget_type=\"heading.default\">\n\t\t\t\t<div class=\"elementor-widget-container\">\n\t\t\t\t\t<p class=\"elementor-heading-title elementor-size-default\">Consulta inicial  <\/p>\t\t\t\t<\/div>\n\t\t\t\t<\/div>\n\t\t\t\t<div class=\"elementor-element elementor-element-17fe3f43 elementor-widget elementor-widget-heading\" data-id=\"17fe3f43\" data-element_type=\"widget\" data-e-type=\"widget\" data-widget_type=\"heading.default\">\n\t\t\t\t<div class=\"elementor-widget-container\">\n\t\t\t\t\t<p class=\"elementor-heading-title elementor-size-default\">de 60 min a CHF 220.00<\/p>\t\t\t\t<\/div>\n\t\t\t\t<\/div>\n\t\t\t\t<div class=\"elementor-element elementor-element-263f9fc0 elementor-widget elementor-widget-text-editor\" data-id=\"263f9fc0\" data-element_type=\"widget\" data-e-type=\"widget\" data-widget_type=\"text-editor.default\">\n\t\t\t\t<div class=\"elementor-widget-container\">\n\t\t\t\t\t\t\t\t\tDiscute a tua situa\u00e7\u00e3o com um advogado especializado na Su\u00ed\u00e7a.\n\t\t\t\t\t\t\t\t<\/div>\n\t\t\t\t<\/div>\n\t\t\t\t<div class=\"elementor-element elementor-element-6e492855 elementor-widget-divider--view-line elementor-widget elementor-widget-divider\" data-id=\"6e492855\" data-element_type=\"widget\" data-e-type=\"widget\" data-widget_type=\"divider.default\">\n\t\t\t\t<div class=\"elementor-widget-container\">\n\t\t\t\t\t\t\t<div class=\"elementor-divider\">\n\t\t\t<span class=\"elementor-divider-separator\">\n\t\t\t\t\t\t<\/span>\n\t\t<\/div>\n\t\t\t\t\t\t<\/div>\n\t\t\t\t<\/div>\n\t\t\t\t<div class=\"elementor-element elementor-element-434a1ee3 elementor-widget elementor-widget-text-editor\" data-id=\"434a1ee3\" data-element_type=\"widget\" data-e-type=\"widget\" data-widget_type=\"text-editor.default\">\n\t\t\t\t<div class=\"elementor-widget-container\">\n\t\t\t\t\t\t\t\t\t<p>Procuras apenas uma marca\u00e7\u00e3o para fazer algumas perguntas?<br>N\u00e3o tens a certeza sobre os procedimentos que pretendes efetuar?<br>A tua situa\u00e7\u00e3o n\u00e3o \u00e9 clara?<\/p><p><strong>Opta por uma primeira consulta com um advogado em Genebra.<\/strong><\/p><p>Decidir\u00e1s ent\u00e3o se queres prosseguir e os nossos advogados indicar-te-\u00e3o o custo do processo em fun\u00e7\u00e3o do teu caso. Marca\u00e7\u00e3o de consultas presenciais ou por videoconfer\u00eancia. <strong><br><\/strong><\/p>\t\t\t\t\t\t\t\t<\/div>\n\t\t\t\t<\/div>\n\t\t\t\t<div class=\"elementor-element elementor-element-3d05377 elementor-align-center elementor-widget elementor-widget-button\" data-id=\"3d05377\" data-element_type=\"widget\" data-e-type=\"widget\" data-widget_type=\"button.default\">\n\t\t\t\t<div class=\"elementor-widget-container\">\n\t\t\t\t\t\t\t\t\t<div class=\"elementor-button-wrapper\">\n\t\t\t\t\t<a class=\"elementor-button elementor-button-link elementor-size-sm\" href=\"https:\/\/www.geneva-lawyers.com\/pt-pt\/contacto\/\">\n\t\t\t\t\t\t<span class=\"elementor-button-content-wrapper\">\n\t\t\t\t\t\t\t\t\t<span class=\"elementor-button-text\">Marca uma consulta com um advogado<\/span>\n\t\t\t\t\t<\/span>\n\t\t\t\t\t<\/a>\n\t\t\t\t<\/div>\n\t\t\t\t\t\t\t\t<\/div>\n\t\t\t\t<\/div>\n\t\t\t\t\t<\/div>\n\t\t<\/div>\n\t\t\t\t\t<\/div>\n\t\t<\/section>\n\t\t\t\t<\/div>\n\t\t","protected":false},"excerpt":{"rendered":"<p>Marca uma consulta com um advogado Media\u00e7\u00e3o conjugal na Su\u00ed\u00e7a Vis\u00e3o geral da media\u00e7\u00e3o conjugal A media\u00e7\u00e3o conjugal na Su\u00ed\u00e7a \u00e9 um processo volunt\u00e1rio e confidencial em que um terceiro neutro e imparcial, denominado mediador, ajuda os casais a resolver os seus conflitos e a chegar a um acordo. Este processo pode abordar v\u00e1rios aspectos &#8230; <a title=\"Media\u00e7\u00e3o conjugal\" class=\"read-more\" href=\"https:\/\/www.geneva-lawyers.com\/pt-pt\/mediacao-conjugal\/\" aria-label=\"Leia mais sobre Media\u00e7\u00e3o conjugal\">Ler mais<\/a><\/p>\n","protected":false},"author":1,"featured_media":0,"parent":0,"menu_order":0,"comment_status":"closed","ping_status":"closed","template":"elementor_header_footer","meta":{"_acf_changed":false,"_seopress_robots_primary_cat":"","_seopress_titles_title":"","_seopress_titles_desc":"","_seopress_robots_index":"","footnotes":""},"class_list":["post-32154","page","type-page","status-publish"],"acf":[],"_links":{"self":[{"href":"https:\/\/www.geneva-lawyers.com\/pt-pt\/wp-json\/wp\/v2\/pages\/32154","targetHints":{"allow":["GET"]}}],"collection":[{"href":"https:\/\/www.geneva-lawyers.com\/pt-pt\/wp-json\/wp\/v2\/pages"}],"about":[{"href":"https:\/\/www.geneva-lawyers.com\/pt-pt\/wp-json\/wp\/v2\/types\/page"}],"author":[{"embeddable":true,"href":"https:\/\/www.geneva-lawyers.com\/pt-pt\/wp-json\/wp\/v2\/users\/1"}],"replies":[{"embeddable":true,"href":"https:\/\/www.geneva-lawyers.com\/pt-pt\/wp-json\/wp\/v2\/comments?post=32154"}],"version-history":[{"count":6,"href":"https:\/\/www.geneva-lawyers.com\/pt-pt\/wp-json\/wp\/v2\/pages\/32154\/revisions"}],"predecessor-version":[{"id":33951,"href":"https:\/\/www.geneva-lawyers.com\/pt-pt\/wp-json\/wp\/v2\/pages\/32154\/revisions\/33951"}],"wp:attachment":[{"href":"https:\/\/www.geneva-lawyers.com\/pt-pt\/wp-json\/wp\/v2\/media?parent=32154"}],"curies":[{"name":"wp","href":"https:\/\/api.w.org\/{rel}","templated":true}]}}