{"id":32161,"date":"2024-05-17T09:18:38","date_gmt":"2024-05-17T07:18:38","guid":{"rendered":"https:\/\/www.geneva-lawyers.com\/divorcio-na-suica-obrigacao-de-trabalhar\/"},"modified":"2025-04-14T15:55:51","modified_gmt":"2025-04-14T13:55:51","slug":"divorcio-suica-obrigacao-trabalhar","status":"publish","type":"page","link":"https:\/\/www.geneva-lawyers.com\/pt-pt\/divorcio-suica-obrigacao-trabalhar\/","title":{"rendered":"Div\u00f3rcio na Su\u00ed\u00e7a: obriga\u00e7\u00e3o de trabalhar"},"content":{"rendered":"\t\t<div data-elementor-type=\"wp-page\" data-elementor-id=\"32161\" class=\"elementor elementor-32161 elementor-29016\" data-elementor-post-type=\"page\">\n\t\t\t\t\t\t<section class=\"elementor-section elementor-top-section elementor-element elementor-element-183557fe elementor-section-boxed elementor-section-height-default elementor-section-height-default\" data-id=\"183557fe\" data-element_type=\"section\" data-e-type=\"section\" data-settings=\"{&quot;background_background&quot;:&quot;classic&quot;}\">\n\t\t\t\t\t\t\t<div class=\"elementor-background-overlay\"><\/div>\n\t\t\t\t\t\t\t<div class=\"elementor-container elementor-column-gap-default\">\n\t\t\t\t\t<div class=\"elementor-column elementor-col-100 elementor-top-column elementor-element elementor-element-6bf34a6c\" data-id=\"6bf34a6c\" data-element_type=\"column\" data-e-type=\"column\">\n\t\t\t<div class=\"elementor-widget-wrap elementor-element-populated\">\n\t\t\t\t\t\t<div class=\"elementor-element elementor-element-1184d24c elementor-widget-divider--view-line elementor-widget elementor-widget-divider\" data-id=\"1184d24c\" data-element_type=\"widget\" data-e-type=\"widget\" data-widget_type=\"divider.default\">\n\t\t\t\t<div class=\"elementor-widget-container\">\n\t\t\t\t\t\t\t<div class=\"elementor-divider\">\n\t\t\t<span class=\"elementor-divider-separator\">\n\t\t\t\t\t\t<\/span>\n\t\t<\/div>\n\t\t\t\t\t\t<\/div>\n\t\t\t\t<\/div>\n\t\t\t\t<div class=\"elementor-element elementor-element-3cb56ceb elementor-align-center elementor-widget elementor-widget-button\" data-id=\"3cb56ceb\" data-element_type=\"widget\" data-e-type=\"widget\" data-widget_type=\"button.default\">\n\t\t\t\t<div class=\"elementor-widget-container\">\n\t\t\t\t\t\t\t\t\t<div class=\"elementor-button-wrapper\">\n\t\t\t\t\t<a class=\"elementor-button elementor-button-link elementor-size-sm\" href=\"https:\/\/www.geneva-lawyers.com\/pt-pt\/contacto\/\">\n\t\t\t\t\t\t<span class=\"elementor-button-content-wrapper\">\n\t\t\t\t\t\t\t\t\t<span class=\"elementor-button-text\">Marca uma consulta com um advogado<\/span>\n\t\t\t\t\t<\/span>\n\t\t\t\t\t<\/a>\n\t\t\t\t<\/div>\n\t\t\t\t\t\t\t\t<\/div>\n\t\t\t\t<\/div>\n\t\t\t\t\t<\/div>\n\t\t<\/div>\n\t\t\t\t\t<\/div>\n\t\t<\/section>\n\t\t\t\t<section class=\"elementor-section elementor-top-section elementor-element elementor-element-346e32c4 elementor-section-boxed elementor-section-height-default elementor-section-height-default\" data-id=\"346e32c4\" data-element_type=\"section\" data-e-type=\"section\">\n\t\t\t\t\t\t<div class=\"elementor-container elementor-column-gap-default\">\n\t\t\t\t\t<div class=\"elementor-column elementor-col-100 elementor-top-column elementor-element elementor-element-51fc5407\" data-id=\"51fc5407\" data-element_type=\"column\" data-e-type=\"column\">\n\t\t\t<div class=\"elementor-widget-wrap elementor-element-populated\">\n\t\t\t\t\t\t<div class=\"elementor-element elementor-element-5aae251e elementor-widget elementor-widget-heading\" data-id=\"5aae251e\" data-element_type=\"widget\" data-e-type=\"widget\" data-widget_type=\"heading.default\">\n\t\t\t\t<div class=\"elementor-widget-container\">\n\t\t\t\t\t<h2 class=\"elementor-heading-title elementor-size-default\">Obriga\u00e7\u00e3o de trabalhar em caso de div\u00f3rcio na Su\u00ed\u00e7a\n<\/h2>\t\t\t\t<\/div>\n\t\t\t\t<\/div>\n\t\t\t\t<div class=\"elementor-element elementor-element-6a8cf6af elementor-widget-divider--view-line elementor-widget elementor-widget-divider\" data-id=\"6a8cf6af\" data-element_type=\"widget\" data-e-type=\"widget\" data-widget_type=\"divider.default\">\n\t\t\t\t<div class=\"elementor-widget-container\">\n\t\t\t\t\t\t\t<div class=\"elementor-divider\">\n\t\t\t<span class=\"elementor-divider-separator\">\n\t\t\t\t\t\t<\/span>\n\t\t<\/div>\n\t\t\t\t\t\t<\/div>\n\t\t\t\t<\/div>\n\t\t\t\t<div class=\"elementor-element elementor-element-796113b3 elementor-widget elementor-widget-text-editor\" data-id=\"796113b3\" data-element_type=\"widget\" data-e-type=\"widget\" data-widget_type=\"text-editor.default\">\n\t\t\t\t<div class=\"elementor-widget-container\">\n\t\t\t\t\t\t\t\t\t<div class=\"flex-1 overflow-hidden\"><div class=\"react-scroll-to-bottom--css-glktd-79elbk h-full\"><div class=\"react-scroll-to-bottom--css-glktd-1n7m0yu\"><div><div class=\"flex flex-col text-sm pb-9\"><div class=\"w-full text-token-text-primary\" dir=\"auto\" data-testid=\"conversation-turn-7\" data-scroll-anchor=\"true\"><div class=\"py-2 juice:py-[18px] px-3 text-base md:px-4 m-auto md:px-5 lg:px-1 xl:px-5\"><div class=\"mx-auto flex flex-1 gap-3 text-base juice:gap-4 juice:md:gap-6 md:max-w-3xl lg:max-w-[40rem] xl:max-w-[48rem]\"><div class=\"group\/conversation-turn relative flex w-full min-w-0 flex-col agent-turn\"><div class=\"flex-col gap-1 md:gap-3\"><div class=\"flex flex-grow flex-col max-w-full\"><div class=\"min-h-[20px] text-message flex flex-col items-start whitespace-pre-wrap break-words [.text-message+&amp;]:mt-5 juice:w-full juice:items-end overflow-x-auto gap-2\" dir=\"auto\" data-message-author-role=\"assistant\" data-message-id=\"bdb55c88-fa91-48be-a3e2-0e874bbd99da\"><div class=\"flex w-full flex-col gap-1 juice:empty:hidden juice:first:pt-[3px]\"><div class=\"markdown prose w-full break-words dark:prose-invert dark\"><p>A obriga\u00e7\u00e3o de trabalhar no direito matrimonial su\u00ed\u00e7o reflecte a responsabilidade individual de cada c\u00f4njuge de contribuir para o seu pr\u00f3prio sustento ap\u00f3s o div\u00f3rcio. Este conceito baseia-se nas no\u00e7\u00f5es de autonomia e de responsabilidade pessoal e constitui uma parte essencial da forma como o direito su\u00ed\u00e7o aborda as quest\u00f5es financeiras no contexto do div\u00f3rcio. <\/p><p>No direito su\u00ed\u00e7o, o casamento \u00e9 considerado uma parceria em que ambas as partes t\u00eam responsabilidades m\u00fatuas, incluindo o dever de se apoiarem mutuamente. Ap\u00f3s o div\u00f3rcio, esta responsabilidade m\u00fatua n\u00e3o desaparece completamente, mas evolui para refletir a nova realidade das partes como indiv\u00edduos separados. A obriga\u00e7\u00e3o de trabalhar reflecte esta evolu\u00e7\u00e3o, exigindo que cada uma das partes fa\u00e7a esfor\u00e7os razo\u00e1veis para se sustentar.  <\/p><p>Este princ\u00edpio n\u00e3o tem por objetivo ser punitivo ou oneroso. Pelo contr\u00e1rio, baseia-se numa compreens\u00e3o equilibrada das capacidades e circunst\u00e2ncias de cada parte. Reconhece que, embora o div\u00f3rcio ponha termo ao casamento, n\u00e3o liberta automaticamente os c\u00f4njuges de todas as responsabilidades que tinham enquanto casados.  <\/p><p>A obriga\u00e7\u00e3o de trabalhar est\u00e1 tamb\u00e9m ligada a outros aspectos do div\u00f3rcio, como a pens\u00e3o de alimentos. Desempenha um papel importante na determina\u00e7\u00e3o da necessidade e do montante da pens\u00e3o de alimentos que pode ser exigida. Se um c\u00f4njuge \u00e9 capaz de trabalhar mas opta por n\u00e3o o fazer, este facto pode influenciar a decis\u00e3o do tribunal sobre a pens\u00e3o de alimentos.  <\/p><h2>Crit\u00e9rios para a obriga\u00e7\u00e3o de trabalhar<\/h2><p>A obriga\u00e7\u00e3o de trabalhar no direito matrimonial su\u00ed\u00e7o \u00e9 um conceito matizado e multifacetado. N\u00e3o \u00e9 imposta de forma r\u00edgida, mas \u00e9 avaliada com base em v\u00e1rios crit\u00e9rios que consideram a situa\u00e7\u00e3o individual de cada parte. <\/p><ul><li><strong>Idade<\/strong>: A idade \u00e9 um fator-chave nesta avalia\u00e7\u00e3o. Uma pessoa idosa, especialmente uma que se aproxima da idade da reforma, pode ter dificuldade em encontrar emprego. As oportunidades de emprego podem ser limitadas e a empregabilidade pode diminuir com a idade. Por conseguinte, a obriga\u00e7\u00e3o de trabalhar pode ser moderada ou mesmo dispensada em fun\u00e7\u00e3o da idade do c\u00f4njuge.   <\/li><li><strong>Sa\u00fade<\/strong>: A sa\u00fade \u00e9 outro crit\u00e9rio importante. Se uma pessoa sofre de uma doen\u00e7a ou defici\u00eancia que a impede de trabalhar, a obriga\u00e7\u00e3o de procurar emprego \u00e9 naturalmente reduzida. A lei su\u00ed\u00e7a reconhece que a capacidade de trabalho pode ser afetada por problemas de sa\u00fade, e esta considera\u00e7\u00e3o \u00e9 integrada na avalia\u00e7\u00e3o da obriga\u00e7\u00e3o de trabalhar.  <\/li><li><strong>Qualifica\u00e7\u00f5es e experi\u00eancia profissional<\/strong>: As qualifica\u00e7\u00f5es profissionais e a experi\u00eancia tamb\u00e9m desempenham um papel fundamental. Uma pessoa n\u00e3o pode ser for\u00e7ada a aceitar um emprego que esteja significativamente abaixo das suas compet\u00eancias e experi\u00eancia. Por exemplo, se um c\u00f4njuge trabalhou durante muitos anos numa \u00e1rea especializada, pode n\u00e3o ser razo\u00e1vel esperar que aceite um emprego que n\u00e3o corresponde \u00e0s suas compet\u00eancias. A lei tem em conta este fator para garantir que a obriga\u00e7\u00e3o de trabalhar \u00e9 equilibrada e justa.   <\/li><li><strong>Obriga\u00e7\u00f5es familiares<\/strong>: As obriga\u00e7\u00f5es familiares podem influenciar a obriga\u00e7\u00e3o de trabalhar. Se o c\u00f4njuge tiver a guarda dos filhos e estes necessitarem de cuidados constantes, isso pode limitar significativamente a sua capacidade de trabalho. A lei su\u00ed\u00e7a reconhece que a responsabilidade de cuidar dos filhos pode prejudicar a capacidade de encontrar e aceitar um emprego, e este facto \u00e9 considerado na avalia\u00e7\u00e3o da obriga\u00e7\u00e3o de trabalhar.  <\/li><\/ul><h2>Liga\u00e7\u00e3o com as contribui\u00e7\u00f5es de manuten\u00e7\u00e3o<\/h2><p>As pens\u00f5es de alimentos no direito matrimonial su\u00ed\u00e7o t\u00eam por objetivo assegurar a satisfa\u00e7\u00e3o das necessidades de cada uma das partes ap\u00f3s o div\u00f3rcio. T\u00eam em conta as realidades econ\u00f3micas de ambos os c\u00f4njuges e visam evitar uma disparidade significativa nos respectivos n\u00edveis de vida. As pens\u00f5es de alimentos est\u00e3o profundamente ligadas \u00e0 obriga\u00e7\u00e3o de trabalhar e estes dois aspectos s\u00e3o frequentemente examinados em conjunto para garantir um equil\u00edbrio justo e equitativo.  <\/p><p>A determina\u00e7\u00e3o das pens\u00f5es de alimentos tem em conta v\u00e1rios factores, incluindo as necessidades e os recursos de ambas as partes, a sua sa\u00fade, a dura\u00e7\u00e3o do casamento, entre outros. O objetivo \u00e9 chegar a uma solu\u00e7\u00e3o que tenha em conta a capacidade de cada c\u00f4njuge para se sustentar, reconhecendo as responsabilidades m\u00fatuas que podem persistir ap\u00f3s o div\u00f3rcio. <\/p><p>A rela\u00e7\u00e3o entre as pens\u00f5es de alimentos e a obriga\u00e7\u00e3o de trabalhar \u00e9 particularmente significativa. A obriga\u00e7\u00e3o de trabalhar exige que cada c\u00f4njuge fa\u00e7a esfor\u00e7os razo\u00e1veis para se sustentar na medida das suas capacidades. As pens\u00f5es de alimentos, por outro lado, entram em jogo quando esses esfor\u00e7os s\u00e3o insuficientes para assegurar um n\u00edvel de vida adequado.  <\/p><p>Esta rela\u00e7\u00e3o \u00e9 complexa e delicada. Se um c\u00f4njuge estiver em condi\u00e7\u00f5es de trabalhar, mas n\u00e3o se esfor\u00e7ar o suficiente para o fazer, tal pode reduzir ou mesmo eliminar o seu direito \u00e0s pens\u00f5es de alimentos. Por outras palavras, o tribunal pode considerar que um c\u00f4njuge que negligencie a sua obriga\u00e7\u00e3o de trabalhar sem uma raz\u00e3o v\u00e1lida n\u00e3o deve ser recompensado com pens\u00f5es de alimentos do outro c\u00f4njuge.  <\/p><p>No entanto, esta rela\u00e7\u00e3o n\u00e3o \u00e9 autom\u00e1tica e a avalia\u00e7\u00e3o deve ser efectuada caso a caso. Por exemplo, se um c\u00f4njuge n\u00e3o trabalha devido a responsabilidades familiares leg\u00edtimas, tais como a guarda dos filhos, ou devido a problemas de sa\u00fade, esta situa\u00e7\u00e3o pode justificar as contribui\u00e7\u00f5es para a pens\u00e3o de alimentos mesmo na aus\u00eancia de emprego. <\/p><p>A obriga\u00e7\u00e3o de trabalhar e as contribui\u00e7\u00f5es para a pens\u00e3o de alimentos no direito matrimonial su\u00ed\u00e7o reflectem a ideia de que o div\u00f3rcio n\u00e3o deve conduzir a uma situa\u00e7\u00e3o de precariedade financeira para nenhuma das partes. O equil\u00edbrio entre estes dois aspectos exige uma avalia\u00e7\u00e3o pormenorizada e sens\u00edvel das capacidades, necessidades e recursos de cada parte. Por isso, requerem muitas vezes a interven\u00e7\u00e3o de um advogado especializado para que os direitos e as responsabilidades sejam corretamente avaliados e aplicados.  <\/p><\/div><\/div><\/div><\/div><\/div><\/div><\/div><\/div><\/div><\/div><\/div><\/div><\/div><\/div>\t\t\t\t\t\t\t\t<\/div>\n\t\t\t\t<\/div>\n\t\t\t\t\t<\/div>\n\t\t<\/div>\n\t\t\t\t\t<\/div>\n\t\t<\/section>\n\t\t\t\t<section class=\"elementor-section elementor-top-section elementor-element elementor-element-31778396 elementor-section-full_width elementor-section-height-min-height elementor-section-items-stretch elementor-section-content-middle elementor-section-height-default\" data-id=\"31778396\" data-element_type=\"section\" data-e-type=\"section\" data-settings=\"{&quot;background_background&quot;:&quot;classic&quot;}\">\n\t\t\t\t\t\t<div class=\"elementor-container elementor-column-gap-no\">\n\t\t\t\t\t<div class=\"elementor-column elementor-col-50 elementor-top-column elementor-element elementor-element-637bc38a\" data-id=\"637bc38a\" data-element_type=\"column\" data-e-type=\"column\" data-settings=\"{&quot;background_background&quot;:&quot;classic&quot;}\">\n\t\t\t<div class=\"elementor-widget-wrap elementor-element-populated\">\n\t\t\t\t\t\t<div class=\"elementor-element elementor-element-38c553f2 elementor-widget elementor-widget-spacer\" data-id=\"38c553f2\" data-element_type=\"widget\" data-e-type=\"widget\" data-widget_type=\"spacer.default\">\n\t\t\t\t<div class=\"elementor-widget-container\">\n\t\t\t\t\t\t\t<div class=\"elementor-spacer\">\n\t\t\t<div class=\"elementor-spacer-inner\"><\/div>\n\t\t<\/div>\n\t\t\t\t\t\t<\/div>\n\t\t\t\t<\/div>\n\t\t\t\t\t<\/div>\n\t\t<\/div>\n\t\t\t\t<div class=\"elementor-column elementor-col-50 elementor-top-column elementor-element elementor-element-b0953a8\" data-id=\"b0953a8\" data-element_type=\"column\" data-e-type=\"column\" data-settings=\"{&quot;background_background&quot;:&quot;classic&quot;}\">\n\t\t\t<div class=\"elementor-widget-wrap elementor-element-populated\">\n\t\t\t\t\t\t<div class=\"elementor-element elementor-element-520336f1 elementor-widget elementor-widget-heading\" data-id=\"520336f1\" data-element_type=\"widget\" data-e-type=\"widget\" data-widget_type=\"heading.default\">\n\t\t\t\t<div class=\"elementor-widget-container\">\n\t\t\t\t\t<p class=\"elementor-heading-title elementor-size-default\">Consulta inicial  <\/p>\t\t\t\t<\/div>\n\t\t\t\t<\/div>\n\t\t\t\t<div class=\"elementor-element elementor-element-57ffe8cf elementor-widget elementor-widget-heading\" data-id=\"57ffe8cf\" data-element_type=\"widget\" data-e-type=\"widget\" data-widget_type=\"heading.default\">\n\t\t\t\t<div class=\"elementor-widget-container\">\n\t\t\t\t\t<p class=\"elementor-heading-title elementor-size-default\">de 60 min a CHF 220.00<\/p>\t\t\t\t<\/div>\n\t\t\t\t<\/div>\n\t\t\t\t<div class=\"elementor-element elementor-element-22ea3ac4 elementor-widget elementor-widget-text-editor\" data-id=\"22ea3ac4\" data-element_type=\"widget\" data-e-type=\"widget\" data-widget_type=\"text-editor.default\">\n\t\t\t\t<div class=\"elementor-widget-container\">\n\t\t\t\t\t\t\t\t\tDiscute a tua situa\u00e7\u00e3o com um advogado especializado na Su\u00ed\u00e7a.\n\t\t\t\t\t\t\t\t<\/div>\n\t\t\t\t<\/div>\n\t\t\t\t<div class=\"elementor-element elementor-element-bc8606d elementor-widget-divider--view-line elementor-widget elementor-widget-divider\" data-id=\"bc8606d\" data-element_type=\"widget\" data-e-type=\"widget\" data-widget_type=\"divider.default\">\n\t\t\t\t<div class=\"elementor-widget-container\">\n\t\t\t\t\t\t\t<div class=\"elementor-divider\">\n\t\t\t<span class=\"elementor-divider-separator\">\n\t\t\t\t\t\t<\/span>\n\t\t<\/div>\n\t\t\t\t\t\t<\/div>\n\t\t\t\t<\/div>\n\t\t\t\t<div class=\"elementor-element elementor-element-7653d674 elementor-widget elementor-widget-text-editor\" data-id=\"7653d674\" data-element_type=\"widget\" data-e-type=\"widget\" data-widget_type=\"text-editor.default\">\n\t\t\t\t<div class=\"elementor-widget-container\">\n\t\t\t\t\t\t\t\t\t<p>Procuras apenas uma marca\u00e7\u00e3o para fazer algumas perguntas?<br>N\u00e3o tens a certeza sobre os procedimentos que pretendes efetuar?<br>A tua situa\u00e7\u00e3o n\u00e3o \u00e9 clara?<\/p><p><strong>Opta por uma primeira consulta com um advogado em Genebra.<\/strong><\/p><p>Decidir\u00e1s ent\u00e3o se queres prosseguir e os nossos advogados indicar-te-\u00e3o o custo do processo em fun\u00e7\u00e3o do teu caso. Marca\u00e7\u00e3o de consultas presenciais ou por videoconfer\u00eancia. <strong><br><\/strong><\/p>\t\t\t\t\t\t\t\t<\/div>\n\t\t\t\t<\/div>\n\t\t\t\t<div class=\"elementor-element elementor-element-60e5b7e6 elementor-align-center elementor-widget elementor-widget-button\" data-id=\"60e5b7e6\" data-element_type=\"widget\" data-e-type=\"widget\" data-widget_type=\"button.default\">\n\t\t\t\t<div class=\"elementor-widget-container\">\n\t\t\t\t\t\t\t\t\t<div class=\"elementor-button-wrapper\">\n\t\t\t\t\t<a class=\"elementor-button elementor-button-link elementor-size-sm\" href=\"https:\/\/www.geneva-lawyers.com\/pt-pt\/contacto\/\">\n\t\t\t\t\t\t<span class=\"elementor-button-content-wrapper\">\n\t\t\t\t\t\t\t\t\t<span class=\"elementor-button-text\">Marca uma consulta com um advogado<\/span>\n\t\t\t\t\t<\/span>\n\t\t\t\t\t<\/a>\n\t\t\t\t<\/div>\n\t\t\t\t\t\t\t\t<\/div>\n\t\t\t\t<\/div>\n\t\t\t\t\t<\/div>\n\t\t<\/div>\n\t\t\t\t\t<\/div>\n\t\t<\/section>\n\t\t\t\t<\/div>\n\t\t","protected":false},"excerpt":{"rendered":"<p>Marca uma consulta com um advogado Obriga\u00e7\u00e3o de trabalhar em caso de div\u00f3rcio na Su\u00ed\u00e7a A obriga\u00e7\u00e3o de trabalhar no direito matrimonial su\u00ed\u00e7o reflecte a responsabilidade individual de cada c\u00f4njuge de contribuir para o seu pr\u00f3prio sustento ap\u00f3s o div\u00f3rcio. Este conceito baseia-se nas no\u00e7\u00f5es de autonomia e de responsabilidade pessoal e constitui uma parte &#8230; <a title=\"Div\u00f3rcio na Su\u00ed\u00e7a: obriga\u00e7\u00e3o de trabalhar\" class=\"read-more\" href=\"https:\/\/www.geneva-lawyers.com\/pt-pt\/divorcio-suica-obrigacao-trabalhar\/\" aria-label=\"Leia mais sobre Div\u00f3rcio na Su\u00ed\u00e7a: obriga\u00e7\u00e3o de trabalhar\">Ler mais<\/a><\/p>\n","protected":false},"author":1,"featured_media":0,"parent":0,"menu_order":0,"comment_status":"closed","ping_status":"closed","template":"elementor_header_footer","meta":{"_acf_changed":false,"_seopress_robots_primary_cat":"","_seopress_titles_title":"","_seopress_titles_desc":"","_seopress_robots_index":"","footnotes":""},"class_list":["post-32161","page","type-page","status-publish"],"acf":[],"_links":{"self":[{"href":"https:\/\/www.geneva-lawyers.com\/pt-pt\/wp-json\/wp\/v2\/pages\/32161","targetHints":{"allow":["GET"]}}],"collection":[{"href":"https:\/\/www.geneva-lawyers.com\/pt-pt\/wp-json\/wp\/v2\/pages"}],"about":[{"href":"https:\/\/www.geneva-lawyers.com\/pt-pt\/wp-json\/wp\/v2\/types\/page"}],"author":[{"embeddable":true,"href":"https:\/\/www.geneva-lawyers.com\/pt-pt\/wp-json\/wp\/v2\/users\/1"}],"replies":[{"embeddable":true,"href":"https:\/\/www.geneva-lawyers.com\/pt-pt\/wp-json\/wp\/v2\/comments?post=32161"}],"version-history":[{"count":6,"href":"https:\/\/www.geneva-lawyers.com\/pt-pt\/wp-json\/wp\/v2\/pages\/32161\/revisions"}],"predecessor-version":[{"id":34071,"href":"https:\/\/www.geneva-lawyers.com\/pt-pt\/wp-json\/wp\/v2\/pages\/32161\/revisions\/34071"}],"wp:attachment":[{"href":"https:\/\/www.geneva-lawyers.com\/pt-pt\/wp-json\/wp\/v2\/media?parent=32161"}],"curies":[{"name":"wp","href":"https:\/\/api.w.org\/{rel}","templated":true}]}}