{"id":32166,"date":"2024-05-21T14:29:43","date_gmt":"2024-05-21T12:29:43","guid":{"rendered":"https:\/\/www.geneva-lawyers.com\/obrigacao-de-alimentos-para-os-filhos\/"},"modified":"2025-04-14T16:12:48","modified_gmt":"2025-04-14T14:12:48","slug":"obrigacao-alimentos-para-filhos","status":"publish","type":"page","link":"https:\/\/www.geneva-lawyers.com\/pt-pt\/obrigacao-alimentos-para-filhos\/","title":{"rendered":"Obriga\u00e7\u00e3o de alimentos para os filhos"},"content":{"rendered":"\t\t<div data-elementor-type=\"wp-page\" data-elementor-id=\"32166\" class=\"elementor elementor-32166 elementor-29054\" data-elementor-post-type=\"page\">\n\t\t\t\t\t\t<section class=\"elementor-section elementor-top-section elementor-element elementor-element-3ccaddf4 elementor-section-boxed elementor-section-height-default elementor-section-height-default\" data-id=\"3ccaddf4\" data-element_type=\"section\" data-e-type=\"section\" data-settings=\"{&quot;background_background&quot;:&quot;classic&quot;}\">\n\t\t\t\t\t\t\t<div class=\"elementor-background-overlay\"><\/div>\n\t\t\t\t\t\t\t<div class=\"elementor-container elementor-column-gap-default\">\n\t\t\t\t\t<div class=\"elementor-column elementor-col-100 elementor-top-column elementor-element elementor-element-5a42abd6\" data-id=\"5a42abd6\" data-element_type=\"column\" data-e-type=\"column\">\n\t\t\t<div class=\"elementor-widget-wrap elementor-element-populated\">\n\t\t\t\t\t\t<div class=\"elementor-element elementor-element-2bf77854 elementor-widget-divider--view-line elementor-widget elementor-widget-divider\" data-id=\"2bf77854\" data-element_type=\"widget\" data-e-type=\"widget\" data-widget_type=\"divider.default\">\n\t\t\t\t<div class=\"elementor-widget-container\">\n\t\t\t\t\t\t\t<div class=\"elementor-divider\">\n\t\t\t<span class=\"elementor-divider-separator\">\n\t\t\t\t\t\t<\/span>\n\t\t<\/div>\n\t\t\t\t\t\t<\/div>\n\t\t\t\t<\/div>\n\t\t\t\t<div class=\"elementor-element elementor-element-c63ad31 elementor-align-center elementor-widget elementor-widget-button\" data-id=\"c63ad31\" data-element_type=\"widget\" data-e-type=\"widget\" data-widget_type=\"button.default\">\n\t\t\t\t<div class=\"elementor-widget-container\">\n\t\t\t\t\t\t\t\t\t<div class=\"elementor-button-wrapper\">\n\t\t\t\t\t<a class=\"elementor-button elementor-button-link elementor-size-sm\" href=\"https:\/\/www.geneva-lawyers.com\/pt-pt\/contacto\/\">\n\t\t\t\t\t\t<span class=\"elementor-button-content-wrapper\">\n\t\t\t\t\t\t\t\t\t<span class=\"elementor-button-text\">Marca uma consulta com um advogado<\/span>\n\t\t\t\t\t<\/span>\n\t\t\t\t\t<\/a>\n\t\t\t\t<\/div>\n\t\t\t\t\t\t\t\t<\/div>\n\t\t\t\t<\/div>\n\t\t\t\t\t<\/div>\n\t\t<\/div>\n\t\t\t\t\t<\/div>\n\t\t<\/section>\n\t\t\t\t<section class=\"elementor-section elementor-top-section elementor-element elementor-element-30999e56 elementor-section-boxed elementor-section-height-default elementor-section-height-default\" data-id=\"30999e56\" data-element_type=\"section\" data-e-type=\"section\">\n\t\t\t\t\t\t<div class=\"elementor-container elementor-column-gap-default\">\n\t\t\t\t\t<div class=\"elementor-column elementor-col-100 elementor-top-column elementor-element elementor-element-1f7b8569\" data-id=\"1f7b8569\" data-element_type=\"column\" data-e-type=\"column\">\n\t\t\t<div class=\"elementor-widget-wrap elementor-element-populated\">\n\t\t\t\t\t\t<div class=\"elementor-element elementor-element-395ab260 elementor-widget elementor-widget-heading\" data-id=\"395ab260\" data-element_type=\"widget\" data-e-type=\"widget\" data-widget_type=\"heading.default\">\n\t\t\t\t<div class=\"elementor-widget-container\">\n\t\t\t\t\t<h2 class=\"elementor-heading-title elementor-size-default\">Obriga\u00e7\u00e3o de alimentos para crian\u00e7as na Su\u00ed\u00e7a<\/h2>\t\t\t\t<\/div>\n\t\t\t\t<\/div>\n\t\t\t\t<div class=\"elementor-element elementor-element-55f5de64 elementor-widget-divider--view-line elementor-widget elementor-widget-divider\" data-id=\"55f5de64\" data-element_type=\"widget\" data-e-type=\"widget\" data-widget_type=\"divider.default\">\n\t\t\t\t<div class=\"elementor-widget-container\">\n\t\t\t\t\t\t\t<div class=\"elementor-divider\">\n\t\t\t<span class=\"elementor-divider-separator\">\n\t\t\t\t\t\t<\/span>\n\t\t<\/div>\n\t\t\t\t\t\t<\/div>\n\t\t\t\t<\/div>\n\t\t\t\t<div class=\"elementor-element elementor-element-2ee22f3e elementor-widget elementor-widget-text-editor\" data-id=\"2ee22f3e\" data-element_type=\"widget\" data-e-type=\"widget\" data-widget_type=\"text-editor.default\">\n\t\t\t\t<div class=\"elementor-widget-container\">\n\t\t\t\t\t\t\t\t\t<p>A obriga\u00e7\u00e3o de alimentos para os filhos \u00e9 um conceito central no direito de fam\u00edlia su\u00ed\u00e7o, garantindo que os pais satisfazem as necessidades financeiras dos filhos, incluindo a educa\u00e7\u00e3o, a sa\u00fade, a habita\u00e7\u00e3o e o bem-estar geral. O objetivo \u00e9 proporcionar \u00e0 crian\u00e7a um n\u00edvel de vida adequado e apoiar o seu desenvolvimento saud\u00e1vel e equilibrado. <\/p><p>A base jur\u00eddica desta obriga\u00e7\u00e3o encontra-se no C\u00f3digo Civil Su\u00ed\u00e7o (CC), nomeadamente nos artigos 276.\u00ba a 285. Estes artigos estabelecem os princ\u00edpios fundamentais que regem as obriga\u00e7\u00f5es alimentares, incluindo a determina\u00e7\u00e3o da contribui\u00e7\u00e3o financeira de cada um dos pais e as modalidades de execu\u00e7\u00e3o. De acordo com o direito su\u00ed\u00e7o, os pais s\u00e3o obrigados a sustentar os filhos at\u00e9 que estes atinjam a idade adulta ou se tornem financeiramente aut\u00f3nomos.  <\/p><p>O significado da obriga\u00e7\u00e3o alimentar na Su\u00ed\u00e7a ultrapassa as meras considera\u00e7\u00f5es financeiras. Consubstancia uma compreens\u00e3o profunda da responsabilidade parental e do papel dos pais na garantia dos direitos e do bem-estar da crian\u00e7a. Refor\u00e7a igualmente a ideia de que a crian\u00e7a tem direitos individuais que devem ser protegidos e respeitados tanto pelos pais como pela sociedade em geral.  <\/p><h2>Determina\u00e7\u00e3o da contribui\u00e7\u00e3o financeira<\/h2><p>A determina\u00e7\u00e3o do valor da contribui\u00e7\u00e3o financeira no \u00e2mbito da obriga\u00e7\u00e3o de alimentos em benef\u00edcio dos filhos \u00e9 uma tarefa complexa que exige uma an\u00e1lise aprofundada de v\u00e1rios factores. Na Su\u00ed\u00e7a, a contribui\u00e7\u00e3o \u00e9 calculada tendo em conta v\u00e1rios elementos, como os rendimentos e o patrim\u00f3nio dos pais, as necessidades e os recursos da crian\u00e7a e quaisquer outras circunst\u00e2ncias particulares que possam afetar a situa\u00e7\u00e3o financeira da crian\u00e7a. <\/p><p>O c\u00e1lculo tem em conta os rendimentos e os bens dos pais, incluindo sal\u00e1rios, investimentos e propriedades. A situa\u00e7\u00e3o financeira de cada um dos progenitores \u00e9 analisada para determinar a sua capacidade de contribuir para o sustento da crian\u00e7a, assegurando que a contribui\u00e7\u00e3o de cada um \u00e9 proporcional aos seus meios e satisfaz as necessidades da crian\u00e7a. <\/p><p>Al\u00e9m disso, as necessidades e os recursos da crian\u00e7a s\u00e3o factores cruciais para o c\u00e1lculo. Estas necessidades podem variar consoante a idade, a sa\u00fade, a educa\u00e7\u00e3o e o estilo de vida da crian\u00e7a. Os recursos da crian\u00e7a, tais como rendimentos pessoais ou bolsas de estudo, tamb\u00e9m podem ser considerados. O objetivo \u00e9 encontrar um equil\u00edbrio que garanta o bem-estar da crian\u00e7a sem impor um encargo financeiro excessivo aos pais.   <\/p><p>Podem surgir lit\u00edgios relativamente \u00e0 contribui\u00e7\u00e3o financeira e pode ser necess\u00e1rio recorrer \u00e0 justi\u00e7a. Os peritos e os mediadores desempenham um papel fundamental para ajudar as partes a chegar a um acordo. Os peritos financeiros e jur\u00eddicos podem ajudar a resolver os desacordos e a encontrar uma solu\u00e7\u00e3o justa.  <\/p><p>\u00c9 igualmente importante ter em conta que a contribui\u00e7\u00e3o financeira n\u00e3o \u00e9 fixa e pode ser alterada se as circunst\u00e2ncias se alterarem significativamente. Se os rendimentos dos pais ou as necessidades da crian\u00e7a se alterarem substancialmente, a obriga\u00e7\u00e3o de alimentos pode ser reavaliada para garantir que continua a ser adequada e a satisfazer as necessidades da crian\u00e7a. <\/p><h2>Considera\u00e7\u00f5es antes do div\u00f3rcio<\/h2><p>Antes de um div\u00f3rcio, \u00e9 fundamental tratar cuidadosamente da obriga\u00e7\u00e3o de alimentos para os filhos. Na Su\u00ed\u00e7a, trata-se normalmente de um acordo preliminar relativo \u00e0 pens\u00e3o de alimentos. Os pais devem discutir e definir a forma como as necessidades financeiras da crian\u00e7a ser\u00e3o cobertas durante e ap\u00f3s o processo de div\u00f3rcio. A consulta de um advogado ou de um mediador familiar pode ajudar a garantir que o acordo \u00e9 justo e legal.   <\/p><p>A guarda e a resid\u00eancia da crian\u00e7a s\u00e3o tamb\u00e9m considera\u00e7\u00f5es essenciais nesta fase. As decis\u00f5es relativas \u00e0 guarda t\u00eam impacto na obriga\u00e7\u00e3o de alimentos, uma vez que determinam com que progenitor a crian\u00e7a viver\u00e1 em primeiro lugar e como ser\u00e3o partilhadas as responsabilidades. Acordos como a guarda conjunta ou alternada podem influenciar a forma como a pens\u00e3o de alimentos \u00e9 calculada e aplicada.  <\/p><p>Em alguns casos, os c\u00f4njuges podem optar por viver separadamente antes do div\u00f3rcio, o que se designa por separa\u00e7\u00e3o judicial. Esta situa\u00e7\u00e3o tem implica\u00e7\u00f5es para a obriga\u00e7\u00e3o de alimentos a favor dos filhos, uma vez que estabelece uma separa\u00e7\u00e3o judicial sem uma dissolu\u00e7\u00e3o completa do casamento. As regras relativas \u00e0 pens\u00e3o de alimentos continuam a ser aplic\u00e1veis e os pais devem assegurar que as disposi\u00e7\u00f5es financeiras s\u00e3o claramente definidas durante este per\u00edodo.  <\/p><p>Al\u00e9m disso, as obriga\u00e7\u00f5es legais dos c\u00f4njuges em mat\u00e9ria de informa\u00e7\u00e3o financeira s\u00e3o particularmente relevantes para a determina\u00e7\u00e3o da pens\u00e3o de alimentos. Os pais devem fornecer informa\u00e7\u00f5es completas e exactas sobre a sua situa\u00e7\u00e3o financeira, incluindo rendimentos, despesas, bens e d\u00edvidas. Se n\u00e3o o fizerem, podem ter consequ\u00eancias legais e afetar a equidade da obriga\u00e7\u00e3o de alimentos.  <\/p><p>Se os pais n\u00e3o chegarem a acordo sobre a obriga\u00e7\u00e3o de alimentos, poder\u00e1 ser necess\u00e1rio recorrer a um processo judicial. O tribunal analisar\u00e1 a situa\u00e7\u00e3o financeira dos pais, as necessidades da crian\u00e7a e outros factores relevantes para estabelecer uma obriga\u00e7\u00e3o de alimentos justa. Consultar um advogado de direito da fam\u00edlia \u00e9 muitas vezes essencial para navegar neste processo complexo.  <\/p><h2>Aplica\u00e7\u00e3o p\u00f3s-div\u00f3rcio<\/h2><p>Ap\u00f3s o div\u00f3rcio, a obriga\u00e7\u00e3o de alimentos a favor dos filhos continua a ser um aspeto crucial da regulamenta\u00e7\u00e3o jur\u00eddica entre os pais. A aplica\u00e7\u00e3o da obriga\u00e7\u00e3o de alimentos exige uma aten\u00e7\u00e3o e um controlo permanentes para garantir que as disposi\u00e7\u00f5es acordadas s\u00e3o respeitadas e continuam a satisfazer as necessidades da crian\u00e7a. <\/p><p>Os acordos de div\u00f3rcio su\u00ed\u00e7os incluem normalmente disposi\u00e7\u00f5es pormenorizadas relativas \u00e0 pens\u00e3o de alimentos para os filhos, incluindo o montante da contribui\u00e7\u00e3o financeira, a frequ\u00eancia e o m\u00e9todo de pagamento. Estes acordos s\u00e3o geralmente vinculativos e devem ser cumpridos por ambas as partes. No entanto, se ocorrerem altera\u00e7\u00f5es substanciais nas circunst\u00e2ncias, como altera\u00e7\u00f5es nos rendimentos ou nas necessidades da crian\u00e7a, a obriga\u00e7\u00e3o de alimentos pode ser revista pelo tribunal.  <\/p><p>Os tribunais desempenham um papel fundamental na aplica\u00e7\u00e3o da obriga\u00e7\u00e3o de alimentos ap\u00f3s o div\u00f3rcio. Se um dos progenitores n\u00e3o cumprir a sua obriga\u00e7\u00e3o, o outro progenitor pode solicitar a interven\u00e7\u00e3o do tribunal. O incumprimento das obriga\u00e7\u00f5es alimentares pode ter consequ\u00eancias jur\u00eddicas graves, incluindo san\u00e7\u00f5es civis ou penais.  <\/p><p>\u00c9 importante notar que a obriga\u00e7\u00e3o de alimentos a favor dos filhos \u00e9 independente do direito de visita ou da rela\u00e7\u00e3o entre o progenitor pagador e o filho. Mesmo que um progenitor n\u00e3o veja regularmente a crian\u00e7a, continua a ter de cumprir a sua obriga\u00e7\u00e3o de alimentos, uma vez que esta responsabilidade \u00e9 independente dos direitos parentais. <\/p><p>Al\u00e9m disso, a responsabilidade em mat\u00e9ria de alimentos n\u00e3o se limita aos pais biol\u00f3gicos. Em determinadas circunst\u00e2ncias, os padrastos e madrastas ou outras partes podem ser legalmente respons\u00e1veis pela pens\u00e3o de alimentos da crian\u00e7a, de acordo com as disposi\u00e7\u00f5es do C\u00f3digo Civil su\u00ed\u00e7o. <\/p>\t\t\t\t\t\t\t\t<\/div>\n\t\t\t\t<\/div>\n\t\t\t\t\t<\/div>\n\t\t<\/div>\n\t\t\t\t\t<\/div>\n\t\t<\/section>\n\t\t\t\t<section class=\"elementor-section elementor-top-section elementor-element elementor-element-7de32b36 elementor-section-full_width elementor-section-height-min-height elementor-section-items-stretch elementor-section-content-middle elementor-section-height-default\" data-id=\"7de32b36\" data-element_type=\"section\" data-e-type=\"section\" data-settings=\"{&quot;background_background&quot;:&quot;classic&quot;}\">\n\t\t\t\t\t\t<div class=\"elementor-container elementor-column-gap-no\">\n\t\t\t\t\t<div class=\"elementor-column elementor-col-50 elementor-top-column elementor-element elementor-element-5fa204c2\" data-id=\"5fa204c2\" data-element_type=\"column\" data-e-type=\"column\" data-settings=\"{&quot;background_background&quot;:&quot;classic&quot;}\">\n\t\t\t<div class=\"elementor-widget-wrap elementor-element-populated\">\n\t\t\t\t\t\t<div class=\"elementor-element elementor-element-1d997d8f elementor-widget elementor-widget-spacer\" data-id=\"1d997d8f\" data-element_type=\"widget\" data-e-type=\"widget\" data-widget_type=\"spacer.default\">\n\t\t\t\t<div class=\"elementor-widget-container\">\n\t\t\t\t\t\t\t<div class=\"elementor-spacer\">\n\t\t\t<div class=\"elementor-spacer-inner\"><\/div>\n\t\t<\/div>\n\t\t\t\t\t\t<\/div>\n\t\t\t\t<\/div>\n\t\t\t\t\t<\/div>\n\t\t<\/div>\n\t\t\t\t<div class=\"elementor-column elementor-col-50 elementor-top-column elementor-element elementor-element-12d120a\" data-id=\"12d120a\" data-element_type=\"column\" data-e-type=\"column\" data-settings=\"{&quot;background_background&quot;:&quot;classic&quot;}\">\n\t\t\t<div class=\"elementor-widget-wrap elementor-element-populated\">\n\t\t\t\t\t\t<div class=\"elementor-element elementor-element-6e29c96e elementor-widget elementor-widget-heading\" data-id=\"6e29c96e\" data-element_type=\"widget\" data-e-type=\"widget\" data-widget_type=\"heading.default\">\n\t\t\t\t<div class=\"elementor-widget-container\">\n\t\t\t\t\t<p class=\"elementor-heading-title elementor-size-default\">Consulta inicial  <\/p>\t\t\t\t<\/div>\n\t\t\t\t<\/div>\n\t\t\t\t<div class=\"elementor-element elementor-element-1bda6f8 elementor-widget elementor-widget-heading\" data-id=\"1bda6f8\" data-element_type=\"widget\" data-e-type=\"widget\" data-widget_type=\"heading.default\">\n\t\t\t\t<div class=\"elementor-widget-container\">\n\t\t\t\t\t<p class=\"elementor-heading-title elementor-size-default\">de 60 min a CHF 220.00<\/p>\t\t\t\t<\/div>\n\t\t\t\t<\/div>\n\t\t\t\t<div class=\"elementor-element elementor-element-21810126 elementor-widget elementor-widget-text-editor\" data-id=\"21810126\" data-element_type=\"widget\" data-e-type=\"widget\" data-widget_type=\"text-editor.default\">\n\t\t\t\t<div class=\"elementor-widget-container\">\n\t\t\t\t\t\t\t\t\tDiscute a tua situa\u00e7\u00e3o com um advogado especializado na Su\u00ed\u00e7a.\n\t\t\t\t\t\t\t\t<\/div>\n\t\t\t\t<\/div>\n\t\t\t\t<div class=\"elementor-element elementor-element-2b3353f1 elementor-widget-divider--view-line elementor-widget elementor-widget-divider\" data-id=\"2b3353f1\" data-element_type=\"widget\" data-e-type=\"widget\" data-widget_type=\"divider.default\">\n\t\t\t\t<div class=\"elementor-widget-container\">\n\t\t\t\t\t\t\t<div class=\"elementor-divider\">\n\t\t\t<span class=\"elementor-divider-separator\">\n\t\t\t\t\t\t<\/span>\n\t\t<\/div>\n\t\t\t\t\t\t<\/div>\n\t\t\t\t<\/div>\n\t\t\t\t<div class=\"elementor-element elementor-element-4fa3de2d elementor-widget elementor-widget-text-editor\" data-id=\"4fa3de2d\" data-element_type=\"widget\" data-e-type=\"widget\" data-widget_type=\"text-editor.default\">\n\t\t\t\t<div class=\"elementor-widget-container\">\n\t\t\t\t\t\t\t\t\t<p>Procuras apenas uma marca\u00e7\u00e3o para fazer algumas perguntas?<br>N\u00e3o tens a certeza sobre os procedimentos que pretendes efetuar?<br>A tua situa\u00e7\u00e3o n\u00e3o \u00e9 clara?<\/p><p><strong>Opta por uma primeira consulta com um advogado em Genebra.<\/strong><\/p><p>Decidir\u00e1s ent\u00e3o se queres prosseguir e os nossos advogados indicar-te-\u00e3o o custo do processo em fun\u00e7\u00e3o do teu caso. Marca\u00e7\u00e3o de consultas presenciais ou por videoconfer\u00eancia. <strong><br><\/strong><\/p>\t\t\t\t\t\t\t\t<\/div>\n\t\t\t\t<\/div>\n\t\t\t\t<div class=\"elementor-element elementor-element-2f79433 elementor-align-center elementor-widget elementor-widget-button\" data-id=\"2f79433\" data-element_type=\"widget\" data-e-type=\"widget\" data-widget_type=\"button.default\">\n\t\t\t\t<div class=\"elementor-widget-container\">\n\t\t\t\t\t\t\t\t\t<div class=\"elementor-button-wrapper\">\n\t\t\t\t\t<a class=\"elementor-button elementor-button-link elementor-size-sm\" href=\"https:\/\/www.geneva-lawyers.com\/pt-pt\/contacto\/\">\n\t\t\t\t\t\t<span class=\"elementor-button-content-wrapper\">\n\t\t\t\t\t\t\t\t\t<span class=\"elementor-button-text\">Marca uma consulta com um advogado<\/span>\n\t\t\t\t\t<\/span>\n\t\t\t\t\t<\/a>\n\t\t\t\t<\/div>\n\t\t\t\t\t\t\t\t<\/div>\n\t\t\t\t<\/div>\n\t\t\t\t\t<\/div>\n\t\t<\/div>\n\t\t\t\t\t<\/div>\n\t\t<\/section>\n\t\t\t\t<\/div>\n\t\t","protected":false},"excerpt":{"rendered":"<p>Marca uma consulta com um advogado Obriga\u00e7\u00e3o de alimentos para crian\u00e7as na Su\u00ed\u00e7a A obriga\u00e7\u00e3o de alimentos para os filhos \u00e9 um conceito central no direito de fam\u00edlia su\u00ed\u00e7o, garantindo que os pais satisfazem as necessidades financeiras dos filhos, incluindo a educa\u00e7\u00e3o, a sa\u00fade, a habita\u00e7\u00e3o e o bem-estar geral. O objetivo \u00e9 proporcionar \u00e0 &#8230; <a title=\"Obriga\u00e7\u00e3o de alimentos para os filhos\" class=\"read-more\" href=\"https:\/\/www.geneva-lawyers.com\/pt-pt\/obrigacao-alimentos-para-filhos\/\" aria-label=\"Leia mais sobre Obriga\u00e7\u00e3o de alimentos para os filhos\">Ler mais<\/a><\/p>\n","protected":false},"author":1,"featured_media":0,"parent":0,"menu_order":0,"comment_status":"closed","ping_status":"closed","template":"elementor_header_footer","meta":{"_acf_changed":false,"_seopress_robots_primary_cat":"","_seopress_titles_title":"","_seopress_titles_desc":"","_seopress_robots_index":"","footnotes":""},"class_list":["post-32166","page","type-page","status-publish"],"acf":[],"_links":{"self":[{"href":"https:\/\/www.geneva-lawyers.com\/pt-pt\/wp-json\/wp\/v2\/pages\/32166","targetHints":{"allow":["GET"]}}],"collection":[{"href":"https:\/\/www.geneva-lawyers.com\/pt-pt\/wp-json\/wp\/v2\/pages"}],"about":[{"href":"https:\/\/www.geneva-lawyers.com\/pt-pt\/wp-json\/wp\/v2\/types\/page"}],"author":[{"embeddable":true,"href":"https:\/\/www.geneva-lawyers.com\/pt-pt\/wp-json\/wp\/v2\/users\/1"}],"replies":[{"embeddable":true,"href":"https:\/\/www.geneva-lawyers.com\/pt-pt\/wp-json\/wp\/v2\/comments?post=32166"}],"version-history":[{"count":6,"href":"https:\/\/www.geneva-lawyers.com\/pt-pt\/wp-json\/wp\/v2\/pages\/32166\/revisions"}],"predecessor-version":[{"id":34241,"href":"https:\/\/www.geneva-lawyers.com\/pt-pt\/wp-json\/wp\/v2\/pages\/32166\/revisions\/34241"}],"wp:attachment":[{"href":"https:\/\/www.geneva-lawyers.com\/pt-pt\/wp-json\/wp\/v2\/media?parent=32166"}],"curies":[{"name":"wp","href":"https:\/\/api.w.org\/{rel}","templated":true}]}}