{"id":32172,"date":"2024-05-21T14:23:35","date_gmt":"2024-05-21T12:23:35","guid":{"rendered":"https:\/\/www.geneva-lawyers.com\/direitos-de-guarda-dos-filhos\/"},"modified":"2025-04-14T16:12:48","modified_gmt":"2025-04-14T14:12:48","slug":"direitos-guarda-filhos","status":"publish","type":"page","link":"https:\/\/www.geneva-lawyers.com\/pt-pt\/direitos-guarda-filhos\/","title":{"rendered":"Direitos de guarda dos filhos"},"content":{"rendered":"\t\t<div data-elementor-type=\"wp-page\" data-elementor-id=\"32172\" class=\"elementor elementor-32172 elementor-29044\" data-elementor-post-type=\"page\">\n\t\t\t\t\t\t<section class=\"elementor-section elementor-top-section elementor-element elementor-element-12de37c1 elementor-section-boxed elementor-section-height-default elementor-section-height-default\" data-id=\"12de37c1\" data-element_type=\"section\" data-e-type=\"section\" data-settings=\"{&quot;background_background&quot;:&quot;classic&quot;}\">\n\t\t\t\t\t\t\t<div class=\"elementor-background-overlay\"><\/div>\n\t\t\t\t\t\t\t<div class=\"elementor-container elementor-column-gap-default\">\n\t\t\t\t\t<div class=\"elementor-column elementor-col-100 elementor-top-column elementor-element elementor-element-5e0ca0f6\" data-id=\"5e0ca0f6\" data-element_type=\"column\" data-e-type=\"column\">\n\t\t\t<div class=\"elementor-widget-wrap elementor-element-populated\">\n\t\t\t\t\t\t<div class=\"elementor-element elementor-element-59126edb elementor-widget-divider--view-line elementor-widget elementor-widget-divider\" data-id=\"59126edb\" data-element_type=\"widget\" data-e-type=\"widget\" data-widget_type=\"divider.default\">\n\t\t\t\t<div class=\"elementor-widget-container\">\n\t\t\t\t\t\t\t<div class=\"elementor-divider\">\n\t\t\t<span class=\"elementor-divider-separator\">\n\t\t\t\t\t\t<\/span>\n\t\t<\/div>\n\t\t\t\t\t\t<\/div>\n\t\t\t\t<\/div>\n\t\t\t\t<div class=\"elementor-element elementor-element-3a352ce9 elementor-align-center elementor-widget elementor-widget-button\" data-id=\"3a352ce9\" data-element_type=\"widget\" data-e-type=\"widget\" data-widget_type=\"button.default\">\n\t\t\t\t<div class=\"elementor-widget-container\">\n\t\t\t\t\t\t\t\t\t<div class=\"elementor-button-wrapper\">\n\t\t\t\t\t<a class=\"elementor-button elementor-button-link elementor-size-sm\" href=\"https:\/\/www.geneva-lawyers.com\/pt-pt\/contacto\/\">\n\t\t\t\t\t\t<span class=\"elementor-button-content-wrapper\">\n\t\t\t\t\t\t\t\t\t<span class=\"elementor-button-text\">Marca uma consulta com um advogado<\/span>\n\t\t\t\t\t<\/span>\n\t\t\t\t\t<\/a>\n\t\t\t\t<\/div>\n\t\t\t\t\t\t\t\t<\/div>\n\t\t\t\t<\/div>\n\t\t\t\t\t<\/div>\n\t\t<\/div>\n\t\t\t\t\t<\/div>\n\t\t<\/section>\n\t\t\t\t<section class=\"elementor-section elementor-top-section elementor-element elementor-element-16865338 elementor-section-boxed elementor-section-height-default elementor-section-height-default\" data-id=\"16865338\" data-element_type=\"section\" data-e-type=\"section\">\n\t\t\t\t\t\t<div class=\"elementor-container elementor-column-gap-default\">\n\t\t\t\t\t<div class=\"elementor-column elementor-col-100 elementor-top-column elementor-element elementor-element-3b0cb163\" data-id=\"3b0cb163\" data-element_type=\"column\" data-e-type=\"column\">\n\t\t\t<div class=\"elementor-widget-wrap elementor-element-populated\">\n\t\t\t\t\t\t<div class=\"elementor-element elementor-element-526aff95 elementor-widget elementor-widget-heading\" data-id=\"526aff95\" data-element_type=\"widget\" data-e-type=\"widget\" data-widget_type=\"heading.default\">\n\t\t\t\t<div class=\"elementor-widget-container\">\n\t\t\t\t\t<h2 class=\"elementor-heading-title elementor-size-default\">Direitos de guarda dos filhos<\/h2>\t\t\t\t<\/div>\n\t\t\t\t<\/div>\n\t\t\t\t<div class=\"elementor-element elementor-element-57992e6a elementor-widget-divider--view-line elementor-widget elementor-widget-divider\" data-id=\"57992e6a\" data-element_type=\"widget\" data-e-type=\"widget\" data-widget_type=\"divider.default\">\n\t\t\t\t<div class=\"elementor-widget-container\">\n\t\t\t\t\t\t\t<div class=\"elementor-divider\">\n\t\t\t<span class=\"elementor-divider-separator\">\n\t\t\t\t\t\t<\/span>\n\t\t<\/div>\n\t\t\t\t\t\t<\/div>\n\t\t\t\t<\/div>\n\t\t\t\t<div class=\"elementor-element elementor-element-6a65a655 elementor-widget elementor-widget-text-editor\" data-id=\"6a65a655\" data-element_type=\"widget\" data-e-type=\"widget\" data-widget_type=\"text-editor.default\">\n\t\t\t\t<div class=\"elementor-widget-container\">\n\t\t\t\t\t\t\t\t\t<div class=\"flex flex-grow flex-col max-w-full\"><div class=\"min-h-[20px] text-message flex flex-col items-start whitespace-pre-wrap break-words [.text-message+&amp;]:mt-5 juice:w-full juice:items-end overflow-x-auto gap-2\" dir=\"auto\" data-message-author-role=\"assistant\" data-message-id=\"46b3b690-1daa-454d-8f7f-ca277f399c8f\"><div class=\"flex w-full flex-col gap-1 juice:empty:hidden juice:first:pt-[3px]\"><div class=\"markdown prose w-full break-words dark:prose-invert dark\"><p>A guarda dos filhos \u00e9 um aspeto fundamental do direito matrimonial e familiar na Su\u00ed\u00e7a, que regula a reparti\u00e7\u00e3o das responsabilidades parentais ap\u00f3s uma separa\u00e7\u00e3o ou div\u00f3rcio. A guarda dos filhos \u00e9 um aspeto fundamental do direito matrimonial e familiar na Su\u00ed\u00e7a, que regula a atribui\u00e7\u00e3o das responsabilidades parentais ap\u00f3s a separa\u00e7\u00e3o ou o div\u00f3rcio. <\/p><h2>Determina\u00e7\u00e3o da cust\u00f3dia na Su\u00ed\u00e7a<\/h2><p>Na Su\u00ed\u00e7a, as decis\u00f5es sobre a guarda de crian\u00e7as t\u00eam como prioridade o interesse superior da crian\u00e7a. Este princ\u00edpio orientador garante que todas as decis\u00f5es sobre a cust\u00f3dia se centram nas necessidades e no bem-estar da crian\u00e7a, abordando n\u00e3o s\u00f3 os requisitos f\u00edsicos, mas tamb\u00e9m as necessidades emocionais, sociais e educativas. <\/p><p>O direito su\u00ed\u00e7o reconhece v\u00e1rios tipos de guarda, como a guarda exclusiva, a guarda partilhada e a guarda alternada. Cada um destes tipos de guarda \u00e9 adaptado \u00e0s diferentes situa\u00e7\u00f5es familiares e \u00e0s necessidades espec\u00edficas da crian\u00e7a. A escolha do regime de guarda resulta muitas vezes de uma avalia\u00e7\u00e3o judicial exaustiva, na qual podem ser consultados profissionais especializados para obterem os seus pareceres.  <\/p><h2>Diferen\u00e7a entre poder paternal e direito de guarda<\/h2><p>O poder paternal e o direito de guarda, embora muitas vezes confundidos, referem-se a diferentes aspectos da responsabilidade parental no \u00e2mbito do direito su\u00ed\u00e7o. O poder paternal \u00e9 o conjunto das responsabilidades dos pais em rela\u00e7\u00e3o aos filhos, abrangendo a educa\u00e7\u00e3o, a sa\u00fade e o bem-estar geral. Esta autoridade inclui a tomada de decis\u00f5es importantes para a vida da crian\u00e7a, tais como a educa\u00e7\u00e3o escolar e religiosa, e normalmente permanece partilhada entre os pais mesmo ap\u00f3s um div\u00f3rcio.  <\/p><p>O direito de guarda, por outro lado, diz respeito especificamente aos cuidados di\u00e1rios e ao bem-estar da crian\u00e7a. Isto inclui responsabilidades como fornecer alimenta\u00e7\u00e3o, abrigo e aten\u00e7\u00e3o di\u00e1ria. A guarda pode ser concedida a um dos progenitores ou partilhada entre ambos, dependendo do que for considerado melhor para a crian\u00e7a.  <\/p><p>Enquanto o poder paternal diz respeito a decis\u00f5es importantes na vida da crian\u00e7a, a guarda diz respeito aos cuidados quotidianos. No direito su\u00ed\u00e7o, estes dois aspectos s\u00e3o tratados separadamente e a guarda torna-se muitas vezes uma quest\u00e3o controversa aquando de separa\u00e7\u00f5es ou div\u00f3rcios. Os tribunais su\u00ed\u00e7os d\u00e3o \u00eanfase ao bem-estar da crian\u00e7a ao tomarem estas decis\u00f5es, assegurando que as avalia\u00e7\u00f5es da autoridade parental e da cust\u00f3dia s\u00e3o conduzidas meticulosamente para se centrarem nas necessidades e interesses da crian\u00e7a.  <\/p><h2>Categorias de cust\u00f3dia<\/h2><p>Na Su\u00ed\u00e7a, a guarda \u00e9 classificada em diferentes categorias para responder \u00e0s diferentes necessidades das fam\u00edlias e das crian\u00e7as. Estas categorias incluem a guarda exclusiva, a guarda partilhada e a guarda alternada. <\/p><ul><li><p><strong>Guarda \u00fanica<\/strong>: Concede a um dos progenitores a responsabilidade principal pela crian\u00e7a, tratando da maioria, se n\u00e3o de todas, as responsabilidades e cuidados di\u00e1rios. A guarda \u00fanica \u00e9 frequentemente atribu\u00edda quando um dos pais n\u00e3o pode cumprir os deveres parentais devido a raz\u00f5es pessoais, profissionais ou outras. <\/p><\/li><li><p><strong>Guarda partilhada<\/strong>: Trata-se de dividir as responsabilidades da crian\u00e7a entre ambos os pais, o que significa que cada um deles se encarrega de uma parte dos cuidados e deveres di\u00e1rios. A guarda partilhada exige uma estreita comunica\u00e7\u00e3o e coopera\u00e7\u00e3o entre os pais para garantir uma rotina est\u00e1vel e consistente para a crian\u00e7a. <\/p><\/li><li><p><strong>Guarda alternada<\/strong>: Este regime permite que a crian\u00e7a viva alternadamente com cada um dos progenitores, de acordo com um calend\u00e1rio pr\u00e9-estabelecido, com o objetivo de assegurar uma distribui\u00e7\u00e3o equitativa do tempo e das responsabilidades entre os progenitores. Pode proporcionar uma experi\u00eancia equilibrada para a crian\u00e7a, mas exige uma coordena\u00e7\u00e3o e coopera\u00e7\u00e3o significativas entre os pais. <\/p><\/li><\/ul><p>Cada tipo de guarda tem os seus pr\u00f3s e contras, escolhidos com base nas necessidades espec\u00edficas da crian\u00e7a e na situa\u00e7\u00e3o familiar. Os tribunais su\u00ed\u00e7os centram-se no interesse superior da crian\u00e7a para determinar a categoria de guarda adequada, tendo em conta factores como a idade da crian\u00e7a, as suas necessidades emocionais e f\u00edsicas e a capacidade dos pais para prestarem cuidados adequados. Compreender estas categorias \u00e9 essencial para perceber como funciona a cust\u00f3dia na Su\u00ed\u00e7a e o seu objetivo de proteger e apoiar o bem-estar das crian\u00e7as.  <\/p><h2>Crit\u00e9rios de atribui\u00e7\u00e3o da cust\u00f3dia<\/h2><p>Na Su\u00ed\u00e7a, a atribui\u00e7\u00e3o da guarda de uma crian\u00e7a \u00e9 uma decis\u00e3o judicial complexa que tem em conta numerosos crit\u00e9rios, sendo o interesse superior da crian\u00e7a o mais importante. Os tribunais examinam o bem-estar f\u00edsico e mental da crian\u00e7a, a sua educa\u00e7\u00e3o e o seu desenvolvimento global para determinar a solu\u00e7\u00e3o mais adequada. <\/p><p>As capacidades dos pais s\u00e3o um fator essencial no processo de decis\u00e3o. Os ju\u00edzes avaliam a capacidade de cada progenitor para satisfazer as necessidades da crian\u00e7a, tanto a n\u00edvel emocional como material, o que inclui proporcionar um lar est\u00e1vel, uma educa\u00e7\u00e3o adequada e um ambiente acolhedor. <\/p><p>As condi\u00e7\u00f5es de vida dos pais tamb\u00e9m s\u00e3o consideradas, incluindo a localiza\u00e7\u00e3o geogr\u00e1fica, a estabilidade financeira e o ambiente familiar mais alargado, como a presen\u00e7a de outros filhos ou familiares.<\/p><p>Al\u00e9m disso, s\u00e3o analisadas as decis\u00f5es legais e as implica\u00e7\u00f5es judiciais, incluindo quaisquer acordos anteriores entre os pais ou decis\u00f5es judiciais anteriores que afectem a cust\u00f3dia.<\/p><p>Os tribunais su\u00ed\u00e7os aplicam estes crit\u00e9rios no \u00e2mbito do direito da fam\u00edlia e da crian\u00e7a, dando \u00eanfase \u00e0 prote\u00e7\u00e3o da crian\u00e7a. As decis\u00f5es sobre a cust\u00f3dia s\u00e3o tomadas ap\u00f3s uma avalia\u00e7\u00e3o cuidadosa de todos os factores, com o objetivo principal de servir os melhores interesses da crian\u00e7a. Peritos em psicologia infantil, servi\u00e7os sociais e outros profissionais especializados ajudam frequentemente neste processo para garantir que as decis\u00f5es reflectem uma compreens\u00e3o abrangente das necessidades espec\u00edficas da crian\u00e7a.  <\/p><h2>Obriga\u00e7\u00f5es de apoio financeiro<\/h2><p>O apoio financeiro na Su\u00ed\u00e7a desempenha um papel crucial no contexto da cust\u00f3dia dos filhos, referindo-se \u00e0s obriga\u00e7\u00f5es financeiras que os pais t\u00eam de cumprir para apoiar as necessidades dos filhos. Este apoio \u00e9 calculado com base em v\u00e1rios factores, incluindo os rendimentos dos pais, as necessidades da crian\u00e7a e a capacidade de contribui\u00e7\u00e3o de cada um dos pais. <\/p><p>Nos casos de guarda exclusiva, o progenitor que n\u00e3o tem a guarda \u00e9 normalmente obrigado a pagar uma pens\u00e3o de alimentos para ajudar a cobrir os custos associados \u00e0 educa\u00e7\u00e3o e cuidados da crian\u00e7a. O tribunal determina o montante da pens\u00e3o, tendo em conta as circunst\u00e2ncias espec\u00edficas de cada fam\u00edlia. <\/p><p>Em situa\u00e7\u00f5es de guarda partilhada ou alternada, as obriga\u00e7\u00f5es financeiras podem ser mais complexas, uma vez que ambos os pais partilham responsabilidades di\u00e1rias. Os tribunais avaliam ent\u00e3o a contribui\u00e7\u00e3o financeira de cada progenitor com base no tempo de cust\u00f3dia e nos recursos de cada um. <\/p><p>A lei su\u00ed\u00e7a exige que os pais satisfa\u00e7am de forma adequada e equitativa as necessidades dos seus filhos. Isto inclui necessidades essenciais como alimenta\u00e7\u00e3o e habita\u00e7\u00e3o, bem como necessidades educativas e actividades extracurriculares que contribuam para o desenvolvimento global da crian\u00e7a. <\/p><p>O apoio financeiro \u00e9 um elemento essencial da cust\u00f3dia dos filhos na Su\u00ed\u00e7a, garantindo que as necessidades financeiras da crian\u00e7a s\u00e3o satisfeitas de forma justa e adequada. Salienta a obriga\u00e7\u00e3o legal dos pais de prestarem apoio financeiro cont\u00ednuo, independentemente do acordo de cust\u00f3dia. Os tribunais su\u00ed\u00e7os esfor\u00e7am-se por garantir que estas contribui\u00e7\u00f5es s\u00e3o justas e reflectem as necessidades e os recursos de cada fam\u00edlia, tendo sempre como objetivo proteger e promover o bem-estar da crian\u00e7a.  <\/p><\/div><\/div><\/div><\/div>\t\t\t\t\t\t\t\t<\/div>\n\t\t\t\t<\/div>\n\t\t\t\t\t<\/div>\n\t\t<\/div>\n\t\t\t\t\t<\/div>\n\t\t<\/section>\n\t\t\t\t<section class=\"elementor-section elementor-top-section elementor-element elementor-element-1f46fa9d elementor-section-full_width elementor-section-height-min-height elementor-section-items-stretch elementor-section-content-middle elementor-section-height-default\" data-id=\"1f46fa9d\" data-element_type=\"section\" data-e-type=\"section\" data-settings=\"{&quot;background_background&quot;:&quot;classic&quot;}\">\n\t\t\t\t\t\t<div class=\"elementor-container elementor-column-gap-no\">\n\t\t\t\t\t<div class=\"elementor-column elementor-col-50 elementor-top-column elementor-element elementor-element-36bd48f1\" data-id=\"36bd48f1\" data-element_type=\"column\" data-e-type=\"column\" data-settings=\"{&quot;background_background&quot;:&quot;classic&quot;}\">\n\t\t\t<div class=\"elementor-widget-wrap elementor-element-populated\">\n\t\t\t\t\t\t<div class=\"elementor-element elementor-element-3c60bd19 elementor-widget elementor-widget-spacer\" data-id=\"3c60bd19\" data-element_type=\"widget\" data-e-type=\"widget\" data-widget_type=\"spacer.default\">\n\t\t\t\t<div class=\"elementor-widget-container\">\n\t\t\t\t\t\t\t<div class=\"elementor-spacer\">\n\t\t\t<div class=\"elementor-spacer-inner\"><\/div>\n\t\t<\/div>\n\t\t\t\t\t\t<\/div>\n\t\t\t\t<\/div>\n\t\t\t\t\t<\/div>\n\t\t<\/div>\n\t\t\t\t<div class=\"elementor-column elementor-col-50 elementor-top-column elementor-element elementor-element-2c371248\" data-id=\"2c371248\" data-element_type=\"column\" data-e-type=\"column\" data-settings=\"{&quot;background_background&quot;:&quot;classic&quot;}\">\n\t\t\t<div class=\"elementor-widget-wrap elementor-element-populated\">\n\t\t\t\t\t\t<div class=\"elementor-element elementor-element-e3c6af3 elementor-widget elementor-widget-heading\" data-id=\"e3c6af3\" data-element_type=\"widget\" data-e-type=\"widget\" data-widget_type=\"heading.default\">\n\t\t\t\t<div class=\"elementor-widget-container\">\n\t\t\t\t\t<p class=\"elementor-heading-title elementor-size-default\">Consulta inicial  <\/p>\t\t\t\t<\/div>\n\t\t\t\t<\/div>\n\t\t\t\t<div class=\"elementor-element elementor-element-6c6d115d elementor-widget elementor-widget-heading\" data-id=\"6c6d115d\" data-element_type=\"widget\" data-e-type=\"widget\" data-widget_type=\"heading.default\">\n\t\t\t\t<div class=\"elementor-widget-container\">\n\t\t\t\t\t<p class=\"elementor-heading-title elementor-size-default\">de 60 min a CHF 220.00<\/p>\t\t\t\t<\/div>\n\t\t\t\t<\/div>\n\t\t\t\t<div class=\"elementor-element elementor-element-53bf8bd2 elementor-widget elementor-widget-text-editor\" data-id=\"53bf8bd2\" data-element_type=\"widget\" data-e-type=\"widget\" data-widget_type=\"text-editor.default\">\n\t\t\t\t<div class=\"elementor-widget-container\">\n\t\t\t\t\t\t\t\t\tDiscute a tua situa\u00e7\u00e3o com um advogado especializado na Su\u00ed\u00e7a.\n\t\t\t\t\t\t\t\t<\/div>\n\t\t\t\t<\/div>\n\t\t\t\t<div class=\"elementor-element elementor-element-66b2d64c elementor-widget-divider--view-line elementor-widget elementor-widget-divider\" data-id=\"66b2d64c\" data-element_type=\"widget\" data-e-type=\"widget\" data-widget_type=\"divider.default\">\n\t\t\t\t<div class=\"elementor-widget-container\">\n\t\t\t\t\t\t\t<div class=\"elementor-divider\">\n\t\t\t<span class=\"elementor-divider-separator\">\n\t\t\t\t\t\t<\/span>\n\t\t<\/div>\n\t\t\t\t\t\t<\/div>\n\t\t\t\t<\/div>\n\t\t\t\t<div class=\"elementor-element elementor-element-3bc5682f elementor-widget elementor-widget-text-editor\" data-id=\"3bc5682f\" data-element_type=\"widget\" data-e-type=\"widget\" data-widget_type=\"text-editor.default\">\n\t\t\t\t<div class=\"elementor-widget-container\">\n\t\t\t\t\t\t\t\t\t<p>Procuras apenas uma marca\u00e7\u00e3o para fazer algumas perguntas?<br>N\u00e3o tens a certeza sobre os procedimentos que pretendes efetuar?<br>A tua situa\u00e7\u00e3o n\u00e3o \u00e9 clara?<\/p><p><strong>Opta por uma primeira consulta com um advogado em Genebra.<\/strong><\/p><p>Decidir\u00e1s ent\u00e3o se queres prosseguir e os nossos advogados indicar-te-\u00e3o o custo do processo em fun\u00e7\u00e3o do teu caso. Marca\u00e7\u00e3o de consultas presenciais ou por videoconfer\u00eancia. <strong><br><\/strong><\/p>\t\t\t\t\t\t\t\t<\/div>\n\t\t\t\t<\/div>\n\t\t\t\t<div class=\"elementor-element elementor-element-40abaa69 elementor-align-center elementor-widget elementor-widget-button\" data-id=\"40abaa69\" data-element_type=\"widget\" data-e-type=\"widget\" data-widget_type=\"button.default\">\n\t\t\t\t<div class=\"elementor-widget-container\">\n\t\t\t\t\t\t\t\t\t<div class=\"elementor-button-wrapper\">\n\t\t\t\t\t<a class=\"elementor-button elementor-button-link elementor-size-sm\" href=\"https:\/\/www.geneva-lawyers.com\/pt-pt\/contacto\/\">\n\t\t\t\t\t\t<span class=\"elementor-button-content-wrapper\">\n\t\t\t\t\t\t\t\t\t<span class=\"elementor-button-text\">Marca uma consulta com um advogado<\/span>\n\t\t\t\t\t<\/span>\n\t\t\t\t\t<\/a>\n\t\t\t\t<\/div>\n\t\t\t\t\t\t\t\t<\/div>\n\t\t\t\t<\/div>\n\t\t\t\t\t<\/div>\n\t\t<\/div>\n\t\t\t\t\t<\/div>\n\t\t<\/section>\n\t\t\t\t<\/div>\n\t\t","protected":false},"excerpt":{"rendered":"<p>Marca uma consulta com um advogado Direitos de guarda dos filhos A guarda dos filhos \u00e9 um aspeto fundamental do direito matrimonial e familiar na Su\u00ed\u00e7a, que regula a reparti\u00e7\u00e3o das responsabilidades parentais ap\u00f3s uma separa\u00e7\u00e3o ou div\u00f3rcio. A guarda dos filhos \u00e9 um aspeto fundamental do direito matrimonial e familiar na Su\u00ed\u00e7a, que regula &#8230; <a title=\"Direitos de guarda dos filhos\" class=\"read-more\" href=\"https:\/\/www.geneva-lawyers.com\/pt-pt\/direitos-guarda-filhos\/\" aria-label=\"Leia mais sobre Direitos de guarda dos filhos\">Ler mais<\/a><\/p>\n","protected":false},"author":1,"featured_media":0,"parent":0,"menu_order":0,"comment_status":"closed","ping_status":"closed","template":"elementor_header_footer","meta":{"_acf_changed":false,"_seopress_robots_primary_cat":"","_seopress_titles_title":"","_seopress_titles_desc":"","_seopress_robots_index":"","footnotes":""},"class_list":["post-32172","page","type-page","status-publish"],"acf":[],"_links":{"self":[{"href":"https:\/\/www.geneva-lawyers.com\/pt-pt\/wp-json\/wp\/v2\/pages\/32172","targetHints":{"allow":["GET"]}}],"collection":[{"href":"https:\/\/www.geneva-lawyers.com\/pt-pt\/wp-json\/wp\/v2\/pages"}],"about":[{"href":"https:\/\/www.geneva-lawyers.com\/pt-pt\/wp-json\/wp\/v2\/types\/page"}],"author":[{"embeddable":true,"href":"https:\/\/www.geneva-lawyers.com\/pt-pt\/wp-json\/wp\/v2\/users\/1"}],"replies":[{"embeddable":true,"href":"https:\/\/www.geneva-lawyers.com\/pt-pt\/wp-json\/wp\/v2\/comments?post=32172"}],"version-history":[{"count":6,"href":"https:\/\/www.geneva-lawyers.com\/pt-pt\/wp-json\/wp\/v2\/pages\/32172\/revisions"}],"predecessor-version":[{"id":34235,"href":"https:\/\/www.geneva-lawyers.com\/pt-pt\/wp-json\/wp\/v2\/pages\/32172\/revisions\/34235"}],"wp:attachment":[{"href":"https:\/\/www.geneva-lawyers.com\/pt-pt\/wp-json\/wp\/v2\/media?parent=32172"}],"curies":[{"name":"wp","href":"https:\/\/api.w.org\/{rel}","templated":true}]}}