{"id":32178,"date":"2024-05-21T14:07:56","date_gmt":"2024-05-21T12:07:56","guid":{"rendered":"https:\/\/www.geneva-lawyers.com\/direito-de-visita\/"},"modified":"2025-04-14T14:38:42","modified_gmt":"2025-04-14T12:38:42","slug":"direito-visita","status":"publish","type":"page","link":"https:\/\/www.geneva-lawyers.com\/pt-pt\/direito-visita\/","title":{"rendered":"Direito de visita"},"content":{"rendered":"\t\t<div data-elementor-type=\"wp-page\" data-elementor-id=\"32178\" class=\"elementor elementor-32178 elementor-29037\" data-elementor-post-type=\"page\">\n\t\t\t\t\t\t<section class=\"elementor-section elementor-top-section elementor-element elementor-element-5ad286bb elementor-section-boxed elementor-section-height-default elementor-section-height-default\" data-id=\"5ad286bb\" data-element_type=\"section\" data-e-type=\"section\" data-settings=\"{&quot;background_background&quot;:&quot;classic&quot;}\">\n\t\t\t\t\t\t\t<div class=\"elementor-background-overlay\"><\/div>\n\t\t\t\t\t\t\t<div class=\"elementor-container elementor-column-gap-default\">\n\t\t\t\t\t<div class=\"elementor-column elementor-col-100 elementor-top-column elementor-element elementor-element-24055015\" data-id=\"24055015\" data-element_type=\"column\" data-e-type=\"column\">\n\t\t\t<div class=\"elementor-widget-wrap elementor-element-populated\">\n\t\t\t\t\t\t<div class=\"elementor-element elementor-element-7ba430d9 elementor-widget-divider--view-line elementor-widget elementor-widget-divider\" data-id=\"7ba430d9\" data-element_type=\"widget\" data-e-type=\"widget\" data-widget_type=\"divider.default\">\n\t\t\t\t<div class=\"elementor-widget-container\">\n\t\t\t\t\t\t\t<div class=\"elementor-divider\">\n\t\t\t<span class=\"elementor-divider-separator\">\n\t\t\t\t\t\t<\/span>\n\t\t<\/div>\n\t\t\t\t\t\t<\/div>\n\t\t\t\t<\/div>\n\t\t\t\t<div class=\"elementor-element elementor-element-74c737b8 elementor-align-center elementor-widget elementor-widget-button\" data-id=\"74c737b8\" data-element_type=\"widget\" data-e-type=\"widget\" data-widget_type=\"button.default\">\n\t\t\t\t<div class=\"elementor-widget-container\">\n\t\t\t\t\t\t\t\t\t<div class=\"elementor-button-wrapper\">\n\t\t\t\t\t<a class=\"elementor-button elementor-button-link elementor-size-sm\" href=\"https:\/\/www.geneva-lawyers.com\/pt-pt\/contacto\/\">\n\t\t\t\t\t\t<span class=\"elementor-button-content-wrapper\">\n\t\t\t\t\t\t\t\t\t<span class=\"elementor-button-text\">Marca uma consulta com um advogado<\/span>\n\t\t\t\t\t<\/span>\n\t\t\t\t\t<\/a>\n\t\t\t\t<\/div>\n\t\t\t\t\t\t\t\t<\/div>\n\t\t\t\t<\/div>\n\t\t\t\t\t<\/div>\n\t\t<\/div>\n\t\t\t\t\t<\/div>\n\t\t<\/section>\n\t\t\t\t<section class=\"elementor-section elementor-top-section elementor-element elementor-element-1f032299 elementor-section-boxed elementor-section-height-default elementor-section-height-default\" data-id=\"1f032299\" data-element_type=\"section\" data-e-type=\"section\">\n\t\t\t\t\t\t<div class=\"elementor-container elementor-column-gap-default\">\n\t\t\t\t\t<div class=\"elementor-column elementor-col-100 elementor-top-column elementor-element elementor-element-6e7ee4f0\" data-id=\"6e7ee4f0\" data-element_type=\"column\" data-e-type=\"column\">\n\t\t\t<div class=\"elementor-widget-wrap elementor-element-populated\">\n\t\t\t\t\t\t<div class=\"elementor-element elementor-element-4a506841 elementor-widget elementor-widget-heading\" data-id=\"4a506841\" data-element_type=\"widget\" data-e-type=\"widget\" data-widget_type=\"heading.default\">\n\t\t\t\t<div class=\"elementor-widget-container\">\n\t\t\t\t\t<h2 class=\"elementor-heading-title elementor-size-default\">Direito de visita\n<\/h2>\t\t\t\t<\/div>\n\t\t\t\t<\/div>\n\t\t\t\t<div class=\"elementor-element elementor-element-79a0351 elementor-widget-divider--view-line elementor-widget elementor-widget-divider\" data-id=\"79a0351\" data-element_type=\"widget\" data-e-type=\"widget\" data-widget_type=\"divider.default\">\n\t\t\t\t<div class=\"elementor-widget-container\">\n\t\t\t\t\t\t\t<div class=\"elementor-divider\">\n\t\t\t<span class=\"elementor-divider-separator\">\n\t\t\t\t\t\t<\/span>\n\t\t<\/div>\n\t\t\t\t\t\t<\/div>\n\t\t\t\t<\/div>\n\t\t\t\t<div class=\"elementor-element elementor-element-8b8576b elementor-widget elementor-widget-text-editor\" data-id=\"8b8576b\" data-element_type=\"widget\" data-e-type=\"widget\" data-widget_type=\"text-editor.default\">\n\t\t\t\t<div class=\"elementor-widget-container\">\n\t\t\t\t\t\t\t\t\t<h2>A import\u00e2ncia do direito de visita<\/h2><p>O direito de visita ocupa, desde h\u00e1 muitos anos, um lugar importante no sistema jur\u00eddico su\u00ed\u00e7o. Hist\u00f3rica e socialmente, estes direitos evolu\u00edram em resposta \u00e0s mudan\u00e7as nas estruturas familiares e nas atitudes da sociedade relativamente aos pap\u00e9is dos pais e dos filhos. No passado, a separa\u00e7\u00e3o ou o div\u00f3rcio conduziam frequentemente \u00e0 rutura das rela\u00e7\u00f5es entre o progenitor que n\u00e3o detinha a guarda e o seu filho. Contudo, com a evolu\u00e7\u00e3o das normas sociais e o reconhecimento da import\u00e2ncia de manter rela\u00e7\u00f5es com ambos os progenitores, a legisla\u00e7\u00e3o su\u00ed\u00e7a tem vindo a incluir progressivamente disposi\u00e7\u00f5es destinadas a assegurar a continuidade destas rela\u00e7\u00f5es.   <\/p><p>No contexto do div\u00f3rcio ou da separa\u00e7\u00e3o, o direito de visita \u00e9 crucial, pois permite que a crian\u00e7a mantenha uma rela\u00e7\u00e3o significativa com o progenitor que n\u00e3o tem a guarda. Estudos demonstraram que a manuten\u00e7\u00e3o destas rela\u00e7\u00f5es pode ter um impacto positivo no bem-estar da crian\u00e7a e contribuir para o seu desenvolvimento equilibrado. Por conseguinte, os tribunais su\u00ed\u00e7os, bem como os pais, prestam especial aten\u00e7\u00e3o ao estabelecimento de um hor\u00e1rio de visitas que melhor sirva os interesses da crian\u00e7a.  <\/p><h2>Defini\u00e7\u00e3o do direito de visita<\/h2><p>O direito de visita \u00e9 um conceito-chave no direito de fam\u00edlia su\u00ed\u00e7o, que exige uma defini\u00e7\u00e3o e um \u00e2mbito de aplica\u00e7\u00e3o claros. Distingue-se do direito de cust\u00f3dia, embora seja frequentemente discutido em conjunto. Enquanto o direito de cust\u00f3dia diz respeito \u00e0 responsabilidade prim\u00e1ria pela crian\u00e7a, incluindo decis\u00f5es sobre educa\u00e7\u00e3o e bem-estar, o direito de visita trata especificamente da capacidade do progenitor que n\u00e3o tem a cust\u00f3dia de passar tempo com a crian\u00e7a.  <\/p><p>Esta distin\u00e7\u00e3o \u00e9 essencial, pois reconhece que, mesmo que um progenitor n\u00e3o tenha a guarda principal, continua a ter um papel significativo na vida da crian\u00e7a. O direito de visita serve assim como um mecanismo legal para manter e alimentar a rela\u00e7\u00e3o entre pais e filhos ap\u00f3s a separa\u00e7\u00e3o ou o div\u00f3rcio. <\/p><p>Os principais interessados no direito de visita s\u00e3o os pais, os filhos e as autoridades competentes, incluindo os tribunais. O quadro jur\u00eddico \u00e9 estabelecido principalmente pelo artigo 273.\u00ba do C\u00f3digo Civil Su\u00ed\u00e7o (CC), que define os princ\u00edpios orientadores para o exerc\u00edcio destes direitos. Este artigo estipula que o progenitor que n\u00e3o tem a guarda tem o direito de visitar a crian\u00e7a, a menos que tal seja contr\u00e1rio ao interesse superior da crian\u00e7a.  <\/p><p>A defini\u00e7\u00e3o e a aplica\u00e7\u00e3o do direito de visita na Su\u00ed\u00e7a s\u00e3o orientadas pela inten\u00e7\u00e3o de preservar a rela\u00e7\u00e3o entre a crian\u00e7a e o progenitor que n\u00e3o tem a cust\u00f3dia, assegurando simultaneamente que o interesse superior da crian\u00e7a continua a ser primordial.<\/p><h2>Atribui\u00e7\u00e3o do direito de visita<\/h2><p>A atribui\u00e7\u00e3o do direito de visita na Su\u00ed\u00e7a \u00e9 uma quest\u00e3o complexa, que exige uma an\u00e1lise delicada e individualizada de cada situa\u00e7\u00e3o familiar. Ao contr\u00e1rio de um direito r\u00edgido e uniforme, a atribui\u00e7\u00e3o do direito de visita \u00e9 muitas vezes adaptada \u00e0s circunst\u00e2ncias espec\u00edficas de cada fam\u00edlia. Os crit\u00e9rios para determinar o direito de visita podem incluir considera\u00e7\u00f5es como a idade da crian\u00e7a, a dist\u00e2ncia geogr\u00e1fica entre as resid\u00eancias dos pais, a capacidade do progenitor que n\u00e3o tem a guarda da crian\u00e7a para cuidar dela e os desejos da crian\u00e7a, se esta tiver idade para os exprimir.  <\/p><p>Na Su\u00ed\u00e7a, a reparti\u00e7\u00e3o das visitas pode ser determinada por um acordo privado entre os pais ou por interven\u00e7\u00e3o judicial. Os pais s\u00e3o encorajados a encontrar uma solu\u00e7\u00e3o m\u00fatua que tenha em conta as necessidades e os interesses da crian\u00e7a. No entanto, se n\u00e3o for poss\u00edvel chegar a um acordo amig\u00e1vel, os tribunais podem intervir para estabelecer um hor\u00e1rio de visitas. Nestes casos, a decis\u00e3o baseia-se no interesse superior da crian\u00e7a, um princ\u00edpio orientador do direito de fam\u00edlia su\u00ed\u00e7o.   <\/p><p>Os hor\u00e1rios de visita podem ser classificados como ordin\u00e1rios ou extraordin\u00e1rios. A atribui\u00e7\u00e3o ordin\u00e1ria refere-se normalmente a visitas regulares e estruturadas, frequentemente estabelecidas durante a separa\u00e7\u00e3o ou o div\u00f3rcio. A atribui\u00e7\u00e3o extraordin\u00e1ria pode ocorrer em situa\u00e7\u00f5es mais complexas, em que circunst\u00e2ncias excepcionais exigem uma adapta\u00e7\u00e3o ou modifica\u00e7\u00e3o do hor\u00e1rio normal de visitas.  <\/p><h2>A opini\u00e3o da crian\u00e7a<\/h2><p>A opini\u00e3o da crian\u00e7a desempenha um papel importante na determina\u00e7\u00e3o do direito de visita na Su\u00ed\u00e7a. Esta abordagem est\u00e1 em conformidade com a Conven\u00e7\u00e3o das Na\u00e7\u00f5es Unidas sobre os Direitos da Crian\u00e7a, que estipula que as crian\u00e7as capazes de formar as suas pr\u00f3prias opini\u00f5es t\u00eam o direito de as exprimir em todos os assuntos que lhes digam respeito. <\/p><p>Na Su\u00ed\u00e7a, n\u00e3o existe uma idade legalmente fixada a partir da qual se considere que uma crian\u00e7a tem o discernimento necess\u00e1rio para exprimir uma opini\u00e3o v\u00e1lida. Em vez disso, a capacidade da crian\u00e7a para formar uma opini\u00e3o informada \u00e9 avaliada caso a caso. Os ju\u00edzes, muitas vezes assistidos por peritos, avaliam se a crian\u00e7a tem discernimento suficiente e se a sua opini\u00e3o pode ser tida em conta na decis\u00e3o sobre a visita.  <\/p><p>Os m\u00e9todos de recolha da opini\u00e3o da crian\u00e7a podem variar e podem incluir entrevistas com um juiz, um psic\u00f3logo ou um mediador familiar. O objetivo \u00e9 criar um ambiente em que a crian\u00e7a se possa exprimir livremente sem press\u00f5es ou influ\u00eancias indevidas dos pais ou de outros adultos. <\/p><p>Embora a opini\u00e3o da crian\u00e7a seja tida em conta, n\u00e3o \u00e9 necessariamente decisiva. O juiz deve ponderar a opini\u00e3o da crian\u00e7a em rela\u00e7\u00e3o a outros factores, tais como o bem-estar geral da crian\u00e7a, a capacidade do progenitor para satisfazer as necessidades da crian\u00e7a e a continuidade e estabilidade das rela\u00e7\u00f5es. A opini\u00e3o da crian\u00e7a \u00e9 integrada numa avalia\u00e7\u00e3o mais ampla do interesse superior da crian\u00e7a.  <\/p><p>No entanto, esta abordagem n\u00e3o \u00e9 isenta de cr\u00edticas. Alguns podem questionar a capacidade da crian\u00e7a para expressar uma opini\u00e3o imparcial, especialmente em contextos em que os pais podem ter interesses contradit\u00f3rios. Outros salientam a import\u00e2ncia de proteger a crian\u00e7a de potenciais press\u00f5es para escolher entre os pais.  <\/p><h2>Proximidade pessoal (artigo 273.\u00ba do CC)<\/h2><p>O artigo 273.\u00ba do C\u00f3digo Civil su\u00ed\u00e7o estabelece a no\u00e7\u00e3o de proximidade pessoal como um princ\u00edpio fundamental para a regulamenta\u00e7\u00e3o do direito de visita. Este conceito reconhece que a manuten\u00e7\u00e3o de uma rela\u00e7\u00e3o estreita e cont\u00ednua entre a crian\u00e7a e o progenitor que n\u00e3o tem a guarda \u00e9 essencial para o bem-estar emocional e o desenvolvimento da crian\u00e7a. <\/p><p>A proximidade pessoal vai al\u00e9m da mera intera\u00e7\u00e3o f\u00edsica ou da presen\u00e7a na vida da crian\u00e7a. Engloba uma rela\u00e7\u00e3o mais profunda caracterizada por afeto, compreens\u00e3o, comunica\u00e7\u00e3o e apoio. Isto pode incluir a participa\u00e7\u00e3o em actividades partilhadas, a cria\u00e7\u00e3o de mem\u00f3rias duradouras e a constru\u00e7\u00e3o de uma rela\u00e7\u00e3o de confian\u00e7a e respeito m\u00fatuo.  <\/p><p>O princ\u00edpio da proximidade pessoal orienta a organiza\u00e7\u00e3o e a aplica\u00e7\u00e3o do direito de visita. Encoraja as disposi\u00e7\u00f5es que permitem ao progenitor sem a guarda desempenhar um papel ativo e significativo na vida da crian\u00e7a, mesmo que n\u00e3o resida com ela. A frequ\u00eancia e a dura\u00e7\u00e3o das visitas, as disposi\u00e7\u00f5es relativas a feriados e ocasi\u00f5es especiais e outros aspectos da visita destinam-se a promover e a manter esta proximidade.  <\/p><p>Ao mesmo tempo, a proximidade pessoal deve ser equilibrada com outras considera\u00e7\u00f5es importantes, como o ambiente de vida est\u00e1vel da crian\u00e7a e a capacidade do progenitor sem a cust\u00f3dia de exercer a visita de forma a apoiar os melhores interesses da crian\u00e7a. Se o progenitor que n\u00e3o tem a guarda n\u00e3o conseguir manter uma rela\u00e7\u00e3o saud\u00e1vel e positiva com a crian\u00e7a, ou se a proximidade pessoal for comprometida por outros factores, os acordos de visita podem ser ajustados. <\/p><h2>Restri\u00e7\u00e3o e cessa\u00e7\u00e3o do direito de visita<\/h2><p>A restri\u00e7\u00e3o ou a cessa\u00e7\u00e3o do direito de visita s\u00e3o medidas graves, tomadas apenas em circunst\u00e2ncias excepcionais. Estas medidas s\u00e3o orientadas pelo princ\u00edpio do interesse superior da crian\u00e7a, que est\u00e1 no centro do direito de fam\u00edlia su\u00ed\u00e7o. <\/p><p>O direito de visita pode ser restringido quando a visita sem restri\u00e7\u00f5es for prejudicial para a crian\u00e7a. Esta restri\u00e7\u00e3o pode ser tempor\u00e1ria ou permanente e pode assumir v\u00e1rias formas, tais como a redu\u00e7\u00e3o da frequ\u00eancia das visitas, a exig\u00eancia de visitas supervisionadas ou a imposi\u00e7\u00e3o de determinadas condi\u00e7\u00f5es durante as visitas. \u00c9 frequentemente utilizada em resposta a quest\u00f5es como a neglig\u00eancia ou o incumprimento das regras de visita.  <\/p><p>A cessa\u00e7\u00e3o, uma medida ainda mais extrema, ocorre quando a continua\u00e7\u00e3o da visita representa um perigo grave para a crian\u00e7a, como em casos de viol\u00eancia ou abuso. A cessa\u00e7\u00e3o do direito de visita significa que o progenitor que n\u00e3o tem a guarda perde totalmente o direito legal de ver a crian\u00e7a. Tal como as restri\u00e7\u00f5es, a cessa\u00e7\u00e3o n\u00e3o \u00e9 tomada de \u00e2nimo leve e requer uma avalia\u00e7\u00e3o minuciosa e uma justifica\u00e7\u00e3o s\u00f3lida.  <\/p><p>Em conclus\u00e3o, embora o direito de visita seja um princ\u00edpio fundamental do direito de fam\u00edlia su\u00ed\u00e7o, pode ser limitado ou mesmo suprimido em determinadas circunst\u00e2ncias. Estas medidas s\u00e3o tomadas com grande cautela e s\u00e3o sempre orientadas pelo interesse superior da crian\u00e7a. Reflectem uma compreens\u00e3o diferenciada da necessidade de equilibrar o direito do progenitor que n\u00e3o tem a cust\u00f3dia de manter uma rela\u00e7\u00e3o com a crian\u00e7a e a responsabilidade primordial de proteger a sa\u00fade, a seguran\u00e7a e o bem-estar da crian\u00e7a.  <\/p>\t\t\t\t\t\t\t\t<\/div>\n\t\t\t\t<\/div>\n\t\t\t\t\t<\/div>\n\t\t<\/div>\n\t\t\t\t\t<\/div>\n\t\t<\/section>\n\t\t\t\t<section class=\"elementor-section elementor-top-section elementor-element elementor-element-2d91672d elementor-section-full_width elementor-section-height-min-height elementor-section-items-stretch elementor-section-content-middle elementor-section-height-default\" data-id=\"2d91672d\" data-element_type=\"section\" data-e-type=\"section\" data-settings=\"{&quot;background_background&quot;:&quot;classic&quot;}\">\n\t\t\t\t\t\t<div class=\"elementor-container elementor-column-gap-no\">\n\t\t\t\t\t<div class=\"elementor-column elementor-col-50 elementor-top-column elementor-element elementor-element-34b3c3a5\" data-id=\"34b3c3a5\" data-element_type=\"column\" data-e-type=\"column\" data-settings=\"{&quot;background_background&quot;:&quot;classic&quot;}\">\n\t\t\t<div class=\"elementor-widget-wrap elementor-element-populated\">\n\t\t\t\t\t\t<div class=\"elementor-element elementor-element-2cf10020 elementor-widget elementor-widget-spacer\" data-id=\"2cf10020\" data-element_type=\"widget\" data-e-type=\"widget\" data-widget_type=\"spacer.default\">\n\t\t\t\t<div class=\"elementor-widget-container\">\n\t\t\t\t\t\t\t<div class=\"elementor-spacer\">\n\t\t\t<div class=\"elementor-spacer-inner\"><\/div>\n\t\t<\/div>\n\t\t\t\t\t\t<\/div>\n\t\t\t\t<\/div>\n\t\t\t\t\t<\/div>\n\t\t<\/div>\n\t\t\t\t<div class=\"elementor-column elementor-col-50 elementor-top-column elementor-element elementor-element-3c55ea75\" data-id=\"3c55ea75\" data-element_type=\"column\" data-e-type=\"column\" data-settings=\"{&quot;background_background&quot;:&quot;classic&quot;}\">\n\t\t\t<div class=\"elementor-widget-wrap elementor-element-populated\">\n\t\t\t\t\t\t<div class=\"elementor-element elementor-element-7d0e217d elementor-widget elementor-widget-heading\" data-id=\"7d0e217d\" data-element_type=\"widget\" data-e-type=\"widget\" data-widget_type=\"heading.default\">\n\t\t\t\t<div class=\"elementor-widget-container\">\n\t\t\t\t\t<p class=\"elementor-heading-title elementor-size-default\">Consulta inicial  <\/p>\t\t\t\t<\/div>\n\t\t\t\t<\/div>\n\t\t\t\t<div class=\"elementor-element elementor-element-59116632 elementor-widget elementor-widget-heading\" data-id=\"59116632\" data-element_type=\"widget\" data-e-type=\"widget\" data-widget_type=\"heading.default\">\n\t\t\t\t<div class=\"elementor-widget-container\">\n\t\t\t\t\t<p class=\"elementor-heading-title elementor-size-default\">de 60 min a CHF 220.00<\/p>\t\t\t\t<\/div>\n\t\t\t\t<\/div>\n\t\t\t\t<div class=\"elementor-element elementor-element-165a0a0f elementor-widget elementor-widget-text-editor\" data-id=\"165a0a0f\" data-element_type=\"widget\" data-e-type=\"widget\" data-widget_type=\"text-editor.default\">\n\t\t\t\t<div class=\"elementor-widget-container\">\n\t\t\t\t\t\t\t\t\tDiscute a tua situa\u00e7\u00e3o com um advogado especializado na Su\u00ed\u00e7a.\n\t\t\t\t\t\t\t\t<\/div>\n\t\t\t\t<\/div>\n\t\t\t\t<div class=\"elementor-element elementor-element-4ed99b13 elementor-widget-divider--view-line elementor-widget elementor-widget-divider\" data-id=\"4ed99b13\" data-element_type=\"widget\" data-e-type=\"widget\" data-widget_type=\"divider.default\">\n\t\t\t\t<div class=\"elementor-widget-container\">\n\t\t\t\t\t\t\t<div class=\"elementor-divider\">\n\t\t\t<span class=\"elementor-divider-separator\">\n\t\t\t\t\t\t<\/span>\n\t\t<\/div>\n\t\t\t\t\t\t<\/div>\n\t\t\t\t<\/div>\n\t\t\t\t<div class=\"elementor-element elementor-element-75fb7ecd elementor-widget elementor-widget-text-editor\" data-id=\"75fb7ecd\" data-element_type=\"widget\" data-e-type=\"widget\" data-widget_type=\"text-editor.default\">\n\t\t\t\t<div class=\"elementor-widget-container\">\n\t\t\t\t\t\t\t\t\t<p>Procuras apenas uma marca\u00e7\u00e3o para fazer algumas perguntas?<br>N\u00e3o tens a certeza sobre os procedimentos que pretendes efetuar?<br>A tua situa\u00e7\u00e3o n\u00e3o \u00e9 clara?<\/p><p><strong>Opta por uma primeira consulta com um advogado em Genebra.<\/strong><\/p><p>Decidir\u00e1s ent\u00e3o se queres prosseguir e os nossos advogados indicar-te-\u00e3o o custo do processo em fun\u00e7\u00e3o do teu caso. Marca\u00e7\u00e3o de consultas presenciais ou por videoconfer\u00eancia. <strong><br><\/strong><\/p>\t\t\t\t\t\t\t\t<\/div>\n\t\t\t\t<\/div>\n\t\t\t\t<div class=\"elementor-element elementor-element-6439a075 elementor-align-center elementor-widget elementor-widget-button\" data-id=\"6439a075\" data-element_type=\"widget\" data-e-type=\"widget\" data-widget_type=\"button.default\">\n\t\t\t\t<div class=\"elementor-widget-container\">\n\t\t\t\t\t\t\t\t\t<div class=\"elementor-button-wrapper\">\n\t\t\t\t\t<a class=\"elementor-button elementor-button-link elementor-size-sm\" href=\"https:\/\/www.geneva-lawyers.com\/pt-pt\/contacto\/\">\n\t\t\t\t\t\t<span class=\"elementor-button-content-wrapper\">\n\t\t\t\t\t\t\t\t\t<span class=\"elementor-button-text\">Marca uma consulta com um advogado<\/span>\n\t\t\t\t\t<\/span>\n\t\t\t\t\t<\/a>\n\t\t\t\t<\/div>\n\t\t\t\t\t\t\t\t<\/div>\n\t\t\t\t<\/div>\n\t\t\t\t\t<\/div>\n\t\t<\/div>\n\t\t\t\t\t<\/div>\n\t\t<\/section>\n\t\t\t\t<\/div>\n\t\t","protected":false},"excerpt":{"rendered":"<p>Marca uma consulta com um advogado Direito de visita A import\u00e2ncia do direito de visita O direito de visita ocupa, desde h\u00e1 muitos anos, um lugar importante no sistema jur\u00eddico su\u00ed\u00e7o. Hist\u00f3rica e socialmente, estes direitos evolu\u00edram em resposta \u00e0s mudan\u00e7as nas estruturas familiares e nas atitudes da sociedade relativamente aos pap\u00e9is dos pais e &#8230; <a title=\"Direito de visita\" class=\"read-more\" href=\"https:\/\/www.geneva-lawyers.com\/pt-pt\/direito-visita\/\" aria-label=\"Leia mais sobre Direito de visita\">Ler mais<\/a><\/p>\n","protected":false},"author":1,"featured_media":0,"parent":0,"menu_order":0,"comment_status":"closed","ping_status":"closed","template":"elementor_header_footer","meta":{"_acf_changed":false,"_seopress_robots_primary_cat":"","_seopress_titles_title":"","_seopress_titles_desc":"","_seopress_robots_index":"","footnotes":""},"class_list":["post-32178","page","type-page","status-publish"],"acf":[],"_links":{"self":[{"href":"https:\/\/www.geneva-lawyers.com\/pt-pt\/wp-json\/wp\/v2\/pages\/32178","targetHints":{"allow":["GET"]}}],"collection":[{"href":"https:\/\/www.geneva-lawyers.com\/pt-pt\/wp-json\/wp\/v2\/pages"}],"about":[{"href":"https:\/\/www.geneva-lawyers.com\/pt-pt\/wp-json\/wp\/v2\/types\/page"}],"author":[{"embeddable":true,"href":"https:\/\/www.geneva-lawyers.com\/pt-pt\/wp-json\/wp\/v2\/users\/1"}],"replies":[{"embeddable":true,"href":"https:\/\/www.geneva-lawyers.com\/pt-pt\/wp-json\/wp\/v2\/comments?post=32178"}],"version-history":[{"count":6,"href":"https:\/\/www.geneva-lawyers.com\/pt-pt\/wp-json\/wp\/v2\/pages\/32178\/revisions"}],"predecessor-version":[{"id":33725,"href":"https:\/\/www.geneva-lawyers.com\/pt-pt\/wp-json\/wp\/v2\/pages\/32178\/revisions\/33725"}],"wp:attachment":[{"href":"https:\/\/www.geneva-lawyers.com\/pt-pt\/wp-json\/wp\/v2\/media?parent=32178"}],"curies":[{"name":"wp","href":"https:\/\/api.w.org\/{rel}","templated":true}]}}