{"id":32198,"date":"2024-05-27T14:20:13","date_gmt":"2024-05-27T12:20:13","guid":{"rendered":"https:\/\/www.geneva-lawyers.com\/processos-de-falencia-na-suica\/"},"modified":"2025-04-14T16:12:40","modified_gmt":"2025-04-14T14:12:40","slug":"processos-falencia-suica","status":"publish","type":"page","link":"https:\/\/www.geneva-lawyers.com\/pt-pt\/processos-falencia-suica\/","title":{"rendered":"Processos de fal\u00eancia na Su\u00ed\u00e7a"},"content":{"rendered":"\t\t<div data-elementor-type=\"wp-page\" data-elementor-id=\"32198\" class=\"elementor elementor-32198 elementor-29653\" data-elementor-post-type=\"page\">\n\t\t\t\t\t\t<section class=\"elementor-section elementor-top-section elementor-element elementor-element-f7a05e5 elementor-section-boxed elementor-section-height-default elementor-section-height-default\" data-id=\"f7a05e5\" data-element_type=\"section\" data-e-type=\"section\" data-settings=\"{&quot;background_background&quot;:&quot;classic&quot;}\">\n\t\t\t\t\t\t\t<div class=\"elementor-background-overlay\"><\/div>\n\t\t\t\t\t\t\t<div class=\"elementor-container elementor-column-gap-default\">\n\t\t\t\t\t<div class=\"elementor-column elementor-col-100 elementor-top-column elementor-element elementor-element-7b5e2064\" data-id=\"7b5e2064\" data-element_type=\"column\" data-e-type=\"column\">\n\t\t\t<div class=\"elementor-widget-wrap elementor-element-populated\">\n\t\t\t\t\t\t<div class=\"elementor-element elementor-element-2cc6c70d elementor-widget-divider--view-line elementor-widget elementor-widget-divider\" data-id=\"2cc6c70d\" data-element_type=\"widget\" data-e-type=\"widget\" data-widget_type=\"divider.default\">\n\t\t\t\t<div class=\"elementor-widget-container\">\n\t\t\t\t\t\t\t<div class=\"elementor-divider\">\n\t\t\t<span class=\"elementor-divider-separator\">\n\t\t\t\t\t\t<\/span>\n\t\t<\/div>\n\t\t\t\t\t\t<\/div>\n\t\t\t\t<\/div>\n\t\t\t\t<div class=\"elementor-element elementor-element-50860231 elementor-align-center elementor-widget elementor-widget-button\" data-id=\"50860231\" data-element_type=\"widget\" data-e-type=\"widget\" data-widget_type=\"button.default\">\n\t\t\t\t<div class=\"elementor-widget-container\">\n\t\t\t\t\t\t\t\t\t<div class=\"elementor-button-wrapper\">\n\t\t\t\t\t<a class=\"elementor-button elementor-button-link elementor-size-sm\" href=\"https:\/\/www.geneva-lawyers.com\/pt-pt\/contacto\/\">\n\t\t\t\t\t\t<span class=\"elementor-button-content-wrapper\">\n\t\t\t\t\t\t\t\t\t<span class=\"elementor-button-text\">Marca uma consulta com um advogado<\/span>\n\t\t\t\t\t<\/span>\n\t\t\t\t\t<\/a>\n\t\t\t\t<\/div>\n\t\t\t\t\t\t\t\t<\/div>\n\t\t\t\t<\/div>\n\t\t\t\t\t<\/div>\n\t\t<\/div>\n\t\t\t\t\t<\/div>\n\t\t<\/section>\n\t\t\t\t<section class=\"elementor-section elementor-top-section elementor-element elementor-element-23f44fe0 elementor-section-boxed elementor-section-height-default elementor-section-height-default\" data-id=\"23f44fe0\" data-element_type=\"section\" data-e-type=\"section\">\n\t\t\t\t\t\t<div class=\"elementor-container elementor-column-gap-default\">\n\t\t\t\t\t<div class=\"elementor-column elementor-col-100 elementor-top-column elementor-element elementor-element-fb3ca46\" data-id=\"fb3ca46\" data-element_type=\"column\" data-e-type=\"column\">\n\t\t\t<div class=\"elementor-widget-wrap elementor-element-populated\">\n\t\t\t\t\t\t<div class=\"elementor-element elementor-element-7d64a85d elementor-widget elementor-widget-heading\" data-id=\"7d64a85d\" data-element_type=\"widget\" data-e-type=\"widget\" data-widget_type=\"heading.default\">\n\t\t\t\t<div class=\"elementor-widget-container\">\n\t\t\t\t\t<h2 class=\"elementor-heading-title elementor-size-default\">Processos de fal\u00eancia na Su\u00ed\u00e7a<\/h2>\t\t\t\t<\/div>\n\t\t\t\t<\/div>\n\t\t\t\t<div class=\"elementor-element elementor-element-14020f9 elementor-widget-divider--view-line elementor-widget elementor-widget-divider\" data-id=\"14020f9\" data-element_type=\"widget\" data-e-type=\"widget\" data-widget_type=\"divider.default\">\n\t\t\t\t<div class=\"elementor-widget-container\">\n\t\t\t\t\t\t\t<div class=\"elementor-divider\">\n\t\t\t<span class=\"elementor-divider-separator\">\n\t\t\t\t\t\t<\/span>\n\t\t<\/div>\n\t\t\t\t\t\t<\/div>\n\t\t\t\t<\/div>\n\t\t\t\t<div class=\"elementor-element elementor-element-2b429cc9 elementor-widget elementor-widget-text-editor\" data-id=\"2b429cc9\" data-element_type=\"widget\" data-e-type=\"widget\" data-widget_type=\"text-editor.default\">\n\t\t\t\t<div class=\"elementor-widget-container\">\n\t\t\t\t\t\t\t\t\t<p>O processo de fal\u00eancia na Su\u00ed\u00e7a \u00e9 um mecanismo jur\u00eddico complexo e importante que permite aos credores recuperar d\u00edvidas de um devedor insolvente. Regidos principalmente pela Lei Federal de Cobran\u00e7a de D\u00edvidas e Fal\u00eancias (LP), estes processos fornecem um quadro jur\u00eddico claro e preciso que protege os direitos dos credores, tendo em conta os interesses leg\u00edtimos dos devedores. <\/p><h2>Pap\u00e9is das partes envolvidas<\/h2><p>Os pap\u00e9is das v\u00e1rias partes envolvidas na fal\u00eancia est\u00e3o bem definidos. O devedor, quer se trate de uma pessoa singular ou colectiva, \u00e9 o elemento central do processo, sendo os seus activos examinados para determinar a sua solvabilidade. Os credores procuram recuperar os seus cr\u00e9ditos e devem trabalhar em estreita colabora\u00e7\u00e3o com o servi\u00e7o de fal\u00eancias para assegurar uma recupera\u00e7\u00e3o eficaz. O servi\u00e7o de fal\u00eancias supervisiona o processo, avalia os activos do devedor e gere a distribui\u00e7\u00e3o dos activos liquidados aos credores. A colabora\u00e7\u00e3o e a comunica\u00e7\u00e3o eficazes entre estas partes s\u00e3o essenciais para um processo de fal\u00eancia justo e eficaz.    <\/p><p>Uma carater\u00edstica not\u00e1vel do sistema su\u00ed\u00e7o \u00e9 a distin\u00e7\u00e3o clara entre fal\u00eancia e outros m\u00e9todos de execu\u00e7\u00e3o. Enquanto a fal\u00eancia se aplica principalmente a pessoas jur\u00eddicas e empresas, outros mecanismos, como a penhora, podem ser utilizados contra pessoas f\u00edsicas. A fal\u00eancia \u00e9 frequentemente vista como um \u00faltimo recurso, acionado quando outros m\u00e9todos de recupera\u00e7\u00e3o falharam ou quando o devedor \u00e9 claramente insolvente.  <\/p><h2>Import\u00e2ncia econ\u00f3mica dos processos de fal\u00eancia na Su\u00ed\u00e7a<\/h2><p>A import\u00e2ncia econ\u00f3mica dos processos de fal\u00eancia n\u00e3o pode ser subestimada. Desempenham um papel crucial na manuten\u00e7\u00e3o da confian\u00e7a no sistema financeiro e econ\u00f3mico, garantindo que os credores possam recuperar as d\u00edvidas de forma ordenada e transparente. Al\u00e9m disso, a fal\u00eancia proporciona um mecanismo para reestruturar ou liquidar empresas em dificuldades, contribuindo para a estabilidade e efici\u00eancia do mercado.  <\/p><h2>Iniciar um processo de fal\u00eancia<\/h2><p>O processo de fal\u00eancia na Su\u00ed\u00e7a inicia-se com o reconhecimento da insolv\u00eancia e o seu in\u00edcio obedece a regras rigorosas. As condi\u00e7\u00f5es pr\u00e9vias incluem a prova de uma d\u00edvida pendente e o fracasso de m\u00e9todos de recupera\u00e7\u00e3o menos dr\u00e1sticos. O credor deve apresentar um pedido de fal\u00eancia \u00e0 autoridade competente, garantindo que a fal\u00eancia \u00e9 utilizada de forma adequada e que os direitos do devedor s\u00e3o considerados.  <\/p><p>Os procedimentos de notifica\u00e7\u00e3o s\u00e3o um passo fundamental na fal\u00eancia. Os credores e o devedor devem ser informados de forma adequada sobre o in\u00edcio do processo de fal\u00eancia. A legisla\u00e7\u00e3o su\u00ed\u00e7a estabelece prazos para as notifica\u00e7\u00f5es e especifica como e a quem estas notifica\u00e7\u00f5es devem ser enviadas. O n\u00e3o cumprimento destas regras pode levar \u00e0 anula\u00e7\u00e3o do processo de fal\u00eancia, o que real\u00e7a a import\u00e2ncia de notifica\u00e7\u00f5es precisas e atempadas.   <\/p><h2>Principais etapas do processo de fal\u00eancia<\/h2><p>O processo de fal\u00eancia na Su\u00ed\u00e7a \u00e9 uma sequ\u00eancia estruturada e complexa de passos que devem ser seguidos meticulosamente para proteger os direitos de todas as partes.<\/p><ol><li><p><strong>Declara\u00e7\u00e3o de fal\u00eancia<\/strong>: O processo inicia-se com a declara\u00e7\u00e3o de fal\u00eancia pelo tribunal competente. Esta decis\u00e3o \u00e9 tomada depois de um credor apresentar uma peti\u00e7\u00e3o e reunir as condi\u00e7\u00f5es necess\u00e1rias, como a prova da insolv\u00eancia do devedor. Esta declara\u00e7\u00e3o inicia oficialmente o processo de fal\u00eancia.  <\/p><\/li><li><p><strong>Invent\u00e1rio de bens<\/strong>: Ap\u00f3s a declara\u00e7\u00e3o, o gabinete de fal\u00eancias faz o invent\u00e1rio dos bens do devedor, incluindo im\u00f3veis, bens pessoais, investimentos e outros itens valiosos. Este invent\u00e1rio \u00e9 crucial para determinar o valor total dos activos dispon\u00edveis para o reembolso do credor. <\/p><\/li><li><p><strong>Avalia\u00e7\u00e3o de ativos<\/strong>: O passo seguinte envolve a avalia\u00e7\u00e3o dos activos, o que pode exigir uma avalia\u00e7\u00e3o por peritos. Esta avalia\u00e7\u00e3o constitui a base para a venda de activos e assegura que os credores recebem uma parte justa do valor do devedor. <\/p><\/li><li><p><strong>Registo dos credores<\/strong>: Os credores s\u00e3o convidados a registar os seus cr\u00e9ditos, apresentando provas e submetendo-os \u00e0 administra\u00e7\u00e3o da fal\u00eancia. Este processo estabelece a prioridade dos cr\u00e9ditos e determina a distribui\u00e7\u00e3o dos activos. <\/p><\/li><li><p><strong>Plano de distribui\u00e7\u00e3o<\/strong>: Em seguida, \u00e9 elaborado um plano de distribui\u00e7\u00e3o, que define a forma como os bens ser\u00e3o vendidos e os lucros distribu\u00eddos pelos credores.<\/p><\/li><li><p><strong>Venda de activos<\/strong>: Os activos s\u00e3o vendidos de acordo com o plano de distribui\u00e7\u00e3o, atrav\u00e9s de leil\u00f5es p\u00fablicos ou de vendas privadas, consoante o tipo de ativo. O produto da venda \u00e9 utilizado para reembolsar os credores de acordo com a ordem estabelecida. <\/p><\/li><li><p><strong>Distribui\u00e7\u00e3o de fundos<\/strong>: Finalmente, os fundos provenientes da venda de activos s\u00e3o distribu\u00eddos aos credores de acordo com o plano de distribui\u00e7\u00e3o. Uma vez liquidados todos os activos e distribu\u00eddos os fundos, o processo de fal\u00eancia \u00e9 encerrado. <\/p><\/li><\/ol><p>Cada etapa do processo de fal\u00eancia \u00e9 fundamental para garantir uma resolu\u00e7\u00e3o justa e transparente. Erros ou omiss\u00f5es em qualquer fase podem ter consequ\u00eancias graves, sublinhando a import\u00e2ncia da dilig\u00eancia e da per\u00edcia na gest\u00e3o da fal\u00eancia na Su\u00ed\u00e7a. <\/p><h2>Medidas provis\u00f3rias e cautelares nos processos de fal\u00eancia<\/h2><p>A aplica\u00e7\u00e3o de medidas provis\u00f3rias e cautelares \u00e9 um passo crucial no processo de fal\u00eancia su\u00ed\u00e7o, concebido para preservar a integridade do processo e proteger os interesses de todas as partes.<\/p><p>Estas medidas podem ser necess\u00e1rias logo que a fal\u00eancia seja considerada. Podem incluir o congelamento das contas banc\u00e1rias do devedor, a apreens\u00e3o de bens espec\u00edficos ou a nomea\u00e7\u00e3o de um administrador provis\u00f3rio para supervisionar os assuntos do devedor. Estas ac\u00e7\u00f5es impedem a dissipa\u00e7\u00e3o de bens ou o comportamento fraudulento do devedor. Por exemplo, o congelamento de contas banc\u00e1rias impede transfer\u00eancias indevidas de fundos, enquanto um administrador provis\u00f3rio assegura uma gest\u00e3o respons\u00e1vel.   <\/p><p>Podem ser necess\u00e1rias medidas de prote\u00e7\u00e3o adicionais para preservar os bens durante a fal\u00eancia. Estas podem incluir disposi\u00e7\u00f5es espec\u00edficas para a guarda e manuten\u00e7\u00e3o dos activos, protec\u00e7\u00f5es contra outras ac\u00e7\u00f5es judiciais de outros credores ou restri\u00e7\u00f5es \u00e0 capacidade do devedor para contrair novas obriga\u00e7\u00f5es financeiras. Estas medidas protegem o valor dos activos e garantem a disponibilidade para satisfazer os cr\u00e9ditos.  <\/p><p>O tribunal e o servi\u00e7o de fal\u00eancias desempenham um papel essencial na aplica\u00e7\u00e3o e no controlo destas medidas. O tribunal pode emitir ordens de medidas provis\u00f3rias ou cautelares e o servi\u00e7o de fal\u00eancias \u00e9 frequentemente respons\u00e1vel pela sua execu\u00e7\u00e3o. Uma colabora\u00e7\u00e3o efectiva garante que estas medidas s\u00e3o adequadas e eficazes.  <\/p><h2>Efeitos da fal\u00eancia<\/h2><p>A fal\u00eancia tem um impacto profundo no devedor, incluindo a perda de activos, uma vez que estes s\u00e3o liquidados para satisfazer os cr\u00e9ditos. Isto pode envolver tanto activos comerciais como pessoais, dependendo da estrutura jur\u00eddica. O impacto na reputa\u00e7\u00e3o tamb\u00e9m pode ser significativo, uma vez que as declara\u00e7\u00f5es p\u00fablicas de fal\u00eancia podem afetar a capacidade de cr\u00e9dito e as oportunidades de neg\u00f3cio no futuro.  <\/p><p>Os credores, embora numa posi\u00e7\u00e3o mais favor\u00e1vel, tamb\u00e9m s\u00e3o afectados. A classifica\u00e7\u00e3o dos cr\u00e9ditos determina a ordem de pagamento, sendo normalmente dada prioridade aos credores garantidos. No entanto, o reembolso total \u00e9 raro, e alguns credores podem receber menos do que o total devido. A distribui\u00e7\u00e3o dos activos segue um plano elaborado de acordo com a legisla\u00e7\u00e3o su\u00ed\u00e7a, o que exige uma gest\u00e3o meticulosa para respeitar todos os direitos dos credores.   <\/p><p>A fal\u00eancia tem tamb\u00e9m efeitos macroecon\u00f3micos, influenciando a confian\u00e7a dos investidores e dos consumidores, as taxas de cr\u00e9dito e os mercados financeiros. Pode levar \u00e0 reestrutura\u00e7\u00e3o de sectores industriais inteiros, permitindo a liquida\u00e7\u00e3o de empresas n\u00e3o vi\u00e1veis e libertando recursos para empresas mais inovadoras e eficientes. <\/p>\t\t\t\t\t\t\t\t<\/div>\n\t\t\t\t<\/div>\n\t\t\t\t\t<\/div>\n\t\t<\/div>\n\t\t\t\t\t<\/div>\n\t\t<\/section>\n\t\t\t\t<section class=\"elementor-section elementor-top-section elementor-element elementor-element-2796101e elementor-section-full_width elementor-section-height-min-height elementor-section-items-stretch elementor-section-content-middle elementor-section-height-default\" data-id=\"2796101e\" data-element_type=\"section\" data-e-type=\"section\" data-settings=\"{&quot;background_background&quot;:&quot;classic&quot;}\">\n\t\t\t\t\t\t<div class=\"elementor-container elementor-column-gap-no\">\n\t\t\t\t\t<div class=\"elementor-column elementor-col-50 elementor-top-column elementor-element elementor-element-7b8c156c\" data-id=\"7b8c156c\" data-element_type=\"column\" data-e-type=\"column\" data-settings=\"{&quot;background_background&quot;:&quot;classic&quot;}\">\n\t\t\t<div class=\"elementor-widget-wrap elementor-element-populated\">\n\t\t\t\t\t\t<div class=\"elementor-element elementor-element-7c4cc046 elementor-widget elementor-widget-spacer\" data-id=\"7c4cc046\" data-element_type=\"widget\" data-e-type=\"widget\" data-widget_type=\"spacer.default\">\n\t\t\t\t<div class=\"elementor-widget-container\">\n\t\t\t\t\t\t\t<div class=\"elementor-spacer\">\n\t\t\t<div class=\"elementor-spacer-inner\"><\/div>\n\t\t<\/div>\n\t\t\t\t\t\t<\/div>\n\t\t\t\t<\/div>\n\t\t\t\t\t<\/div>\n\t\t<\/div>\n\t\t\t\t<div class=\"elementor-column elementor-col-50 elementor-top-column elementor-element elementor-element-6e4df1b7\" data-id=\"6e4df1b7\" data-element_type=\"column\" data-e-type=\"column\" data-settings=\"{&quot;background_background&quot;:&quot;classic&quot;}\">\n\t\t\t<div class=\"elementor-widget-wrap elementor-element-populated\">\n\t\t\t\t\t\t<div class=\"elementor-element elementor-element-38ff7a60 elementor-widget elementor-widget-heading\" data-id=\"38ff7a60\" data-element_type=\"widget\" data-e-type=\"widget\" data-widget_type=\"heading.default\">\n\t\t\t\t<div class=\"elementor-widget-container\">\n\t\t\t\t\t<p class=\"elementor-heading-title elementor-size-default\">Consulta inicial  <\/p>\t\t\t\t<\/div>\n\t\t\t\t<\/div>\n\t\t\t\t<div class=\"elementor-element elementor-element-1ecd6ec9 elementor-widget elementor-widget-heading\" data-id=\"1ecd6ec9\" data-element_type=\"widget\" data-e-type=\"widget\" data-widget_type=\"heading.default\">\n\t\t\t\t<div class=\"elementor-widget-container\">\n\t\t\t\t\t<p class=\"elementor-heading-title elementor-size-default\">de 60 min a CHF 220.00<\/p>\t\t\t\t<\/div>\n\t\t\t\t<\/div>\n\t\t\t\t<div class=\"elementor-element elementor-element-6ff14b57 elementor-widget elementor-widget-text-editor\" data-id=\"6ff14b57\" data-element_type=\"widget\" data-e-type=\"widget\" data-widget_type=\"text-editor.default\">\n\t\t\t\t<div class=\"elementor-widget-container\">\n\t\t\t\t\t\t\t\t\tDiscute a tua situa\u00e7\u00e3o com um advogado especializado na Su\u00ed\u00e7a.\n\t\t\t\t\t\t\t\t<\/div>\n\t\t\t\t<\/div>\n\t\t\t\t<div class=\"elementor-element elementor-element-142181ec elementor-widget-divider--view-line elementor-widget elementor-widget-divider\" data-id=\"142181ec\" data-element_type=\"widget\" data-e-type=\"widget\" data-widget_type=\"divider.default\">\n\t\t\t\t<div class=\"elementor-widget-container\">\n\t\t\t\t\t\t\t<div class=\"elementor-divider\">\n\t\t\t<span class=\"elementor-divider-separator\">\n\t\t\t\t\t\t<\/span>\n\t\t<\/div>\n\t\t\t\t\t\t<\/div>\n\t\t\t\t<\/div>\n\t\t\t\t<div class=\"elementor-element elementor-element-11e08a0 elementor-widget elementor-widget-text-editor\" data-id=\"11e08a0\" data-element_type=\"widget\" data-e-type=\"widget\" data-widget_type=\"text-editor.default\">\n\t\t\t\t<div class=\"elementor-widget-container\">\n\t\t\t\t\t\t\t\t\t<p>Procuras apenas uma marca\u00e7\u00e3o para fazer algumas perguntas?<br>N\u00e3o tens a certeza sobre os procedimentos que pretendes efetuar?<br>A tua situa\u00e7\u00e3o n\u00e3o \u00e9 clara?<\/p><p><strong>Opta por uma primeira consulta com um advogado em Genebra.<\/strong><\/p><p>Decidir\u00e1s ent\u00e3o se queres prosseguir e os nossos advogados indicar-te-\u00e3o o custo do processo em fun\u00e7\u00e3o do teu caso. Marca\u00e7\u00e3o de consultas presenciais ou por videoconfer\u00eancia. <strong><br><\/strong><\/p>\t\t\t\t\t\t\t\t<\/div>\n\t\t\t\t<\/div>\n\t\t\t\t<div class=\"elementor-element elementor-element-28cac8d2 elementor-align-center elementor-widget elementor-widget-button\" data-id=\"28cac8d2\" data-element_type=\"widget\" data-e-type=\"widget\" data-widget_type=\"button.default\">\n\t\t\t\t<div class=\"elementor-widget-container\">\n\t\t\t\t\t\t\t\t\t<div class=\"elementor-button-wrapper\">\n\t\t\t\t\t<a class=\"elementor-button elementor-button-link elementor-size-sm\" href=\"https:\/\/www.geneva-lawyers.com\/pt-pt\/contacto\/\">\n\t\t\t\t\t\t<span class=\"elementor-button-content-wrapper\">\n\t\t\t\t\t\t\t\t\t<span class=\"elementor-button-text\">Marca uma consulta com um advogado<\/span>\n\t\t\t\t\t<\/span>\n\t\t\t\t\t<\/a>\n\t\t\t\t<\/div>\n\t\t\t\t\t\t\t\t<\/div>\n\t\t\t\t<\/div>\n\t\t\t\t\t<\/div>\n\t\t<\/div>\n\t\t\t\t\t<\/div>\n\t\t<\/section>\n\t\t\t\t<\/div>\n\t\t","protected":false},"excerpt":{"rendered":"<p>Marca uma consulta com um advogado Processos de fal\u00eancia na Su\u00ed\u00e7a O processo de fal\u00eancia na Su\u00ed\u00e7a \u00e9 um mecanismo jur\u00eddico complexo e importante que permite aos credores recuperar d\u00edvidas de um devedor insolvente. Regidos principalmente pela Lei Federal de Cobran\u00e7a de D\u00edvidas e Fal\u00eancias (LP), estes processos fornecem um quadro jur\u00eddico claro e preciso &#8230; <a title=\"Processos de fal\u00eancia na Su\u00ed\u00e7a\" class=\"read-more\" href=\"https:\/\/www.geneva-lawyers.com\/pt-pt\/processos-falencia-suica\/\" aria-label=\"Leia mais sobre Processos de fal\u00eancia na Su\u00ed\u00e7a\">Ler mais<\/a><\/p>\n","protected":false},"author":1,"featured_media":0,"parent":0,"menu_order":0,"comment_status":"closed","ping_status":"closed","template":"elementor_header_footer","meta":{"_acf_changed":false,"_seopress_robots_primary_cat":"","_seopress_titles_title":"","_seopress_titles_desc":"","_seopress_robots_index":"","footnotes":""},"class_list":["post-32198","page","type-page","status-publish"],"acf":[],"_links":{"self":[{"href":"https:\/\/www.geneva-lawyers.com\/pt-pt\/wp-json\/wp\/v2\/pages\/32198","targetHints":{"allow":["GET"]}}],"collection":[{"href":"https:\/\/www.geneva-lawyers.com\/pt-pt\/wp-json\/wp\/v2\/pages"}],"about":[{"href":"https:\/\/www.geneva-lawyers.com\/pt-pt\/wp-json\/wp\/v2\/types\/page"}],"author":[{"embeddable":true,"href":"https:\/\/www.geneva-lawyers.com\/pt-pt\/wp-json\/wp\/v2\/users\/1"}],"replies":[{"embeddable":true,"href":"https:\/\/www.geneva-lawyers.com\/pt-pt\/wp-json\/wp\/v2\/comments?post=32198"}],"version-history":[{"count":6,"href":"https:\/\/www.geneva-lawyers.com\/pt-pt\/wp-json\/wp\/v2\/pages\/32198\/revisions"}],"predecessor-version":[{"id":34223,"href":"https:\/\/www.geneva-lawyers.com\/pt-pt\/wp-json\/wp\/v2\/pages\/32198\/revisions\/34223"}],"wp:attachment":[{"href":"https:\/\/www.geneva-lawyers.com\/pt-pt\/wp-json\/wp\/v2\/media?parent=32198"}],"curies":[{"name":"wp","href":"https:\/\/api.w.org\/{rel}","templated":true}]}}