{"id":32222,"date":"2024-05-27T08:44:22","date_gmt":"2024-05-27T06:44:22","guid":{"rendered":"https:\/\/www.geneva-lawyers.com\/empresa-individual\/"},"modified":"2025-04-14T16:06:05","modified_gmt":"2025-04-14T14:06:05","slug":"empresa-individual","status":"publish","type":"page","link":"https:\/\/www.geneva-lawyers.com\/pt-pt\/empresa-individual\/","title":{"rendered":"Empresa individual"},"content":{"rendered":"\t\t<div data-elementor-type=\"wp-page\" data-elementor-id=\"32222\" class=\"elementor elementor-32222 elementor-29541\" data-elementor-post-type=\"page\">\n\t\t\t\t\t\t<section class=\"elementor-section elementor-top-section elementor-element elementor-element-ceb4a53 elementor-section-boxed elementor-section-height-default elementor-section-height-default\" data-id=\"ceb4a53\" data-element_type=\"section\" data-e-type=\"section\" data-settings=\"{&quot;background_background&quot;:&quot;classic&quot;}\">\n\t\t\t\t\t\t\t<div class=\"elementor-background-overlay\"><\/div>\n\t\t\t\t\t\t\t<div class=\"elementor-container elementor-column-gap-default\">\n\t\t\t\t\t<div class=\"elementor-column elementor-col-100 elementor-top-column elementor-element elementor-element-1158ae73\" data-id=\"1158ae73\" data-element_type=\"column\" data-e-type=\"column\">\n\t\t\t<div class=\"elementor-widget-wrap elementor-element-populated\">\n\t\t\t\t\t\t<div class=\"elementor-element elementor-element-72565450 elementor-widget-divider--view-line elementor-widget elementor-widget-divider\" data-id=\"72565450\" data-element_type=\"widget\" data-e-type=\"widget\" data-widget_type=\"divider.default\">\n\t\t\t\t<div class=\"elementor-widget-container\">\n\t\t\t\t\t\t\t<div class=\"elementor-divider\">\n\t\t\t<span class=\"elementor-divider-separator\">\n\t\t\t\t\t\t<\/span>\n\t\t<\/div>\n\t\t\t\t\t\t<\/div>\n\t\t\t\t<\/div>\n\t\t\t\t<div class=\"elementor-element elementor-element-4f8db824 elementor-align-center elementor-widget elementor-widget-button\" data-id=\"4f8db824\" data-element_type=\"widget\" data-e-type=\"widget\" data-widget_type=\"button.default\">\n\t\t\t\t<div class=\"elementor-widget-container\">\n\t\t\t\t\t\t\t\t\t<div class=\"elementor-button-wrapper\">\n\t\t\t\t\t<a class=\"elementor-button elementor-button-link elementor-size-sm\" href=\"https:\/\/www.geneva-lawyers.com\/pt-pt\/contacto\/\">\n\t\t\t\t\t\t<span class=\"elementor-button-content-wrapper\">\n\t\t\t\t\t\t\t\t\t<span class=\"elementor-button-text\">Marca uma consulta com um advogado<\/span>\n\t\t\t\t\t<\/span>\n\t\t\t\t\t<\/a>\n\t\t\t\t<\/div>\n\t\t\t\t\t\t\t\t<\/div>\n\t\t\t\t<\/div>\n\t\t\t\t\t<\/div>\n\t\t<\/div>\n\t\t\t\t\t<\/div>\n\t\t<\/section>\n\t\t\t\t<section class=\"elementor-section elementor-top-section elementor-element elementor-element-6b88c463 elementor-section-boxed elementor-section-height-default elementor-section-height-default\" data-id=\"6b88c463\" data-element_type=\"section\" data-e-type=\"section\">\n\t\t\t\t\t\t<div class=\"elementor-container elementor-column-gap-default\">\n\t\t\t\t\t<div class=\"elementor-column elementor-col-100 elementor-top-column elementor-element elementor-element-291ddcac\" data-id=\"291ddcac\" data-element_type=\"column\" data-e-type=\"column\">\n\t\t\t<div class=\"elementor-widget-wrap elementor-element-populated\">\n\t\t\t\t\t\t<div class=\"elementor-element elementor-element-4e88aa6d elementor-widget elementor-widget-heading\" data-id=\"4e88aa6d\" data-element_type=\"widget\" data-e-type=\"widget\" data-widget_type=\"heading.default\">\n\t\t\t\t<div class=\"elementor-widget-container\">\n\t\t\t\t\t<h2 class=\"elementor-heading-title elementor-size-default\">Empresa individual na Su\u00ed\u00e7a<\/h2>\t\t\t\t<\/div>\n\t\t\t\t<\/div>\n\t\t\t\t<div class=\"elementor-element elementor-element-3310df8b elementor-widget-divider--view-line elementor-widget elementor-widget-divider\" data-id=\"3310df8b\" data-element_type=\"widget\" data-e-type=\"widget\" data-widget_type=\"divider.default\">\n\t\t\t\t<div class=\"elementor-widget-container\">\n\t\t\t\t\t\t\t<div class=\"elementor-divider\">\n\t\t\t<span class=\"elementor-divider-separator\">\n\t\t\t\t\t\t<\/span>\n\t\t<\/div>\n\t\t\t\t\t\t<\/div>\n\t\t\t\t<\/div>\n\t\t\t\t<div class=\"elementor-element elementor-element-136d0aa elementor-widget elementor-widget-text-editor\" data-id=\"136d0aa\" data-element_type=\"widget\" data-e-type=\"widget\" data-widget_type=\"text-editor.default\">\n\t\t\t\t<div class=\"elementor-widget-container\">\n\t\t\t\t\t\t\t\t\t<p>A empresa individual, conhecida como &#8220;raison individuelle&#8221; na Su\u00ed\u00e7a, \u00e9 uma estrutura jur\u00eddica comum para as empresas. Ao contr\u00e1rio de outras formas jur\u00eddicas, como a sociedade an\u00f3nima ou a sociedade de responsabilidade limitada, a empresa individual \u00e9 gerida por uma \u00fanica pessoa, o empres\u00e1rio individual, que \u00e9 respons\u00e1vel por todas as decis\u00f5es empresariais e obriga\u00e7\u00f5es legais. O C\u00f3digo Su\u00ed\u00e7o de Obriga\u00e7\u00f5es n\u00e3o regulamenta especificamente as empresas individuais.  <\/p><h2>Cria\u00e7\u00e3o e gest\u00e3o<\/h2><p>A cria\u00e7\u00e3o de uma empresa individual na Su\u00ed\u00e7a \u00e9 simples e n\u00e3o requer um investimento m\u00ednimo de capital nem estatutos escritos. No entanto, se a empresa gerar um rendimento anual superior a CHF 100&#8217;000, o empres\u00e1rio individual deve inscrever-se no Registo Comercial. <\/p><p>A cria\u00e7\u00e3o de uma empresa individual tem custos m\u00ednimos. Os honor\u00e1rios de consultoria para a constitui\u00e7\u00e3o, como a contrata\u00e7\u00e3o de um fiduci\u00e1rio, costumam rondar os CHF 1.500. Al\u00e9m disso, o registo da empresa na Conservat\u00f3ria do Registo Comercial custa algumas centenas de francos.  <\/p><p>O empres\u00e1rio em nome individual \u00e9 pessoalmente respons\u00e1vel por todas as d\u00edvidas da empresa com os seus bens privados. Isto significa que \u00e9 crucial considerar os riscos financeiros antes de iniciar um neg\u00f3cio individual, uma vez que os bens pessoais podem estar em risco em caso de dificuldades no neg\u00f3cio. <\/p><p>O empres\u00e1rio em nome individual \u00e9 o \u00fanico respons\u00e1vel por todas as decis\u00f5es comerciais e pela manuten\u00e7\u00e3o da contabilidade da empresa e pela apresenta\u00e7\u00e3o das declara\u00e7\u00f5es fiscais. No entanto, pode recorrer \u00e0 assist\u00eancia de contabilistas ou consultores fiscais para as tarefas administrativas. <\/p><h2>Fiscalidade e impostos<\/h2><p>Na Su\u00ed\u00e7a, as empresas individuais est\u00e3o sujeitas a impostos sobre o rendimento e o patrim\u00f3nio diretamente sobre os lucros da empresa e o patrim\u00f3nio pessoal do propriet\u00e1rio. O rendimento profissional de um empres\u00e1rio em nome individual est\u00e1 intimamente ligado ao seu rendimento privado para efeitos fiscais, exigindo apenas uma declara\u00e7\u00e3o de impostos. Os impostos s\u00e3o cobrados a n\u00edvel federal, cantonal e municipal.  <\/p><p>Os montantes dos impostos variam consoante a situa\u00e7\u00e3o pessoal do propriet\u00e1rio, a localiza\u00e7\u00e3o da empresa e o rendimento anual. Se a localiza\u00e7\u00e3o da empresa for diferente da resid\u00eancia privada, o propriet\u00e1rio pode efetuar um planeamento fiscal. <\/p><p>Al\u00e9m disso, s\u00e3o aplic\u00e1veis outros impostos e taxas. Por exemplo, as empresas individuais t\u00eam de pagar IVA se o seu rendimento anual for superior a CHF 100&#8217;000. As contribui\u00e7\u00f5es para a seguran\u00e7a social para AHV, IV e AC s\u00e3o tamb\u00e9m despesas significativas. O imposto sobre a fortuna \u00e9 calculado com base no patrim\u00f3nio total do propriet\u00e1rio.   <\/p><h2>Vantagens de uma empresa individual<\/h2><p>As empresas individuais oferecem in\u00fameras vantagens na Su\u00ed\u00e7a. Em primeiro lugar, a constitui\u00e7\u00e3o de uma empresa individual \u00e9 relativamente simples, com procedimentos administrativos m\u00ednimos. Os empres\u00e1rios podem iniciar suas atividades de forma r\u00e1pida e f\u00e1cil, sem grandes burocracias.  <\/p><p>Outra vantagem \u00e9 o controlo total sobre a empresa. Como \u00fanico propriet\u00e1rio, o empres\u00e1rio pode tomar todas as decis\u00f5es importantes sem necessitar da aprova\u00e7\u00e3o dos acionistas ou de um conselho de administra\u00e7\u00e3o, o que lhe permite tomar decis\u00f5es r\u00e1pidas e reagir \u00e0s mudan\u00e7as do mercado. <\/p><p>A empresa individual tamb\u00e9m oferece flexibilidade de gest\u00e3o. O propriet\u00e1rio pode gerir a empresa de acordo com as suas necessidades e vis\u00e3o. <\/p><p>Al\u00e9m disso, o funcionamento das empresas individuais \u00e9 muitas vezes menos oneroso do que o de outras formas de neg\u00f3cio, como as sociedades de responsabilidade limitada (SRL) ou as sociedades an\u00f3nimas. Isto deve-se, em parte, ao facto de n\u00e3o ser exigido um capital m\u00ednimo e de os custos administrativos serem relativamente baixos. Os empres\u00e1rios podem tamb\u00e9m beneficiar de um tratamento fiscal favor\u00e1vel atrav\u00e9s de dedu\u00e7\u00f5es para os trabalhadores independentes.  <\/p><h2>Desvantagens de uma empresa individual<\/h2><p>O propriet\u00e1rio \u00e9 pessoalmente respons\u00e1vel por todas as d\u00edvidas da empresa sem qualquer limite, o que significa que os bens pessoais podem ser apreendidos se a empresa enfrentar dificuldades financeiras. A transmiss\u00e3o da propriedade das ac\u00e7\u00f5es \u00e9 mais complexa do que a das sociedades de capitais. Uma vez que n\u00e3o existe uma entidade jur\u00eddica distinta, a transfer\u00eancia de uma empresa individual implica a transfer\u00eancia dos activos e passivos da empresa. O acesso aos mercados de capitais pode ser dif\u00edcil para as sociedades de pessoas, incluindo as empresas individuais, uma vez que n\u00e3o oferecem as mesmas garantias que as sociedades de capitais. A prote\u00e7\u00e3o das empresas est\u00e1 limitada ao territ\u00f3rio. A expans\u00e3o para o estrangeiro pode apresentar obst\u00e1culos para uma empresa individual. O registo no Registo Comercial com o nome do propriet\u00e1rio significa que o anonimato n\u00e3o est\u00e1 protegido. Terceiros podem aceder facilmente a informa\u00e7\u00f5es sobre a empresa e o seu propriet\u00e1rio, o que representa riscos para a privacidade e a seguran\u00e7a. Concluindo, uma empresa individual de direito su\u00ed\u00e7o \u00e9 uma op\u00e7\u00e3o atraente para empres\u00e1rios que pretendam gerir de forma aut\u00f3noma uma empresa comercial, artesanal ou independente, devido \u00e0 simplicidade dos procedimentos administrativos e \u00e0 flexibilidade de gest\u00e3o. No entanto, \u00e9 importante ter em conta as desvantagens. Recomenda-se vivamente a consulta de um advogado.          <\/p>\t\t\t\t\t\t\t\t<\/div>\n\t\t\t\t<\/div>\n\t\t\t\t\t<\/div>\n\t\t<\/div>\n\t\t\t\t\t<\/div>\n\t\t<\/section>\n\t\t\t\t<section class=\"elementor-section elementor-top-section elementor-element elementor-element-bfb3170 elementor-section-full_width elementor-section-height-min-height elementor-section-items-stretch elementor-section-content-middle elementor-section-height-default\" data-id=\"bfb3170\" data-element_type=\"section\" data-e-type=\"section\" data-settings=\"{&quot;background_background&quot;:&quot;classic&quot;}\">\n\t\t\t\t\t\t<div class=\"elementor-container elementor-column-gap-no\">\n\t\t\t\t\t<div class=\"elementor-column elementor-col-50 elementor-top-column elementor-element elementor-element-1f05a774\" data-id=\"1f05a774\" data-element_type=\"column\" data-e-type=\"column\" data-settings=\"{&quot;background_background&quot;:&quot;classic&quot;}\">\n\t\t\t<div class=\"elementor-widget-wrap elementor-element-populated\">\n\t\t\t\t\t\t<div class=\"elementor-element elementor-element-15393f6d elementor-widget elementor-widget-spacer\" data-id=\"15393f6d\" data-element_type=\"widget\" data-e-type=\"widget\" data-widget_type=\"spacer.default\">\n\t\t\t\t<div class=\"elementor-widget-container\">\n\t\t\t\t\t\t\t<div class=\"elementor-spacer\">\n\t\t\t<div class=\"elementor-spacer-inner\"><\/div>\n\t\t<\/div>\n\t\t\t\t\t\t<\/div>\n\t\t\t\t<\/div>\n\t\t\t\t\t<\/div>\n\t\t<\/div>\n\t\t\t\t<div class=\"elementor-column elementor-col-50 elementor-top-column elementor-element elementor-element-51fb7a1b\" data-id=\"51fb7a1b\" data-element_type=\"column\" data-e-type=\"column\" data-settings=\"{&quot;background_background&quot;:&quot;classic&quot;}\">\n\t\t\t<div class=\"elementor-widget-wrap elementor-element-populated\">\n\t\t\t\t\t\t<div class=\"elementor-element elementor-element-382aab13 elementor-widget elementor-widget-heading\" data-id=\"382aab13\" data-element_type=\"widget\" data-e-type=\"widget\" data-widget_type=\"heading.default\">\n\t\t\t\t<div class=\"elementor-widget-container\">\n\t\t\t\t\t<p class=\"elementor-heading-title elementor-size-default\">Consulta inicial  <\/p>\t\t\t\t<\/div>\n\t\t\t\t<\/div>\n\t\t\t\t<div class=\"elementor-element elementor-element-47aade38 elementor-widget elementor-widget-heading\" data-id=\"47aade38\" data-element_type=\"widget\" data-e-type=\"widget\" data-widget_type=\"heading.default\">\n\t\t\t\t<div class=\"elementor-widget-container\">\n\t\t\t\t\t<p class=\"elementor-heading-title elementor-size-default\">de 60 min a CHF 220.00<\/p>\t\t\t\t<\/div>\n\t\t\t\t<\/div>\n\t\t\t\t<div class=\"elementor-element elementor-element-7a8cc16a elementor-widget elementor-widget-text-editor\" data-id=\"7a8cc16a\" data-element_type=\"widget\" data-e-type=\"widget\" data-widget_type=\"text-editor.default\">\n\t\t\t\t<div class=\"elementor-widget-container\">\n\t\t\t\t\t\t\t\t\tDiscute a tua situa\u00e7\u00e3o com um advogado especializado na Su\u00ed\u00e7a.\n\t\t\t\t\t\t\t\t<\/div>\n\t\t\t\t<\/div>\n\t\t\t\t<div class=\"elementor-element elementor-element-72bcbaf3 elementor-widget-divider--view-line elementor-widget elementor-widget-divider\" data-id=\"72bcbaf3\" data-element_type=\"widget\" data-e-type=\"widget\" data-widget_type=\"divider.default\">\n\t\t\t\t<div class=\"elementor-widget-container\">\n\t\t\t\t\t\t\t<div class=\"elementor-divider\">\n\t\t\t<span class=\"elementor-divider-separator\">\n\t\t\t\t\t\t<\/span>\n\t\t<\/div>\n\t\t\t\t\t\t<\/div>\n\t\t\t\t<\/div>\n\t\t\t\t<div class=\"elementor-element elementor-element-2e5c659f elementor-widget elementor-widget-text-editor\" data-id=\"2e5c659f\" data-element_type=\"widget\" data-e-type=\"widget\" data-widget_type=\"text-editor.default\">\n\t\t\t\t<div class=\"elementor-widget-container\">\n\t\t\t\t\t\t\t\t\t<p>Procuras apenas uma marca\u00e7\u00e3o para fazer algumas perguntas?<br>N\u00e3o tens a certeza sobre os procedimentos que pretendes efetuar?<br>A tua situa\u00e7\u00e3o n\u00e3o \u00e9 clara?<\/p><p><strong>Opta por uma primeira consulta com um advogado em Genebra.<\/strong><\/p><p>Decidir\u00e1s ent\u00e3o se queres prosseguir e os nossos advogados indicar-te-\u00e3o o custo do processo em fun\u00e7\u00e3o do teu caso. Marca\u00e7\u00e3o de consultas presenciais ou por videoconfer\u00eancia. <strong><br><\/strong><\/p>\t\t\t\t\t\t\t\t<\/div>\n\t\t\t\t<\/div>\n\t\t\t\t<div class=\"elementor-element elementor-element-cb91cb9 elementor-align-center elementor-widget elementor-widget-button\" data-id=\"cb91cb9\" data-element_type=\"widget\" data-e-type=\"widget\" data-widget_type=\"button.default\">\n\t\t\t\t<div class=\"elementor-widget-container\">\n\t\t\t\t\t\t\t\t\t<div class=\"elementor-button-wrapper\">\n\t\t\t\t\t<a class=\"elementor-button elementor-button-link elementor-size-sm\" href=\"https:\/\/www.geneva-lawyers.com\/pt-pt\/contacto\/\">\n\t\t\t\t\t\t<span class=\"elementor-button-content-wrapper\">\n\t\t\t\t\t\t\t\t\t<span class=\"elementor-button-text\">Marca uma consulta com um advogado<\/span>\n\t\t\t\t\t<\/span>\n\t\t\t\t\t<\/a>\n\t\t\t\t<\/div>\n\t\t\t\t\t\t\t\t<\/div>\n\t\t\t\t<\/div>\n\t\t\t\t\t<\/div>\n\t\t<\/div>\n\t\t\t\t\t<\/div>\n\t\t<\/section>\n\t\t\t\t<\/div>\n\t\t","protected":false},"excerpt":{"rendered":"<p>Marca uma consulta com um advogado Empresa individual na Su\u00ed\u00e7a A empresa individual, conhecida como &#8220;raison individuelle&#8221; na Su\u00ed\u00e7a, \u00e9 uma estrutura jur\u00eddica comum para as empresas. Ao contr\u00e1rio de outras formas jur\u00eddicas, como a sociedade an\u00f3nima ou a sociedade de responsabilidade limitada, a empresa individual \u00e9 gerida por uma \u00fanica pessoa, o empres\u00e1rio individual, &#8230; <a title=\"Empresa individual\" class=\"read-more\" href=\"https:\/\/www.geneva-lawyers.com\/pt-pt\/empresa-individual\/\" aria-label=\"Leia mais sobre Empresa individual\">Ler mais<\/a><\/p>\n","protected":false},"author":1,"featured_media":0,"parent":0,"menu_order":0,"comment_status":"closed","ping_status":"closed","template":"elementor_header_footer","meta":{"_acf_changed":false,"_seopress_robots_primary_cat":"","_seopress_titles_title":"","_seopress_titles_desc":"","_seopress_robots_index":"","footnotes":""},"class_list":["post-32222","page","type-page","status-publish"],"acf":[],"_links":{"self":[{"href":"https:\/\/www.geneva-lawyers.com\/pt-pt\/wp-json\/wp\/v2\/pages\/32222","targetHints":{"allow":["GET"]}}],"collection":[{"href":"https:\/\/www.geneva-lawyers.com\/pt-pt\/wp-json\/wp\/v2\/pages"}],"about":[{"href":"https:\/\/www.geneva-lawyers.com\/pt-pt\/wp-json\/wp\/v2\/types\/page"}],"author":[{"embeddable":true,"href":"https:\/\/www.geneva-lawyers.com\/pt-pt\/wp-json\/wp\/v2\/users\/1"}],"replies":[{"embeddable":true,"href":"https:\/\/www.geneva-lawyers.com\/pt-pt\/wp-json\/wp\/v2\/comments?post=32222"}],"version-history":[{"count":6,"href":"https:\/\/www.geneva-lawyers.com\/pt-pt\/wp-json\/wp\/v2\/pages\/32222\/revisions"}],"predecessor-version":[{"id":34136,"href":"https:\/\/www.geneva-lawyers.com\/pt-pt\/wp-json\/wp\/v2\/pages\/32222\/revisions\/34136"}],"wp:attachment":[{"href":"https:\/\/www.geneva-lawyers.com\/pt-pt\/wp-json\/wp\/v2\/media?parent=32222"}],"curies":[{"name":"wp","href":"https:\/\/api.w.org\/{rel}","templated":true}]}}