{"id":32228,"date":"2024-05-27T09:19:45","date_gmt":"2024-05-27T07:19:45","guid":{"rendered":"https:\/\/www.geneva-lawyers.com\/acordos-de-acionistas\/"},"modified":"2025-04-14T15:21:22","modified_gmt":"2025-04-14T13:21:22","slug":"acordos-acionistas","status":"publish","type":"page","link":"https:\/\/www.geneva-lawyers.com\/pt-pt\/acordos-acionistas\/","title":{"rendered":"Acordos de acionistas"},"content":{"rendered":"\t\t<div data-elementor-type=\"wp-page\" data-elementor-id=\"32228\" class=\"elementor elementor-32228 elementor-29581\" data-elementor-post-type=\"page\">\n\t\t\t\t\t\t<section class=\"elementor-section elementor-top-section elementor-element elementor-element-425b6995 elementor-section-boxed elementor-section-height-default elementor-section-height-default\" data-id=\"425b6995\" data-element_type=\"section\" data-e-type=\"section\" data-settings=\"{&quot;background_background&quot;:&quot;classic&quot;}\">\n\t\t\t\t\t\t\t<div class=\"elementor-background-overlay\"><\/div>\n\t\t\t\t\t\t\t<div class=\"elementor-container elementor-column-gap-default\">\n\t\t\t\t\t<div class=\"elementor-column elementor-col-100 elementor-top-column elementor-element elementor-element-344b8b74\" data-id=\"344b8b74\" data-element_type=\"column\" data-e-type=\"column\">\n\t\t\t<div class=\"elementor-widget-wrap elementor-element-populated\">\n\t\t\t\t\t\t<div class=\"elementor-element elementor-element-7b906529 elementor-widget-divider--view-line elementor-widget elementor-widget-divider\" data-id=\"7b906529\" data-element_type=\"widget\" data-e-type=\"widget\" data-widget_type=\"divider.default\">\n\t\t\t\t<div class=\"elementor-widget-container\">\n\t\t\t\t\t\t\t<div class=\"elementor-divider\">\n\t\t\t<span class=\"elementor-divider-separator\">\n\t\t\t\t\t\t<\/span>\n\t\t<\/div>\n\t\t\t\t\t\t<\/div>\n\t\t\t\t<\/div>\n\t\t\t\t<div class=\"elementor-element elementor-element-325e0a7 elementor-align-center elementor-widget elementor-widget-button\" data-id=\"325e0a7\" data-element_type=\"widget\" data-e-type=\"widget\" data-widget_type=\"button.default\">\n\t\t\t\t<div class=\"elementor-widget-container\">\n\t\t\t\t\t\t\t\t\t<div class=\"elementor-button-wrapper\">\n\t\t\t\t\t<a class=\"elementor-button elementor-button-link elementor-size-sm\" href=\"https:\/\/www.geneva-lawyers.com\/pt-pt\/contacto\/\">\n\t\t\t\t\t\t<span class=\"elementor-button-content-wrapper\">\n\t\t\t\t\t\t\t\t\t<span class=\"elementor-button-text\">Marca uma consulta com um advogado<\/span>\n\t\t\t\t\t<\/span>\n\t\t\t\t\t<\/a>\n\t\t\t\t<\/div>\n\t\t\t\t\t\t\t\t<\/div>\n\t\t\t\t<\/div>\n\t\t\t\t\t<\/div>\n\t\t<\/div>\n\t\t\t\t\t<\/div>\n\t\t<\/section>\n\t\t\t\t<section class=\"elementor-section elementor-top-section elementor-element elementor-element-b8cc4ed elementor-section-boxed elementor-section-height-default elementor-section-height-default\" data-id=\"b8cc4ed\" data-element_type=\"section\" data-e-type=\"section\">\n\t\t\t\t\t\t<div class=\"elementor-container elementor-column-gap-default\">\n\t\t\t\t\t<div class=\"elementor-column elementor-col-100 elementor-top-column elementor-element elementor-element-5b1ae02e\" data-id=\"5b1ae02e\" data-element_type=\"column\" data-e-type=\"column\">\n\t\t\t<div class=\"elementor-widget-wrap elementor-element-populated\">\n\t\t\t\t\t\t<div class=\"elementor-element elementor-element-b7f5ff3 elementor-widget elementor-widget-heading\" data-id=\"b7f5ff3\" data-element_type=\"widget\" data-e-type=\"widget\" data-widget_type=\"heading.default\">\n\t\t\t\t<div class=\"elementor-widget-container\">\n\t\t\t\t\t<h2 class=\"elementor-heading-title elementor-size-default\">Acordos de acionistas na Su\u00ed\u00e7a<\/h2>\t\t\t\t<\/div>\n\t\t\t\t<\/div>\n\t\t\t\t<div class=\"elementor-element elementor-element-6a995af elementor-widget-divider--view-line elementor-widget elementor-widget-divider\" data-id=\"6a995af\" data-element_type=\"widget\" data-e-type=\"widget\" data-widget_type=\"divider.default\">\n\t\t\t\t<div class=\"elementor-widget-container\">\n\t\t\t\t\t\t\t<div class=\"elementor-divider\">\n\t\t\t<span class=\"elementor-divider-separator\">\n\t\t\t\t\t\t<\/span>\n\t\t<\/div>\n\t\t\t\t\t\t<\/div>\n\t\t\t\t<\/div>\n\t\t\t\t<div class=\"elementor-element elementor-element-7f268b8f elementor-widget elementor-widget-text-editor\" data-id=\"7f268b8f\" data-element_type=\"widget\" data-e-type=\"widget\" data-widget_type=\"text-editor.default\">\n\t\t\t\t<div class=\"elementor-widget-container\">\n\t\t\t\t\t\t\t\t\t<p>Os acordos de acionistas s\u00e3o acordos contratuais celebrados entre os acionistas de uma empresa. S\u00e3o utilizados para reger as rela\u00e7\u00f5es entre os acionistas e clarificar os direitos e obriga\u00e7\u00f5es de cada parte em situa\u00e7\u00f5es espec\u00edficas, como a transmiss\u00e3o de ac\u00e7\u00f5es, a sucess\u00e3o ou a distribui\u00e7\u00e3o de lucros. Na Su\u00ed\u00e7a, os acordos de acionistas s\u00e3o comuns e podem ser adaptados \u00e0s necessidades espec\u00edficas de cada empresa.  <\/p><p>A assinatura de um acordo de acionistas \u00e9 fundamental para evitar conflitos entre os v\u00e1rios acionistas de uma empresa. \u00c9 especialmente recomendado para clarificar situa\u00e7\u00f5es em que est\u00e3o envolvidas v\u00e1rias partes, nomeadamente no caso de uma sociedade an\u00f3nima (SA). No entanto, estes acordos n\u00e3o s\u00e3o regulamentados por lei e as rela\u00e7\u00f5es variam consoante a empresa. Por conseguinte, n\u00e3o existe um contrato-tipo. No entanto, \u00e9 aconselh\u00e1vel procurar o conselho de um advogado competente para redigir este contrato.    <\/p><p>Neste texto, examinaremos algumas cl\u00e1usulas comuns encontradas em acordos de acionistas na Su\u00ed\u00e7a.<\/p><h2>Direito de compra e de prefer\u00eancia, obriga\u00e7\u00e3o de compra<\/h2><p>O direito de compra e de prefer\u00eancia permite a um acionista comprar as ac\u00e7\u00f5es de outro acionista. A cl\u00e1usula de direito de compra estipula que, se um acionista pretender vender as suas ac\u00e7\u00f5es, deve oferec\u00ea-las primeiro \u00e0 sociedade ou a outros acionistas antes de as vender a terceiros. A cl\u00e1usula de prefer\u00eancia permite que os acionistas existentes comprem as ac\u00e7\u00f5es de um acionista que pretenda vender a um terceiro. Por \u00faltimo, a obriga\u00e7\u00e3o de compra obriga o acionista a vender as suas ac\u00e7\u00f5es a outro acionista ou \u00e0 sociedade em condi\u00e7\u00f5es espec\u00edficas, como o incumprimento de compromissos ou a cessa\u00e7\u00e3o da rela\u00e7\u00e3o laboral.   <\/p><h2>Op\u00e7\u00e3o de compra<\/h2><p>A op\u00e7\u00e3o de compra permite a um acionista comprar as suas ac\u00e7\u00f5es a um terceiro adquirente se estiverem reunidas determinadas condi\u00e7\u00f5es. Por exemplo, se um terceiro adquirir uma participa\u00e7\u00e3o maiorit\u00e1ria na empresa, os acionistas minorit\u00e1rios podem exercer a sua op\u00e7\u00e3o de compra para recuperar as suas ac\u00e7\u00f5es. A op\u00e7\u00e3o de compra deve ser especificada no acordo de acionistas, incluindo as condi\u00e7\u00f5es e os prazos para o seu exerc\u00edcio.  <\/p><h2>Tipo de vota\u00e7\u00e3o<\/h2><p>O acordo de acionistas pode especificar o tipo de vota\u00e7\u00e3o utilizado durante as assembleias gerais, como um voto por pessoa ou vota\u00e7\u00e3o por ac\u00e7\u00f5es. Um voto por pessoa significa que cada acionista tem um voto, independentemente do n\u00famero de ac\u00e7\u00f5es que possui. O voto por ac\u00e7\u00f5es permite que os acionistas votem com base no n\u00famero de ac\u00e7\u00f5es que possuem. A escolha do tipo de voto depende das prefer\u00eancias dos acionistas e da dimens\u00e3o da empresa.   <\/p><h2>Cl\u00e1usula de n\u00e3o concorr\u00eancia<\/h2><p>A cl\u00e1usula de n\u00e3o concorr\u00eancia impede os acionistas de se envolverem em actividades que concorram com a empresa. Esta cl\u00e1usula visa proteger os interesses da sociedade, impedindo os acionistas de utilizarem os seus conhecimentos ou experi\u00eancia em benef\u00edcio de outra empresa. <\/p><h2>Direitos de arrastamento<\/h2><p>Quando uma empresa \u00e9 vendida, o comprador pode querer adquirir todas as ac\u00e7\u00f5es da empresa. Esta situa\u00e7\u00e3o ocorre normalmente durante as aquisi\u00e7\u00f5es efectuadas por grupos internacionais. Os direitos de arrastamento permitem ao comprador obrigar os outros acionistas a vender as suas ac\u00e7\u00f5es ao mesmo pre\u00e7o e nas mesmas condi\u00e7\u00f5es.  <\/p><h2>Direitos de tag-along<\/h2><p>Os direitos de tag along permitem a um acionista minorit\u00e1rio vender as suas ac\u00e7\u00f5es ao mesmo pre\u00e7o e nas mesmas condi\u00e7\u00f5es que os acionistas maiorit\u00e1rios. Esta cl\u00e1usula protege os acionistas minorit\u00e1rios, oferecendo-lhes alguma seguran\u00e7a em caso de venda da empresa. <\/p><h2>Disposi\u00e7\u00f5es relativas \u00e0 assembleia geral<\/h2><p>O acordo de acionistas pode tamb\u00e9m incluir disposi\u00e7\u00f5es espec\u00edficas para a constitui\u00e7\u00e3o da assembleia geral, tais como o qu\u00f3rum necess\u00e1rio para uma assembleia v\u00e1lida ou o per\u00edodo de pr\u00e9-aviso para convocar os acionistas para a assembleia. Estas disposi\u00e7\u00f5es garantem o bom desenrolar da assembleia geral e do processo de tomada de decis\u00f5es. <\/p><h2>Direitos de veto e desempate<\/h2><p>A cl\u00e1usula de direito de veto permite que um ou mais acionistas se oponham a determinadas decis\u00f5es importantes, mesmo que a maioria dos acionistas seja a favor. A cl\u00e1usula de desempate pode ser utilizada para resolver situa\u00e7\u00f5es de empate na vota\u00e7\u00e3o em assembleia geral, especificando a forma de desempate. <\/p><h2>Representa\u00e7\u00e3o<\/h2><p>O acordo de acionistas pode especificar regras para a representa\u00e7\u00e3o dos acionistas na assembleia geral, por exemplo, permitindo que um acionista seja representado por um procurador ou vote \u00e0 dist\u00e2ncia. Esta cl\u00e1usula visa facilitar a participa\u00e7\u00e3o dos acionistas na assembleia geral e garantir que todos os acionistas tenham voz ativa nas decis\u00f5es importantes da empresa. <\/p><p>Os acordos de acionistas s\u00e3o documentos essenciais para regular as rela\u00e7\u00f5es entre os acionistas de uma empresa. Esclarecem os direitos e obriga\u00e7\u00f5es de cada acionista, regulam os processos de tomada de decis\u00e3o e prev\u00eaem mecanismos de resolu\u00e7\u00e3o de conflitos. As disposi\u00e7\u00f5es que podem ser inclu\u00eddas nos acordos de acionistas s\u00e3o numerosas e devem ser cuidadosamente redigidas para satisfazer as necessidades espec\u00edficas dos acionistas e garantir uma boa governa\u00e7\u00e3o empresarial. Recomenda-se vivamente a consulta de um advogado para ajudar a redigir estes acordos e garantir o cumprimento de todos os requisitos legais.   <\/p>\t\t\t\t\t\t\t\t<\/div>\n\t\t\t\t<\/div>\n\t\t\t\t\t<\/div>\n\t\t<\/div>\n\t\t\t\t\t<\/div>\n\t\t<\/section>\n\t\t\t\t<section class=\"elementor-section elementor-top-section elementor-element elementor-element-6e30119c elementor-section-full_width elementor-section-height-min-height elementor-section-items-stretch elementor-section-content-middle elementor-section-height-default\" data-id=\"6e30119c\" data-element_type=\"section\" data-e-type=\"section\" data-settings=\"{&quot;background_background&quot;:&quot;classic&quot;}\">\n\t\t\t\t\t\t<div class=\"elementor-container elementor-column-gap-no\">\n\t\t\t\t\t<div class=\"elementor-column elementor-col-50 elementor-top-column elementor-element elementor-element-6e50cb2\" data-id=\"6e50cb2\" data-element_type=\"column\" data-e-type=\"column\" data-settings=\"{&quot;background_background&quot;:&quot;classic&quot;}\">\n\t\t\t<div class=\"elementor-widget-wrap elementor-element-populated\">\n\t\t\t\t\t\t<div class=\"elementor-element elementor-element-370909f2 elementor-widget elementor-widget-spacer\" data-id=\"370909f2\" data-element_type=\"widget\" data-e-type=\"widget\" data-widget_type=\"spacer.default\">\n\t\t\t\t<div class=\"elementor-widget-container\">\n\t\t\t\t\t\t\t<div class=\"elementor-spacer\">\n\t\t\t<div class=\"elementor-spacer-inner\"><\/div>\n\t\t<\/div>\n\t\t\t\t\t\t<\/div>\n\t\t\t\t<\/div>\n\t\t\t\t\t<\/div>\n\t\t<\/div>\n\t\t\t\t<div class=\"elementor-column elementor-col-50 elementor-top-column elementor-element elementor-element-18f39195\" data-id=\"18f39195\" data-element_type=\"column\" data-e-type=\"column\" data-settings=\"{&quot;background_background&quot;:&quot;classic&quot;}\">\n\t\t\t<div class=\"elementor-widget-wrap elementor-element-populated\">\n\t\t\t\t\t\t<div class=\"elementor-element elementor-element-7123aec2 elementor-widget elementor-widget-heading\" data-id=\"7123aec2\" data-element_type=\"widget\" data-e-type=\"widget\" data-widget_type=\"heading.default\">\n\t\t\t\t<div class=\"elementor-widget-container\">\n\t\t\t\t\t<p class=\"elementor-heading-title elementor-size-default\">Consulta inicial  <\/p>\t\t\t\t<\/div>\n\t\t\t\t<\/div>\n\t\t\t\t<div class=\"elementor-element elementor-element-2196c06e elementor-widget elementor-widget-heading\" data-id=\"2196c06e\" data-element_type=\"widget\" data-e-type=\"widget\" data-widget_type=\"heading.default\">\n\t\t\t\t<div class=\"elementor-widget-container\">\n\t\t\t\t\t<p class=\"elementor-heading-title elementor-size-default\">de 60 min a CHF 220.00<\/p>\t\t\t\t<\/div>\n\t\t\t\t<\/div>\n\t\t\t\t<div class=\"elementor-element elementor-element-2b62409b elementor-widget elementor-widget-text-editor\" data-id=\"2b62409b\" data-element_type=\"widget\" data-e-type=\"widget\" data-widget_type=\"text-editor.default\">\n\t\t\t\t<div class=\"elementor-widget-container\">\n\t\t\t\t\t\t\t\t\tDiscute a tua situa\u00e7\u00e3o com um advogado especializado na Su\u00ed\u00e7a.\n\t\t\t\t\t\t\t\t<\/div>\n\t\t\t\t<\/div>\n\t\t\t\t<div class=\"elementor-element elementor-element-6fa35d8 elementor-widget-divider--view-line elementor-widget elementor-widget-divider\" data-id=\"6fa35d8\" data-element_type=\"widget\" data-e-type=\"widget\" data-widget_type=\"divider.default\">\n\t\t\t\t<div class=\"elementor-widget-container\">\n\t\t\t\t\t\t\t<div class=\"elementor-divider\">\n\t\t\t<span class=\"elementor-divider-separator\">\n\t\t\t\t\t\t<\/span>\n\t\t<\/div>\n\t\t\t\t\t\t<\/div>\n\t\t\t\t<\/div>\n\t\t\t\t<div class=\"elementor-element elementor-element-14fe1d8f elementor-widget elementor-widget-text-editor\" data-id=\"14fe1d8f\" data-element_type=\"widget\" data-e-type=\"widget\" data-widget_type=\"text-editor.default\">\n\t\t\t\t<div class=\"elementor-widget-container\">\n\t\t\t\t\t\t\t\t\t<p>Procuras apenas uma marca\u00e7\u00e3o para fazer algumas perguntas?<br>N\u00e3o tens a certeza sobre os procedimentos que pretendes efetuar?<br>A tua situa\u00e7\u00e3o n\u00e3o \u00e9 clara?<\/p><p><strong>Opta por uma primeira consulta com um advogado em Genebra.<\/strong><\/p><p>Decidir\u00e1s ent\u00e3o se queres prosseguir e os nossos advogados indicar-te-\u00e3o o custo do processo em fun\u00e7\u00e3o do teu caso. Marca\u00e7\u00e3o de consultas presenciais ou por videoconfer\u00eancia. <strong><br><\/strong><\/p>\t\t\t\t\t\t\t\t<\/div>\n\t\t\t\t<\/div>\n\t\t\t\t<div class=\"elementor-element elementor-element-25554763 elementor-align-center elementor-widget elementor-widget-button\" data-id=\"25554763\" data-element_type=\"widget\" data-e-type=\"widget\" data-widget_type=\"button.default\">\n\t\t\t\t<div class=\"elementor-widget-container\">\n\t\t\t\t\t\t\t\t\t<div class=\"elementor-button-wrapper\">\n\t\t\t\t\t<a class=\"elementor-button elementor-button-link elementor-size-sm\" href=\"https:\/\/www.geneva-lawyers.com\/pt-pt\/contacto\/\">\n\t\t\t\t\t\t<span class=\"elementor-button-content-wrapper\">\n\t\t\t\t\t\t\t\t\t<span class=\"elementor-button-text\">Marca uma consulta com um advogado<\/span>\n\t\t\t\t\t<\/span>\n\t\t\t\t\t<\/a>\n\t\t\t\t<\/div>\n\t\t\t\t\t\t\t\t<\/div>\n\t\t\t\t<\/div>\n\t\t\t\t\t<\/div>\n\t\t<\/div>\n\t\t\t\t\t<\/div>\n\t\t<\/section>\n\t\t\t\t<\/div>\n\t\t","protected":false},"excerpt":{"rendered":"<p>Marca uma consulta com um advogado Acordos de acionistas na Su\u00ed\u00e7a Os acordos de acionistas s\u00e3o acordos contratuais celebrados entre os acionistas de uma empresa. S\u00e3o utilizados para reger as rela\u00e7\u00f5es entre os acionistas e clarificar os direitos e obriga\u00e7\u00f5es de cada parte em situa\u00e7\u00f5es espec\u00edficas, como a transmiss\u00e3o de ac\u00e7\u00f5es, a sucess\u00e3o ou a &#8230; <a title=\"Acordos de acionistas\" class=\"read-more\" href=\"https:\/\/www.geneva-lawyers.com\/pt-pt\/acordos-acionistas\/\" aria-label=\"Leia mais sobre Acordos de acionistas\">Ler mais<\/a><\/p>\n","protected":false},"author":1,"featured_media":0,"parent":0,"menu_order":0,"comment_status":"closed","ping_status":"closed","template":"elementor_header_footer","meta":{"_acf_changed":false,"_seopress_robots_primary_cat":"","_seopress_titles_title":"","_seopress_titles_desc":"","_seopress_robots_index":"","footnotes":""},"class_list":["post-32228","page","type-page","status-publish"],"acf":[],"_links":{"self":[{"href":"https:\/\/www.geneva-lawyers.com\/pt-pt\/wp-json\/wp\/v2\/pages\/32228","targetHints":{"allow":["GET"]}}],"collection":[{"href":"https:\/\/www.geneva-lawyers.com\/pt-pt\/wp-json\/wp\/v2\/pages"}],"about":[{"href":"https:\/\/www.geneva-lawyers.com\/pt-pt\/wp-json\/wp\/v2\/types\/page"}],"author":[{"embeddable":true,"href":"https:\/\/www.geneva-lawyers.com\/pt-pt\/wp-json\/wp\/v2\/users\/1"}],"replies":[{"embeddable":true,"href":"https:\/\/www.geneva-lawyers.com\/pt-pt\/wp-json\/wp\/v2\/comments?post=32228"}],"version-history":[{"count":7,"href":"https:\/\/www.geneva-lawyers.com\/pt-pt\/wp-json\/wp\/v2\/pages\/32228\/revisions"}],"predecessor-version":[{"id":33824,"href":"https:\/\/www.geneva-lawyers.com\/pt-pt\/wp-json\/wp\/v2\/pages\/32228\/revisions\/33824"}],"wp:attachment":[{"href":"https:\/\/www.geneva-lawyers.com\/pt-pt\/wp-json\/wp\/v2\/media?parent=32228"}],"curies":[{"name":"wp","href":"https:\/\/api.w.org\/{rel}","templated":true}]}}