{"id":32236,"date":"2024-05-27T09:16:16","date_gmt":"2024-05-27T07:16:16","guid":{"rendered":"https:\/\/www.geneva-lawyers.com\/sucursal-de-uma-empresa-estrangeira\/"},"modified":"2025-04-14T16:12:39","modified_gmt":"2025-04-14T14:12:39","slug":"sucursal-uma-empresa-estrangeira","status":"publish","type":"page","link":"https:\/\/www.geneva-lawyers.com\/pt-pt\/sucursal-uma-empresa-estrangeira\/","title":{"rendered":"Sucursal de uma empresa estrangeira"},"content":{"rendered":"\t\t<div data-elementor-type=\"wp-page\" data-elementor-id=\"32236\" class=\"elementor elementor-32236 elementor-29574\" data-elementor-post-type=\"page\">\n\t\t\t\t\t\t<section class=\"elementor-section elementor-top-section elementor-element elementor-element-60ed72c8 elementor-section-boxed elementor-section-height-default elementor-section-height-default\" data-id=\"60ed72c8\" data-element_type=\"section\" data-e-type=\"section\" data-settings=\"{&quot;background_background&quot;:&quot;classic&quot;}\">\n\t\t\t\t\t\t\t<div class=\"elementor-background-overlay\"><\/div>\n\t\t\t\t\t\t\t<div class=\"elementor-container elementor-column-gap-default\">\n\t\t\t\t\t<div class=\"elementor-column elementor-col-100 elementor-top-column elementor-element elementor-element-2a506ff0\" data-id=\"2a506ff0\" data-element_type=\"column\" data-e-type=\"column\">\n\t\t\t<div class=\"elementor-widget-wrap elementor-element-populated\">\n\t\t\t\t\t\t<div class=\"elementor-element elementor-element-19376c1e elementor-widget-divider--view-line elementor-widget elementor-widget-divider\" data-id=\"19376c1e\" data-element_type=\"widget\" data-e-type=\"widget\" data-widget_type=\"divider.default\">\n\t\t\t\t<div class=\"elementor-widget-container\">\n\t\t\t\t\t\t\t<div class=\"elementor-divider\">\n\t\t\t<span class=\"elementor-divider-separator\">\n\t\t\t\t\t\t<\/span>\n\t\t<\/div>\n\t\t\t\t\t\t<\/div>\n\t\t\t\t<\/div>\n\t\t\t\t<div class=\"elementor-element elementor-element-1d1c0adf elementor-align-center elementor-widget elementor-widget-button\" data-id=\"1d1c0adf\" data-element_type=\"widget\" data-e-type=\"widget\" data-widget_type=\"button.default\">\n\t\t\t\t<div class=\"elementor-widget-container\">\n\t\t\t\t\t\t\t\t\t<div class=\"elementor-button-wrapper\">\n\t\t\t\t\t<a class=\"elementor-button elementor-button-link elementor-size-sm\" href=\"https:\/\/www.geneva-lawyers.com\/pt-pt\/contacto\/\">\n\t\t\t\t\t\t<span class=\"elementor-button-content-wrapper\">\n\t\t\t\t\t\t\t\t\t<span class=\"elementor-button-text\">Marca uma consulta com um advogado<\/span>\n\t\t\t\t\t<\/span>\n\t\t\t\t\t<\/a>\n\t\t\t\t<\/div>\n\t\t\t\t\t\t\t\t<\/div>\n\t\t\t\t<\/div>\n\t\t\t\t\t<\/div>\n\t\t<\/div>\n\t\t\t\t\t<\/div>\n\t\t<\/section>\n\t\t\t\t<section class=\"elementor-section elementor-top-section elementor-element elementor-element-17034aa1 elementor-section-boxed elementor-section-height-default elementor-section-height-default\" data-id=\"17034aa1\" data-element_type=\"section\" data-e-type=\"section\">\n\t\t\t\t\t\t<div class=\"elementor-container elementor-column-gap-default\">\n\t\t\t\t\t<div class=\"elementor-column elementor-col-100 elementor-top-column elementor-element elementor-element-1218e03c\" data-id=\"1218e03c\" data-element_type=\"column\" data-e-type=\"column\">\n\t\t\t<div class=\"elementor-widget-wrap elementor-element-populated\">\n\t\t\t\t\t\t<div class=\"elementor-element elementor-element-2848bc61 elementor-widget elementor-widget-heading\" data-id=\"2848bc61\" data-element_type=\"widget\" data-e-type=\"widget\" data-widget_type=\"heading.default\">\n\t\t\t\t<div class=\"elementor-widget-container\">\n\t\t\t\t\t<h2 class=\"elementor-heading-title elementor-size-default\">Sucursal de uma empresa estrangeira na Su\u00ed\u00e7a<\/h2>\t\t\t\t<\/div>\n\t\t\t\t<\/div>\n\t\t\t\t<div class=\"elementor-element elementor-element-3d3bd6fd elementor-widget-divider--view-line elementor-widget elementor-widget-divider\" data-id=\"3d3bd6fd\" data-element_type=\"widget\" data-e-type=\"widget\" data-widget_type=\"divider.default\">\n\t\t\t\t<div class=\"elementor-widget-container\">\n\t\t\t\t\t\t\t<div class=\"elementor-divider\">\n\t\t\t<span class=\"elementor-divider-separator\">\n\t\t\t\t\t\t<\/span>\n\t\t<\/div>\n\t\t\t\t\t\t<\/div>\n\t\t\t\t<\/div>\n\t\t\t\t<div class=\"elementor-element elementor-element-28a63075 elementor-widget elementor-widget-text-editor\" data-id=\"28a63075\" data-element_type=\"widget\" data-e-type=\"widget\" data-widget_type=\"text-editor.default\">\n\t\t\t\t<div class=\"elementor-widget-container\">\n\t\t\t\t\t\t\t\t\t<p>Quando uma empresa estrangeira deseja realizar neg\u00f3cios na Su\u00ed\u00e7a, ela tem a op\u00e7\u00e3o de estabelecer uma sucursal no pa\u00eds. Uma sucursal \u00e9 um estabelecimento comercial que opera sem ser considerado uma entidade jur\u00eddica separada da sua empresa-m\u00e3e. Portanto, a forma jur\u00eddica da sucursal \u00e9 semelhante \u00e0 da empresa principal. Este texto examina as principais carater\u00edsticas de uma sucursal na Su\u00ed\u00e7a, incluindo os procedimentos de estabelecimento, a administra\u00e7\u00e3o, as obriga\u00e7\u00f5es legais e tribut\u00e1rias, o processo de dissolu\u00e7\u00e3o, bem como as vantagens e desvantagens desse tipo de estrutura.   <\/p><h2>Estabelecimento e gest\u00e3o de uma sucursal de uma empresa estrangeira<\/h2><p>O estabelecimento de uma sucursal na Su\u00ed\u00e7a envolve v\u00e1rias etapas e formalidades. Em primeiro lugar, a empresa estrangeira deve nomear um representante na Su\u00ed\u00e7a para agir em seu nome e administrar os neg\u00f3cios da sucursal. O representante n\u00e3o precisa ter nacionalidade su\u00ed\u00e7a, mas deve estar domiciliado na Su\u00ed\u00e7a. Em seguida, a empresa estrangeira deve inscrever-se no Registro Mercantil Su\u00ed\u00e7o, fornecendo documentos como os estatutos da empresa, um extrato do registro mercantil estrangeiro e uma procura\u00e7\u00e3o autorizando o representante su\u00ed\u00e7o a agir em seu nome (artigos 113 a 114 do C\u00f3digo de Processo Civil).   <\/p><p>A gest\u00e3o de uma sucursal su\u00ed\u00e7a \u00e9 regida pelas regras estabelecidas pela empresa estrangeira. A empresa pode determinar o poder de decis\u00e3o do representante su\u00ed\u00e7o, gerir contas banc\u00e1rias e distribuir tarefas dentro da sucursal. Al\u00e9m disso, a empresa estrangeira pode nomear um conselho de administra\u00e7\u00e3o para a sucursal su\u00ed\u00e7a, o que pode facilitar a tomada de decis\u00f5es importantes.  <\/p><h2>Obriga\u00e7\u00f5es legais e fiscais<\/h2><p>Uma sucursal su\u00ed\u00e7a est\u00e1 sujeita \u00e0s mesmas obriga\u00e7\u00f5es legais e fiscais que uma empresa local. Isso inclui a manuten\u00e7\u00e3o de contas de acordo com os padr\u00f5es su\u00ed\u00e7os, a apresenta\u00e7\u00e3o de declara\u00e7\u00f5es anuais de impostos e o pagamento de impostos sobre os lucros gerados na Su\u00ed\u00e7a. Al\u00e9m disso, a sucursal deve cumprir as leis e regulamentos su\u00ed\u00e7os, especialmente aqueles relacionados \u00e0 prote\u00e7\u00e3o dos trabalhadores e \u00e0 seguran\u00e7a no local de trabalho.  <\/p><p>A sucursal est\u00e1 sujeita \u00e0 tributa\u00e7\u00e3o su\u00ed\u00e7a, o que pode complicar a otimiza\u00e7\u00e3o fiscal, uma vez que as autoridades fiscais t\u00eam uma vis\u00e3o geral das actividades da empresa-m\u00e3e na Su\u00ed\u00e7a.<\/p><h2>Dissolu\u00e7\u00e3o<\/h2><p>A dissolu\u00e7\u00e3o de uma sucursal su\u00ed\u00e7a de uma sociedade estrangeira \u00e9 poss\u00edvel e pode ser efectuada de acordo com procedimentos legais espec\u00edficos. Estes procedimentos variam consoante a forma jur\u00eddica da sucursal e a op\u00e7\u00e3o da sociedade estrangeira de dissolver a sucursal. O processo de dissolu\u00e7\u00e3o \u00e9 semelhante ao processo de cria\u00e7\u00e3o e envolve o encerramento das contas, o pagamento de eventuais d\u00edvidas e impostos e a anula\u00e7\u00e3o da inscri\u00e7\u00e3o da sucursal no registo comercial (artigo 115.\u00ba do CRO). Os representantes da sucursal devem apresentar um pedido de cancelamento da inscri\u00e7\u00e3o na conservat\u00f3ria do registo comercial e fornecer documentos que justifiquem a dissolu\u00e7\u00e3o. Se a sociedade-m\u00e3e for cancelada, a sucursal \u00e9 automaticamente cancelada.    <\/p><h2>Vantagens<\/h2><p>O estabelecimento de uma sucursal su\u00ed\u00e7a de uma empresa estrangeira pode oferecer v\u00e1rias vantagens, incluindo o acesso ao mercado su\u00ed\u00e7o. Com a cria\u00e7\u00e3o de uma filial na Su\u00ed\u00e7a, uma empresa estrangeira pode entrar em um dos mercados mais est\u00e1veis e pr\u00f3speros do mundo. Al\u00e9m disso, a cria\u00e7\u00e3o de uma sucursal na Su\u00ed\u00e7a pode melhorar a imagem de marca da empresa estrangeira, uma vez que a Su\u00ed\u00e7a \u00e9 conhecida por seus altos padr\u00f5es de qualidade e pelo cumprimento de normas e regulamentos. Al\u00e9m disso, as filiais su\u00ed\u00e7as podem beneficiar-se de taxas de impostos atraentes e de outros incentivos fiscais, como, por exemplo, para atividades de pesquisa e desenvolvimento. A filial pode ser organizada de acordo com as necessidades espec\u00edficas da empresa estrangeira e de seus clientes.    <\/p><h2>Desvantagens<\/h2><p>A cria\u00e7\u00e3o de uma sucursal na Su\u00ed\u00e7a pode ser dispendiosa devido \u00e0s taxas de constitui\u00e7\u00e3o, custos administrativos e despesas com pessoal. Al\u00e9m disso, as sucursais s\u00e3o consideradas extens\u00f5es da empresa-m\u00e3e e n\u00e3o s\u00e3o entidades jur\u00eddicas separadas. Isso significa que a matriz pode ser responsabilizada por todas as atividades e d\u00edvidas da filial su\u00ed\u00e7a. Al\u00e9m disso, as oscila\u00e7\u00f5es cambiais podem influenciar a rentabilidade da sucursal. Al\u00e9m disso, as empresas estrangeiras que operam na Su\u00ed\u00e7a podem enfrentar conflitos entre o direito su\u00ed\u00e7o e o direito do pa\u00eds de origem da empresa. Por fim, a Su\u00ed\u00e7a \u00e9 um mercado altamente competitivo com muitas empresas locais e internacionais.     <\/p><p>O estabelecimento de uma sucursal na Su\u00ed\u00e7a para uma empresa estrangeira pode oferecer vantagens e desvantagens. As empresas devem ponderar esses fatores e seguir os procedimentos necess\u00e1rios em colabora\u00e7\u00e3o com profissionais locais para garantir a conformidade legal. \u00c9 altamente recomend\u00e1vel que as empresas estrangeiras consultem um advogado para obter aconselhamento personalizado sobre os passos a serem tomados ao criar uma filial na Su\u00ed\u00e7a.  <\/p>\t\t\t\t\t\t\t\t<\/div>\n\t\t\t\t<\/div>\n\t\t\t\t\t<\/div>\n\t\t<\/div>\n\t\t\t\t\t<\/div>\n\t\t<\/section>\n\t\t\t\t<section class=\"elementor-section elementor-top-section elementor-element elementor-element-15f0d050 elementor-section-full_width elementor-section-height-min-height elementor-section-items-stretch elementor-section-content-middle elementor-section-height-default\" data-id=\"15f0d050\" data-element_type=\"section\" data-e-type=\"section\" data-settings=\"{&quot;background_background&quot;:&quot;classic&quot;}\">\n\t\t\t\t\t\t<div class=\"elementor-container elementor-column-gap-no\">\n\t\t\t\t\t<div class=\"elementor-column elementor-col-50 elementor-top-column elementor-element elementor-element-28b05e64\" data-id=\"28b05e64\" data-element_type=\"column\" data-e-type=\"column\" data-settings=\"{&quot;background_background&quot;:&quot;classic&quot;}\">\n\t\t\t<div class=\"elementor-widget-wrap elementor-element-populated\">\n\t\t\t\t\t\t<div class=\"elementor-element elementor-element-6fc2b97f elementor-widget elementor-widget-spacer\" data-id=\"6fc2b97f\" data-element_type=\"widget\" data-e-type=\"widget\" data-widget_type=\"spacer.default\">\n\t\t\t\t<div class=\"elementor-widget-container\">\n\t\t\t\t\t\t\t<div class=\"elementor-spacer\">\n\t\t\t<div class=\"elementor-spacer-inner\"><\/div>\n\t\t<\/div>\n\t\t\t\t\t\t<\/div>\n\t\t\t\t<\/div>\n\t\t\t\t\t<\/div>\n\t\t<\/div>\n\t\t\t\t<div class=\"elementor-column elementor-col-50 elementor-top-column elementor-element elementor-element-2077d7d2\" data-id=\"2077d7d2\" data-element_type=\"column\" data-e-type=\"column\" data-settings=\"{&quot;background_background&quot;:&quot;classic&quot;}\">\n\t\t\t<div class=\"elementor-widget-wrap elementor-element-populated\">\n\t\t\t\t\t\t<div class=\"elementor-element elementor-element-6088915d elementor-widget elementor-widget-heading\" data-id=\"6088915d\" data-element_type=\"widget\" data-e-type=\"widget\" data-widget_type=\"heading.default\">\n\t\t\t\t<div class=\"elementor-widget-container\">\n\t\t\t\t\t<p class=\"elementor-heading-title elementor-size-default\">Consulta inicial  <\/p>\t\t\t\t<\/div>\n\t\t\t\t<\/div>\n\t\t\t\t<div class=\"elementor-element elementor-element-454cb792 elementor-widget elementor-widget-heading\" data-id=\"454cb792\" data-element_type=\"widget\" data-e-type=\"widget\" data-widget_type=\"heading.default\">\n\t\t\t\t<div class=\"elementor-widget-container\">\n\t\t\t\t\t<p class=\"elementor-heading-title elementor-size-default\">de 60 min a CHF 220.00<\/p>\t\t\t\t<\/div>\n\t\t\t\t<\/div>\n\t\t\t\t<div class=\"elementor-element elementor-element-275d8e73 elementor-widget elementor-widget-text-editor\" data-id=\"275d8e73\" data-element_type=\"widget\" data-e-type=\"widget\" data-widget_type=\"text-editor.default\">\n\t\t\t\t<div class=\"elementor-widget-container\">\n\t\t\t\t\t\t\t\t\tDiscute a tua situa\u00e7\u00e3o com um advogado especializado na Su\u00ed\u00e7a.\n\t\t\t\t\t\t\t\t<\/div>\n\t\t\t\t<\/div>\n\t\t\t\t<div class=\"elementor-element elementor-element-62d1a2dc elementor-widget-divider--view-line elementor-widget elementor-widget-divider\" data-id=\"62d1a2dc\" data-element_type=\"widget\" data-e-type=\"widget\" data-widget_type=\"divider.default\">\n\t\t\t\t<div class=\"elementor-widget-container\">\n\t\t\t\t\t\t\t<div class=\"elementor-divider\">\n\t\t\t<span class=\"elementor-divider-separator\">\n\t\t\t\t\t\t<\/span>\n\t\t<\/div>\n\t\t\t\t\t\t<\/div>\n\t\t\t\t<\/div>\n\t\t\t\t<div class=\"elementor-element elementor-element-5d85f024 elementor-widget elementor-widget-text-editor\" data-id=\"5d85f024\" data-element_type=\"widget\" data-e-type=\"widget\" data-widget_type=\"text-editor.default\">\n\t\t\t\t<div class=\"elementor-widget-container\">\n\t\t\t\t\t\t\t\t\t<p>Procuras apenas uma marca\u00e7\u00e3o para fazer algumas perguntas?<br>N\u00e3o tens a certeza sobre os procedimentos que pretendes efetuar?<br>A tua situa\u00e7\u00e3o n\u00e3o \u00e9 clara?<\/p><p><strong>Opta por uma primeira consulta com um advogado em Genebra.<\/strong><\/p><p>Decidir\u00e1s ent\u00e3o se queres prosseguir e os nossos advogados indicar-te-\u00e3o o custo do processo em fun\u00e7\u00e3o do teu caso. Marca\u00e7\u00e3o de consultas presenciais ou por videoconfer\u00eancia. <strong><br><\/strong><\/p>\t\t\t\t\t\t\t\t<\/div>\n\t\t\t\t<\/div>\n\t\t\t\t<div class=\"elementor-element elementor-element-3f860feb elementor-align-center elementor-widget elementor-widget-button\" data-id=\"3f860feb\" data-element_type=\"widget\" data-e-type=\"widget\" data-widget_type=\"button.default\">\n\t\t\t\t<div class=\"elementor-widget-container\">\n\t\t\t\t\t\t\t\t\t<div class=\"elementor-button-wrapper\">\n\t\t\t\t\t<a class=\"elementor-button elementor-button-link elementor-size-sm\" href=\"https:\/\/www.geneva-lawyers.com\/pt-pt\/contacto\/\">\n\t\t\t\t\t\t<span class=\"elementor-button-content-wrapper\">\n\t\t\t\t\t\t\t\t\t<span class=\"elementor-button-text\">Marca uma consulta com um advogado<\/span>\n\t\t\t\t\t<\/span>\n\t\t\t\t\t<\/a>\n\t\t\t\t<\/div>\n\t\t\t\t\t\t\t\t<\/div>\n\t\t\t\t<\/div>\n\t\t\t\t\t<\/div>\n\t\t<\/div>\n\t\t\t\t\t<\/div>\n\t\t<\/section>\n\t\t\t\t<\/div>\n\t\t","protected":false},"excerpt":{"rendered":"<p>Marca uma consulta com um advogado Sucursal de uma empresa estrangeira na Su\u00ed\u00e7a Quando uma empresa estrangeira deseja realizar neg\u00f3cios na Su\u00ed\u00e7a, ela tem a op\u00e7\u00e3o de estabelecer uma sucursal no pa\u00eds. Uma sucursal \u00e9 um estabelecimento comercial que opera sem ser considerado uma entidade jur\u00eddica separada da sua empresa-m\u00e3e. Portanto, a forma jur\u00eddica da &#8230; <a title=\"Sucursal de uma empresa estrangeira\" class=\"read-more\" href=\"https:\/\/www.geneva-lawyers.com\/pt-pt\/sucursal-uma-empresa-estrangeira\/\" aria-label=\"Leia mais sobre Sucursal de uma empresa estrangeira\">Ler mais<\/a><\/p>\n","protected":false},"author":1,"featured_media":0,"parent":0,"menu_order":0,"comment_status":"closed","ping_status":"closed","template":"elementor_header_footer","meta":{"_acf_changed":false,"_seopress_robots_primary_cat":"","_seopress_titles_title":"","_seopress_titles_desc":"","_seopress_robots_index":"","footnotes":""},"class_list":["post-32236","page","type-page","status-publish"],"acf":[],"_links":{"self":[{"href":"https:\/\/www.geneva-lawyers.com\/pt-pt\/wp-json\/wp\/v2\/pages\/32236","targetHints":{"allow":["GET"]}}],"collection":[{"href":"https:\/\/www.geneva-lawyers.com\/pt-pt\/wp-json\/wp\/v2\/pages"}],"about":[{"href":"https:\/\/www.geneva-lawyers.com\/pt-pt\/wp-json\/wp\/v2\/types\/page"}],"author":[{"embeddable":true,"href":"https:\/\/www.geneva-lawyers.com\/pt-pt\/wp-json\/wp\/v2\/users\/1"}],"replies":[{"embeddable":true,"href":"https:\/\/www.geneva-lawyers.com\/pt-pt\/wp-json\/wp\/v2\/comments?post=32236"}],"version-history":[{"count":6,"href":"https:\/\/www.geneva-lawyers.com\/pt-pt\/wp-json\/wp\/v2\/pages\/32236\/revisions"}],"predecessor-version":[{"id":34224,"href":"https:\/\/www.geneva-lawyers.com\/pt-pt\/wp-json\/wp\/v2\/pages\/32236\/revisions\/34224"}],"wp:attachment":[{"href":"https:\/\/www.geneva-lawyers.com\/pt-pt\/wp-json\/wp\/v2\/media?parent=32236"}],"curies":[{"name":"wp","href":"https:\/\/api.w.org\/{rel}","templated":true}]}}