{"id":32238,"date":"2024-05-25T16:45:45","date_gmt":"2024-05-25T14:45:45","guid":{"rendered":"https:\/\/www.geneva-lawyers.com\/sociedade-anonima-sa-na-suica\/"},"modified":"2025-04-14T15:45:40","modified_gmt":"2025-04-14T13:45:40","slug":"sociedade-anonima-sa-suica","status":"publish","type":"page","link":"https:\/\/www.geneva-lawyers.com\/pt-pt\/sociedade-anonima-sa-suica\/","title":{"rendered":"Sociedade An\u00f3nima (SA) na Su\u00ed\u00e7a"},"content":{"rendered":"\t\t<div data-elementor-type=\"wp-page\" data-elementor-id=\"32238\" class=\"elementor elementor-32238 elementor-29526\" data-elementor-post-type=\"page\">\n\t\t\t\t\t\t<section class=\"elementor-section elementor-top-section elementor-element elementor-element-5ab19c25 elementor-section-boxed elementor-section-height-default elementor-section-height-default\" data-id=\"5ab19c25\" data-element_type=\"section\" data-e-type=\"section\" data-settings=\"{&quot;background_background&quot;:&quot;classic&quot;}\">\n\t\t\t\t\t\t\t<div class=\"elementor-background-overlay\"><\/div>\n\t\t\t\t\t\t\t<div class=\"elementor-container elementor-column-gap-default\">\n\t\t\t\t\t<div class=\"elementor-column elementor-col-100 elementor-top-column elementor-element elementor-element-5b23b561\" data-id=\"5b23b561\" data-element_type=\"column\" data-e-type=\"column\">\n\t\t\t<div class=\"elementor-widget-wrap elementor-element-populated\">\n\t\t\t\t\t\t<div class=\"elementor-element elementor-element-7287b705 elementor-widget-divider--view-line elementor-widget elementor-widget-divider\" data-id=\"7287b705\" data-element_type=\"widget\" data-e-type=\"widget\" data-widget_type=\"divider.default\">\n\t\t\t\t<div class=\"elementor-widget-container\">\n\t\t\t\t\t\t\t<div class=\"elementor-divider\">\n\t\t\t<span class=\"elementor-divider-separator\">\n\t\t\t\t\t\t<\/span>\n\t\t<\/div>\n\t\t\t\t\t\t<\/div>\n\t\t\t\t<\/div>\n\t\t\t\t<div class=\"elementor-element elementor-element-281f5ab elementor-align-center elementor-widget elementor-widget-button\" data-id=\"281f5ab\" data-element_type=\"widget\" data-e-type=\"widget\" data-widget_type=\"button.default\">\n\t\t\t\t<div class=\"elementor-widget-container\">\n\t\t\t\t\t\t\t\t\t<div class=\"elementor-button-wrapper\">\n\t\t\t\t\t<a class=\"elementor-button elementor-button-link elementor-size-sm\" href=\"https:\/\/www.geneva-lawyers.com\/pt-pt\/contacto\/\">\n\t\t\t\t\t\t<span class=\"elementor-button-content-wrapper\">\n\t\t\t\t\t\t\t\t\t<span class=\"elementor-button-text\">Marca uma consulta com um advogado<\/span>\n\t\t\t\t\t<\/span>\n\t\t\t\t\t<\/a>\n\t\t\t\t<\/div>\n\t\t\t\t\t\t\t\t<\/div>\n\t\t\t\t<\/div>\n\t\t\t\t\t<\/div>\n\t\t<\/div>\n\t\t\t\t\t<\/div>\n\t\t<\/section>\n\t\t\t\t<section class=\"elementor-section elementor-top-section elementor-element elementor-element-47c6bd8d elementor-section-boxed elementor-section-height-default elementor-section-height-default\" data-id=\"47c6bd8d\" data-element_type=\"section\" data-e-type=\"section\">\n\t\t\t\t\t\t<div class=\"elementor-container elementor-column-gap-default\">\n\t\t\t\t\t<div class=\"elementor-column elementor-col-100 elementor-top-column elementor-element elementor-element-1d800d39\" data-id=\"1d800d39\" data-element_type=\"column\" data-e-type=\"column\">\n\t\t\t<div class=\"elementor-widget-wrap elementor-element-populated\">\n\t\t\t\t\t\t<div class=\"elementor-element elementor-element-771288f0 elementor-widget elementor-widget-heading\" data-id=\"771288f0\" data-element_type=\"widget\" data-e-type=\"widget\" data-widget_type=\"heading.default\">\n\t\t\t\t<div class=\"elementor-widget-container\">\n\t\t\t\t\t<h2 class=\"elementor-heading-title elementor-size-default\">A Sociedade An\u00f3nima (SA)<\/h2>\t\t\t\t<\/div>\n\t\t\t\t<\/div>\n\t\t\t\t<div class=\"elementor-element elementor-element-4693feb7 elementor-widget-divider--view-line elementor-widget elementor-widget-divider\" data-id=\"4693feb7\" data-element_type=\"widget\" data-e-type=\"widget\" data-widget_type=\"divider.default\">\n\t\t\t\t<div class=\"elementor-widget-container\">\n\t\t\t\t\t\t\t<div class=\"elementor-divider\">\n\t\t\t<span class=\"elementor-divider-separator\">\n\t\t\t\t\t\t<\/span>\n\t\t<\/div>\n\t\t\t\t\t\t<\/div>\n\t\t\t\t<\/div>\n\t\t\t\t<div class=\"elementor-element elementor-element-3f39846 elementor-widget elementor-widget-text-editor\" data-id=\"3f39846\" data-element_type=\"widget\" data-e-type=\"widget\" data-widget_type=\"text-editor.default\">\n\t\t\t\t<div class=\"elementor-widget-container\">\n\t\t\t\t\t\t\t\t\t<p>A sociedade an\u00f3nima (SA) \u00e9 uma das formas jur\u00eddicas mais comuns na Su\u00ed\u00e7a, principalmente devido \u00e0 sua flexibilidade e \u00e0 prote\u00e7\u00e3o que oferece aos acionistas. Neste artigo, abordaremos a SA segundo o direito su\u00ed\u00e7o, tratando de aspectos como a constitui\u00e7\u00e3o, o capital social, a governan\u00e7a, a responsabilidade dos s\u00f3cios e as principais etapas da dissolu\u00e7\u00e3o. Al\u00e9m disso, abordaremos as vantagens e desvantagens dessa forma jur\u00eddica, bem como as principais obriga\u00e7\u00f5es fiscais e cont\u00e1beis.  <\/p><h2>Forma\u00e7\u00e3o de uma SCV<\/h2><h3>Escolher a forma jur\u00eddica<\/h3><p>Antes de criar uma empresa na Su\u00ed\u00e7a, \u00e9 fundamental escolher a forma jur\u00eddica mais adequada ao teu projeto. A sociedade an\u00f3nima (SA) \u00e9 particularmente adequada para empresas com potencial de crescimento e que pretendam atrair investidores, gra\u00e7as \u00e0 sua flexibilidade em termos de capital e de transfer\u00eancia de ac\u00e7\u00f5es. <\/p><h3>Redigir os estatutos da sociedade<\/h3><p>Os estatutos da sociedade s\u00e3o o documento fundador da SA. Devem ser escritos e conter informa\u00e7\u00f5es obrigat\u00f3rias, como a denomina\u00e7\u00e3o social, a sede social, o objetivo, o montante do capital social, o n\u00famero de ac\u00e7\u00f5es e o seu valor nominal. Podem tamb\u00e9m ser inclu\u00eddas disposi\u00e7\u00f5es facultativas, tais como regras de governa\u00e7\u00e3o ou direitos espec\u00edficos dos acionistas.  <\/p><h3>Capital social m\u00ednimo e contribui\u00e7\u00f5es em esp\u00e9cie<\/h3><p>O capital social m\u00ednimo para uma SA na Su\u00ed\u00e7a \u00e9 de CHF 100&#8217;000, dos quais pelo menos CHF 50&#8217;000 devem ser realizados no momento da constitui\u00e7\u00e3o. As contribui\u00e7\u00f5es em esp\u00e9cie tamb\u00e9m s\u00e3o poss\u00edveis, sujeitas a uma avalia\u00e7\u00e3o independente e a uma men\u00e7\u00e3o espec\u00edfica nos estatutos. <\/p><h3>Formalidades de registo<\/h3><p>Depois de redigidos e assinados os estatutos, a sociedade deve ser registada no Registo Comercial. Esse processo inclui a publica\u00e7\u00e3o de um aviso no Di\u00e1rio Oficial do Com\u00e9rcio Su\u00ed\u00e7o (SOGC) e a entrega de diversos documentos, como o contrato social, o comprovante de domic\u00edlio dos diretores e um relat\u00f3rio de auditoria no caso de contribui\u00e7\u00f5es em esp\u00e9cie. <\/p><h2>Capital social e ac\u00e7\u00f5es<\/h2><h3>Tipos de ac\u00e7\u00f5es<\/h3><p>Uma SA pode emitir diferentes tipos de ac\u00e7\u00f5es, tais como ac\u00e7\u00f5es nominativas (atribu\u00eddas a um acionista espec\u00edfico) ou ac\u00e7\u00f5es ao portador (transfer\u00edveis sem formalidades). As ac\u00e7\u00f5es podem igualmente ter direitos de voto ou de dividendos diferentes, consoante a sua categoria. <\/p><h3>Valor nominal e pagamento de capital<\/h3><p>Cada a\u00e7\u00e3o deve ter um valor nominal, determinado aquando da constitui\u00e7\u00e3o da sociedade e indicado nos estatutos. O capital social deve estar total ou parcialmente realizado, de acordo com os requisitos legais e as disposi\u00e7\u00f5es estatut\u00e1rias. <\/p><h3>Aumento e redu\u00e7\u00e3o de capital<\/h3><p>O capital social de uma sociedade an\u00f3nima pode ser aumentado ou reduzido por decis\u00e3o da assembleia geral de acionistas, sob reserva de determinadas condi\u00e7\u00f5es e procedimentos. Um aumento de capital pode ser realizado atrav\u00e9s da cria\u00e7\u00e3o de novas ac\u00e7\u00f5es, de contribui\u00e7\u00f5es em numer\u00e1rio ou em esp\u00e9cie, ou da convers\u00e3o de reservas. Uma redu\u00e7\u00e3o de capital pode ser efectuada atrav\u00e9s da diminui\u00e7\u00e3o do valor nominal das ac\u00e7\u00f5es, da recompra de ac\u00e7\u00f5es ou da redu\u00e7\u00e3o do n\u00famero de ac\u00e7\u00f5es.  <\/p><h3>Direitos e obriga\u00e7\u00f5es dos acionistas<\/h3><p>Os acionistas de uma SA t\u00eam o direito de participar nas assembleias gerais, votar nas decis\u00f5es importantes, receber dividendos e consultar os documentos da empresa. S\u00e3o tamb\u00e9m obrigados a realizar as suas entradas de capital em conformidade com os estatutos e as disposi\u00e7\u00f5es legais. <\/p><h2>Governa\u00e7\u00e3o de uma SCV<\/h2><h3>Assembleia geral de acionistas<\/h3><p>A assembleia geral dos acionistas \u00e9 o \u00f3rg\u00e3o supremo da SA. Re\u00fane-se pelo menos uma vez por ano e \u00e9 respons\u00e1vel, em primeiro lugar, pela aprova\u00e7\u00e3o das contas anuais, pela nomea\u00e7\u00e3o dos administradores e revisores de contas e pela altera\u00e7\u00e3o dos estatutos. Os acionistas podem tamb\u00e9m convocar reuni\u00f5es extraordin\u00e1rias para tratar de assuntos urgentes ou importantes.  <\/p><h3>Conselho de Administra\u00e7\u00e3o<\/h3><p>O conselho de administra\u00e7\u00e3o \u00e9 o \u00f3rg\u00e3o executivo da SA, respons\u00e1vel pela gest\u00e3o e representa\u00e7\u00e3o da empresa. \u00c9 composto por, pelo menos, um administrador, que pode ser uma pessoa singular ou colectiva. Os administradores t\u00eam obriga\u00e7\u00f5es legais, como a lealdade, a dilig\u00eancia e a fidelidade \u00e0 sociedade, e podem ser responsabilizados por m\u00e1 gest\u00e3o.  <\/p><h3>Auditor<\/h3><p>O revisor de contas \u00e9 respons\u00e1vel pela auditoria das contas anuais da SCV e pela verifica\u00e7\u00e3o da sua conformidade com as normas contabil\u00edsticas e jur\u00eddicas. A nomea\u00e7\u00e3o de um revisor de contas \u00e9 obrigat\u00f3ria para as SCV sujeitas a uma auditoria ordin\u00e1ria (em fun\u00e7\u00e3o da dimens\u00e3o e do volume de neg\u00f3cios) e facultativa para as sujeitas a uma auditoria limitada. <\/p><h3>Gest\u00e3o corrente e delega\u00e7\u00e3o de poderes<\/h3><p>O conselho de administra\u00e7\u00e3o pode delegar a gest\u00e3o corrente da sociedade em membros do conselho de administra\u00e7\u00e3o ou em terceiros, sob certas condi\u00e7\u00f5es e limita\u00e7\u00f5es. A delega\u00e7\u00e3o de poderes deve estar prevista no contrato de sociedade ou num regulamento interno de organiza\u00e7\u00e3o. <\/p><h2>Responsabilidade dos acionistas e dos administradores<\/h2><h3>Limita\u00e7\u00e3o da responsabilidade dos acionistas<\/h3><p>Os acionistas de uma sociedade an\u00f3nima t\u00eam a sua responsabilidade limitada \u00e0s suas contribui\u00e7\u00f5es de capital. Em caso de fal\u00eancia, n\u00e3o s\u00e3o obrigados a cobrir as d\u00edvidas da empresa para al\u00e9m do seu investimento. <\/p><h3>Responsabilidade do diretor<\/h3><p>Os administradores de uma SA podem ser responsabilizados perante a empresa, os acionistas e os credores por m\u00e1 gest\u00e3o, viola\u00e7\u00e3o dos estatutos ou infrac\u00e7\u00f5es legais. Esta responsabilidade pode ser conjunta e solid\u00e1ria, o que significa que cada administrador pode ser responsabilizado pela cobertura total dos danos causados. <\/p><h3>San\u00e7\u00f5es por m\u00e1 gest\u00e3o<\/h3><p>Os diretores podem ser sujeitos a multas, pris\u00e3o ou desqualifica\u00e7\u00e3o profissional em caso de falta grave ou fal\u00eancia fraudulenta.<\/p><h3>Prote\u00e7\u00e3o dos acionistas minorit\u00e1rios<\/h3><p>A legisla\u00e7\u00e3o su\u00ed\u00e7a oferece protec\u00e7\u00f5es aos acionistas minorit\u00e1rios, tais como o direito de convocar uma assembleia geral, solicitar uma auditoria especial em caso de suspeita de m\u00e1 gest\u00e3o ou opor-se a decis\u00f5es que prejudiquem os seus interesses.<\/p><h2>Fiscalidade e contabilidade<\/h2><h3>Imposto sobre o rendimento das pessoas colectivas e imposto sobre o capital<\/h3><p>As SA est\u00e3o sujeitas ao imposto sobre o rendimento das sociedades e ao imposto sobre o capital, tanto a n\u00edvel federal como cantonal. As taxas de imposto variam consoante o cant\u00e3o e podem ser influenciadas por v\u00e1rios factores, como as reservas, os lucros n\u00e3o distribu\u00eddos e o valor do capital social. Podem existir benef\u00edcios fiscais para actividades espec\u00edficas, como a investiga\u00e7\u00e3o e desenvolvimento ou investimentos em zonas econ\u00f3micas designadas.  <\/p><h3>IVA e outros impostos<\/h3><p>Al\u00e9m disso, as SAs est\u00e3o sujeitas ao imposto sobre o valor agregado (IVA), caso seu faturamento ultrapasse um determinado limite (CHF 100&#8217;000). O imposto sobre o valor agregado \u00e9 cobrado sobre mercadorias e servi\u00e7os prestados na Su\u00ed\u00e7a e deve ser declarado e pago periodicamente \u00e0s autoridades fiscais. Outros impostos, como o imposto de selo ou o imposto predial, podem ser aplicados de acordo com as atividades da empresa.  <\/p><h3>Obriga\u00e7\u00f5es contabil\u00edsticas e de auditoria<\/h3><p>As SCV devem manter registos contabil\u00edsticos em conformidade com as normas su\u00ed\u00e7as ou internacionais (Swiss GAAP FER, IFRS) e apresentar contas anuais, incluindo um balan\u00e7o, uma demonstra\u00e7\u00e3o de resultados e notas explicativas. A auditoria das contas \u00e9 obrigat\u00f3ria para as SCV sujeitas a uma auditoria ordin\u00e1ria e facultativa para as sujeitas a uma auditoria limitada. <\/p><h2>Dissolu\u00e7\u00e3o e liquida\u00e7\u00e3o de uma SA<\/h2><h3>Motivos da dissolu\u00e7\u00e3o<\/h3><p>A dissolu\u00e7\u00e3o de uma SA pode ocorrer por v\u00e1rias raz\u00f5es, tais como uma decis\u00e3o da assembleia geral, fal\u00eancia, fus\u00e3o com outra empresa ou cumprimento do objetivo estatut\u00e1rio.<\/p><h3>Processo de liquida\u00e7\u00e3o<\/h3><p>A liquida\u00e7\u00e3o de uma SA envolve a realiza\u00e7\u00e3o dos seus activos, o pagamento das suas d\u00edvidas e a distribui\u00e7\u00e3o do produto da liquida\u00e7\u00e3o (se dispon\u00edvel) aos acionistas. O processo de liquida\u00e7\u00e3o \u00e9 supervisionado por um liquidat\u00e1rio, que pode ser um administrador, um terceiro ou uma autoridade p\u00fablica, consoante as circunst\u00e2ncias. <\/p><h3>Distribui\u00e7\u00e3o do produto da liquida\u00e7\u00e3o<\/h3><p>O produto da liquida\u00e7\u00e3o \u00e9 a diferen\u00e7a entre os activos realizados e as d\u00edvidas pagas durante a liquida\u00e7\u00e3o de uma SA. \u00c9 distribu\u00eddo aos acionistas proporcionalmente \u00e0s suas contribui\u00e7\u00f5es para o capital social, salvo disposi\u00e7\u00e3o em contr\u00e1rio nos estatutos ou na lei. <\/p><p>Em resumo, a SA \u00e9 uma forma jur\u00eddica atraente para os empres\u00e1rios na Su\u00ed\u00e7a, devido \u00e0 prote\u00e7\u00e3o que oferece aos acionistas e \u00e0 sua flexibilidade na gest\u00e3o e no financiamento. No entanto, ela tamb\u00e9m envolve obriga\u00e7\u00f5es legais e administrativas significativas, especialmente em rela\u00e7\u00e3o \u00e0 governan\u00e7a e \u00e0 contabilidade. Por isso, antes da cria\u00e7\u00e3o de uma SA, \u00e9 imprescind\u00edvel conhecer bem as implica\u00e7\u00f5es jur\u00eddicas e fiscais e procurar aconselhamento profissional.  <\/p>\t\t\t\t\t\t\t\t<\/div>\n\t\t\t\t<\/div>\n\t\t\t\t\t<\/div>\n\t\t<\/div>\n\t\t\t\t\t<\/div>\n\t\t<\/section>\n\t\t\t\t<section class=\"elementor-section elementor-top-section elementor-element elementor-element-7889a8ed elementor-section-full_width elementor-section-height-min-height elementor-section-items-stretch elementor-section-content-middle elementor-section-height-default\" data-id=\"7889a8ed\" data-element_type=\"section\" data-e-type=\"section\" data-settings=\"{&quot;background_background&quot;:&quot;classic&quot;}\">\n\t\t\t\t\t\t<div class=\"elementor-container elementor-column-gap-no\">\n\t\t\t\t\t<div class=\"elementor-column elementor-col-50 elementor-top-column elementor-element elementor-element-3f24b72a\" data-id=\"3f24b72a\" data-element_type=\"column\" data-e-type=\"column\" data-settings=\"{&quot;background_background&quot;:&quot;classic&quot;}\">\n\t\t\t<div class=\"elementor-widget-wrap elementor-element-populated\">\n\t\t\t\t\t\t<div class=\"elementor-element elementor-element-64fed67b elementor-widget elementor-widget-spacer\" data-id=\"64fed67b\" data-element_type=\"widget\" data-e-type=\"widget\" data-widget_type=\"spacer.default\">\n\t\t\t\t<div class=\"elementor-widget-container\">\n\t\t\t\t\t\t\t<div class=\"elementor-spacer\">\n\t\t\t<div class=\"elementor-spacer-inner\"><\/div>\n\t\t<\/div>\n\t\t\t\t\t\t<\/div>\n\t\t\t\t<\/div>\n\t\t\t\t\t<\/div>\n\t\t<\/div>\n\t\t\t\t<div class=\"elementor-column elementor-col-50 elementor-top-column elementor-element elementor-element-623ef6df\" data-id=\"623ef6df\" data-element_type=\"column\" data-e-type=\"column\" data-settings=\"{&quot;background_background&quot;:&quot;classic&quot;}\">\n\t\t\t<div class=\"elementor-widget-wrap elementor-element-populated\">\n\t\t\t\t\t\t<div class=\"elementor-element elementor-element-6cc24389 elementor-widget elementor-widget-heading\" data-id=\"6cc24389\" data-element_type=\"widget\" data-e-type=\"widget\" data-widget_type=\"heading.default\">\n\t\t\t\t<div class=\"elementor-widget-container\">\n\t\t\t\t\t<p class=\"elementor-heading-title elementor-size-default\">Consulta inicial  <\/p>\t\t\t\t<\/div>\n\t\t\t\t<\/div>\n\t\t\t\t<div class=\"elementor-element elementor-element-66756f26 elementor-widget elementor-widget-heading\" data-id=\"66756f26\" data-element_type=\"widget\" data-e-type=\"widget\" data-widget_type=\"heading.default\">\n\t\t\t\t<div class=\"elementor-widget-container\">\n\t\t\t\t\t<p class=\"elementor-heading-title elementor-size-default\">de 60 min a CHF 220.00<\/p>\t\t\t\t<\/div>\n\t\t\t\t<\/div>\n\t\t\t\t<div class=\"elementor-element elementor-element-6dc3a5ac elementor-widget elementor-widget-text-editor\" data-id=\"6dc3a5ac\" data-element_type=\"widget\" data-e-type=\"widget\" data-widget_type=\"text-editor.default\">\n\t\t\t\t<div class=\"elementor-widget-container\">\n\t\t\t\t\t\t\t\t\tDiscute a tua situa\u00e7\u00e3o com um advogado especializado na Su\u00ed\u00e7a.\n\t\t\t\t\t\t\t\t<\/div>\n\t\t\t\t<\/div>\n\t\t\t\t<div class=\"elementor-element elementor-element-5b5eb986 elementor-widget-divider--view-line elementor-widget elementor-widget-divider\" data-id=\"5b5eb986\" data-element_type=\"widget\" data-e-type=\"widget\" data-widget_type=\"divider.default\">\n\t\t\t\t<div class=\"elementor-widget-container\">\n\t\t\t\t\t\t\t<div class=\"elementor-divider\">\n\t\t\t<span class=\"elementor-divider-separator\">\n\t\t\t\t\t\t<\/span>\n\t\t<\/div>\n\t\t\t\t\t\t<\/div>\n\t\t\t\t<\/div>\n\t\t\t\t<div class=\"elementor-element elementor-element-45bb9baa elementor-widget elementor-widget-text-editor\" data-id=\"45bb9baa\" data-element_type=\"widget\" data-e-type=\"widget\" data-widget_type=\"text-editor.default\">\n\t\t\t\t<div class=\"elementor-widget-container\">\n\t\t\t\t\t\t\t\t\t<p>Procuras apenas uma marca\u00e7\u00e3o para fazer algumas perguntas?<br>N\u00e3o tens a certeza sobre os procedimentos que pretendes efetuar?<br>A tua situa\u00e7\u00e3o n\u00e3o \u00e9 clara?<\/p><p><strong>Opta por uma primeira consulta com um advogado em Genebra.<\/strong><\/p><p>Decidir\u00e1s ent\u00e3o se queres prosseguir e os nossos advogados indicar-te-\u00e3o o custo do processo em fun\u00e7\u00e3o do teu caso. Marca\u00e7\u00e3o de consultas presenciais ou por videoconfer\u00eancia. <strong><br><\/strong><\/p>\t\t\t\t\t\t\t\t<\/div>\n\t\t\t\t<\/div>\n\t\t\t\t<div class=\"elementor-element elementor-element-4e02fcc3 elementor-align-center elementor-widget elementor-widget-button\" data-id=\"4e02fcc3\" data-element_type=\"widget\" data-e-type=\"widget\" data-widget_type=\"button.default\">\n\t\t\t\t<div class=\"elementor-widget-container\">\n\t\t\t\t\t\t\t\t\t<div class=\"elementor-button-wrapper\">\n\t\t\t\t\t<a class=\"elementor-button elementor-button-link elementor-size-sm\" href=\"https:\/\/www.geneva-lawyers.com\/pt-pt\/contacto\/\">\n\t\t\t\t\t\t<span class=\"elementor-button-content-wrapper\">\n\t\t\t\t\t\t\t\t\t<span class=\"elementor-button-text\">Marca uma consulta com um advogado<\/span>\n\t\t\t\t\t<\/span>\n\t\t\t\t\t<\/a>\n\t\t\t\t<\/div>\n\t\t\t\t\t\t\t\t<\/div>\n\t\t\t\t<\/div>\n\t\t\t\t\t<\/div>\n\t\t<\/div>\n\t\t\t\t\t<\/div>\n\t\t<\/section>\n\t\t\t\t<\/div>\n\t\t","protected":false},"excerpt":{"rendered":"<p>Marca uma consulta com um advogado A Sociedade An\u00f3nima (SA) A sociedade an\u00f3nima (SA) \u00e9 uma das formas jur\u00eddicas mais comuns na Su\u00ed\u00e7a, principalmente devido \u00e0 sua flexibilidade e \u00e0 prote\u00e7\u00e3o que oferece aos acionistas. Neste artigo, abordaremos a SA segundo o direito su\u00ed\u00e7o, tratando de aspectos como a constitui\u00e7\u00e3o, o capital social, a governan\u00e7a, &#8230; <a title=\"Sociedade An\u00f3nima (SA) na Su\u00ed\u00e7a\" class=\"read-more\" href=\"https:\/\/www.geneva-lawyers.com\/pt-pt\/sociedade-anonima-sa-suica\/\" aria-label=\"Leia mais sobre Sociedade An\u00f3nima (SA) na Su\u00ed\u00e7a\">Ler mais<\/a><\/p>\n","protected":false},"author":1,"featured_media":0,"parent":0,"menu_order":0,"comment_status":"closed","ping_status":"closed","template":"elementor_header_footer","meta":{"_acf_changed":false,"_seopress_robots_primary_cat":"","_seopress_titles_title":"","_seopress_titles_desc":"","_seopress_robots_index":"","footnotes":""},"class_list":["post-32238","page","type-page","status-publish"],"acf":[],"_links":{"self":[{"href":"https:\/\/www.geneva-lawyers.com\/pt-pt\/wp-json\/wp\/v2\/pages\/32238","targetHints":{"allow":["GET"]}}],"collection":[{"href":"https:\/\/www.geneva-lawyers.com\/pt-pt\/wp-json\/wp\/v2\/pages"}],"about":[{"href":"https:\/\/www.geneva-lawyers.com\/pt-pt\/wp-json\/wp\/v2\/types\/page"}],"author":[{"embeddable":true,"href":"https:\/\/www.geneva-lawyers.com\/pt-pt\/wp-json\/wp\/v2\/users\/1"}],"replies":[{"embeddable":true,"href":"https:\/\/www.geneva-lawyers.com\/pt-pt\/wp-json\/wp\/v2\/comments?post=32238"}],"version-history":[{"count":6,"href":"https:\/\/www.geneva-lawyers.com\/pt-pt\/wp-json\/wp\/v2\/pages\/32238\/revisions"}],"predecessor-version":[{"id":34007,"href":"https:\/\/www.geneva-lawyers.com\/pt-pt\/wp-json\/wp\/v2\/pages\/32238\/revisions\/34007"}],"wp:attachment":[{"href":"https:\/\/www.geneva-lawyers.com\/pt-pt\/wp-json\/wp\/v2\/media?parent=32238"}],"curies":[{"name":"wp","href":"https:\/\/api.w.org\/{rel}","templated":true}]}}