{"id":32246,"date":"2024-05-25T16:33:19","date_gmt":"2024-05-25T14:33:19","guid":{"rendered":"https:\/\/www.geneva-lawyers.com\/transformacao-e-transferencia-da-minha-empresa-na-suica\/"},"modified":"2025-04-14T15:29:35","modified_gmt":"2025-04-14T13:29:35","slug":"transformacao-transferencia-minha-empresa-suica","status":"publish","type":"page","link":"https:\/\/www.geneva-lawyers.com\/pt-pt\/transformacao-transferencia-minha-empresa-suica\/","title":{"rendered":"Transforma\u00e7\u00e3o e transfer\u00eancia da minha empresa na Su\u00ed\u00e7a"},"content":{"rendered":"\t\t<div data-elementor-type=\"wp-page\" data-elementor-id=\"32246\" class=\"elementor elementor-32246 elementor-29516\" data-elementor-post-type=\"page\">\n\t\t\t\t\t\t<section class=\"elementor-section elementor-top-section elementor-element elementor-element-6de9227e elementor-section-boxed elementor-section-height-default elementor-section-height-default\" data-id=\"6de9227e\" data-element_type=\"section\" data-e-type=\"section\" data-settings=\"{&quot;background_background&quot;:&quot;classic&quot;}\">\n\t\t\t\t\t\t\t<div class=\"elementor-background-overlay\"><\/div>\n\t\t\t\t\t\t\t<div class=\"elementor-container elementor-column-gap-default\">\n\t\t\t\t\t<div class=\"elementor-column elementor-col-100 elementor-top-column elementor-element elementor-element-60c75ff2\" data-id=\"60c75ff2\" data-element_type=\"column\" data-e-type=\"column\">\n\t\t\t<div class=\"elementor-widget-wrap elementor-element-populated\">\n\t\t\t\t\t\t<div class=\"elementor-element elementor-element-66670404 elementor-widget-divider--view-line elementor-widget elementor-widget-divider\" data-id=\"66670404\" data-element_type=\"widget\" data-e-type=\"widget\" data-widget_type=\"divider.default\">\n\t\t\t\t<div class=\"elementor-widget-container\">\n\t\t\t\t\t\t\t<div class=\"elementor-divider\">\n\t\t\t<span class=\"elementor-divider-separator\">\n\t\t\t\t\t\t<\/span>\n\t\t<\/div>\n\t\t\t\t\t\t<\/div>\n\t\t\t\t<\/div>\n\t\t\t\t<div class=\"elementor-element elementor-element-25655b25 elementor-align-center elementor-widget elementor-widget-button\" data-id=\"25655b25\" data-element_type=\"widget\" data-e-type=\"widget\" data-widget_type=\"button.default\">\n\t\t\t\t<div class=\"elementor-widget-container\">\n\t\t\t\t\t\t\t\t\t<div class=\"elementor-button-wrapper\">\n\t\t\t\t\t<a class=\"elementor-button elementor-button-link elementor-size-sm\" href=\"https:\/\/www.geneva-lawyers.com\/pt-pt\/contacto\/\">\n\t\t\t\t\t\t<span class=\"elementor-button-content-wrapper\">\n\t\t\t\t\t\t\t\t\t<span class=\"elementor-button-text\">Marca uma consulta com um advogado<\/span>\n\t\t\t\t\t<\/span>\n\t\t\t\t\t<\/a>\n\t\t\t\t<\/div>\n\t\t\t\t\t\t\t\t<\/div>\n\t\t\t\t<\/div>\n\t\t\t\t\t<\/div>\n\t\t<\/div>\n\t\t\t\t\t<\/div>\n\t\t<\/section>\n\t\t\t\t<section class=\"elementor-section elementor-top-section elementor-element elementor-element-6723ca1b elementor-section-boxed elementor-section-height-default elementor-section-height-default\" data-id=\"6723ca1b\" data-element_type=\"section\" data-e-type=\"section\">\n\t\t\t\t\t\t<div class=\"elementor-container elementor-column-gap-default\">\n\t\t\t\t\t<div class=\"elementor-column elementor-col-100 elementor-top-column elementor-element elementor-element-6a4efe\" data-id=\"6a4efe\" data-element_type=\"column\" data-e-type=\"column\">\n\t\t\t<div class=\"elementor-widget-wrap elementor-element-populated\">\n\t\t\t\t\t\t<div class=\"elementor-element elementor-element-6e88d4e5 elementor-widget elementor-widget-heading\" data-id=\"6e88d4e5\" data-element_type=\"widget\" data-e-type=\"widget\" data-widget_type=\"heading.default\">\n\t\t\t\t<div class=\"elementor-widget-container\">\n\t\t\t\t\t<h2 class=\"elementor-heading-title elementor-size-default\">Transferir e transformar a minha empresa na Su\u00ed\u00e7a\n\n<\/h2>\t\t\t\t<\/div>\n\t\t\t\t<\/div>\n\t\t\t\t<div class=\"elementor-element elementor-element-4edcc560 elementor-widget-divider--view-line elementor-widget elementor-widget-divider\" data-id=\"4edcc560\" data-element_type=\"widget\" data-e-type=\"widget\" data-widget_type=\"divider.default\">\n\t\t\t\t<div class=\"elementor-widget-container\">\n\t\t\t\t\t\t\t<div class=\"elementor-divider\">\n\t\t\t<span class=\"elementor-divider-separator\">\n\t\t\t\t\t\t<\/span>\n\t\t<\/div>\n\t\t\t\t\t\t<\/div>\n\t\t\t\t<\/div>\n\t\t\t\t<div class=\"elementor-element elementor-element-7193608 elementor-widget elementor-widget-text-editor\" data-id=\"7193608\" data-element_type=\"widget\" data-e-type=\"widget\" data-widget_type=\"text-editor.default\">\n\t\t\t\t<div class=\"elementor-widget-container\">\n\t\t\t\t\t\t\t\t\t<h2>Planear a sucess\u00e3o da minha empresa com a aplica\u00e7\u00e3o do novo direito sucess\u00f3rio<\/h2><p>Com a entrada em vigor do novo direito sucess\u00f3rio em 1 de janeiro de 2023, os empres\u00e1rios ter\u00e3o maior liberdade na disposi\u00e7\u00e3o dos seus bens. A nova lei reduz a parte obrigat\u00f3ria (parte reservada) a que certos herdeiros legais, como descendentes e c\u00f4njuges, t\u00eam direito. Embora os herdeiros continuem a ter a sua heran\u00e7a protegida por partes reservadas, estas ser\u00e3o mais pequenas, aumentando a parte dispon\u00edvel da heran\u00e7a (a parte que pode ser livremente alienada ap\u00f3s dedu\u00e7\u00e3o de todas as partes reservadas). Atualmente, um indiv\u00edduo s\u00f3 pode dispor livremente de um quarto da sua heran\u00e7a, mas este n\u00famero aumentar\u00e1 para metade ao abrigo da nova lei.   <\/p><p>A partir de 1 de janeiro de 2023, os empres\u00e1rios podem dispor livremente de metade do seu patrim\u00f3nio. Esta altera\u00e7\u00e3o facilita significativamente a transfer\u00eancia de uma empresa familiar para um descendente. <\/p><p>No entanto, a sucess\u00e3o de uma empresa familiar pode, muitas vezes, gerar conflitos entre os herdeiros, podendo resultar na divis\u00e3o ou liquida\u00e7\u00e3o da empresa para satisfazer todos os herdeiros. Com a nova lei, o empres\u00e1rio que desejar administrar sua sucess\u00e3o por meio de testamento poder\u00e1 ter mais liberdade para dispor de seus bens e favorecer o descendente que deseja assumir a empresa, preservando-a. <\/p><p>Atualmente, a lei n\u00e3o regula a transmiss\u00e3o de uma empresa por morte do empres\u00e1rio. Por conseguinte, os empres\u00e1rios t\u00eam de tomar disposi\u00e7\u00f5es atrav\u00e9s de um testamento ou de um acordo sucess\u00f3rio se quiserem assegurar a transmiss\u00e3o da sua empresa ap\u00f3s a sua morte. <\/p><p>A implementa\u00e7\u00e3o da nova lei das sucess\u00f5es constitui uma oportunidade ideal para consultar os nossos advogados e considerar cuidadosamente todas as op\u00e7\u00f5es de sucess\u00e3o e planeamento.<\/p><h2>Transformar uma empresa individual numa sociedade de capitais<\/h2><p>\u00c0 medida que a tua empresa cresce, pode ser vantajoso transformar a tua empresa individual numa sociedade de capitais, como uma LLC (S\u00e0rl) ou uma sociedade an\u00f3nima (SA).<\/p><p>Muitas empresas come\u00e7am como empresas em nome individual devido aos custos mais baixos, a menos formalidades administrativas e \u00e0 vantagem fiscal de n\u00e3o ter os lucros duplamente tributados (tanto a n\u00edvel da empresa como a n\u00edvel pessoal).<\/p><p>No entanto, uma empresa em nome individual pode n\u00e3o ser a melhor estrutura para fazer crescer uma empresa. A responsabilidade ilimitada significa que o empres\u00e1rio \u00e9 pessoalmente respons\u00e1vel pelas d\u00edvidas da empresa. Al\u00e9m disso, as empresas em nome individual n\u00e3o permitem a entrada de novos investidores ou parceiros, e os clientes e parceiros de neg\u00f3cios podem consider\u00e1-las como opera\u00e7\u00f5es de pequena escala.  <\/p><p>A transforma\u00e7\u00e3o de uma sociedade unipessoal em sociedade de capitais implica uma &#8220;entrada em esp\u00e9cie&#8221; dos activos da sociedade unipessoal. \u00c9 necess\u00e1rio seguir v\u00e1rias etapas: elabora\u00e7\u00e3o de um balan\u00e7o da empresa individual, reda\u00e7\u00e3o de um contrato de entrada em esp\u00e9cie, elabora\u00e7\u00e3o de um relat\u00f3rio de funda\u00e7\u00e3o e de um relat\u00f3rio de verifica\u00e7\u00e3o antes da realiza\u00e7\u00e3o de uma assembleia constitutiva. <\/p><p>Devem ser cumpridas numerosas condi\u00e7\u00f5es e abordadas v\u00e1rias quest\u00f5es jur\u00eddicas para garantir que a transforma\u00e7\u00e3o preserva os teus interesses e evita consequ\u00eancias adversas. Por exemplo, \u00e9 crucial que as propor\u00e7\u00f5es de propriedade n\u00e3o sejam alteradas pela transforma\u00e7\u00e3o, uma vez que o empres\u00e1rio deve inicialmente deter todo o capital. A introdu\u00e7\u00e3o de um investidor durante a transforma\u00e7\u00e3o pode ser considerada uma venda parcial, com potenciais implica\u00e7\u00f5es civis e fiscais.  <\/p><p>A consulta de um advogado especializado pode ajudar a navegar por estas complexidades e garantir uma transforma\u00e7\u00e3o e sucess\u00e3o tranquilas da tua empresa.<\/p>\t\t\t\t\t\t\t\t<\/div>\n\t\t\t\t<\/div>\n\t\t\t\t\t<\/div>\n\t\t<\/div>\n\t\t\t\t\t<\/div>\n\t\t<\/section>\n\t\t\t\t<section class=\"elementor-section elementor-top-section elementor-element elementor-element-526e6274 elementor-section-full_width elementor-section-height-min-height elementor-section-items-stretch elementor-section-content-middle elementor-section-height-default\" data-id=\"526e6274\" data-element_type=\"section\" data-e-type=\"section\" data-settings=\"{&quot;background_background&quot;:&quot;classic&quot;}\">\n\t\t\t\t\t\t<div class=\"elementor-container elementor-column-gap-no\">\n\t\t\t\t\t<div class=\"elementor-column elementor-col-50 elementor-top-column elementor-element elementor-element-71b3c286\" data-id=\"71b3c286\" data-element_type=\"column\" data-e-type=\"column\" data-settings=\"{&quot;background_background&quot;:&quot;classic&quot;}\">\n\t\t\t<div class=\"elementor-widget-wrap elementor-element-populated\">\n\t\t\t\t\t\t<div class=\"elementor-element elementor-element-57dcec06 elementor-widget elementor-widget-spacer\" data-id=\"57dcec06\" data-element_type=\"widget\" data-e-type=\"widget\" data-widget_type=\"spacer.default\">\n\t\t\t\t<div class=\"elementor-widget-container\">\n\t\t\t\t\t\t\t<div class=\"elementor-spacer\">\n\t\t\t<div class=\"elementor-spacer-inner\"><\/div>\n\t\t<\/div>\n\t\t\t\t\t\t<\/div>\n\t\t\t\t<\/div>\n\t\t\t\t\t<\/div>\n\t\t<\/div>\n\t\t\t\t<div class=\"elementor-column elementor-col-50 elementor-top-column elementor-element elementor-element-de874b8\" data-id=\"de874b8\" data-element_type=\"column\" data-e-type=\"column\" data-settings=\"{&quot;background_background&quot;:&quot;classic&quot;}\">\n\t\t\t<div class=\"elementor-widget-wrap elementor-element-populated\">\n\t\t\t\t\t\t<div class=\"elementor-element elementor-element-5781993d elementor-widget elementor-widget-heading\" data-id=\"5781993d\" data-element_type=\"widget\" data-e-type=\"widget\" data-widget_type=\"heading.default\">\n\t\t\t\t<div class=\"elementor-widget-container\">\n\t\t\t\t\t<p class=\"elementor-heading-title elementor-size-default\">Consulta inicial  <\/p>\t\t\t\t<\/div>\n\t\t\t\t<\/div>\n\t\t\t\t<div class=\"elementor-element elementor-element-7fb71373 elementor-widget elementor-widget-heading\" data-id=\"7fb71373\" data-element_type=\"widget\" data-e-type=\"widget\" data-widget_type=\"heading.default\">\n\t\t\t\t<div class=\"elementor-widget-container\">\n\t\t\t\t\t<p class=\"elementor-heading-title elementor-size-default\">de 60 min a CHF 220.00<\/p>\t\t\t\t<\/div>\n\t\t\t\t<\/div>\n\t\t\t\t<div class=\"elementor-element elementor-element-76148498 elementor-widget elementor-widget-text-editor\" data-id=\"76148498\" data-element_type=\"widget\" data-e-type=\"widget\" data-widget_type=\"text-editor.default\">\n\t\t\t\t<div class=\"elementor-widget-container\">\n\t\t\t\t\t\t\t\t\tDiscute a tua situa\u00e7\u00e3o com um advogado especializado na Su\u00ed\u00e7a.\n\t\t\t\t\t\t\t\t<\/div>\n\t\t\t\t<\/div>\n\t\t\t\t<div class=\"elementor-element elementor-element-1e1b9198 elementor-widget-divider--view-line elementor-widget elementor-widget-divider\" data-id=\"1e1b9198\" data-element_type=\"widget\" data-e-type=\"widget\" data-widget_type=\"divider.default\">\n\t\t\t\t<div class=\"elementor-widget-container\">\n\t\t\t\t\t\t\t<div class=\"elementor-divider\">\n\t\t\t<span class=\"elementor-divider-separator\">\n\t\t\t\t\t\t<\/span>\n\t\t<\/div>\n\t\t\t\t\t\t<\/div>\n\t\t\t\t<\/div>\n\t\t\t\t<div class=\"elementor-element elementor-element-4bb1efa8 elementor-widget elementor-widget-text-editor\" data-id=\"4bb1efa8\" data-element_type=\"widget\" data-e-type=\"widget\" data-widget_type=\"text-editor.default\">\n\t\t\t\t<div class=\"elementor-widget-container\">\n\t\t\t\t\t\t\t\t\t<p>Procuras apenas uma marca\u00e7\u00e3o para fazer algumas perguntas?<br>N\u00e3o tens a certeza sobre os procedimentos que pretendes efetuar?<br>A tua situa\u00e7\u00e3o n\u00e3o \u00e9 clara?<\/p><p><strong>Opta por uma primeira consulta com um advogado em Genebra.<\/strong><\/p><p>Decidir\u00e1s ent\u00e3o se queres prosseguir e os nossos advogados indicar-te-\u00e3o o custo do processo em fun\u00e7\u00e3o do teu caso. Marca\u00e7\u00e3o de consultas presenciais ou por videoconfer\u00eancia. <strong><br><\/strong><\/p>\t\t\t\t\t\t\t\t<\/div>\n\t\t\t\t<\/div>\n\t\t\t\t<div class=\"elementor-element elementor-element-5606f89f elementor-align-center elementor-widget elementor-widget-button\" data-id=\"5606f89f\" data-element_type=\"widget\" data-e-type=\"widget\" data-widget_type=\"button.default\">\n\t\t\t\t<div class=\"elementor-widget-container\">\n\t\t\t\t\t\t\t\t\t<div class=\"elementor-button-wrapper\">\n\t\t\t\t\t<a class=\"elementor-button elementor-button-link elementor-size-sm\" href=\"https:\/\/www.geneva-lawyers.com\/pt-pt\/contacto\/\">\n\t\t\t\t\t\t<span class=\"elementor-button-content-wrapper\">\n\t\t\t\t\t\t\t\t\t<span class=\"elementor-button-text\">Marca uma consulta com um advogado<\/span>\n\t\t\t\t\t<\/span>\n\t\t\t\t\t<\/a>\n\t\t\t\t<\/div>\n\t\t\t\t\t\t\t\t<\/div>\n\t\t\t\t<\/div>\n\t\t\t\t\t<\/div>\n\t\t<\/div>\n\t\t\t\t\t<\/div>\n\t\t<\/section>\n\t\t\t\t<\/div>\n\t\t","protected":false},"excerpt":{"rendered":"<p>Marca uma consulta com um advogado Transferir e transformar a minha empresa na Su\u00ed\u00e7a Planear a sucess\u00e3o da minha empresa com a aplica\u00e7\u00e3o do novo direito sucess\u00f3rio Com a entrada em vigor do novo direito sucess\u00f3rio em 1 de janeiro de 2023, os empres\u00e1rios ter\u00e3o maior liberdade na disposi\u00e7\u00e3o dos seus bens. A nova lei &#8230; <a title=\"Transforma\u00e7\u00e3o e transfer\u00eancia da minha empresa na Su\u00ed\u00e7a\" class=\"read-more\" href=\"https:\/\/www.geneva-lawyers.com\/pt-pt\/transformacao-transferencia-minha-empresa-suica\/\" aria-label=\"Leia mais sobre Transforma\u00e7\u00e3o e transfer\u00eancia da minha empresa na Su\u00ed\u00e7a\">Ler mais<\/a><\/p>\n","protected":false},"author":1,"featured_media":0,"parent":0,"menu_order":0,"comment_status":"closed","ping_status":"closed","template":"elementor_header_footer","meta":{"_acf_changed":false,"_seopress_robots_primary_cat":"","_seopress_titles_title":"","_seopress_titles_desc":"","_seopress_robots_index":"","footnotes":""},"class_list":["post-32246","page","type-page","status-publish"],"acf":[],"_links":{"self":[{"href":"https:\/\/www.geneva-lawyers.com\/pt-pt\/wp-json\/wp\/v2\/pages\/32246","targetHints":{"allow":["GET"]}}],"collection":[{"href":"https:\/\/www.geneva-lawyers.com\/pt-pt\/wp-json\/wp\/v2\/pages"}],"about":[{"href":"https:\/\/www.geneva-lawyers.com\/pt-pt\/wp-json\/wp\/v2\/types\/page"}],"author":[{"embeddable":true,"href":"https:\/\/www.geneva-lawyers.com\/pt-pt\/wp-json\/wp\/v2\/users\/1"}],"replies":[{"embeddable":true,"href":"https:\/\/www.geneva-lawyers.com\/pt-pt\/wp-json\/wp\/v2\/comments?post=32246"}],"version-history":[{"count":6,"href":"https:\/\/www.geneva-lawyers.com\/pt-pt\/wp-json\/wp\/v2\/pages\/32246\/revisions"}],"predecessor-version":[{"id":33855,"href":"https:\/\/www.geneva-lawyers.com\/pt-pt\/wp-json\/wp\/v2\/pages\/32246\/revisions\/33855"}],"wp:attachment":[{"href":"https:\/\/www.geneva-lawyers.com\/pt-pt\/wp-json\/wp\/v2\/media?parent=32246"}],"curies":[{"name":"wp","href":"https:\/\/api.w.org\/{rel}","templated":true}]}}