{"id":32252,"date":"2024-05-27T08:51:12","date_gmt":"2024-05-27T06:51:12","guid":{"rendered":"https:\/\/www.geneva-lawyers.com\/parceria-simples\/"},"modified":"2025-04-14T15:21:22","modified_gmt":"2025-04-14T13:21:22","slug":"parceria-simples","status":"publish","type":"page","link":"https:\/\/www.geneva-lawyers.com\/pt-pt\/parceria-simples\/","title":{"rendered":"Parceria simples"},"content":{"rendered":"\t\t<div data-elementor-type=\"wp-page\" data-elementor-id=\"32252\" class=\"elementor elementor-32252 elementor-29558\" data-elementor-post-type=\"page\">\n\t\t\t\t\t\t<section class=\"elementor-section elementor-top-section elementor-element elementor-element-5f260eb8 elementor-section-boxed elementor-section-height-default elementor-section-height-default\" data-id=\"5f260eb8\" data-element_type=\"section\" data-e-type=\"section\" data-settings=\"{&quot;background_background&quot;:&quot;classic&quot;}\">\n\t\t\t\t\t\t\t<div class=\"elementor-background-overlay\"><\/div>\n\t\t\t\t\t\t\t<div class=\"elementor-container elementor-column-gap-default\">\n\t\t\t\t\t<div class=\"elementor-column elementor-col-100 elementor-top-column elementor-element elementor-element-1b0dbfcc\" data-id=\"1b0dbfcc\" data-element_type=\"column\" data-e-type=\"column\">\n\t\t\t<div class=\"elementor-widget-wrap elementor-element-populated\">\n\t\t\t\t\t\t<div class=\"elementor-element elementor-element-760f6616 elementor-widget-divider--view-line elementor-widget elementor-widget-divider\" data-id=\"760f6616\" data-element_type=\"widget\" data-e-type=\"widget\" data-widget_type=\"divider.default\">\n\t\t\t\t<div class=\"elementor-widget-container\">\n\t\t\t\t\t\t\t<div class=\"elementor-divider\">\n\t\t\t<span class=\"elementor-divider-separator\">\n\t\t\t\t\t\t<\/span>\n\t\t<\/div>\n\t\t\t\t\t\t<\/div>\n\t\t\t\t<\/div>\n\t\t\t\t<div class=\"elementor-element elementor-element-39f96487 elementor-align-center elementor-widget elementor-widget-button\" data-id=\"39f96487\" data-element_type=\"widget\" data-e-type=\"widget\" data-widget_type=\"button.default\">\n\t\t\t\t<div class=\"elementor-widget-container\">\n\t\t\t\t\t\t\t\t\t<div class=\"elementor-button-wrapper\">\n\t\t\t\t\t<a class=\"elementor-button elementor-button-link elementor-size-sm\" href=\"https:\/\/www.geneva-lawyers.com\/pt-pt\/contacto\/\">\n\t\t\t\t\t\t<span class=\"elementor-button-content-wrapper\">\n\t\t\t\t\t\t\t\t\t<span class=\"elementor-button-text\">Marca uma consulta com um advogado<\/span>\n\t\t\t\t\t<\/span>\n\t\t\t\t\t<\/a>\n\t\t\t\t<\/div>\n\t\t\t\t\t\t\t\t<\/div>\n\t\t\t\t<\/div>\n\t\t\t\t\t<\/div>\n\t\t<\/div>\n\t\t\t\t\t<\/div>\n\t\t<\/section>\n\t\t\t\t<section class=\"elementor-section elementor-top-section elementor-element elementor-element-556a15c6 elementor-section-boxed elementor-section-height-default elementor-section-height-default\" data-id=\"556a15c6\" data-element_type=\"section\" data-e-type=\"section\">\n\t\t\t\t\t\t<div class=\"elementor-container elementor-column-gap-default\">\n\t\t\t\t\t<div class=\"elementor-column elementor-col-100 elementor-top-column elementor-element elementor-element-49fb9f88\" data-id=\"49fb9f88\" data-element_type=\"column\" data-e-type=\"column\">\n\t\t\t<div class=\"elementor-widget-wrap elementor-element-populated\">\n\t\t\t\t\t\t<div class=\"elementor-element elementor-element-26644e83 elementor-widget elementor-widget-heading\" data-id=\"26644e83\" data-element_type=\"widget\" data-e-type=\"widget\" data-widget_type=\"heading.default\">\n\t\t\t\t<div class=\"elementor-widget-container\">\n\t\t\t\t\t<h2 class=\"elementor-heading-title elementor-size-default\">Sociedade simples na Su\u00ed\u00e7a<\/h2>\t\t\t\t<\/div>\n\t\t\t\t<\/div>\n\t\t\t\t<div class=\"elementor-element elementor-element-124c4586 elementor-widget-divider--view-line elementor-widget elementor-widget-divider\" data-id=\"124c4586\" data-element_type=\"widget\" data-e-type=\"widget\" data-widget_type=\"divider.default\">\n\t\t\t\t<div class=\"elementor-widget-container\">\n\t\t\t\t\t\t\t<div class=\"elementor-divider\">\n\t\t\t<span class=\"elementor-divider-separator\">\n\t\t\t\t\t\t<\/span>\n\t\t<\/div>\n\t\t\t\t\t\t<\/div>\n\t\t\t\t<\/div>\n\t\t\t\t<div class=\"elementor-element elementor-element-61204ae4 elementor-widget elementor-widget-text-editor\" data-id=\"61204ae4\" data-element_type=\"widget\" data-e-type=\"widget\" data-widget_type=\"text-editor.default\">\n\t\t\t\t<div class=\"elementor-widget-container\">\n\t\t\t\t\t\t\t\t\t<p>A sociedade simples na Su\u00ed\u00e7a \u00e9 a forma mais elementar de sociedade de pessoas, regida pelo C\u00f3digo das Obriga\u00e7\u00f5es Su\u00ed\u00e7o (artigos 530-551 CO). Ela \u00e9 formada atrav\u00e9s de um acordo entre dois ou mais indiv\u00edduos que re\u00fanem seus recursos e habilidades para atingir um objetivo comum (artigo 530, par\u00e1grafo 1 CO). Ao contr\u00e1rio de outros tipos de parcerias, a parceria simples \u00e9 considerada um contrato e n\u00e3o uma empresa formal, embora seja a base para todas as outras formas de parceria. Nomeadamente, uma entidade s\u00f3 pode ser considerada uma sociedade simples se n\u00e3o preencher as condi\u00e7\u00f5es de outro tipo de sociedade (n.\u00ba 2 do artigo 530.\u00ba do C\u00f3digo Civil).   <\/p><h2>Vantagens de uma parceria simples<\/h2><p>A sociedade simples oferece uma grande liberdade aos s\u00f3cios para determinarem as condi\u00e7\u00f5es da sua colabora\u00e7\u00e3o e a reparti\u00e7\u00e3o dos lucros e das perdas. Ao contr\u00e1rio de outras formas de sociedade, a constitui\u00e7\u00e3o de uma sociedade simples \u00e9 simples e pouco dispendiosa. N\u00e3o necessita de inscri\u00e7\u00e3o no Registo Comercial, o que permite aos s\u00f3cios manter a confidencialidade.  <\/p><h2>Desvantagens de uma sociedade simples<\/h2><p>Os s\u00f3cios de uma sociedade simples s\u00e3o conjunta e solidariamente respons\u00e1veis pelas d\u00edvidas da sociedade, sem qualquer limita\u00e7\u00e3o. Isto significa que cada s\u00f3cio \u00e9 respons\u00e1vel pela totalidade das d\u00edvidas da sociedade e que os credores podem exigir o pagamento a qualquer um ou a todos os s\u00f3cios. Al\u00e9m disso, uma sociedade simples carece de personalidade jur\u00eddica, o que significa que os s\u00f3cios s\u00e3o pessoalmente identificados com a sociedade. Este facto pode criar dificuldades na sucess\u00e3o ou na transfer\u00eancia de interesses de propriedade. Al\u00e9m disso, uma sociedade simples pode ter dificuldades em obter financiamento significativo, uma vez que n\u00e3o pode emitir t\u00edtulos de capital.    <\/p><h2>Constitui\u00e7\u00e3o e gest\u00e3o de uma sociedade simples<\/h2><p>Geralmente, as parcerias simples t\u00eam uma vida \u00fatil limitada, como os cons\u00f3rcios de constru\u00e7\u00e3o que se dissolvem ap\u00f3s a conclus\u00e3o de um projeto. S\u00e3o vistas externamente como comunidades de interesse econ\u00f3mico e carecem de personalidade jur\u00eddica e de um nome oficial, formando-se muitas vezes sem o conhecimento expl\u00edcito dos participantes, o que \u00e9 conhecido como uma &#8220;parceria de facto&#8221;. <\/p><p>A constitui\u00e7\u00e3o de uma sociedade simples na Su\u00ed\u00e7a n\u00e3o exige formalidades espec\u00edficas. Ela n\u00e3o pode ser registrada no Registro Mercantil. No entanto, \u00e9 aconselh\u00e1vel redigir um contrato de sociedade assinado por todos os s\u00f3cios, que pode definir as regras de gest\u00e3o, a distribui\u00e7\u00e3o de tarefas e as responsabilidades da sociedade.  <\/p><p>Cada parceiro deve contribuir para a sociedade simples, que pode ser em dinheiro, um cr\u00e9dito ou um ativo (artigo 531.\u00ba, n.\u00ba 1, do C\u00f3digo Comercial). Salvo disposi\u00e7\u00e3o em contr\u00e1rio no acordo de parceria, cada parceiro tem igual direito aos lucros e igual responsabilidade pelas perdas, independentemente da natureza e do valor da sua contribui\u00e7\u00e3o (artigo 533.\u00ba, n.\u00ba 1, do CO). <\/p><p>A gest\u00e3o de uma sociedade simples \u00e9 efectuada pelos s\u00f3cios, sendo as decis\u00f5es tomadas por m\u00fatuo consentimento (artigo 534.\u00ba, n.\u00ba 1, do C\u00f3digo Civil). Contudo, os s\u00f3cios podem nomear um ou mais gerentes para gerir a sociedade em seu nome, que podem ser s\u00f3cios ou terceiros. A nomea\u00e7\u00e3o e a destitui\u00e7\u00e3o dos gerentes devem ser decididas pelos s\u00f3cios. Os gerentes s\u00e3o respons\u00e1veis pelas opera\u00e7\u00f5es quotidianas da sociedade simples, devem agir no melhor interesse da sociedade e dos parceiros, cumprir os requisitos legais e manter os parceiros informados sobre a situa\u00e7\u00e3o financeira da sociedade.   <\/p><p>Os parceiros est\u00e3o proibidos de exercer actividades que contrariem ou prejudiquem os objectivos da parceria em seu pr\u00f3prio benef\u00edcio (artigo 536.\u00ba do CO).<\/p><h2>Tributa\u00e7\u00e3o<\/h2><p>Na Su\u00ed\u00e7a, as sociedades simples est\u00e3o sujeitas a impostos sobre o rendimento e sobre o capital, \u00e0 semelhan\u00e7a de outras formas de sociedades de pessoas. Uma vez que a sociedade simples n\u00e3o tem personalidade jur\u00eddica pr\u00f3pria, seus lucros s\u00e3o tributados diretamente no n\u00edvel dos s\u00f3cios com base em suas respectivas participa\u00e7\u00f5es. Al\u00e9m disso, os s\u00f3cios est\u00e3o sujeitos ao imposto sobre a fortuna, que \u00e9 calculado sobre o total de seus ativos, incluindo sua participa\u00e7\u00e3o na sociedade simples.  <\/p><p>Uma sociedade simples \u00e9 f\u00e1cil de estabelecer e oferece benef\u00edcios fiscais, mas tamb\u00e9m acarreta riscos significativos de responsabilidade e potenciais conflitos entre parceiros. Os potenciais parceiros devem compreender plenamente as vantagens e desvantagens de uma sociedade simples. \u00c9 aconselh\u00e1vel consultar um advogado para garantir o cumprimento de todos os requisitos legais aquando da constitui\u00e7\u00e3o de uma sociedade simples.  <\/p>\t\t\t\t\t\t\t\t<\/div>\n\t\t\t\t<\/div>\n\t\t\t\t\t<\/div>\n\t\t<\/div>\n\t\t\t\t\t<\/div>\n\t\t<\/section>\n\t\t\t\t<section class=\"elementor-section elementor-top-section elementor-element elementor-element-33db7e23 elementor-section-full_width elementor-section-height-min-height elementor-section-items-stretch elementor-section-content-middle elementor-section-height-default\" data-id=\"33db7e23\" data-element_type=\"section\" data-e-type=\"section\" data-settings=\"{&quot;background_background&quot;:&quot;classic&quot;}\">\n\t\t\t\t\t\t<div class=\"elementor-container elementor-column-gap-no\">\n\t\t\t\t\t<div class=\"elementor-column elementor-col-50 elementor-top-column elementor-element elementor-element-744aadaf\" data-id=\"744aadaf\" data-element_type=\"column\" data-e-type=\"column\" data-settings=\"{&quot;background_background&quot;:&quot;classic&quot;}\">\n\t\t\t<div class=\"elementor-widget-wrap elementor-element-populated\">\n\t\t\t\t\t\t<div class=\"elementor-element elementor-element-e9a7af2 elementor-widget elementor-widget-spacer\" data-id=\"e9a7af2\" data-element_type=\"widget\" data-e-type=\"widget\" data-widget_type=\"spacer.default\">\n\t\t\t\t<div class=\"elementor-widget-container\">\n\t\t\t\t\t\t\t<div class=\"elementor-spacer\">\n\t\t\t<div class=\"elementor-spacer-inner\"><\/div>\n\t\t<\/div>\n\t\t\t\t\t\t<\/div>\n\t\t\t\t<\/div>\n\t\t\t\t\t<\/div>\n\t\t<\/div>\n\t\t\t\t<div class=\"elementor-column elementor-col-50 elementor-top-column elementor-element elementor-element-677fc869\" data-id=\"677fc869\" data-element_type=\"column\" data-e-type=\"column\" data-settings=\"{&quot;background_background&quot;:&quot;classic&quot;}\">\n\t\t\t<div class=\"elementor-widget-wrap elementor-element-populated\">\n\t\t\t\t\t\t<div class=\"elementor-element elementor-element-69959364 elementor-widget elementor-widget-heading\" data-id=\"69959364\" data-element_type=\"widget\" data-e-type=\"widget\" data-widget_type=\"heading.default\">\n\t\t\t\t<div class=\"elementor-widget-container\">\n\t\t\t\t\t<p class=\"elementor-heading-title elementor-size-default\">Consulta inicial  <\/p>\t\t\t\t<\/div>\n\t\t\t\t<\/div>\n\t\t\t\t<div class=\"elementor-element elementor-element-cde27e2 elementor-widget elementor-widget-heading\" data-id=\"cde27e2\" data-element_type=\"widget\" data-e-type=\"widget\" data-widget_type=\"heading.default\">\n\t\t\t\t<div class=\"elementor-widget-container\">\n\t\t\t\t\t<p class=\"elementor-heading-title elementor-size-default\">de 60 min a CHF 220.00<\/p>\t\t\t\t<\/div>\n\t\t\t\t<\/div>\n\t\t\t\t<div class=\"elementor-element elementor-element-5e5fb499 elementor-widget elementor-widget-text-editor\" data-id=\"5e5fb499\" data-element_type=\"widget\" data-e-type=\"widget\" data-widget_type=\"text-editor.default\">\n\t\t\t\t<div class=\"elementor-widget-container\">\n\t\t\t\t\t\t\t\t\tDiscute a tua situa\u00e7\u00e3o com um advogado especializado na Su\u00ed\u00e7a.\n\t\t\t\t\t\t\t\t<\/div>\n\t\t\t\t<\/div>\n\t\t\t\t<div class=\"elementor-element elementor-element-4e9f063a elementor-widget-divider--view-line elementor-widget elementor-widget-divider\" data-id=\"4e9f063a\" data-element_type=\"widget\" data-e-type=\"widget\" data-widget_type=\"divider.default\">\n\t\t\t\t<div class=\"elementor-widget-container\">\n\t\t\t\t\t\t\t<div class=\"elementor-divider\">\n\t\t\t<span class=\"elementor-divider-separator\">\n\t\t\t\t\t\t<\/span>\n\t\t<\/div>\n\t\t\t\t\t\t<\/div>\n\t\t\t\t<\/div>\n\t\t\t\t<div class=\"elementor-element elementor-element-4160f05d elementor-widget elementor-widget-text-editor\" data-id=\"4160f05d\" data-element_type=\"widget\" data-e-type=\"widget\" data-widget_type=\"text-editor.default\">\n\t\t\t\t<div class=\"elementor-widget-container\">\n\t\t\t\t\t\t\t\t\t<p>Procuras apenas uma marca\u00e7\u00e3o para fazer algumas perguntas?<br>N\u00e3o tens a certeza sobre os procedimentos que pretendes efetuar?<br>A tua situa\u00e7\u00e3o n\u00e3o \u00e9 clara?<\/p><p><strong>Opta por uma primeira consulta com um advogado em Genebra.<\/strong><\/p><p>Decidir\u00e1s ent\u00e3o se queres prosseguir e os nossos advogados indicar-te-\u00e3o o custo do processo em fun\u00e7\u00e3o do teu caso. Marca\u00e7\u00e3o de consultas presenciais ou por videoconfer\u00eancia. <strong><br><\/strong><\/p>\t\t\t\t\t\t\t\t<\/div>\n\t\t\t\t<\/div>\n\t\t\t\t<div class=\"elementor-element elementor-element-28b093ec elementor-align-center elementor-widget elementor-widget-button\" data-id=\"28b093ec\" data-element_type=\"widget\" data-e-type=\"widget\" data-widget_type=\"button.default\">\n\t\t\t\t<div class=\"elementor-widget-container\">\n\t\t\t\t\t\t\t\t\t<div class=\"elementor-button-wrapper\">\n\t\t\t\t\t<a class=\"elementor-button elementor-button-link elementor-size-sm\" href=\"https:\/\/www.geneva-lawyers.com\/pt-pt\/contacto\/\">\n\t\t\t\t\t\t<span class=\"elementor-button-content-wrapper\">\n\t\t\t\t\t\t\t\t\t<span class=\"elementor-button-text\">Marca uma consulta com um advogado<\/span>\n\t\t\t\t\t<\/span>\n\t\t\t\t\t<\/a>\n\t\t\t\t<\/div>\n\t\t\t\t\t\t\t\t<\/div>\n\t\t\t\t<\/div>\n\t\t\t\t\t<\/div>\n\t\t<\/div>\n\t\t\t\t\t<\/div>\n\t\t<\/section>\n\t\t\t\t<\/div>\n\t\t","protected":false},"excerpt":{"rendered":"<p>Marca uma consulta com um advogado Sociedade simples na Su\u00ed\u00e7a A sociedade simples na Su\u00ed\u00e7a \u00e9 a forma mais elementar de sociedade de pessoas, regida pelo C\u00f3digo das Obriga\u00e7\u00f5es Su\u00ed\u00e7o (artigos 530-551 CO). Ela \u00e9 formada atrav\u00e9s de um acordo entre dois ou mais indiv\u00edduos que re\u00fanem seus recursos e habilidades para atingir um objetivo &#8230; <a title=\"Parceria simples\" class=\"read-more\" href=\"https:\/\/www.geneva-lawyers.com\/pt-pt\/parceria-simples\/\" aria-label=\"Leia mais sobre Parceria simples\">Ler mais<\/a><\/p>\n","protected":false},"author":1,"featured_media":0,"parent":0,"menu_order":0,"comment_status":"closed","ping_status":"closed","template":"elementor_header_footer","meta":{"_acf_changed":false,"_seopress_robots_primary_cat":"","_seopress_titles_title":"","_seopress_titles_desc":"","_seopress_robots_index":"","footnotes":""},"class_list":["post-32252","page","type-page","status-publish"],"acf":[],"_links":{"self":[{"href":"https:\/\/www.geneva-lawyers.com\/pt-pt\/wp-json\/wp\/v2\/pages\/32252","targetHints":{"allow":["GET"]}}],"collection":[{"href":"https:\/\/www.geneva-lawyers.com\/pt-pt\/wp-json\/wp\/v2\/pages"}],"about":[{"href":"https:\/\/www.geneva-lawyers.com\/pt-pt\/wp-json\/wp\/v2\/types\/page"}],"author":[{"embeddable":true,"href":"https:\/\/www.geneva-lawyers.com\/pt-pt\/wp-json\/wp\/v2\/users\/1"}],"replies":[{"embeddable":true,"href":"https:\/\/www.geneva-lawyers.com\/pt-pt\/wp-json\/wp\/v2\/comments?post=32252"}],"version-history":[{"count":6,"href":"https:\/\/www.geneva-lawyers.com\/pt-pt\/wp-json\/wp\/v2\/pages\/32252\/revisions"}],"predecessor-version":[{"id":33818,"href":"https:\/\/www.geneva-lawyers.com\/pt-pt\/wp-json\/wp\/v2\/pages\/32252\/revisions\/33818"}],"wp:attachment":[{"href":"https:\/\/www.geneva-lawyers.com\/pt-pt\/wp-json\/wp\/v2\/media?parent=32252"}],"curies":[{"name":"wp","href":"https:\/\/api.w.org\/{rel}","templated":true}]}}