{"id":32254,"date":"2024-05-25T16:25:57","date_gmt":"2024-05-25T14:25:57","guid":{"rendered":"https:\/\/www.geneva-lawyers.com\/assistencia-em-litigios-comerciais-na-suica\/"},"modified":"2025-04-14T16:12:31","modified_gmt":"2025-04-14T14:12:31","slug":"assistencia-litigios-comerciais-suica","status":"publish","type":"page","link":"https:\/\/www.geneva-lawyers.com\/pt-pt\/assistencia-litigios-comerciais-suica\/","title":{"rendered":"Assist\u00eancia em lit\u00edgios comerciais na Su\u00ed\u00e7a"},"content":{"rendered":"\t\t<div data-elementor-type=\"wp-page\" data-elementor-id=\"32254\" class=\"elementor elementor-32254 elementor-29509\" data-elementor-post-type=\"page\">\n\t\t\t\t\t\t<section class=\"elementor-section elementor-top-section elementor-element elementor-element-190ba8f3 elementor-section-boxed elementor-section-height-default elementor-section-height-default\" data-id=\"190ba8f3\" data-element_type=\"section\" data-e-type=\"section\" data-settings=\"{&quot;background_background&quot;:&quot;classic&quot;}\">\n\t\t\t\t\t\t\t<div class=\"elementor-background-overlay\"><\/div>\n\t\t\t\t\t\t\t<div class=\"elementor-container elementor-column-gap-default\">\n\t\t\t\t\t<div class=\"elementor-column elementor-col-100 elementor-top-column elementor-element elementor-element-1efc5590\" data-id=\"1efc5590\" data-element_type=\"column\" data-e-type=\"column\">\n\t\t\t<div class=\"elementor-widget-wrap elementor-element-populated\">\n\t\t\t\t\t\t<div class=\"elementor-element elementor-element-42c411b2 elementor-widget-divider--view-line elementor-widget elementor-widget-divider\" data-id=\"42c411b2\" data-element_type=\"widget\" data-e-type=\"widget\" data-widget_type=\"divider.default\">\n\t\t\t\t<div class=\"elementor-widget-container\">\n\t\t\t\t\t\t\t<div class=\"elementor-divider\">\n\t\t\t<span class=\"elementor-divider-separator\">\n\t\t\t\t\t\t<\/span>\n\t\t<\/div>\n\t\t\t\t\t\t<\/div>\n\t\t\t\t<\/div>\n\t\t\t\t<div class=\"elementor-element elementor-element-7af473f elementor-align-center elementor-widget elementor-widget-button\" data-id=\"7af473f\" data-element_type=\"widget\" data-e-type=\"widget\" data-widget_type=\"button.default\">\n\t\t\t\t<div class=\"elementor-widget-container\">\n\t\t\t\t\t\t\t\t\t<div class=\"elementor-button-wrapper\">\n\t\t\t\t\t<a class=\"elementor-button elementor-button-link elementor-size-sm\" href=\"https:\/\/www.geneva-lawyers.com\/pt-pt\/contacto\/\">\n\t\t\t\t\t\t<span class=\"elementor-button-content-wrapper\">\n\t\t\t\t\t\t\t\t\t<span class=\"elementor-button-text\">Marca uma consulta com um advogado<\/span>\n\t\t\t\t\t<\/span>\n\t\t\t\t\t<\/a>\n\t\t\t\t<\/div>\n\t\t\t\t\t\t\t\t<\/div>\n\t\t\t\t<\/div>\n\t\t\t\t\t<\/div>\n\t\t<\/div>\n\t\t\t\t\t<\/div>\n\t\t<\/section>\n\t\t\t\t<section class=\"elementor-section elementor-top-section elementor-element elementor-element-b0aecd5 elementor-section-boxed elementor-section-height-default elementor-section-height-default\" data-id=\"b0aecd5\" data-element_type=\"section\" data-e-type=\"section\">\n\t\t\t\t\t\t<div class=\"elementor-container elementor-column-gap-default\">\n\t\t\t\t\t<div class=\"elementor-column elementor-col-100 elementor-top-column elementor-element elementor-element-c591704\" data-id=\"c591704\" data-element_type=\"column\" data-e-type=\"column\">\n\t\t\t<div class=\"elementor-widget-wrap elementor-element-populated\">\n\t\t\t\t\t\t<div class=\"elementor-element elementor-element-5793d55a elementor-widget elementor-widget-heading\" data-id=\"5793d55a\" data-element_type=\"widget\" data-e-type=\"widget\" data-widget_type=\"heading.default\">\n\t\t\t\t<div class=\"elementor-widget-container\">\n\t\t\t\t\t<h2 class=\"elementor-heading-title elementor-size-default\">Um advogado para o contencioso comercial na Su\u00ed\u00e7a<\/h2>\t\t\t\t<\/div>\n\t\t\t\t<\/div>\n\t\t\t\t<div class=\"elementor-element elementor-element-5ecd0a93 elementor-widget-divider--view-line elementor-widget elementor-widget-divider\" data-id=\"5ecd0a93\" data-element_type=\"widget\" data-e-type=\"widget\" data-widget_type=\"divider.default\">\n\t\t\t\t<div class=\"elementor-widget-container\">\n\t\t\t\t\t\t\t<div class=\"elementor-divider\">\n\t\t\t<span class=\"elementor-divider-separator\">\n\t\t\t\t\t\t<\/span>\n\t\t<\/div>\n\t\t\t\t\t\t<\/div>\n\t\t\t\t<\/div>\n\t\t\t\t<div class=\"elementor-element elementor-element-53ea958b elementor-widget elementor-widget-text-editor\" data-id=\"53ea958b\" data-element_type=\"widget\" data-e-type=\"widget\" data-widget_type=\"text-editor.default\">\n\t\t\t\t<div class=\"elementor-widget-container\">\n\t\t\t\t\t\t\t\t\t<h2>Aconselhamento jur\u00eddico para evitar conflitos<\/h2><p>A contrata\u00e7\u00e3o de um advogado especializado em direito comercial \u00e9 essencial tanto para o aconselhamento jur\u00eddico como para a preven\u00e7\u00e3o de conflitos. Muitos lit\u00edgios podem ser evitados com um planeamento minucioso desde o in\u00edcio. Um advogado especializado em direito comercial garante que os teus interesses e os da tua empresa s\u00e3o salvaguardados no \u00e2mbito das tuas actividades comerciais.  <\/p><p>Um advogado comercial pode prestar aconselhamento preventivo, negociando e redigindo contratos comerciais ou finalizando parcerias de direito p\u00fablico.<\/p><p>A sua interven\u00e7\u00e3o \u00e9 especialmente crucial durante a aquisi\u00e7\u00e3o ou transfer\u00eancia de uma empresa para garantir que a transa\u00e7\u00e3o protege os teus interesses. Por exemplo, a aquisi\u00e7\u00e3o de uma empresa existente pode ser uma alternativa vi\u00e1vel \u00e0 cria\u00e7\u00e3o de uma nova empresa, mas acarreta riscos significativos. \u00c9 essencial efetuar uma due diligence exaustiva para analisar a empresa existente e negociar as garantias necess\u00e1rias para a venda. Estas medidas protegem o comprador de futuras responsabilidades decorrentes de actividades anteriores, tais como lit\u00edgios em curso. Quanto mais consciente o comprador estiver dos riscos associados \u00e0 empresa, mais bem sucedidas ser\u00e3o as negocia\u00e7\u00f5es.    <\/p><h2>Um advogado de contencioso comercial<\/h2><p>Os lit\u00edgios comerciais podem assumir v\u00e1rias formas, tais como:<\/p><ul><li>Um lit\u00edgio entre um acionista de uma empresa e a sua dire\u00e7\u00e3o<\/li><li>Um parceiro comercial que n\u00e3o cumpre os seus compromissos<\/li><li>Um desacordo entre parceiros sobre uma cl\u00e1usula contratual espec\u00edfica<\/li><li>Fraude de uma empresa contra os seus acionistas ou clientes<\/li><li>Concorr\u00eancia desleal<\/li><li>Viola\u00e7\u00e3o de marca registada ou fraude inform\u00e1tica<\/li><\/ul><p>Um advogado de direito comercial ajuda-te e defende-te em tribunal. \u00c9 fundamental conheceres bem as regras processuais para evitares perder direitos. Ser representado por um advogado garante que um caso com fortes hip\u00f3teses de sucesso n\u00e3o se perca devido a quest\u00f5es processuais, dom\u00ednio em que o advogado \u00e9 altamente competente.  <\/p><p>Em alguns casos, pode ser ben\u00e9fico considerar uma resolu\u00e7\u00e3o negociada de um lit\u00edgio. Esta abordagem evita processos judiciais morosos e dispendiosos e pode ajudar a manter futuras rela\u00e7\u00f5es comerciais. Um advogado comercial pode tamb\u00e9m atuar como negociador num lit\u00edgio, aconselhando-o sobre se um acordo \u00e9 vantajoso.  <\/p><h2>Advogado de direito penal econ\u00f3mico na Su\u00ed\u00e7a<\/h2><p>O direito penal econ\u00f3mico, ou &#8220;criminalidade de colarinho branco&#8221;, abrange as normas jur\u00eddicas relacionadas com as infrac\u00e7\u00f5es penais nas actividades empresariais e as normas economicamente pun\u00edveis.<\/p><p>Este dom\u00ednio aborda a responsabilidade das empresas e dos indiv\u00edduos que as integram. As infrac\u00e7\u00f5es penais incluem o branqueamento de capitais, a falta de vigil\u00e2ncia nas opera\u00e7\u00f5es financeiras, o crime organizado, o financiamento do terrorismo, a corrup\u00e7\u00e3o, a fraude documental e os crimes econ\u00f3micos. <\/p><p>Um advogado comercial assegurar\u00e1, em primeiro lugar, que as tuas actividades comerciais est\u00e3o isentas de riscos penais e, se necess\u00e1rio, tratar\u00e1 da tua defesa.<\/p><p>Durante uma investiga\u00e7\u00e3o criminal, quer sejas o arguido ou a v\u00edtima, um advogado comercial ir\u00e1 ajudar-te perante a pol\u00edcia, o Minist\u00e9rio P\u00fablico e o tribunal.<\/p><h2>O que \u00e9 o direito comercial?<\/h2><p>O direito comercial, tamb\u00e9m conhecido como direito das empresas, regula as regras aplic\u00e1veis \u00e0s actividades dos comerciantes e das empresas. Regula a constitui\u00e7\u00e3o e o funcionamento das diferentes formas de sociedades (SA, S\u00e0rl, cooperativas, sociedades de pessoas). <\/p><p>Estabelece as condi\u00e7\u00f5es em que as pessoas singulares e colectivas exercem as suas actividades, tais como:<\/p><ul><li>Celebra\u00e7\u00e3o de contratos comerciais entre empresas e parceiros<\/li><li>Os direitos e obriga\u00e7\u00f5es dos acionistas das empresas e as suas rela\u00e7\u00f5es<\/li><li>Compet\u00eancias e responsabilidades dos administradores e membros do conselho de administra\u00e7\u00e3o das sociedades<\/li><li>Pr\u00e1ticas contabil\u00edsticas corretas<\/li><li>Convoca\u00e7\u00e3o e realiza\u00e7\u00e3o regular de assembleias gerais<\/li><li>San\u00e7\u00f5es por infrac\u00e7\u00f5es em direito comercial (por exemplo, apropria\u00e7\u00e3o indevida de activos, concorr\u00eancia desleal, publicidade falsa, fal\u00eancia fraudulenta, cibercrime, abuso de informa\u00e7\u00e3o privilegiada)<\/li><\/ul><p>Este ramo do direito regula igualmente o funcionamento dos registos comerciais su\u00ed\u00e7os, onde est\u00e3o inscritas as pessoas singulares e colectivas que exercem actividades comerciais. Manter esta informa\u00e7\u00e3o actualizada \u00e9 vital para o bom funcionamento de uma entidade comercial. <\/p><h2>Porqu\u00ea contratar um advogado comercial na Su\u00ed\u00e7a?<\/h2><p>Um advogado comercial pode prestar assist\u00eancia em todas as fases da vida de uma empresa, incluindo a sua constitui\u00e7\u00e3o (escolha da forma da sociedade, registo no registo comercial, reda\u00e7\u00e3o dos estatutos), as mudan\u00e7as internas (elei\u00e7\u00e3o de novos membros, mudan\u00e7a de instala\u00e7\u00f5es, cria\u00e7\u00e3o de uma sucursal) e a dissolu\u00e7\u00e3o (liquida\u00e7\u00e3o ou fal\u00eancia).<\/p><p>Nas actividades comerciais de pessoas singulares ou colectivas, um advogado pode prestar aconselhamento jur\u00eddico, redigir contratos comerciais ou negociar parcerias de direito p\u00fablico. A sua experi\u00eancia \u00e9 particularmente valiosa nas aquisi\u00e7\u00f5es de empresas para garantir que a transa\u00e7\u00e3o protege os teus interesses. <\/p><p>Um advogado comercial tamb\u00e9m te ajudar\u00e1 e defender\u00e1 em tribunal em caso de lit\u00edgio comercial.<\/p>\t\t\t\t\t\t\t\t<\/div>\n\t\t\t\t<\/div>\n\t\t\t\t\t<\/div>\n\t\t<\/div>\n\t\t\t\t\t<\/div>\n\t\t<\/section>\n\t\t\t\t<section class=\"elementor-section elementor-top-section elementor-element elementor-element-1b2fbed6 elementor-section-full_width elementor-section-height-min-height elementor-section-items-stretch elementor-section-content-middle elementor-section-height-default\" data-id=\"1b2fbed6\" data-element_type=\"section\" data-e-type=\"section\" data-settings=\"{&quot;background_background&quot;:&quot;classic&quot;}\">\n\t\t\t\t\t\t<div class=\"elementor-container elementor-column-gap-no\">\n\t\t\t\t\t<div class=\"elementor-column elementor-col-50 elementor-top-column elementor-element elementor-element-530e588e\" data-id=\"530e588e\" data-element_type=\"column\" data-e-type=\"column\" data-settings=\"{&quot;background_background&quot;:&quot;classic&quot;}\">\n\t\t\t<div class=\"elementor-widget-wrap elementor-element-populated\">\n\t\t\t\t\t\t<div class=\"elementor-element elementor-element-38148a43 elementor-widget elementor-widget-spacer\" data-id=\"38148a43\" data-element_type=\"widget\" data-e-type=\"widget\" data-widget_type=\"spacer.default\">\n\t\t\t\t<div class=\"elementor-widget-container\">\n\t\t\t\t\t\t\t<div class=\"elementor-spacer\">\n\t\t\t<div class=\"elementor-spacer-inner\"><\/div>\n\t\t<\/div>\n\t\t\t\t\t\t<\/div>\n\t\t\t\t<\/div>\n\t\t\t\t\t<\/div>\n\t\t<\/div>\n\t\t\t\t<div class=\"elementor-column elementor-col-50 elementor-top-column elementor-element elementor-element-871dc8e\" data-id=\"871dc8e\" data-element_type=\"column\" data-e-type=\"column\" data-settings=\"{&quot;background_background&quot;:&quot;classic&quot;}\">\n\t\t\t<div class=\"elementor-widget-wrap elementor-element-populated\">\n\t\t\t\t\t\t<div class=\"elementor-element elementor-element-6ecc2e2a elementor-widget elementor-widget-heading\" data-id=\"6ecc2e2a\" data-element_type=\"widget\" data-e-type=\"widget\" data-widget_type=\"heading.default\">\n\t\t\t\t<div class=\"elementor-widget-container\">\n\t\t\t\t\t<p class=\"elementor-heading-title elementor-size-default\">Consulta inicial  <\/p>\t\t\t\t<\/div>\n\t\t\t\t<\/div>\n\t\t\t\t<div class=\"elementor-element elementor-element-40ac49ed elementor-widget elementor-widget-heading\" data-id=\"40ac49ed\" data-element_type=\"widget\" data-e-type=\"widget\" data-widget_type=\"heading.default\">\n\t\t\t\t<div class=\"elementor-widget-container\">\n\t\t\t\t\t<p class=\"elementor-heading-title elementor-size-default\">de 60 min a CHF 220.00<\/p>\t\t\t\t<\/div>\n\t\t\t\t<\/div>\n\t\t\t\t<div class=\"elementor-element elementor-element-678e3c55 elementor-widget elementor-widget-text-editor\" data-id=\"678e3c55\" data-element_type=\"widget\" data-e-type=\"widget\" data-widget_type=\"text-editor.default\">\n\t\t\t\t<div class=\"elementor-widget-container\">\n\t\t\t\t\t\t\t\t\tDiscute a tua situa\u00e7\u00e3o com um advogado especializado na Su\u00ed\u00e7a.\n\t\t\t\t\t\t\t\t<\/div>\n\t\t\t\t<\/div>\n\t\t\t\t<div class=\"elementor-element elementor-element-7b3b3afa elementor-widget-divider--view-line elementor-widget elementor-widget-divider\" data-id=\"7b3b3afa\" data-element_type=\"widget\" data-e-type=\"widget\" data-widget_type=\"divider.default\">\n\t\t\t\t<div class=\"elementor-widget-container\">\n\t\t\t\t\t\t\t<div class=\"elementor-divider\">\n\t\t\t<span class=\"elementor-divider-separator\">\n\t\t\t\t\t\t<\/span>\n\t\t<\/div>\n\t\t\t\t\t\t<\/div>\n\t\t\t\t<\/div>\n\t\t\t\t<div class=\"elementor-element elementor-element-51da44a9 elementor-widget elementor-widget-text-editor\" data-id=\"51da44a9\" data-element_type=\"widget\" data-e-type=\"widget\" data-widget_type=\"text-editor.default\">\n\t\t\t\t<div class=\"elementor-widget-container\">\n\t\t\t\t\t\t\t\t\t<p>Procuras apenas uma marca\u00e7\u00e3o para fazer algumas perguntas?<br>N\u00e3o tens a certeza sobre os procedimentos que pretendes efetuar?<br>A tua situa\u00e7\u00e3o n\u00e3o \u00e9 clara?<\/p><p><strong>Opta por uma primeira consulta com um advogado em Genebra.<\/strong><\/p><p>Decidir\u00e1s ent\u00e3o se queres prosseguir e os nossos advogados indicar-te-\u00e3o o custo do processo em fun\u00e7\u00e3o do teu caso. Marca\u00e7\u00e3o de consultas presenciais ou por videoconfer\u00eancia. <strong><br><\/strong><\/p>\t\t\t\t\t\t\t\t<\/div>\n\t\t\t\t<\/div>\n\t\t\t\t<div class=\"elementor-element elementor-element-768b83fb elementor-align-center elementor-widget elementor-widget-button\" data-id=\"768b83fb\" data-element_type=\"widget\" data-e-type=\"widget\" data-widget_type=\"button.default\">\n\t\t\t\t<div class=\"elementor-widget-container\">\n\t\t\t\t\t\t\t\t\t<div class=\"elementor-button-wrapper\">\n\t\t\t\t\t<a class=\"elementor-button elementor-button-link elementor-size-sm\" href=\"https:\/\/www.geneva-lawyers.com\/pt-pt\/contacto\/\">\n\t\t\t\t\t\t<span class=\"elementor-button-content-wrapper\">\n\t\t\t\t\t\t\t\t\t<span class=\"elementor-button-text\">Marca uma consulta com um advogado<\/span>\n\t\t\t\t\t<\/span>\n\t\t\t\t\t<\/a>\n\t\t\t\t<\/div>\n\t\t\t\t\t\t\t\t<\/div>\n\t\t\t\t<\/div>\n\t\t\t\t\t<\/div>\n\t\t<\/div>\n\t\t\t\t\t<\/div>\n\t\t<\/section>\n\t\t\t\t<\/div>\n\t\t","protected":false},"excerpt":{"rendered":"<p>Marca uma consulta com um advogado Um advogado para o contencioso comercial na Su\u00ed\u00e7a Aconselhamento jur\u00eddico para evitar conflitos A contrata\u00e7\u00e3o de um advogado especializado em direito comercial \u00e9 essencial tanto para o aconselhamento jur\u00eddico como para a preven\u00e7\u00e3o de conflitos. Muitos lit\u00edgios podem ser evitados com um planeamento minucioso desde o in\u00edcio. Um advogado &#8230; <a title=\"Assist\u00eancia em lit\u00edgios comerciais na Su\u00ed\u00e7a\" class=\"read-more\" href=\"https:\/\/www.geneva-lawyers.com\/pt-pt\/assistencia-litigios-comerciais-suica\/\" aria-label=\"Leia mais sobre Assist\u00eancia em lit\u00edgios comerciais na Su\u00ed\u00e7a\">Ler mais<\/a><\/p>\n","protected":false},"author":1,"featured_media":0,"parent":0,"menu_order":0,"comment_status":"closed","ping_status":"closed","template":"elementor_header_footer","meta":{"_acf_changed":false,"_seopress_robots_primary_cat":"","_seopress_titles_title":"","_seopress_titles_desc":"","_seopress_robots_index":"","footnotes":""},"class_list":["post-32254","page","type-page","status-publish"],"acf":[],"_links":{"self":[{"href":"https:\/\/www.geneva-lawyers.com\/pt-pt\/wp-json\/wp\/v2\/pages\/32254","targetHints":{"allow":["GET"]}}],"collection":[{"href":"https:\/\/www.geneva-lawyers.com\/pt-pt\/wp-json\/wp\/v2\/pages"}],"about":[{"href":"https:\/\/www.geneva-lawyers.com\/pt-pt\/wp-json\/wp\/v2\/types\/page"}],"author":[{"embeddable":true,"href":"https:\/\/www.geneva-lawyers.com\/pt-pt\/wp-json\/wp\/v2\/users\/1"}],"replies":[{"embeddable":true,"href":"https:\/\/www.geneva-lawyers.com\/pt-pt\/wp-json\/wp\/v2\/comments?post=32254"}],"version-history":[{"count":6,"href":"https:\/\/www.geneva-lawyers.com\/pt-pt\/wp-json\/wp\/v2\/pages\/32254\/revisions"}],"predecessor-version":[{"id":34217,"href":"https:\/\/www.geneva-lawyers.com\/pt-pt\/wp-json\/wp\/v2\/pages\/32254\/revisions\/34217"}],"wp:attachment":[{"href":"https:\/\/www.geneva-lawyers.com\/pt-pt\/wp-json\/wp\/v2\/media?parent=32254"}],"curies":[{"name":"wp","href":"https:\/\/api.w.org\/{rel}","templated":true}]}}