{"id":32261,"date":"2024-05-24T14:36:05","date_gmt":"2024-05-24T12:36:05","guid":{"rendered":"https:\/\/www.geneva-lawyers.com\/condicoes-de-trabalho-e-remuneracao-na-suica\/"},"modified":"2025-04-14T14:00:24","modified_gmt":"2025-04-14T12:00:24","slug":"condicoes-trabalho-remuneracao-suica","status":"publish","type":"page","link":"https:\/\/www.geneva-lawyers.com\/pt-pt\/condicoes-trabalho-remuneracao-suica\/","title":{"rendered":"Condi\u00e7\u00f5es de trabalho e remunera\u00e7\u00e3o na Su\u00ed\u00e7a"},"content":{"rendered":"\t\t<div data-elementor-type=\"wp-page\" data-elementor-id=\"32261\" class=\"elementor elementor-32261 elementor-29459\" data-elementor-post-type=\"page\">\n\t\t\t\t\t\t<section class=\"elementor-section elementor-top-section elementor-element elementor-element-2c2b45c9 elementor-section-boxed elementor-section-height-default elementor-section-height-default\" data-id=\"2c2b45c9\" data-element_type=\"section\" data-e-type=\"section\" data-settings=\"{&quot;background_background&quot;:&quot;classic&quot;}\">\n\t\t\t\t\t\t\t<div class=\"elementor-background-overlay\"><\/div>\n\t\t\t\t\t\t\t<div class=\"elementor-container elementor-column-gap-default\">\n\t\t\t\t\t<div class=\"elementor-column elementor-col-100 elementor-top-column elementor-element elementor-element-4f730979\" data-id=\"4f730979\" data-element_type=\"column\" data-e-type=\"column\">\n\t\t\t<div class=\"elementor-widget-wrap elementor-element-populated\">\n\t\t\t\t\t\t<div class=\"elementor-element elementor-element-4209c25c elementor-widget-divider--view-line elementor-widget elementor-widget-divider\" data-id=\"4209c25c\" data-element_type=\"widget\" data-e-type=\"widget\" data-widget_type=\"divider.default\">\n\t\t\t\t<div class=\"elementor-widget-container\">\n\t\t\t\t\t\t\t<div class=\"elementor-divider\">\n\t\t\t<span class=\"elementor-divider-separator\">\n\t\t\t\t\t\t<\/span>\n\t\t<\/div>\n\t\t\t\t\t\t<\/div>\n\t\t\t\t<\/div>\n\t\t\t\t<div class=\"elementor-element elementor-element-14415efb elementor-align-center elementor-widget elementor-widget-button\" data-id=\"14415efb\" data-element_type=\"widget\" data-e-type=\"widget\" data-widget_type=\"button.default\">\n\t\t\t\t<div class=\"elementor-widget-container\">\n\t\t\t\t\t\t\t\t\t<div class=\"elementor-button-wrapper\">\n\t\t\t\t\t<a class=\"elementor-button elementor-button-link elementor-size-sm\" href=\"https:\/\/www.geneva-lawyers.com\/pt-pt\/contacto\/\">\n\t\t\t\t\t\t<span class=\"elementor-button-content-wrapper\">\n\t\t\t\t\t\t\t\t\t<span class=\"elementor-button-text\">Marca uma consulta com um advogado<\/span>\n\t\t\t\t\t<\/span>\n\t\t\t\t\t<\/a>\n\t\t\t\t<\/div>\n\t\t\t\t\t\t\t\t<\/div>\n\t\t\t\t<\/div>\n\t\t\t\t\t<\/div>\n\t\t<\/div>\n\t\t\t\t\t<\/div>\n\t\t<\/section>\n\t\t\t\t<section class=\"elementor-section elementor-top-section elementor-element elementor-element-7dfe7f07 elementor-section-boxed elementor-section-height-default elementor-section-height-default\" data-id=\"7dfe7f07\" data-element_type=\"section\" data-e-type=\"section\">\n\t\t\t\t\t\t<div class=\"elementor-container elementor-column-gap-default\">\n\t\t\t\t\t<div class=\"elementor-column elementor-col-100 elementor-top-column elementor-element elementor-element-f3d722f\" data-id=\"f3d722f\" data-element_type=\"column\" data-e-type=\"column\">\n\t\t\t<div class=\"elementor-widget-wrap elementor-element-populated\">\n\t\t\t\t\t\t<div class=\"elementor-element elementor-element-58d481ea elementor-widget elementor-widget-heading\" data-id=\"58d481ea\" data-element_type=\"widget\" data-e-type=\"widget\" data-widget_type=\"heading.default\">\n\t\t\t\t<div class=\"elementor-widget-container\">\n\t\t\t\t\t<h2 class=\"elementor-heading-title elementor-size-default\">Condi\u00e7\u00f5es de trabalho e remunera\u00e7\u00e3o na Su\u00ed\u00e7a\n<\/h2>\t\t\t\t<\/div>\n\t\t\t\t<\/div>\n\t\t\t\t<div class=\"elementor-element elementor-element-bbcb2c3 elementor-widget-divider--view-line elementor-widget elementor-widget-divider\" data-id=\"bbcb2c3\" data-element_type=\"widget\" data-e-type=\"widget\" data-widget_type=\"divider.default\">\n\t\t\t\t<div class=\"elementor-widget-container\">\n\t\t\t\t\t\t\t<div class=\"elementor-divider\">\n\t\t\t<span class=\"elementor-divider-separator\">\n\t\t\t\t\t\t<\/span>\n\t\t<\/div>\n\t\t\t\t\t\t<\/div>\n\t\t\t\t<\/div>\n\t\t\t\t<div class=\"elementor-element elementor-element-54d30308 elementor-widget elementor-widget-text-editor\" data-id=\"54d30308\" data-element_type=\"widget\" data-e-type=\"widget\" data-widget_type=\"text-editor.default\">\n\t\t\t\t<div class=\"elementor-widget-container\">\n\t\t\t\t\t\t\t\t\t<p>As condi\u00e7\u00f5es de trabalho e a remunera\u00e7\u00e3o s\u00e3o elementos fundamentais de qualquer contrato de trabalho na Su\u00ed\u00e7a. A entidade patronal tem de cumprir as disposi\u00e7\u00f5es legais relativas \u00e0s condi\u00e7\u00f5es de trabalho e de remunera\u00e7\u00e3o. O C\u00f3digo Su\u00ed\u00e7o de Obriga\u00e7\u00f5es (CO), a Lei Federal do Trabalho (LTr) e suas regulamenta\u00e7\u00f5es (OLT) fornecem um quadro jur\u00eddico claro. Al\u00e9m disso, determinados setores podem ter suas pr\u00f3prias regulamenta\u00e7\u00f5es atrav\u00e9s de contratos coletivos de trabalho (CCT). Estas disposi\u00e7\u00f5es legais s\u00e3o rigorosas para proteger os trabalhadores.    <\/p><h2>Condi\u00e7\u00f5es de trabalho<\/h2><p>As condi\u00e7\u00f5es de trabalho incluem o hor\u00e1rio de trabalho, as pausas, os dias de folga, as baixas por doen\u00e7a e as presta\u00e7\u00f5es sociais, como o seguro de sa\u00fade e os planos de pens\u00e3o. As entidades patronais devem proporcionar um ambiente de trabalho seguro e saud\u00e1vel. Os trabalhadores t\u00eam o direito de se recusar a trabalhar em condi\u00e7\u00f5es perigosas. Em geral, as condi\u00e7\u00f5es de trabalho na Su\u00ed\u00e7a s\u00e3o boas, com prote\u00e7\u00f5es legais significativas para os trabalhadores.   <\/p><h2>Hor\u00e1rio de trabalho e per\u00edodos de descanso<\/h2><p>O hor\u00e1rio de trabalho e os per\u00edodos de descanso s\u00e3o aspectos cruciais dos contratos de trabalho na Su\u00ed\u00e7a. O hor\u00e1rio m\u00e1ximo de trabalho varia entre 45 e 50 horas por semana, dependendo do sector e das circunst\u00e2ncias (art. 9.\u00ba LTr; art. 2.\u00ba OLT 1). Os trabalhadores t\u00eam direito a pausas durante o dia de trabalho para descanso e refei\u00e7\u00f5es. A dura\u00e7\u00e3o destas pausas depende do dia de trabalho previsto no contrato de trabalho. Os hor\u00e1rios de trabalho flex\u00edveis determinam a dura\u00e7\u00e3o das pausas com base no dia de trabalho m\u00e9dio. A entidade patronal pode estabelecer regulamentos de pausa, especificando os hor\u00e1rios e os locais de pausa. Os trabalhadores t\u00eam tamb\u00e9m direito a um dia de descanso por semana (artigo 329.\u00ba, n.\u00ba 1, do C\u00f3digo do Trabalho). As pausas n\u00e3o s\u00e3o geralmente remuneradas.       <\/p><p>Os trabalhadores podem ser obrigados a efetuar horas extraordin\u00e1rias. As horas extraordin\u00e1rias podem ser compensadas com tempo livre equivalente (artigo 321.\u00ba-C, n.\u00ba 2, do C\u00f3digo do Trabalho) ou pagas a uma taxa de, pelo menos, 25% acima do sal\u00e1rio normal (artigo 321.\u00ba-C, n.\u00ba 3, do C\u00f3digo do Trabalho). <\/p><h2>Sal\u00e1rio m\u00ednimo e estrutura salarial<\/h2><p>A Su\u00ed\u00e7a n\u00e3o disp\u00f5e de um sal\u00e1rio m\u00ednimo nacional, mas alguns cant\u00f5es implementaram sal\u00e1rios m\u00ednimos. Estes sal\u00e1rios m\u00ednimos variam consoante a regi\u00e3o. A entidade patronal deve respeitar os sal\u00e1rios m\u00ednimos fixados pelo seu cant\u00e3o para cada categoria de trabalhadores. Em determinados sectores, os sal\u00e1rios m\u00ednimos s\u00e3o fixados em CCT ou em conven\u00e7\u00f5es colectivas de trabalho nacionais (CCNT).   <\/p><p>Os empregadores devem criar uma estrutura salarial para cada categoria de trabalhadores com base na experi\u00eancia, nas qualifica\u00e7\u00f5es e nas responsabilidades. Devem garantir uma remunera\u00e7\u00e3o justa para todos os trabalhadores, sem discrimina\u00e7\u00e3o. Os trabalhadores t\u00eam tamb\u00e9m direito a presta\u00e7\u00f5es sociais, tais como seguro de sa\u00fade, seguro de acidentes, planos de pens\u00f5es e seguro de desemprego. Os empregadores devem contribuir para estes seguros em nome dos seus trabalhadores.   <\/p><h2>F\u00e9rias pagas e feriados<\/h2><p>Os trabalhadores na Su\u00ed\u00e7a t\u00eam direito a f\u00e9rias pagas e a feriados. Os trabalhadores t\u00eam direito a um m\u00ednimo de quatro semanas de f\u00e9rias por ano e a cinco semanas para os trabalhadores com menos de 20 anos (art. 329a par. 1 CO), independentemente da percentagem de emprego. Algumas conven\u00e7\u00f5es colectivas de trabalho prev\u00eaem f\u00e9rias adicionais. As entidades patronais podem tamb\u00e9m conceder feriados mais longos.   <\/p><p>Os feriados s\u00e3o regulamentados na Su\u00ed\u00e7a. O dia 1 de agosto \u00e9 o \u00fanico feriado nacional, enquanto os outros feriados variam consoante o cant\u00e3o, sendo permitidos at\u00e9 oito feriados adicionais (art. 20a LTr). Os feriados que caem em fins-de-semana n\u00e3o podem ser compensados. No entanto, um feriado n\u00e3o conta como um dia de f\u00e9rias.   <\/p><p>Em caso de doen\u00e7a ou acidente, os trabalhadores t\u00eam direito a uma licen\u00e7a por doen\u00e7a remunerada. Devem informar a entidade patronal da sua aus\u00eancia o mais rapidamente poss\u00edvel e apresentar um atestado m\u00e9dico. A entidade patronal \u00e9 obrigada a pagar o sal\u00e1rio por um per\u00edodo limitado durante as aus\u00eancias por doen\u00e7a ou acidente.  <\/p><h2>Licen\u00e7a de maternidade e paternidade<\/h2><p>As trabalhadoras gr\u00e1vidas t\u00eam direito a 14 semanas de licen\u00e7a de maternidade (art. 329f CO), enquanto a licen\u00e7a de paternidade \u00e9 de duas semanas (art. 329g CO). Outras licen\u00e7as incluem a presta\u00e7\u00e3o de cuidados a familiares (art. 329.\u00ba-H CO) ou a presta\u00e7\u00e3o de cuidados a uma crian\u00e7a gravemente doente (art. 329.\u00ba-I CO). <\/p><h2>Aconselhamento jur\u00eddico<\/h2><p>Em caso de lit\u00edgio sobre as condi\u00e7\u00f5es de trabalho ou de remunera\u00e7\u00e3o, \u00e9 aconselh\u00e1vel consultar um advogado de direito do trabalho para proteger os teus direitos e interesses. A defesa dos teus direitos implica muitas vezes o cumprimento de prazos e requisitos legais espec\u00edficos. <\/p>\t\t\t\t\t\t\t\t<\/div>\n\t\t\t\t<\/div>\n\t\t\t\t\t<\/div>\n\t\t<\/div>\n\t\t\t\t\t<\/div>\n\t\t<\/section>\n\t\t\t\t<section class=\"elementor-section elementor-top-section elementor-element elementor-element-63bd756e elementor-section-full_width elementor-section-height-min-height elementor-section-items-stretch elementor-section-content-middle elementor-section-height-default\" data-id=\"63bd756e\" data-element_type=\"section\" data-e-type=\"section\" data-settings=\"{&quot;background_background&quot;:&quot;classic&quot;}\">\n\t\t\t\t\t\t<div class=\"elementor-container elementor-column-gap-no\">\n\t\t\t\t\t<div class=\"elementor-column elementor-col-50 elementor-top-column elementor-element elementor-element-48b2b49f\" data-id=\"48b2b49f\" data-element_type=\"column\" data-e-type=\"column\" data-settings=\"{&quot;background_background&quot;:&quot;classic&quot;}\">\n\t\t\t<div class=\"elementor-widget-wrap elementor-element-populated\">\n\t\t\t\t\t\t<div class=\"elementor-element elementor-element-381916eb elementor-widget elementor-widget-spacer\" data-id=\"381916eb\" data-element_type=\"widget\" data-e-type=\"widget\" data-widget_type=\"spacer.default\">\n\t\t\t\t<div class=\"elementor-widget-container\">\n\t\t\t\t\t\t\t<div class=\"elementor-spacer\">\n\t\t\t<div class=\"elementor-spacer-inner\"><\/div>\n\t\t<\/div>\n\t\t\t\t\t\t<\/div>\n\t\t\t\t<\/div>\n\t\t\t\t\t<\/div>\n\t\t<\/div>\n\t\t\t\t<div class=\"elementor-column elementor-col-50 elementor-top-column elementor-element elementor-element-316bb657\" data-id=\"316bb657\" data-element_type=\"column\" data-e-type=\"column\" data-settings=\"{&quot;background_background&quot;:&quot;classic&quot;}\">\n\t\t\t<div class=\"elementor-widget-wrap elementor-element-populated\">\n\t\t\t\t\t\t<div class=\"elementor-element elementor-element-193af774 elementor-widget elementor-widget-heading\" data-id=\"193af774\" data-element_type=\"widget\" data-e-type=\"widget\" data-widget_type=\"heading.default\">\n\t\t\t\t<div class=\"elementor-widget-container\">\n\t\t\t\t\t<p class=\"elementor-heading-title elementor-size-default\">Consulta inicial  <\/p>\t\t\t\t<\/div>\n\t\t\t\t<\/div>\n\t\t\t\t<div class=\"elementor-element elementor-element-6473c3c1 elementor-widget elementor-widget-heading\" data-id=\"6473c3c1\" data-element_type=\"widget\" data-e-type=\"widget\" data-widget_type=\"heading.default\">\n\t\t\t\t<div class=\"elementor-widget-container\">\n\t\t\t\t\t<p class=\"elementor-heading-title elementor-size-default\">de 60 min a CHF 220.00<\/p>\t\t\t\t<\/div>\n\t\t\t\t<\/div>\n\t\t\t\t<div class=\"elementor-element elementor-element-7d210aa elementor-widget elementor-widget-text-editor\" data-id=\"7d210aa\" data-element_type=\"widget\" data-e-type=\"widget\" data-widget_type=\"text-editor.default\">\n\t\t\t\t<div class=\"elementor-widget-container\">\n\t\t\t\t\t\t\t\t\tDiscute a tua situa\u00e7\u00e3o com um advogado especializado na Su\u00ed\u00e7a.\n\t\t\t\t\t\t\t\t<\/div>\n\t\t\t\t<\/div>\n\t\t\t\t<div class=\"elementor-element elementor-element-446691a4 elementor-widget-divider--view-line elementor-widget elementor-widget-divider\" data-id=\"446691a4\" data-element_type=\"widget\" data-e-type=\"widget\" data-widget_type=\"divider.default\">\n\t\t\t\t<div class=\"elementor-widget-container\">\n\t\t\t\t\t\t\t<div class=\"elementor-divider\">\n\t\t\t<span class=\"elementor-divider-separator\">\n\t\t\t\t\t\t<\/span>\n\t\t<\/div>\n\t\t\t\t\t\t<\/div>\n\t\t\t\t<\/div>\n\t\t\t\t<div class=\"elementor-element elementor-element-146a2f89 elementor-widget elementor-widget-text-editor\" data-id=\"146a2f89\" data-element_type=\"widget\" data-e-type=\"widget\" data-widget_type=\"text-editor.default\">\n\t\t\t\t<div class=\"elementor-widget-container\">\n\t\t\t\t\t\t\t\t\t<p>Procuras apenas uma marca\u00e7\u00e3o para fazer algumas perguntas?<br>N\u00e3o tens a certeza sobre os procedimentos que pretendes efetuar?<br>A tua situa\u00e7\u00e3o n\u00e3o \u00e9 clara?<\/p><p><strong>Opta por uma primeira consulta com um advogado em Genebra.<\/strong><\/p><p>Decidir\u00e1s ent\u00e3o se queres prosseguir e os nossos advogados indicar-te-\u00e3o o custo do processo em fun\u00e7\u00e3o do teu caso. Marca\u00e7\u00e3o de consultas presenciais ou por videoconfer\u00eancia. <strong><br><\/strong><\/p>\t\t\t\t\t\t\t\t<\/div>\n\t\t\t\t<\/div>\n\t\t\t\t<div class=\"elementor-element elementor-element-318ccfdd elementor-align-center elementor-widget elementor-widget-button\" data-id=\"318ccfdd\" data-element_type=\"widget\" data-e-type=\"widget\" data-widget_type=\"button.default\">\n\t\t\t\t<div class=\"elementor-widget-container\">\n\t\t\t\t\t\t\t\t\t<div class=\"elementor-button-wrapper\">\n\t\t\t\t\t<a class=\"elementor-button elementor-button-link elementor-size-sm\" href=\"https:\/\/www.geneva-lawyers.com\/pt-pt\/contacto\/\">\n\t\t\t\t\t\t<span class=\"elementor-button-content-wrapper\">\n\t\t\t\t\t\t\t\t\t<span class=\"elementor-button-text\">Marca uma consulta com um advogado<\/span>\n\t\t\t\t\t<\/span>\n\t\t\t\t\t<\/a>\n\t\t\t\t<\/div>\n\t\t\t\t\t\t\t\t<\/div>\n\t\t\t\t<\/div>\n\t\t\t\t\t<\/div>\n\t\t<\/div>\n\t\t\t\t\t<\/div>\n\t\t<\/section>\n\t\t\t\t<\/div>\n\t\t","protected":false},"excerpt":{"rendered":"<p>Marca uma consulta com um advogado Condi\u00e7\u00f5es de trabalho e remunera\u00e7\u00e3o na Su\u00ed\u00e7a As condi\u00e7\u00f5es de trabalho e a remunera\u00e7\u00e3o s\u00e3o elementos fundamentais de qualquer contrato de trabalho na Su\u00ed\u00e7a. A entidade patronal tem de cumprir as disposi\u00e7\u00f5es legais relativas \u00e0s condi\u00e7\u00f5es de trabalho e de remunera\u00e7\u00e3o. O C\u00f3digo Su\u00ed\u00e7o de Obriga\u00e7\u00f5es (CO), a Lei &#8230; <a title=\"Condi\u00e7\u00f5es de trabalho e remunera\u00e7\u00e3o na Su\u00ed\u00e7a\" class=\"read-more\" href=\"https:\/\/www.geneva-lawyers.com\/pt-pt\/condicoes-trabalho-remuneracao-suica\/\" aria-label=\"Leia mais sobre Condi\u00e7\u00f5es de trabalho e remunera\u00e7\u00e3o na Su\u00ed\u00e7a\">Ler mais<\/a><\/p>\n","protected":false},"author":1,"featured_media":0,"parent":0,"menu_order":0,"comment_status":"closed","ping_status":"closed","template":"elementor_header_footer","meta":{"_acf_changed":false,"_seopress_robots_primary_cat":"","_seopress_titles_title":"","_seopress_titles_desc":"","_seopress_robots_index":"","footnotes":""},"class_list":["post-32261","page","type-page","status-publish"],"acf":[],"_links":{"self":[{"href":"https:\/\/www.geneva-lawyers.com\/pt-pt\/wp-json\/wp\/v2\/pages\/32261","targetHints":{"allow":["GET"]}}],"collection":[{"href":"https:\/\/www.geneva-lawyers.com\/pt-pt\/wp-json\/wp\/v2\/pages"}],"about":[{"href":"https:\/\/www.geneva-lawyers.com\/pt-pt\/wp-json\/wp\/v2\/types\/page"}],"author":[{"embeddable":true,"href":"https:\/\/www.geneva-lawyers.com\/pt-pt\/wp-json\/wp\/v2\/users\/1"}],"replies":[{"embeddable":true,"href":"https:\/\/www.geneva-lawyers.com\/pt-pt\/wp-json\/wp\/v2\/comments?post=32261"}],"version-history":[{"count":7,"href":"https:\/\/www.geneva-lawyers.com\/pt-pt\/wp-json\/wp\/v2\/pages\/32261\/revisions"}],"predecessor-version":[{"id":33645,"href":"https:\/\/www.geneva-lawyers.com\/pt-pt\/wp-json\/wp\/v2\/pages\/32261\/revisions\/33645"}],"wp:attachment":[{"href":"https:\/\/www.geneva-lawyers.com\/pt-pt\/wp-json\/wp\/v2\/media?parent=32261"}],"curies":[{"name":"wp","href":"https:\/\/api.w.org\/{rel}","templated":true}]}}