{"id":32266,"date":"2024-05-25T16:16:50","date_gmt":"2024-05-25T14:16:50","guid":{"rendered":"https:\/\/www.geneva-lawyers.com\/emprego-como-freelancer-na-suica\/"},"modified":"2025-04-14T16:06:18","modified_gmt":"2025-04-14T14:06:18","slug":"emprego-como-freelancer-suica","status":"publish","type":"page","link":"https:\/\/www.geneva-lawyers.com\/pt-pt\/emprego-como-freelancer-suica\/","title":{"rendered":"Emprego como freelancer na Su\u00ed\u00e7a"},"content":{"rendered":"\t\t<div data-elementor-type=\"wp-page\" data-elementor-id=\"32266\" class=\"elementor elementor-32266 elementor-29493\" data-elementor-post-type=\"page\">\n\t\t\t\t\t\t<section class=\"elementor-section elementor-top-section elementor-element elementor-element-406ba919 elementor-section-boxed elementor-section-height-default elementor-section-height-default\" data-id=\"406ba919\" data-element_type=\"section\" data-e-type=\"section\" data-settings=\"{&quot;background_background&quot;:&quot;classic&quot;}\">\n\t\t\t\t\t\t\t<div class=\"elementor-background-overlay\"><\/div>\n\t\t\t\t\t\t\t<div class=\"elementor-container elementor-column-gap-default\">\n\t\t\t\t\t<div class=\"elementor-column elementor-col-100 elementor-top-column elementor-element elementor-element-76ced492\" data-id=\"76ced492\" data-element_type=\"column\" data-e-type=\"column\">\n\t\t\t<div class=\"elementor-widget-wrap elementor-element-populated\">\n\t\t\t\t\t\t<div class=\"elementor-element elementor-element-33e56707 elementor-widget-divider--view-line elementor-widget elementor-widget-divider\" data-id=\"33e56707\" data-element_type=\"widget\" data-e-type=\"widget\" data-widget_type=\"divider.default\">\n\t\t\t\t<div class=\"elementor-widget-container\">\n\t\t\t\t\t\t\t<div class=\"elementor-divider\">\n\t\t\t<span class=\"elementor-divider-separator\">\n\t\t\t\t\t\t<\/span>\n\t\t<\/div>\n\t\t\t\t\t\t<\/div>\n\t\t\t\t<\/div>\n\t\t\t\t<div class=\"elementor-element elementor-element-12f8e86a elementor-align-center elementor-widget elementor-widget-button\" data-id=\"12f8e86a\" data-element_type=\"widget\" data-e-type=\"widget\" data-widget_type=\"button.default\">\n\t\t\t\t<div class=\"elementor-widget-container\">\n\t\t\t\t\t\t\t\t\t<div class=\"elementor-button-wrapper\">\n\t\t\t\t\t<a class=\"elementor-button elementor-button-link elementor-size-sm\" href=\"https:\/\/www.geneva-lawyers.com\/pt-pt\/contacto\/\">\n\t\t\t\t\t\t<span class=\"elementor-button-content-wrapper\">\n\t\t\t\t\t\t\t\t\t<span class=\"elementor-button-text\">Marca uma consulta com um advogado<\/span>\n\t\t\t\t\t<\/span>\n\t\t\t\t\t<\/a>\n\t\t\t\t<\/div>\n\t\t\t\t\t\t\t\t<\/div>\n\t\t\t\t<\/div>\n\t\t\t\t\t<\/div>\n\t\t<\/div>\n\t\t\t\t\t<\/div>\n\t\t<\/section>\n\t\t\t\t<section class=\"elementor-section elementor-top-section elementor-element elementor-element-4d9404f6 elementor-section-boxed elementor-section-height-default elementor-section-height-default\" data-id=\"4d9404f6\" data-element_type=\"section\" data-e-type=\"section\">\n\t\t\t\t\t\t<div class=\"elementor-container elementor-column-gap-default\">\n\t\t\t\t\t<div class=\"elementor-column elementor-col-100 elementor-top-column elementor-element elementor-element-71b915a6\" data-id=\"71b915a6\" data-element_type=\"column\" data-e-type=\"column\">\n\t\t\t<div class=\"elementor-widget-wrap elementor-element-populated\">\n\t\t\t\t\t\t<div class=\"elementor-element elementor-element-6245fa07 elementor-widget elementor-widget-heading\" data-id=\"6245fa07\" data-element_type=\"widget\" data-e-type=\"widget\" data-widget_type=\"heading.default\">\n\t\t\t\t<div class=\"elementor-widget-container\">\n\t\t\t\t\t<h2 class=\"elementor-heading-title elementor-size-default\">Emprego como freelancer na Su\u00ed\u00e7a<\/h2>\t\t\t\t<\/div>\n\t\t\t\t<\/div>\n\t\t\t\t<div class=\"elementor-element elementor-element-31d7183c elementor-widget-divider--view-line elementor-widget elementor-widget-divider\" data-id=\"31d7183c\" data-element_type=\"widget\" data-e-type=\"widget\" data-widget_type=\"divider.default\">\n\t\t\t\t<div class=\"elementor-widget-container\">\n\t\t\t\t\t\t\t<div class=\"elementor-divider\">\n\t\t\t<span class=\"elementor-divider-separator\">\n\t\t\t\t\t\t<\/span>\n\t\t<\/div>\n\t\t\t\t\t\t<\/div>\n\t\t\t\t<\/div>\n\t\t\t\t<div class=\"elementor-element elementor-element-6dc657a9 elementor-widget elementor-widget-text-editor\" data-id=\"6dc657a9\" data-element_type=\"widget\" data-e-type=\"widget\" data-widget_type=\"text-editor.default\">\n\t\t\t\t<div class=\"elementor-widget-container\">\n\t\t\t\t\t\t\t\t\t<p>O trabalho independente \u00e9 uma atividade cada vez mais popular na Su\u00ed\u00e7a. Oferece uma op\u00e7\u00e3o atraente para os trabalhadores independentes que desejam as vantagens do emprego assalariado, mantendo alguma autonomia. Al\u00e9m disso, oferece \u00e0s empresas uma forma de contratar freelancers sem ter de gerir tarefas administrativas.  <\/p><p>O trabalho independente implica uma colabora\u00e7\u00e3o tripartida entre um trabalhador independente, uma empresa de trabalho independente e um cliente. Neste caso, a empresa de trabalho independente actua como empregador do freelancer. O freelancer recebe um sal\u00e1rio, enquanto a empresa de trabalho independente fatura ao cliente os servi\u00e7os prestados.  <\/p><p>Originalmente criado em Fran\u00e7a, o modelo de trabalho independente est\u00e1 a ganhar for\u00e7a na Su\u00ed\u00e7a. No entanto, a utiliza\u00e7\u00e3o deste modelo para fazer passar os freelancers por empregados para efeitos de seguran\u00e7a social n\u00e3o est\u00e1 em conformidade com a legisla\u00e7\u00e3o su\u00ed\u00e7a. Esta pr\u00e1tica pode levar a que os freelancers n\u00e3o recebam determinadas presta\u00e7\u00f5es de seguran\u00e7a social, apesar das suas contribui\u00e7\u00f5es.  <\/p><h2>Vantagens do trabalho independente<\/h2><p>O trabalho independente oferece in\u00fameras vantagens aos freelancers. Normalmente, os freelancers n\u00e3o podem aceder ao seguro de desemprego e n\u00e3o s\u00e3o obrigados a contribuir para planos de pens\u00f5es profissionais ou para um seguro de acidentes obrigat\u00f3rio. Embora possam contribuir voluntariamente para os planos de pens\u00e3o e para o seguro de acidentes, n\u00e3o t\u00eam direito a um seguro de desemprego volunt\u00e1rio.  <\/p><p>Neste caso, o modelo de trabalho independente torna-se valioso. A empresa de trabalho independente actua como um empregador nominal, permitindo que os freelancers tenham acesso ao seguro de desemprego, \u00e0s pens\u00f5es profissionais e ao seguro de acidentes. Ao tratar das contribui\u00e7\u00f5es para a seguran\u00e7a social em nome dos freelancers, a empresa converte os seus honor\u00e1rios em sal\u00e1rios e gere as tarefas administrativas regulares, como a fatura\u00e7\u00e3o aos clientes. Este acordo proporciona aos freelancers a seguran\u00e7a social necess\u00e1ria para exercerem a sua atividade com tranquilidade.   <\/p><p>O emprego como freelancer permite-lhe usufruir de benef\u00edcios como seguran\u00e7a social, f\u00e9rias pagas e seguro de sa\u00fade. Al\u00e9m disso, aumenta a sua visibilidade e credibilidade junto dos clientes e oferece uma cobertura de responsabilidade profissional. <\/p><p>Para as empresas, o emprego freelance facilita a contrata\u00e7\u00e3o de freelancers sem o inc\u00f3modo da administra\u00e7\u00e3o direta do emprego. Permite \u00e0s empresas externalizar tarefas e gerir os recursos humanos de forma mais flex\u00edvel. <\/p><h2>Cumprimento da lei<\/h2><p>Na Su\u00ed\u00e7a, embora o modelo de trabalho independente seja aceite em Fran\u00e7a, n\u00e3o \u00e9 reconhecido como uma forma leg\u00edtima de emprego pela legisla\u00e7\u00e3o su\u00ed\u00e7a em mat\u00e9ria de seguran\u00e7a social. Consequentemente, os freelancers que trabalham neste modelo correm o risco de n\u00e3o receberem subs\u00eddio de desemprego ou de acidente. Podem tamb\u00e9m surgir problemas jur\u00eddicos relativamente \u00e0s pens\u00f5es profissionais.  <\/p><p>\u00c9 fundamental compreender que o recurso ao trabalho independente na Su\u00ed\u00e7a pode acarretar riscos legais para os freelancers, incluindo a recusa de presta\u00e7\u00f5es da seguran\u00e7a social, como o subs\u00eddio de desemprego ou de acidente, e complica\u00e7\u00f5es com as pens\u00f5es profissionais. Por isso, \u00e9 aconselh\u00e1vel explorar as op\u00e7\u00f5es legais dispon\u00edveis na Su\u00ed\u00e7a e verificar se uma empresa de contabilidade \u00e9 uma empresa fiduci\u00e1ria, uma empresa de aluguer de servi\u00e7os ou uma empresa de trabalho independente. <\/p><h2>Funcionamento do trabalho independente na Su\u00ed\u00e7a<\/h2><p>O leasing de servi\u00e7os, tamb\u00e9m conhecido como payrolling, \u00e9 permitido na Su\u00ed\u00e7a. Nesse modelo, um locador de servi\u00e7os assume as responsabilidades do empregador, tais como pagamentos de sal\u00e1rios, contribui\u00e7\u00f5es para o seguro social e declara\u00e7\u00f5es \u00e0s autoridades fiscais e de migra\u00e7\u00e3o para funcion\u00e1rios estrangeiros. O locador de servi\u00e7os aluga os servi\u00e7os de uma pessoa para uma empresa contratante e transfere a autoridade de empregador para essa empresa. As empresas que utilizam esse modelo na Su\u00ed\u00e7a devem obter a autoriza\u00e7\u00e3o necess\u00e1ria.   <\/p><p>Ao contr\u00e1rio do trabalho independente, a loca\u00e7\u00e3o de servi\u00e7os \u00e9 permitida na Su\u00ed\u00e7a e oferece aos freelancers os respectivos benef\u00edcios sociais. No entanto, como em qualquer contrato de trabalho, \u00e9 importante garantir que as disposi\u00e7\u00f5es legais e contratuais sejam cumpridas para evitar riscos legais ou financeiros. <\/p><p>O Servi\u00e7o Federal de Seguran\u00e7a Social (OFAS) publicou um folheto informativo para alertar para os riscos associados ao &#8220;trabalho fict\u00edcio&#8221;. Recomenda-se que verifiques se uma empresa de contabilidade \u00e9 uma sociedade fiduci\u00e1ria, uma empresa de loca\u00e7\u00e3o de servi\u00e7os ou uma empresa de trabalho independente (esta \u00faltima n\u00e3o autorizada na Su\u00ed\u00e7a). <\/p>\t\t\t\t\t\t\t\t<\/div>\n\t\t\t\t<\/div>\n\t\t\t\t\t<\/div>\n\t\t<\/div>\n\t\t\t\t\t<\/div>\n\t\t<\/section>\n\t\t\t\t<section class=\"elementor-section elementor-top-section elementor-element elementor-element-3e2c21e8 elementor-section-full_width elementor-section-height-min-height elementor-section-items-stretch elementor-section-content-middle elementor-section-height-default\" data-id=\"3e2c21e8\" data-element_type=\"section\" data-e-type=\"section\" data-settings=\"{&quot;background_background&quot;:&quot;classic&quot;}\">\n\t\t\t\t\t\t<div class=\"elementor-container elementor-column-gap-no\">\n\t\t\t\t\t<div class=\"elementor-column elementor-col-50 elementor-top-column elementor-element elementor-element-4178feb\" data-id=\"4178feb\" data-element_type=\"column\" data-e-type=\"column\" data-settings=\"{&quot;background_background&quot;:&quot;classic&quot;}\">\n\t\t\t<div class=\"elementor-widget-wrap elementor-element-populated\">\n\t\t\t\t\t\t<div class=\"elementor-element elementor-element-35a6b16d elementor-widget elementor-widget-spacer\" data-id=\"35a6b16d\" data-element_type=\"widget\" data-e-type=\"widget\" data-widget_type=\"spacer.default\">\n\t\t\t\t<div class=\"elementor-widget-container\">\n\t\t\t\t\t\t\t<div class=\"elementor-spacer\">\n\t\t\t<div class=\"elementor-spacer-inner\"><\/div>\n\t\t<\/div>\n\t\t\t\t\t\t<\/div>\n\t\t\t\t<\/div>\n\t\t\t\t\t<\/div>\n\t\t<\/div>\n\t\t\t\t<div class=\"elementor-column elementor-col-50 elementor-top-column elementor-element elementor-element-53f892cb\" data-id=\"53f892cb\" data-element_type=\"column\" data-e-type=\"column\" data-settings=\"{&quot;background_background&quot;:&quot;classic&quot;}\">\n\t\t\t<div class=\"elementor-widget-wrap elementor-element-populated\">\n\t\t\t\t\t\t<div class=\"elementor-element elementor-element-3dfa362a elementor-widget elementor-widget-heading\" data-id=\"3dfa362a\" data-element_type=\"widget\" data-e-type=\"widget\" data-widget_type=\"heading.default\">\n\t\t\t\t<div class=\"elementor-widget-container\">\n\t\t\t\t\t<p class=\"elementor-heading-title elementor-size-default\">Consulta inicial  <\/p>\t\t\t\t<\/div>\n\t\t\t\t<\/div>\n\t\t\t\t<div class=\"elementor-element elementor-element-6fe0fca0 elementor-widget elementor-widget-heading\" data-id=\"6fe0fca0\" data-element_type=\"widget\" data-e-type=\"widget\" data-widget_type=\"heading.default\">\n\t\t\t\t<div class=\"elementor-widget-container\">\n\t\t\t\t\t<p class=\"elementor-heading-title elementor-size-default\">de 60 min a CHF 220.00<\/p>\t\t\t\t<\/div>\n\t\t\t\t<\/div>\n\t\t\t\t<div class=\"elementor-element elementor-element-530c5be3 elementor-widget elementor-widget-text-editor\" data-id=\"530c5be3\" data-element_type=\"widget\" data-e-type=\"widget\" data-widget_type=\"text-editor.default\">\n\t\t\t\t<div class=\"elementor-widget-container\">\n\t\t\t\t\t\t\t\t\tDiscute a tua situa\u00e7\u00e3o com um advogado especializado na Su\u00ed\u00e7a.\n\t\t\t\t\t\t\t\t<\/div>\n\t\t\t\t<\/div>\n\t\t\t\t<div class=\"elementor-element elementor-element-c35f6bd elementor-widget-divider--view-line elementor-widget elementor-widget-divider\" data-id=\"c35f6bd\" data-element_type=\"widget\" data-e-type=\"widget\" data-widget_type=\"divider.default\">\n\t\t\t\t<div class=\"elementor-widget-container\">\n\t\t\t\t\t\t\t<div class=\"elementor-divider\">\n\t\t\t<span class=\"elementor-divider-separator\">\n\t\t\t\t\t\t<\/span>\n\t\t<\/div>\n\t\t\t\t\t\t<\/div>\n\t\t\t\t<\/div>\n\t\t\t\t<div class=\"elementor-element elementor-element-686c07f1 elementor-widget elementor-widget-text-editor\" data-id=\"686c07f1\" data-element_type=\"widget\" data-e-type=\"widget\" data-widget_type=\"text-editor.default\">\n\t\t\t\t<div class=\"elementor-widget-container\">\n\t\t\t\t\t\t\t\t\t<p>Procuras apenas uma marca\u00e7\u00e3o para fazer algumas perguntas?<br>N\u00e3o tens a certeza sobre os procedimentos que pretendes efetuar?<br>A tua situa\u00e7\u00e3o n\u00e3o \u00e9 clara?<\/p><p><strong>Opta por uma primeira consulta com um advogado em Genebra.<\/strong><\/p><p>Decidir\u00e1s ent\u00e3o se queres prosseguir e os nossos advogados indicar-te-\u00e3o o custo do processo em fun\u00e7\u00e3o do teu caso. Marca\u00e7\u00e3o de consultas presenciais ou por videoconfer\u00eancia. <strong><br><\/strong><\/p>\t\t\t\t\t\t\t\t<\/div>\n\t\t\t\t<\/div>\n\t\t\t\t<div class=\"elementor-element elementor-element-6fa0adf9 elementor-align-center elementor-widget elementor-widget-button\" data-id=\"6fa0adf9\" data-element_type=\"widget\" data-e-type=\"widget\" data-widget_type=\"button.default\">\n\t\t\t\t<div class=\"elementor-widget-container\">\n\t\t\t\t\t\t\t\t\t<div class=\"elementor-button-wrapper\">\n\t\t\t\t\t<a class=\"elementor-button elementor-button-link elementor-size-sm\" href=\"https:\/\/www.geneva-lawyers.com\/pt-pt\/contacto\/\">\n\t\t\t\t\t\t<span class=\"elementor-button-content-wrapper\">\n\t\t\t\t\t\t\t\t\t<span class=\"elementor-button-text\">Marca uma consulta com um advogado<\/span>\n\t\t\t\t\t<\/span>\n\t\t\t\t\t<\/a>\n\t\t\t\t<\/div>\n\t\t\t\t\t\t\t\t<\/div>\n\t\t\t\t<\/div>\n\t\t\t\t\t<\/div>\n\t\t<\/div>\n\t\t\t\t\t<\/div>\n\t\t<\/section>\n\t\t\t\t<\/div>\n\t\t","protected":false},"excerpt":{"rendered":"<p>Marca uma consulta com um advogado Emprego como freelancer na Su\u00ed\u00e7a O trabalho independente \u00e9 uma atividade cada vez mais popular na Su\u00ed\u00e7a. Oferece uma op\u00e7\u00e3o atraente para os trabalhadores independentes que desejam as vantagens do emprego assalariado, mantendo alguma autonomia. Al\u00e9m disso, oferece \u00e0s empresas uma forma de contratar freelancers sem ter de gerir &#8230; <a title=\"Emprego como freelancer na Su\u00ed\u00e7a\" class=\"read-more\" href=\"https:\/\/www.geneva-lawyers.com\/pt-pt\/emprego-como-freelancer-suica\/\" aria-label=\"Leia mais sobre Emprego como freelancer na Su\u00ed\u00e7a\">Ler mais<\/a><\/p>\n","protected":false},"author":1,"featured_media":0,"parent":0,"menu_order":0,"comment_status":"closed","ping_status":"closed","template":"elementor_header_footer","meta":{"_acf_changed":false,"_seopress_robots_primary_cat":"","_seopress_titles_title":"","_seopress_titles_desc":"","_seopress_robots_index":"","footnotes":""},"class_list":["post-32266","page","type-page","status-publish"],"acf":[],"_links":{"self":[{"href":"https:\/\/www.geneva-lawyers.com\/pt-pt\/wp-json\/wp\/v2\/pages\/32266","targetHints":{"allow":["GET"]}}],"collection":[{"href":"https:\/\/www.geneva-lawyers.com\/pt-pt\/wp-json\/wp\/v2\/pages"}],"about":[{"href":"https:\/\/www.geneva-lawyers.com\/pt-pt\/wp-json\/wp\/v2\/types\/page"}],"author":[{"embeddable":true,"href":"https:\/\/www.geneva-lawyers.com\/pt-pt\/wp-json\/wp\/v2\/users\/1"}],"replies":[{"embeddable":true,"href":"https:\/\/www.geneva-lawyers.com\/pt-pt\/wp-json\/wp\/v2\/comments?post=32266"}],"version-history":[{"count":6,"href":"https:\/\/www.geneva-lawyers.com\/pt-pt\/wp-json\/wp\/v2\/pages\/32266\/revisions"}],"predecessor-version":[{"id":34153,"href":"https:\/\/www.geneva-lawyers.com\/pt-pt\/wp-json\/wp\/v2\/pages\/32266\/revisions\/34153"}],"wp:attachment":[{"href":"https:\/\/www.geneva-lawyers.com\/pt-pt\/wp-json\/wp\/v2\/media?parent=32266"}],"curies":[{"name":"wp","href":"https:\/\/api.w.org\/{rel}","templated":true}]}}