{"id":32274,"date":"2024-05-24T15:37:16","date_gmt":"2024-05-24T13:37:16","guid":{"rendered":"https:\/\/www.geneva-lawyers.com\/emprego-de-estrangeiros-na-suica\/"},"modified":"2025-04-14T16:06:28","modified_gmt":"2025-04-14T14:06:28","slug":"emprego-estrangeiros-suica","status":"publish","type":"page","link":"https:\/\/www.geneva-lawyers.com\/pt-pt\/emprego-estrangeiros-suica\/","title":{"rendered":"Emprego de estrangeiros na Su\u00ed\u00e7a"},"content":{"rendered":"\t\t<div data-elementor-type=\"wp-page\" data-elementor-id=\"32274\" class=\"elementor elementor-32274 elementor-29484\" data-elementor-post-type=\"page\">\n\t\t\t\t\t\t<section class=\"elementor-section elementor-top-section elementor-element elementor-element-64b1bd2d elementor-section-boxed elementor-section-height-default elementor-section-height-default\" data-id=\"64b1bd2d\" data-element_type=\"section\" data-e-type=\"section\" data-settings=\"{&quot;background_background&quot;:&quot;classic&quot;}\">\n\t\t\t\t\t\t\t<div class=\"elementor-background-overlay\"><\/div>\n\t\t\t\t\t\t\t<div class=\"elementor-container elementor-column-gap-default\">\n\t\t\t\t\t<div class=\"elementor-column elementor-col-100 elementor-top-column elementor-element elementor-element-23cf971b\" data-id=\"23cf971b\" data-element_type=\"column\" data-e-type=\"column\">\n\t\t\t<div class=\"elementor-widget-wrap elementor-element-populated\">\n\t\t\t\t\t\t<div class=\"elementor-element elementor-element-4403c58d elementor-widget-divider--view-line elementor-widget elementor-widget-divider\" data-id=\"4403c58d\" data-element_type=\"widget\" data-e-type=\"widget\" data-widget_type=\"divider.default\">\n\t\t\t\t<div class=\"elementor-widget-container\">\n\t\t\t\t\t\t\t<div class=\"elementor-divider\">\n\t\t\t<span class=\"elementor-divider-separator\">\n\t\t\t\t\t\t<\/span>\n\t\t<\/div>\n\t\t\t\t\t\t<\/div>\n\t\t\t\t<\/div>\n\t\t\t\t<div class=\"elementor-element elementor-element-3540fd25 elementor-align-center elementor-widget elementor-widget-button\" data-id=\"3540fd25\" data-element_type=\"widget\" data-e-type=\"widget\" data-widget_type=\"button.default\">\n\t\t\t\t<div class=\"elementor-widget-container\">\n\t\t\t\t\t\t\t\t\t<div class=\"elementor-button-wrapper\">\n\t\t\t\t\t<a class=\"elementor-button elementor-button-link elementor-size-sm\" href=\"https:\/\/www.geneva-lawyers.com\/pt-pt\/contacto\/\">\n\t\t\t\t\t\t<span class=\"elementor-button-content-wrapper\">\n\t\t\t\t\t\t\t\t\t<span class=\"elementor-button-text\">Marca uma consulta com um advogado<\/span>\n\t\t\t\t\t<\/span>\n\t\t\t\t\t<\/a>\n\t\t\t\t<\/div>\n\t\t\t\t\t\t\t\t<\/div>\n\t\t\t\t<\/div>\n\t\t\t\t\t<\/div>\n\t\t<\/div>\n\t\t\t\t\t<\/div>\n\t\t<\/section>\n\t\t\t\t<section class=\"elementor-section elementor-top-section elementor-element elementor-element-50c2a320 elementor-section-boxed elementor-section-height-default elementor-section-height-default\" data-id=\"50c2a320\" data-element_type=\"section\" data-e-type=\"section\">\n\t\t\t\t\t\t<div class=\"elementor-container elementor-column-gap-default\">\n\t\t\t\t\t<div class=\"elementor-column elementor-col-100 elementor-top-column elementor-element elementor-element-63bb1f45\" data-id=\"63bb1f45\" data-element_type=\"column\" data-e-type=\"column\">\n\t\t\t<div class=\"elementor-widget-wrap elementor-element-populated\">\n\t\t\t\t\t\t<div class=\"elementor-element elementor-element-5231e0c9 elementor-widget elementor-widget-heading\" data-id=\"5231e0c9\" data-element_type=\"widget\" data-e-type=\"widget\" data-widget_type=\"heading.default\">\n\t\t\t\t<div class=\"elementor-widget-container\">\n\t\t\t\t\t<h2 class=\"elementor-heading-title elementor-size-default\">Emprego de estrangeiros na Su\u00ed\u00e7a\n<\/h2>\t\t\t\t<\/div>\n\t\t\t\t<\/div>\n\t\t\t\t<div class=\"elementor-element elementor-element-5fa61c9a elementor-widget-divider--view-line elementor-widget elementor-widget-divider\" data-id=\"5fa61c9a\" data-element_type=\"widget\" data-e-type=\"widget\" data-widget_type=\"divider.default\">\n\t\t\t\t<div class=\"elementor-widget-container\">\n\t\t\t\t\t\t\t<div class=\"elementor-divider\">\n\t\t\t<span class=\"elementor-divider-separator\">\n\t\t\t\t\t\t<\/span>\n\t\t<\/div>\n\t\t\t\t\t\t<\/div>\n\t\t\t\t<\/div>\n\t\t\t\t<div class=\"elementor-element elementor-element-3d516190 elementor-widget elementor-widget-text-editor\" data-id=\"3d516190\" data-element_type=\"widget\" data-e-type=\"widget\" data-widget_type=\"text-editor.default\">\n\t\t\t\t<div class=\"elementor-widget-container\">\n\t\t\t\t\t\t\t\t\t<p>A contrata\u00e7\u00e3o de estrangeiros na Su\u00ed\u00e7a \u00e9 regida por leis e regulamentos espec\u00edficos que garantem aos trabalhadores estrangeiros os mesmos direitos e protec\u00e7\u00f5es que os trabalhadores su\u00ed\u00e7os. As entidades patronais su\u00ed\u00e7as t\u00eam de cumprir estes regulamentos quando contratam trabalhadores estrangeiros. <\/p><p>Os trabalhadores estrangeiros podem trabalhar na Su\u00ed\u00e7a se possu\u00edrem uma autoriza\u00e7\u00e3o de trabalho adequada, que \u00e9 regulamentada por v\u00e1rias leis, incluindo a Lei Federal sobre Estrangeiros e Integra\u00e7\u00e3o (LEI) e o Acordo sobre a Livre Circula\u00e7\u00e3o de Pessoas (ALCP). Al\u00e9m disso, os trabalhadores estrangeiros precisam de uma autoriza\u00e7\u00e3o de perman\u00eancia v\u00e1lida. <\/p><p>O LEI distingue entre nacionais de pa\u00edses da UE\/EFTA e de pa\u00edses terceiros, que incluem o Reino Unido desde 1 de janeiro de 2021. Os nacionais dos pa\u00edses da UE\/EFTA t\u00eam geralmente prioridade no mercado de trabalho em rela\u00e7\u00e3o aos nacionais de pa\u00edses terceiros. O ALCP aplica-se a todos os cidad\u00e3os da UE e da EFTA.  <\/p><h2>Autoriza\u00e7\u00f5es de trabalho na Su\u00ed\u00e7a<\/h2><p>Para um trabalho de curta dura\u00e7\u00e3o, at\u00e9 tr\u00eas meses, os nacionais da UE\/EFTA n\u00e3o necessitam de autoriza\u00e7\u00e3o de resid\u00eancia, bastando registarem-se. Para trabalharem durante mais de tr\u00eas meses, devem obter uma autoriza\u00e7\u00e3o de resid\u00eancia antes de come\u00e7arem a trabalhar. Para tal, necessita de um documento de identifica\u00e7\u00e3o ou passaporte v\u00e1lido e de um documento que confirme o emprego, como um contrato de trabalho ou um atestado da entidade patronal. A autoriza\u00e7\u00e3o de resid\u00eancia \u00e9 v\u00e1lida em toda a Su\u00ed\u00e7a e permite aos trabalhadores mudar de emprego e de entidade patronal. A sua validade depende da dura\u00e7\u00e3o do emprego.    <\/p><p>Os cidad\u00e3os da UE\/EFTA podem obter principalmente as seguintes autoriza\u00e7\u00f5es:<\/p><ul><li><strong>Autoriza\u00e7\u00e3o L<\/strong>: autoriza\u00e7\u00e3o de curta dura\u00e7\u00e3o para estrangeiros que permanecem temporariamente na Su\u00ed\u00e7a com um contrato de trabalho de tr\u00eas meses a um ano.<\/li><li><strong>Autoriza\u00e7\u00e3o B<\/strong>: Para os estrangeiros que residem na Su\u00ed\u00e7a e trabalham h\u00e1 pelo menos um ano. \u00c9 v\u00e1lida por um per\u00edodo m\u00e1ximo de cinco anos e pode ser renovada. <\/li><li><strong>Autoriza\u00e7\u00e3o C<\/strong>: Para os estrangeiros que residem na Su\u00ed\u00e7a h\u00e1 cinco ou dez anos. Permite trabalhar sem restri\u00e7\u00f5es e oferece maior estabilidade. <\/li><li><strong>Autoriza\u00e7\u00e3o G<\/strong>: para os trabalhadores fronteiri\u00e7os que residem nos pa\u00edses vizinhos e trabalham na Su\u00ed\u00e7a. Deve regressar \u00e0 sua resid\u00eancia principal no estrangeiro pelo menos uma vez por semana. <\/li><\/ul><p>Para os nacionais de pa\u00edses terceiros, somente estrangeiros qualificados, como executivos ou especialistas, podem trabalhar na Su\u00ed\u00e7a. Eles precisam de uma autoriza\u00e7\u00e3o de trabalho, mesmo para trabalhos de curta dura\u00e7\u00e3o (art. 11, par. 1 LEI). Os empregadores devem provar que a contrata\u00e7\u00e3o do trabalhador estrangeiro serve aos interesses econ\u00f3micos da Su\u00ed\u00e7a (Art. 18 LEI) e que nenhum cidad\u00e3o su\u00ed\u00e7o ou da UE\/EFTA poderia ser recrutado.  <\/p><p>\u00c9 importante notar que uma autoriza\u00e7\u00e3o de trabalho n\u00e3o \u00e9 equivalente a um visto.<\/p><h2>Regulamenta\u00e7\u00e3o para trabalhadores estrangeiros na Su\u00ed\u00e7a<\/h2><p>Os trabalhadores estrangeiros na Su\u00ed\u00e7a gozam dos mesmos direitos que os trabalhadores su\u00ed\u00e7os no que respeita ao sal\u00e1rio m\u00ednimo, ao hor\u00e1rio de trabalho e \u00e0 seguran\u00e7a no local de trabalho. As entidades patronais su\u00ed\u00e7as t\u00eam de cumprir as disposi\u00e7\u00f5es relativas ao n\u00famero m\u00e1ximo de horas de trabalho, pausas, dias de folga, f\u00e9rias pagas e presta\u00e7\u00f5es da seguran\u00e7a social. <\/p><p>Os trabalhadores estrangeiros podem beneficiar de medidas especiais que os ajudam a integrar-se no mercado de trabalho su\u00ed\u00e7o, tais como programas de forma\u00e7\u00e3o profissional, cursos de l\u00ednguas e programas de forma\u00e7\u00e3o cont\u00ednua. Al\u00e9m disso, podem estar sujeitos a quotas de imigra\u00e7\u00e3o em fun\u00e7\u00e3o da nacionalidade e do ramo de atividade. Como todos os residentes, os trabalhadores estrangeiros est\u00e3o sujeitos a impostos e contribui\u00e7\u00f5es sociais na Su\u00ed\u00e7a.  <\/p><p>Os nacionais de pa\u00edses terceiros s\u00f3 podem trabalhar na Su\u00ed\u00e7a se a sua admiss\u00e3o servir o interesse econ\u00f3mico geral do pa\u00eds (art. 18 e 19 LEI). Nessa avalia\u00e7\u00e3o, s\u00e3o considerados fatores como a situa\u00e7\u00e3o do mercado de trabalho, o desenvolvimento econ\u00f4mico sustent\u00e1vel e a capacidade de integra\u00e7\u00e3o do trabalhador estrangeiro. <\/p><p>Em conclus\u00e3o, a contrata\u00e7\u00e3o de estrangeiros na Su\u00ed\u00e7a \u00e9 regulamentada para garantir que os trabalhadores estrangeiros recebam os mesmos direitos e protec\u00e7\u00f5es que os trabalhadores su\u00ed\u00e7os. As entidades patronais su\u00ed\u00e7as t\u00eam de cumprir estes regulamentos quando contratam trabalhadores estrangeiros. <\/p>\t\t\t\t\t\t\t\t<\/div>\n\t\t\t\t<\/div>\n\t\t\t\t\t<\/div>\n\t\t<\/div>\n\t\t\t\t\t<\/div>\n\t\t<\/section>\n\t\t\t\t<section class=\"elementor-section elementor-top-section elementor-element elementor-element-254c0d88 elementor-section-full_width elementor-section-height-min-height elementor-section-items-stretch elementor-section-content-middle elementor-section-height-default\" data-id=\"254c0d88\" data-element_type=\"section\" data-e-type=\"section\" data-settings=\"{&quot;background_background&quot;:&quot;classic&quot;}\">\n\t\t\t\t\t\t<div class=\"elementor-container elementor-column-gap-no\">\n\t\t\t\t\t<div class=\"elementor-column elementor-col-50 elementor-top-column elementor-element elementor-element-4f409f5d\" data-id=\"4f409f5d\" data-element_type=\"column\" data-e-type=\"column\" data-settings=\"{&quot;background_background&quot;:&quot;classic&quot;}\">\n\t\t\t<div class=\"elementor-widget-wrap elementor-element-populated\">\n\t\t\t\t\t\t<div class=\"elementor-element elementor-element-336c8b0e elementor-widget elementor-widget-spacer\" data-id=\"336c8b0e\" data-element_type=\"widget\" data-e-type=\"widget\" data-widget_type=\"spacer.default\">\n\t\t\t\t<div class=\"elementor-widget-container\">\n\t\t\t\t\t\t\t<div class=\"elementor-spacer\">\n\t\t\t<div class=\"elementor-spacer-inner\"><\/div>\n\t\t<\/div>\n\t\t\t\t\t\t<\/div>\n\t\t\t\t<\/div>\n\t\t\t\t\t<\/div>\n\t\t<\/div>\n\t\t\t\t<div class=\"elementor-column elementor-col-50 elementor-top-column elementor-element elementor-element-5a420b1e\" data-id=\"5a420b1e\" data-element_type=\"column\" data-e-type=\"column\" data-settings=\"{&quot;background_background&quot;:&quot;classic&quot;}\">\n\t\t\t<div class=\"elementor-widget-wrap elementor-element-populated\">\n\t\t\t\t\t\t<div class=\"elementor-element elementor-element-d6154e6 elementor-widget elementor-widget-heading\" data-id=\"d6154e6\" data-element_type=\"widget\" data-e-type=\"widget\" data-widget_type=\"heading.default\">\n\t\t\t\t<div class=\"elementor-widget-container\">\n\t\t\t\t\t<p class=\"elementor-heading-title elementor-size-default\">Consulta inicial  <\/p>\t\t\t\t<\/div>\n\t\t\t\t<\/div>\n\t\t\t\t<div class=\"elementor-element elementor-element-1390aa78 elementor-widget elementor-widget-heading\" data-id=\"1390aa78\" data-element_type=\"widget\" data-e-type=\"widget\" data-widget_type=\"heading.default\">\n\t\t\t\t<div class=\"elementor-widget-container\">\n\t\t\t\t\t<p class=\"elementor-heading-title elementor-size-default\">de 60 min a CHF 220.00<\/p>\t\t\t\t<\/div>\n\t\t\t\t<\/div>\n\t\t\t\t<div class=\"elementor-element elementor-element-8860915 elementor-widget elementor-widget-text-editor\" data-id=\"8860915\" data-element_type=\"widget\" data-e-type=\"widget\" data-widget_type=\"text-editor.default\">\n\t\t\t\t<div class=\"elementor-widget-container\">\n\t\t\t\t\t\t\t\t\tDiscute a tua situa\u00e7\u00e3o com um advogado especializado na Su\u00ed\u00e7a.\n\t\t\t\t\t\t\t\t<\/div>\n\t\t\t\t<\/div>\n\t\t\t\t<div class=\"elementor-element elementor-element-125db101 elementor-widget-divider--view-line elementor-widget elementor-widget-divider\" data-id=\"125db101\" data-element_type=\"widget\" data-e-type=\"widget\" data-widget_type=\"divider.default\">\n\t\t\t\t<div class=\"elementor-widget-container\">\n\t\t\t\t\t\t\t<div class=\"elementor-divider\">\n\t\t\t<span class=\"elementor-divider-separator\">\n\t\t\t\t\t\t<\/span>\n\t\t<\/div>\n\t\t\t\t\t\t<\/div>\n\t\t\t\t<\/div>\n\t\t\t\t<div class=\"elementor-element elementor-element-c5b27f2 elementor-widget elementor-widget-text-editor\" data-id=\"c5b27f2\" data-element_type=\"widget\" data-e-type=\"widget\" data-widget_type=\"text-editor.default\">\n\t\t\t\t<div class=\"elementor-widget-container\">\n\t\t\t\t\t\t\t\t\t<p>Procuras apenas uma marca\u00e7\u00e3o para fazer algumas perguntas?<br>N\u00e3o tens a certeza sobre os procedimentos que pretendes efetuar?<br>A tua situa\u00e7\u00e3o n\u00e3o \u00e9 clara?<\/p><p><strong>Opta por uma primeira consulta com um advogado em Genebra.<\/strong><\/p><p>Decidir\u00e1s ent\u00e3o se queres prosseguir e os nossos advogados indicar-te-\u00e3o o custo do processo em fun\u00e7\u00e3o do teu caso. Marca\u00e7\u00e3o de consultas presenciais ou por videoconfer\u00eancia. <strong><br><\/strong><\/p>\t\t\t\t\t\t\t\t<\/div>\n\t\t\t\t<\/div>\n\t\t\t\t<div class=\"elementor-element elementor-element-363d1bbb elementor-align-center elementor-widget elementor-widget-button\" data-id=\"363d1bbb\" data-element_type=\"widget\" data-e-type=\"widget\" data-widget_type=\"button.default\">\n\t\t\t\t<div class=\"elementor-widget-container\">\n\t\t\t\t\t\t\t\t\t<div class=\"elementor-button-wrapper\">\n\t\t\t\t\t<a class=\"elementor-button elementor-button-link elementor-size-sm\" href=\"https:\/\/www.geneva-lawyers.com\/pt-pt\/contacto\/\">\n\t\t\t\t\t\t<span class=\"elementor-button-content-wrapper\">\n\t\t\t\t\t\t\t\t\t<span class=\"elementor-button-text\">Marca uma consulta com um advogado<\/span>\n\t\t\t\t\t<\/span>\n\t\t\t\t\t<\/a>\n\t\t\t\t<\/div>\n\t\t\t\t\t\t\t\t<\/div>\n\t\t\t\t<\/div>\n\t\t\t\t\t<\/div>\n\t\t<\/div>\n\t\t\t\t\t<\/div>\n\t\t<\/section>\n\t\t\t\t<\/div>\n\t\t","protected":false},"excerpt":{"rendered":"<p>Marca uma consulta com um advogado Emprego de estrangeiros na Su\u00ed\u00e7a A contrata\u00e7\u00e3o de estrangeiros na Su\u00ed\u00e7a \u00e9 regida por leis e regulamentos espec\u00edficos que garantem aos trabalhadores estrangeiros os mesmos direitos e protec\u00e7\u00f5es que os trabalhadores su\u00ed\u00e7os. As entidades patronais su\u00ed\u00e7as t\u00eam de cumprir estes regulamentos quando contratam trabalhadores estrangeiros. Os trabalhadores estrangeiros podem &#8230; <a title=\"Emprego de estrangeiros na Su\u00ed\u00e7a\" class=\"read-more\" href=\"https:\/\/www.geneva-lawyers.com\/pt-pt\/emprego-estrangeiros-suica\/\" aria-label=\"Leia mais sobre Emprego de estrangeiros na Su\u00ed\u00e7a\">Ler mais<\/a><\/p>\n","protected":false},"author":1,"featured_media":0,"parent":0,"menu_order":0,"comment_status":"closed","ping_status":"closed","template":"elementor_header_footer","meta":{"_acf_changed":false,"_seopress_robots_primary_cat":"","_seopress_titles_title":"","_seopress_titles_desc":"","_seopress_robots_index":"","footnotes":""},"class_list":["post-32274","page","type-page","status-publish"],"acf":[],"_links":{"self":[{"href":"https:\/\/www.geneva-lawyers.com\/pt-pt\/wp-json\/wp\/v2\/pages\/32274","targetHints":{"allow":["GET"]}}],"collection":[{"href":"https:\/\/www.geneva-lawyers.com\/pt-pt\/wp-json\/wp\/v2\/pages"}],"about":[{"href":"https:\/\/www.geneva-lawyers.com\/pt-pt\/wp-json\/wp\/v2\/types\/page"}],"author":[{"embeddable":true,"href":"https:\/\/www.geneva-lawyers.com\/pt-pt\/wp-json\/wp\/v2\/users\/1"}],"replies":[{"embeddable":true,"href":"https:\/\/www.geneva-lawyers.com\/pt-pt\/wp-json\/wp\/v2\/comments?post=32274"}],"version-history":[{"count":6,"href":"https:\/\/www.geneva-lawyers.com\/pt-pt\/wp-json\/wp\/v2\/pages\/32274\/revisions"}],"predecessor-version":[{"id":34167,"href":"https:\/\/www.geneva-lawyers.com\/pt-pt\/wp-json\/wp\/v2\/pages\/32274\/revisions\/34167"}],"wp:attachment":[{"href":"https:\/\/www.geneva-lawyers.com\/pt-pt\/wp-json\/wp\/v2\/media?parent=32274"}],"curies":[{"name":"wp","href":"https:\/\/api.w.org\/{rel}","templated":true}]}}