{"id":32282,"date":"2024-05-24T15:32:58","date_gmt":"2024-05-24T13:32:58","guid":{"rendered":"https:\/\/www.geneva-lawyers.com\/representacao-dos-trabalhadores-e-conflitos-no-local-de-trabalho-na-suica\/"},"modified":"2025-04-14T14:06:07","modified_gmt":"2025-04-14T12:06:07","slug":"representacao-trabalhadores-conflitos-local-trabalho-suica","status":"publish","type":"page","link":"https:\/\/www.geneva-lawyers.com\/pt-pt\/representacao-trabalhadores-conflitos-local-trabalho-suica\/","title":{"rendered":"Representa\u00e7\u00e3o dos trabalhadores e conflitos no local de trabalho na Su\u00ed\u00e7a"},"content":{"rendered":"\t\t<div data-elementor-type=\"wp-page\" data-elementor-id=\"32282\" class=\"elementor elementor-32282 elementor-29477\" data-elementor-post-type=\"page\">\n\t\t\t\t\t\t<section class=\"elementor-section elementor-top-section elementor-element elementor-element-1a83bf3b elementor-section-boxed elementor-section-height-default elementor-section-height-default\" data-id=\"1a83bf3b\" data-element_type=\"section\" data-e-type=\"section\" data-settings=\"{&quot;background_background&quot;:&quot;classic&quot;}\">\n\t\t\t\t\t\t\t<div class=\"elementor-background-overlay\"><\/div>\n\t\t\t\t\t\t\t<div class=\"elementor-container elementor-column-gap-default\">\n\t\t\t\t\t<div class=\"elementor-column elementor-col-100 elementor-top-column elementor-element elementor-element-18079273\" data-id=\"18079273\" data-element_type=\"column\" data-e-type=\"column\">\n\t\t\t<div class=\"elementor-widget-wrap elementor-element-populated\">\n\t\t\t\t\t\t<div class=\"elementor-element elementor-element-5868d712 elementor-widget-divider--view-line elementor-widget elementor-widget-divider\" data-id=\"5868d712\" data-element_type=\"widget\" data-e-type=\"widget\" data-widget_type=\"divider.default\">\n\t\t\t\t<div class=\"elementor-widget-container\">\n\t\t\t\t\t\t\t<div class=\"elementor-divider\">\n\t\t\t<span class=\"elementor-divider-separator\">\n\t\t\t\t\t\t<\/span>\n\t\t<\/div>\n\t\t\t\t\t\t<\/div>\n\t\t\t\t<\/div>\n\t\t\t\t<div class=\"elementor-element elementor-element-1518c54a elementor-align-center elementor-widget elementor-widget-button\" data-id=\"1518c54a\" data-element_type=\"widget\" data-e-type=\"widget\" data-widget_type=\"button.default\">\n\t\t\t\t<div class=\"elementor-widget-container\">\n\t\t\t\t\t\t\t\t\t<div class=\"elementor-button-wrapper\">\n\t\t\t\t\t<a class=\"elementor-button elementor-button-link elementor-size-sm\" href=\"https:\/\/www.geneva-lawyers.com\/pt-pt\/contacto\/\">\n\t\t\t\t\t\t<span class=\"elementor-button-content-wrapper\">\n\t\t\t\t\t\t\t\t\t<span class=\"elementor-button-text\">Marca uma consulta com um advogado<\/span>\n\t\t\t\t\t<\/span>\n\t\t\t\t\t<\/a>\n\t\t\t\t<\/div>\n\t\t\t\t\t\t\t\t<\/div>\n\t\t\t\t<\/div>\n\t\t\t\t\t<\/div>\n\t\t<\/div>\n\t\t\t\t\t<\/div>\n\t\t<\/section>\n\t\t\t\t<section class=\"elementor-section elementor-top-section elementor-element elementor-element-42f350d4 elementor-section-boxed elementor-section-height-default elementor-section-height-default\" data-id=\"42f350d4\" data-element_type=\"section\" data-e-type=\"section\">\n\t\t\t\t\t\t<div class=\"elementor-container elementor-column-gap-default\">\n\t\t\t\t\t<div class=\"elementor-column elementor-col-100 elementor-top-column elementor-element elementor-element-1d64a984\" data-id=\"1d64a984\" data-element_type=\"column\" data-e-type=\"column\">\n\t\t\t<div class=\"elementor-widget-wrap elementor-element-populated\">\n\t\t\t\t\t\t<div class=\"elementor-element elementor-element-727266f2 elementor-widget elementor-widget-heading\" data-id=\"727266f2\" data-element_type=\"widget\" data-e-type=\"widget\" data-widget_type=\"heading.default\">\n\t\t\t\t<div class=\"elementor-widget-container\">\n\t\t\t\t\t<h2 class=\"elementor-heading-title elementor-size-default\">Representa\u00e7\u00e3o dos trabalhadores e conflitos no local de trabalho na Su\u00ed\u00e7a\n<\/h2>\t\t\t\t<\/div>\n\t\t\t\t<\/div>\n\t\t\t\t<div class=\"elementor-element elementor-element-76bcacd5 elementor-widget-divider--view-line elementor-widget elementor-widget-divider\" data-id=\"76bcacd5\" data-element_type=\"widget\" data-e-type=\"widget\" data-widget_type=\"divider.default\">\n\t\t\t\t<div class=\"elementor-widget-container\">\n\t\t\t\t\t\t\t<div class=\"elementor-divider\">\n\t\t\t<span class=\"elementor-divider-separator\">\n\t\t\t\t\t\t<\/span>\n\t\t<\/div>\n\t\t\t\t\t\t<\/div>\n\t\t\t\t<\/div>\n\t\t\t\t<div class=\"elementor-element elementor-element-4f808b57 elementor-widget elementor-widget-text-editor\" data-id=\"4f808b57\" data-element_type=\"widget\" data-e-type=\"widget\" data-widget_type=\"text-editor.default\">\n\t\t\t\t<div class=\"elementor-widget-container\">\n\t\t\t\t\t\t\t\t\t<p>A representa\u00e7\u00e3o dos trabalhadores \u00e9 um aspeto crucial tanto para as empresas como para os trabalhadores na Su\u00ed\u00e7a, garantindo uma comunica\u00e7\u00e3o aberta e transparente e salvaguardando os direitos dos trabalhadores. De acordo com a Lei Federal sobre a Informa\u00e7\u00e3o e Consulta dos Trabalhadores nas Empresas (Lei da Participa\u00e7\u00e3o), as empresas com mais de 50 trabalhadores podem criar uma comiss\u00e3o de pessoal (art. 3.\u00ba da Lei da Participa\u00e7\u00e3o). Este comit\u00e9 representa os interesses dos trabalhadores perante a entidade patronal e promove o di\u00e1logo social. Pode ser consultado sobre quest\u00f5es relacionadas com a sa\u00fade e a seguran\u00e7a no trabalho, a forma\u00e7\u00e3o profissional, o hor\u00e1rio de trabalho e outras condi\u00e7\u00f5es de trabalho.   <\/p><p>Os trabalhadores tamb\u00e9m t\u00eam o direito de se organizarem e formarem sindicatos para defenderem os seus direitos. Os sindicatos s\u00e3o organiza\u00e7\u00f5es independentes que representam os trabalhadores e negoceiam com as entidades patronais para garantir condi\u00e7\u00f5es de trabalho justas. Em caso de conflitos no local de trabalho, os trabalhadores podem pedir ajuda ao comit\u00e9 de pessoal ou aos sindicatos para media\u00e7\u00e3o. Se a media\u00e7\u00e3o falhar, o lit\u00edgio pode ser levado aos tribunais do trabalho.   <\/p><h2>Sindicatos e conven\u00e7\u00f5es colectivas de trabalho<\/h2><p>Os sindicatos desempenham um papel importante na defesa dos interesses dos trabalhadores e na negocia\u00e7\u00e3o de acordos colectivos na Su\u00ed\u00e7a. A Conven\u00e7\u00e3o n.\u00ba 87 da Organiza\u00e7\u00e3o Internacional do Trabalho (OIT) garante a liberdade de associa\u00e7\u00e3o e a prote\u00e7\u00e3o dos direitos sindicais. Os sindicatos representam os trabalhadores de um determinado sector ou empresa, com o objetivo de melhorar as condi\u00e7\u00f5es de trabalho e de vida. Ajudam os trabalhadores a negociar acordos com as entidades patronais e a resolver lit\u00edgios de forma informal. Em caso de disputas legais, os sindicatos podem representar os trabalhadores perante os tribunais do trabalho e outros \u00f3rg\u00e3os judiciais.    <\/p><p>Os sindicatos negoceiam acordos colectivos com os empregadores, que definem as condi\u00e7\u00f5es de trabalho, os sal\u00e1rios e as presta\u00e7\u00f5es sociais dos trabalhadores. Estes acordos juridicamente vinculativos regulam as condi\u00e7\u00f5es de trabalho numa empresa ou sector, abrangendo aspectos como a remunera\u00e7\u00e3o, o hor\u00e1rio de trabalho, as f\u00e9rias e as normas de sa\u00fade e seguran\u00e7a. <\/p><h2>Media\u00e7\u00e3o e concilia\u00e7\u00e3o de conflitos<\/h2><p>Na Su\u00ed\u00e7a, a media\u00e7\u00e3o e a concilia\u00e7\u00e3o s\u00e3o meios informais de resolu\u00e7\u00e3o de conflitos laborais. A media\u00e7\u00e3o consiste na interven\u00e7\u00e3o de um terceiro neutro que ajuda as partes em conflito a chegar a uma solu\u00e7\u00e3o mutuamente aceit\u00e1vel. A concilia\u00e7\u00e3o \u00e9 semelhante, mas implica uma abordagem mais diretiva da parte neutra, que analisa os factos e os argumentos para ajudar a encontrar uma solu\u00e7\u00e3o aceit\u00e1vel para ambas as partes. Estes m\u00e9todos alternativos de resolu\u00e7\u00e3o de lit\u00edgios s\u00e3o menos dispendiosos e mais r\u00e1pidos do que os processos judiciais.   <\/p><p>Os trabalhadores podem aceder \u00e0 media\u00e7\u00e3o e \u00e0 concilia\u00e7\u00e3o atrav\u00e9s dos gabinetes de concilia\u00e7\u00e3o cantonais e das associa\u00e7\u00f5es de media\u00e7\u00e3o. As associa\u00e7\u00f5es de media\u00e7\u00e3o, frequentemente especializadas em direito do trabalho e nas rela\u00e7\u00f5es entre empregadores e empregados, oferecem solu\u00e7\u00f5es vinculativas. Os gabinetes de concilia\u00e7\u00e3o cantonais prestam servi\u00e7os gratuitos para a resolu\u00e7\u00e3o de conflitos relacionados com as condi\u00e7\u00f5es de trabalho, a prote\u00e7\u00e3o contra o despedimento sem justa causa e a igualdade de tratamento. Embora n\u00e3o possam emitir decis\u00f5es juridicamente vinculativas, o seu envolvimento pode ajudar as partes a chegar a uma solu\u00e7\u00e3o mutuamente aceit\u00e1vel. \u00c9 frequentemente aconselh\u00e1vel consultar um advogado para compreender os procedimentos e definir os limites de uma solu\u00e7\u00e3o aceit\u00e1vel.    <\/p><h2>Recurso aos tribunais do trabalho<\/h2><p>Se a media\u00e7\u00e3o ou a concilia\u00e7\u00e3o falharem, os trabalhadores podem levar os seus lit\u00edgios aos tribunais do trabalho. Estes tribunais especializados tratam de lit\u00edgios relacionados com o direito do trabalho, incluindo despedimentos sem justa causa, condi\u00e7\u00f5es de trabalho, discrimina\u00e7\u00e3o e ass\u00e9dio. Os tribunais do trabalho est\u00e3o presentes em todos os cant\u00f5es su\u00ed\u00e7os e s\u00e3o geralmente compostos por ju\u00edzes profissionais especializados em direito do trabalho.  <\/p><p>Os trabalhadores podem apresentar uma queixa aos tribunais do trabalho atrav\u00e9s de um formul\u00e1rio de pedido de justi\u00e7a, indicando os factos do lit\u00edgio e as consequ\u00eancias pretendidas. Os tribunais do trabalho na Su\u00ed\u00e7a s\u00e3o acess\u00edveis a todos os trabalhadores, incluindo os trabalhadores estrangeiros. Durante o processo judicial, os trabalhadores podem ser representados por um advogado ou por um sindicato. Os tribunais do trabalho t\u00eam autoridade para emitir decis\u00f5es juridicamente vinculativas tanto para os empregadores como para os trabalhadores.   <\/p><p>Embora os tribunais do trabalho ofere\u00e7am uma via formal para a resolu\u00e7\u00e3o de lit\u00edgios, o processo pode ser mais dispendioso e moroso do que os m\u00e9todos alternativos. No entanto, em casos complexos ou graves, a interven\u00e7\u00e3o do tribunal pode ser necess\u00e1ria. Recomenda-se vivamente a consulta de um advogado de direito do trabalho para quest\u00f5es relacionadas com representa\u00e7\u00e3o ou conflitos no local de trabalho, uma vez que a defesa dos teus direitos e interesses exige frequentemente o cumprimento de prazos espec\u00edficos e requisitos legais.  <\/p>\t\t\t\t\t\t\t\t<\/div>\n\t\t\t\t<\/div>\n\t\t\t\t\t<\/div>\n\t\t<\/div>\n\t\t\t\t\t<\/div>\n\t\t<\/section>\n\t\t\t\t<section class=\"elementor-section elementor-top-section elementor-element elementor-element-5b4187e7 elementor-section-full_width elementor-section-height-min-height elementor-section-items-stretch elementor-section-content-middle elementor-section-height-default\" data-id=\"5b4187e7\" data-element_type=\"section\" data-e-type=\"section\" data-settings=\"{&quot;background_background&quot;:&quot;classic&quot;}\">\n\t\t\t\t\t\t<div class=\"elementor-container elementor-column-gap-no\">\n\t\t\t\t\t<div class=\"elementor-column elementor-col-50 elementor-top-column elementor-element elementor-element-6f4a5e9f\" data-id=\"6f4a5e9f\" data-element_type=\"column\" data-e-type=\"column\" data-settings=\"{&quot;background_background&quot;:&quot;classic&quot;}\">\n\t\t\t<div class=\"elementor-widget-wrap elementor-element-populated\">\n\t\t\t\t\t\t<div class=\"elementor-element elementor-element-73e82807 elementor-widget elementor-widget-spacer\" data-id=\"73e82807\" data-element_type=\"widget\" data-e-type=\"widget\" data-widget_type=\"spacer.default\">\n\t\t\t\t<div class=\"elementor-widget-container\">\n\t\t\t\t\t\t\t<div class=\"elementor-spacer\">\n\t\t\t<div class=\"elementor-spacer-inner\"><\/div>\n\t\t<\/div>\n\t\t\t\t\t\t<\/div>\n\t\t\t\t<\/div>\n\t\t\t\t\t<\/div>\n\t\t<\/div>\n\t\t\t\t<div class=\"elementor-column elementor-col-50 elementor-top-column elementor-element elementor-element-3ecfb17f\" data-id=\"3ecfb17f\" data-element_type=\"column\" data-e-type=\"column\" data-settings=\"{&quot;background_background&quot;:&quot;classic&quot;}\">\n\t\t\t<div class=\"elementor-widget-wrap elementor-element-populated\">\n\t\t\t\t\t\t<div class=\"elementor-element elementor-element-b335967 elementor-widget elementor-widget-heading\" data-id=\"b335967\" data-element_type=\"widget\" data-e-type=\"widget\" data-widget_type=\"heading.default\">\n\t\t\t\t<div class=\"elementor-widget-container\">\n\t\t\t\t\t<p class=\"elementor-heading-title elementor-size-default\">Consulta inicial  <\/p>\t\t\t\t<\/div>\n\t\t\t\t<\/div>\n\t\t\t\t<div class=\"elementor-element elementor-element-3a91e2b9 elementor-widget elementor-widget-heading\" data-id=\"3a91e2b9\" data-element_type=\"widget\" data-e-type=\"widget\" data-widget_type=\"heading.default\">\n\t\t\t\t<div class=\"elementor-widget-container\">\n\t\t\t\t\t<p class=\"elementor-heading-title elementor-size-default\">de 60 min a CHF 220.00<\/p>\t\t\t\t<\/div>\n\t\t\t\t<\/div>\n\t\t\t\t<div class=\"elementor-element elementor-element-12029ab8 elementor-widget elementor-widget-text-editor\" data-id=\"12029ab8\" data-element_type=\"widget\" data-e-type=\"widget\" data-widget_type=\"text-editor.default\">\n\t\t\t\t<div class=\"elementor-widget-container\">\n\t\t\t\t\t\t\t\t\tDiscute a tua situa\u00e7\u00e3o com um advogado especializado na Su\u00ed\u00e7a.\n\t\t\t\t\t\t\t\t<\/div>\n\t\t\t\t<\/div>\n\t\t\t\t<div class=\"elementor-element elementor-element-49506a8d elementor-widget-divider--view-line elementor-widget elementor-widget-divider\" data-id=\"49506a8d\" data-element_type=\"widget\" data-e-type=\"widget\" data-widget_type=\"divider.default\">\n\t\t\t\t<div class=\"elementor-widget-container\">\n\t\t\t\t\t\t\t<div class=\"elementor-divider\">\n\t\t\t<span class=\"elementor-divider-separator\">\n\t\t\t\t\t\t<\/span>\n\t\t<\/div>\n\t\t\t\t\t\t<\/div>\n\t\t\t\t<\/div>\n\t\t\t\t<div class=\"elementor-element elementor-element-19406d9d elementor-widget elementor-widget-text-editor\" data-id=\"19406d9d\" data-element_type=\"widget\" data-e-type=\"widget\" data-widget_type=\"text-editor.default\">\n\t\t\t\t<div class=\"elementor-widget-container\">\n\t\t\t\t\t\t\t\t\t<p>Procuras apenas uma marca\u00e7\u00e3o para fazer algumas perguntas?<br>N\u00e3o tens a certeza sobre os procedimentos que pretendes efetuar?<br>A tua situa\u00e7\u00e3o n\u00e3o \u00e9 clara?<\/p><p><strong>Opta por uma primeira consulta com um advogado em Genebra.<\/strong><\/p><p>Decidir\u00e1s ent\u00e3o se queres prosseguir e os nossos advogados indicar-te-\u00e3o o custo do processo em fun\u00e7\u00e3o do teu caso. Marca\u00e7\u00e3o de consultas presenciais ou por videoconfer\u00eancia. <strong><br><\/strong><\/p>\t\t\t\t\t\t\t\t<\/div>\n\t\t\t\t<\/div>\n\t\t\t\t<div class=\"elementor-element elementor-element-1695462b elementor-align-center elementor-widget elementor-widget-button\" data-id=\"1695462b\" data-element_type=\"widget\" data-e-type=\"widget\" data-widget_type=\"button.default\">\n\t\t\t\t<div class=\"elementor-widget-container\">\n\t\t\t\t\t\t\t\t\t<div class=\"elementor-button-wrapper\">\n\t\t\t\t\t<a class=\"elementor-button elementor-button-link elementor-size-sm\" href=\"https:\/\/www.geneva-lawyers.com\/pt-pt\/contacto\/\">\n\t\t\t\t\t\t<span class=\"elementor-button-content-wrapper\">\n\t\t\t\t\t\t\t\t\t<span class=\"elementor-button-text\">Marca uma consulta com um advogado<\/span>\n\t\t\t\t\t<\/span>\n\t\t\t\t\t<\/a>\n\t\t\t\t<\/div>\n\t\t\t\t\t\t\t\t<\/div>\n\t\t\t\t<\/div>\n\t\t\t\t\t<\/div>\n\t\t<\/div>\n\t\t\t\t\t<\/div>\n\t\t<\/section>\n\t\t\t\t<\/div>\n\t\t","protected":false},"excerpt":{"rendered":"<p>Marca uma consulta com um advogado Representa\u00e7\u00e3o dos trabalhadores e conflitos no local de trabalho na Su\u00ed\u00e7a A representa\u00e7\u00e3o dos trabalhadores \u00e9 um aspeto crucial tanto para as empresas como para os trabalhadores na Su\u00ed\u00e7a, garantindo uma comunica\u00e7\u00e3o aberta e transparente e salvaguardando os direitos dos trabalhadores. De acordo com a Lei Federal sobre a &#8230; <a title=\"Representa\u00e7\u00e3o dos trabalhadores e conflitos no local de trabalho na Su\u00ed\u00e7a\" class=\"read-more\" href=\"https:\/\/www.geneva-lawyers.com\/pt-pt\/representacao-trabalhadores-conflitos-local-trabalho-suica\/\" aria-label=\"Leia mais sobre Representa\u00e7\u00e3o dos trabalhadores e conflitos no local de trabalho na Su\u00ed\u00e7a\">Ler mais<\/a><\/p>\n","protected":false},"author":1,"featured_media":0,"parent":0,"menu_order":0,"comment_status":"closed","ping_status":"closed","template":"elementor_header_footer","meta":{"_acf_changed":false,"_seopress_robots_primary_cat":"","_seopress_titles_title":"","_seopress_titles_desc":"","_seopress_robots_index":"","footnotes":""},"class_list":["post-32282","page","type-page","status-publish"],"acf":[],"_links":{"self":[{"href":"https:\/\/www.geneva-lawyers.com\/pt-pt\/wp-json\/wp\/v2\/pages\/32282","targetHints":{"allow":["GET"]}}],"collection":[{"href":"https:\/\/www.geneva-lawyers.com\/pt-pt\/wp-json\/wp\/v2\/pages"}],"about":[{"href":"https:\/\/www.geneva-lawyers.com\/pt-pt\/wp-json\/wp\/v2\/types\/page"}],"author":[{"embeddable":true,"href":"https:\/\/www.geneva-lawyers.com\/pt-pt\/wp-json\/wp\/v2\/users\/1"}],"replies":[{"embeddable":true,"href":"https:\/\/www.geneva-lawyers.com\/pt-pt\/wp-json\/wp\/v2\/comments?post=32282"}],"version-history":[{"count":6,"href":"https:\/\/www.geneva-lawyers.com\/pt-pt\/wp-json\/wp\/v2\/pages\/32282\/revisions"}],"predecessor-version":[{"id":33658,"href":"https:\/\/www.geneva-lawyers.com\/pt-pt\/wp-json\/wp\/v2\/pages\/32282\/revisions\/33658"}],"wp:attachment":[{"href":"https:\/\/www.geneva-lawyers.com\/pt-pt\/wp-json\/wp\/v2\/media?parent=32282"}],"curies":[{"name":"wp","href":"https:\/\/api.w.org\/{rel}","templated":true}]}}