{"id":32316,"date":"2024-05-27T14:35:32","date_gmt":"2024-05-27T12:35:32","guid":{"rendered":"https:\/\/www.geneva-lawyers.com\/nivel-minimo-de-subsistencia-na-cobranca-de-dividas\/"},"modified":"2025-04-14T15:39:26","modified_gmt":"2025-04-14T13:39:26","slug":"nivel-minimo-subsistencia-cobranca-dividas","status":"publish","type":"page","link":"https:\/\/www.geneva-lawyers.com\/pt-pt\/nivel-minimo-subsistencia-cobranca-dividas\/","title":{"rendered":"N\u00edvel m\u00ednimo de subsist\u00eancia na cobran\u00e7a de d\u00edvidas"},"content":{"rendered":"\t\t<div data-elementor-type=\"wp-page\" data-elementor-id=\"32316\" class=\"elementor elementor-32316 elementor-29677\" data-elementor-post-type=\"page\">\n\t\t\t\t\t\t<section class=\"elementor-section elementor-top-section elementor-element elementor-element-58008742 elementor-section-boxed elementor-section-height-default elementor-section-height-default\" data-id=\"58008742\" data-element_type=\"section\" data-e-type=\"section\" data-settings=\"{&quot;background_background&quot;:&quot;classic&quot;}\">\n\t\t\t\t\t\t\t<div class=\"elementor-background-overlay\"><\/div>\n\t\t\t\t\t\t\t<div class=\"elementor-container elementor-column-gap-default\">\n\t\t\t\t\t<div class=\"elementor-column elementor-col-100 elementor-top-column elementor-element elementor-element-1516532a\" data-id=\"1516532a\" data-element_type=\"column\" data-e-type=\"column\">\n\t\t\t<div class=\"elementor-widget-wrap elementor-element-populated\">\n\t\t\t\t\t\t<div class=\"elementor-element elementor-element-642b98a elementor-widget-divider--view-line elementor-widget elementor-widget-divider\" data-id=\"642b98a\" data-element_type=\"widget\" data-e-type=\"widget\" data-widget_type=\"divider.default\">\n\t\t\t\t<div class=\"elementor-widget-container\">\n\t\t\t\t\t\t\t<div class=\"elementor-divider\">\n\t\t\t<span class=\"elementor-divider-separator\">\n\t\t\t\t\t\t<\/span>\n\t\t<\/div>\n\t\t\t\t\t\t<\/div>\n\t\t\t\t<\/div>\n\t\t\t\t<div class=\"elementor-element elementor-element-492e8f76 elementor-align-center elementor-widget elementor-widget-button\" data-id=\"492e8f76\" data-element_type=\"widget\" data-e-type=\"widget\" data-widget_type=\"button.default\">\n\t\t\t\t<div class=\"elementor-widget-container\">\n\t\t\t\t\t\t\t\t\t<div class=\"elementor-button-wrapper\">\n\t\t\t\t\t<a class=\"elementor-button elementor-button-link elementor-size-sm\" href=\"https:\/\/www.geneva-lawyers.com\/pt-pt\/contacto\/\">\n\t\t\t\t\t\t<span class=\"elementor-button-content-wrapper\">\n\t\t\t\t\t\t\t\t\t<span class=\"elementor-button-text\">Marca uma consulta com um advogado<\/span>\n\t\t\t\t\t<\/span>\n\t\t\t\t\t<\/a>\n\t\t\t\t<\/div>\n\t\t\t\t\t\t\t\t<\/div>\n\t\t\t\t<\/div>\n\t\t\t\t\t<\/div>\n\t\t<\/div>\n\t\t\t\t\t<\/div>\n\t\t<\/section>\n\t\t\t\t<section class=\"elementor-section elementor-top-section elementor-element elementor-element-2a0c7eae elementor-section-boxed elementor-section-height-default elementor-section-height-default\" data-id=\"2a0c7eae\" data-element_type=\"section\" data-e-type=\"section\">\n\t\t\t\t\t\t<div class=\"elementor-container elementor-column-gap-default\">\n\t\t\t\t\t<div class=\"elementor-column elementor-col-100 elementor-top-column elementor-element elementor-element-5d5f18ac\" data-id=\"5d5f18ac\" data-element_type=\"column\" data-e-type=\"column\">\n\t\t\t<div class=\"elementor-widget-wrap elementor-element-populated\">\n\t\t\t\t\t\t<div class=\"elementor-element elementor-element-5b9e4514 elementor-widget elementor-widget-heading\" data-id=\"5b9e4514\" data-element_type=\"widget\" data-e-type=\"widget\" data-widget_type=\"heading.default\">\n\t\t\t\t<div class=\"elementor-widget-container\">\n\t\t\t\t\t<h2 class=\"elementor-heading-title elementor-size-default\">N\u00edvel m\u00ednimo de subsist\u00eancia na cobran\u00e7a de d\u00edvidas na Su\u00ed\u00e7a\n<\/h2>\t\t\t\t<\/div>\n\t\t\t\t<\/div>\n\t\t\t\t<div class=\"elementor-element elementor-element-411a602 elementor-widget-divider--view-line elementor-widget elementor-widget-divider\" data-id=\"411a602\" data-element_type=\"widget\" data-e-type=\"widget\" data-widget_type=\"divider.default\">\n\t\t\t\t<div class=\"elementor-widget-container\">\n\t\t\t\t\t\t\t<div class=\"elementor-divider\">\n\t\t\t<span class=\"elementor-divider-separator\">\n\t\t\t\t\t\t<\/span>\n\t\t<\/div>\n\t\t\t\t\t\t<\/div>\n\t\t\t\t<\/div>\n\t\t\t\t<div class=\"elementor-element elementor-element-7b3bcf07 elementor-widget elementor-widget-text-editor\" data-id=\"7b3bcf07\" data-element_type=\"widget\" data-e-type=\"widget\" data-widget_type=\"text-editor.default\">\n\t\t\t\t<div class=\"elementor-widget-container\">\n\t\t\t\t\t\t\t\t\t<p>O m\u00ednimo vital, no \u00e2mbito do direito su\u00ed\u00e7o de cobran\u00e7a de d\u00edvidas, \u00e9 um conceito-chave que visa garantir um n\u00edvel de vida decente ao devedor, equilibrando os interesses do credor. Representa uma quantia inalien\u00e1vel de dinheiro que o devedor deve reter para satisfazer as suas necessidades essenciais, mesmo em caso de penhora de rendimentos. Este conceito reflecte o empenho da Su\u00ed\u00e7a em proteger os direitos humanos e a dignidade de cada indiv\u00edduo, independentemente da sua situa\u00e7\u00e3o financeira.  <\/p><p>O m\u00ednimo vital na Su\u00ed\u00e7a \u00e9 regido principalmente por dois textos legislativos. Por um lado, o C\u00f3digo das Obriga\u00e7\u00f5es (CO) cont\u00e9m disposi\u00e7\u00f5es gerais relativas \u00e0s obriga\u00e7\u00f5es contratuais entre as partes. Por outro lado, a Lei Federal de Cobran\u00e7a de D\u00edvidas e Fal\u00eancia (LP) regula especificamente a cobran\u00e7a de d\u00edvidas e os procedimentos de fal\u00eancia, incluindo regras relativas ao n\u00edvel m\u00ednimo de subsist\u00eancia. Al\u00e9m disso, a legisla\u00e7\u00e3o cantonal tamb\u00e9m pode desempenhar um papel importante, uma vez que as nuances cantonais espec\u00edficas podem influenciar a aplica\u00e7\u00e3o do n\u00edvel m\u00ednimo de subsist\u00eancia, nomeadamente no que se refere ao seu c\u00e1lculo.   <\/p><p>O objetivo principal do m\u00ednimo vital \u00e9 proteger a exist\u00eancia econ\u00f3mica b\u00e1sica do devedor. Ao assegurar um montante inalien\u00e1vel para as necessidades vitais como a alimenta\u00e7\u00e3o, a habita\u00e7\u00e3o, os cuidados de sa\u00fade e a educa\u00e7\u00e3o, a lei garante que o devedor pode continuar a viver com dignidade apesar do processo de cobran\u00e7a de d\u00edvidas. Isto evidencia a filosofia su\u00ed\u00e7a de prote\u00e7\u00e3o social e de responsabilidade individual. Simultaneamente, o conceito procura equilibrar os direitos do credor, permitindo a cobran\u00e7a de d\u00edvidas desde que n\u00e3o infrinja os direitos fundamentais do devedor. Neste contexto, o n\u00edvel m\u00ednimo de subsist\u00eancia funciona como um mecanismo de equil\u00edbrio entre o direito do credor de cobrar d\u00edvidas e o direito do devedor de manter um n\u00edvel de vida b\u00e1sico.    <\/p><h2>C\u00e1lculo do m\u00ednimo vital na cobran\u00e7a de d\u00edvidas<\/h2><p>O c\u00e1lculo do n\u00edvel m\u00ednimo de subsist\u00eancia exige uma avalia\u00e7\u00e3o exaustiva de v\u00e1rias componentes. Inclui as necessidades vitais, como a alimenta\u00e7\u00e3o, a habita\u00e7\u00e3o, o vestu\u00e1rio e as despesas de aquecimento, que s\u00e3o essenciais para garantir um n\u00edvel de vida b\u00e1sico. S\u00e3o tamb\u00e9m consideradas as despesas profissionais, como os custos de transporte e as despesas relacionadas com o emprego. As despesas com a seguran\u00e7a social e os cuidados de sa\u00fade s\u00e3o outro aspeto crucial do c\u00e1lculo, garantindo a prote\u00e7\u00e3o contra os principais riscos, como a doen\u00e7a e a invalidez. Podem tamb\u00e9m existir diferen\u00e7as cantonais no c\u00e1lculo do n\u00edvel m\u00ednimo de subsist\u00eancia, reflectindo as varia\u00e7\u00f5es regionais do custo de vida e outros factores espec\u00edficos.    <\/p><p>A metodologia para calcular o n\u00edvel m\u00ednimo de subsist\u00eancia varia consoante as circunst\u00e2ncias individuais e pode envolver uma abordagem normalizada ou individualizada. A abordagem normalizada aplica normas gerais baseadas em crit\u00e9rios como a dimens\u00e3o do agregado familiar e o local de resid\u00eancia. Em contrapartida, a abordagem individualizada permite uma avalia\u00e7\u00e3o mais pormenorizada das necessidades e despesas espec\u00edficas do devedor. Em ambos os casos, o objetivo \u00e9 garantir que o n\u00edvel m\u00ednimo de subsist\u00eancia \u00e9 suficiente para cobrir as necessidades essenciais sem ser excessivo. A an\u00e1lise das decis\u00f5es judiciais pertinentes pode igualmente servir de base \u00e0 metodologia de c\u00e1lculo, fornecendo precedentes e orienta\u00e7\u00f5es.    <\/p><p>Certos casos especiais exigem uma aten\u00e7\u00e3o especial no c\u00e1lculo do m\u00ednimo vital. Por exemplo, os devedores com pessoas a cargo, como crian\u00e7as ou idosos, podem necessitar de ajustamentos para ter em conta as suas necessidades adicionais. Do mesmo modo, situa\u00e7\u00f5es excepcionais, como uma doen\u00e7a grave ou uma defici\u00eancia, podem exigir uma avalia\u00e7\u00e3o mais pormenorizada do n\u00edvel m\u00ednimo de subsist\u00eancia, a fim de refletir o aumento dos custos e das necessidades associadas a essas condi\u00e7\u00f5es.  <\/p><h2>Contestar o n\u00edvel m\u00ednimo de subsist\u00eancia<\/h2><p>Nalgumas circunst\u00e2ncias, o devedor pode contestar o montante fixado como m\u00ednimo vital, se considerar que este foi calculado de forma inadequada. A contesta\u00e7\u00e3o pode ser iniciada por via judicial, exigindo normalmente que o devedor apresente uma reclama\u00e7\u00e3o \u00e0 autoridade competente. Os requisitos em mat\u00e9ria de provas desempenham um papel crucial neste processo. O devedor deve apresentar provas convincentes para justificar os ajustamentos ao m\u00ednimo vital, tais como documentos que comprovem despesas excepcionais, necessidades m\u00e9dicas espec\u00edficas ou outras circunst\u00e2ncias que exijam uma reavalia\u00e7\u00e3o do montante.   <\/p><p>O credor pode igualmente contestar o n\u00edvel m\u00ednimo de subsist\u00eancia. Nestes casos, o credor pode alegar que o devedor forneceu informa\u00e7\u00f5es incorrectas ou incompletas sobre os seus rendimentos ou despesas ou que possui bens n\u00e3o declarados. A base jur\u00eddica para esta contesta\u00e7\u00e3o deve ser bem estabelecida e o credor deve apresentar provas suficientes para fundamentar o seu pedido. As provas de bens ocultos ou de propriedades n\u00e3o declaradas podem incluir extractos banc\u00e1rios, documentos fiscais ou outros materiais de apoio. Uma contesta\u00e7\u00e3o bem sucedida por parte do credor pode resultar numa revis\u00e3o do n\u00edvel m\u00ednimo de subsist\u00eancia fixado para o devedor.    <\/p><h2>Impactos sociais e econ\u00f3micos do n\u00edvel m\u00ednimo de subsist\u00eancia<\/h2><p>O m\u00ednimo vital desempenha um papel fundamental na prote\u00e7\u00e3o dos devedores contra a pobreza extrema. Ao garantir um n\u00edvel de vida b\u00e1sico, preserva a dignidade humana e evita que os devedores caiam na mis\u00e9ria total. Permite tamb\u00e9m a reabilita\u00e7\u00e3o financeira do devedor, permitindo-lhe dispor de recursos suficientes para procurar emprego, seguir uma forma\u00e7\u00e3o ou criar uma empresa. Por conseguinte, o n\u00edvel m\u00ednimo de subsist\u00eancia funciona como uma t\u00e1bua de salva\u00e7\u00e3o para os devedores, permitindo-lhes continuar a ser membros activos e produtivos da sociedade.   <\/p><p>Por outro lado, o n\u00edvel m\u00ednimo de subsist\u00eancia tamb\u00e9m influencia a capacidade do credor para cobrar d\u00edvidas. Ao estabelecer um limite para o que pode ser apreendido, protege os devedores, mas pode tamb\u00e9m restringir as op\u00e7\u00f5es dispon\u00edveis para os credores na cobran\u00e7a das suas d\u00edvidas. Isto pode, em alguns casos, tornar o processo de cobran\u00e7a mais longo e mais dispendioso. No entanto, o equil\u00edbrio da prote\u00e7\u00e3o do devedor \u00e9 uma preocupa\u00e7\u00e3o fundamental, que reflecte os princ\u00edpios de justi\u00e7a social subjacentes ao sistema jur\u00eddico su\u00ed\u00e7o.   <\/p><p>O conceito de n\u00edvel m\u00ednimo de subsist\u00eancia inscreve-se numa perspetiva econ\u00f3mica e social mais ampla. Contribui para a estabilidade econ\u00f3mica, evitando que os devedores caiam na pobreza e ajudando-os a manterem-se economicamente activos. Al\u00e9m disso, alinha o sistema jur\u00eddico su\u00ed\u00e7o com as normas internacionais de direitos humanos, garantindo que os devedores n\u00e3o sejam privados dos meios b\u00e1sicos de subsist\u00eancia, mesmo durante a cobran\u00e7a de d\u00edvidas. Assim, o n\u00edvel m\u00ednimo de subsist\u00eancia reflecte n\u00e3o s\u00f3 uma preocupa\u00e7\u00e3o jur\u00eddica e econ\u00f3mica, mas tamb\u00e9m um valor social e \u00e9tico profundamente enraizado na sociedade su\u00ed\u00e7a.   <\/p>\t\t\t\t\t\t\t\t<\/div>\n\t\t\t\t<\/div>\n\t\t\t\t\t<\/div>\n\t\t<\/div>\n\t\t\t\t\t<\/div>\n\t\t<\/section>\n\t\t\t\t<section class=\"elementor-section elementor-top-section elementor-element elementor-element-271318cd elementor-section-full_width elementor-section-height-min-height elementor-section-items-stretch elementor-section-content-middle elementor-section-height-default\" data-id=\"271318cd\" data-element_type=\"section\" data-e-type=\"section\" data-settings=\"{&quot;background_background&quot;:&quot;classic&quot;}\">\n\t\t\t\t\t\t<div class=\"elementor-container elementor-column-gap-no\">\n\t\t\t\t\t<div class=\"elementor-column elementor-col-50 elementor-top-column elementor-element elementor-element-60c7e6c1\" data-id=\"60c7e6c1\" data-element_type=\"column\" data-e-type=\"column\" data-settings=\"{&quot;background_background&quot;:&quot;classic&quot;}\">\n\t\t\t<div class=\"elementor-widget-wrap elementor-element-populated\">\n\t\t\t\t\t\t<div class=\"elementor-element elementor-element-3d957a99 elementor-widget elementor-widget-spacer\" data-id=\"3d957a99\" data-element_type=\"widget\" data-e-type=\"widget\" data-widget_type=\"spacer.default\">\n\t\t\t\t<div class=\"elementor-widget-container\">\n\t\t\t\t\t\t\t<div class=\"elementor-spacer\">\n\t\t\t<div class=\"elementor-spacer-inner\"><\/div>\n\t\t<\/div>\n\t\t\t\t\t\t<\/div>\n\t\t\t\t<\/div>\n\t\t\t\t\t<\/div>\n\t\t<\/div>\n\t\t\t\t<div class=\"elementor-column elementor-col-50 elementor-top-column elementor-element elementor-element-459407d7\" data-id=\"459407d7\" data-element_type=\"column\" data-e-type=\"column\" data-settings=\"{&quot;background_background&quot;:&quot;classic&quot;}\">\n\t\t\t<div class=\"elementor-widget-wrap elementor-element-populated\">\n\t\t\t\t\t\t<div class=\"elementor-element elementor-element-2a74b72b elementor-widget elementor-widget-heading\" data-id=\"2a74b72b\" data-element_type=\"widget\" data-e-type=\"widget\" data-widget_type=\"heading.default\">\n\t\t\t\t<div class=\"elementor-widget-container\">\n\t\t\t\t\t<p class=\"elementor-heading-title elementor-size-default\">Consulta inicial  <\/p>\t\t\t\t<\/div>\n\t\t\t\t<\/div>\n\t\t\t\t<div class=\"elementor-element elementor-element-63fea5ee elementor-widget elementor-widget-heading\" data-id=\"63fea5ee\" data-element_type=\"widget\" data-e-type=\"widget\" data-widget_type=\"heading.default\">\n\t\t\t\t<div class=\"elementor-widget-container\">\n\t\t\t\t\t<p class=\"elementor-heading-title elementor-size-default\">de 60 min a CHF 220.00<\/p>\t\t\t\t<\/div>\n\t\t\t\t<\/div>\n\t\t\t\t<div class=\"elementor-element elementor-element-228bf6e1 elementor-widget elementor-widget-text-editor\" data-id=\"228bf6e1\" data-element_type=\"widget\" data-e-type=\"widget\" data-widget_type=\"text-editor.default\">\n\t\t\t\t<div class=\"elementor-widget-container\">\n\t\t\t\t\t\t\t\t\tDiscute a tua situa\u00e7\u00e3o com um advogado especializado na Su\u00ed\u00e7a.\n\t\t\t\t\t\t\t\t<\/div>\n\t\t\t\t<\/div>\n\t\t\t\t<div class=\"elementor-element elementor-element-5705b857 elementor-widget-divider--view-line elementor-widget elementor-widget-divider\" data-id=\"5705b857\" data-element_type=\"widget\" data-e-type=\"widget\" data-widget_type=\"divider.default\">\n\t\t\t\t<div class=\"elementor-widget-container\">\n\t\t\t\t\t\t\t<div class=\"elementor-divider\">\n\t\t\t<span class=\"elementor-divider-separator\">\n\t\t\t\t\t\t<\/span>\n\t\t<\/div>\n\t\t\t\t\t\t<\/div>\n\t\t\t\t<\/div>\n\t\t\t\t<div class=\"elementor-element elementor-element-410950b6 elementor-widget elementor-widget-text-editor\" data-id=\"410950b6\" data-element_type=\"widget\" data-e-type=\"widget\" data-widget_type=\"text-editor.default\">\n\t\t\t\t<div class=\"elementor-widget-container\">\n\t\t\t\t\t\t\t\t\t<p>Procuras apenas uma marca\u00e7\u00e3o para fazer algumas perguntas?<br>N\u00e3o tens a certeza sobre os procedimentos que pretendes efetuar?<br>A tua situa\u00e7\u00e3o n\u00e3o \u00e9 clara?<\/p><p><strong>Opta por uma primeira consulta com um advogado em Genebra.<\/strong><\/p><p>Decidir\u00e1s ent\u00e3o se queres prosseguir e os nossos advogados indicar-te-\u00e3o o custo do processo em fun\u00e7\u00e3o do teu caso. Marca\u00e7\u00e3o de consultas presenciais ou por videoconfer\u00eancia. <strong><br><\/strong><\/p>\t\t\t\t\t\t\t\t<\/div>\n\t\t\t\t<\/div>\n\t\t\t\t<div class=\"elementor-element elementor-element-78037985 elementor-align-center elementor-widget elementor-widget-button\" data-id=\"78037985\" data-element_type=\"widget\" data-e-type=\"widget\" data-widget_type=\"button.default\">\n\t\t\t\t<div class=\"elementor-widget-container\">\n\t\t\t\t\t\t\t\t\t<div class=\"elementor-button-wrapper\">\n\t\t\t\t\t<a class=\"elementor-button elementor-button-link elementor-size-sm\" href=\"https:\/\/www.geneva-lawyers.com\/pt-pt\/contacto\/\">\n\t\t\t\t\t\t<span class=\"elementor-button-content-wrapper\">\n\t\t\t\t\t\t\t\t\t<span class=\"elementor-button-text\">Marca uma consulta com um advogado<\/span>\n\t\t\t\t\t<\/span>\n\t\t\t\t\t<\/a>\n\t\t\t\t<\/div>\n\t\t\t\t\t\t\t\t<\/div>\n\t\t\t\t<\/div>\n\t\t\t\t\t<\/div>\n\t\t<\/div>\n\t\t\t\t\t<\/div>\n\t\t<\/section>\n\t\t\t\t<\/div>\n\t\t","protected":false},"excerpt":{"rendered":"<p>Marca uma consulta com um advogado N\u00edvel m\u00ednimo de subsist\u00eancia na cobran\u00e7a de d\u00edvidas na Su\u00ed\u00e7a O m\u00ednimo vital, no \u00e2mbito do direito su\u00ed\u00e7o de cobran\u00e7a de d\u00edvidas, \u00e9 um conceito-chave que visa garantir um n\u00edvel de vida decente ao devedor, equilibrando os interesses do credor. Representa uma quantia inalien\u00e1vel de dinheiro que o devedor &#8230; <a title=\"N\u00edvel m\u00ednimo de subsist\u00eancia na cobran\u00e7a de d\u00edvidas\" class=\"read-more\" href=\"https:\/\/www.geneva-lawyers.com\/pt-pt\/nivel-minimo-subsistencia-cobranca-dividas\/\" aria-label=\"Leia mais sobre N\u00edvel m\u00ednimo de subsist\u00eancia na cobran\u00e7a de d\u00edvidas\">Ler mais<\/a><\/p>\n","protected":false},"author":1,"featured_media":0,"parent":0,"menu_order":0,"comment_status":"closed","ping_status":"closed","template":"elementor_header_footer","meta":{"_acf_changed":false,"_seopress_robots_primary_cat":"","_seopress_titles_title":"","_seopress_titles_desc":"","_seopress_robots_index":"","footnotes":""},"class_list":["post-32316","page","type-page","status-publish"],"acf":[],"_links":{"self":[{"href":"https:\/\/www.geneva-lawyers.com\/pt-pt\/wp-json\/wp\/v2\/pages\/32316","targetHints":{"allow":["GET"]}}],"collection":[{"href":"https:\/\/www.geneva-lawyers.com\/pt-pt\/wp-json\/wp\/v2\/pages"}],"about":[{"href":"https:\/\/www.geneva-lawyers.com\/pt-pt\/wp-json\/wp\/v2\/types\/page"}],"author":[{"embeddable":true,"href":"https:\/\/www.geneva-lawyers.com\/pt-pt\/wp-json\/wp\/v2\/users\/1"}],"replies":[{"embeddable":true,"href":"https:\/\/www.geneva-lawyers.com\/pt-pt\/wp-json\/wp\/v2\/comments?post=32316"}],"version-history":[{"count":6,"href":"https:\/\/www.geneva-lawyers.com\/pt-pt\/wp-json\/wp\/v2\/pages\/32316\/revisions"}],"predecessor-version":[{"id":33954,"href":"https:\/\/www.geneva-lawyers.com\/pt-pt\/wp-json\/wp\/v2\/pages\/32316\/revisions\/33954"}],"wp:attachment":[{"href":"https:\/\/www.geneva-lawyers.com\/pt-pt\/wp-json\/wp\/v2\/media?parent=32316"}],"curies":[{"name":"wp","href":"https:\/\/api.w.org\/{rel}","templated":true}]}}