{"id":32318,"date":"2024-05-23T16:26:04","date_gmt":"2024-05-23T14:26:04","guid":{"rendered":"https:\/\/www.geneva-lawyers.com\/programa-via-sicura\/"},"modified":"2025-04-14T14:43:55","modified_gmt":"2025-04-14T12:43:55","slug":"programa-via-sicura","status":"publish","type":"page","link":"https:\/\/www.geneva-lawyers.com\/pt-pt\/programa-via-sicura\/","title":{"rendered":"Programa Via Sicura"},"content":{"rendered":"\t\t<div data-elementor-type=\"wp-page\" data-elementor-id=\"32318\" class=\"elementor elementor-32318 elementor-29406\" data-elementor-post-type=\"page\">\n\t\t\t\t\t\t<section class=\"elementor-section elementor-top-section elementor-element elementor-element-4a325896 elementor-section-boxed elementor-section-height-default elementor-section-height-default\" data-id=\"4a325896\" data-element_type=\"section\" data-e-type=\"section\" data-settings=\"{&quot;background_background&quot;:&quot;classic&quot;}\">\n\t\t\t\t\t\t\t<div class=\"elementor-background-overlay\"><\/div>\n\t\t\t\t\t\t\t<div class=\"elementor-container elementor-column-gap-default\">\n\t\t\t\t\t<div class=\"elementor-column elementor-col-100 elementor-top-column elementor-element elementor-element-c7452d1\" data-id=\"c7452d1\" data-element_type=\"column\" data-e-type=\"column\">\n\t\t\t<div class=\"elementor-widget-wrap elementor-element-populated\">\n\t\t\t\t\t\t<div class=\"elementor-element elementor-element-161ebe8e elementor-widget-divider--view-line elementor-widget elementor-widget-divider\" data-id=\"161ebe8e\" data-element_type=\"widget\" data-e-type=\"widget\" data-widget_type=\"divider.default\">\n\t\t\t\t<div class=\"elementor-widget-container\">\n\t\t\t\t\t\t\t<div class=\"elementor-divider\">\n\t\t\t<span class=\"elementor-divider-separator\">\n\t\t\t\t\t\t<\/span>\n\t\t<\/div>\n\t\t\t\t\t\t<\/div>\n\t\t\t\t<\/div>\n\t\t\t\t<div class=\"elementor-element elementor-element-6698041f elementor-align-center elementor-widget elementor-widget-button\" data-id=\"6698041f\" data-element_type=\"widget\" data-e-type=\"widget\" data-widget_type=\"button.default\">\n\t\t\t\t<div class=\"elementor-widget-container\">\n\t\t\t\t\t\t\t\t\t<div class=\"elementor-button-wrapper\">\n\t\t\t\t\t<a class=\"elementor-button elementor-button-link elementor-size-sm\" href=\"https:\/\/www.geneva-lawyers.com\/pt-pt\/contacto\/\">\n\t\t\t\t\t\t<span class=\"elementor-button-content-wrapper\">\n\t\t\t\t\t\t\t\t\t<span class=\"elementor-button-text\">Marca uma consulta com um advogado<\/span>\n\t\t\t\t\t<\/span>\n\t\t\t\t\t<\/a>\n\t\t\t\t<\/div>\n\t\t\t\t\t\t\t\t<\/div>\n\t\t\t\t<\/div>\n\t\t\t\t\t<\/div>\n\t\t<\/div>\n\t\t\t\t\t<\/div>\n\t\t<\/section>\n\t\t\t\t<section class=\"elementor-section elementor-top-section elementor-element elementor-element-7f28c66a elementor-section-boxed elementor-section-height-default elementor-section-height-default\" data-id=\"7f28c66a\" data-element_type=\"section\" data-e-type=\"section\">\n\t\t\t\t\t\t<div class=\"elementor-container elementor-column-gap-default\">\n\t\t\t\t\t<div class=\"elementor-column elementor-col-100 elementor-top-column elementor-element elementor-element-73c2200c\" data-id=\"73c2200c\" data-element_type=\"column\" data-e-type=\"column\">\n\t\t\t<div class=\"elementor-widget-wrap elementor-element-populated\">\n\t\t\t\t\t\t<div class=\"elementor-element elementor-element-379b64e8 elementor-widget elementor-widget-heading\" data-id=\"379b64e8\" data-element_type=\"widget\" data-e-type=\"widget\" data-widget_type=\"heading.default\">\n\t\t\t\t<div class=\"elementor-widget-container\">\n\t\t\t\t\t<h2 class=\"elementor-heading-title elementor-size-default\">O programa Via Sicura<\/h2>\t\t\t\t<\/div>\n\t\t\t\t<\/div>\n\t\t\t\t<div class=\"elementor-element elementor-element-7e4202cf elementor-widget-divider--view-line elementor-widget elementor-widget-divider\" data-id=\"7e4202cf\" data-element_type=\"widget\" data-e-type=\"widget\" data-widget_type=\"divider.default\">\n\t\t\t\t<div class=\"elementor-widget-container\">\n\t\t\t\t\t\t\t<div class=\"elementor-divider\">\n\t\t\t<span class=\"elementor-divider-separator\">\n\t\t\t\t\t\t<\/span>\n\t\t<\/div>\n\t\t\t\t\t\t<\/div>\n\t\t\t\t<\/div>\n\t\t\t\t<div class=\"elementor-element elementor-element-79c095c8 elementor-widget elementor-widget-text-editor\" data-id=\"79c095c8\" data-element_type=\"widget\" data-e-type=\"widget\" data-widget_type=\"text-editor.default\">\n\t\t\t\t<div class=\"elementor-widget-container\">\n\t\t\t\t\t\t\t\t\t<p>A Via Sicura \u00e9 um programa de seguran\u00e7a rodovi\u00e1ria abrangente e ambicioso implementado na Su\u00ed\u00e7a, lan\u00e7ado ao abrigo da Lei Federal de Tr\u00e1fego Rodovi\u00e1rio (RTA). Iniciado pelo Departamento Federal de Estradas (FEDRO), com o apoio ativo do governo su\u00ed\u00e7o e a colabora\u00e7\u00e3o de v\u00e1rias autoridades cantonais, comunais e organiza\u00e7\u00f5es de seguran\u00e7a rodovi\u00e1ria, o programa aborda as crescentes preocupa\u00e7\u00f5es com acidentes rodovi\u00e1rios, ferimentos graves e mortes. <\/p><p>Apesar dos bons resultados da Su\u00ed\u00e7a em mat\u00e9ria de seguran\u00e7a rodovi\u00e1ria na Europa, as estat\u00edsticas revelaram uma estagna\u00e7\u00e3o ou um ligeiro aumento em determinadas categorias de acidentes. Isto levou \u00e0 constata\u00e7\u00e3o de que eram necess\u00e1rias novas medidas para manter e melhorar a seguran\u00e7a rodovi\u00e1ria. <\/p><p>Lan\u00e7ado em 2013, o Via Sicura inclui medidas legislativas, educativas e tecnol\u00f3gicas destinadas a reduzir significativamente os acidentes rodovi\u00e1rios fatais e graves na Su\u00ed\u00e7a. O programa foi desenvolvido com base numa an\u00e1lise detalhada das causas e dos factores que contribuem para os acidentes rodovi\u00e1rios, abordando estas quest\u00f5es de forma sistem\u00e1tica e coordenada. <\/p><p>A Via Sicura \u00e9 guiada pela cren\u00e7a de que a seguran\u00e7a rodovi\u00e1ria envolve mais do que apenas regulamenta\u00e7\u00e3o e fiscaliza\u00e7\u00e3o; requer uma abordagem multifacetada. O programa reconhece que a responsabilidade pela seguran\u00e7a rodovi\u00e1ria \u00e9 partilhada entre condutores, autoridades, planeadores e engenheiros, esfor\u00e7ando-se por criar uma cultura de seguran\u00e7a rodovi\u00e1ria que envolva todas as partes interessadas. <\/p><h2>Objectivos e princ\u00edpios da Via Sicura<\/h2><p>A Via Sicura tem por objetivo transformar radicalmente a seguran\u00e7a rodovi\u00e1ria na Su\u00ed\u00e7a. A sua implementa\u00e7\u00e3o segue v\u00e1rios princ\u00edpios e objectivos fundamentais: <\/p><ol><li><p><strong>Reduzir as mortes e os ferimentos graves:<\/strong> Um dos principais objectivos \u00e9 reduzir drasticamente o n\u00famero de mortes e ferimentos graves nas estradas su\u00ed\u00e7as. Embora a Su\u00ed\u00e7a j\u00e1 tivesse um bom registo de seguran\u00e7a rodovi\u00e1ria, o governo pretendia diminuir ainda mais os acidentes e as mortes, especialmente os causados por excesso de velocidade, condu\u00e7\u00e3o sob o efeito do \u00e1lcool e outros comportamentos perigosos. <\/p><\/li><li><p><strong>Melhoria da legisla\u00e7\u00e3o:<\/strong> A Via Sicura concentra-se em melhorar e alargar a legisla\u00e7\u00e3o existente. O RTA foi alterado para refor\u00e7ar as san\u00e7\u00f5es em caso de infrac\u00e7\u00f5es graves e introduzir novas medidas de seguran\u00e7a. Estas incluem san\u00e7\u00f5es mais severas para a condu\u00e7\u00e3o sob o efeito do \u00e1lcool, limites de velocidade mais rigorosos em determinadas zonas e uma maior responsabiliza\u00e7\u00e3o dos condutores profissionais.  <\/p><\/li><li><p><strong>Inovar a tecnologia e a infraestrutura de tr\u00e1fego:<\/strong> O programa promove avan\u00e7os tecnol\u00f3gicos na monitoriza\u00e7\u00e3o do tr\u00e1fego, no controlo da velocidade e no comportamento de condu\u00e7\u00e3o, bem como investimentos em infra-estruturas rodovi\u00e1rias para tornar as estradas e os cruzamentos mais seguros. A colabora\u00e7\u00e3o com fabricantes de ve\u00edculos, autoridades reguladoras e especialistas em seguran\u00e7a \u00e9 incentivada para integrar tecnologias avan\u00e7adas em novos ve\u00edculos. <\/p><\/li><li><p><strong>Educa\u00e7\u00e3o e sensibiliza\u00e7\u00e3o:<\/strong> Reconhecendo que a legisla\u00e7\u00e3o e a tecnologia, por si s\u00f3, n\u00e3o conseguem alcan\u00e7ar a seguran\u00e7a rodovi\u00e1ria, a Via Sicura inclui extensas campanhas de sensibiliza\u00e7\u00e3o para informar o p\u00fablico sobre os perigos da condu\u00e7\u00e3o imprudente e a import\u00e2ncia da seguran\u00e7a rodovi\u00e1ria. O programa visa educar os condutores sobre os riscos e as consequ\u00eancias das suas ac\u00e7\u00f5es, promovendo uma cultura de seguran\u00e7a rodovi\u00e1ria e de responsabilidade individual. <\/p><\/li><\/ol><h2>Principais medidas da Via Sicura<\/h2><p>A Via Sicura introduziu um conjunto abrangente de medidas em v\u00e1rios dom\u00ednios, cada uma delas contribuindo para diferentes aspectos da seguran\u00e7a rodovi\u00e1ria:<\/p><ol><li><p><strong>San\u00e7\u00f5es mais rigorosas para infrac\u00e7\u00f5es graves:<\/strong> O programa imp\u00f4s san\u00e7\u00f5es mais severas para infrac\u00e7\u00f5es graves, como condu\u00e7\u00e3o em estado de embriaguez, excesso de velocidade e condu\u00e7\u00e3o imprudente. Inclui multas mais elevadas e a possibilidade de pris\u00e3o para os infractores reincidentes e para os que cometem infrac\u00e7\u00f5es particularmente graves, com o objetivo de dissuadir comportamentos de risco. <\/p><\/li><li><p><strong>Revoga\u00e7\u00e3o mais f\u00e1cil e mais r\u00e1pida da carta de condu\u00e7\u00e3o:<\/strong> O programa tornou mais f\u00e1cil e r\u00e1pida a revoga\u00e7\u00e3o de cartas de condu\u00e7\u00e3o por comportamentos perigosos. A suspens\u00e3o da carta de condu\u00e7\u00e3o pode agora ser aplicada de forma mais r\u00e1pida e em mais situa\u00e7\u00f5es, com mecanismos que garantem que os condutores cujas cartas de condu\u00e7\u00e3o s\u00e3o revogadas n\u00e3o podem continuar a conduzir ilegalmente. O objetivo \u00e9 retirar das estradas os condutores perigosos e garantir uma reavalia\u00e7\u00e3o adequada antes de poderem voltar a conduzir.  <\/p><\/li><li><p><strong>Refor\u00e7o dos requisitos de forma\u00e7\u00e3o dos condutores:<\/strong> A Via Sicura refor\u00e7ou os requisitos de forma\u00e7\u00e3o dos condutores, incluindo cursos obrigat\u00f3rios alargados para os novos condutores, com avalia\u00e7\u00f5es mais rigorosas das suas compet\u00eancias e compreens\u00e3o das regras rodovi\u00e1rias. Os cursos de forma\u00e7\u00e3o cont\u00ednua s\u00e3o tamb\u00e9m encorajados, com incentivos para que os condutores mantenham as suas compet\u00eancias e conhecimentos de seguran\u00e7a rodovi\u00e1ria actualizados. <\/p><\/li><li><p><strong>Aumento dos controlos e da vigil\u00e2ncia do tr\u00e1fego:<\/strong> O programa forneceu recursos adicionais \u00e0s for\u00e7as policiais para aumentar a frequ\u00eancia e a efic\u00e1cia dos controlos de tr\u00e2nsito, concentrando-se em comportamentos de alto risco, como a condu\u00e7\u00e3o sob o efeito do \u00e1lcool e o excesso de velocidade. A utiliza\u00e7\u00e3o da tecnologia, como os radares de velocidade e a vigil\u00e2ncia, foi alargada para garantir uma aplica\u00e7\u00e3o coerente e imparcial da lei. <\/p><\/li><li><p><strong>Investimentos em infra-estruturas rodovi\u00e1rias:<\/strong> Foram feitos investimentos significativos para melhorar a infraestrutura de seguran\u00e7a rodovi\u00e1ria, incluindo melhor ilumina\u00e7\u00e3o, sinaliza\u00e7\u00e3o e cruzamentos, bem como projectos rodovi\u00e1rios que incentivam uma condu\u00e7\u00e3o segura. A colabora\u00e7\u00e3o com urbanistas e engenheiros de transportes tem sido crucial para criar um ambiente rodovi\u00e1rio que apoie ativamente a seguran\u00e7a. <\/p><\/li><\/ol><h2>Impacto da Via Sicura<\/h2><p>A Via Sicura tem tido um impacto significativo e multifacetado na seguran\u00e7a rodovi\u00e1ria na Su\u00ed\u00e7a desde o seu lan\u00e7amento. O programa reduziu notavelmente o n\u00famero de acidentes graves e fatais ao enfatizar uma legisla\u00e7\u00e3o mais rigorosa, educa\u00e7\u00e3o e tecnologias avan\u00e7adas. <\/p><ol><li><p><strong>Mudan\u00e7a de comportamento dos condutores:<\/strong> As san\u00e7\u00f5es mais severas para as infrac\u00e7\u00f5es graves comunicaram claramente que a condu\u00e7\u00e3o imprudente n\u00e3o ser\u00e1 tolerada, contribuindo para uma cultura de maior responsabilidade e ades\u00e3o \u00e0s regras rodovi\u00e1rias.<\/p><\/li><li><p><strong>Melhoria da forma\u00e7\u00e3o dos condutores:<\/strong> Requisitos de forma\u00e7\u00e3o mais rigorosos para os novos condutores e uma \u00eanfase na forma\u00e7\u00e3o cont\u00ednua para os condutores experientes melhoraram a compet\u00eancia geral dos condutores e a sua sensibiliza\u00e7\u00e3o para a seguran\u00e7a rodovi\u00e1ria, promovendo uma condu\u00e7\u00e3o mais segura e respons\u00e1vel.<\/p><\/li><li><p><strong>Evolu\u00e7\u00e3o positiva das infra-estruturas:<\/strong> Os investimentos na melhoria das infra-estruturas rodovi\u00e1rias criaram um ambiente de condu\u00e7\u00e3o mais seguro. A melhoria da ilumina\u00e7\u00e3o, da sinaliza\u00e7\u00e3o e do desenho das estradas teve um impacto duradouro na seguran\u00e7a rodovi\u00e1ria, beneficiando toda a comunidade. <\/p><\/li><li><p><strong>Influ\u00eancia internacional:<\/strong> A Via Sicura tem sido reconhecida como um exemplo de boas pr\u00e1ticas em mat\u00e9ria de seguran\u00e7a rodovi\u00e1ria, influenciando a legisla\u00e7\u00e3o e a pol\u00edtica noutros pa\u00edses europeus. A abordagem abrangente e coordenada da Su\u00ed\u00e7a tem sido vista como um modelo de integra\u00e7\u00e3o de legisla\u00e7\u00e3o, tecnologia, educa\u00e7\u00e3o e infra-estruturas para melhorar a seguran\u00e7a rodovi\u00e1ria. <\/p><\/li><\/ol><p>Embora a Via Sicura tenha enfrentado algumas cr\u00edticas &#8211; tais como preocupa\u00e7\u00f5es sobre a proporcionalidade do aumento das san\u00e7\u00f5es e o foco na tecnologia e na infraestrutura, potencialmente negligenciando os aspectos humanos e comportamentais &#8211; o programa, no entanto, alcan\u00e7ou seus principais objetivos. Ao promover uma abordagem multifacetada que inclui legisla\u00e7\u00e3o mais rigorosa, inova\u00e7\u00e3o tecnol\u00f3gica e educa\u00e7\u00e3o p\u00fablica, a Via Sicura melhorou significativamente a seguran\u00e7a rodovi\u00e1ria na Su\u00ed\u00e7a e serve de refer\u00eancia para outros pa\u00edses que pretendem melhorar os seus registos de seguran\u00e7a rodovi\u00e1ria. <\/p>\t\t\t\t\t\t\t\t<\/div>\n\t\t\t\t<\/div>\n\t\t\t\t\t<\/div>\n\t\t<\/div>\n\t\t\t\t\t<\/div>\n\t\t<\/section>\n\t\t\t\t<section class=\"elementor-section elementor-top-section elementor-element elementor-element-75d1883e elementor-section-full_width elementor-section-height-min-height elementor-section-items-stretch elementor-section-content-middle elementor-section-height-default\" data-id=\"75d1883e\" data-element_type=\"section\" data-e-type=\"section\" data-settings=\"{&quot;background_background&quot;:&quot;classic&quot;}\">\n\t\t\t\t\t\t<div class=\"elementor-container elementor-column-gap-no\">\n\t\t\t\t\t<div class=\"elementor-column elementor-col-50 elementor-top-column elementor-element elementor-element-2710ea62\" data-id=\"2710ea62\" data-element_type=\"column\" data-e-type=\"column\" data-settings=\"{&quot;background_background&quot;:&quot;classic&quot;}\">\n\t\t\t<div class=\"elementor-widget-wrap elementor-element-populated\">\n\t\t\t\t\t\t<div class=\"elementor-element elementor-element-25071c37 elementor-widget elementor-widget-spacer\" data-id=\"25071c37\" data-element_type=\"widget\" data-e-type=\"widget\" data-widget_type=\"spacer.default\">\n\t\t\t\t<div class=\"elementor-widget-container\">\n\t\t\t\t\t\t\t<div class=\"elementor-spacer\">\n\t\t\t<div class=\"elementor-spacer-inner\"><\/div>\n\t\t<\/div>\n\t\t\t\t\t\t<\/div>\n\t\t\t\t<\/div>\n\t\t\t\t\t<\/div>\n\t\t<\/div>\n\t\t\t\t<div class=\"elementor-column elementor-col-50 elementor-top-column elementor-element elementor-element-545d5d5c\" data-id=\"545d5d5c\" data-element_type=\"column\" data-e-type=\"column\" data-settings=\"{&quot;background_background&quot;:&quot;classic&quot;}\">\n\t\t\t<div class=\"elementor-widget-wrap elementor-element-populated\">\n\t\t\t\t\t\t<div class=\"elementor-element elementor-element-5546a939 elementor-widget elementor-widget-heading\" data-id=\"5546a939\" data-element_type=\"widget\" data-e-type=\"widget\" data-widget_type=\"heading.default\">\n\t\t\t\t<div class=\"elementor-widget-container\">\n\t\t\t\t\t<p class=\"elementor-heading-title elementor-size-default\">Consulta inicial  <\/p>\t\t\t\t<\/div>\n\t\t\t\t<\/div>\n\t\t\t\t<div class=\"elementor-element elementor-element-636a62e2 elementor-widget elementor-widget-heading\" data-id=\"636a62e2\" data-element_type=\"widget\" data-e-type=\"widget\" data-widget_type=\"heading.default\">\n\t\t\t\t<div class=\"elementor-widget-container\">\n\t\t\t\t\t<p class=\"elementor-heading-title elementor-size-default\">de 60 min a CHF 220.00<\/p>\t\t\t\t<\/div>\n\t\t\t\t<\/div>\n\t\t\t\t<div class=\"elementor-element elementor-element-17ccd555 elementor-widget elementor-widget-text-editor\" data-id=\"17ccd555\" data-element_type=\"widget\" data-e-type=\"widget\" data-widget_type=\"text-editor.default\">\n\t\t\t\t<div class=\"elementor-widget-container\">\n\t\t\t\t\t\t\t\t\tDiscute a tua situa\u00e7\u00e3o com um advogado especializado na Su\u00ed\u00e7a.\n\t\t\t\t\t\t\t\t<\/div>\n\t\t\t\t<\/div>\n\t\t\t\t<div class=\"elementor-element elementor-element-296e4d6a elementor-widget-divider--view-line elementor-widget elementor-widget-divider\" data-id=\"296e4d6a\" data-element_type=\"widget\" data-e-type=\"widget\" data-widget_type=\"divider.default\">\n\t\t\t\t<div class=\"elementor-widget-container\">\n\t\t\t\t\t\t\t<div class=\"elementor-divider\">\n\t\t\t<span class=\"elementor-divider-separator\">\n\t\t\t\t\t\t<\/span>\n\t\t<\/div>\n\t\t\t\t\t\t<\/div>\n\t\t\t\t<\/div>\n\t\t\t\t<div class=\"elementor-element elementor-element-5f8ead65 elementor-widget elementor-widget-text-editor\" data-id=\"5f8ead65\" data-element_type=\"widget\" data-e-type=\"widget\" data-widget_type=\"text-editor.default\">\n\t\t\t\t<div class=\"elementor-widget-container\">\n\t\t\t\t\t\t\t\t\t<p>Procuras apenas uma marca\u00e7\u00e3o para fazer algumas perguntas?<br>N\u00e3o tens a certeza sobre os procedimentos que pretendes efetuar?<br>A tua situa\u00e7\u00e3o n\u00e3o \u00e9 clara?<\/p><p><strong>Opta por uma primeira consulta com um advogado em Genebra.<\/strong><\/p><p>Decidir\u00e1s ent\u00e3o se queres prosseguir e os nossos advogados indicar-te-\u00e3o o custo do processo em fun\u00e7\u00e3o do teu caso. Marca\u00e7\u00e3o de consultas presenciais ou por videoconfer\u00eancia. <strong><br><\/strong><\/p>\t\t\t\t\t\t\t\t<\/div>\n\t\t\t\t<\/div>\n\t\t\t\t<div class=\"elementor-element elementor-element-39c1ec5d elementor-align-center elementor-widget elementor-widget-button\" data-id=\"39c1ec5d\" data-element_type=\"widget\" data-e-type=\"widget\" data-widget_type=\"button.default\">\n\t\t\t\t<div class=\"elementor-widget-container\">\n\t\t\t\t\t\t\t\t\t<div class=\"elementor-button-wrapper\">\n\t\t\t\t\t<a class=\"elementor-button elementor-button-link elementor-size-sm\" href=\"https:\/\/www.geneva-lawyers.com\/pt-pt\/contacto\/\">\n\t\t\t\t\t\t<span class=\"elementor-button-content-wrapper\">\n\t\t\t\t\t\t\t\t\t<span class=\"elementor-button-text\">Marca uma consulta com um advogado<\/span>\n\t\t\t\t\t<\/span>\n\t\t\t\t\t<\/a>\n\t\t\t\t<\/div>\n\t\t\t\t\t\t\t\t<\/div>\n\t\t\t\t<\/div>\n\t\t\t\t\t<\/div>\n\t\t<\/div>\n\t\t\t\t\t<\/div>\n\t\t<\/section>\n\t\t\t\t<\/div>\n\t\t","protected":false},"excerpt":{"rendered":"<p>Marca uma consulta com um advogado O programa Via Sicura A Via Sicura \u00e9 um programa de seguran\u00e7a rodovi\u00e1ria abrangente e ambicioso implementado na Su\u00ed\u00e7a, lan\u00e7ado ao abrigo da Lei Federal de Tr\u00e1fego Rodovi\u00e1rio (RTA). Iniciado pelo Departamento Federal de Estradas (FEDRO), com o apoio ativo do governo su\u00ed\u00e7o e a colabora\u00e7\u00e3o de v\u00e1rias autoridades &#8230; <a title=\"Programa Via Sicura\" class=\"read-more\" href=\"https:\/\/www.geneva-lawyers.com\/pt-pt\/programa-via-sicura\/\" aria-label=\"Leia mais sobre Programa Via Sicura\">Ler mais<\/a><\/p>\n","protected":false},"author":1,"featured_media":0,"parent":0,"menu_order":0,"comment_status":"closed","ping_status":"closed","template":"elementor_header_footer","meta":{"_acf_changed":false,"_seopress_robots_primary_cat":"","_seopress_titles_title":"","_seopress_titles_desc":"","_seopress_robots_index":"","footnotes":""},"class_list":["post-32318","page","type-page","status-publish"],"acf":[],"_links":{"self":[{"href":"https:\/\/www.geneva-lawyers.com\/pt-pt\/wp-json\/wp\/v2\/pages\/32318","targetHints":{"allow":["GET"]}}],"collection":[{"href":"https:\/\/www.geneva-lawyers.com\/pt-pt\/wp-json\/wp\/v2\/pages"}],"about":[{"href":"https:\/\/www.geneva-lawyers.com\/pt-pt\/wp-json\/wp\/v2\/types\/page"}],"author":[{"embeddable":true,"href":"https:\/\/www.geneva-lawyers.com\/pt-pt\/wp-json\/wp\/v2\/users\/1"}],"replies":[{"embeddable":true,"href":"https:\/\/www.geneva-lawyers.com\/pt-pt\/wp-json\/wp\/v2\/comments?post=32318"}],"version-history":[{"count":6,"href":"https:\/\/www.geneva-lawyers.com\/pt-pt\/wp-json\/wp\/v2\/pages\/32318\/revisions"}],"predecessor-version":[{"id":33728,"href":"https:\/\/www.geneva-lawyers.com\/pt-pt\/wp-json\/wp\/v2\/pages\/32318\/revisions\/33728"}],"wp:attachment":[{"href":"https:\/\/www.geneva-lawyers.com\/pt-pt\/wp-json\/wp\/v2\/media?parent=32318"}],"curies":[{"name":"wp","href":"https:\/\/api.w.org\/{rel}","templated":true}]}}