{"id":32332,"date":"2024-05-23T14:25:08","date_gmt":"2024-05-23T12:25:08","guid":{"rendered":"https:\/\/www.geneva-lawyers.com\/conduzir-sob-o-efeito-do-alcool-na-suica\/"},"modified":"2025-04-14T15:55:40","modified_gmt":"2025-04-14T13:55:40","slug":"conduzir-sob-efeito-alcool-suica","status":"publish","type":"page","link":"https:\/\/www.geneva-lawyers.com\/pt-pt\/conduzir-sob-efeito-alcool-suica\/","title":{"rendered":"Conduzir sob o efeito do \u00e1lcool na Su\u00ed\u00e7a"},"content":{"rendered":"\t\t<div data-elementor-type=\"wp-page\" data-elementor-id=\"32332\" class=\"elementor elementor-32332 elementor-29338\" data-elementor-post-type=\"page\">\n\t\t\t\t\t\t<section class=\"elementor-section elementor-top-section elementor-element elementor-element-79ace847 elementor-section-boxed elementor-section-height-default elementor-section-height-default\" data-id=\"79ace847\" data-element_type=\"section\" data-e-type=\"section\" data-settings=\"{&quot;background_background&quot;:&quot;classic&quot;}\">\n\t\t\t\t\t\t\t<div class=\"elementor-background-overlay\"><\/div>\n\t\t\t\t\t\t\t<div class=\"elementor-container elementor-column-gap-default\">\n\t\t\t\t\t<div class=\"elementor-column elementor-col-100 elementor-top-column elementor-element elementor-element-3f7e935c\" data-id=\"3f7e935c\" data-element_type=\"column\" data-e-type=\"column\">\n\t\t\t<div class=\"elementor-widget-wrap elementor-element-populated\">\n\t\t\t\t\t\t<div class=\"elementor-element elementor-element-e34e593 elementor-widget-divider--view-line elementor-widget elementor-widget-divider\" data-id=\"e34e593\" data-element_type=\"widget\" data-e-type=\"widget\" data-widget_type=\"divider.default\">\n\t\t\t\t<div class=\"elementor-widget-container\">\n\t\t\t\t\t\t\t<div class=\"elementor-divider\">\n\t\t\t<span class=\"elementor-divider-separator\">\n\t\t\t\t\t\t<\/span>\n\t\t<\/div>\n\t\t\t\t\t\t<\/div>\n\t\t\t\t<\/div>\n\t\t\t\t<div class=\"elementor-element elementor-element-1f6c4a51 elementor-align-center elementor-widget elementor-widget-button\" data-id=\"1f6c4a51\" data-element_type=\"widget\" data-e-type=\"widget\" data-widget_type=\"button.default\">\n\t\t\t\t<div class=\"elementor-widget-container\">\n\t\t\t\t\t\t\t\t\t<div class=\"elementor-button-wrapper\">\n\t\t\t\t\t<a class=\"elementor-button elementor-button-link elementor-size-sm\" href=\"https:\/\/www.geneva-lawyers.com\/pt-pt\/contacto\/\">\n\t\t\t\t\t\t<span class=\"elementor-button-content-wrapper\">\n\t\t\t\t\t\t\t\t\t<span class=\"elementor-button-text\">Marca uma consulta com um advogado<\/span>\n\t\t\t\t\t<\/span>\n\t\t\t\t\t<\/a>\n\t\t\t\t<\/div>\n\t\t\t\t\t\t\t\t<\/div>\n\t\t\t\t<\/div>\n\t\t\t\t\t<\/div>\n\t\t<\/div>\n\t\t\t\t\t<\/div>\n\t\t<\/section>\n\t\t\t\t<section class=\"elementor-section elementor-top-section elementor-element elementor-element-14d25c8 elementor-section-boxed elementor-section-height-default elementor-section-height-default\" data-id=\"14d25c8\" data-element_type=\"section\" data-e-type=\"section\">\n\t\t\t\t\t\t<div class=\"elementor-container elementor-column-gap-default\">\n\t\t\t\t\t<div class=\"elementor-column elementor-col-100 elementor-top-column elementor-element elementor-element-51f191c5\" data-id=\"51f191c5\" data-element_type=\"column\" data-e-type=\"column\">\n\t\t\t<div class=\"elementor-widget-wrap elementor-element-populated\">\n\t\t\t\t\t\t<div class=\"elementor-element elementor-element-1dc22767 elementor-widget elementor-widget-heading\" data-id=\"1dc22767\" data-element_type=\"widget\" data-e-type=\"widget\" data-widget_type=\"heading.default\">\n\t\t\t\t<div class=\"elementor-widget-container\">\n\t\t\t\t\t<h2 class=\"elementor-heading-title elementor-size-default\">Conduzir sob o efeito do \u00e1lcool na Su\u00ed\u00e7a<\/h2>\t\t\t\t<\/div>\n\t\t\t\t<\/div>\n\t\t\t\t<div class=\"elementor-element elementor-element-5dc5a267 elementor-widget-divider--view-line elementor-widget elementor-widget-divider\" data-id=\"5dc5a267\" data-element_type=\"widget\" data-e-type=\"widget\" data-widget_type=\"divider.default\">\n\t\t\t\t<div class=\"elementor-widget-container\">\n\t\t\t\t\t\t\t<div class=\"elementor-divider\">\n\t\t\t<span class=\"elementor-divider-separator\">\n\t\t\t\t\t\t<\/span>\n\t\t<\/div>\n\t\t\t\t\t\t<\/div>\n\t\t\t\t<\/div>\n\t\t\t\t<div class=\"elementor-element elementor-element-457680b8 elementor-widget elementor-widget-text-editor\" data-id=\"457680b8\" data-element_type=\"widget\" data-e-type=\"widget\" data-widget_type=\"text-editor.default\">\n\t\t\t\t<div class=\"elementor-widget-container\">\n\t\t\t\t\t\t\t\t\t<p>A condu\u00e7\u00e3o sob o efeito do \u00e1lcool constitui uma amea\u00e7a significativa para a seguran\u00e7a rodovi\u00e1ria na Su\u00ed\u00e7a. Mesmo pequenas quantidades de \u00e1lcool podem afetar a capacidade de condu\u00e7\u00e3o e provocar acidentes mortais. Os efeitos do \u00e1lcool incluem aten\u00e7\u00e3o reduzida, vis\u00e3o turva, tempos de rea\u00e7\u00e3o mais lentos, maior risco e fadiga. Na Su\u00ed\u00e7a, os limites legais de \u00e1lcool variam consoante a categoria do condutor:   <\/p><ul><li><strong>Toler\u00e2ncia zero (0,0 \u2030)<\/strong> para os condutores principiantes, os condutores profissionais e os instrutores de condu\u00e7\u00e3o.<\/li><li><strong>0,5 \u2030<\/strong> para condutores experientes.<\/li><\/ul><p>No entanto, os condutores com uma taxa de alcoolemia superior a 0,1 \u2030 podem ainda ser sancionados se forem considerados incapazes de conduzir. As infrac\u00e7\u00f5es \u00e0 legisla\u00e7\u00e3o sobre condu\u00e7\u00e3o sob o efeito do \u00e1lcool na Su\u00ed\u00e7a t\u00eam consequ\u00eancias legais graves, incluindo multas, suspens\u00e3o da carta de condu\u00e7\u00e3o e pris\u00e3o, dependendo da gravidade da infra\u00e7\u00e3o. Os condutores podem tamb\u00e9m ser responsabilizados por danos causados em acidentes.  <\/p><h2>Metabolismo do \u00e1lcool e condu\u00e7\u00e3o<\/h2><p>O \u00e1lcool \u00e9 eliminado lentamente do organismo, a um ritmo de 0,1 a 0,15 \u2030 por hora. Os rem\u00e9dios como o caf\u00e9 ou os pickles n\u00e3o aceleram este processo. Por conseguinte, \u00e9 aconselh\u00e1vel n\u00e3o consumir \u00e1lcool antes de conduzir. Compreender os perigos da condu\u00e7\u00e3o sob influ\u00eancia e as graves consequ\u00eancias legais na Su\u00ed\u00e7a \u00e9 essencial para todos os condutores. Respeitar os limites legais de \u00e1lcool e evitar conduzir depois de beber \u00e9 crucial para a seguran\u00e7a do condutor e dos outros utentes da estrada.    <\/p><h2>San\u00e7\u00f5es por condu\u00e7\u00e3o em estado de embriaguez na Su\u00ed\u00e7a<\/h2><p>Conduzir sob influ\u00eancia \u00e9 uma infra\u00e7\u00e3o grave na Su\u00ed\u00e7a, com penas que variam consoante a concentra\u00e7\u00e3o de \u00e1lcool no sangue (TAS) e a reincid\u00eancia. A lei define tr\u00eas n\u00edveis de gravidade: <\/p><ol><li><p>TAS <strong>de 0,5 a 0,79 \u2030<\/strong>:<\/p><ul><li>Multa elevada ou advert\u00eancia.<\/li><li>Reincid\u00eancia no prazo de dois anos ou pr\u00e1tica de outra infra\u00e7\u00e3o: suspens\u00e3o m\u00ednima de um m\u00eas da carta de condu\u00e7\u00e3o, multa ou san\u00e7\u00e3o pecuni\u00e1ria e at\u00e9 tr\u00eas anos de pris\u00e3o em casos graves.<\/li><\/ul><\/li><li><p>TAS <strong>igual ou superior a 0,8 \u2030<\/strong>:<\/p><ul><li>Apreens\u00e3o imediata da licen\u00e7a.<\/li><li>Suspens\u00e3o m\u00ednima de tr\u00eas meses da carta de condu\u00e7\u00e3o, multa ou san\u00e7\u00e3o pecuni\u00e1ria, e at\u00e9 tr\u00eas anos de pris\u00e3o, com ou sem liberdade condicional.<\/li><li>San\u00e7\u00f5es mais severas em caso de reincid\u00eancia, incluindo a suspens\u00e3o da carta de condu\u00e7\u00e3o por um per\u00edodo mais longo ou a revoga\u00e7\u00e3o por tempo indeterminado.<\/li><\/ul><\/li><li><p><strong>Condutores novos<\/strong>:<\/p><ul><li>Regulamentos mais rigorosos.<\/li><li>A primeira suspens\u00e3o da carta de condu\u00e7\u00e3o prolonga o per\u00edodo de est\u00e1gio por um ano, para al\u00e9m das san\u00e7\u00f5es normais.<\/li><li>Uma segunda suspens\u00e3o durante o per\u00edodo de est\u00e1gio implica a anula\u00e7\u00e3o da licen\u00e7a provis\u00f3ria.<\/li><\/ul><\/li><\/ol><h2>Consequ\u00eancias jur\u00eddicas e financeiras<\/h2><p>A condu\u00e7\u00e3o sob o efeito do \u00e1lcool pode ter repercuss\u00f5es legais e financeiras significativas. Para al\u00e9m das multas e da suspens\u00e3o da carta de condu\u00e7\u00e3o, os condutores podem ser respons\u00e1veis pelos danos causados por acidentes. As companhias de seguros podem recusar-se a cobrir os danos causados por infrac\u00e7\u00f5es graves, como a condu\u00e7\u00e3o sob o efeito do \u00e1lcool. Os custos adicionais podem incluir taxas legais e custas judiciais, o que pode ter consequ\u00eancias financeiras graves para o infrator.   <\/p><h2>Medidas preventivas<\/h2><p>A Su\u00ed\u00e7a implementou v\u00e1rias medidas para prevenir a condu\u00e7\u00e3o em estado de embriaguez:<\/p><ol><li><strong>Aumento do controlo rodovi\u00e1rio<\/strong>: A pol\u00edcia efectua testes de alcoolemia aleat\u00f3rios para detetar os n\u00edveis de \u00e1lcool dos condutores em qualquer altura.<\/li><li><strong>Campanhas de sensibiliza\u00e7\u00e3o<\/strong>: As campanhas p\u00fablicas educam os condutores sobre os perigos da condu\u00e7\u00e3o sob o efeito do \u00e1lcool e incentivam o cumprimento dos limites legais.<\/li><li><strong>Escolas de condu\u00e7\u00e3o<\/strong>: As escolas real\u00e7am a import\u00e2ncia de n\u00e3o conduzir sob o efeito do \u00e1lcool e ensinam pr\u00e1ticas de condu\u00e7\u00e3o seguras.<\/li><\/ol><p>Conduzir sob o efeito do \u00e1lcool \u00e9 uma infra\u00e7\u00e3o grave na Su\u00ed\u00e7a, com s\u00e9rias consequ\u00eancias legais e financeiras. Os limites legais de \u00e1lcool est\u00e3o claramente definidos e o seu cumprimento \u00e9 crucial para a seguran\u00e7a rodovi\u00e1ria. Medidas preventivas, incluindo controlos rodovi\u00e1rios, campanhas de sensibiliza\u00e7\u00e3o e educa\u00e7\u00e3o, ajudam a reduzir a incid\u00eancia da condu\u00e7\u00e3o sob o efeito do \u00e1lcool. O cumprimento destes limites \u00e9 essencial para proteger a vida dos condutores e dos outros utentes da estrada. O comportamento respons\u00e1vel e o respeito pelos limites legais de \u00e1lcool s\u00e3o imperativos para garantir a seguran\u00e7a nas estradas su\u00ed\u00e7as.    <\/p>\t\t\t\t\t\t\t\t<\/div>\n\t\t\t\t<\/div>\n\t\t\t\t\t<\/div>\n\t\t<\/div>\n\t\t\t\t\t<\/div>\n\t\t<\/section>\n\t\t\t\t<section class=\"elementor-section elementor-top-section elementor-element elementor-element-387c752a elementor-section-full_width elementor-section-height-min-height elementor-section-items-stretch elementor-section-content-middle elementor-section-height-default\" data-id=\"387c752a\" data-element_type=\"section\" data-e-type=\"section\" data-settings=\"{&quot;background_background&quot;:&quot;classic&quot;}\">\n\t\t\t\t\t\t<div class=\"elementor-container elementor-column-gap-no\">\n\t\t\t\t\t<div class=\"elementor-column elementor-col-50 elementor-top-column elementor-element elementor-element-4580cf79\" data-id=\"4580cf79\" data-element_type=\"column\" data-e-type=\"column\" data-settings=\"{&quot;background_background&quot;:&quot;classic&quot;}\">\n\t\t\t<div class=\"elementor-widget-wrap elementor-element-populated\">\n\t\t\t\t\t\t<div class=\"elementor-element elementor-element-53f1b2db elementor-widget elementor-widget-spacer\" data-id=\"53f1b2db\" data-element_type=\"widget\" data-e-type=\"widget\" data-widget_type=\"spacer.default\">\n\t\t\t\t<div class=\"elementor-widget-container\">\n\t\t\t\t\t\t\t<div class=\"elementor-spacer\">\n\t\t\t<div class=\"elementor-spacer-inner\"><\/div>\n\t\t<\/div>\n\t\t\t\t\t\t<\/div>\n\t\t\t\t<\/div>\n\t\t\t\t\t<\/div>\n\t\t<\/div>\n\t\t\t\t<div class=\"elementor-column elementor-col-50 elementor-top-column elementor-element elementor-element-737ccbf7\" data-id=\"737ccbf7\" data-element_type=\"column\" data-e-type=\"column\" data-settings=\"{&quot;background_background&quot;:&quot;classic&quot;}\">\n\t\t\t<div class=\"elementor-widget-wrap elementor-element-populated\">\n\t\t\t\t\t\t<div class=\"elementor-element elementor-element-28762d3b elementor-widget elementor-widget-heading\" data-id=\"28762d3b\" data-element_type=\"widget\" data-e-type=\"widget\" data-widget_type=\"heading.default\">\n\t\t\t\t<div class=\"elementor-widget-container\">\n\t\t\t\t\t<p class=\"elementor-heading-title elementor-size-default\">Consulta inicial  <\/p>\t\t\t\t<\/div>\n\t\t\t\t<\/div>\n\t\t\t\t<div class=\"elementor-element elementor-element-41424fb5 elementor-widget elementor-widget-heading\" data-id=\"41424fb5\" data-element_type=\"widget\" data-e-type=\"widget\" data-widget_type=\"heading.default\">\n\t\t\t\t<div class=\"elementor-widget-container\">\n\t\t\t\t\t<p class=\"elementor-heading-title elementor-size-default\">de 60 min a CHF 220.00<\/p>\t\t\t\t<\/div>\n\t\t\t\t<\/div>\n\t\t\t\t<div class=\"elementor-element elementor-element-38551c37 elementor-widget elementor-widget-text-editor\" data-id=\"38551c37\" data-element_type=\"widget\" data-e-type=\"widget\" data-widget_type=\"text-editor.default\">\n\t\t\t\t<div class=\"elementor-widget-container\">\n\t\t\t\t\t\t\t\t\tDiscute a tua situa\u00e7\u00e3o com um advogado especializado na Su\u00ed\u00e7a.\n\t\t\t\t\t\t\t\t<\/div>\n\t\t\t\t<\/div>\n\t\t\t\t<div class=\"elementor-element elementor-element-301c0e6b elementor-widget-divider--view-line elementor-widget elementor-widget-divider\" data-id=\"301c0e6b\" data-element_type=\"widget\" data-e-type=\"widget\" data-widget_type=\"divider.default\">\n\t\t\t\t<div class=\"elementor-widget-container\">\n\t\t\t\t\t\t\t<div class=\"elementor-divider\">\n\t\t\t<span class=\"elementor-divider-separator\">\n\t\t\t\t\t\t<\/span>\n\t\t<\/div>\n\t\t\t\t\t\t<\/div>\n\t\t\t\t<\/div>\n\t\t\t\t<div class=\"elementor-element elementor-element-14fe0267 elementor-widget elementor-widget-text-editor\" data-id=\"14fe0267\" data-element_type=\"widget\" data-e-type=\"widget\" data-widget_type=\"text-editor.default\">\n\t\t\t\t<div class=\"elementor-widget-container\">\n\t\t\t\t\t\t\t\t\t<p>Procuras apenas uma marca\u00e7\u00e3o para fazer algumas perguntas?<br>N\u00e3o tens a certeza sobre os procedimentos que pretendes efetuar?<br>A tua situa\u00e7\u00e3o n\u00e3o \u00e9 clara?<\/p><p><strong>Opta por uma primeira consulta com um advogado em Genebra.<\/strong><\/p><p>Decidir\u00e1s ent\u00e3o se queres prosseguir e os nossos advogados indicar-te-\u00e3o o custo do processo em fun\u00e7\u00e3o do teu caso. Marca\u00e7\u00e3o de consultas presenciais ou por videoconfer\u00eancia. <strong><br><\/strong><\/p>\t\t\t\t\t\t\t\t<\/div>\n\t\t\t\t<\/div>\n\t\t\t\t<div class=\"elementor-element elementor-element-5842cece elementor-align-center elementor-widget elementor-widget-button\" data-id=\"5842cece\" data-element_type=\"widget\" data-e-type=\"widget\" data-widget_type=\"button.default\">\n\t\t\t\t<div class=\"elementor-widget-container\">\n\t\t\t\t\t\t\t\t\t<div class=\"elementor-button-wrapper\">\n\t\t\t\t\t<a class=\"elementor-button elementor-button-link elementor-size-sm\" href=\"https:\/\/www.geneva-lawyers.com\/pt-pt\/contacto\/\">\n\t\t\t\t\t\t<span class=\"elementor-button-content-wrapper\">\n\t\t\t\t\t\t\t\t\t<span class=\"elementor-button-text\">Marca uma consulta com um advogado<\/span>\n\t\t\t\t\t<\/span>\n\t\t\t\t\t<\/a>\n\t\t\t\t<\/div>\n\t\t\t\t\t\t\t\t<\/div>\n\t\t\t\t<\/div>\n\t\t\t\t\t<\/div>\n\t\t<\/div>\n\t\t\t\t\t<\/div>\n\t\t<\/section>\n\t\t\t\t<\/div>\n\t\t","protected":false},"excerpt":{"rendered":"<p>Marca uma consulta com um advogado Conduzir sob o efeito do \u00e1lcool na Su\u00ed\u00e7a A condu\u00e7\u00e3o sob o efeito do \u00e1lcool constitui uma amea\u00e7a significativa para a seguran\u00e7a rodovi\u00e1ria na Su\u00ed\u00e7a. Mesmo pequenas quantidades de \u00e1lcool podem afetar a capacidade de condu\u00e7\u00e3o e provocar acidentes mortais. Os efeitos do \u00e1lcool incluem aten\u00e7\u00e3o reduzida, vis\u00e3o turva, &#8230; <a title=\"Conduzir sob o efeito do \u00e1lcool na Su\u00ed\u00e7a\" class=\"read-more\" href=\"https:\/\/www.geneva-lawyers.com\/pt-pt\/conduzir-sob-efeito-alcool-suica\/\" aria-label=\"Leia mais sobre Conduzir sob o efeito do \u00e1lcool na Su\u00ed\u00e7a\">Ler mais<\/a><\/p>\n","protected":false},"author":1,"featured_media":0,"parent":0,"menu_order":0,"comment_status":"closed","ping_status":"closed","template":"elementor_header_footer","meta":{"_acf_changed":false,"_seopress_robots_primary_cat":"","_seopress_titles_title":"","_seopress_titles_desc":"","_seopress_robots_index":"","footnotes":""},"class_list":["post-32332","page","type-page","status-publish"],"acf":[],"_links":{"self":[{"href":"https:\/\/www.geneva-lawyers.com\/pt-pt\/wp-json\/wp\/v2\/pages\/32332","targetHints":{"allow":["GET"]}}],"collection":[{"href":"https:\/\/www.geneva-lawyers.com\/pt-pt\/wp-json\/wp\/v2\/pages"}],"about":[{"href":"https:\/\/www.geneva-lawyers.com\/pt-pt\/wp-json\/wp\/v2\/types\/page"}],"author":[{"embeddable":true,"href":"https:\/\/www.geneva-lawyers.com\/pt-pt\/wp-json\/wp\/v2\/users\/1"}],"replies":[{"embeddable":true,"href":"https:\/\/www.geneva-lawyers.com\/pt-pt\/wp-json\/wp\/v2\/comments?post=32332"}],"version-history":[{"count":6,"href":"https:\/\/www.geneva-lawyers.com\/pt-pt\/wp-json\/wp\/v2\/pages\/32332\/revisions"}],"predecessor-version":[{"id":34068,"href":"https:\/\/www.geneva-lawyers.com\/pt-pt\/wp-json\/wp\/v2\/pages\/32332\/revisions\/34068"}],"wp:attachment":[{"href":"https:\/\/www.geneva-lawyers.com\/pt-pt\/wp-json\/wp\/v2\/media?parent=32332"}],"curies":[{"name":"wp","href":"https:\/\/api.w.org\/{rel}","templated":true}]}}