{"id":32338,"date":"2024-05-23T15:39:32","date_gmt":"2024-05-23T13:39:32","guid":{"rendered":"https:\/\/www.geneva-lawyers.com\/revogacao-de-licencas-relacionadas-com-a-seguranca-na-suica\/"},"modified":"2025-04-14T15:11:08","modified_gmt":"2025-04-14T13:11:08","slug":"revogacao-licencas-relacionadas-seguranca-suica","status":"publish","type":"page","link":"https:\/\/www.geneva-lawyers.com\/pt-pt\/revogacao-licencas-relacionadas-seguranca-suica\/","title":{"rendered":"Revoga\u00e7\u00e3o de licen\u00e7as relacionadas com a seguran\u00e7a na Su\u00ed\u00e7a"},"content":{"rendered":"\t\t<div data-elementor-type=\"wp-page\" data-elementor-id=\"32338\" class=\"elementor elementor-32338 elementor-29374\" data-elementor-post-type=\"page\">\n\t\t\t\t\t\t<section class=\"elementor-section elementor-top-section elementor-element elementor-element-3e53b0e8 elementor-section-boxed elementor-section-height-default elementor-section-height-default\" data-id=\"3e53b0e8\" data-element_type=\"section\" data-e-type=\"section\" data-settings=\"{&quot;background_background&quot;:&quot;classic&quot;}\">\n\t\t\t\t\t\t\t<div class=\"elementor-background-overlay\"><\/div>\n\t\t\t\t\t\t\t<div class=\"elementor-container elementor-column-gap-default\">\n\t\t\t\t\t<div class=\"elementor-column elementor-col-100 elementor-top-column elementor-element elementor-element-5750d956\" data-id=\"5750d956\" data-element_type=\"column\" data-e-type=\"column\">\n\t\t\t<div class=\"elementor-widget-wrap elementor-element-populated\">\n\t\t\t\t\t\t<div class=\"elementor-element elementor-element-1fba8b7e elementor-widget-divider--view-line elementor-widget elementor-widget-divider\" data-id=\"1fba8b7e\" data-element_type=\"widget\" data-e-type=\"widget\" data-widget_type=\"divider.default\">\n\t\t\t\t<div class=\"elementor-widget-container\">\n\t\t\t\t\t\t\t<div class=\"elementor-divider\">\n\t\t\t<span class=\"elementor-divider-separator\">\n\t\t\t\t\t\t<\/span>\n\t\t<\/div>\n\t\t\t\t\t\t<\/div>\n\t\t\t\t<\/div>\n\t\t\t\t<div class=\"elementor-element elementor-element-44f3230f elementor-align-center elementor-widget elementor-widget-button\" data-id=\"44f3230f\" data-element_type=\"widget\" data-e-type=\"widget\" data-widget_type=\"button.default\">\n\t\t\t\t<div class=\"elementor-widget-container\">\n\t\t\t\t\t\t\t\t\t<div class=\"elementor-button-wrapper\">\n\t\t\t\t\t<a class=\"elementor-button elementor-button-link elementor-size-sm\" href=\"https:\/\/www.geneva-lawyers.com\/pt-pt\/contacto\/\">\n\t\t\t\t\t\t<span class=\"elementor-button-content-wrapper\">\n\t\t\t\t\t\t\t\t\t<span class=\"elementor-button-text\">Marca uma consulta com um advogado<\/span>\n\t\t\t\t\t<\/span>\n\t\t\t\t\t<\/a>\n\t\t\t\t<\/div>\n\t\t\t\t\t\t\t\t<\/div>\n\t\t\t\t<\/div>\n\t\t\t\t\t<\/div>\n\t\t<\/div>\n\t\t\t\t\t<\/div>\n\t\t<\/section>\n\t\t\t\t<section class=\"elementor-section elementor-top-section elementor-element elementor-element-1bb1d2aa elementor-section-boxed elementor-section-height-default elementor-section-height-default\" data-id=\"1bb1d2aa\" data-element_type=\"section\" data-e-type=\"section\">\n\t\t\t\t\t\t<div class=\"elementor-container elementor-column-gap-default\">\n\t\t\t\t\t<div class=\"elementor-column elementor-col-100 elementor-top-column elementor-element elementor-element-40ce9461\" data-id=\"40ce9461\" data-element_type=\"column\" data-e-type=\"column\">\n\t\t\t<div class=\"elementor-widget-wrap elementor-element-populated\">\n\t\t\t\t\t\t<div class=\"elementor-element elementor-element-2eca1072 elementor-widget elementor-widget-heading\" data-id=\"2eca1072\" data-element_type=\"widget\" data-e-type=\"widget\" data-widget_type=\"heading.default\">\n\t\t\t\t<div class=\"elementor-widget-container\">\n\t\t\t\t\t<h2 class=\"elementor-heading-title elementor-size-default\">Revoga\u00e7\u00e3o de licen\u00e7as relacionadas com a seguran\u00e7a na Su\u00ed\u00e7a<\/h2>\t\t\t\t<\/div>\n\t\t\t\t<\/div>\n\t\t\t\t<div class=\"elementor-element elementor-element-13f1c165 elementor-widget-divider--view-line elementor-widget elementor-widget-divider\" data-id=\"13f1c165\" data-element_type=\"widget\" data-e-type=\"widget\" data-widget_type=\"divider.default\">\n\t\t\t\t<div class=\"elementor-widget-container\">\n\t\t\t\t\t\t\t<div class=\"elementor-divider\">\n\t\t\t<span class=\"elementor-divider-separator\">\n\t\t\t\t\t\t<\/span>\n\t\t<\/div>\n\t\t\t\t\t\t<\/div>\n\t\t\t\t<\/div>\n\t\t\t\t<div class=\"elementor-element elementor-element-10fc3a52 elementor-widget elementor-widget-text-editor\" data-id=\"10fc3a52\" data-element_type=\"widget\" data-e-type=\"widget\" data-widget_type=\"text-editor.default\">\n\t\t\t\t<div class=\"elementor-widget-container\">\n\t\t\t\t\t\t\t\t\t<p>A revoga\u00e7\u00e3o da carta de condu\u00e7\u00e3o por motivos de seguran\u00e7a na Su\u00ed\u00e7a \u00e9 uma medida administrativa ou judicial destinada a suspender ou revogar os direitos de condu\u00e7\u00e3o de uma pessoa. Esta medida visa proteger a coletividade, impedindo a condu\u00e7\u00e3o de um ve\u00edculo por pessoas que representam um risco significativo. Esta medida baseia-se na necessidade imperativa de seguran\u00e7a rodovi\u00e1ria e de prote\u00e7\u00e3o da vida humana.  <\/p><p>A aplica\u00e7\u00e3o da revoga\u00e7\u00e3o da carta de condu\u00e7\u00e3o por motivos de seguran\u00e7a \u00e9 da responsabilidade das autoridades de tr\u00e2nsito cantonais, que s\u00e3o respons\u00e1veis pela emiss\u00e3o e revoga\u00e7\u00e3o das cartas de condu\u00e7\u00e3o. Os tribunais tamb\u00e9m podem ordenar a revoga\u00e7\u00e3o da carta de condu\u00e7\u00e3o por motivos de seguran\u00e7a no \u00e2mbito de processos penais relacionados com infrac\u00e7\u00f5es graves ao c\u00f3digo da estrada. <\/p><h2>Tipos de revoga\u00e7\u00e3o relacionados com a seguran\u00e7a<\/h2><p>Existem v\u00e1rios tipos de revoga\u00e7\u00f5es relacionadas com a seguran\u00e7a, que diferem consoante a natureza e a gravidade da infra\u00e7\u00e3o ou a incapacidade do indiv\u00edduo. As revoga\u00e7\u00f5es tempor\u00e1rias s\u00e3o utilizadas para infrac\u00e7\u00f5es menos graves ou problemas m\u00e9dicos trat\u00e1veis, muitas vezes com um per\u00edodo espec\u00edfico durante o qual o condutor est\u00e1 proibido de conduzir. Em casos extremos, quando um indiv\u00edduo \u00e9 considerado permanentemente incapaz de conduzir em seguran\u00e7a, a carta de condu\u00e7\u00e3o pode ser revogada permanentemente.  <\/p><h2>Motivos de revoga\u00e7\u00e3o relacionados com a seguran\u00e7a<\/h2><p><strong>1. Infrac\u00e7\u00f5es graves ao c\u00f3digo da estrada:<\/strong><br>As infrac\u00e7\u00f5es graves ao c\u00f3digo da estrada representam um risco imediato e substancial para a seguran\u00e7a dos outros utentes da estrada e podem justificar a revoga\u00e7\u00e3o imediata da carta de condu\u00e7\u00e3o. Estas infrac\u00e7\u00f5es incluem a condu\u00e7\u00e3o sob a influ\u00eancia de \u00e1lcool ou drogas, em que o discernimento e a coordena\u00e7\u00e3o do condutor s\u00e3o significativamente prejudicados, pondo em perigo a vida de terceiros. Outras infrac\u00e7\u00f5es graves s\u00e3o o excesso de velocidade, a ultrapassagem de sinais vermelhos ou a condu\u00e7\u00e3o agressiva.  <\/p><p><strong>2. Incapacidade m\u00e9dica:<\/strong><br>A condu\u00e7\u00e3o exige capacidades mentais e f\u00edsicas espec\u00edficas, e certas condi\u00e7\u00f5es m\u00e9dicas podem prejudicar gravemente a capacidade de uma pessoa para conduzir em seguran\u00e7a. Condi\u00e7\u00f5es como perturba\u00e7\u00f5es neurol\u00f3gicas, defici\u00eancias visuais ou problemas de sa\u00fade mental podem tornar um condutor incapaz de conduzir. Nestes casos, a revoga\u00e7\u00e3o da carta de condu\u00e7\u00e3o \u00e9 necess\u00e1ria para proteger a sa\u00fade e a seguran\u00e7a do condutor e dos outros utentes da estrada.  <\/p><p><strong>3. Compet\u00eancia insuficiente para conduzir:<\/strong><br>Embora esta categoria possa parecer menos definida, h\u00e1 casos em que um condutor pode ser considerado incompetente para conduzir em seguran\u00e7a, mesmo sem cometer uma infra\u00e7\u00e3o espec\u00edfica. Isto pode incluir situa\u00e7\u00f5es em que o condutor n\u00e3o tenha mantido as compet\u00eancias de condu\u00e7\u00e3o necess\u00e1rias ou tenha demonstrado falta de compreens\u00e3o ou respeito pelas regras de tr\u00e2nsito. <\/p><h2>Dura\u00e7\u00e3o da revoga\u00e7\u00e3o relacionada com a seguran\u00e7a<\/h2><p>A dura\u00e7\u00e3o da inibi\u00e7\u00e3o de conduzir por raz\u00f5es de seguran\u00e7a \u00e9 um aspeto crucial da regulamenta\u00e7\u00e3o da seguran\u00e7a rodovi\u00e1ria na Su\u00ed\u00e7a. Deve ser proporcional \u00e0 natureza e \u00e0 gravidade da infra\u00e7\u00e3o ou da incapacidade, assegurando que o condutor disp\u00f5e do tempo e dos recursos necess\u00e1rios para corrigir o comportamento ou a condi\u00e7\u00e3o que levou \u00e0 revoga\u00e7\u00e3o. <\/p><p><strong>Revoga\u00e7\u00e3o tempor\u00e1ria:<\/strong><br>Para infrac\u00e7\u00f5es menos graves, o per\u00edodo de revoga\u00e7\u00e3o pode ser curto, por exemplo, alguns meses. Isto pode ser suficiente para transmitir a gravidade do comportamento do condutor sem afetar excessivamente a sua vida quotidiana. As infrac\u00e7\u00f5es menores por excesso de velocidade ou a utiliza\u00e7\u00e3o de um telem\u00f3vel durante a condu\u00e7\u00e3o podem resultar em revoga\u00e7\u00f5es tempor\u00e1rias deste tipo.  <\/p><p><strong>Revoga\u00e7\u00e3o prolongada:<\/strong><br>Para casos mais graves, como a condu\u00e7\u00e3o sob a influ\u00eancia de subst\u00e2ncias, o per\u00edodo de revoga\u00e7\u00e3o pode ser mais longo, como um ou dois anos. Este per\u00edodo alargado reflecte a gravidade da infra\u00e7\u00e3o e a necessidade de reabilita\u00e7\u00e3o e educa\u00e7\u00e3o significativas. <\/p><p><strong>Revoga\u00e7\u00e3o indefinida ou permanente:<\/strong><br>Em casos extremos, tais como infrac\u00e7\u00f5es repetidas ou condi\u00e7\u00f5es m\u00e9dicas graves e permanentes, a revoga\u00e7\u00e3o pode ser indefinida ou permanente. Isto significa que o condutor pode nunca mais ser autorizado a conduzir ou apenas depois de cumprir condi\u00e7\u00f5es muito rigorosas. A apreens\u00e3o permanente \u00e9 uma medida severa utilizada quando as autoridades est\u00e3o convencidas de que o condutor representa um risco constante e incontrol\u00e1vel para a seguran\u00e7a rodovi\u00e1ria.  <\/p><h2>Procedimento e recursos<\/h2><p>O procedimento de revoga\u00e7\u00e3o por raz\u00f5es de seguran\u00e7a na Su\u00ed\u00e7a come\u00e7a com a identifica\u00e7\u00e3o da infra\u00e7\u00e3o ou da incapacidade pela autoridade de tr\u00e2nsito cantonal. Esta autoridade analisa ent\u00e3o o caso em pormenor e decide sobre a natureza e a dura\u00e7\u00e3o da revoga\u00e7\u00e3o. O condutor \u00e9 notificado por escrito da decis\u00e3o, com uma explica\u00e7\u00e3o clara dos motivos da medida. Esta comunica\u00e7\u00e3o escrita garante a transpar\u00eancia e que o condutor seja plenamente informado da natureza da infra\u00e7\u00e3o ou da incapacidade e das consequ\u00eancias legais.   <\/p><p>Se um condutor n\u00e3o concordar com a decis\u00e3o de revoga\u00e7\u00e3o, existem procedimentos de recurso claramente definidos. Normalmente, o condutor disp\u00f5e de um determinado per\u00edodo para recorrer da decis\u00e3o para uma autoridade judicial. Este recurso permite uma revis\u00e3o independente e completa da decis\u00e3o, com a oportunidade de apresentar provas adicionais ou testemunhos de peritos. Um advogado especializado tamb\u00e9m pode ajudar o condutor durante esta fase, fornecendo-lhe os conhecimentos jur\u00eddicos necess\u00e1rios para navegar no sistema judicial. O processo de recurso garante que os direitos do condutor s\u00e3o totalmente respeitados e que a decis\u00e3o de revoga\u00e7\u00e3o \u00e9 tomada ap\u00f3s uma avalia\u00e7\u00e3o abrangente e justa dos factos.    <\/p><p>A revoga\u00e7\u00e3o da carta de condu\u00e7\u00e3o por motivos de seguran\u00e7a na Su\u00ed\u00e7a \u00e9 uma medida crucial para manter a seguran\u00e7a rodovi\u00e1ria e proteger a sa\u00fade p\u00fablica. O processo foi concebido para ser minucioso e justo, equilibrando a necessidade de seguran\u00e7a p\u00fablica com os direitos dos condutores individuais. Ao garantir que apenas condutores competentes e saud\u00e1veis s\u00e3o autorizados a circular nas estradas, esta medida contribui significativamente para a seguran\u00e7a rodovi\u00e1ria geral no pa\u00eds.  <\/p>\t\t\t\t\t\t\t\t<\/div>\n\t\t\t\t<\/div>\n\t\t\t\t\t<\/div>\n\t\t<\/div>\n\t\t\t\t\t<\/div>\n\t\t<\/section>\n\t\t\t\t<section class=\"elementor-section elementor-top-section elementor-element elementor-element-56f5a85d elementor-section-full_width elementor-section-height-min-height elementor-section-items-stretch elementor-section-content-middle elementor-section-height-default\" data-id=\"56f5a85d\" data-element_type=\"section\" data-e-type=\"section\" data-settings=\"{&quot;background_background&quot;:&quot;classic&quot;}\">\n\t\t\t\t\t\t<div class=\"elementor-container elementor-column-gap-no\">\n\t\t\t\t\t<div class=\"elementor-column elementor-col-50 elementor-top-column elementor-element elementor-element-60ea47e\" data-id=\"60ea47e\" data-element_type=\"column\" data-e-type=\"column\" data-settings=\"{&quot;background_background&quot;:&quot;classic&quot;}\">\n\t\t\t<div class=\"elementor-widget-wrap elementor-element-populated\">\n\t\t\t\t\t\t<div class=\"elementor-element elementor-element-2e49b629 elementor-widget elementor-widget-spacer\" data-id=\"2e49b629\" data-element_type=\"widget\" data-e-type=\"widget\" data-widget_type=\"spacer.default\">\n\t\t\t\t<div class=\"elementor-widget-container\">\n\t\t\t\t\t\t\t<div class=\"elementor-spacer\">\n\t\t\t<div class=\"elementor-spacer-inner\"><\/div>\n\t\t<\/div>\n\t\t\t\t\t\t<\/div>\n\t\t\t\t<\/div>\n\t\t\t\t\t<\/div>\n\t\t<\/div>\n\t\t\t\t<div class=\"elementor-column elementor-col-50 elementor-top-column elementor-element elementor-element-55a5d79f\" data-id=\"55a5d79f\" data-element_type=\"column\" data-e-type=\"column\" data-settings=\"{&quot;background_background&quot;:&quot;classic&quot;}\">\n\t\t\t<div class=\"elementor-widget-wrap elementor-element-populated\">\n\t\t\t\t\t\t<div class=\"elementor-element elementor-element-5dda1eb elementor-widget elementor-widget-heading\" data-id=\"5dda1eb\" data-element_type=\"widget\" data-e-type=\"widget\" data-widget_type=\"heading.default\">\n\t\t\t\t<div class=\"elementor-widget-container\">\n\t\t\t\t\t<p class=\"elementor-heading-title elementor-size-default\">Consulta inicial  <\/p>\t\t\t\t<\/div>\n\t\t\t\t<\/div>\n\t\t\t\t<div class=\"elementor-element elementor-element-41d8fa elementor-widget elementor-widget-heading\" data-id=\"41d8fa\" data-element_type=\"widget\" data-e-type=\"widget\" data-widget_type=\"heading.default\">\n\t\t\t\t<div class=\"elementor-widget-container\">\n\t\t\t\t\t<p class=\"elementor-heading-title elementor-size-default\">de 60 min a CHF 220.00<\/p>\t\t\t\t<\/div>\n\t\t\t\t<\/div>\n\t\t\t\t<div class=\"elementor-element elementor-element-f298432 elementor-widget elementor-widget-text-editor\" data-id=\"f298432\" data-element_type=\"widget\" data-e-type=\"widget\" data-widget_type=\"text-editor.default\">\n\t\t\t\t<div class=\"elementor-widget-container\">\n\t\t\t\t\t\t\t\t\tDiscute a tua situa\u00e7\u00e3o com um advogado especializado na Su\u00ed\u00e7a.\n\t\t\t\t\t\t\t\t<\/div>\n\t\t\t\t<\/div>\n\t\t\t\t<div class=\"elementor-element elementor-element-308a27 elementor-widget-divider--view-line elementor-widget elementor-widget-divider\" data-id=\"308a27\" data-element_type=\"widget\" data-e-type=\"widget\" data-widget_type=\"divider.default\">\n\t\t\t\t<div class=\"elementor-widget-container\">\n\t\t\t\t\t\t\t<div class=\"elementor-divider\">\n\t\t\t<span class=\"elementor-divider-separator\">\n\t\t\t\t\t\t<\/span>\n\t\t<\/div>\n\t\t\t\t\t\t<\/div>\n\t\t\t\t<\/div>\n\t\t\t\t<div class=\"elementor-element elementor-element-5ffc1350 elementor-widget elementor-widget-text-editor\" data-id=\"5ffc1350\" data-element_type=\"widget\" data-e-type=\"widget\" data-widget_type=\"text-editor.default\">\n\t\t\t\t<div class=\"elementor-widget-container\">\n\t\t\t\t\t\t\t\t\t<p>Procuras apenas uma marca\u00e7\u00e3o para fazer algumas perguntas?<br>N\u00e3o tens a certeza sobre os procedimentos que pretendes efetuar?<br>A tua situa\u00e7\u00e3o n\u00e3o \u00e9 clara?<\/p><p><strong>Opta por uma primeira consulta com um advogado em Genebra.<\/strong><\/p><p>Decidir\u00e1s ent\u00e3o se queres prosseguir e os nossos advogados indicar-te-\u00e3o o custo do processo em fun\u00e7\u00e3o do teu caso. Marca\u00e7\u00e3o de consultas presenciais ou por videoconfer\u00eancia. <strong><br><\/strong><\/p>\t\t\t\t\t\t\t\t<\/div>\n\t\t\t\t<\/div>\n\t\t\t\t<div class=\"elementor-element elementor-element-f5fa311 elementor-align-center elementor-widget elementor-widget-button\" data-id=\"f5fa311\" data-element_type=\"widget\" data-e-type=\"widget\" data-widget_type=\"button.default\">\n\t\t\t\t<div class=\"elementor-widget-container\">\n\t\t\t\t\t\t\t\t\t<div class=\"elementor-button-wrapper\">\n\t\t\t\t\t<a class=\"elementor-button elementor-button-link elementor-size-sm\" href=\"https:\/\/www.geneva-lawyers.com\/pt-pt\/contacto\/\">\n\t\t\t\t\t\t<span class=\"elementor-button-content-wrapper\">\n\t\t\t\t\t\t\t\t\t<span class=\"elementor-button-text\">Marca uma consulta com um advogado<\/span>\n\t\t\t\t\t<\/span>\n\t\t\t\t\t<\/a>\n\t\t\t\t<\/div>\n\t\t\t\t\t\t\t\t<\/div>\n\t\t\t\t<\/div>\n\t\t\t\t\t<\/div>\n\t\t<\/div>\n\t\t\t\t\t<\/div>\n\t\t<\/section>\n\t\t\t\t<\/div>\n\t\t","protected":false},"excerpt":{"rendered":"<p>Marca uma consulta com um advogado Revoga\u00e7\u00e3o de licen\u00e7as relacionadas com a seguran\u00e7a na Su\u00ed\u00e7a A revoga\u00e7\u00e3o da carta de condu\u00e7\u00e3o por motivos de seguran\u00e7a na Su\u00ed\u00e7a \u00e9 uma medida administrativa ou judicial destinada a suspender ou revogar os direitos de condu\u00e7\u00e3o de uma pessoa. Esta medida visa proteger a coletividade, impedindo a condu\u00e7\u00e3o de &#8230; <a title=\"Revoga\u00e7\u00e3o de licen\u00e7as relacionadas com a seguran\u00e7a na Su\u00ed\u00e7a\" class=\"read-more\" href=\"https:\/\/www.geneva-lawyers.com\/pt-pt\/revogacao-licencas-relacionadas-seguranca-suica\/\" aria-label=\"Leia mais sobre Revoga\u00e7\u00e3o de licen\u00e7as relacionadas com a seguran\u00e7a na Su\u00ed\u00e7a\">Ler mais<\/a><\/p>\n","protected":false},"author":1,"featured_media":0,"parent":0,"menu_order":0,"comment_status":"closed","ping_status":"closed","template":"elementor_header_footer","meta":{"_acf_changed":false,"_seopress_robots_primary_cat":"","_seopress_titles_title":"","_seopress_titles_desc":"","_seopress_robots_index":"","footnotes":""},"class_list":["post-32338","page","type-page","status-publish"],"acf":[],"_links":{"self":[{"href":"https:\/\/www.geneva-lawyers.com\/pt-pt\/wp-json\/wp\/v2\/pages\/32338","targetHints":{"allow":["GET"]}}],"collection":[{"href":"https:\/\/www.geneva-lawyers.com\/pt-pt\/wp-json\/wp\/v2\/pages"}],"about":[{"href":"https:\/\/www.geneva-lawyers.com\/pt-pt\/wp-json\/wp\/v2\/types\/page"}],"author":[{"embeddable":true,"href":"https:\/\/www.geneva-lawyers.com\/pt-pt\/wp-json\/wp\/v2\/users\/1"}],"replies":[{"embeddable":true,"href":"https:\/\/www.geneva-lawyers.com\/pt-pt\/wp-json\/wp\/v2\/comments?post=32338"}],"version-history":[{"count":6,"href":"https:\/\/www.geneva-lawyers.com\/pt-pt\/wp-json\/wp\/v2\/pages\/32338\/revisions"}],"predecessor-version":[{"id":33763,"href":"https:\/\/www.geneva-lawyers.com\/pt-pt\/wp-json\/wp\/v2\/pages\/32338\/revisions\/33763"}],"wp:attachment":[{"href":"https:\/\/www.geneva-lawyers.com\/pt-pt\/wp-json\/wp\/v2\/media?parent=32338"}],"curies":[{"name":"wp","href":"https:\/\/api.w.org\/{rel}","templated":true}]}}