{"id":32339,"date":"2024-05-23T14:22:07","date_gmt":"2024-05-23T12:22:07","guid":{"rendered":"https:\/\/www.geneva-lawyers.com\/conduzir-sob-o-efeito-de-drogas-na-suica\/"},"modified":"2025-04-14T15:55:40","modified_gmt":"2025-04-14T13:55:40","slug":"conduzir-sob-efeito-drogas-suica","status":"publish","type":"page","link":"https:\/\/www.geneva-lawyers.com\/pt-pt\/conduzir-sob-efeito-drogas-suica\/","title":{"rendered":"Conduzir sob o efeito de drogas na Su\u00ed\u00e7a"},"content":{"rendered":"\t\t<div data-elementor-type=\"wp-page\" data-elementor-id=\"32339\" class=\"elementor elementor-32339 elementor-29331\" data-elementor-post-type=\"page\">\n\t\t\t\t\t\t<section class=\"elementor-section elementor-top-section elementor-element elementor-element-23c8ea01 elementor-section-boxed elementor-section-height-default elementor-section-height-default\" data-id=\"23c8ea01\" data-element_type=\"section\" data-e-type=\"section\" data-settings=\"{&quot;background_background&quot;:&quot;classic&quot;}\">\n\t\t\t\t\t\t\t<div class=\"elementor-background-overlay\"><\/div>\n\t\t\t\t\t\t\t<div class=\"elementor-container elementor-column-gap-default\">\n\t\t\t\t\t<div class=\"elementor-column elementor-col-100 elementor-top-column elementor-element elementor-element-7546f5cf\" data-id=\"7546f5cf\" data-element_type=\"column\" data-e-type=\"column\">\n\t\t\t<div class=\"elementor-widget-wrap elementor-element-populated\">\n\t\t\t\t\t\t<div class=\"elementor-element elementor-element-571ffe34 elementor-widget-divider--view-line elementor-widget elementor-widget-divider\" data-id=\"571ffe34\" data-element_type=\"widget\" data-e-type=\"widget\" data-widget_type=\"divider.default\">\n\t\t\t\t<div class=\"elementor-widget-container\">\n\t\t\t\t\t\t\t<div class=\"elementor-divider\">\n\t\t\t<span class=\"elementor-divider-separator\">\n\t\t\t\t\t\t<\/span>\n\t\t<\/div>\n\t\t\t\t\t\t<\/div>\n\t\t\t\t<\/div>\n\t\t\t\t<div class=\"elementor-element elementor-element-46251caf elementor-align-center elementor-widget elementor-widget-button\" data-id=\"46251caf\" data-element_type=\"widget\" data-e-type=\"widget\" data-widget_type=\"button.default\">\n\t\t\t\t<div class=\"elementor-widget-container\">\n\t\t\t\t\t\t\t\t\t<div class=\"elementor-button-wrapper\">\n\t\t\t\t\t<a class=\"elementor-button elementor-button-link elementor-size-sm\" href=\"https:\/\/www.geneva-lawyers.com\/pt-pt\/contacto\/\">\n\t\t\t\t\t\t<span class=\"elementor-button-content-wrapper\">\n\t\t\t\t\t\t\t\t\t<span class=\"elementor-button-text\">Marca uma consulta com um advogado<\/span>\n\t\t\t\t\t<\/span>\n\t\t\t\t\t<\/a>\n\t\t\t\t<\/div>\n\t\t\t\t\t\t\t\t<\/div>\n\t\t\t\t<\/div>\n\t\t\t\t\t<\/div>\n\t\t<\/div>\n\t\t\t\t\t<\/div>\n\t\t<\/section>\n\t\t\t\t<section class=\"elementor-section elementor-top-section elementor-element elementor-element-3593e799 elementor-section-boxed elementor-section-height-default elementor-section-height-default\" data-id=\"3593e799\" data-element_type=\"section\" data-e-type=\"section\">\n\t\t\t\t\t\t<div class=\"elementor-container elementor-column-gap-default\">\n\t\t\t\t\t<div class=\"elementor-column elementor-col-100 elementor-top-column elementor-element elementor-element-1cb0a443\" data-id=\"1cb0a443\" data-element_type=\"column\" data-e-type=\"column\">\n\t\t\t<div class=\"elementor-widget-wrap elementor-element-populated\">\n\t\t\t\t\t\t<div class=\"elementor-element elementor-element-54565d95 elementor-widget elementor-widget-heading\" data-id=\"54565d95\" data-element_type=\"widget\" data-e-type=\"widget\" data-widget_type=\"heading.default\">\n\t\t\t\t<div class=\"elementor-widget-container\">\n\t\t\t\t\t<h2 class=\"elementor-heading-title elementor-size-default\">Conduzir sob o efeito de drogas na Su\u00ed\u00e7a<\/h2>\t\t\t\t<\/div>\n\t\t\t\t<\/div>\n\t\t\t\t<div class=\"elementor-element elementor-element-71d20d95 elementor-widget-divider--view-line elementor-widget elementor-widget-divider\" data-id=\"71d20d95\" data-element_type=\"widget\" data-e-type=\"widget\" data-widget_type=\"divider.default\">\n\t\t\t\t<div class=\"elementor-widget-container\">\n\t\t\t\t\t\t\t<div class=\"elementor-divider\">\n\t\t\t<span class=\"elementor-divider-separator\">\n\t\t\t\t\t\t<\/span>\n\t\t<\/div>\n\t\t\t\t\t\t<\/div>\n\t\t\t\t<\/div>\n\t\t\t\t<div class=\"elementor-element elementor-element-4c5b936f elementor-widget elementor-widget-text-editor\" data-id=\"4c5b936f\" data-element_type=\"widget\" data-e-type=\"widget\" data-widget_type=\"text-editor.default\">\n\t\t\t\t<div class=\"elementor-widget-container\">\n\t\t\t\t\t\t\t\t\t<p>Conduzir sob o efeito de drogas \u00e9 uma infra\u00e7\u00e3o grave que pode ter consequ\u00eancias desastrosas para a seguran\u00e7a rodovi\u00e1ria. Apesar dos riscos, muitas pessoas continuam a conduzir depois de consumirem subst\u00e2ncias il\u00edcitas, pondo em perigo a sua vida e a dos outros utentes da estrada. Este artigo analisa as consequ\u00eancias legais da condu\u00e7\u00e3o sob o efeito de drogas, os riscos para a seguran\u00e7a rodovi\u00e1ria e as medidas adoptadas pelas autoridades para combater este problema.  <\/p><h2>Quadro jur\u00eddico e gravidade da infra\u00e7\u00e3o<\/h2><p>A condu\u00e7\u00e3o sob o efeito de drogas \u00e9 considerada uma infra\u00e7\u00e3o grave pela lei su\u00ed\u00e7a. De acordo com o artigo 31.\u00ba da Lei Federal sobre a Circula\u00e7\u00e3o Rodovi\u00e1ria (LCR), &#8220;\u00e9 pun\u00edvel o condutor que, sob a influ\u00eancia de \u00e1lcool, drogas ou medicamentos, deixe de ser capaz de conduzir com a prud\u00eancia necess\u00e1ria&#8221;. O termo &#8220;drogas&#8221; inclui todas as subst\u00e2ncias il\u00edcitas, tais como can\u00e1bis, coca\u00edna, hero\u00edna, anfetaminas, MDMA e outras drogas sint\u00e9ticas.  <\/p><p>Esta infra\u00e7\u00e3o pode ser detectada de v\u00e1rias formas. A pol\u00edcia pode mandar parar um condutor suspeito de estar sob influ\u00eancia, exigindo que este se submeta a um teste de despistagem de drogas para confirmar o consumo de subst\u00e2ncias il\u00edcitas. Al\u00e9m disso, se ocorrer um acidente rodovi\u00e1rio, \u00e9 efectuado um teste de despistagem de drogas para determinar se o condutor estava sob o efeito de drogas no momento do acidente.  <\/p><h2>Consequ\u00eancias jur\u00eddicas e penais<\/h2><p>Na Su\u00ed\u00e7a, a condu\u00e7\u00e3o sob o efeito de drogas \u00e9 severamente punida. As san\u00e7\u00f5es v\u00e3o desde multas a penas de pris\u00e3o, consoante a gravidade da infra\u00e7\u00e3o. <\/p><ul><li><strong>Coimas e suspens\u00e3o da carta de condu\u00e7\u00e3o<\/strong>: Os infractores s\u00e3o sujeitos a multas at\u00e9 v\u00e1rios milhares de francos e a uma suspens\u00e3o m\u00ednima de tr\u00eas meses da carta de condu\u00e7\u00e3o. A dura\u00e7\u00e3o da suspens\u00e3o pode prolongar-se at\u00e9 v\u00e1rios anos, dependendo da gravidade da infra\u00e7\u00e3o e do comportamento do condutor. <\/li><li><strong>Reincid\u00eancia<\/strong>: Os reincidentes enfrentam penas mais severas, incluindo pris\u00e3o, multas mais elevadas e suspens\u00f5es mais longas da carta de condu\u00e7\u00e3o. Em caso de acidente de via\u00e7\u00e3o, o condutor pode tamb\u00e9m ser responsabilizado por danos a terceiros e indemniza\u00e7\u00f5es \u00e0s v\u00edtimas. <\/li><li><strong>Custos adicionais<\/strong>: Os delinquentes tamb\u00e9m t\u00eam de suportar custos processuais, tais como custas judiciais, honor\u00e1rios de advogados e honor\u00e1rios de peritagem toxicol\u00f3gica, que podem ascender a v\u00e1rios milhares de francos, causando graves consequ\u00eancias financeiras.<\/li><\/ul><h2>Medidas preventivas<\/h2><p>Para evitar a condu\u00e7\u00e3o sob o efeito de drogas, as autoridades su\u00ed\u00e7as adoptaram v\u00e1rias medidas:<\/p><ul><li><strong>Aumento do controlo rodovi\u00e1rio<\/strong>: A pol\u00edcia est\u00e1 equipada com testes de saliva para detetar a presen\u00e7a de drogas no sangue dos condutores, efectuados aleatoriamente em qualquer altura.<\/li><li><strong>Campanhas de sensibiliza\u00e7\u00e3o<\/strong>: As campanhas informam os condutores sobre os perigos da condu\u00e7\u00e3o sob o efeito de drogas, com o objetivo de os sensibilizar e desencorajar a condu\u00e7\u00e3o ap\u00f3s o consumo de drogas.<\/li><li><strong>Escolas de condu\u00e7\u00e3o<\/strong>: As escolas desempenham um papel crucial na educa\u00e7\u00e3o dos condutores sobre os riscos e a import\u00e2ncia de respeitar as leis de tr\u00e2nsito.<\/li><\/ul><p>Conduzir sob o efeito de drogas \u00e9 uma infra\u00e7\u00e3o grave com s\u00e9rias repercuss\u00f5es legais e financeiras para os condutores, passageiros e outros utentes da estrada. Apesar de existirem leis diferentes a n\u00edvel mundial, a condu\u00e7\u00e3o sob o efeito de drogas \u00e9 universalmente reconhecida como perigosa e ilegal. <\/p><h2>Assist\u00eancia jur\u00eddica<\/h2><p>Como advogado, \u00e9 minha responsabilidade proteger os direitos dos meus clientes e gui\u00e1-los atrav\u00e9s do sistema jur\u00eddico. Se for acusado de conduzir sob o efeito de drogas, contactar um advogado especializado nestes casos \u00e9 crucial para compreender as suas op\u00e7\u00f5es e defender os seus direitos. Juntos, podemos trabalhar para minimizar as consequ\u00eancias negativas e ajudar-te a recuperar o controlo da tua vida.  <\/p>\t\t\t\t\t\t\t\t<\/div>\n\t\t\t\t<\/div>\n\t\t\t\t\t<\/div>\n\t\t<\/div>\n\t\t\t\t\t<\/div>\n\t\t<\/section>\n\t\t\t\t<section class=\"elementor-section elementor-top-section elementor-element elementor-element-44dbab1d elementor-section-full_width elementor-section-height-min-height elementor-section-items-stretch elementor-section-content-middle elementor-section-height-default\" data-id=\"44dbab1d\" data-element_type=\"section\" data-e-type=\"section\" data-settings=\"{&quot;background_background&quot;:&quot;classic&quot;}\">\n\t\t\t\t\t\t<div class=\"elementor-container elementor-column-gap-no\">\n\t\t\t\t\t<div class=\"elementor-column elementor-col-50 elementor-top-column elementor-element elementor-element-576dee42\" data-id=\"576dee42\" data-element_type=\"column\" data-e-type=\"column\" data-settings=\"{&quot;background_background&quot;:&quot;classic&quot;}\">\n\t\t\t<div class=\"elementor-widget-wrap elementor-element-populated\">\n\t\t\t\t\t\t<div class=\"elementor-element elementor-element-2b08601 elementor-widget elementor-widget-spacer\" data-id=\"2b08601\" data-element_type=\"widget\" data-e-type=\"widget\" data-widget_type=\"spacer.default\">\n\t\t\t\t<div class=\"elementor-widget-container\">\n\t\t\t\t\t\t\t<div class=\"elementor-spacer\">\n\t\t\t<div class=\"elementor-spacer-inner\"><\/div>\n\t\t<\/div>\n\t\t\t\t\t\t<\/div>\n\t\t\t\t<\/div>\n\t\t\t\t\t<\/div>\n\t\t<\/div>\n\t\t\t\t<div class=\"elementor-column elementor-col-50 elementor-top-column elementor-element elementor-element-53dc502a\" data-id=\"53dc502a\" data-element_type=\"column\" data-e-type=\"column\" data-settings=\"{&quot;background_background&quot;:&quot;classic&quot;}\">\n\t\t\t<div class=\"elementor-widget-wrap elementor-element-populated\">\n\t\t\t\t\t\t<div class=\"elementor-element elementor-element-b5d62c8 elementor-widget elementor-widget-heading\" data-id=\"b5d62c8\" data-element_type=\"widget\" data-e-type=\"widget\" data-widget_type=\"heading.default\">\n\t\t\t\t<div class=\"elementor-widget-container\">\n\t\t\t\t\t<p class=\"elementor-heading-title elementor-size-default\">Consulta inicial  <\/p>\t\t\t\t<\/div>\n\t\t\t\t<\/div>\n\t\t\t\t<div class=\"elementor-element elementor-element-45096083 elementor-widget elementor-widget-heading\" data-id=\"45096083\" data-element_type=\"widget\" data-e-type=\"widget\" data-widget_type=\"heading.default\">\n\t\t\t\t<div class=\"elementor-widget-container\">\n\t\t\t\t\t<p class=\"elementor-heading-title elementor-size-default\">de 60 min a CHF 220.00<\/p>\t\t\t\t<\/div>\n\t\t\t\t<\/div>\n\t\t\t\t<div class=\"elementor-element elementor-element-4aa408b2 elementor-widget elementor-widget-text-editor\" data-id=\"4aa408b2\" data-element_type=\"widget\" data-e-type=\"widget\" data-widget_type=\"text-editor.default\">\n\t\t\t\t<div class=\"elementor-widget-container\">\n\t\t\t\t\t\t\t\t\tDiscute a tua situa\u00e7\u00e3o com um advogado especializado na Su\u00ed\u00e7a.\n\t\t\t\t\t\t\t\t<\/div>\n\t\t\t\t<\/div>\n\t\t\t\t<div class=\"elementor-element elementor-element-95b869e elementor-widget-divider--view-line elementor-widget elementor-widget-divider\" data-id=\"95b869e\" data-element_type=\"widget\" data-e-type=\"widget\" data-widget_type=\"divider.default\">\n\t\t\t\t<div class=\"elementor-widget-container\">\n\t\t\t\t\t\t\t<div class=\"elementor-divider\">\n\t\t\t<span class=\"elementor-divider-separator\">\n\t\t\t\t\t\t<\/span>\n\t\t<\/div>\n\t\t\t\t\t\t<\/div>\n\t\t\t\t<\/div>\n\t\t\t\t<div class=\"elementor-element elementor-element-64e8d45b elementor-widget elementor-widget-text-editor\" data-id=\"64e8d45b\" data-element_type=\"widget\" data-e-type=\"widget\" data-widget_type=\"text-editor.default\">\n\t\t\t\t<div class=\"elementor-widget-container\">\n\t\t\t\t\t\t\t\t\t<p>Procuras apenas uma marca\u00e7\u00e3o para fazer algumas perguntas?<br>N\u00e3o tens a certeza sobre os procedimentos que pretendes efetuar?<br>A tua situa\u00e7\u00e3o n\u00e3o \u00e9 clara?<\/p><p><strong>Opta por uma primeira consulta com um advogado em Genebra.<\/strong><\/p><p>Decidir\u00e1s ent\u00e3o se queres prosseguir e os nossos advogados indicar-te-\u00e3o o custo do processo em fun\u00e7\u00e3o do teu caso. Marca\u00e7\u00e3o de consultas presenciais ou por videoconfer\u00eancia. <strong><br><\/strong><\/p>\t\t\t\t\t\t\t\t<\/div>\n\t\t\t\t<\/div>\n\t\t\t\t<div class=\"elementor-element elementor-element-57e24d41 elementor-align-center elementor-widget elementor-widget-button\" data-id=\"57e24d41\" data-element_type=\"widget\" data-e-type=\"widget\" data-widget_type=\"button.default\">\n\t\t\t\t<div class=\"elementor-widget-container\">\n\t\t\t\t\t\t\t\t\t<div class=\"elementor-button-wrapper\">\n\t\t\t\t\t<a class=\"elementor-button elementor-button-link elementor-size-sm\" href=\"https:\/\/www.geneva-lawyers.com\/pt-pt\/contacto\/\">\n\t\t\t\t\t\t<span class=\"elementor-button-content-wrapper\">\n\t\t\t\t\t\t\t\t\t<span class=\"elementor-button-text\">Marca uma consulta com um advogado<\/span>\n\t\t\t\t\t<\/span>\n\t\t\t\t\t<\/a>\n\t\t\t\t<\/div>\n\t\t\t\t\t\t\t\t<\/div>\n\t\t\t\t<\/div>\n\t\t\t\t\t<\/div>\n\t\t<\/div>\n\t\t\t\t\t<\/div>\n\t\t<\/section>\n\t\t\t\t<\/div>\n\t\t","protected":false},"excerpt":{"rendered":"<p>Marca uma consulta com um advogado Conduzir sob o efeito de drogas na Su\u00ed\u00e7a Conduzir sob o efeito de drogas \u00e9 uma infra\u00e7\u00e3o grave que pode ter consequ\u00eancias desastrosas para a seguran\u00e7a rodovi\u00e1ria. Apesar dos riscos, muitas pessoas continuam a conduzir depois de consumirem subst\u00e2ncias il\u00edcitas, pondo em perigo a sua vida e a dos &#8230; <a title=\"Conduzir sob o efeito de drogas na Su\u00ed\u00e7a\" class=\"read-more\" href=\"https:\/\/www.geneva-lawyers.com\/pt-pt\/conduzir-sob-efeito-drogas-suica\/\" aria-label=\"Leia mais sobre Conduzir sob o efeito de drogas na Su\u00ed\u00e7a\">Ler mais<\/a><\/p>\n","protected":false},"author":1,"featured_media":0,"parent":0,"menu_order":0,"comment_status":"closed","ping_status":"closed","template":"elementor_header_footer","meta":{"_acf_changed":false,"_seopress_robots_primary_cat":"","_seopress_titles_title":"","_seopress_titles_desc":"","_seopress_robots_index":"","footnotes":""},"class_list":["post-32339","page","type-page","status-publish"],"acf":[],"_links":{"self":[{"href":"https:\/\/www.geneva-lawyers.com\/pt-pt\/wp-json\/wp\/v2\/pages\/32339","targetHints":{"allow":["GET"]}}],"collection":[{"href":"https:\/\/www.geneva-lawyers.com\/pt-pt\/wp-json\/wp\/v2\/pages"}],"about":[{"href":"https:\/\/www.geneva-lawyers.com\/pt-pt\/wp-json\/wp\/v2\/types\/page"}],"author":[{"embeddable":true,"href":"https:\/\/www.geneva-lawyers.com\/pt-pt\/wp-json\/wp\/v2\/users\/1"}],"replies":[{"embeddable":true,"href":"https:\/\/www.geneva-lawyers.com\/pt-pt\/wp-json\/wp\/v2\/comments?post=32339"}],"version-history":[{"count":6,"href":"https:\/\/www.geneva-lawyers.com\/pt-pt\/wp-json\/wp\/v2\/pages\/32339\/revisions"}],"predecessor-version":[{"id":34061,"href":"https:\/\/www.geneva-lawyers.com\/pt-pt\/wp-json\/wp\/v2\/pages\/32339\/revisions\/34061"}],"wp:attachment":[{"href":"https:\/\/www.geneva-lawyers.com\/pt-pt\/wp-json\/wp\/v2\/media?parent=32339"}],"curies":[{"name":"wp","href":"https:\/\/api.w.org\/{rel}","templated":true}]}}