{"id":32355,"date":"2024-05-23T13:54:11","date_gmt":"2024-05-23T11:54:11","guid":{"rendered":"https:\/\/www.geneva-lawyers.com\/tributacao-baseada-nas-despesas-na-suica\/"},"modified":"2025-04-14T16:06:18","modified_gmt":"2025-04-14T14:06:18","slug":"tributacao-baseada-despesas-suica","status":"publish","type":"page","link":"https:\/\/www.geneva-lawyers.com\/pt-pt\/tributacao-baseada-despesas-suica\/","title":{"rendered":"Tributa\u00e7\u00e3o baseada nas despesas na Su\u00ed\u00e7a"},"content":{"rendered":"\t\t<div data-elementor-type=\"wp-page\" data-elementor-id=\"32355\" class=\"elementor elementor-32355 elementor-29312\" data-elementor-post-type=\"page\">\n\t\t\t\t\t\t<section class=\"elementor-section elementor-top-section elementor-element elementor-element-2a72aba2 elementor-section-boxed elementor-section-height-default elementor-section-height-default\" data-id=\"2a72aba2\" data-element_type=\"section\" data-e-type=\"section\" data-settings=\"{&quot;background_background&quot;:&quot;classic&quot;}\">\n\t\t\t\t\t\t\t<div class=\"elementor-background-overlay\"><\/div>\n\t\t\t\t\t\t\t<div class=\"elementor-container elementor-column-gap-default\">\n\t\t\t\t\t<div class=\"elementor-column elementor-col-100 elementor-top-column elementor-element elementor-element-75f6151b\" data-id=\"75f6151b\" data-element_type=\"column\" data-e-type=\"column\">\n\t\t\t<div class=\"elementor-widget-wrap elementor-element-populated\">\n\t\t\t\t\t\t<div class=\"elementor-element elementor-element-3126db03 elementor-widget-divider--view-line elementor-widget elementor-widget-divider\" data-id=\"3126db03\" data-element_type=\"widget\" data-e-type=\"widget\" data-widget_type=\"divider.default\">\n\t\t\t\t<div class=\"elementor-widget-container\">\n\t\t\t\t\t\t\t<div class=\"elementor-divider\">\n\t\t\t<span class=\"elementor-divider-separator\">\n\t\t\t\t\t\t<\/span>\n\t\t<\/div>\n\t\t\t\t\t\t<\/div>\n\t\t\t\t<\/div>\n\t\t\t\t<div class=\"elementor-element elementor-element-35c29e6f elementor-align-center elementor-widget elementor-widget-button\" data-id=\"35c29e6f\" data-element_type=\"widget\" data-e-type=\"widget\" data-widget_type=\"button.default\">\n\t\t\t\t<div class=\"elementor-widget-container\">\n\t\t\t\t\t\t\t\t\t<div class=\"elementor-button-wrapper\">\n\t\t\t\t\t<a class=\"elementor-button elementor-button-link elementor-size-sm\" href=\"https:\/\/www.geneva-lawyers.com\/pt-pt\/contacto\/\">\n\t\t\t\t\t\t<span class=\"elementor-button-content-wrapper\">\n\t\t\t\t\t\t\t\t\t<span class=\"elementor-button-text\">Marca uma consulta com um advogado<\/span>\n\t\t\t\t\t<\/span>\n\t\t\t\t\t<\/a>\n\t\t\t\t<\/div>\n\t\t\t\t\t\t\t\t<\/div>\n\t\t\t\t<\/div>\n\t\t\t\t\t<\/div>\n\t\t<\/div>\n\t\t\t\t\t<\/div>\n\t\t<\/section>\n\t\t\t\t<section class=\"elementor-section elementor-top-section elementor-element elementor-element-7c5c50eb elementor-section-boxed elementor-section-height-default elementor-section-height-default\" data-id=\"7c5c50eb\" data-element_type=\"section\" data-e-type=\"section\">\n\t\t\t\t\t\t<div class=\"elementor-container elementor-column-gap-default\">\n\t\t\t\t\t<div class=\"elementor-column elementor-col-100 elementor-top-column elementor-element elementor-element-2b0ef58f\" data-id=\"2b0ef58f\" data-element_type=\"column\" data-e-type=\"column\">\n\t\t\t<div class=\"elementor-widget-wrap elementor-element-populated\">\n\t\t\t\t\t\t<div class=\"elementor-element elementor-element-9340391 elementor-widget elementor-widget-heading\" data-id=\"9340391\" data-element_type=\"widget\" data-e-type=\"widget\" data-widget_type=\"heading.default\">\n\t\t\t\t<div class=\"elementor-widget-container\">\n\t\t\t\t\t<h2 class=\"elementor-heading-title elementor-size-default\">Tributa\u00e7\u00e3o baseada nas despesas na Su\u00ed\u00e7a\n<\/h2>\t\t\t\t<\/div>\n\t\t\t\t<\/div>\n\t\t\t\t<div class=\"elementor-element elementor-element-4cdd7629 elementor-widget-divider--view-line elementor-widget elementor-widget-divider\" data-id=\"4cdd7629\" data-element_type=\"widget\" data-e-type=\"widget\" data-widget_type=\"divider.default\">\n\t\t\t\t<div class=\"elementor-widget-container\">\n\t\t\t\t\t\t\t<div class=\"elementor-divider\">\n\t\t\t<span class=\"elementor-divider-separator\">\n\t\t\t\t\t\t<\/span>\n\t\t<\/div>\n\t\t\t\t\t\t<\/div>\n\t\t\t\t<\/div>\n\t\t\t\t<div class=\"elementor-element elementor-element-7b80bf77 elementor-widget elementor-widget-text-editor\" data-id=\"7b80bf77\" data-element_type=\"widget\" data-e-type=\"widget\" data-widget_type=\"text-editor.default\">\n\t\t\t\t<div class=\"elementor-widget-container\">\n\t\t\t\t\t\t\t\t\t<p>A tributa\u00e7\u00e3o baseada nas despesas, tamb\u00e9m conhecida como tributa\u00e7\u00e3o de montante fixo, foi introduzida na Su\u00ed\u00e7a em 1965 no cant\u00e3o de Berna e em 1990 no n\u00edvel federal. Esse regime tribut\u00e1rio tem como alvo os residentes estrangeiros na Su\u00ed\u00e7a que n\u00e3o obt\u00eam nenhuma renda na Su\u00ed\u00e7a. Sob esse regime, os contribuintes s\u00e3o tributados com base em seu estilo de vida e n\u00e3o em sua renda. Isto significa que s\u00e3o tributados sobre as suas despesas de vida em vez dos rendimentos que auferem. A base legal para a tributa\u00e7\u00e3o baseada em despesas encontra-se no artigo 16 da Lei Federal de Impostos Diretos e no artigo 14 da Lei de Impostos Cantonais e Comunais.    <\/p><p>O regime fiscal baseado nas despesas tem dois objectivos principais:<\/p><ol><li>Facilitar a tributa\u00e7\u00e3o de cidad\u00e3os estrangeiros com situa\u00e7\u00f5es financeiras internacionais complexas.<\/li><li>Simplifica as formalidades fiscais para estas pessoas e incentiva-as a estabelecerem-se na Su\u00ed\u00e7a.<\/li><\/ol><p>Muitas vezes, os impostos pagos pelas pessoas sujeitas a este regime n\u00e3o seriam significativamente mais elevados se fossem tributados segundo os procedimentos normais. Os rendimentos provenientes de fontes estrangeiras, tais como bens imobili\u00e1rios ou empresas estrangeiras, n\u00e3o seriam tributados segundo os procedimentos normais. Outros tipos de rendimentos estrangeiros, como dividendos e juros sujeitos a reten\u00e7\u00e3o na fonte, seriam tributados conjuntamente pela Su\u00ed\u00e7a e por outros pa\u00edses de acordo com tratados fiscais.  <\/p><h2>Elegibilidade para a tributa\u00e7\u00e3o baseada nas despesas<\/h2><p>As pessoas que podem beneficiar da tributa\u00e7\u00e3o com base nas despesas devem preencher as seguintes condi\u00e7\u00f5es cumulativas:<\/p><ul><li>N\u00e3o t\u00eam nacionalidade su\u00ed\u00e7a.<\/li><li>Est\u00e3o sujeitos a uma tributa\u00e7\u00e3o ilimitada na Su\u00ed\u00e7a pela primeira vez ou ap\u00f3s uma aus\u00eancia de pelo menos dez anos.<\/li><li>N\u00e3o exercem qualquer atividade remunerada na Su\u00ed\u00e7a.<\/li><\/ul><p>Os contribuintes que pretendam beneficiar da tributa\u00e7\u00e3o com base nas despesas devem apresentar um pedido nesse sentido.<\/p><h2>Base de c\u00e1lculo do imposto sobre o rendimento<\/h2><p>O imposto sobre o rendimento ao abrigo do regime baseado nas despesas \u00e9 calculado com base no custo anual das despesas de subsist\u00eancia incorridas pelo contribuinte e por quaisquer dependentes que vivam na Su\u00ed\u00e7a. O imposto \u00e9 calculado com base no maior dos dois montantes seguintes: <\/p><ul><li>Para pessoas com casa pr\u00f3pria: Sete vezes o valor do aluguer (para casas pr\u00f3prias) ou sete vezes a renda anual (para casas arrendadas).<\/li><li>Para pessoas sem casa pr\u00f3pria (por exemplo, estadia em hotel): Tr\u00eas vezes o custo do alojamento e das refei\u00e7\u00f5es.<\/li><\/ul><p>O imposto baseado nas despesas deve ser, pelo menos, igual \u00e0 soma dos impostos sobre o rendimento e sobre o patrim\u00f3nio calculados de acordo com as taxas normais para o patrim\u00f3nio baseado na Su\u00ed\u00e7a ou para os rendimentos de origem su\u00ed\u00e7a, tais como im\u00f3veis, contas banc\u00e1rias, pens\u00f5es, etc.<\/p><h2>Base de c\u00e1lculo do imposto sobre o patrim\u00f3nio<\/h2><p>Para al\u00e9m do imposto sobre o rendimento, as pessoas singulares abrangidas pelo regime baseado nas despesas devem tamb\u00e9m pagar um imposto sobre o patrim\u00f3nio. Este imposto baseia-se no valor oficial dos bens im\u00f3veis situados no cant\u00e3o de Berna. O montante do imposto sobre o patrim\u00f3nio \u00e9 determinado multiplicando o valor oficial dos im\u00f3veis de Berna pela taxa de imposto aplic\u00e1vel em Berna. Os bens im\u00f3veis estrangeiros n\u00e3o s\u00e3o considerados neste c\u00e1lculo. Para indiv\u00edduos sem bens im\u00f3veis su\u00ed\u00e7os, o imposto sobre a fortuna pode ser calculado com base na sua fortuna total. Neste caso, o montante do imposto sobre a fortuna \u00e9 uma percentagem fixa da sua fortuna total, conforme determinado pelas autoridades fiscais.     <\/p><h2>Resumo<\/h2><p>A tributa\u00e7\u00e3o com base nas despesas \u00e9 um regime que permite aos cidad\u00e3os estrangeiros residentes na Su\u00ed\u00e7a e que n\u00e3o auferem rendimentos su\u00ed\u00e7os pagar impostos com base nas suas despesas de subsist\u00eancia e n\u00e3o nos seus rendimentos. As pessoas eleg\u00edveis devem preencher condi\u00e7\u00f5es espec\u00edficas e candidatar-se ao regime. O imposto de renda \u00e9 calculado com base no custo de vida, enquanto o imposto sobre o patrim\u00f4nio \u00e9 calculado com base no valor dos im\u00f3veis em Berna ou no patrim\u00f4nio total para aqueles que n\u00e3o possuem im\u00f3veis na Su\u00ed\u00e7a.  <\/p><h2>Vantagens e requisitos<\/h2><ol><li><strong>Facilita<\/strong>: Simplifica a avalia\u00e7\u00e3o fiscal para indiv\u00edduos com situa\u00e7\u00f5es financeiras internacionais e complexas.<\/li><li><strong>Atra\u00e7\u00e3o<\/strong>: Incentiva os cidad\u00e3os estrangeiros a estabelecerem-se na Su\u00ed\u00e7a atrav\u00e9s de um procedimento fiscal simplificado.<\/li><\/ol><p>Beneficia da tributa\u00e7\u00e3o baseada nas despesas:<\/p><ul><li>Certifica-te de que cumpres os crit\u00e9rios de elegibilidade.<\/li><li>Candidata-te ao regime.<\/li><li>Calcula o imposto com base no custo de vida e\/ou no valor dos bens imobili\u00e1rios su\u00ed\u00e7os.<\/li><\/ul><p>Dada a complexidade e especificidade das leis fiscais, recomenda-se vivamente a consulta de um consultor fiscal su\u00ed\u00e7o para um aconselhamento personalizado sobre otimiza\u00e7\u00e3o fiscal e gest\u00e3o de patrim\u00f3nio.<\/p>\t\t\t\t\t\t\t\t<\/div>\n\t\t\t\t<\/div>\n\t\t\t\t\t<\/div>\n\t\t<\/div>\n\t\t\t\t\t<\/div>\n\t\t<\/section>\n\t\t\t\t<section class=\"elementor-section elementor-top-section elementor-element elementor-element-717dbcfd elementor-section-full_width elementor-section-height-min-height elementor-section-items-stretch elementor-section-content-middle elementor-section-height-default\" data-id=\"717dbcfd\" data-element_type=\"section\" data-e-type=\"section\" data-settings=\"{&quot;background_background&quot;:&quot;classic&quot;}\">\n\t\t\t\t\t\t<div class=\"elementor-container elementor-column-gap-no\">\n\t\t\t\t\t<div class=\"elementor-column elementor-col-50 elementor-top-column elementor-element elementor-element-14becbd6\" data-id=\"14becbd6\" data-element_type=\"column\" data-e-type=\"column\" data-settings=\"{&quot;background_background&quot;:&quot;classic&quot;}\">\n\t\t\t<div class=\"elementor-widget-wrap elementor-element-populated\">\n\t\t\t\t\t\t<div class=\"elementor-element elementor-element-402d5916 elementor-widget elementor-widget-spacer\" data-id=\"402d5916\" data-element_type=\"widget\" data-e-type=\"widget\" data-widget_type=\"spacer.default\">\n\t\t\t\t<div class=\"elementor-widget-container\">\n\t\t\t\t\t\t\t<div class=\"elementor-spacer\">\n\t\t\t<div class=\"elementor-spacer-inner\"><\/div>\n\t\t<\/div>\n\t\t\t\t\t\t<\/div>\n\t\t\t\t<\/div>\n\t\t\t\t\t<\/div>\n\t\t<\/div>\n\t\t\t\t<div class=\"elementor-column elementor-col-50 elementor-top-column elementor-element elementor-element-11b8447\" data-id=\"11b8447\" data-element_type=\"column\" data-e-type=\"column\" data-settings=\"{&quot;background_background&quot;:&quot;classic&quot;}\">\n\t\t\t<div class=\"elementor-widget-wrap elementor-element-populated\">\n\t\t\t\t\t\t<div class=\"elementor-element elementor-element-20e3933d elementor-widget elementor-widget-heading\" data-id=\"20e3933d\" data-element_type=\"widget\" data-e-type=\"widget\" data-widget_type=\"heading.default\">\n\t\t\t\t<div class=\"elementor-widget-container\">\n\t\t\t\t\t<p class=\"elementor-heading-title elementor-size-default\">Consulta inicial  <\/p>\t\t\t\t<\/div>\n\t\t\t\t<\/div>\n\t\t\t\t<div class=\"elementor-element elementor-element-2025cf4d elementor-widget elementor-widget-heading\" data-id=\"2025cf4d\" data-element_type=\"widget\" data-e-type=\"widget\" data-widget_type=\"heading.default\">\n\t\t\t\t<div class=\"elementor-widget-container\">\n\t\t\t\t\t<p class=\"elementor-heading-title elementor-size-default\">de 60 min a CHF 220.00<\/p>\t\t\t\t<\/div>\n\t\t\t\t<\/div>\n\t\t\t\t<div class=\"elementor-element elementor-element-545abfab elementor-widget elementor-widget-text-editor\" data-id=\"545abfab\" data-element_type=\"widget\" data-e-type=\"widget\" data-widget_type=\"text-editor.default\">\n\t\t\t\t<div class=\"elementor-widget-container\">\n\t\t\t\t\t\t\t\t\tDiscute a tua situa\u00e7\u00e3o com um advogado especializado na Su\u00ed\u00e7a.\n\t\t\t\t\t\t\t\t<\/div>\n\t\t\t\t<\/div>\n\t\t\t\t<div class=\"elementor-element elementor-element-132a8039 elementor-widget-divider--view-line elementor-widget elementor-widget-divider\" data-id=\"132a8039\" data-element_type=\"widget\" data-e-type=\"widget\" data-widget_type=\"divider.default\">\n\t\t\t\t<div class=\"elementor-widget-container\">\n\t\t\t\t\t\t\t<div class=\"elementor-divider\">\n\t\t\t<span class=\"elementor-divider-separator\">\n\t\t\t\t\t\t<\/span>\n\t\t<\/div>\n\t\t\t\t\t\t<\/div>\n\t\t\t\t<\/div>\n\t\t\t\t<div class=\"elementor-element elementor-element-2cff33 elementor-widget elementor-widget-text-editor\" data-id=\"2cff33\" data-element_type=\"widget\" data-e-type=\"widget\" data-widget_type=\"text-editor.default\">\n\t\t\t\t<div class=\"elementor-widget-container\">\n\t\t\t\t\t\t\t\t\t<p>Procuras apenas uma marca\u00e7\u00e3o para fazer algumas perguntas?<br>N\u00e3o tens a certeza sobre os procedimentos que pretendes efetuar?<br>A tua situa\u00e7\u00e3o n\u00e3o \u00e9 clara?<\/p><p><strong>Opta por uma primeira consulta com um advogado em Genebra.<\/strong><\/p><p>Decidir\u00e1s ent\u00e3o se queres prosseguir e os nossos advogados indicar-te-\u00e3o o custo do processo em fun\u00e7\u00e3o do teu caso. Marca\u00e7\u00e3o de consultas presenciais ou por videoconfer\u00eancia. <strong><br><\/strong><\/p>\t\t\t\t\t\t\t\t<\/div>\n\t\t\t\t<\/div>\n\t\t\t\t<div class=\"elementor-element elementor-element-2580239d elementor-align-center elementor-widget elementor-widget-button\" data-id=\"2580239d\" data-element_type=\"widget\" data-e-type=\"widget\" data-widget_type=\"button.default\">\n\t\t\t\t<div class=\"elementor-widget-container\">\n\t\t\t\t\t\t\t\t\t<div class=\"elementor-button-wrapper\">\n\t\t\t\t\t<a class=\"elementor-button elementor-button-link elementor-size-sm\" href=\"https:\/\/www.geneva-lawyers.com\/pt-pt\/contacto\/\">\n\t\t\t\t\t\t<span class=\"elementor-button-content-wrapper\">\n\t\t\t\t\t\t\t\t\t<span class=\"elementor-button-text\">Marca uma consulta com um advogado<\/span>\n\t\t\t\t\t<\/span>\n\t\t\t\t\t<\/a>\n\t\t\t\t<\/div>\n\t\t\t\t\t\t\t\t<\/div>\n\t\t\t\t<\/div>\n\t\t\t\t\t<\/div>\n\t\t<\/div>\n\t\t\t\t\t<\/div>\n\t\t<\/section>\n\t\t\t\t<\/div>\n\t\t","protected":false},"excerpt":{"rendered":"<p>Marca uma consulta com um advogado Tributa\u00e7\u00e3o baseada nas despesas na Su\u00ed\u00e7a A tributa\u00e7\u00e3o baseada nas despesas, tamb\u00e9m conhecida como tributa\u00e7\u00e3o de montante fixo, foi introduzida na Su\u00ed\u00e7a em 1965 no cant\u00e3o de Berna e em 1990 no n\u00edvel federal. Esse regime tribut\u00e1rio tem como alvo os residentes estrangeiros na Su\u00ed\u00e7a que n\u00e3o obt\u00eam nenhuma &#8230; <a title=\"Tributa\u00e7\u00e3o baseada nas despesas na Su\u00ed\u00e7a\" class=\"read-more\" href=\"https:\/\/www.geneva-lawyers.com\/pt-pt\/tributacao-baseada-despesas-suica\/\" aria-label=\"Leia mais sobre Tributa\u00e7\u00e3o baseada nas despesas na Su\u00ed\u00e7a\">Ler mais<\/a><\/p>\n","protected":false},"author":1,"featured_media":0,"parent":0,"menu_order":0,"comment_status":"closed","ping_status":"closed","template":"elementor_header_footer","meta":{"_acf_changed":false,"_seopress_robots_primary_cat":"","_seopress_titles_title":"","_seopress_titles_desc":"","_seopress_robots_index":"","footnotes":""},"class_list":["post-32355","page","type-page","status-publish"],"acf":[],"_links":{"self":[{"href":"https:\/\/www.geneva-lawyers.com\/pt-pt\/wp-json\/wp\/v2\/pages\/32355","targetHints":{"allow":["GET"]}}],"collection":[{"href":"https:\/\/www.geneva-lawyers.com\/pt-pt\/wp-json\/wp\/v2\/pages"}],"about":[{"href":"https:\/\/www.geneva-lawyers.com\/pt-pt\/wp-json\/wp\/v2\/types\/page"}],"author":[{"embeddable":true,"href":"https:\/\/www.geneva-lawyers.com\/pt-pt\/wp-json\/wp\/v2\/users\/1"}],"replies":[{"embeddable":true,"href":"https:\/\/www.geneva-lawyers.com\/pt-pt\/wp-json\/wp\/v2\/comments?post=32355"}],"version-history":[{"count":6,"href":"https:\/\/www.geneva-lawyers.com\/pt-pt\/wp-json\/wp\/v2\/pages\/32355\/revisions"}],"predecessor-version":[{"id":34148,"href":"https:\/\/www.geneva-lawyers.com\/pt-pt\/wp-json\/wp\/v2\/pages\/32355\/revisions\/34148"}],"wp:attachment":[{"href":"https:\/\/www.geneva-lawyers.com\/pt-pt\/wp-json\/wp\/v2\/media?parent=32355"}],"curies":[{"name":"wp","href":"https:\/\/api.w.org\/{rel}","templated":true}]}}