{"id":32363,"date":"2024-05-23T13:51:16","date_gmt":"2024-05-23T11:51:16","guid":{"rendered":"https:\/\/www.geneva-lawyers.com\/imposto-sobre-o-patrimonio-na-suica\/"},"modified":"2025-04-14T14:30:45","modified_gmt":"2025-04-14T12:30:45","slug":"imposto-sobre-patrimonio-suica","status":"publish","type":"page","link":"https:\/\/www.geneva-lawyers.com\/pt-pt\/imposto-sobre-patrimonio-suica\/","title":{"rendered":"Imposto sobre o patrim\u00f3nio na Su\u00ed\u00e7a"},"content":{"rendered":"\t\t<div data-elementor-type=\"wp-page\" data-elementor-id=\"32363\" class=\"elementor elementor-32363 elementor-29305\" data-elementor-post-type=\"page\">\n\t\t\t\t\t\t<section class=\"elementor-section elementor-top-section elementor-element elementor-element-2b4e83b8 elementor-section-boxed elementor-section-height-default elementor-section-height-default\" data-id=\"2b4e83b8\" data-element_type=\"section\" data-e-type=\"section\" data-settings=\"{&quot;background_background&quot;:&quot;classic&quot;}\">\n\t\t\t\t\t\t\t<div class=\"elementor-background-overlay\"><\/div>\n\t\t\t\t\t\t\t<div class=\"elementor-container elementor-column-gap-default\">\n\t\t\t\t\t<div class=\"elementor-column elementor-col-100 elementor-top-column elementor-element elementor-element-1db2d0d1\" data-id=\"1db2d0d1\" data-element_type=\"column\" data-e-type=\"column\">\n\t\t\t<div class=\"elementor-widget-wrap elementor-element-populated\">\n\t\t\t\t\t\t<div class=\"elementor-element elementor-element-4762150a elementor-widget-divider--view-line elementor-widget elementor-widget-divider\" data-id=\"4762150a\" data-element_type=\"widget\" data-e-type=\"widget\" data-widget_type=\"divider.default\">\n\t\t\t\t<div class=\"elementor-widget-container\">\n\t\t\t\t\t\t\t<div class=\"elementor-divider\">\n\t\t\t<span class=\"elementor-divider-separator\">\n\t\t\t\t\t\t<\/span>\n\t\t<\/div>\n\t\t\t\t\t\t<\/div>\n\t\t\t\t<\/div>\n\t\t\t\t<div class=\"elementor-element elementor-element-4ac83952 elementor-align-center elementor-widget elementor-widget-button\" data-id=\"4ac83952\" data-element_type=\"widget\" data-e-type=\"widget\" data-widget_type=\"button.default\">\n\t\t\t\t<div class=\"elementor-widget-container\">\n\t\t\t\t\t\t\t\t\t<div class=\"elementor-button-wrapper\">\n\t\t\t\t\t<a class=\"elementor-button elementor-button-link elementor-size-sm\" href=\"https:\/\/www.geneva-lawyers.com\/pt-pt\/contacto\/\">\n\t\t\t\t\t\t<span class=\"elementor-button-content-wrapper\">\n\t\t\t\t\t\t\t\t\t<span class=\"elementor-button-text\">Marca uma consulta com um advogado<\/span>\n\t\t\t\t\t<\/span>\n\t\t\t\t\t<\/a>\n\t\t\t\t<\/div>\n\t\t\t\t\t\t\t\t<\/div>\n\t\t\t\t<\/div>\n\t\t\t\t\t<\/div>\n\t\t<\/div>\n\t\t\t\t\t<\/div>\n\t\t<\/section>\n\t\t\t\t<section class=\"elementor-section elementor-top-section elementor-element elementor-element-49d45626 elementor-section-boxed elementor-section-height-default elementor-section-height-default\" data-id=\"49d45626\" data-element_type=\"section\" data-e-type=\"section\">\n\t\t\t\t\t\t<div class=\"elementor-container elementor-column-gap-default\">\n\t\t\t\t\t<div class=\"elementor-column elementor-col-100 elementor-top-column elementor-element elementor-element-eab7b57\" data-id=\"eab7b57\" data-element_type=\"column\" data-e-type=\"column\">\n\t\t\t<div class=\"elementor-widget-wrap elementor-element-populated\">\n\t\t\t\t\t\t<div class=\"elementor-element elementor-element-35196123 elementor-widget elementor-widget-heading\" data-id=\"35196123\" data-element_type=\"widget\" data-e-type=\"widget\" data-widget_type=\"heading.default\">\n\t\t\t\t<div class=\"elementor-widget-container\">\n\t\t\t\t\t<h2 class=\"elementor-heading-title elementor-size-default\">Imposto sobre o patrim\u00f3nio na Su\u00ed\u00e7a\n<\/h2>\t\t\t\t<\/div>\n\t\t\t\t<\/div>\n\t\t\t\t<div class=\"elementor-element elementor-element-29d6d742 elementor-widget-divider--view-line elementor-widget elementor-widget-divider\" data-id=\"29d6d742\" data-element_type=\"widget\" data-e-type=\"widget\" data-widget_type=\"divider.default\">\n\t\t\t\t<div class=\"elementor-widget-container\">\n\t\t\t\t\t\t\t<div class=\"elementor-divider\">\n\t\t\t<span class=\"elementor-divider-separator\">\n\t\t\t\t\t\t<\/span>\n\t\t<\/div>\n\t\t\t\t\t\t<\/div>\n\t\t\t\t<\/div>\n\t\t\t\t<div class=\"elementor-element elementor-element-6f5882b6 elementor-widget elementor-widget-text-editor\" data-id=\"6f5882b6\" data-element_type=\"widget\" data-e-type=\"widget\" data-widget_type=\"text-editor.default\">\n\t\t\t\t<div class=\"elementor-widget-container\">\n\t\t\t\t\t\t\t\t\t<p>O imposto sobre o patrim\u00f3nio \u00e9 um imposto que incide sobre o valor total dos bens de um indiv\u00edduo. Na Su\u00ed\u00e7a, este imposto \u00e9 de compet\u00eancia cantonal, o que significa que as regras e as taxas variam de cant\u00e3o para cant\u00e3o. No entanto, todos os cant\u00f5es aplicam uma taxa de imposto progressiva, o que significa que quanto maior for o patrim\u00f3nio de um indiv\u00edduo, maior ser\u00e1 a taxa de imposto. O principal objetivo do imposto sobre o patrim\u00f3nio \u00e9 assegurar uma distribui\u00e7\u00e3o equitativa da riqueza na sociedade su\u00ed\u00e7a e incentivar as pessoas a investirem o seu dinheiro.   <\/p><h2>Obriga\u00e7\u00e3o fiscal<\/h2><p>Na Su\u00ed\u00e7a, a sujei\u00e7\u00e3o ao imposto sobre o patrim\u00f3nio depende do valor l\u00edquido dos bens do contribuinte. As pessoas singulares com um patrim\u00f3nio l\u00edquido superior a um determinado limiar est\u00e3o sujeitas a este imposto. Este limiar varia consoante o cant\u00e3o e pode tamb\u00e9m depender da situa\u00e7\u00e3o familiar do contribuinte. De acordo com o Art. 3 para. 1 da LHID, as pessoas singulares est\u00e3o sujeitas ao imposto sobre o patrim\u00f3nio se estiverem domiciliadas no cant\u00e3o ou se a\u00ed tiverem residido continuamente durante, pelo menos, 30 dias enquanto trabalhavam ou 90 dias sem trabalhar. \u00c9 o chamado v\u00ednculo pessoal. Uma pessoa \u00e9 considerada domiciliada no cant\u00e3o se a\u00ed residir com a inten\u00e7\u00e3o de estabelecer uma resid\u00eancia permanente (art. 3.\u00ba, n.\u00ba 2 da LHID). As pessoas que n\u00e3o est\u00e3o domiciliadas nem residem no cant\u00e3o est\u00e3o sujeitas ao imposto sobre o patrim\u00f3nio se explorarem uma empresa, mantiverem um estabelecimento permanente, possu\u00edrem bens imobili\u00e1rios, usufru\u00edrem de bens imobili\u00e1rios ou se dedicarem ao com\u00e9rcio de bens imobili\u00e1rios no cant\u00e3o. Isto \u00e9 conhecido como liga\u00e7\u00e3o econ\u00f3mica.        <\/p><h2>C\u00e1lculo do imposto sobre o patrim\u00f3nio<\/h2><p>De acordo com o Art. 13 para. 1 da LHID, o patrim\u00f3nio l\u00edquido de uma pessoa singular constitui a mat\u00e9ria colet\u00e1vel do imposto sobre o patrim\u00f3nio. O c\u00e1lculo baseia-se numa escala progressiva, que varia consoante o cant\u00e3o. Em geral, quanto mais elevado for o patrim\u00f3nio l\u00edquido de um contribuinte, mais elevada \u00e9 a taxa de imposto. O c\u00e1lculo tamb\u00e9m tem em conta determinados elementos do patrim\u00f3nio dedut\u00edveis ou n\u00e3o tribut\u00e1veis. O imposto sobre o patrim\u00f3nio \u00e9 normalmente calculado anualmente, exigindo que os contribuintes declarem o valor dos seus bens todos os anos \u00e0 autoridade fiscal do seu cant\u00e3o.     <\/p><p>O conceito de patrim\u00f3nio inclui todos os bens e direitos de propriedade, como im\u00f3veis, ac\u00e7\u00f5es, obriga\u00e7\u00f5es, contas banc\u00e1rias, ve\u00edculos e objectos de valor. Todos estes componentes do patrim\u00f3nio de um indiv\u00edduo s\u00e3o considerados no c\u00e1lculo do imposto sobre o patrim\u00f3nio. O valor \u00e9 geralmente estimado ao valor de mercado, embora o valor de rendimento tamb\u00e9m possa ser considerado (art. 14.\u00ba da LHID).  <\/p><h2>Activos n\u00e3o tribut\u00e1veis<\/h2><p>O imposto sobre o patrim\u00f3nio \u00e9 um imposto cantonal e comunal na Su\u00ed\u00e7a, o que significa que a sua aplica\u00e7\u00e3o varia consoante o cant\u00e3o. Geralmente, o imposto \u00e9 calculado com base no valor l\u00edquido dos bens de um contribuinte, menos as d\u00edvidas e as despesas dedut\u00edveis. Entretanto, determinados bens s\u00e3o explicitamente exclu\u00eddos do c\u00e1lculo do imposto, seja porque s\u00e3o considerados n\u00e3o tribut\u00e1veis por lei ou porque est\u00e3o isentos de acordo com uma conven\u00e7\u00e3o tribut\u00e1ria internacional. Estes activos continuam a ser considerados na determina\u00e7\u00e3o da taxa de imposto aplic\u00e1vel.   <\/p><p>Os activos n\u00e3o tribut\u00e1veis na Su\u00ed\u00e7a incluem normalmente:<\/p><ol><li><strong>Bens m\u00f3veis e im\u00f3veis no estrangeiro<\/strong>: Im\u00f3veis situados fora da Su\u00ed\u00e7a.<\/li><li><strong>Objectos do quotidiano<\/strong>: Artigos de uso dom\u00e9stico, como mobili\u00e1rio.<\/li><li><strong>Benef\u00edcios de pens\u00f5es<\/strong>: Activos de pens\u00f5es.<\/li><\/ol><p>Dada a complexidade das leis fiscais e a natureza \u00fanica de cada caso, recomenda-se vivamente a consulta de um advogado fiscal su\u00ed\u00e7o para obter aconselhamento personalizado sobre otimiza\u00e7\u00e3o fiscal e gest\u00e3o de patrim\u00f3nio.<\/p><h2>Dedu\u00e7\u00f5es poss\u00edveis<\/h2><p>Para al\u00e9m dos activos n\u00e3o tribut\u00e1veis, determinados montantes podem ser deduzidos do patrim\u00f3nio total para efeitos de c\u00e1lculo do imposto sobre o patrim\u00f3nio. Estas dedu\u00e7\u00f5es incluem normalmente: <\/p><ol><li><strong>D\u00edvidas<\/strong>: As d\u00edvidas podem ser subtra\u00eddas ao valor l\u00edquido do patrim\u00f3nio de um indiv\u00edduo.<\/li><li><strong>Despesas familiares<\/strong>: Podes deduzir despesas como a pens\u00e3o de alimentos, os custos de guarda de crian\u00e7as e as propinas escolares.<\/li><li><strong>Donativos<\/strong>: As contribui\u00e7\u00f5es para organiza\u00e7\u00f5es sem fins lucrativos podem ser deduzidas, embora as regras para os donativos dedut\u00edveis variem consoante o cant\u00e3o.<\/li><\/ol><p>Compreender e utilizar estas dedu\u00e7\u00f5es pode reduzir significativamente a carga fiscal sobre o patrim\u00f3nio. Consultar um profissional da \u00e1rea fiscal pode ajudar a garantir que todas as dedu\u00e7\u00f5es eleg\u00edveis s\u00e3o reclamadas. <\/p>\t\t\t\t\t\t\t\t<\/div>\n\t\t\t\t<\/div>\n\t\t\t\t\t<\/div>\n\t\t<\/div>\n\t\t\t\t\t<\/div>\n\t\t<\/section>\n\t\t\t\t<section class=\"elementor-section elementor-top-section elementor-element elementor-element-609765b2 elementor-section-full_width elementor-section-height-min-height elementor-section-items-stretch elementor-section-content-middle elementor-section-height-default\" data-id=\"609765b2\" data-element_type=\"section\" data-e-type=\"section\" data-settings=\"{&quot;background_background&quot;:&quot;classic&quot;}\">\n\t\t\t\t\t\t<div class=\"elementor-container elementor-column-gap-no\">\n\t\t\t\t\t<div class=\"elementor-column elementor-col-50 elementor-top-column elementor-element elementor-element-58284ea7\" data-id=\"58284ea7\" data-element_type=\"column\" data-e-type=\"column\" data-settings=\"{&quot;background_background&quot;:&quot;classic&quot;}\">\n\t\t\t<div class=\"elementor-widget-wrap elementor-element-populated\">\n\t\t\t\t\t\t<div class=\"elementor-element elementor-element-13cbe044 elementor-widget elementor-widget-spacer\" data-id=\"13cbe044\" data-element_type=\"widget\" data-e-type=\"widget\" data-widget_type=\"spacer.default\">\n\t\t\t\t<div class=\"elementor-widget-container\">\n\t\t\t\t\t\t\t<div class=\"elementor-spacer\">\n\t\t\t<div class=\"elementor-spacer-inner\"><\/div>\n\t\t<\/div>\n\t\t\t\t\t\t<\/div>\n\t\t\t\t<\/div>\n\t\t\t\t\t<\/div>\n\t\t<\/div>\n\t\t\t\t<div class=\"elementor-column elementor-col-50 elementor-top-column elementor-element elementor-element-4f490d2b\" data-id=\"4f490d2b\" data-element_type=\"column\" data-e-type=\"column\" data-settings=\"{&quot;background_background&quot;:&quot;classic&quot;}\">\n\t\t\t<div class=\"elementor-widget-wrap elementor-element-populated\">\n\t\t\t\t\t\t<div class=\"elementor-element elementor-element-670e93d0 elementor-widget elementor-widget-heading\" data-id=\"670e93d0\" data-element_type=\"widget\" data-e-type=\"widget\" data-widget_type=\"heading.default\">\n\t\t\t\t<div class=\"elementor-widget-container\">\n\t\t\t\t\t<p class=\"elementor-heading-title elementor-size-default\">Consulta inicial  <\/p>\t\t\t\t<\/div>\n\t\t\t\t<\/div>\n\t\t\t\t<div class=\"elementor-element elementor-element-5d62b90a elementor-widget elementor-widget-heading\" data-id=\"5d62b90a\" data-element_type=\"widget\" data-e-type=\"widget\" data-widget_type=\"heading.default\">\n\t\t\t\t<div class=\"elementor-widget-container\">\n\t\t\t\t\t<p class=\"elementor-heading-title elementor-size-default\">de 60 min a CHF 220.00<\/p>\t\t\t\t<\/div>\n\t\t\t\t<\/div>\n\t\t\t\t<div class=\"elementor-element elementor-element-4be33aff elementor-widget elementor-widget-text-editor\" data-id=\"4be33aff\" data-element_type=\"widget\" data-e-type=\"widget\" data-widget_type=\"text-editor.default\">\n\t\t\t\t<div class=\"elementor-widget-container\">\n\t\t\t\t\t\t\t\t\tDiscute a tua situa\u00e7\u00e3o com um advogado especializado na Su\u00ed\u00e7a.\n\t\t\t\t\t\t\t\t<\/div>\n\t\t\t\t<\/div>\n\t\t\t\t<div class=\"elementor-element elementor-element-60d2b9be elementor-widget-divider--view-line elementor-widget elementor-widget-divider\" data-id=\"60d2b9be\" data-element_type=\"widget\" data-e-type=\"widget\" data-widget_type=\"divider.default\">\n\t\t\t\t<div class=\"elementor-widget-container\">\n\t\t\t\t\t\t\t<div class=\"elementor-divider\">\n\t\t\t<span class=\"elementor-divider-separator\">\n\t\t\t\t\t\t<\/span>\n\t\t<\/div>\n\t\t\t\t\t\t<\/div>\n\t\t\t\t<\/div>\n\t\t\t\t<div class=\"elementor-element elementor-element-62dd7c72 elementor-widget elementor-widget-text-editor\" data-id=\"62dd7c72\" data-element_type=\"widget\" data-e-type=\"widget\" data-widget_type=\"text-editor.default\">\n\t\t\t\t<div class=\"elementor-widget-container\">\n\t\t\t\t\t\t\t\t\t<p>Procuras apenas uma marca\u00e7\u00e3o para fazer algumas perguntas?<br>N\u00e3o tens a certeza sobre os procedimentos que pretendes efetuar?<br>A tua situa\u00e7\u00e3o n\u00e3o \u00e9 clara?<\/p><p><strong>Opta por uma primeira consulta com um advogado em Genebra.<\/strong><\/p><p>Decidir\u00e1s ent\u00e3o se queres prosseguir e os nossos advogados indicar-te-\u00e3o o custo do processo em fun\u00e7\u00e3o do teu caso. Marca\u00e7\u00e3o de consultas presenciais ou por videoconfer\u00eancia. <strong><br><\/strong><\/p>\t\t\t\t\t\t\t\t<\/div>\n\t\t\t\t<\/div>\n\t\t\t\t<div class=\"elementor-element elementor-element-53731dad elementor-align-center elementor-widget elementor-widget-button\" data-id=\"53731dad\" data-element_type=\"widget\" data-e-type=\"widget\" data-widget_type=\"button.default\">\n\t\t\t\t<div class=\"elementor-widget-container\">\n\t\t\t\t\t\t\t\t\t<div class=\"elementor-button-wrapper\">\n\t\t\t\t\t<a class=\"elementor-button elementor-button-link elementor-size-sm\" href=\"https:\/\/www.geneva-lawyers.com\/pt-pt\/contacto\/\">\n\t\t\t\t\t\t<span class=\"elementor-button-content-wrapper\">\n\t\t\t\t\t\t\t\t\t<span class=\"elementor-button-text\">Marca uma consulta com um advogado<\/span>\n\t\t\t\t\t<\/span>\n\t\t\t\t\t<\/a>\n\t\t\t\t<\/div>\n\t\t\t\t\t\t\t\t<\/div>\n\t\t\t\t<\/div>\n\t\t\t\t\t<\/div>\n\t\t<\/div>\n\t\t\t\t\t<\/div>\n\t\t<\/section>\n\t\t\t\t<\/div>\n\t\t","protected":false},"excerpt":{"rendered":"<p>Marca uma consulta com um advogado Imposto sobre o patrim\u00f3nio na Su\u00ed\u00e7a O imposto sobre o patrim\u00f3nio \u00e9 um imposto que incide sobre o valor total dos bens de um indiv\u00edduo. Na Su\u00ed\u00e7a, este imposto \u00e9 de compet\u00eancia cantonal, o que significa que as regras e as taxas variam de cant\u00e3o para cant\u00e3o. No entanto, &#8230; <a title=\"Imposto sobre o patrim\u00f3nio na Su\u00ed\u00e7a\" class=\"read-more\" href=\"https:\/\/www.geneva-lawyers.com\/pt-pt\/imposto-sobre-patrimonio-suica\/\" aria-label=\"Leia mais sobre Imposto sobre o patrim\u00f3nio na Su\u00ed\u00e7a\">Ler mais<\/a><\/p>\n","protected":false},"author":1,"featured_media":0,"parent":0,"menu_order":0,"comment_status":"closed","ping_status":"closed","template":"elementor_header_footer","meta":{"_acf_changed":false,"_seopress_robots_primary_cat":"","_seopress_titles_title":"","_seopress_titles_desc":"","_seopress_robots_index":"","footnotes":""},"class_list":["post-32363","page","type-page","status-publish"],"acf":[],"_links":{"self":[{"href":"https:\/\/www.geneva-lawyers.com\/pt-pt\/wp-json\/wp\/v2\/pages\/32363","targetHints":{"allow":["GET"]}}],"collection":[{"href":"https:\/\/www.geneva-lawyers.com\/pt-pt\/wp-json\/wp\/v2\/pages"}],"about":[{"href":"https:\/\/www.geneva-lawyers.com\/pt-pt\/wp-json\/wp\/v2\/types\/page"}],"author":[{"embeddable":true,"href":"https:\/\/www.geneva-lawyers.com\/pt-pt\/wp-json\/wp\/v2\/users\/1"}],"replies":[{"embeddable":true,"href":"https:\/\/www.geneva-lawyers.com\/pt-pt\/wp-json\/wp\/v2\/comments?post=32363"}],"version-history":[{"count":6,"href":"https:\/\/www.geneva-lawyers.com\/pt-pt\/wp-json\/wp\/v2\/pages\/32363\/revisions"}],"predecessor-version":[{"id":33702,"href":"https:\/\/www.geneva-lawyers.com\/pt-pt\/wp-json\/wp\/v2\/pages\/32363\/revisions\/33702"}],"wp:attachment":[{"href":"https:\/\/www.geneva-lawyers.com\/pt-pt\/wp-json\/wp\/v2\/media?parent=32363"}],"curies":[{"name":"wp","href":"https:\/\/api.w.org\/{rel}","templated":true}]}}