{"id":32378,"date":"2024-05-23T13:43:39","date_gmt":"2024-05-23T11:43:39","guid":{"rendered":"https:\/\/www.geneva-lawyers.com\/deducoes-fiscais-na-suica\/"},"modified":"2025-04-14T15:29:49","modified_gmt":"2025-04-14T13:29:49","slug":"deducoes-fiscais-suica","status":"publish","type":"page","link":"https:\/\/www.geneva-lawyers.com\/pt-pt\/deducoes-fiscais-suica\/","title":{"rendered":"Dedu\u00e7\u00f5es fiscais na Su\u00ed\u00e7a"},"content":{"rendered":"\t\t<div data-elementor-type=\"wp-page\" data-elementor-id=\"32378\" class=\"elementor elementor-32378 elementor-29287\" data-elementor-post-type=\"page\">\n\t\t\t\t\t\t<section class=\"elementor-section elementor-top-section elementor-element elementor-element-2724a6fd elementor-section-boxed elementor-section-height-default elementor-section-height-default\" data-id=\"2724a6fd\" data-element_type=\"section\" data-e-type=\"section\" data-settings=\"{&quot;background_background&quot;:&quot;classic&quot;}\">\n\t\t\t\t\t\t\t<div class=\"elementor-background-overlay\"><\/div>\n\t\t\t\t\t\t\t<div class=\"elementor-container elementor-column-gap-default\">\n\t\t\t\t\t<div class=\"elementor-column elementor-col-100 elementor-top-column elementor-element elementor-element-1a3c0364\" data-id=\"1a3c0364\" data-element_type=\"column\" data-e-type=\"column\">\n\t\t\t<div class=\"elementor-widget-wrap elementor-element-populated\">\n\t\t\t\t\t\t<div class=\"elementor-element elementor-element-336d721f elementor-widget-divider--view-line elementor-widget elementor-widget-divider\" data-id=\"336d721f\" data-element_type=\"widget\" data-e-type=\"widget\" data-widget_type=\"divider.default\">\n\t\t\t\t<div class=\"elementor-widget-container\">\n\t\t\t\t\t\t\t<div class=\"elementor-divider\">\n\t\t\t<span class=\"elementor-divider-separator\">\n\t\t\t\t\t\t<\/span>\n\t\t<\/div>\n\t\t\t\t\t\t<\/div>\n\t\t\t\t<\/div>\n\t\t\t\t<div class=\"elementor-element elementor-element-43775e45 elementor-align-center elementor-widget elementor-widget-button\" data-id=\"43775e45\" data-element_type=\"widget\" data-e-type=\"widget\" data-widget_type=\"button.default\">\n\t\t\t\t<div class=\"elementor-widget-container\">\n\t\t\t\t\t\t\t\t\t<div class=\"elementor-button-wrapper\">\n\t\t\t\t\t<a class=\"elementor-button elementor-button-link elementor-size-sm\" href=\"https:\/\/www.geneva-lawyers.com\/pt-pt\/contacto\/\">\n\t\t\t\t\t\t<span class=\"elementor-button-content-wrapper\">\n\t\t\t\t\t\t\t\t\t<span class=\"elementor-button-text\">Marca uma consulta com um advogado<\/span>\n\t\t\t\t\t<\/span>\n\t\t\t\t\t<\/a>\n\t\t\t\t<\/div>\n\t\t\t\t\t\t\t\t<\/div>\n\t\t\t\t<\/div>\n\t\t\t\t\t<\/div>\n\t\t<\/div>\n\t\t\t\t\t<\/div>\n\t\t<\/section>\n\t\t\t\t<section class=\"elementor-section elementor-top-section elementor-element elementor-element-2c285b96 elementor-section-boxed elementor-section-height-default elementor-section-height-default\" data-id=\"2c285b96\" data-element_type=\"section\" data-e-type=\"section\">\n\t\t\t\t\t\t<div class=\"elementor-container elementor-column-gap-default\">\n\t\t\t\t\t<div class=\"elementor-column elementor-col-100 elementor-top-column elementor-element elementor-element-2dacf181\" data-id=\"2dacf181\" data-element_type=\"column\" data-e-type=\"column\">\n\t\t\t<div class=\"elementor-widget-wrap elementor-element-populated\">\n\t\t\t\t\t\t<div class=\"elementor-element elementor-element-65d084f elementor-widget elementor-widget-heading\" data-id=\"65d084f\" data-element_type=\"widget\" data-e-type=\"widget\" data-widget_type=\"heading.default\">\n\t\t\t\t<div class=\"elementor-widget-container\">\n\t\t\t\t\t<h2 class=\"elementor-heading-title elementor-size-default\">Dedu\u00e7\u00f5es fiscais na Su\u00ed\u00e7a\n<\/h2>\t\t\t\t<\/div>\n\t\t\t\t<\/div>\n\t\t\t\t<div class=\"elementor-element elementor-element-117ad461 elementor-widget-divider--view-line elementor-widget elementor-widget-divider\" data-id=\"117ad461\" data-element_type=\"widget\" data-e-type=\"widget\" data-widget_type=\"divider.default\">\n\t\t\t\t<div class=\"elementor-widget-container\">\n\t\t\t\t\t\t\t<div class=\"elementor-divider\">\n\t\t\t<span class=\"elementor-divider-separator\">\n\t\t\t\t\t\t<\/span>\n\t\t<\/div>\n\t\t\t\t\t\t<\/div>\n\t\t\t\t<\/div>\n\t\t\t\t<div class=\"elementor-element elementor-element-f533ae6 elementor-widget elementor-widget-text-editor\" data-id=\"f533ae6\" data-element_type=\"widget\" data-e-type=\"widget\" data-widget_type=\"text-editor.default\">\n\t\t\t\t<div class=\"elementor-widget-container\">\n\t\t\t\t\t\t\t\t\t<p>As dedu\u00e7\u00f5es fiscais oferecem um al\u00edvio financeiro, pois permitem que as empresas reduzam sua renda tribut\u00e1vel. Na Su\u00ed\u00e7a, essas dedu\u00e7\u00f5es est\u00e3o dispon\u00edveis tanto para pessoas f\u00edsicas quanto para pessoas jur\u00eddicas, sujeitas a condi\u00e7\u00f5es espec\u00edficas. As regras para dedu\u00e7\u00f5es do imposto de renda de pessoas jur\u00eddicas s\u00e3o definidas principalmente na Lei Federal sobre a Tributa\u00e7\u00e3o Federal Direta (LIFD) e na Lei Federal sobre a Harmoniza\u00e7\u00e3o dos Impostos Diretos Cantonais e Comunais (LHID).  <\/p><h2>Tipos de dedu\u00e7\u00f5es fiscais para empresas na Su\u00ed\u00e7a<\/h2><p>As empresas su\u00ed\u00e7as podem beneficiar-se de diversas dedu\u00e7\u00f5es fiscais. Todas as despesas justificadas pelo uso comercial s\u00e3o dedut\u00edveis (Art. 59 LIFD; 13 LIPM). Os principais tipos de dedu\u00e7\u00f5es incluem:  <\/p><ol><li><strong>Despesas profissionais (art. 26\u00ba ff LIFD)<\/strong>: S\u00e3o despesas fundamentais necess\u00e1rias ao funcionamento da empresa, incluindo juros passivos, sal\u00e1rios e rendas.<\/li><li><strong>Deprecia\u00e7\u00e3o (art. 28.\u00ba da LIFD)<\/strong>: Permite \u00e0s empresas reduzir o valor dos activos fixos ao longo do tempo devido ao desgaste, obsolesc\u00eancia ou outras raz\u00f5es v\u00e1lidas.<\/li><li><strong>Provis\u00f5es (art. 29.\u00ba da LIFD)<\/strong>: S\u00e3o gastos dedut\u00edveis reservados para cobrir perdas ou passivos futuros prov\u00e1veis, cuja quantia exacta ou impacto n\u00e3o possa ser determinado com seguran\u00e7a.<\/li><li><strong>Despesas de investiga\u00e7\u00e3o e desenvolvimento (I&amp;D) (Art. 63 al. 1 let. d LIFD)<\/strong>: Os custos incorridos com I&amp;D subcontratados a terceiros s\u00e3o geralmente dedut\u00edveis. Algumas leis cantonais podem oferecer dedu\u00e7\u00f5es adicionais para estas despesas (Art. 25a LHID). <\/li><li><strong>Dedu\u00e7\u00e3o de juros nocionais<\/strong>: Sob certas condi\u00e7\u00f5es, os juros nocionais sobre o capital de seguran\u00e7a podem ser dedut\u00edveis a n\u00edvel cantonal.<\/li><li><strong>Reporte de preju\u00edzos fiscais (Art. 31\u00ba e 67\u00ba LIFD)<\/strong>: As empresas podem deduzir ao lucro tribut\u00e1vel corrente os preju\u00edzos fiscais ocorridos nos sete exerc\u00edcios anteriores, desde que n\u00e3o tenham sido previamente contabilizados.<\/li><li><strong>Impostos (Art. 59 LIFD)<\/strong>: Os impostos federais, cantonais e comunais pagos pela empresa s\u00e3o dedut\u00edveis, exceto as multas fiscais.<\/li><\/ol><h2>Como as empresas podem beneficiar de dedu\u00e7\u00f5es fiscais na Su\u00ed\u00e7a<\/h2><p>Para se beneficiar das dedu\u00e7\u00f5es fiscais, as empresas devem atender a crit\u00e9rios espec\u00edficos. Elas devem estar registradas na Su\u00ed\u00e7a e sujeitas ao imposto sobre as sociedades. Al\u00e9m disso, as empresas devem cumprir as condi\u00e7\u00f5es para cada tipo de dedu\u00e7\u00e3o:  <\/p><ul><li><strong>Despesas profissionais<\/strong>: As empresas t\u00eam de demonstrar que estas despesas s\u00e3o necess\u00e1rias para as suas actividades e proporcionais ao rendimento gerado. Devem igualmente conservar provas e recibos das despesas efectuadas. <\/li><li><strong>Amortiza\u00e7\u00f5es<\/strong>: Calculada com base na vida econ\u00f3mica de cada ativo fixo, segundo os m\u00e9todos aceites pelas normas contabil\u00edsticas su\u00ed\u00e7as (art. 62.\u00ba da LIFD). As empresas devem manter um plano de amortiza\u00e7\u00e3o e inclu\u00ed-lo nas suas declara\u00e7\u00f5es fiscais anuais. <\/li><li><strong>Provis\u00f5es<\/strong>: Calculadas com base na extens\u00e3o estimada de prov\u00e1veis perdas ou despesas futuras, n\u00e3o abrangendo perdas ou despesas j\u00e1 incorridas ou conhecidas no momento da constitui\u00e7\u00e3o da provis\u00e3o. As condi\u00e7\u00f5es espec\u00edficas s\u00e3o enumeradas no Art. 63.\u00ba DA LIFD. <\/li><li><strong>Reporte de preju\u00edzos fiscais<\/strong>: As empresas podem deduzir os preju\u00edzos dos sete anos fiscais anteriores, se ainda n\u00e3o tiverem sido utilizados (art. 67.\u00ba da LIFD).<\/li><\/ul><h2>Exemplos pr\u00e1ticos de dedu\u00e7\u00f5es fiscais para empresas na Su\u00ed\u00e7a<\/h2><ul><li><strong>Despesas profissionais<\/strong>: Uma empresa de marketing pode deduzir os custos de publicidade para um cliente e as despesas de desloca\u00e7\u00e3o para visitas a clientes.<\/li><li><strong>Deprecia\u00e7\u00e3o<\/strong>: Uma empresa que compra uma m\u00e1quina por CHF 100.000 com uma vida \u00fatil de 10 anos e um valor residual de CHF 10.000 pode deduzir uma amortiza\u00e7\u00e3o anual de CHF 9.000 (CHF 90.000 \/ 10 anos).<\/li><li><strong>Provis\u00f5es<\/strong>: Uma empresa que vende produtos pode constituir uma provis\u00e3o para potenciais recolhas de produtos devido a defeitos de qualidade. Se a probabilidade de retirada for de 5% e o custo estimado for de CHF 50.000, a empresa pode criar uma provis\u00e3o de CHF 2.500 (5% de CHF 50.000). <\/li><\/ul><h2>Dicas para maximizar as dedu\u00e7\u00f5es fiscais para empresas na Su\u00ed\u00e7a<\/h2><p>Para maximizar as dedu\u00e7\u00f5es fiscais, as empresas devem:<\/p><ol><li><strong>Mant\u00e9m registos detalhados<\/strong>: Mant\u00e9m uma documenta\u00e7\u00e3o completa de todas as despesas da empresa, incluindo facturas, recibos e contratos.<\/li><li><strong>Planeamento fiscal<\/strong>: Considera o adiamento de rendimentos ou despesas para otimizar a posi\u00e7\u00e3o fiscal. Isto pode ajudar-te a tirar o m\u00e1ximo partido das dedu\u00e7\u00f5es dispon\u00edveis. <\/li><li><strong>Consulta um consultor fiscal<\/strong>: Consulta regularmente um consultor fiscal para te manteres informado sobre as altera\u00e7\u00f5es \u00e0 legisla\u00e7\u00e3o fiscal e garantires o cumprimento de todas as condi\u00e7\u00f5es para as dedu\u00e7\u00f5es fiscais.<\/li><li><strong>Avalia\u00e7\u00e3o cont\u00ednua<\/strong>: Rev\u00ea regularmente a situa\u00e7\u00e3o fiscal da empresa e as dedu\u00e7\u00f5es dispon\u00edveis para garantir que est\u00e3o a ser maximizadas. Isto pode revelar oportunidades para novas dedu\u00e7\u00f5es ou ajustes \u00e0s estrat\u00e9gias fiscais existentes. <\/li><\/ol><p>Seguindo estes passos, as empresas podem gerir eficazmente as suas obriga\u00e7\u00f5es fiscais e maximizar a sua efici\u00eancia financeira.<\/p>\t\t\t\t\t\t\t\t<\/div>\n\t\t\t\t<\/div>\n\t\t\t\t\t<\/div>\n\t\t<\/div>\n\t\t\t\t\t<\/div>\n\t\t<\/section>\n\t\t\t\t<section class=\"elementor-section elementor-top-section elementor-element elementor-element-6f20ccbd elementor-section-full_width elementor-section-height-min-height elementor-section-items-stretch elementor-section-content-middle elementor-section-height-default\" data-id=\"6f20ccbd\" data-element_type=\"section\" data-e-type=\"section\" data-settings=\"{&quot;background_background&quot;:&quot;classic&quot;}\">\n\t\t\t\t\t\t<div class=\"elementor-container elementor-column-gap-no\">\n\t\t\t\t\t<div class=\"elementor-column elementor-col-50 elementor-top-column elementor-element elementor-element-3f140e87\" data-id=\"3f140e87\" data-element_type=\"column\" data-e-type=\"column\" data-settings=\"{&quot;background_background&quot;:&quot;classic&quot;}\">\n\t\t\t<div class=\"elementor-widget-wrap elementor-element-populated\">\n\t\t\t\t\t\t<div class=\"elementor-element elementor-element-24b40502 elementor-widget elementor-widget-spacer\" data-id=\"24b40502\" data-element_type=\"widget\" data-e-type=\"widget\" data-widget_type=\"spacer.default\">\n\t\t\t\t<div class=\"elementor-widget-container\">\n\t\t\t\t\t\t\t<div class=\"elementor-spacer\">\n\t\t\t<div class=\"elementor-spacer-inner\"><\/div>\n\t\t<\/div>\n\t\t\t\t\t\t<\/div>\n\t\t\t\t<\/div>\n\t\t\t\t\t<\/div>\n\t\t<\/div>\n\t\t\t\t<div class=\"elementor-column elementor-col-50 elementor-top-column elementor-element elementor-element-5b4775bf\" data-id=\"5b4775bf\" data-element_type=\"column\" data-e-type=\"column\" data-settings=\"{&quot;background_background&quot;:&quot;classic&quot;}\">\n\t\t\t<div class=\"elementor-widget-wrap elementor-element-populated\">\n\t\t\t\t\t\t<div class=\"elementor-element elementor-element-40a5fee1 elementor-widget elementor-widget-heading\" data-id=\"40a5fee1\" data-element_type=\"widget\" data-e-type=\"widget\" data-widget_type=\"heading.default\">\n\t\t\t\t<div class=\"elementor-widget-container\">\n\t\t\t\t\t<p class=\"elementor-heading-title elementor-size-default\">Consulta inicial  <\/p>\t\t\t\t<\/div>\n\t\t\t\t<\/div>\n\t\t\t\t<div class=\"elementor-element elementor-element-1a8889ae elementor-widget elementor-widget-heading\" data-id=\"1a8889ae\" data-element_type=\"widget\" data-e-type=\"widget\" data-widget_type=\"heading.default\">\n\t\t\t\t<div class=\"elementor-widget-container\">\n\t\t\t\t\t<p class=\"elementor-heading-title elementor-size-default\">de 60 min a CHF 220.00<\/p>\t\t\t\t<\/div>\n\t\t\t\t<\/div>\n\t\t\t\t<div class=\"elementor-element elementor-element-6d4be294 elementor-widget elementor-widget-text-editor\" data-id=\"6d4be294\" data-element_type=\"widget\" data-e-type=\"widget\" data-widget_type=\"text-editor.default\">\n\t\t\t\t<div class=\"elementor-widget-container\">\n\t\t\t\t\t\t\t\t\tDiscute a tua situa\u00e7\u00e3o com um advogado especializado na Su\u00ed\u00e7a.\n\t\t\t\t\t\t\t\t<\/div>\n\t\t\t\t<\/div>\n\t\t\t\t<div class=\"elementor-element elementor-element-79725f88 elementor-widget-divider--view-line elementor-widget elementor-widget-divider\" data-id=\"79725f88\" data-element_type=\"widget\" data-e-type=\"widget\" data-widget_type=\"divider.default\">\n\t\t\t\t<div class=\"elementor-widget-container\">\n\t\t\t\t\t\t\t<div class=\"elementor-divider\">\n\t\t\t<span class=\"elementor-divider-separator\">\n\t\t\t\t\t\t<\/span>\n\t\t<\/div>\n\t\t\t\t\t\t<\/div>\n\t\t\t\t<\/div>\n\t\t\t\t<div class=\"elementor-element elementor-element-c6c4401 elementor-widget elementor-widget-text-editor\" data-id=\"c6c4401\" data-element_type=\"widget\" data-e-type=\"widget\" data-widget_type=\"text-editor.default\">\n\t\t\t\t<div class=\"elementor-widget-container\">\n\t\t\t\t\t\t\t\t\t<p>Procuras apenas uma marca\u00e7\u00e3o para fazer algumas perguntas?<br>N\u00e3o tens a certeza sobre os procedimentos que pretendes efetuar?<br>A tua situa\u00e7\u00e3o n\u00e3o \u00e9 clara?<\/p><p><strong>Opta por uma primeira consulta com um advogado em Genebra.<\/strong><\/p><p>Decidir\u00e1s ent\u00e3o se queres prosseguir e os nossos advogados indicar-te-\u00e3o o custo do processo em fun\u00e7\u00e3o do teu caso. Marca\u00e7\u00e3o de consultas presenciais ou por videoconfer\u00eancia. <strong><br><\/strong><\/p>\t\t\t\t\t\t\t\t<\/div>\n\t\t\t\t<\/div>\n\t\t\t\t<div class=\"elementor-element elementor-element-391b7e31 elementor-align-center elementor-widget elementor-widget-button\" data-id=\"391b7e31\" data-element_type=\"widget\" data-e-type=\"widget\" data-widget_type=\"button.default\">\n\t\t\t\t<div class=\"elementor-widget-container\">\n\t\t\t\t\t\t\t\t\t<div class=\"elementor-button-wrapper\">\n\t\t\t\t\t<a class=\"elementor-button elementor-button-link elementor-size-sm\" href=\"https:\/\/www.geneva-lawyers.com\/pt-pt\/contacto\/\">\n\t\t\t\t\t\t<span class=\"elementor-button-content-wrapper\">\n\t\t\t\t\t\t\t\t\t<span class=\"elementor-button-text\">Marca uma consulta com um advogado<\/span>\n\t\t\t\t\t<\/span>\n\t\t\t\t\t<\/a>\n\t\t\t\t<\/div>\n\t\t\t\t\t\t\t\t<\/div>\n\t\t\t\t<\/div>\n\t\t\t\t\t<\/div>\n\t\t<\/div>\n\t\t\t\t\t<\/div>\n\t\t<\/section>\n\t\t\t\t<\/div>\n\t\t","protected":false},"excerpt":{"rendered":"<p>Marca uma consulta com um advogado Dedu\u00e7\u00f5es fiscais na Su\u00ed\u00e7a As dedu\u00e7\u00f5es fiscais oferecem um al\u00edvio financeiro, pois permitem que as empresas reduzam sua renda tribut\u00e1vel. Na Su\u00ed\u00e7a, essas dedu\u00e7\u00f5es est\u00e3o dispon\u00edveis tanto para pessoas f\u00edsicas quanto para pessoas jur\u00eddicas, sujeitas a condi\u00e7\u00f5es espec\u00edficas. As regras para dedu\u00e7\u00f5es do imposto de renda de pessoas jur\u00eddicas &#8230; <a title=\"Dedu\u00e7\u00f5es fiscais na Su\u00ed\u00e7a\" class=\"read-more\" href=\"https:\/\/www.geneva-lawyers.com\/pt-pt\/deducoes-fiscais-suica\/\" aria-label=\"Leia mais sobre Dedu\u00e7\u00f5es fiscais na Su\u00ed\u00e7a\">Ler mais<\/a><\/p>\n","protected":false},"author":1,"featured_media":0,"parent":0,"menu_order":0,"comment_status":"closed","ping_status":"closed","template":"elementor_header_footer","meta":{"_acf_changed":false,"_seopress_robots_primary_cat":"","_seopress_titles_title":"","_seopress_titles_desc":"","_seopress_robots_index":"","footnotes":""},"class_list":["post-32378","page","type-page","status-publish"],"acf":[],"_links":{"self":[{"href":"https:\/\/www.geneva-lawyers.com\/pt-pt\/wp-json\/wp\/v2\/pages\/32378","targetHints":{"allow":["GET"]}}],"collection":[{"href":"https:\/\/www.geneva-lawyers.com\/pt-pt\/wp-json\/wp\/v2\/pages"}],"about":[{"href":"https:\/\/www.geneva-lawyers.com\/pt-pt\/wp-json\/wp\/v2\/types\/page"}],"author":[{"embeddable":true,"href":"https:\/\/www.geneva-lawyers.com\/pt-pt\/wp-json\/wp\/v2\/users\/1"}],"replies":[{"embeddable":true,"href":"https:\/\/www.geneva-lawyers.com\/pt-pt\/wp-json\/wp\/v2\/comments?post=32378"}],"version-history":[{"count":6,"href":"https:\/\/www.geneva-lawyers.com\/pt-pt\/wp-json\/wp\/v2\/pages\/32378\/revisions"}],"predecessor-version":[{"id":33873,"href":"https:\/\/www.geneva-lawyers.com\/pt-pt\/wp-json\/wp\/v2\/pages\/32378\/revisions\/33873"}],"wp:attachment":[{"href":"https:\/\/www.geneva-lawyers.com\/pt-pt\/wp-json\/wp\/v2\/media?parent=32378"}],"curies":[{"name":"wp","href":"https:\/\/api.w.org\/{rel}","templated":true}]}}