{"id":32384,"date":"2024-05-22T15:46:25","date_gmt":"2024-05-22T13:46:25","guid":{"rendered":"https:\/\/www.geneva-lawyers.com\/varios-impostos-na-suica\/"},"modified":"2025-04-14T14:48:20","modified_gmt":"2025-04-14T12:48:20","slug":"varios-impostos-suica","status":"publish","type":"page","link":"https:\/\/www.geneva-lawyers.com\/pt-pt\/varios-impostos-suica\/","title":{"rendered":"V\u00e1rios impostos na Su\u00ed\u00e7a"},"content":{"rendered":"\t\t<div data-elementor-type=\"wp-page\" data-elementor-id=\"32384\" class=\"elementor elementor-32384 elementor-29239\" data-elementor-post-type=\"page\">\n\t\t\t\t\t\t<section class=\"elementor-section elementor-top-section elementor-element elementor-element-198f0f2f elementor-section-boxed elementor-section-height-default elementor-section-height-default\" data-id=\"198f0f2f\" data-element_type=\"section\" data-e-type=\"section\" data-settings=\"{&quot;background_background&quot;:&quot;classic&quot;}\">\n\t\t\t\t\t\t\t<div class=\"elementor-background-overlay\"><\/div>\n\t\t\t\t\t\t\t<div class=\"elementor-container elementor-column-gap-default\">\n\t\t\t\t\t<div class=\"elementor-column elementor-col-100 elementor-top-column elementor-element elementor-element-7833c0bd\" data-id=\"7833c0bd\" data-element_type=\"column\" data-e-type=\"column\">\n\t\t\t<div class=\"elementor-widget-wrap elementor-element-populated\">\n\t\t\t\t\t\t<div class=\"elementor-element elementor-element-26d54ae3 elementor-widget-divider--view-line elementor-widget elementor-widget-divider\" data-id=\"26d54ae3\" data-element_type=\"widget\" data-e-type=\"widget\" data-widget_type=\"divider.default\">\n\t\t\t\t<div class=\"elementor-widget-container\">\n\t\t\t\t\t\t\t<div class=\"elementor-divider\">\n\t\t\t<span class=\"elementor-divider-separator\">\n\t\t\t\t\t\t<\/span>\n\t\t<\/div>\n\t\t\t\t\t\t<\/div>\n\t\t\t\t<\/div>\n\t\t\t\t<div class=\"elementor-element elementor-element-7afc0288 elementor-align-center elementor-widget elementor-widget-button\" data-id=\"7afc0288\" data-element_type=\"widget\" data-e-type=\"widget\" data-widget_type=\"button.default\">\n\t\t\t\t<div class=\"elementor-widget-container\">\n\t\t\t\t\t\t\t\t\t<div class=\"elementor-button-wrapper\">\n\t\t\t\t\t<a class=\"elementor-button elementor-button-link elementor-size-sm\" href=\"https:\/\/www.geneva-lawyers.com\/pt-pt\/contacto\/\">\n\t\t\t\t\t\t<span class=\"elementor-button-content-wrapper\">\n\t\t\t\t\t\t\t\t\t<span class=\"elementor-button-text\">Marca uma consulta com um advogado<\/span>\n\t\t\t\t\t<\/span>\n\t\t\t\t\t<\/a>\n\t\t\t\t<\/div>\n\t\t\t\t\t\t\t\t<\/div>\n\t\t\t\t<\/div>\n\t\t\t\t\t<\/div>\n\t\t<\/div>\n\t\t\t\t\t<\/div>\n\t\t<\/section>\n\t\t\t\t<section class=\"elementor-section elementor-top-section elementor-element elementor-element-62a3aeaa elementor-section-boxed elementor-section-height-default elementor-section-height-default\" data-id=\"62a3aeaa\" data-element_type=\"section\" data-e-type=\"section\">\n\t\t\t\t\t\t<div class=\"elementor-container elementor-column-gap-default\">\n\t\t\t\t\t<div class=\"elementor-column elementor-col-100 elementor-top-column elementor-element elementor-element-6d8594e4\" data-id=\"6d8594e4\" data-element_type=\"column\" data-e-type=\"column\">\n\t\t\t<div class=\"elementor-widget-wrap elementor-element-populated\">\n\t\t\t\t\t\t<div class=\"elementor-element elementor-element-1c586b47 elementor-widget elementor-widget-heading\" data-id=\"1c586b47\" data-element_type=\"widget\" data-e-type=\"widget\" data-widget_type=\"heading.default\">\n\t\t\t\t<div class=\"elementor-widget-container\">\n\t\t\t\t\t<h2 class=\"elementor-heading-title elementor-size-default\">V\u00e1rios impostos<\/h2>\t\t\t\t<\/div>\n\t\t\t\t<\/div>\n\t\t\t\t<div class=\"elementor-element elementor-element-62d23e66 elementor-widget-divider--view-line elementor-widget elementor-widget-divider\" data-id=\"62d23e66\" data-element_type=\"widget\" data-e-type=\"widget\" data-widget_type=\"divider.default\">\n\t\t\t\t<div class=\"elementor-widget-container\">\n\t\t\t\t\t\t\t<div class=\"elementor-divider\">\n\t\t\t<span class=\"elementor-divider-separator\">\n\t\t\t\t\t\t<\/span>\n\t\t<\/div>\n\t\t\t\t\t\t<\/div>\n\t\t\t\t<\/div>\n\t\t\t\t<div class=\"elementor-element elementor-element-20121eb2 elementor-widget elementor-widget-text-editor\" data-id=\"20121eb2\" data-element_type=\"widget\" data-e-type=\"widget\" data-widget_type=\"text-editor.default\">\n\t\t\t\t<div class=\"elementor-widget-container\">\n\t\t\t\t\t\t\t\t\t<h2>Reten\u00e7\u00e3o na fonte<\/h2><p>O imposto retido na fonte \u00e9 cobrado pelo governo federal na fonte sobre v\u00e1rias formas de rendimentos de capital (nomeadamente juros e dividendos), pr\u00e9mios em dinheiro de lotarias su\u00ed\u00e7as e certas presta\u00e7\u00f5es de seguros. Este imposto serve principalmente como um instrumento fiscal para combater a evas\u00e3o fiscal, incentivando os contribuintes a declarar os seus rendimentos sujeitos a reten\u00e7\u00e3o na fonte e a riqueza de onde prov\u00eam. \u00c9 reembols\u00e1vel sob certas condi\u00e7\u00f5es (quer creditada nos impostos cantonais e comunais, quer reembolsada em dinheiro). Por conseguinte, a reten\u00e7\u00e3o na fonte n\u00e3o constitui um encargo permanente para os residentes su\u00ed\u00e7os que cumprem as suas obriga\u00e7\u00f5es fiscais.   <\/p><h2>Imposto sobre o Valor Acrescentado (IVA)<\/h2><p>O Imposto sobre o Valor Acrescentado (IVA) \u00e9 um imposto geral sobre o consumo cobrado pelo governo federal e \u00e9 uma das principais fontes de receitas do Estado. O IVA tributa, em primeiro lugar, o consumo e, em segundo lugar, as transac\u00e7\u00f5es econ\u00f3micas. O seu objetivo \u00e9 tributar o consumo final n\u00e3o empresarial na Su\u00ed\u00e7a, incluindo o consumo de bens e servi\u00e7os. Desde 1 de janeiro de 2018, a taxa normal do IVA \u00e9 de 7,7% para todos os fornecimentos de bens e servi\u00e7os tribut\u00e1veis. Aos servi\u00e7os de alojamento aplica-se uma taxa reduzida de 3,7%. Certos bens e servi\u00e7os essenciais (como alimentos, bebidas e livros) s\u00e3o tributados a uma taxa reduzida de 2,5%. Os nossos advogados fiscais podem prestar aconselhamento especializado em mat\u00e9ria de IVA.      <\/p><h2>Imposto de selo<\/h2><p>A Su\u00ed\u00e7a cobra imposto de selo sobre a emiss\u00e3o e a negocia\u00e7\u00e3o de valores mobili\u00e1rios. Isso inclui o imposto de selo de emiss\u00e3o, o imposto de selo de transfer\u00eancia de t\u00edtulos e o imposto de selo de pr\u00eamio de seguro. <\/p><ul><li><p><strong>Imposto de Selo<\/strong> sobre a Emiss\u00e3o: Aplicado \u00e0 emiss\u00e3o e ao aumento do valor nominal dos direitos de participa\u00e7\u00e3o na Su\u00ed\u00e7a. Este imposto incide sobre: <\/p><ul><li>Ac\u00e7\u00f5es de sociedades an\u00f3nimas e sociedades em comandita por ac\u00e7\u00f5es su\u00ed\u00e7as<\/li><li>Ac\u00e7\u00f5es sociais das sociedades de responsabilidade limitada su\u00ed\u00e7as<\/li><li>Ac\u00e7\u00f5es sociais das cooperativas su\u00ed\u00e7as<\/li><li>Certificados de participa\u00e7\u00e3o de empresas ou cooperativas su\u00ed\u00e7as<\/li><li>Certificados de participa\u00e7\u00e3o de empresas su\u00ed\u00e7as de direito p\u00fablico<\/li><\/ul><\/li><li><p><strong>Imposto de selo<\/strong> sobre a transfer\u00eancia de valores mobili\u00e1rios: cobrado sobre a compra e venda de valores mobili\u00e1rios su\u00ed\u00e7os e estrangeiros por corretores de valores mobili\u00e1rios su\u00ed\u00e7os. As taxas s\u00e3o as seguintes: <\/p><ul><li>1,5\u2030 para t\u00edtulos su\u00ed\u00e7os<\/li><li>3.0\u2030 para t\u00edtulos estrangeiros<\/li><\/ul><\/li><\/ul><p>As opera\u00e7\u00f5es de empr\u00e9stimo de t\u00edtulos, que envolvem apenas o empr\u00e9stimo de t\u00edtulos, e os acordos de recompra, que s\u00e3o essencialmente opera\u00e7\u00f5es de financiamento, est\u00e3o isentos de imposto de selo devido \u00e0 aus\u00eancia de transfer\u00eancia a t\u00edtulo oneroso.<\/p><ul><li><strong>Imposto do selo sobre o pr\u00e9mio de seguro<\/strong>: incide sobre o pagamento de pr\u00e9mios de seguros de responsabilidade civil, inc\u00eandio, multirriscos e habita\u00e7\u00e3o. Corresponde geralmente a 5% do pr\u00e9mio de seguro. Os contratos de seguro de vida com pr\u00e9mio \u00fanico e os contratos que podem ser resgatados s\u00e3o tributados a 2,5%. A obriga\u00e7\u00e3o recai normalmente sobre a institui\u00e7\u00e3o seguradora su\u00ed\u00e7a. As isen\u00e7\u00f5es abrangem os seguros de vida com pr\u00e9mios peri\u00f3dicos, os seguros de sa\u00fade, os seguros de acidentes, os seguros de invalidez e os seguros de desemprego.    <\/li><\/ul><p>Os nossos advogados fiscais est\u00e3o preparados para te aconselhar em mat\u00e9ria de imposto de selo.<\/p>\t\t\t\t\t\t\t\t<\/div>\n\t\t\t\t<\/div>\n\t\t\t\t\t<\/div>\n\t\t<\/div>\n\t\t\t\t\t<\/div>\n\t\t<\/section>\n\t\t\t\t<section class=\"elementor-section elementor-top-section elementor-element elementor-element-78837c2d elementor-section-full_width elementor-section-height-min-height elementor-section-items-stretch elementor-section-content-middle elementor-section-height-default\" data-id=\"78837c2d\" data-element_type=\"section\" data-e-type=\"section\" data-settings=\"{&quot;background_background&quot;:&quot;classic&quot;}\">\n\t\t\t\t\t\t<div class=\"elementor-container elementor-column-gap-no\">\n\t\t\t\t\t<div class=\"elementor-column elementor-col-50 elementor-top-column elementor-element elementor-element-6108f3b6\" data-id=\"6108f3b6\" data-element_type=\"column\" data-e-type=\"column\" data-settings=\"{&quot;background_background&quot;:&quot;classic&quot;}\">\n\t\t\t<div class=\"elementor-widget-wrap elementor-element-populated\">\n\t\t\t\t\t\t<div class=\"elementor-element elementor-element-790bc45b elementor-widget elementor-widget-spacer\" data-id=\"790bc45b\" data-element_type=\"widget\" data-e-type=\"widget\" data-widget_type=\"spacer.default\">\n\t\t\t\t<div class=\"elementor-widget-container\">\n\t\t\t\t\t\t\t<div class=\"elementor-spacer\">\n\t\t\t<div class=\"elementor-spacer-inner\"><\/div>\n\t\t<\/div>\n\t\t\t\t\t\t<\/div>\n\t\t\t\t<\/div>\n\t\t\t\t\t<\/div>\n\t\t<\/div>\n\t\t\t\t<div class=\"elementor-column elementor-col-50 elementor-top-column elementor-element elementor-element-15f3d16d\" data-id=\"15f3d16d\" data-element_type=\"column\" data-e-type=\"column\" data-settings=\"{&quot;background_background&quot;:&quot;classic&quot;}\">\n\t\t\t<div class=\"elementor-widget-wrap elementor-element-populated\">\n\t\t\t\t\t\t<div class=\"elementor-element elementor-element-7c495bf8 elementor-widget elementor-widget-heading\" data-id=\"7c495bf8\" data-element_type=\"widget\" data-e-type=\"widget\" data-widget_type=\"heading.default\">\n\t\t\t\t<div class=\"elementor-widget-container\">\n\t\t\t\t\t<p class=\"elementor-heading-title elementor-size-default\">Consulta inicial  <\/p>\t\t\t\t<\/div>\n\t\t\t\t<\/div>\n\t\t\t\t<div class=\"elementor-element elementor-element-61698bfc elementor-widget elementor-widget-heading\" data-id=\"61698bfc\" data-element_type=\"widget\" data-e-type=\"widget\" data-widget_type=\"heading.default\">\n\t\t\t\t<div class=\"elementor-widget-container\">\n\t\t\t\t\t<p class=\"elementor-heading-title elementor-size-default\">de 60 min a CHF 220.00<\/p>\t\t\t\t<\/div>\n\t\t\t\t<\/div>\n\t\t\t\t<div class=\"elementor-element elementor-element-50db87b1 elementor-widget elementor-widget-text-editor\" data-id=\"50db87b1\" data-element_type=\"widget\" data-e-type=\"widget\" data-widget_type=\"text-editor.default\">\n\t\t\t\t<div class=\"elementor-widget-container\">\n\t\t\t\t\t\t\t\t\tDiscute a tua situa\u00e7\u00e3o com um advogado especializado na Su\u00ed\u00e7a.\n\t\t\t\t\t\t\t\t<\/div>\n\t\t\t\t<\/div>\n\t\t\t\t<div class=\"elementor-element elementor-element-58011e6 elementor-widget-divider--view-line elementor-widget elementor-widget-divider\" data-id=\"58011e6\" data-element_type=\"widget\" data-e-type=\"widget\" data-widget_type=\"divider.default\">\n\t\t\t\t<div class=\"elementor-widget-container\">\n\t\t\t\t\t\t\t<div class=\"elementor-divider\">\n\t\t\t<span class=\"elementor-divider-separator\">\n\t\t\t\t\t\t<\/span>\n\t\t<\/div>\n\t\t\t\t\t\t<\/div>\n\t\t\t\t<\/div>\n\t\t\t\t<div class=\"elementor-element elementor-element-37b93274 elementor-widget elementor-widget-text-editor\" data-id=\"37b93274\" data-element_type=\"widget\" data-e-type=\"widget\" data-widget_type=\"text-editor.default\">\n\t\t\t\t<div class=\"elementor-widget-container\">\n\t\t\t\t\t\t\t\t\t<p>Procuras apenas uma marca\u00e7\u00e3o para fazer algumas perguntas?<br>N\u00e3o tens a certeza sobre os procedimentos que pretendes efetuar?<br>A tua situa\u00e7\u00e3o n\u00e3o \u00e9 clara?<\/p><p><strong>Opta por uma primeira consulta com um advogado em Genebra.<\/strong><\/p><p>Decidir\u00e1s ent\u00e3o se queres prosseguir e os nossos advogados indicar-te-\u00e3o o custo do processo em fun\u00e7\u00e3o do teu caso. Marca\u00e7\u00e3o de consultas presenciais ou por videoconfer\u00eancia. <strong><br><\/strong><\/p>\t\t\t\t\t\t\t\t<\/div>\n\t\t\t\t<\/div>\n\t\t\t\t<div class=\"elementor-element elementor-element-35df2c68 elementor-align-center elementor-widget elementor-widget-button\" data-id=\"35df2c68\" data-element_type=\"widget\" data-e-type=\"widget\" data-widget_type=\"button.default\">\n\t\t\t\t<div class=\"elementor-widget-container\">\n\t\t\t\t\t\t\t\t\t<div class=\"elementor-button-wrapper\">\n\t\t\t\t\t<a class=\"elementor-button elementor-button-link elementor-size-sm\" href=\"https:\/\/www.geneva-lawyers.com\/pt-pt\/contacto\/\">\n\t\t\t\t\t\t<span class=\"elementor-button-content-wrapper\">\n\t\t\t\t\t\t\t\t\t<span class=\"elementor-button-text\">Marca uma consulta com um advogado<\/span>\n\t\t\t\t\t<\/span>\n\t\t\t\t\t<\/a>\n\t\t\t\t<\/div>\n\t\t\t\t\t\t\t\t<\/div>\n\t\t\t\t<\/div>\n\t\t\t\t\t<\/div>\n\t\t<\/div>\n\t\t\t\t\t<\/div>\n\t\t<\/section>\n\t\t\t\t<\/div>\n\t\t","protected":false},"excerpt":{"rendered":"<p>Marca uma consulta com um advogado V\u00e1rios impostos Reten\u00e7\u00e3o na fonte O imposto retido na fonte \u00e9 cobrado pelo governo federal na fonte sobre v\u00e1rias formas de rendimentos de capital (nomeadamente juros e dividendos), pr\u00e9mios em dinheiro de lotarias su\u00ed\u00e7as e certas presta\u00e7\u00f5es de seguros. Este imposto serve principalmente como um instrumento fiscal para combater &#8230; <a title=\"V\u00e1rios impostos na Su\u00ed\u00e7a\" class=\"read-more\" href=\"https:\/\/www.geneva-lawyers.com\/pt-pt\/varios-impostos-suica\/\" aria-label=\"Leia mais sobre V\u00e1rios impostos na Su\u00ed\u00e7a\">Ler mais<\/a><\/p>\n","protected":false},"author":1,"featured_media":0,"parent":0,"menu_order":0,"comment_status":"closed","ping_status":"closed","template":"elementor_header_footer","meta":{"_acf_changed":false,"_seopress_robots_primary_cat":"","_seopress_titles_title":"","_seopress_titles_desc":"","_seopress_robots_index":"","footnotes":""},"class_list":["post-32384","page","type-page","status-publish"],"acf":[],"_links":{"self":[{"href":"https:\/\/www.geneva-lawyers.com\/pt-pt\/wp-json\/wp\/v2\/pages\/32384","targetHints":{"allow":["GET"]}}],"collection":[{"href":"https:\/\/www.geneva-lawyers.com\/pt-pt\/wp-json\/wp\/v2\/pages"}],"about":[{"href":"https:\/\/www.geneva-lawyers.com\/pt-pt\/wp-json\/wp\/v2\/types\/page"}],"author":[{"embeddable":true,"href":"https:\/\/www.geneva-lawyers.com\/pt-pt\/wp-json\/wp\/v2\/users\/1"}],"replies":[{"embeddable":true,"href":"https:\/\/www.geneva-lawyers.com\/pt-pt\/wp-json\/wp\/v2\/comments?post=32384"}],"version-history":[{"count":6,"href":"https:\/\/www.geneva-lawyers.com\/pt-pt\/wp-json\/wp\/v2\/pages\/32384\/revisions"}],"predecessor-version":[{"id":33731,"href":"https:\/\/www.geneva-lawyers.com\/pt-pt\/wp-json\/wp\/v2\/pages\/32384\/revisions\/33731"}],"wp:attachment":[{"href":"https:\/\/www.geneva-lawyers.com\/pt-pt\/wp-json\/wp\/v2\/media?parent=32384"}],"curies":[{"name":"wp","href":"https:\/\/api.w.org\/{rel}","templated":true}]}}