{"id":32392,"date":"2024-05-22T15:40:10","date_gmt":"2024-05-22T13:40:10","guid":{"rendered":"https:\/\/www.geneva-lawyers.com\/tributacao-das-empresas-na-suica\/"},"modified":"2025-04-14T16:16:16","modified_gmt":"2025-04-14T14:16:16","slug":"tributacao-empresas-suica","status":"publish","type":"page","link":"https:\/\/www.geneva-lawyers.com\/pt-pt\/tributacao-empresas-suica\/","title":{"rendered":"Tributa\u00e7\u00e3o das empresas na Su\u00ed\u00e7a"},"content":{"rendered":"\t\t<div data-elementor-type=\"wp-page\" data-elementor-id=\"32392\" class=\"elementor elementor-32392 elementor-29232\" data-elementor-post-type=\"page\">\n\t\t\t\t\t\t<section class=\"elementor-section elementor-top-section elementor-element elementor-element-1e68702b elementor-section-boxed elementor-section-height-default elementor-section-height-default\" data-id=\"1e68702b\" data-element_type=\"section\" data-e-type=\"section\" data-settings=\"{&quot;background_background&quot;:&quot;classic&quot;}\">\n\t\t\t\t\t\t\t<div class=\"elementor-background-overlay\"><\/div>\n\t\t\t\t\t\t\t<div class=\"elementor-container elementor-column-gap-default\">\n\t\t\t\t\t<div class=\"elementor-column elementor-col-100 elementor-top-column elementor-element elementor-element-5b3d3cba\" data-id=\"5b3d3cba\" data-element_type=\"column\" data-e-type=\"column\">\n\t\t\t<div class=\"elementor-widget-wrap elementor-element-populated\">\n\t\t\t\t\t\t<div class=\"elementor-element elementor-element-170a9080 elementor-widget-divider--view-line elementor-widget elementor-widget-divider\" data-id=\"170a9080\" data-element_type=\"widget\" data-e-type=\"widget\" data-widget_type=\"divider.default\">\n\t\t\t\t<div class=\"elementor-widget-container\">\n\t\t\t\t\t\t\t<div class=\"elementor-divider\">\n\t\t\t<span class=\"elementor-divider-separator\">\n\t\t\t\t\t\t<\/span>\n\t\t<\/div>\n\t\t\t\t\t\t<\/div>\n\t\t\t\t<\/div>\n\t\t\t\t<div class=\"elementor-element elementor-element-4e0fe79 elementor-align-center elementor-widget elementor-widget-button\" data-id=\"4e0fe79\" data-element_type=\"widget\" data-e-type=\"widget\" data-widget_type=\"button.default\">\n\t\t\t\t<div class=\"elementor-widget-container\">\n\t\t\t\t\t\t\t\t\t<div class=\"elementor-button-wrapper\">\n\t\t\t\t\t<a class=\"elementor-button elementor-button-link elementor-size-sm\" href=\"https:\/\/www.geneva-lawyers.com\/pt-pt\/contacto\/\">\n\t\t\t\t\t\t<span class=\"elementor-button-content-wrapper\">\n\t\t\t\t\t\t\t\t\t<span class=\"elementor-button-text\">Marca uma consulta com um advogado<\/span>\n\t\t\t\t\t<\/span>\n\t\t\t\t\t<\/a>\n\t\t\t\t<\/div>\n\t\t\t\t\t\t\t\t<\/div>\n\t\t\t\t<\/div>\n\t\t\t\t\t<\/div>\n\t\t<\/div>\n\t\t\t\t\t<\/div>\n\t\t<\/section>\n\t\t\t\t<section class=\"elementor-section elementor-top-section elementor-element elementor-element-31abf96d elementor-section-boxed elementor-section-height-default elementor-section-height-default\" data-id=\"31abf96d\" data-element_type=\"section\" data-e-type=\"section\">\n\t\t\t\t\t\t<div class=\"elementor-container elementor-column-gap-default\">\n\t\t\t\t\t<div class=\"elementor-column elementor-col-100 elementor-top-column elementor-element elementor-element-3dafcc83\" data-id=\"3dafcc83\" data-element_type=\"column\" data-e-type=\"column\">\n\t\t\t<div class=\"elementor-widget-wrap elementor-element-populated\">\n\t\t\t\t\t\t<div class=\"elementor-element elementor-element-20929764 elementor-widget elementor-widget-heading\" data-id=\"20929764\" data-element_type=\"widget\" data-e-type=\"widget\" data-widget_type=\"heading.default\">\n\t\t\t\t<div class=\"elementor-widget-container\">\n\t\t\t\t\t<h2 class=\"elementor-heading-title elementor-size-default\">Tributa\u00e7\u00e3o das empresas<\/h2>\t\t\t\t<\/div>\n\t\t\t\t<\/div>\n\t\t\t\t<div class=\"elementor-element elementor-element-8fbc65c elementor-widget-divider--view-line elementor-widget elementor-widget-divider\" data-id=\"8fbc65c\" data-element_type=\"widget\" data-e-type=\"widget\" data-widget_type=\"divider.default\">\n\t\t\t\t<div class=\"elementor-widget-container\">\n\t\t\t\t\t\t\t<div class=\"elementor-divider\">\n\t\t\t<span class=\"elementor-divider-separator\">\n\t\t\t\t\t\t<\/span>\n\t\t<\/div>\n\t\t\t\t\t\t<\/div>\n\t\t\t\t<\/div>\n\t\t\t\t<div class=\"elementor-element elementor-element-68cd0347 elementor-widget elementor-widget-text-editor\" data-id=\"68cd0347\" data-element_type=\"widget\" data-e-type=\"widget\" data-widget_type=\"text-editor.default\">\n\t\t\t\t<div class=\"elementor-widget-container\">\n\t\t\t\t\t\t\t\t\t<p>No direito su\u00ed\u00e7o, o termo &#8220;pessoa jur\u00eddica&#8221; abrange as sociedades organizadas e determinadas institui\u00e7\u00f5es com finalidade espec\u00edfica e personalidade jur\u00eddica, o que lhes permite exercer direitos e assumir obriga\u00e7\u00f5es de forma independente, de acordo com o C\u00f3digo Civil. O direito fiscal reconhece as pessoas colectivas como sujeitos fiscais aut\u00f3nomos, separados dos seus membros e \u00f3rg\u00e3os administrativos, devido \u00e0 sua capacidade econ\u00f3mica distinta. <\/p><h2>Obriga\u00e7\u00e3o fiscal das pessoas colectivas na Su\u00ed\u00e7a<\/h2><p>\u00c0 semelhan\u00e7a da tributa\u00e7\u00e3o das pessoas singulares, as pessoas colectivas est\u00e3o sujeitas a dois tipos de obriga\u00e7\u00f5es fiscais:<\/p><ol><li><strong>Responsabilidade fiscal ilimitada<\/strong>: Isto aplica-se a pessoas colectivas com sede ou administra\u00e7\u00e3o efectiva na Su\u00ed\u00e7a. A sua renda mundial (lucro) e os ativos correspondentes (capital) s\u00e3o geralmente tribut\u00e1veis sob jurisdi\u00e7\u00e3o pessoal. Entretanto, isso n\u00e3o se estende a empresas estrangeiras, estabelecimentos permanentes ou im\u00f3veis localizados no exterior.  <ul><li>A sede social \u00e9 determinada pelos estatutos das entidades privadas, enquanto a sede das entidades p\u00fablicas ou eclesi\u00e1sticas se baseia nas disposi\u00e7\u00f5es legais que lhes conferem personalidade jur\u00eddica.<\/li><li>A obriga\u00e7\u00e3o fiscal ilimitada come\u00e7a com o estabelecimento da empresa na Su\u00ed\u00e7a ou num cant\u00e3o e termina com a sua dissolu\u00e7\u00e3o ou deslocaliza\u00e7\u00e3o.<\/li><\/ul><\/li><li><strong>Responsabilidade fiscal limitada<\/strong>: Aplica-se a pessoas colectivas n\u00e3o residentes com sede social ou administra\u00e7\u00e3o efectiva no estrangeiro ou fora do cant\u00e3o, mas que possuem fontes de capital ou de rendimento na Su\u00ed\u00e7a ou num cant\u00e3o espec\u00edfico. S\u00e3o tributadas apenas sobre esses activos espec\u00edficos ou fontes de rendimento sob jurisdi\u00e7\u00e3o econ\u00f3mica. <ul><li>A responsabilidade fiscal limitada surge quando ocorre um facto tribut\u00e1vel na Su\u00ed\u00e7a ou no cant\u00e3o, tal como a aquisi\u00e7\u00e3o de um im\u00f3vel ou a abertura de um estabelecimento permanente.<\/li><li>Esta responsabilidade termina quando as condi\u00e7\u00f5es tribut\u00e1veis cessam, por exemplo, ao vender o ativo tribut\u00e1vel ou ao encerrar o estabelecimento permanente na Su\u00ed\u00e7a.<\/li><\/ul><\/li><\/ol><p>O nosso advogado fiscal pode ajudar-te a estabelecer a tua empresa num cant\u00e3o com condi\u00e7\u00f5es fiscais favor\u00e1veis.<\/p><h2>Imposto sobre o lucro das empresas na Su\u00ed\u00e7a<\/h2><p>As pessoas colectivas est\u00e3o sujeitas a um imposto sobre os lucros l\u00edquidos e, a n\u00edvel cantonal, a um imposto adicional sobre o capital e as reservas.<\/p><ul><li><strong>Imposto sobre o lucro l\u00edquido<\/strong>: O objeto tribut\u00e1vel \u00e9 o lucro l\u00edquido, que inclui todos os lucros ou receitas realizados por uma empresa durante um ano fiscal, menos todas as despesas e encargos. As perdas dos sete anos anteriores podem ser deduzidas do lucro tribut\u00e1vel. <ul><li>Se a contabilidade da empresa for regularmente mantida, este lucro \u00e9 derivado da demonstra\u00e7\u00e3o de resultados ou das contas anuais, elaboradas de acordo com o direito comercial. Esta liga\u00e7\u00e3o entre a determina\u00e7\u00e3o do lucro tribut\u00e1vel e as contas do direito comercial \u00e9 conhecida como o princ\u00edpio da autoridade do balan\u00e7o. <\/li><li>O lucro tribut\u00e1vel determinado pela lei comercial \u00e9 verificado e ajustado, se necess\u00e1rio, de acordo com as regras de determina\u00e7\u00e3o do lucro tribut\u00e1vel.<\/li><li>As legisla\u00e7\u00f5es federais e cantonais prev\u00eaem, em geral, disposi\u00e7\u00f5es semelhantes para o c\u00e1lculo do lucro l\u00edquido tribut\u00e1vel.<\/li><\/ul><\/li><\/ul><h2>Imposto sobre o capital para pessoas colectivas na Su\u00ed\u00e7a<\/h2><p>Todas as leis cantonais incluem disposi\u00e7\u00f5es relativas ao imposto sobre o capital das pessoas colectivas. Este imposto incide sobre o capital pr\u00f3prio das empresas. <\/p><ul><li><strong>Imposto sobre o capital<\/strong>: O objeto tribut\u00e1vel \u00e9 o capital pr\u00f3prio da empresa.<ul><li>Nos cant\u00f5es, existem varia\u00e7\u00f5es na determina\u00e7\u00e3o do capital tribut\u00e1vel para associa\u00e7\u00f5es, funda\u00e7\u00f5es e outras pessoas colectivas, em que o patrim\u00f3nio l\u00edquido \u00e9 calculado de acordo com as disposi\u00e7\u00f5es aplic\u00e1veis \u00e0s pessoas singulares.<\/li><\/ul><\/li><\/ul><p>O nosso advogado fiscal pode ajudar-te a navegar pelos diferentes regulamentos cantonais e a otimizar a situa\u00e7\u00e3o fiscal da tua empresa na Su\u00ed\u00e7a.<\/p>\t\t\t\t\t\t\t\t<\/div>\n\t\t\t\t<\/div>\n\t\t\t\t\t<\/div>\n\t\t<\/div>\n\t\t\t\t\t<\/div>\n\t\t<\/section>\n\t\t\t\t<section class=\"elementor-section elementor-top-section elementor-element elementor-element-3220d043 elementor-section-full_width elementor-section-height-min-height elementor-section-items-stretch elementor-section-content-middle elementor-section-height-default\" data-id=\"3220d043\" data-element_type=\"section\" data-e-type=\"section\" data-settings=\"{&quot;background_background&quot;:&quot;classic&quot;}\">\n\t\t\t\t\t\t<div class=\"elementor-container elementor-column-gap-no\">\n\t\t\t\t\t<div class=\"elementor-column elementor-col-50 elementor-top-column elementor-element elementor-element-5c85cb30\" data-id=\"5c85cb30\" data-element_type=\"column\" data-e-type=\"column\" data-settings=\"{&quot;background_background&quot;:&quot;classic&quot;}\">\n\t\t\t<div class=\"elementor-widget-wrap elementor-element-populated\">\n\t\t\t\t\t\t<div class=\"elementor-element elementor-element-35f66b02 elementor-widget elementor-widget-spacer\" data-id=\"35f66b02\" data-element_type=\"widget\" data-e-type=\"widget\" data-widget_type=\"spacer.default\">\n\t\t\t\t<div class=\"elementor-widget-container\">\n\t\t\t\t\t\t\t<div class=\"elementor-spacer\">\n\t\t\t<div class=\"elementor-spacer-inner\"><\/div>\n\t\t<\/div>\n\t\t\t\t\t\t<\/div>\n\t\t\t\t<\/div>\n\t\t\t\t\t<\/div>\n\t\t<\/div>\n\t\t\t\t<div class=\"elementor-column elementor-col-50 elementor-top-column elementor-element elementor-element-5fed8a3\" data-id=\"5fed8a3\" data-element_type=\"column\" data-e-type=\"column\" data-settings=\"{&quot;background_background&quot;:&quot;classic&quot;}\">\n\t\t\t<div class=\"elementor-widget-wrap elementor-element-populated\">\n\t\t\t\t\t\t<div class=\"elementor-element elementor-element-44c0afde elementor-widget elementor-widget-heading\" data-id=\"44c0afde\" data-element_type=\"widget\" data-e-type=\"widget\" data-widget_type=\"heading.default\">\n\t\t\t\t<div class=\"elementor-widget-container\">\n\t\t\t\t\t<p class=\"elementor-heading-title elementor-size-default\">Consulta inicial  <\/p>\t\t\t\t<\/div>\n\t\t\t\t<\/div>\n\t\t\t\t<div class=\"elementor-element elementor-element-686e9e7e elementor-widget elementor-widget-heading\" data-id=\"686e9e7e\" data-element_type=\"widget\" data-e-type=\"widget\" data-widget_type=\"heading.default\">\n\t\t\t\t<div class=\"elementor-widget-container\">\n\t\t\t\t\t<p class=\"elementor-heading-title elementor-size-default\">de 60 min a CHF 220.00<\/p>\t\t\t\t<\/div>\n\t\t\t\t<\/div>\n\t\t\t\t<div class=\"elementor-element elementor-element-3e86acf0 elementor-widget elementor-widget-text-editor\" data-id=\"3e86acf0\" data-element_type=\"widget\" data-e-type=\"widget\" data-widget_type=\"text-editor.default\">\n\t\t\t\t<div class=\"elementor-widget-container\">\n\t\t\t\t\t\t\t\t\tDiscute a tua situa\u00e7\u00e3o com um advogado especializado na Su\u00ed\u00e7a.\n\t\t\t\t\t\t\t\t<\/div>\n\t\t\t\t<\/div>\n\t\t\t\t<div class=\"elementor-element elementor-element-8dbf6d3 elementor-widget-divider--view-line elementor-widget elementor-widget-divider\" data-id=\"8dbf6d3\" data-element_type=\"widget\" data-e-type=\"widget\" data-widget_type=\"divider.default\">\n\t\t\t\t<div class=\"elementor-widget-container\">\n\t\t\t\t\t\t\t<div class=\"elementor-divider\">\n\t\t\t<span class=\"elementor-divider-separator\">\n\t\t\t\t\t\t<\/span>\n\t\t<\/div>\n\t\t\t\t\t\t<\/div>\n\t\t\t\t<\/div>\n\t\t\t\t<div class=\"elementor-element elementor-element-577632ad elementor-widget elementor-widget-text-editor\" data-id=\"577632ad\" data-element_type=\"widget\" data-e-type=\"widget\" data-widget_type=\"text-editor.default\">\n\t\t\t\t<div class=\"elementor-widget-container\">\n\t\t\t\t\t\t\t\t\t<p>Procuras apenas uma marca\u00e7\u00e3o para fazer algumas perguntas?<br>N\u00e3o tens a certeza sobre os procedimentos que pretendes efetuar?<br>A tua situa\u00e7\u00e3o n\u00e3o \u00e9 clara?<\/p><p><strong>Opta por uma primeira consulta com um advogado em Genebra.<\/strong><\/p><p>Decidir\u00e1s ent\u00e3o se queres prosseguir e os nossos advogados indicar-te-\u00e3o o custo do processo em fun\u00e7\u00e3o do teu caso. Marca\u00e7\u00e3o de consultas presenciais ou por videoconfer\u00eancia. <strong><br><\/strong><\/p>\t\t\t\t\t\t\t\t<\/div>\n\t\t\t\t<\/div>\n\t\t\t\t<div class=\"elementor-element elementor-element-706dd8c2 elementor-align-center elementor-widget elementor-widget-button\" data-id=\"706dd8c2\" data-element_type=\"widget\" data-e-type=\"widget\" data-widget_type=\"button.default\">\n\t\t\t\t<div class=\"elementor-widget-container\">\n\t\t\t\t\t\t\t\t\t<div class=\"elementor-button-wrapper\">\n\t\t\t\t\t<a class=\"elementor-button elementor-button-link elementor-size-sm\" href=\"https:\/\/www.geneva-lawyers.com\/pt-pt\/contacto\/\">\n\t\t\t\t\t\t<span class=\"elementor-button-content-wrapper\">\n\t\t\t\t\t\t\t\t\t<span class=\"elementor-button-text\">Marca uma consulta com um advogado<\/span>\n\t\t\t\t\t<\/span>\n\t\t\t\t\t<\/a>\n\t\t\t\t<\/div>\n\t\t\t\t\t\t\t\t<\/div>\n\t\t\t\t<\/div>\n\t\t\t\t\t<\/div>\n\t\t<\/div>\n\t\t\t\t\t<\/div>\n\t\t<\/section>\n\t\t\t\t<\/div>\n\t\t","protected":false},"excerpt":{"rendered":"<p>Marca uma consulta com um advogado Tributa\u00e7\u00e3o das empresas No direito su\u00ed\u00e7o, o termo &#8220;pessoa jur\u00eddica&#8221; abrange as sociedades organizadas e determinadas institui\u00e7\u00f5es com finalidade espec\u00edfica e personalidade jur\u00eddica, o que lhes permite exercer direitos e assumir obriga\u00e7\u00f5es de forma independente, de acordo com o C\u00f3digo Civil. O direito fiscal reconhece as pessoas colectivas como &#8230; <a title=\"Tributa\u00e7\u00e3o das empresas na Su\u00ed\u00e7a\" class=\"read-more\" href=\"https:\/\/www.geneva-lawyers.com\/pt-pt\/tributacao-empresas-suica\/\" aria-label=\"Leia mais sobre Tributa\u00e7\u00e3o das empresas na Su\u00ed\u00e7a\">Ler mais<\/a><\/p>\n","protected":false},"author":1,"featured_media":0,"parent":0,"menu_order":0,"comment_status":"closed","ping_status":"closed","template":"elementor_header_footer","meta":{"_acf_changed":false,"_seopress_robots_primary_cat":"","_seopress_titles_title":"","_seopress_titles_desc":"","_seopress_robots_index":"","footnotes":""},"class_list":["post-32392","page","type-page","status-publish"],"acf":[],"_links":{"self":[{"href":"https:\/\/www.geneva-lawyers.com\/pt-pt\/wp-json\/wp\/v2\/pages\/32392","targetHints":{"allow":["GET"]}}],"collection":[{"href":"https:\/\/www.geneva-lawyers.com\/pt-pt\/wp-json\/wp\/v2\/pages"}],"about":[{"href":"https:\/\/www.geneva-lawyers.com\/pt-pt\/wp-json\/wp\/v2\/types\/page"}],"author":[{"embeddable":true,"href":"https:\/\/www.geneva-lawyers.com\/pt-pt\/wp-json\/wp\/v2\/users\/1"}],"replies":[{"embeddable":true,"href":"https:\/\/www.geneva-lawyers.com\/pt-pt\/wp-json\/wp\/v2\/comments?post=32392"}],"version-history":[{"count":6,"href":"https:\/\/www.geneva-lawyers.com\/pt-pt\/wp-json\/wp\/v2\/pages\/32392\/revisions"}],"predecessor-version":[{"id":34282,"href":"https:\/\/www.geneva-lawyers.com\/pt-pt\/wp-json\/wp\/v2\/pages\/32392\/revisions\/34282"}],"wp:attachment":[{"href":"https:\/\/www.geneva-lawyers.com\/pt-pt\/wp-json\/wp\/v2\/media?parent=32392"}],"curies":[{"name":"wp","href":"https:\/\/api.w.org\/{rel}","templated":true}]}}