{"id":32394,"date":"2024-05-23T13:33:17","date_gmt":"2024-05-23T11:33:17","guid":{"rendered":"https:\/\/www.geneva-lawyers.com\/retencao-na-fonte-na-suica\/"},"modified":"2025-04-14T14:26:33","modified_gmt":"2025-04-14T12:26:33","slug":"retencao-fonte-suica","status":"publish","type":"page","link":"https:\/\/www.geneva-lawyers.com\/pt-pt\/retencao-fonte-suica\/","title":{"rendered":"Reten\u00e7\u00e3o na fonte na Su\u00ed\u00e7a"},"content":{"rendered":"\t\t<div data-elementor-type=\"wp-page\" data-elementor-id=\"32394\" class=\"elementor elementor-32394 elementor-29273\" data-elementor-post-type=\"page\">\n\t\t\t\t\t\t<section class=\"elementor-section elementor-top-section elementor-element elementor-element-2a0eefa6 elementor-section-boxed elementor-section-height-default elementor-section-height-default\" data-id=\"2a0eefa6\" data-element_type=\"section\" data-e-type=\"section\" data-settings=\"{&quot;background_background&quot;:&quot;classic&quot;}\">\n\t\t\t\t\t\t\t<div class=\"elementor-background-overlay\"><\/div>\n\t\t\t\t\t\t\t<div class=\"elementor-container elementor-column-gap-default\">\n\t\t\t\t\t<div class=\"elementor-column elementor-col-100 elementor-top-column elementor-element elementor-element-70e5cc4c\" data-id=\"70e5cc4c\" data-element_type=\"column\" data-e-type=\"column\">\n\t\t\t<div class=\"elementor-widget-wrap elementor-element-populated\">\n\t\t\t\t\t\t<div class=\"elementor-element elementor-element-3474b2c1 elementor-widget-divider--view-line elementor-widget elementor-widget-divider\" data-id=\"3474b2c1\" data-element_type=\"widget\" data-e-type=\"widget\" data-widget_type=\"divider.default\">\n\t\t\t\t<div class=\"elementor-widget-container\">\n\t\t\t\t\t\t\t<div class=\"elementor-divider\">\n\t\t\t<span class=\"elementor-divider-separator\">\n\t\t\t\t\t\t<\/span>\n\t\t<\/div>\n\t\t\t\t\t\t<\/div>\n\t\t\t\t<\/div>\n\t\t\t\t<div class=\"elementor-element elementor-element-1ce27d6b elementor-align-center elementor-widget elementor-widget-button\" data-id=\"1ce27d6b\" data-element_type=\"widget\" data-e-type=\"widget\" data-widget_type=\"button.default\">\n\t\t\t\t<div class=\"elementor-widget-container\">\n\t\t\t\t\t\t\t\t\t<div class=\"elementor-button-wrapper\">\n\t\t\t\t\t<a class=\"elementor-button elementor-button-link elementor-size-sm\" href=\"https:\/\/www.geneva-lawyers.com\/pt-pt\/contacto\/\">\n\t\t\t\t\t\t<span class=\"elementor-button-content-wrapper\">\n\t\t\t\t\t\t\t\t\t<span class=\"elementor-button-text\">Marca uma consulta com um advogado<\/span>\n\t\t\t\t\t<\/span>\n\t\t\t\t\t<\/a>\n\t\t\t\t<\/div>\n\t\t\t\t\t\t\t\t<\/div>\n\t\t\t\t<\/div>\n\t\t\t\t\t<\/div>\n\t\t<\/div>\n\t\t\t\t\t<\/div>\n\t\t<\/section>\n\t\t\t\t<section class=\"elementor-section elementor-top-section elementor-element elementor-element-696b9765 elementor-section-boxed elementor-section-height-default elementor-section-height-default\" data-id=\"696b9765\" data-element_type=\"section\" data-e-type=\"section\">\n\t\t\t\t\t\t<div class=\"elementor-container elementor-column-gap-default\">\n\t\t\t\t\t<div class=\"elementor-column elementor-col-100 elementor-top-column elementor-element elementor-element-38aefcc9\" data-id=\"38aefcc9\" data-element_type=\"column\" data-e-type=\"column\">\n\t\t\t<div class=\"elementor-widget-wrap elementor-element-populated\">\n\t\t\t\t\t\t<div class=\"elementor-element elementor-element-3bf75d25 elementor-widget elementor-widget-heading\" data-id=\"3bf75d25\" data-element_type=\"widget\" data-e-type=\"widget\" data-widget_type=\"heading.default\">\n\t\t\t\t<div class=\"elementor-widget-container\">\n\t\t\t\t\t<h2 class=\"elementor-heading-title elementor-size-default\">Reten\u00e7\u00e3o na fonte na Su\u00ed\u00e7a<\/h2>\t\t\t\t<\/div>\n\t\t\t\t<\/div>\n\t\t\t\t<div class=\"elementor-element elementor-element-5810aa87 elementor-widget-divider--view-line elementor-widget elementor-widget-divider\" data-id=\"5810aa87\" data-element_type=\"widget\" data-e-type=\"widget\" data-widget_type=\"divider.default\">\n\t\t\t\t<div class=\"elementor-widget-container\">\n\t\t\t\t\t\t\t<div class=\"elementor-divider\">\n\t\t\t<span class=\"elementor-divider-separator\">\n\t\t\t\t\t\t<\/span>\n\t\t<\/div>\n\t\t\t\t\t\t<\/div>\n\t\t\t\t<\/div>\n\t\t\t\t<div class=\"elementor-element elementor-element-38aed521 elementor-widget elementor-widget-text-editor\" data-id=\"38aed521\" data-element_type=\"widget\" data-e-type=\"widget\" data-widget_type=\"text-editor.default\">\n\t\t\t\t<div class=\"elementor-widget-container\">\n\t\t\t\t\t\t\t\t\t<p>Na Su\u00ed\u00e7a, o imposto retido na fonte \u00e9 cobrado na fonte sobre os rendimentos de capital, tais como dividendos, juros e ganhos de capital. As institui\u00e7\u00f5es financeiras ou empresas que distribuem esse rendimento aos benefici\u00e1rios s\u00e3o respons\u00e1veis pela reten\u00e7\u00e3o do imposto. Este mecanismo fiscal garante uma tributa\u00e7\u00e3o equitativa tanto para os residentes como para os n\u00e3o residentes. Trata-se de um imposto cantonal, que permite a cada cant\u00e3o fixar a sua pr\u00f3pria taxa de reten\u00e7\u00e3o na fonte. O montante retido pode ser deduzido do imposto sobre o rendimento do contribuinte. Se a reten\u00e7\u00e3o na fonte exceder o imposto sobre o rendimento devido, o excesso pode ser reembolsado ao contribuinte.     <\/p><h2>A reten\u00e7\u00e3o na fonte como imposto de tr\u00e2nsito<\/h2><p>A reten\u00e7\u00e3o na fonte na Su\u00ed\u00e7a \u00e9 frequentemente considerada um imposto de tr\u00e2nsito. Os investidores em ac\u00e7\u00f5es su\u00ed\u00e7as ou contas banc\u00e1rias su\u00ed\u00e7as est\u00e3o sujeitos a reten\u00e7\u00e3o na fonte at\u00e9 atingirem um determinado limiar de investimento. Uma vez atingido esse limiar, os investidores podem solicitar um reembolso do imposto retido sobre os seus investimentos. Essa carater\u00edstica incentiva o investimento estrangeiro na Su\u00ed\u00e7a e, ao mesmo tempo, garante que os impostos sejam pagos sobre a renda gerada. Al\u00e9m disso, permite que as autoridades fiscais su\u00ed\u00e7as cobrem impostos sobre a renda de origem estrangeira sem precisar de informa\u00e7\u00f5es adicionais dos investidores. Entretanto, esse sistema pode complicar o processo de cobran\u00e7a de impostos, especialmente para investidores estrangeiros n\u00e3o familiarizados com as regras tribut\u00e1rias su\u00ed\u00e7as. Os investidores precisam estar cientes dos limites de investimento aplic\u00e1veis, das taxas de impostos e dos procedimentos de reembolso, bem como cumprir com as exig\u00eancias de declara\u00e7\u00e3o de impostos do seu pa\u00eds de origem. Em resumo, a reten\u00e7\u00e3o na fonte na Su\u00ed\u00e7a permite que os investidores beneficiem de um tratamento fiscal favor\u00e1vel, assegurando simultaneamente o pagamento de impostos sobre o rendimento do investimento. No entanto, \u00e9 fundamental compreender as regras fiscais aplic\u00e1veis e cumprir as obriga\u00e7\u00f5es fiscais nacionais.        <\/p><h2>Condi\u00e7\u00f5es para a aplica\u00e7\u00e3o da reten\u00e7\u00e3o na fonte<\/h2><p>As condi\u00e7\u00f5es para a implementa\u00e7\u00e3o do imposto retido na fonte na Su\u00ed\u00e7a est\u00e3o definidas na Lei Federal sobre Imposto Retido na Fonte (LIA). De acordo com esta lei, o imposto retido na fonte aplica-se a rendimentos de capital, tais como juros, dividendos e comiss\u00f5es. Para que os rendimentos de capitais estejam sujeitos ao imposto de reten\u00e7\u00e3o na fonte, estes devem cumprir determinadas condi\u00e7\u00f5es: devem ser pagos a uma pessoa ou entidade domiciliada na Su\u00ed\u00e7a ou com um estabelecimento permanente na Su\u00ed\u00e7a, devem ser origin\u00e1rios de uma fonte su\u00ed\u00e7a (isto \u00e9, uma pessoa ou entidade domiciliada ou com um estabelecimento permanente na Su\u00ed\u00e7a) e devem ser tribut\u00e1veis a n\u00edvel federal. Determinados tipos de rendimentos de capital, tais como juros sobre cr\u00e9ditos hipotec\u00e1rios, indemniza\u00e7\u00f5es de seguros e juros sobre contas de poupan\u00e7a at\u00e9 um determinado montante, est\u00e3o isentos de imposto com reten\u00e7\u00e3o na fonte. Para dividendos, o imposto retido na fonte aplica-se quando uma empresa su\u00ed\u00e7a distribui dividendos, independentemente da nacionalidade do acionista. A taxa de reten\u00e7\u00e3o na fonte sobre os dividendos \u00e9 de 35%, exceto em casos espec\u00edficos em que se pode aplicar uma taxa reduzida.     <\/p><h2>C\u00e1lculo do imposto retido na fonte sobre os dividendos<\/h2><p>O c\u00e1lculo do imposto retido na fonte sobre os dividendos envolve duas etapas. Primeiro, a taxa de imposto aplic\u00e1vel \u00e9 aplicada ao montante bruto dos dividendos recebidos. Depois, o montante calculado da reten\u00e7\u00e3o na fonte \u00e9 deduzido dos dividendos brutos. A taxa de imposto varia consoante o cant\u00e3o onde o rendimento de capital \u00e9 pago. Por exemplo, se uma empresa distribui dividendos brutos de CHF 10&#8217;000 a um acionista num cant\u00e3o com uma taxa de reten\u00e7\u00e3o na fonte de 30%, o imposto retido seria de CHF 3&#8217;000. O acionista recebe um montante l\u00edquido de CHF 7&#8217;000, que deve ser declarado na sua declara\u00e7\u00e3o de rendimentos, e pode deduzir o imposto retido na fonte j\u00e1 pago do seu imposto sobre o rendimento devido.     <\/p><h2>Regimes fiscais especiais para reten\u00e7\u00e3o na fonte sobre dividendos<\/h2><p>V\u00e1rios regimes fiscais especiais na Su\u00ed\u00e7a permitem aos benefici\u00e1rios reduzir o montante do imposto retido na fonte. O regime de isen\u00e7\u00e3o de participa\u00e7\u00e3o permite aos benefici\u00e1rios reduzir a taxa de reten\u00e7\u00e3o na fonte. Este regime aplica-se a participa\u00e7\u00f5es qualificadas, definidas como participa\u00e7\u00f5es de pelo menos 10% do capital social de uma empresa su\u00ed\u00e7a ou estrangeira. Para que o benefici\u00e1rio seja eleg\u00edvel, ele deve estar domiciliado na Su\u00ed\u00e7a e deter a participa\u00e7\u00e3o por pelo menos um ano. O regime de conven\u00e7\u00e3o para evitar a dupla tributa\u00e7\u00e3o permite que os benefici\u00e1rios residentes num pa\u00eds com o qual a Su\u00ed\u00e7a tem uma conven\u00e7\u00e3o para evitar a dupla tributa\u00e7\u00e3o reduzam o montante da reten\u00e7\u00e3o na fonte. Neste caso, o benefici\u00e1rio pode solicitar um reembolso parcial ou total da reten\u00e7\u00e3o na fonte.     <\/p><h2>Conselhos para as empresas su\u00ed\u00e7as sobre a gest\u00e3o da reten\u00e7\u00e3o na fonte sobre os dividendos<\/h2><p>As empresas su\u00ed\u00e7as devem gerir eficazmente a reten\u00e7\u00e3o na fonte sobre os dividendos para minimizar os custos fiscais e administrativos. Em primeiro lugar, devem assegurar que os dividendos pagos s\u00e3o registados com precis\u00e3o na sua contabilidade. Elas tamb\u00e9m devem manter as informa\u00e7\u00f5es do benefici\u00e1rio atualizadas para evitar erros no imposto retido na fonte. As empresas podem otimizar a gest\u00e3o da reten\u00e7\u00e3o na fonte utilizando regimes fiscais especiais para reduzir o montante da reten\u00e7\u00e3o na fonte e melhorar o fluxo de caixa. Por fim, as empresas devem assegurar que as declara\u00e7\u00f5es fiscais relacionadas com a reten\u00e7\u00e3o na fonte s\u00e3o corretamente preenchidas e apresentadas atempadamente e estar preparadas para responder aos inqu\u00e9ritos das autoridades fiscais durante as auditorias.    <\/p><h2>Funcionamento das conven\u00e7\u00f5es de dupla tributa\u00e7\u00e3o<\/h2><p>A reten\u00e7\u00e3o na fonte na Su\u00ed\u00e7a interage com as conven\u00e7\u00f5es de dupla tributa\u00e7\u00e3o assinadas entre a Su\u00ed\u00e7a e outros pa\u00edses. Essas conven\u00e7\u00f5es impedem que os contribuintes sejam tributados duas vezes sobre a mesma renda. De acordo com esses tratados, os residentes estrangeiros podem receber um reembolso ou isen\u00e7\u00e3o do imposto retido na fonte sobre seus investimentos na Su\u00ed\u00e7a devido a uma cl\u00e1usula de n\u00e3o-discrimina\u00e7\u00e3o que garante que os residentes estrangeiros n\u00e3o sejam tratados de forma menos favor\u00e1vel do que os residentes su\u00ed\u00e7os. O funcionamento do imposto retido na fonte relativamente a tratados de dupla tributa\u00e7\u00e3o varia consoante o pa\u00eds. Alguns pa\u00edses podem exigir que os investidores estrangeiros solicitem um reembolso do imposto retido na fonte \u00e0s autoridades fiscais su\u00ed\u00e7as, enquanto outros podem permitir que os investidores deduzam o imposto retido na fonte dos seus impostos no seu pr\u00f3prio pa\u00eds.    <\/p>\t\t\t\t\t\t\t\t<\/div>\n\t\t\t\t<\/div>\n\t\t\t\t\t<\/div>\n\t\t<\/div>\n\t\t\t\t\t<\/div>\n\t\t<\/section>\n\t\t\t\t<section class=\"elementor-section elementor-top-section elementor-element elementor-element-72b32fb elementor-section-full_width elementor-section-height-min-height elementor-section-items-stretch elementor-section-content-middle elementor-section-height-default\" data-id=\"72b32fb\" data-element_type=\"section\" data-e-type=\"section\" data-settings=\"{&quot;background_background&quot;:&quot;classic&quot;}\">\n\t\t\t\t\t\t<div class=\"elementor-container elementor-column-gap-no\">\n\t\t\t\t\t<div class=\"elementor-column elementor-col-50 elementor-top-column elementor-element elementor-element-50b1baee\" data-id=\"50b1baee\" data-element_type=\"column\" data-e-type=\"column\" data-settings=\"{&quot;background_background&quot;:&quot;classic&quot;}\">\n\t\t\t<div class=\"elementor-widget-wrap elementor-element-populated\">\n\t\t\t\t\t\t<div class=\"elementor-element elementor-element-33bfad46 elementor-widget elementor-widget-spacer\" data-id=\"33bfad46\" data-element_type=\"widget\" data-e-type=\"widget\" data-widget_type=\"spacer.default\">\n\t\t\t\t<div class=\"elementor-widget-container\">\n\t\t\t\t\t\t\t<div class=\"elementor-spacer\">\n\t\t\t<div class=\"elementor-spacer-inner\"><\/div>\n\t\t<\/div>\n\t\t\t\t\t\t<\/div>\n\t\t\t\t<\/div>\n\t\t\t\t\t<\/div>\n\t\t<\/div>\n\t\t\t\t<div class=\"elementor-column elementor-col-50 elementor-top-column elementor-element elementor-element-1f7aa119\" data-id=\"1f7aa119\" data-element_type=\"column\" data-e-type=\"column\" data-settings=\"{&quot;background_background&quot;:&quot;classic&quot;}\">\n\t\t\t<div class=\"elementor-widget-wrap elementor-element-populated\">\n\t\t\t\t\t\t<div class=\"elementor-element elementor-element-69f0bd0 elementor-widget elementor-widget-heading\" data-id=\"69f0bd0\" data-element_type=\"widget\" data-e-type=\"widget\" data-widget_type=\"heading.default\">\n\t\t\t\t<div class=\"elementor-widget-container\">\n\t\t\t\t\t<p class=\"elementor-heading-title elementor-size-default\">Consulta inicial  <\/p>\t\t\t\t<\/div>\n\t\t\t\t<\/div>\n\t\t\t\t<div class=\"elementor-element elementor-element-52665558 elementor-widget elementor-widget-heading\" data-id=\"52665558\" data-element_type=\"widget\" data-e-type=\"widget\" data-widget_type=\"heading.default\">\n\t\t\t\t<div class=\"elementor-widget-container\">\n\t\t\t\t\t<p class=\"elementor-heading-title elementor-size-default\">de 60 min a CHF 220.00<\/p>\t\t\t\t<\/div>\n\t\t\t\t<\/div>\n\t\t\t\t<div class=\"elementor-element elementor-element-34088e36 elementor-widget elementor-widget-text-editor\" data-id=\"34088e36\" data-element_type=\"widget\" data-e-type=\"widget\" data-widget_type=\"text-editor.default\">\n\t\t\t\t<div class=\"elementor-widget-container\">\n\t\t\t\t\t\t\t\t\tDiscute a tua situa\u00e7\u00e3o com um advogado especializado na Su\u00ed\u00e7a.\n\t\t\t\t\t\t\t\t<\/div>\n\t\t\t\t<\/div>\n\t\t\t\t<div class=\"elementor-element elementor-element-47ef9810 elementor-widget-divider--view-line elementor-widget elementor-widget-divider\" data-id=\"47ef9810\" data-element_type=\"widget\" data-e-type=\"widget\" data-widget_type=\"divider.default\">\n\t\t\t\t<div class=\"elementor-widget-container\">\n\t\t\t\t\t\t\t<div class=\"elementor-divider\">\n\t\t\t<span class=\"elementor-divider-separator\">\n\t\t\t\t\t\t<\/span>\n\t\t<\/div>\n\t\t\t\t\t\t<\/div>\n\t\t\t\t<\/div>\n\t\t\t\t<div class=\"elementor-element elementor-element-3e223f95 elementor-widget elementor-widget-text-editor\" data-id=\"3e223f95\" data-element_type=\"widget\" data-e-type=\"widget\" data-widget_type=\"text-editor.default\">\n\t\t\t\t<div class=\"elementor-widget-container\">\n\t\t\t\t\t\t\t\t\t<p>Procuras apenas uma marca\u00e7\u00e3o para fazer algumas perguntas?<br>N\u00e3o tens a certeza sobre os procedimentos que pretendes efetuar?<br>A tua situa\u00e7\u00e3o n\u00e3o \u00e9 clara?<\/p><p><strong>Opta por uma primeira consulta com um advogado em Genebra.<\/strong><\/p><p>Decidir\u00e1s ent\u00e3o se queres prosseguir e os nossos advogados indicar-te-\u00e3o o custo do processo em fun\u00e7\u00e3o do teu caso. Marca\u00e7\u00e3o de consultas presenciais ou por videoconfer\u00eancia. <strong><br><\/strong><\/p>\t\t\t\t\t\t\t\t<\/div>\n\t\t\t\t<\/div>\n\t\t\t\t<div class=\"elementor-element elementor-element-491fd7f3 elementor-align-center elementor-widget elementor-widget-button\" data-id=\"491fd7f3\" data-element_type=\"widget\" data-e-type=\"widget\" data-widget_type=\"button.default\">\n\t\t\t\t<div class=\"elementor-widget-container\">\n\t\t\t\t\t\t\t\t\t<div class=\"elementor-button-wrapper\">\n\t\t\t\t\t<a class=\"elementor-button elementor-button-link elementor-size-sm\" href=\"https:\/\/www.geneva-lawyers.com\/pt-pt\/contacto\/\">\n\t\t\t\t\t\t<span class=\"elementor-button-content-wrapper\">\n\t\t\t\t\t\t\t\t\t<span class=\"elementor-button-text\">Marca uma consulta com um advogado<\/span>\n\t\t\t\t\t<\/span>\n\t\t\t\t\t<\/a>\n\t\t\t\t<\/div>\n\t\t\t\t\t\t\t\t<\/div>\n\t\t\t\t<\/div>\n\t\t\t\t\t<\/div>\n\t\t<\/div>\n\t\t\t\t\t<\/div>\n\t\t<\/section>\n\t\t\t\t<\/div>\n\t\t","protected":false},"excerpt":{"rendered":"<p>Marca uma consulta com um advogado Reten\u00e7\u00e3o na fonte na Su\u00ed\u00e7a Na Su\u00ed\u00e7a, o imposto retido na fonte \u00e9 cobrado na fonte sobre os rendimentos de capital, tais como dividendos, juros e ganhos de capital. As institui\u00e7\u00f5es financeiras ou empresas que distribuem esse rendimento aos benefici\u00e1rios s\u00e3o respons\u00e1veis pela reten\u00e7\u00e3o do imposto. Este mecanismo fiscal &#8230; <a title=\"Reten\u00e7\u00e3o na fonte na Su\u00ed\u00e7a\" class=\"read-more\" href=\"https:\/\/www.geneva-lawyers.com\/pt-pt\/retencao-fonte-suica\/\" aria-label=\"Leia mais sobre Reten\u00e7\u00e3o na fonte na Su\u00ed\u00e7a\">Ler mais<\/a><\/p>\n","protected":false},"author":1,"featured_media":0,"parent":0,"menu_order":0,"comment_status":"closed","ping_status":"closed","template":"elementor_header_footer","meta":{"_acf_changed":false,"_seopress_robots_primary_cat":"","_seopress_titles_title":"","_seopress_titles_desc":"","_seopress_robots_index":"","footnotes":""},"class_list":["post-32394","page","type-page","status-publish"],"acf":[],"_links":{"self":[{"href":"https:\/\/www.geneva-lawyers.com\/pt-pt\/wp-json\/wp\/v2\/pages\/32394","targetHints":{"allow":["GET"]}}],"collection":[{"href":"https:\/\/www.geneva-lawyers.com\/pt-pt\/wp-json\/wp\/v2\/pages"}],"about":[{"href":"https:\/\/www.geneva-lawyers.com\/pt-pt\/wp-json\/wp\/v2\/types\/page"}],"author":[{"embeddable":true,"href":"https:\/\/www.geneva-lawyers.com\/pt-pt\/wp-json\/wp\/v2\/users\/1"}],"replies":[{"embeddable":true,"href":"https:\/\/www.geneva-lawyers.com\/pt-pt\/wp-json\/wp\/v2\/comments?post=32394"}],"version-history":[{"count":6,"href":"https:\/\/www.geneva-lawyers.com\/pt-pt\/wp-json\/wp\/v2\/pages\/32394\/revisions"}],"predecessor-version":[{"id":33690,"href":"https:\/\/www.geneva-lawyers.com\/pt-pt\/wp-json\/wp\/v2\/pages\/32394\/revisions\/33690"}],"wp:attachment":[{"href":"https:\/\/www.geneva-lawyers.com\/pt-pt\/wp-json\/wp\/v2\/media?parent=32394"}],"curies":[{"name":"wp","href":"https:\/\/api.w.org\/{rel}","templated":true}]}}