{"id":32400,"date":"2024-05-22T15:35:20","date_gmt":"2024-05-22T13:35:20","guid":{"rendered":"https:\/\/www.geneva-lawyers.com\/tributacao-das-pessoas-singulares-na-suica\/"},"modified":"2025-04-14T15:29:44","modified_gmt":"2025-04-14T13:29:44","slug":"tributacao-pessoas-singulares-suica","status":"publish","type":"page","link":"https:\/\/www.geneva-lawyers.com\/pt-pt\/tributacao-pessoas-singulares-suica\/","title":{"rendered":"Tributa\u00e7\u00e3o das pessoas singulares na Su\u00ed\u00e7a"},"content":{"rendered":"\t\t<div data-elementor-type=\"wp-page\" data-elementor-id=\"32400\" class=\"elementor elementor-32400 elementor-29225\" data-elementor-post-type=\"page\">\n\t\t\t\t\t\t<section class=\"elementor-section elementor-top-section elementor-element elementor-element-24bf6d4d elementor-section-boxed elementor-section-height-default elementor-section-height-default\" data-id=\"24bf6d4d\" data-element_type=\"section\" data-e-type=\"section\" data-settings=\"{&quot;background_background&quot;:&quot;classic&quot;}\">\n\t\t\t\t\t\t\t<div class=\"elementor-background-overlay\"><\/div>\n\t\t\t\t\t\t\t<div class=\"elementor-container elementor-column-gap-default\">\n\t\t\t\t\t<div class=\"elementor-column elementor-col-100 elementor-top-column elementor-element elementor-element-41fbc2e4\" data-id=\"41fbc2e4\" data-element_type=\"column\" data-e-type=\"column\">\n\t\t\t<div class=\"elementor-widget-wrap elementor-element-populated\">\n\t\t\t\t\t\t<div class=\"elementor-element elementor-element-64344d73 elementor-widget-divider--view-line elementor-widget elementor-widget-divider\" data-id=\"64344d73\" data-element_type=\"widget\" data-e-type=\"widget\" data-widget_type=\"divider.default\">\n\t\t\t\t<div class=\"elementor-widget-container\">\n\t\t\t\t\t\t\t<div class=\"elementor-divider\">\n\t\t\t<span class=\"elementor-divider-separator\">\n\t\t\t\t\t\t<\/span>\n\t\t<\/div>\n\t\t\t\t\t\t<\/div>\n\t\t\t\t<\/div>\n\t\t\t\t<div class=\"elementor-element elementor-element-47409637 elementor-align-center elementor-widget elementor-widget-button\" data-id=\"47409637\" data-element_type=\"widget\" data-e-type=\"widget\" data-widget_type=\"button.default\">\n\t\t\t\t<div class=\"elementor-widget-container\">\n\t\t\t\t\t\t\t\t\t<div class=\"elementor-button-wrapper\">\n\t\t\t\t\t<a class=\"elementor-button elementor-button-link elementor-size-sm\" href=\"https:\/\/www.geneva-lawyers.com\/pt-pt\/contacto\/\">\n\t\t\t\t\t\t<span class=\"elementor-button-content-wrapper\">\n\t\t\t\t\t\t\t\t\t<span class=\"elementor-button-text\">Marca uma consulta com um advogado<\/span>\n\t\t\t\t\t<\/span>\n\t\t\t\t\t<\/a>\n\t\t\t\t<\/div>\n\t\t\t\t\t\t\t\t<\/div>\n\t\t\t\t<\/div>\n\t\t\t\t\t<\/div>\n\t\t<\/div>\n\t\t\t\t\t<\/div>\n\t\t<\/section>\n\t\t\t\t<section class=\"elementor-section elementor-top-section elementor-element elementor-element-2e9ecee2 elementor-section-boxed elementor-section-height-default elementor-section-height-default\" data-id=\"2e9ecee2\" data-element_type=\"section\" data-e-type=\"section\">\n\t\t\t\t\t\t<div class=\"elementor-container elementor-column-gap-default\">\n\t\t\t\t\t<div class=\"elementor-column elementor-col-100 elementor-top-column elementor-element elementor-element-3b6c5523\" data-id=\"3b6c5523\" data-element_type=\"column\" data-e-type=\"column\">\n\t\t\t<div class=\"elementor-widget-wrap elementor-element-populated\">\n\t\t\t\t\t\t<div class=\"elementor-element elementor-element-3865b72a elementor-widget elementor-widget-heading\" data-id=\"3865b72a\" data-element_type=\"widget\" data-e-type=\"widget\" data-widget_type=\"heading.default\">\n\t\t\t\t<div class=\"elementor-widget-container\">\n\t\t\t\t\t<h2 class=\"elementor-heading-title elementor-size-default\">Obriga\u00e7\u00e3o fiscal individual<\/h2>\t\t\t\t<\/div>\n\t\t\t\t<\/div>\n\t\t\t\t<div class=\"elementor-element elementor-element-5f80058 elementor-widget-divider--view-line elementor-widget elementor-widget-divider\" data-id=\"5f80058\" data-element_type=\"widget\" data-e-type=\"widget\" data-widget_type=\"divider.default\">\n\t\t\t\t<div class=\"elementor-widget-container\">\n\t\t\t\t\t\t\t<div class=\"elementor-divider\">\n\t\t\t<span class=\"elementor-divider-separator\">\n\t\t\t\t\t\t<\/span>\n\t\t<\/div>\n\t\t\t\t\t\t<\/div>\n\t\t\t\t<\/div>\n\t\t\t\t<div class=\"elementor-element elementor-element-201ea57f elementor-widget elementor-widget-text-editor\" data-id=\"201ea57f\" data-element_type=\"widget\" data-e-type=\"widget\" data-widget_type=\"text-editor.default\">\n\t\t\t\t<div class=\"elementor-widget-container\">\n\t\t\t\t\t\t\t\t\t<p>A responsabilidade fiscal refere-se \u00e0 situa\u00e7\u00e3o em que um indiv\u00edduo \u00e9 legalmente obrigado a efetuar contribui\u00e7\u00f5es financeiras para um fundo p\u00fablico ao abrigo de uma lei ou de um regulamento administrativo. \u00c9 o primeiro passo para avaliar a situa\u00e7\u00e3o fiscal de uma pessoa e pode ser limitada ou ilimitada. Se uma pessoa reside na Su\u00ed\u00e7a, est\u00e1 sujeita a uma obriga\u00e7\u00e3o fiscal ilimitada. Esta responsabilidade ilimitada aplica-se igualmente \u00e0s pessoas que permanecem na Su\u00ed\u00e7a durante pelo menos 30 dias com atividade profissional ou durante 90 dias sem atividade profissional.   <\/p><p>O nosso advogado fiscal pode explicar como a responsabilidade fiscal afecta a tua tributa\u00e7\u00e3o e explorar as op\u00e7\u00f5es dispon\u00edveis.<\/p><h2>Imposto sobre o rendimento das pessoas singulares na Su\u00ed\u00e7a<\/h2><p>O imposto sobre o rendimento das pessoas singulares inclui os impostos que incidem sobre o rendimento l\u00edquido (rendimento bruto menos as dedu\u00e7\u00f5es fiscais permitidas) e as mais-valias. Este imposto constitui uma importante fonte de receitas para o Estado. <\/p><p>O imposto sobre o rendimento pode resultar de uma obriga\u00e7\u00e3o fiscal limitada ou ilimitada, semelhante ao imposto sobre o patrim\u00f3nio para as pessoas singulares.<\/p><p>O governo federal, todos os cant\u00f5es e munic\u00edpios cobram um imposto geral sobre o rendimento. \u00c9 geralmente calculado sobre o rendimento total do contribuinte, independentemente da sua fonte. O imposto tem em conta a capacidade econ\u00f3mica do contribuinte, incluindo o montante dos rendimentos, os custos de aquisi\u00e7\u00e3o necess\u00e1rios, as responsabilidades familiares, o n\u00edvel de vida, as dedu\u00e7\u00f5es gerais e sociais, etc.  <\/p><p>Os impostos municipais sobre o rendimento baseiam-se nas leis fiscais cantonais e s\u00e3o determinados atrav\u00e9s da mesma avalia\u00e7\u00e3o utilizada para os impostos cantonais.<\/p><p>Alguns rendimentos est\u00e3o isentos de impostos a n\u00edvel federal e cantonal. No entanto, estes rendimentos isentos podem estar sujeitos a outros impostos, como o imposto sucess\u00f3rio ou o imposto sobre as doa\u00e7\u00f5es. <\/p><p>A legisla\u00e7\u00e3o fiscal su\u00ed\u00e7a prev\u00ea v\u00e1rias dedu\u00e7\u00f5es, que podem ser classificadas como despesas, dedu\u00e7\u00f5es gerais e dedu\u00e7\u00f5es sociais. Estas dedu\u00e7\u00f5es aplicam-se a todos os n\u00edveis e podem variar entre cant\u00f5es. Elas s\u00e3o subtra\u00eddas da renda, reduzindo a carga tribut\u00e1ria anual.  <\/p><p>O nosso advogado fiscal pode avaliar a tua situa\u00e7\u00e3o e aconselhar-te sobre as dedu\u00e7\u00f5es fiscais autorizadas.<\/p><h2>Imposto sobre o patrim\u00f3nio para pessoas singulares na Su\u00ed\u00e7a<\/h2><p>Desde 1959, o governo federal deixou de aplicar um imposto sobre o patrim\u00f3nio \u00e0s pessoas singulares porque a sua combina\u00e7\u00e3o com os impostos cantonais e municipais sobre o patrim\u00f3nio conduziria a uma carga fiscal excessiva.<\/p><p>O imposto sobre o patrim\u00f3nio \u00e9, portanto, um imposto cantonal, o que resulta em 26 legisla\u00e7\u00f5es diferentes. O nosso advogado fiscal pode guiar-te atrav\u00e9s destas diferentes regulamenta\u00e7\u00f5es. <\/p><p>Cerca de 2.200 munic\u00edpios su\u00ed\u00e7os t\u00eam soberania fiscal delegada e tamb\u00e9m cobram impostos, incluindo o imposto sobre o patrim\u00f3nio. Normalmente, os munic\u00edpios utilizam a mesma base jur\u00eddica que o seu cant\u00e3o, mas com taxas diferentes, por vezes utilizando as suas pr\u00f3prias tarifas, mas frequentemente atrav\u00e9s de m\u00faltiplos das tabelas cantonais ou do imposto cantonal devido. <\/p><p>Os impostos municipais s\u00e3o frequentemente t\u00e3o elevados ou mais elevados do que os impostos cantonais.<\/p><p>Existe, no entanto, uma certa harmoniza\u00e7\u00e3o a n\u00edvel cantonal no que diz respeito \u00e0s tabelas, \u00e0s taxas e aos montantes isentos, que continuam a ser da compet\u00eancia dos cant\u00f5es.<\/p><p>Certos bens est\u00e3o isentos e n\u00e3o s\u00e3o inclu\u00eddos no c\u00e1lculo do imposto sobre o patrim\u00f3nio.<\/p><p>Tal como o imposto sobre o rendimento, o imposto sobre o patrim\u00f3nio pode resultar de uma obriga\u00e7\u00e3o fiscal limitada ou ilimitada.<\/p><p>A legisla\u00e7\u00e3o fiscal su\u00ed\u00e7a prev\u00ea v\u00e1rias dedu\u00e7\u00f5es, geralmente classificadas em dedu\u00e7\u00f5es de d\u00edvidas e dedu\u00e7\u00f5es sociais. O imposto sobre o patrim\u00f3nio \u00e9 cobrado sobre o patrim\u00f3nio l\u00edquido do contribuinte e n\u00e3o sobre o montante bruto. <\/p><p>O nosso advogado fiscal pode ajudar-te a navegar por estas dedu\u00e7\u00f5es.<\/p>\t\t\t\t\t\t\t\t<\/div>\n\t\t\t\t<\/div>\n\t\t\t\t\t<\/div>\n\t\t<\/div>\n\t\t\t\t\t<\/div>\n\t\t<\/section>\n\t\t\t\t<section class=\"elementor-section elementor-top-section elementor-element elementor-element-67bd74c8 elementor-section-full_width elementor-section-height-min-height elementor-section-items-stretch elementor-section-content-middle elementor-section-height-default\" data-id=\"67bd74c8\" data-element_type=\"section\" data-e-type=\"section\" data-settings=\"{&quot;background_background&quot;:&quot;classic&quot;}\">\n\t\t\t\t\t\t<div class=\"elementor-container elementor-column-gap-no\">\n\t\t\t\t\t<div class=\"elementor-column elementor-col-50 elementor-top-column elementor-element elementor-element-45dce8a4\" data-id=\"45dce8a4\" data-element_type=\"column\" data-e-type=\"column\" data-settings=\"{&quot;background_background&quot;:&quot;classic&quot;}\">\n\t\t\t<div class=\"elementor-widget-wrap elementor-element-populated\">\n\t\t\t\t\t\t<div class=\"elementor-element elementor-element-6774a1d5 elementor-widget elementor-widget-spacer\" data-id=\"6774a1d5\" data-element_type=\"widget\" data-e-type=\"widget\" data-widget_type=\"spacer.default\">\n\t\t\t\t<div class=\"elementor-widget-container\">\n\t\t\t\t\t\t\t<div class=\"elementor-spacer\">\n\t\t\t<div class=\"elementor-spacer-inner\"><\/div>\n\t\t<\/div>\n\t\t\t\t\t\t<\/div>\n\t\t\t\t<\/div>\n\t\t\t\t\t<\/div>\n\t\t<\/div>\n\t\t\t\t<div class=\"elementor-column elementor-col-50 elementor-top-column elementor-element elementor-element-63ae02df\" data-id=\"63ae02df\" data-element_type=\"column\" data-e-type=\"column\" data-settings=\"{&quot;background_background&quot;:&quot;classic&quot;}\">\n\t\t\t<div class=\"elementor-widget-wrap elementor-element-populated\">\n\t\t\t\t\t\t<div class=\"elementor-element elementor-element-83bfc18 elementor-widget elementor-widget-heading\" data-id=\"83bfc18\" data-element_type=\"widget\" data-e-type=\"widget\" data-widget_type=\"heading.default\">\n\t\t\t\t<div class=\"elementor-widget-container\">\n\t\t\t\t\t<p class=\"elementor-heading-title elementor-size-default\">Consulta inicial  <\/p>\t\t\t\t<\/div>\n\t\t\t\t<\/div>\n\t\t\t\t<div class=\"elementor-element elementor-element-4b9b5c2a elementor-widget elementor-widget-heading\" data-id=\"4b9b5c2a\" data-element_type=\"widget\" data-e-type=\"widget\" data-widget_type=\"heading.default\">\n\t\t\t\t<div class=\"elementor-widget-container\">\n\t\t\t\t\t<p class=\"elementor-heading-title elementor-size-default\">de 60 min a CHF 220.00<\/p>\t\t\t\t<\/div>\n\t\t\t\t<\/div>\n\t\t\t\t<div class=\"elementor-element elementor-element-7cb45a38 elementor-widget elementor-widget-text-editor\" data-id=\"7cb45a38\" data-element_type=\"widget\" data-e-type=\"widget\" data-widget_type=\"text-editor.default\">\n\t\t\t\t<div class=\"elementor-widget-container\">\n\t\t\t\t\t\t\t\t\tDiscute a tua situa\u00e7\u00e3o com um advogado especializado na Su\u00ed\u00e7a.\n\t\t\t\t\t\t\t\t<\/div>\n\t\t\t\t<\/div>\n\t\t\t\t<div class=\"elementor-element elementor-element-58652545 elementor-widget-divider--view-line elementor-widget elementor-widget-divider\" data-id=\"58652545\" data-element_type=\"widget\" data-e-type=\"widget\" data-widget_type=\"divider.default\">\n\t\t\t\t<div class=\"elementor-widget-container\">\n\t\t\t\t\t\t\t<div class=\"elementor-divider\">\n\t\t\t<span class=\"elementor-divider-separator\">\n\t\t\t\t\t\t<\/span>\n\t\t<\/div>\n\t\t\t\t\t\t<\/div>\n\t\t\t\t<\/div>\n\t\t\t\t<div class=\"elementor-element elementor-element-11862e11 elementor-widget elementor-widget-text-editor\" data-id=\"11862e11\" data-element_type=\"widget\" data-e-type=\"widget\" data-widget_type=\"text-editor.default\">\n\t\t\t\t<div class=\"elementor-widget-container\">\n\t\t\t\t\t\t\t\t\t<p>Procuras apenas uma marca\u00e7\u00e3o para fazer algumas perguntas?<br>N\u00e3o tens a certeza sobre os procedimentos que pretendes efetuar?<br>A tua situa\u00e7\u00e3o n\u00e3o \u00e9 clara?<\/p><p><strong>Opta por uma primeira consulta com um advogado em Genebra.<\/strong><\/p><p>Decidir\u00e1s ent\u00e3o se queres prosseguir e os nossos advogados indicar-te-\u00e3o o custo do processo em fun\u00e7\u00e3o do teu caso. Marca\u00e7\u00e3o de consultas presenciais ou por videoconfer\u00eancia. <strong><br><\/strong><\/p>\t\t\t\t\t\t\t\t<\/div>\n\t\t\t\t<\/div>\n\t\t\t\t<div class=\"elementor-element elementor-element-f136d6b elementor-align-center elementor-widget elementor-widget-button\" data-id=\"f136d6b\" data-element_type=\"widget\" data-e-type=\"widget\" data-widget_type=\"button.default\">\n\t\t\t\t<div class=\"elementor-widget-container\">\n\t\t\t\t\t\t\t\t\t<div class=\"elementor-button-wrapper\">\n\t\t\t\t\t<a class=\"elementor-button elementor-button-link elementor-size-sm\" href=\"https:\/\/www.geneva-lawyers.com\/pt-pt\/contacto\/\">\n\t\t\t\t\t\t<span class=\"elementor-button-content-wrapper\">\n\t\t\t\t\t\t\t\t\t<span class=\"elementor-button-text\">Marca uma consulta com um advogado<\/span>\n\t\t\t\t\t<\/span>\n\t\t\t\t\t<\/a>\n\t\t\t\t<\/div>\n\t\t\t\t\t\t\t\t<\/div>\n\t\t\t\t<\/div>\n\t\t\t\t\t<\/div>\n\t\t<\/div>\n\t\t\t\t\t<\/div>\n\t\t<\/section>\n\t\t\t\t<\/div>\n\t\t","protected":false},"excerpt":{"rendered":"<p>Marca uma consulta com um advogado Obriga\u00e7\u00e3o fiscal individual A responsabilidade fiscal refere-se \u00e0 situa\u00e7\u00e3o em que um indiv\u00edduo \u00e9 legalmente obrigado a efetuar contribui\u00e7\u00f5es financeiras para um fundo p\u00fablico ao abrigo de uma lei ou de um regulamento administrativo. \u00c9 o primeiro passo para avaliar a situa\u00e7\u00e3o fiscal de uma pessoa e pode ser &#8230; <a title=\"Tributa\u00e7\u00e3o das pessoas singulares na Su\u00ed\u00e7a\" class=\"read-more\" href=\"https:\/\/www.geneva-lawyers.com\/pt-pt\/tributacao-pessoas-singulares-suica\/\" aria-label=\"Leia mais sobre Tributa\u00e7\u00e3o das pessoas singulares na Su\u00ed\u00e7a\">Ler mais<\/a><\/p>\n","protected":false},"author":1,"featured_media":0,"parent":0,"menu_order":0,"comment_status":"closed","ping_status":"closed","template":"elementor_header_footer","meta":{"_acf_changed":false,"_seopress_robots_primary_cat":"","_seopress_titles_title":"","_seopress_titles_desc":"","_seopress_robots_index":"","footnotes":""},"class_list":["post-32400","page","type-page","status-publish"],"acf":[],"_links":{"self":[{"href":"https:\/\/www.geneva-lawyers.com\/pt-pt\/wp-json\/wp\/v2\/pages\/32400","targetHints":{"allow":["GET"]}}],"collection":[{"href":"https:\/\/www.geneva-lawyers.com\/pt-pt\/wp-json\/wp\/v2\/pages"}],"about":[{"href":"https:\/\/www.geneva-lawyers.com\/pt-pt\/wp-json\/wp\/v2\/types\/page"}],"author":[{"embeddable":true,"href":"https:\/\/www.geneva-lawyers.com\/pt-pt\/wp-json\/wp\/v2\/users\/1"}],"replies":[{"embeddable":true,"href":"https:\/\/www.geneva-lawyers.com\/pt-pt\/wp-json\/wp\/v2\/comments?post=32400"}],"version-history":[{"count":6,"href":"https:\/\/www.geneva-lawyers.com\/pt-pt\/wp-json\/wp\/v2\/pages\/32400\/revisions"}],"predecessor-version":[{"id":33866,"href":"https:\/\/www.geneva-lawyers.com\/pt-pt\/wp-json\/wp\/v2\/pages\/32400\/revisions\/33866"}],"wp:attachment":[{"href":"https:\/\/www.geneva-lawyers.com\/pt-pt\/wp-json\/wp\/v2\/media?parent=32400"}],"curies":[{"name":"wp","href":"https:\/\/api.w.org\/{rel}","templated":true}]}}