{"id":32438,"date":"2024-05-22T13:52:43","date_gmt":"2024-05-22T11:52:43","guid":{"rendered":"https:\/\/www.geneva-lawyers.com\/advogado-de-direito-imobiliario-na-suica\/"},"modified":"2025-04-14T15:45:40","modified_gmt":"2025-04-14T13:45:40","slug":"advogado-direito-imobiliario-suica","status":"publish","type":"page","link":"https:\/\/www.geneva-lawyers.com\/pt-pt\/advogado-direito-imobiliario-suica\/","title":{"rendered":"Advogado de direito imobili\u00e1rio na Su\u00ed\u00e7a"},"content":{"rendered":"\t\t<div data-elementor-type=\"wp-page\" data-elementor-id=\"32438\" class=\"elementor elementor-32438 elementor-29174\" data-elementor-post-type=\"page\">\n\t\t\t\t\t\t<section class=\"elementor-section elementor-top-section elementor-element elementor-element-3ce81ee1 elementor-section-boxed elementor-section-height-default elementor-section-height-default\" data-id=\"3ce81ee1\" data-element_type=\"section\" data-e-type=\"section\" data-settings=\"{&quot;background_background&quot;:&quot;classic&quot;}\">\n\t\t\t\t\t\t\t<div class=\"elementor-background-overlay\"><\/div>\n\t\t\t\t\t\t\t<div class=\"elementor-container elementor-column-gap-default\">\n\t\t\t\t\t<div class=\"elementor-column elementor-col-100 elementor-top-column elementor-element elementor-element-4ca4b5c0\" data-id=\"4ca4b5c0\" data-element_type=\"column\" data-e-type=\"column\">\n\t\t\t<div class=\"elementor-widget-wrap elementor-element-populated\">\n\t\t\t\t\t\t<div class=\"elementor-element elementor-element-60b32f10 elementor-widget-divider--view-line elementor-widget elementor-widget-divider\" data-id=\"60b32f10\" data-element_type=\"widget\" data-e-type=\"widget\" data-widget_type=\"divider.default\">\n\t\t\t\t<div class=\"elementor-widget-container\">\n\t\t\t\t\t\t\t<div class=\"elementor-divider\">\n\t\t\t<span class=\"elementor-divider-separator\">\n\t\t\t\t\t\t<\/span>\n\t\t<\/div>\n\t\t\t\t\t\t<\/div>\n\t\t\t\t<\/div>\n\t\t\t\t<div class=\"elementor-element elementor-element-4928c9e elementor-align-center elementor-widget elementor-widget-button\" data-id=\"4928c9e\" data-element_type=\"widget\" data-e-type=\"widget\" data-widget_type=\"button.default\">\n\t\t\t\t<div class=\"elementor-widget-container\">\n\t\t\t\t\t\t\t\t\t<div class=\"elementor-button-wrapper\">\n\t\t\t\t\t<a class=\"elementor-button elementor-button-link elementor-size-sm\" href=\"https:\/\/www.geneva-lawyers.com\/pt-pt\/contacto\/\">\n\t\t\t\t\t\t<span class=\"elementor-button-content-wrapper\">\n\t\t\t\t\t\t\t\t\t<span class=\"elementor-button-text\">Marca uma consulta com um advogado<\/span>\n\t\t\t\t\t<\/span>\n\t\t\t\t\t<\/a>\n\t\t\t\t<\/div>\n\t\t\t\t\t\t\t\t<\/div>\n\t\t\t\t<\/div>\n\t\t\t\t\t<\/div>\n\t\t<\/div>\n\t\t\t\t\t<\/div>\n\t\t<\/section>\n\t\t\t\t<section class=\"elementor-section elementor-top-section elementor-element elementor-element-62f9fa82 elementor-section-boxed elementor-section-height-default elementor-section-height-default\" data-id=\"62f9fa82\" data-element_type=\"section\" data-e-type=\"section\">\n\t\t\t\t\t\t<div class=\"elementor-container elementor-column-gap-default\">\n\t\t\t\t\t<div class=\"elementor-column elementor-col-100 elementor-top-column elementor-element elementor-element-2c085c04\" data-id=\"2c085c04\" data-element_type=\"column\" data-e-type=\"column\">\n\t\t\t<div class=\"elementor-widget-wrap elementor-element-populated\">\n\t\t\t\t\t\t<div class=\"elementor-element elementor-element-c998a6b elementor-widget elementor-widget-heading\" data-id=\"c998a6b\" data-element_type=\"widget\" data-e-type=\"widget\" data-widget_type=\"heading.default\">\n\t\t\t\t<div class=\"elementor-widget-container\">\n\t\t\t\t\t<h2 class=\"elementor-heading-title elementor-size-default\">Advogado de Direito Imobili\u00e1rio em Genebra\n<\/h2>\t\t\t\t<\/div>\n\t\t\t\t<\/div>\n\t\t\t\t<div class=\"elementor-element elementor-element-3d4ab7f elementor-widget-divider--view-line elementor-widget elementor-widget-divider\" data-id=\"3d4ab7f\" data-element_type=\"widget\" data-e-type=\"widget\" data-widget_type=\"divider.default\">\n\t\t\t\t<div class=\"elementor-widget-container\">\n\t\t\t\t\t\t\t<div class=\"elementor-divider\">\n\t\t\t<span class=\"elementor-divider-separator\">\n\t\t\t\t\t\t<\/span>\n\t\t<\/div>\n\t\t\t\t\t\t<\/div>\n\t\t\t\t<\/div>\n\t\t\t\t<div class=\"elementor-element elementor-element-6dc87367 elementor-widget elementor-widget-text-editor\" data-id=\"6dc87367\" data-element_type=\"widget\" data-e-type=\"widget\" data-widget_type=\"text-editor.default\">\n\t\t\t\t<div class=\"elementor-widget-container\">\n\t\t\t\t\t\t\t\t\t<p>O direito imobili\u00e1rio engloba todas as disposi\u00e7\u00f5es legais e regulamentares relacionadas com a constru\u00e7\u00e3o e a ocupa\u00e7\u00e3o de edif\u00edcios. Para os particulares, este ramo do direito define as condi\u00e7\u00f5es em que os im\u00f3veis que ocupam ou possuem podem ser constru\u00eddos, ocupados, mantidos ou arrendados. <\/p><p>Quando uma pessoa pretende construir uma casa, as condi\u00e7\u00f5es para obter uma licen\u00e7a de constru\u00e7\u00e3o s\u00e3o estabelecidas por leis cantonais e federais, que incluem disposi\u00e7\u00f5es espec\u00edficas do direito imobili\u00e1rio. Al\u00e9m disso, o direito imobili\u00e1rio define as obriga\u00e7\u00f5es do arquiteto e do construtor que contrata para o seu projeto. <\/p><h2>O papel de um advogado imobili\u00e1rio<\/h2><p>Se comprares um apartamento a um promotor, o direito imobili\u00e1rio especifica as garantias que o promotor deve fornecer. As disposi\u00e7\u00f5es legais que regem o condom\u00ednio de que fazes parte tamb\u00e9m s\u00e3o definidas pelo direito imobili\u00e1rio. <\/p><p>Al\u00e9m disso, se arrendares um apartamento ou pretenderes comprar um para arrendamento, a rela\u00e7\u00e3o entre o senhorio e o inquilino \u00e9 regulada pelo direito imobili\u00e1rio.<\/p><h2>Porqu\u00ea contratar um advogado imobili\u00e1rio na Su\u00ed\u00e7a?<\/h2><p>Um advogado imobili\u00e1rio est\u00e1 totalmente equipado para defender os teus interesses se tiveres problemas com um inquilino problem\u00e1tico. Tamb\u00e9m pode ajudar-te se fores v\u00edtima de um promotor desonesto ou se comprares uma propriedade com defeitos ocultos intencionalmente escondidos pelo vendedor. Da mesma forma, se o construtor que contrataste para a constru\u00e7\u00e3o da tua casa n\u00e3o cumprir as suas obriga\u00e7\u00f5es contratuais ou legais, um advogado imobili\u00e1rio pode dar-te o apoio jur\u00eddico necess\u00e1rio.  <\/p><h2>Contacta-nos<\/h2><p>Para obter aconselhamento jur\u00eddico especializado e representa\u00e7\u00e3o em quest\u00f5es imobili\u00e1rias em Genebra, contacte-nos. Os nossos advogados est\u00e3o empenhados em prestar uma assist\u00eancia abrangente e eficaz para garantir a prote\u00e7\u00e3o dos seus direitos e interesses imobili\u00e1rios. <\/p>\t\t\t\t\t\t\t\t<\/div>\n\t\t\t\t<\/div>\n\t\t\t\t\t<\/div>\n\t\t<\/div>\n\t\t\t\t\t<\/div>\n\t\t<\/section>\n\t\t\t\t<section class=\"elementor-section elementor-top-section elementor-element elementor-element-25c8eac0 elementor-section-full_width elementor-section-height-min-height elementor-section-items-stretch elementor-section-content-middle elementor-section-height-default\" data-id=\"25c8eac0\" data-element_type=\"section\" data-e-type=\"section\" data-settings=\"{&quot;background_background&quot;:&quot;classic&quot;}\">\n\t\t\t\t\t\t<div class=\"elementor-container elementor-column-gap-no\">\n\t\t\t\t\t<div class=\"elementor-column elementor-col-50 elementor-top-column elementor-element elementor-element-42d8fb66\" data-id=\"42d8fb66\" data-element_type=\"column\" data-e-type=\"column\" data-settings=\"{&quot;background_background&quot;:&quot;classic&quot;}\">\n\t\t\t<div class=\"elementor-widget-wrap elementor-element-populated\">\n\t\t\t\t\t\t<div class=\"elementor-element elementor-element-4e172931 elementor-widget elementor-widget-spacer\" data-id=\"4e172931\" data-element_type=\"widget\" data-e-type=\"widget\" data-widget_type=\"spacer.default\">\n\t\t\t\t<div class=\"elementor-widget-container\">\n\t\t\t\t\t\t\t<div class=\"elementor-spacer\">\n\t\t\t<div class=\"elementor-spacer-inner\"><\/div>\n\t\t<\/div>\n\t\t\t\t\t\t<\/div>\n\t\t\t\t<\/div>\n\t\t\t\t\t<\/div>\n\t\t<\/div>\n\t\t\t\t<div class=\"elementor-column elementor-col-50 elementor-top-column elementor-element elementor-element-26bc4366\" data-id=\"26bc4366\" data-element_type=\"column\" data-e-type=\"column\" data-settings=\"{&quot;background_background&quot;:&quot;classic&quot;}\">\n\t\t\t<div class=\"elementor-widget-wrap elementor-element-populated\">\n\t\t\t\t\t\t<div class=\"elementor-element elementor-element-1a6306b9 elementor-widget elementor-widget-heading\" data-id=\"1a6306b9\" data-element_type=\"widget\" data-e-type=\"widget\" data-widget_type=\"heading.default\">\n\t\t\t\t<div class=\"elementor-widget-container\">\n\t\t\t\t\t<p class=\"elementor-heading-title elementor-size-default\">Consulta inicial  <\/p>\t\t\t\t<\/div>\n\t\t\t\t<\/div>\n\t\t\t\t<div class=\"elementor-element elementor-element-3605ae2e elementor-widget elementor-widget-heading\" data-id=\"3605ae2e\" data-element_type=\"widget\" data-e-type=\"widget\" data-widget_type=\"heading.default\">\n\t\t\t\t<div class=\"elementor-widget-container\">\n\t\t\t\t\t<p class=\"elementor-heading-title elementor-size-default\">de 60 min a CHF 220.00<\/p>\t\t\t\t<\/div>\n\t\t\t\t<\/div>\n\t\t\t\t<div class=\"elementor-element elementor-element-79bd6855 elementor-widget elementor-widget-text-editor\" data-id=\"79bd6855\" data-element_type=\"widget\" data-e-type=\"widget\" data-widget_type=\"text-editor.default\">\n\t\t\t\t<div class=\"elementor-widget-container\">\n\t\t\t\t\t\t\t\t\tDiscute a tua situa\u00e7\u00e3o com um advogado especializado na Su\u00ed\u00e7a.\n\t\t\t\t\t\t\t\t<\/div>\n\t\t\t\t<\/div>\n\t\t\t\t<div class=\"elementor-element elementor-element-7634dccb elementor-widget-divider--view-line elementor-widget elementor-widget-divider\" data-id=\"7634dccb\" data-element_type=\"widget\" data-e-type=\"widget\" data-widget_type=\"divider.default\">\n\t\t\t\t<div class=\"elementor-widget-container\">\n\t\t\t\t\t\t\t<div class=\"elementor-divider\">\n\t\t\t<span class=\"elementor-divider-separator\">\n\t\t\t\t\t\t<\/span>\n\t\t<\/div>\n\t\t\t\t\t\t<\/div>\n\t\t\t\t<\/div>\n\t\t\t\t<div class=\"elementor-element elementor-element-5e48f671 elementor-widget elementor-widget-text-editor\" data-id=\"5e48f671\" data-element_type=\"widget\" data-e-type=\"widget\" data-widget_type=\"text-editor.default\">\n\t\t\t\t<div class=\"elementor-widget-container\">\n\t\t\t\t\t\t\t\t\t<p>Procuras apenas uma marca\u00e7\u00e3o para fazer algumas perguntas?<br>N\u00e3o tens a certeza sobre os procedimentos que pretendes efetuar?<br>A tua situa\u00e7\u00e3o n\u00e3o \u00e9 clara?<\/p><p><strong>Opta por uma primeira consulta com um advogado em Genebra.<\/strong><\/p><p>Decidir\u00e1s ent\u00e3o se queres prosseguir e os nossos advogados indicar-te-\u00e3o o custo do processo em fun\u00e7\u00e3o do teu caso. Marca\u00e7\u00e3o de consultas presenciais ou por videoconfer\u00eancia. <strong><br><\/strong><\/p>\t\t\t\t\t\t\t\t<\/div>\n\t\t\t\t<\/div>\n\t\t\t\t<div class=\"elementor-element elementor-element-7a30892a elementor-align-center elementor-widget elementor-widget-button\" data-id=\"7a30892a\" data-element_type=\"widget\" data-e-type=\"widget\" data-widget_type=\"button.default\">\n\t\t\t\t<div class=\"elementor-widget-container\">\n\t\t\t\t\t\t\t\t\t<div class=\"elementor-button-wrapper\">\n\t\t\t\t\t<a class=\"elementor-button elementor-button-link elementor-size-sm\" href=\"https:\/\/www.geneva-lawyers.com\/pt-pt\/contacto\/\">\n\t\t\t\t\t\t<span class=\"elementor-button-content-wrapper\">\n\t\t\t\t\t\t\t\t\t<span class=\"elementor-button-text\">Marca uma consulta com um advogado<\/span>\n\t\t\t\t\t<\/span>\n\t\t\t\t\t<\/a>\n\t\t\t\t<\/div>\n\t\t\t\t\t\t\t\t<\/div>\n\t\t\t\t<\/div>\n\t\t\t\t\t<\/div>\n\t\t<\/div>\n\t\t\t\t\t<\/div>\n\t\t<\/section>\n\t\t\t\t<\/div>\n\t\t","protected":false},"excerpt":{"rendered":"<p>Marca uma consulta com um advogado Advogado de Direito Imobili\u00e1rio em Genebra O direito imobili\u00e1rio engloba todas as disposi\u00e7\u00f5es legais e regulamentares relacionadas com a constru\u00e7\u00e3o e a ocupa\u00e7\u00e3o de edif\u00edcios. Para os particulares, este ramo do direito define as condi\u00e7\u00f5es em que os im\u00f3veis que ocupam ou possuem podem ser constru\u00eddos, ocupados, mantidos ou &#8230; <a title=\"Advogado de direito imobili\u00e1rio na Su\u00ed\u00e7a\" class=\"read-more\" href=\"https:\/\/www.geneva-lawyers.com\/pt-pt\/advogado-direito-imobiliario-suica\/\" aria-label=\"Leia mais sobre Advogado de direito imobili\u00e1rio na Su\u00ed\u00e7a\">Ler mais<\/a><\/p>\n","protected":false},"author":1,"featured_media":0,"parent":0,"menu_order":0,"comment_status":"closed","ping_status":"closed","template":"elementor_header_footer","meta":{"_acf_changed":false,"_seopress_robots_primary_cat":"","_seopress_titles_title":"","_seopress_titles_desc":"","_seopress_robots_index":"","footnotes":""},"class_list":["post-32438","page","type-page","status-publish"],"acf":[],"_links":{"self":[{"href":"https:\/\/www.geneva-lawyers.com\/pt-pt\/wp-json\/wp\/v2\/pages\/32438","targetHints":{"allow":["GET"]}}],"collection":[{"href":"https:\/\/www.geneva-lawyers.com\/pt-pt\/wp-json\/wp\/v2\/pages"}],"about":[{"href":"https:\/\/www.geneva-lawyers.com\/pt-pt\/wp-json\/wp\/v2\/types\/page"}],"author":[{"embeddable":true,"href":"https:\/\/www.geneva-lawyers.com\/pt-pt\/wp-json\/wp\/v2\/users\/1"}],"replies":[{"embeddable":true,"href":"https:\/\/www.geneva-lawyers.com\/pt-pt\/wp-json\/wp\/v2\/comments?post=32438"}],"version-history":[{"count":6,"href":"https:\/\/www.geneva-lawyers.com\/pt-pt\/wp-json\/wp\/v2\/pages\/32438\/revisions"}],"predecessor-version":[{"id":34010,"href":"https:\/\/www.geneva-lawyers.com\/pt-pt\/wp-json\/wp\/v2\/pages\/32438\/revisions\/34010"}],"wp:attachment":[{"href":"https:\/\/www.geneva-lawyers.com\/pt-pt\/wp-json\/wp\/v2\/media?parent=32438"}],"curies":[{"name":"wp","href":"https:\/\/api.w.org\/{rel}","templated":true}]}}