{"id":32440,"date":"2024-05-21T16:23:03","date_gmt":"2024-05-21T14:23:03","guid":{"rendered":"https:\/\/www.geneva-lawyers.com\/advogado-de-direito-societario-na-suica\/"},"modified":"2025-04-14T16:16:24","modified_gmt":"2025-04-14T14:16:24","slug":"advogado-direito-societario-suica","status":"publish","type":"page","link":"https:\/\/www.geneva-lawyers.com\/pt-pt\/advogado-direito-societario-suica\/","title":{"rendered":"Advogado de direito societ\u00e1rio na Su\u00ed\u00e7a"},"content":{"rendered":"\t\t<div data-elementor-type=\"wp-page\" data-elementor-id=\"32440\" class=\"elementor elementor-32440 elementor-29130\" data-elementor-post-type=\"page\">\n\t\t\t\t\t\t<section class=\"elementor-section elementor-top-section elementor-element elementor-element-63079c77 elementor-section-boxed elementor-section-height-default elementor-section-height-default\" data-id=\"63079c77\" data-element_type=\"section\" data-e-type=\"section\" data-settings=\"{&quot;background_background&quot;:&quot;classic&quot;}\">\n\t\t\t\t\t\t\t<div class=\"elementor-background-overlay\"><\/div>\n\t\t\t\t\t\t\t<div class=\"elementor-container elementor-column-gap-default\">\n\t\t\t\t\t<div class=\"elementor-column elementor-col-100 elementor-top-column elementor-element elementor-element-108093e\" data-id=\"108093e\" data-element_type=\"column\" data-e-type=\"column\">\n\t\t\t<div class=\"elementor-widget-wrap elementor-element-populated\">\n\t\t\t\t\t\t<div class=\"elementor-element elementor-element-1a06375b elementor-widget-divider--view-line elementor-widget elementor-widget-divider\" data-id=\"1a06375b\" data-element_type=\"widget\" data-e-type=\"widget\" data-widget_type=\"divider.default\">\n\t\t\t\t<div class=\"elementor-widget-container\">\n\t\t\t\t\t\t\t<div class=\"elementor-divider\">\n\t\t\t<span class=\"elementor-divider-separator\">\n\t\t\t\t\t\t<\/span>\n\t\t<\/div>\n\t\t\t\t\t\t<\/div>\n\t\t\t\t<\/div>\n\t\t\t\t<div class=\"elementor-element elementor-element-600f8719 elementor-align-center elementor-widget elementor-widget-button\" data-id=\"600f8719\" data-element_type=\"widget\" data-e-type=\"widget\" data-widget_type=\"button.default\">\n\t\t\t\t<div class=\"elementor-widget-container\">\n\t\t\t\t\t\t\t\t\t<div class=\"elementor-button-wrapper\">\n\t\t\t\t\t<a class=\"elementor-button elementor-button-link elementor-size-sm\" href=\"https:\/\/www.geneva-lawyers.com\/pt-pt\/contacto\/\">\n\t\t\t\t\t\t<span class=\"elementor-button-content-wrapper\">\n\t\t\t\t\t\t\t\t\t<span class=\"elementor-button-text\">Marca uma consulta com um advogado<\/span>\n\t\t\t\t\t<\/span>\n\t\t\t\t\t<\/a>\n\t\t\t\t<\/div>\n\t\t\t\t\t\t\t\t<\/div>\n\t\t\t\t<\/div>\n\t\t\t\t\t<\/div>\n\t\t<\/div>\n\t\t\t\t\t<\/div>\n\t\t<\/section>\n\t\t\t\t<section class=\"elementor-section elementor-top-section elementor-element elementor-element-278fe96e elementor-section-boxed elementor-section-height-default elementor-section-height-default\" data-id=\"278fe96e\" data-element_type=\"section\" data-e-type=\"section\">\n\t\t\t\t\t\t<div class=\"elementor-container elementor-column-gap-default\">\n\t\t\t\t\t<div class=\"elementor-column elementor-col-100 elementor-top-column elementor-element elementor-element-36ac91b7\" data-id=\"36ac91b7\" data-element_type=\"column\" data-e-type=\"column\">\n\t\t\t<div class=\"elementor-widget-wrap elementor-element-populated\">\n\t\t\t\t\t\t<div class=\"elementor-element elementor-element-46358118 elementor-widget elementor-widget-heading\" data-id=\"46358118\" data-element_type=\"widget\" data-e-type=\"widget\" data-widget_type=\"heading.default\">\n\t\t\t\t<div class=\"elementor-widget-container\">\n\t\t\t\t\t<h2 class=\"elementor-heading-title elementor-size-default\">Advogado de Direito Comercial em Genebra<\/h2>\t\t\t\t<\/div>\n\t\t\t\t<\/div>\n\t\t\t\t<div class=\"elementor-element elementor-element-397b9d1a elementor-widget-divider--view-line elementor-widget elementor-widget-divider\" data-id=\"397b9d1a\" data-element_type=\"widget\" data-e-type=\"widget\" data-widget_type=\"divider.default\">\n\t\t\t\t<div class=\"elementor-widget-container\">\n\t\t\t\t\t\t\t<div class=\"elementor-divider\">\n\t\t\t<span class=\"elementor-divider-separator\">\n\t\t\t\t\t\t<\/span>\n\t\t<\/div>\n\t\t\t\t\t\t<\/div>\n\t\t\t\t<\/div>\n\t\t\t\t<div class=\"elementor-element elementor-element-58d74705 elementor-widget elementor-widget-text-editor\" data-id=\"58d74705\" data-element_type=\"widget\" data-e-type=\"widget\" data-widget_type=\"text-editor.default\">\n\t\t\t\t<div class=\"elementor-widget-container\">\n\t\t\t\t\t\t\t\t\t<p>O direito das sociedades, tamb\u00e9m conhecido como direito comercial, engloba todos os regulamentos aplic\u00e1veis \u00e0s actividades dos comerciantes e das empresas. Inclui as normas que regem os registos comerciais onde se inscrevem as pessoas singulares e colectivas que exercem actividades comerciais. Al\u00e9m disso, o direito das sociedades estabelece regras para as seguintes \u00e1reas:  <\/p><ul><li>Contratos comerciais entre duas ou mais empresas<\/li><li>O grau de compromisso dos parceiros numa empresa comercial<\/li><li>Pr\u00e1ticas contabil\u00edsticas das empresas<\/li><li>Divulga\u00e7\u00e3o de informa\u00e7\u00f5es aos acionistas<\/li><li>Poderes atribu\u00eddos aos quadros e aos conselhos de administra\u00e7\u00e3o das empresas<\/li><li>Realiza\u00e7\u00e3o de assembleias gerais de acionistas<\/li><li>San\u00e7\u00f5es por infrac\u00e7\u00f5es penais relacionadas com empresas (tais como utiliza\u00e7\u00e3o indevida de bens da empresa, concorr\u00eancia desleal, divulga\u00e7\u00e3o de informa\u00e7\u00f5es falsas, publicidade enganosa, fal\u00eancias fraudulentas, pirataria inform\u00e1tica e abuso de informa\u00e7\u00e3o privilegiada)<\/li><li>Processos de fal\u00eancia<\/li><\/ul><h2>Advogado de direito societ\u00e1rio na Su\u00ed\u00e7a<\/h2><p>Um advogado de direito das sociedades pode intervir em duas \u00e1reas principais:<\/p><ol><li><strong>Reda\u00e7\u00e3o de documentos empresariais:<\/strong><ul><li>Cria estatutos de empresas, contratos comerciais ou acordos de aquisi\u00e7\u00e3o de empresas.<\/li><li>O envolvimento de um advogado de direito societ\u00e1rio \u00e9 altamente recomendado quando se adquire uma empresa para garantir que os termos da aquisi\u00e7\u00e3o protegem os teus interesses.<\/li><\/ul><\/li><li><strong>Resolu\u00e7\u00e3o de lit\u00edgios comerciais:<\/strong><ul><li>Resolu\u00e7\u00e3o de lit\u00edgios entre os s\u00f3cios da empresa e a sua dire\u00e7\u00e3o<\/li><li>Resolu\u00e7\u00e3o de conflitos decorrentes de contratos comerciais<\/li><li>Gest\u00e3o de quest\u00f5es relacionadas com concorr\u00eancia desleal, viola\u00e7\u00e3o de marcas ou patentes, fraude cibern\u00e9tica, engano de acionistas ou clientes e quaisquer outros lit\u00edgios de direito comercial<\/li><\/ul><\/li><\/ol><p>Um advogado de direito das sociedades fornece conhecimentos jur\u00eddicos essenciais para navegar nas complexidades das actividades comerciais, assegurando a conformidade e protegendo os interesses das empresas e das suas partes interessadas.<\/p>\t\t\t\t\t\t\t\t<\/div>\n\t\t\t\t<\/div>\n\t\t\t\t\t<\/div>\n\t\t<\/div>\n\t\t\t\t\t<\/div>\n\t\t<\/section>\n\t\t\t\t<section class=\"elementor-section elementor-top-section elementor-element elementor-element-6f45ce91 elementor-section-full_width elementor-section-height-min-height elementor-section-items-stretch elementor-section-content-middle elementor-section-height-default\" data-id=\"6f45ce91\" data-element_type=\"section\" data-e-type=\"section\" data-settings=\"{&quot;background_background&quot;:&quot;classic&quot;}\">\n\t\t\t\t\t\t<div class=\"elementor-container elementor-column-gap-no\">\n\t\t\t\t\t<div class=\"elementor-column elementor-col-50 elementor-top-column elementor-element elementor-element-6ee5d0dc\" data-id=\"6ee5d0dc\" data-element_type=\"column\" data-e-type=\"column\" data-settings=\"{&quot;background_background&quot;:&quot;classic&quot;}\">\n\t\t\t<div class=\"elementor-widget-wrap elementor-element-populated\">\n\t\t\t\t\t\t<div class=\"elementor-element elementor-element-46b57944 elementor-widget elementor-widget-spacer\" data-id=\"46b57944\" data-element_type=\"widget\" data-e-type=\"widget\" data-widget_type=\"spacer.default\">\n\t\t\t\t<div class=\"elementor-widget-container\">\n\t\t\t\t\t\t\t<div class=\"elementor-spacer\">\n\t\t\t<div class=\"elementor-spacer-inner\"><\/div>\n\t\t<\/div>\n\t\t\t\t\t\t<\/div>\n\t\t\t\t<\/div>\n\t\t\t\t\t<\/div>\n\t\t<\/div>\n\t\t\t\t<div class=\"elementor-column elementor-col-50 elementor-top-column elementor-element elementor-element-749cddac\" data-id=\"749cddac\" data-element_type=\"column\" data-e-type=\"column\" data-settings=\"{&quot;background_background&quot;:&quot;classic&quot;}\">\n\t\t\t<div class=\"elementor-widget-wrap elementor-element-populated\">\n\t\t\t\t\t\t<div class=\"elementor-element elementor-element-2b420bff elementor-widget elementor-widget-heading\" data-id=\"2b420bff\" data-element_type=\"widget\" data-e-type=\"widget\" data-widget_type=\"heading.default\">\n\t\t\t\t<div class=\"elementor-widget-container\">\n\t\t\t\t\t<p class=\"elementor-heading-title elementor-size-default\">Consulta inicial  <\/p>\t\t\t\t<\/div>\n\t\t\t\t<\/div>\n\t\t\t\t<div class=\"elementor-element elementor-element-29438923 elementor-widget elementor-widget-heading\" data-id=\"29438923\" data-element_type=\"widget\" data-e-type=\"widget\" data-widget_type=\"heading.default\">\n\t\t\t\t<div class=\"elementor-widget-container\">\n\t\t\t\t\t<p class=\"elementor-heading-title elementor-size-default\">de 60 min a CHF 220.00<\/p>\t\t\t\t<\/div>\n\t\t\t\t<\/div>\n\t\t\t\t<div class=\"elementor-element elementor-element-1eec5ce2 elementor-widget elementor-widget-text-editor\" data-id=\"1eec5ce2\" data-element_type=\"widget\" data-e-type=\"widget\" data-widget_type=\"text-editor.default\">\n\t\t\t\t<div class=\"elementor-widget-container\">\n\t\t\t\t\t\t\t\t\tDiscute a tua situa\u00e7\u00e3o com um advogado especializado na Su\u00ed\u00e7a.\n\t\t\t\t\t\t\t\t<\/div>\n\t\t\t\t<\/div>\n\t\t\t\t<div class=\"elementor-element elementor-element-ab43d4 elementor-widget-divider--view-line elementor-widget elementor-widget-divider\" data-id=\"ab43d4\" data-element_type=\"widget\" data-e-type=\"widget\" data-widget_type=\"divider.default\">\n\t\t\t\t<div class=\"elementor-widget-container\">\n\t\t\t\t\t\t\t<div class=\"elementor-divider\">\n\t\t\t<span class=\"elementor-divider-separator\">\n\t\t\t\t\t\t<\/span>\n\t\t<\/div>\n\t\t\t\t\t\t<\/div>\n\t\t\t\t<\/div>\n\t\t\t\t<div class=\"elementor-element elementor-element-6a4b0aa elementor-widget elementor-widget-text-editor\" data-id=\"6a4b0aa\" data-element_type=\"widget\" data-e-type=\"widget\" data-widget_type=\"text-editor.default\">\n\t\t\t\t<div class=\"elementor-widget-container\">\n\t\t\t\t\t\t\t\t\t<p>Procuras apenas uma marca\u00e7\u00e3o para fazer algumas perguntas?<br>N\u00e3o tens a certeza sobre os procedimentos que pretendes efetuar?<br>A tua situa\u00e7\u00e3o n\u00e3o \u00e9 clara?<\/p><p><strong>Opta por uma primeira consulta com um advogado em Genebra.<\/strong><\/p><p>Decidir\u00e1s ent\u00e3o se queres prosseguir e os nossos advogados indicar-te-\u00e3o o custo do processo em fun\u00e7\u00e3o do teu caso. Marca\u00e7\u00e3o de consultas presenciais ou por videoconfer\u00eancia. <strong><br><\/strong><\/p>\t\t\t\t\t\t\t\t<\/div>\n\t\t\t\t<\/div>\n\t\t\t\t<div class=\"elementor-element elementor-element-2df84d23 elementor-align-center elementor-widget elementor-widget-button\" data-id=\"2df84d23\" data-element_type=\"widget\" data-e-type=\"widget\" data-widget_type=\"button.default\">\n\t\t\t\t<div class=\"elementor-widget-container\">\n\t\t\t\t\t\t\t\t\t<div class=\"elementor-button-wrapper\">\n\t\t\t\t\t<a class=\"elementor-button elementor-button-link elementor-size-sm\" href=\"https:\/\/www.geneva-lawyers.com\/pt-pt\/contacto\/\">\n\t\t\t\t\t\t<span class=\"elementor-button-content-wrapper\">\n\t\t\t\t\t\t\t\t\t<span class=\"elementor-button-text\">Marca uma consulta com um advogado<\/span>\n\t\t\t\t\t<\/span>\n\t\t\t\t\t<\/a>\n\t\t\t\t<\/div>\n\t\t\t\t\t\t\t\t<\/div>\n\t\t\t\t<\/div>\n\t\t\t\t\t<\/div>\n\t\t<\/div>\n\t\t\t\t\t<\/div>\n\t\t<\/section>\n\t\t\t\t<\/div>\n\t\t","protected":false},"excerpt":{"rendered":"<p>Marca uma consulta com um advogado Advogado de Direito Comercial em Genebra O direito das sociedades, tamb\u00e9m conhecido como direito comercial, engloba todos os regulamentos aplic\u00e1veis \u00e0s actividades dos comerciantes e das empresas. Inclui as normas que regem os registos comerciais onde se inscrevem as pessoas singulares e colectivas que exercem actividades comerciais. Al\u00e9m disso, &#8230; <a title=\"Advogado de direito societ\u00e1rio na Su\u00ed\u00e7a\" class=\"read-more\" href=\"https:\/\/www.geneva-lawyers.com\/pt-pt\/advogado-direito-societario-suica\/\" aria-label=\"Leia mais sobre Advogado de direito societ\u00e1rio na Su\u00ed\u00e7a\">Ler mais<\/a><\/p>\n","protected":false},"author":1,"featured_media":0,"parent":0,"menu_order":0,"comment_status":"closed","ping_status":"closed","template":"elementor_header_footer","meta":{"_acf_changed":false,"_seopress_robots_primary_cat":"","_seopress_titles_title":"","_seopress_titles_desc":"","_seopress_robots_index":"","footnotes":""},"class_list":["post-32440","page","type-page","status-publish"],"acf":[],"_links":{"self":[{"href":"https:\/\/www.geneva-lawyers.com\/pt-pt\/wp-json\/wp\/v2\/pages\/32440","targetHints":{"allow":["GET"]}}],"collection":[{"href":"https:\/\/www.geneva-lawyers.com\/pt-pt\/wp-json\/wp\/v2\/pages"}],"about":[{"href":"https:\/\/www.geneva-lawyers.com\/pt-pt\/wp-json\/wp\/v2\/types\/page"}],"author":[{"embeddable":true,"href":"https:\/\/www.geneva-lawyers.com\/pt-pt\/wp-json\/wp\/v2\/users\/1"}],"replies":[{"embeddable":true,"href":"https:\/\/www.geneva-lawyers.com\/pt-pt\/wp-json\/wp\/v2\/comments?post=32440"}],"version-history":[{"count":6,"href":"https:\/\/www.geneva-lawyers.com\/pt-pt\/wp-json\/wp\/v2\/pages\/32440\/revisions"}],"predecessor-version":[{"id":34294,"href":"https:\/\/www.geneva-lawyers.com\/pt-pt\/wp-json\/wp\/v2\/pages\/32440\/revisions\/34294"}],"wp:attachment":[{"href":"https:\/\/www.geneva-lawyers.com\/pt-pt\/wp-json\/wp\/v2\/media?parent=32440"}],"curies":[{"name":"wp","href":"https:\/\/api.w.org\/{rel}","templated":true}]}}