{"id":32454,"date":"2024-05-16T15:12:57","date_gmt":"2024-05-16T13:12:57","guid":{"rendered":"https:\/\/www.geneva-lawyers.com\/medidas-de-protecao-da-uniao-conjugal-pmcu\/"},"modified":"2025-04-14T15:45:55","modified_gmt":"2025-04-14T13:45:55","slug":"medidas-protecao-uniao-conjugal-pmcu","status":"publish","type":"page","link":"https:\/\/www.geneva-lawyers.com\/pt-pt\/medidas-protecao-uniao-conjugal-pmcu\/","title":{"rendered":"Medidas de prote\u00e7\u00e3o da uni\u00e3o conjugal (PMCU)"},"content":{"rendered":"\t\t<div data-elementor-type=\"wp-page\" data-elementor-id=\"32454\" class=\"elementor elementor-32454 elementor-28938\" data-elementor-post-type=\"page\">\n\t\t\t\t\t\t<section class=\"elementor-section elementor-top-section elementor-element elementor-element-7b57512a elementor-section-boxed elementor-section-height-default elementor-section-height-default\" data-id=\"7b57512a\" data-element_type=\"section\" data-e-type=\"section\" data-settings=\"{&quot;background_background&quot;:&quot;classic&quot;}\">\n\t\t\t\t\t\t\t<div class=\"elementor-background-overlay\"><\/div>\n\t\t\t\t\t\t\t<div class=\"elementor-container elementor-column-gap-default\">\n\t\t\t\t\t<div class=\"elementor-column elementor-col-100 elementor-top-column elementor-element elementor-element-46e66c60\" data-id=\"46e66c60\" data-element_type=\"column\" data-e-type=\"column\">\n\t\t\t<div class=\"elementor-widget-wrap elementor-element-populated\">\n\t\t\t\t\t\t<div class=\"elementor-element elementor-element-3a93693d elementor-widget-divider--view-line elementor-widget elementor-widget-divider\" data-id=\"3a93693d\" data-element_type=\"widget\" data-e-type=\"widget\" data-widget_type=\"divider.default\">\n\t\t\t\t<div class=\"elementor-widget-container\">\n\t\t\t\t\t\t\t<div class=\"elementor-divider\">\n\t\t\t<span class=\"elementor-divider-separator\">\n\t\t\t\t\t\t<\/span>\n\t\t<\/div>\n\t\t\t\t\t\t<\/div>\n\t\t\t\t<\/div>\n\t\t\t\t<div class=\"elementor-element elementor-element-7f0d78a3 elementor-align-center elementor-widget elementor-widget-button\" data-id=\"7f0d78a3\" data-element_type=\"widget\" data-e-type=\"widget\" data-widget_type=\"button.default\">\n\t\t\t\t<div class=\"elementor-widget-container\">\n\t\t\t\t\t\t\t\t\t<div class=\"elementor-button-wrapper\">\n\t\t\t\t\t<a class=\"elementor-button elementor-button-link elementor-size-sm\" href=\"https:\/\/www.geneva-lawyers.com\/pt-pt\/contacto\/\">\n\t\t\t\t\t\t<span class=\"elementor-button-content-wrapper\">\n\t\t\t\t\t\t\t\t\t<span class=\"elementor-button-text\">Marca uma consulta com um advogado<\/span>\n\t\t\t\t\t<\/span>\n\t\t\t\t\t<\/a>\n\t\t\t\t<\/div>\n\t\t\t\t\t\t\t\t<\/div>\n\t\t\t\t<\/div>\n\t\t\t\t\t<\/div>\n\t\t<\/div>\n\t\t\t\t\t<\/div>\n\t\t<\/section>\n\t\t\t\t<section class=\"elementor-section elementor-top-section elementor-element elementor-element-e49310f elementor-section-boxed elementor-section-height-default elementor-section-height-default\" data-id=\"e49310f\" data-element_type=\"section\" data-e-type=\"section\">\n\t\t\t\t\t\t<div class=\"elementor-container elementor-column-gap-default\">\n\t\t\t\t\t<div class=\"elementor-column elementor-col-100 elementor-top-column elementor-element elementor-element-6bc0076c\" data-id=\"6bc0076c\" data-element_type=\"column\" data-e-type=\"column\">\n\t\t\t<div class=\"elementor-widget-wrap elementor-element-populated\">\n\t\t\t\t\t\t<div class=\"elementor-element elementor-element-21312bbd elementor-widget elementor-widget-heading\" data-id=\"21312bbd\" data-element_type=\"widget\" data-e-type=\"widget\" data-widget_type=\"heading.default\">\n\t\t\t\t<div class=\"elementor-widget-container\">\n\t\t\t\t\t<h2 class=\"elementor-heading-title elementor-size-default\">PMCU: Medidas de prote\u00e7\u00e3o da uni\u00e3o conjugal na Su\u00ed\u00e7a<\/h2>\t\t\t\t<\/div>\n\t\t\t\t<\/div>\n\t\t\t\t<div class=\"elementor-element elementor-element-5a854fa2 elementor-widget-divider--view-line elementor-widget elementor-widget-divider\" data-id=\"5a854fa2\" data-element_type=\"widget\" data-e-type=\"widget\" data-widget_type=\"divider.default\">\n\t\t\t\t<div class=\"elementor-widget-container\">\n\t\t\t\t\t\t\t<div class=\"elementor-divider\">\n\t\t\t<span class=\"elementor-divider-separator\">\n\t\t\t\t\t\t<\/span>\n\t\t<\/div>\n\t\t\t\t\t\t<\/div>\n\t\t\t\t<\/div>\n\t\t\t\t<div class=\"elementor-element elementor-element-6c7d2fb7 elementor-widget elementor-widget-text-editor\" data-id=\"6c7d2fb7\" data-element_type=\"widget\" data-e-type=\"widget\" data-widget_type=\"text-editor.default\">\n\t\t\t\t<div class=\"elementor-widget-container\">\n\t\t\t\t\t\t\t\t\t<div class=\"flex-1 overflow-hidden\"><div class=\"react-scroll-to-bottom--css-qfmvk-79elbk h-full\"><div class=\"react-scroll-to-bottom--css-qfmvk-1n7m0yu\"><div class=\"flex flex-col text-sm pb-9\"><div class=\"w-full text-token-text-primary\" dir=\"auto\" data-testid=\"conversation-turn-9\" data-scroll-anchor=\"true\"><div class=\"py-2 juice:py-[18px] px-3 text-base md:px-4 m-auto md:px-5 lg:px-1 xl:px-5\"><div class=\"mx-auto flex flex-1 gap-3 text-base juice:gap-4 juice:md:gap-6 md:max-w-3xl lg:max-w-[40rem] xl:max-w-[48rem]\"><div class=\"group\/conversation-turn relative flex w-full min-w-0 flex-col agent-turn\"><div class=\"flex-col gap-1 md:gap-3\"><div class=\"flex flex-grow flex-col max-w-full\"><div class=\"min-h-[20px] text-message flex flex-col items-start whitespace-pre-wrap break-words [.text-message+&amp;]:mt-5 juice:w-full juice:items-end overflow-x-auto gap-2\" dir=\"auto\" data-message-author-role=\"assistant\" data-message-id=\"b2448901-1183-42e8-a325-84148e37b8e8\"><div class=\"flex w-full flex-col gap-1 juice:empty:hidden juice:first:pt-[3px]\"><div class=\"markdown prose w-full break-words dark:prose-invert dark\"><p>Em caso de desacordo entre os c\u00f4njuges, n\u00e3o pode ser iniciado um processo de div\u00f3rcio amig\u00e1vel. Nestes casos, a lei obriga os c\u00f4njuges a respeitarem um per\u00edodo de separa\u00e7\u00e3o de dois anos. Este per\u00edodo de separa\u00e7\u00e3o pode exigir a ado\u00e7\u00e3o de medidas antes de o div\u00f3rcio ser conclu\u00eddo.  <\/p><h2>Caso de separa\u00e7\u00e3o por m\u00fatuo consentimento<\/h2><p>Na maioria dos casos, para acelerar um processo, a solu\u00e7\u00e3o mais simples \u00e9 adotar uma abordagem amig\u00e1vel. \u00c9 mais f\u00e1cil chegar a acordo sobre uma solu\u00e7\u00e3o em conjunto do que iniciar um processo judicial que pode durar anos e ser dispendioso. Numa quest\u00e3o que envolve duas pessoas casadas, o interesse e o bem-estar dos filhos devem ser a prioridade; por conseguinte, os pais devem esperar que um acordo de guarda partilhada satisfa\u00e7a da melhor forma as necessidades dos seus filhos. Al\u00e9m disso, devem lembrar-se de que podem sempre procurar a ajuda de conselheiros matrimoniais para ajudar a resolver o seu conflito e encontrar outras solu\u00e7\u00f5es para al\u00e9m da separa\u00e7\u00e3o ou do div\u00f3rcio.   <\/p><h2>Caso de separa\u00e7\u00e3o n\u00e3o consentida  <\/h2><p>H\u00e1 casos em que a situa\u00e7\u00e3o do casal n\u00e3o permite a celebra\u00e7\u00e3o de um acordo de separa\u00e7\u00e3o. Isto acontece muitas vezes quando um dos progenitores abandona o lar e abandona a fam\u00edlia. Neste caso, o outro c\u00f4njuge pode apresentar um pedido ao juiz para que este decida sobre quest\u00f5es urgentes, como a pron\u00fancia da separa\u00e7\u00e3o. Al\u00e9m disso, o juiz decidir\u00e1 tamb\u00e9m sobre o destino da casa de morada de fam\u00edlia, a guarda e o direito de visita.   <\/p><h2>Procedimento para dar in\u00edcio a um pedido de medidas de prote\u00e7\u00e3o da uni\u00e3o conjugal (PMCU)  <\/h2><p>Como em qualquer caso que envolva consequ\u00eancias jur\u00eddicas, \u00e9 aconselh\u00e1vel procurar aconselhamento jur\u00eddico antes de prosseguir. As decis\u00f5es resultantes das medidas de prote\u00e7\u00e3o da uni\u00e3o conjugal podem influenciar procedimentos futuros, como um pedido de div\u00f3rcio unilateral. \u00c9 importante definir claramente o teu pedido, pois o processo de div\u00f3rcio, que por vezes pode demorar meses ou mesmo anos, pode ver a aplica\u00e7\u00e3o destas medidas prolongar-se para al\u00e9m dos 2 anos. Por \u00faltimo, \u00e9 raro que as quest\u00f5es resolvidas no \u00e2mbito destas medidas sejam alteradas, como a atribui\u00e7\u00e3o da guarda dos filhos e dos direitos de visita ou a atribui\u00e7\u00e3o da casa de morada de fam\u00edlia.   <\/p><h2>Dura\u00e7\u00e3o da aplica\u00e7\u00e3o de medidas de prote\u00e7\u00e3o da uni\u00e3o conjugal  <\/h2><p>Num processo de div\u00f3rcio, \u00e9 poss\u00edvel que os dois futuros ex-c\u00f4njuges cheguem a um impasse. Este impasse pode dever-se a v\u00e1rias raz\u00f5es, tais como lit\u00edgios sobre o pr\u00f3prio princ\u00edpio do div\u00f3rcio que conduzem a uma recusa. Nestas situa\u00e7\u00f5es, um per\u00edodo de separa\u00e7\u00e3o pode, por vezes, exigir medidas de prote\u00e7\u00e3o da uni\u00e3o conjugal.  <\/p><h2>Medidas de prote\u00e7\u00e3o da uni\u00e3o conjugal  <\/h2><p>Estas medidas t\u00eam por objetivo resolver as quest\u00f5es que resultam da separa\u00e7\u00e3o prolongada dos dois progenitores. Procura encontrar solu\u00e7\u00f5es para os seguintes elementos: <\/p><ul><li>poder paternal e guarda dos filhos;<\/li><li>contribui\u00e7\u00f5es financeiras; e<\/li><li>atribui\u00e7\u00e3o de alojamento e mobili\u00e1rio.<\/li><\/ul><p>As medidas processuais podem ser solicitadas ao tribunal do domic\u00edlio de um dos c\u00f4njuges, quer unilateralmente, quer por m\u00fatuo acordo. Trata-se de um procedimento escrito que n\u00e3o exige qualquer forma especial &#8211; uma simples carta \u00e9 suficiente para solicitar uma ou v\u00e1rias das medidas enumeradas nos artigos 172\u00ba a 180\u00ba do C\u00f3digo Civil su\u00ed\u00e7o. O juiz competente marca uma audi\u00eancia para ouvir as partes e tentar chegar a um acordo. Em alguns casos, as crian\u00e7as tamb\u00e9m podem ser ouvidas. As medidas superprovis\u00f3rias tamb\u00e9m podem ser decididas pelo tribunal competente, sem respeitar o direito de ser ouvido, quando uma situa\u00e7\u00e3o urgente o justificar.    <\/p><h2>Import\u00e2ncia e necessidade de medidas de prote\u00e7\u00e3o da uni\u00e3o conjugal  <\/h2><p>As medidas de prote\u00e7\u00e3o da uni\u00e3o conjugal &#8211; PMCU &#8211; foram criadas, em primeiro lugar, para dar resposta \u00e0s quest\u00f5es relacionadas com os impactos do div\u00f3rcio na vida dos c\u00f4njuges, antes da sua decreta\u00e7\u00e3o. Estas medidas visam salvaguardar a uni\u00e3o conjugal e garantir a sua manuten\u00e7\u00e3o. S\u00e3o aplicadas quando os dois c\u00f4njuges se confrontam com lit\u00edgios, acontecimentos ou situa\u00e7\u00f5es que impedem um div\u00f3rcio amig\u00e1vel, como quando um dos c\u00f4njuges contesta os princ\u00edpios e as conven\u00e7\u00f5es do div\u00f3rcio. Estas medidas podem ser adoptadas muito antes do processo de div\u00f3rcio, se o juiz as considerar necess\u00e1rias. Na aus\u00eancia de um pedido de altera\u00e7\u00e3o ou de um pedido de div\u00f3rcio unilateral, e durante todo o per\u00edodo do div\u00f3rcio, estas medidas mant\u00eam-se em vigor.    <\/p><\/div><\/div><\/div><\/div><\/div><\/div><\/div><\/div><\/div><\/div><\/div><\/div><\/div>\t\t\t\t\t\t\t\t<\/div>\n\t\t\t\t<\/div>\n\t\t\t\t\t<\/div>\n\t\t<\/div>\n\t\t\t\t\t<\/div>\n\t\t<\/section>\n\t\t\t\t<section class=\"elementor-section elementor-top-section elementor-element elementor-element-2cde4f3a elementor-section-full_width elementor-section-height-min-height elementor-section-items-stretch elementor-section-content-middle elementor-section-height-default\" data-id=\"2cde4f3a\" data-element_type=\"section\" data-e-type=\"section\" data-settings=\"{&quot;background_background&quot;:&quot;classic&quot;}\">\n\t\t\t\t\t\t<div class=\"elementor-container elementor-column-gap-no\">\n\t\t\t\t\t<div class=\"elementor-column elementor-col-50 elementor-top-column elementor-element elementor-element-6cad2394\" data-id=\"6cad2394\" data-element_type=\"column\" data-e-type=\"column\" data-settings=\"{&quot;background_background&quot;:&quot;classic&quot;}\">\n\t\t\t<div class=\"elementor-widget-wrap elementor-element-populated\">\n\t\t\t\t\t\t<div class=\"elementor-element elementor-element-6e8afb40 elementor-widget elementor-widget-spacer\" data-id=\"6e8afb40\" data-element_type=\"widget\" data-e-type=\"widget\" data-widget_type=\"spacer.default\">\n\t\t\t\t<div class=\"elementor-widget-container\">\n\t\t\t\t\t\t\t<div class=\"elementor-spacer\">\n\t\t\t<div class=\"elementor-spacer-inner\"><\/div>\n\t\t<\/div>\n\t\t\t\t\t\t<\/div>\n\t\t\t\t<\/div>\n\t\t\t\t\t<\/div>\n\t\t<\/div>\n\t\t\t\t<div class=\"elementor-column elementor-col-50 elementor-top-column elementor-element elementor-element-1c0ac59f\" data-id=\"1c0ac59f\" data-element_type=\"column\" data-e-type=\"column\" data-settings=\"{&quot;background_background&quot;:&quot;classic&quot;}\">\n\t\t\t<div class=\"elementor-widget-wrap elementor-element-populated\">\n\t\t\t\t\t\t<div class=\"elementor-element elementor-element-b21ef8f elementor-widget elementor-widget-heading\" data-id=\"b21ef8f\" data-element_type=\"widget\" data-e-type=\"widget\" data-widget_type=\"heading.default\">\n\t\t\t\t<div class=\"elementor-widget-container\">\n\t\t\t\t\t<p class=\"elementor-heading-title elementor-size-default\">Consulta inicial  <\/p>\t\t\t\t<\/div>\n\t\t\t\t<\/div>\n\t\t\t\t<div class=\"elementor-element elementor-element-38f45307 elementor-widget elementor-widget-heading\" data-id=\"38f45307\" data-element_type=\"widget\" data-e-type=\"widget\" data-widget_type=\"heading.default\">\n\t\t\t\t<div class=\"elementor-widget-container\">\n\t\t\t\t\t<p class=\"elementor-heading-title elementor-size-default\">de 60 min a CHF 220.00<\/p>\t\t\t\t<\/div>\n\t\t\t\t<\/div>\n\t\t\t\t<div class=\"elementor-element elementor-element-49b93af1 elementor-widget elementor-widget-text-editor\" data-id=\"49b93af1\" data-element_type=\"widget\" data-e-type=\"widget\" data-widget_type=\"text-editor.default\">\n\t\t\t\t<div class=\"elementor-widget-container\">\n\t\t\t\t\t\t\t\t\tDiscute a tua situa\u00e7\u00e3o com um advogado especializado na Su\u00ed\u00e7a.\n\t\t\t\t\t\t\t\t<\/div>\n\t\t\t\t<\/div>\n\t\t\t\t<div class=\"elementor-element elementor-element-3652ea63 elementor-widget-divider--view-line elementor-widget elementor-widget-divider\" data-id=\"3652ea63\" data-element_type=\"widget\" data-e-type=\"widget\" data-widget_type=\"divider.default\">\n\t\t\t\t<div class=\"elementor-widget-container\">\n\t\t\t\t\t\t\t<div class=\"elementor-divider\">\n\t\t\t<span class=\"elementor-divider-separator\">\n\t\t\t\t\t\t<\/span>\n\t\t<\/div>\n\t\t\t\t\t\t<\/div>\n\t\t\t\t<\/div>\n\t\t\t\t<div class=\"elementor-element elementor-element-758ccd31 elementor-widget elementor-widget-text-editor\" data-id=\"758ccd31\" data-element_type=\"widget\" data-e-type=\"widget\" data-widget_type=\"text-editor.default\">\n\t\t\t\t<div class=\"elementor-widget-container\">\n\t\t\t\t\t\t\t\t\t<p>Procuras apenas uma marca\u00e7\u00e3o para fazer algumas perguntas?<br>N\u00e3o tens a certeza sobre os procedimentos que pretendes efetuar?<br>A tua situa\u00e7\u00e3o n\u00e3o \u00e9 clara?<\/p><p><strong>Opta por uma primeira consulta com um advogado em Genebra.<\/strong><\/p><p>Decidir\u00e1s ent\u00e3o se queres prosseguir e os nossos advogados indicar-te-\u00e3o o custo do processo em fun\u00e7\u00e3o do teu caso. Marca\u00e7\u00e3o de consultas presenciais ou por videoconfer\u00eancia. <strong><br><\/strong><\/p>\t\t\t\t\t\t\t\t<\/div>\n\t\t\t\t<\/div>\n\t\t\t\t<div class=\"elementor-element elementor-element-2f2fe2b elementor-align-center elementor-widget elementor-widget-button\" data-id=\"2f2fe2b\" data-element_type=\"widget\" data-e-type=\"widget\" data-widget_type=\"button.default\">\n\t\t\t\t<div class=\"elementor-widget-container\">\n\t\t\t\t\t\t\t\t\t<div class=\"elementor-button-wrapper\">\n\t\t\t\t\t<a class=\"elementor-button elementor-button-link elementor-size-sm\" href=\"https:\/\/www.geneva-lawyers.com\/pt-pt\/contacto\/\">\n\t\t\t\t\t\t<span class=\"elementor-button-content-wrapper\">\n\t\t\t\t\t\t\t\t\t<span class=\"elementor-button-text\">Marca uma consulta com um advogado<\/span>\n\t\t\t\t\t<\/span>\n\t\t\t\t\t<\/a>\n\t\t\t\t<\/div>\n\t\t\t\t\t\t\t\t<\/div>\n\t\t\t\t<\/div>\n\t\t\t\t\t<\/div>\n\t\t<\/div>\n\t\t\t\t\t<\/div>\n\t\t<\/section>\n\t\t\t\t<\/div>\n\t\t","protected":false},"excerpt":{"rendered":"<p>Marca uma consulta com um advogado PMCU: Medidas de prote\u00e7\u00e3o da uni\u00e3o conjugal na Su\u00ed\u00e7a Em caso de desacordo entre os c\u00f4njuges, n\u00e3o pode ser iniciado um processo de div\u00f3rcio amig\u00e1vel. Nestes casos, a lei obriga os c\u00f4njuges a respeitarem um per\u00edodo de separa\u00e7\u00e3o de dois anos. Este per\u00edodo de separa\u00e7\u00e3o pode exigir a ado\u00e7\u00e3o &#8230; <a title=\"Medidas de prote\u00e7\u00e3o da uni\u00e3o conjugal (PMCU)\" class=\"read-more\" href=\"https:\/\/www.geneva-lawyers.com\/pt-pt\/medidas-protecao-uniao-conjugal-pmcu\/\" aria-label=\"Leia mais sobre Medidas de prote\u00e7\u00e3o da uni\u00e3o conjugal (PMCU)\">Ler mais<\/a><\/p>\n","protected":false},"author":1,"featured_media":0,"parent":0,"menu_order":0,"comment_status":"closed","ping_status":"closed","template":"elementor_header_footer","meta":{"_acf_changed":false,"_seopress_robots_primary_cat":"","_seopress_titles_title":"","_seopress_titles_desc":"","_seopress_robots_index":"","footnotes":""},"class_list":["post-32454","page","type-page","status-publish"],"acf":[],"_links":{"self":[{"href":"https:\/\/www.geneva-lawyers.com\/pt-pt\/wp-json\/wp\/v2\/pages\/32454","targetHints":{"allow":["GET"]}}],"collection":[{"href":"https:\/\/www.geneva-lawyers.com\/pt-pt\/wp-json\/wp\/v2\/pages"}],"about":[{"href":"https:\/\/www.geneva-lawyers.com\/pt-pt\/wp-json\/wp\/v2\/types\/page"}],"author":[{"embeddable":true,"href":"https:\/\/www.geneva-lawyers.com\/pt-pt\/wp-json\/wp\/v2\/users\/1"}],"replies":[{"embeddable":true,"href":"https:\/\/www.geneva-lawyers.com\/pt-pt\/wp-json\/wp\/v2\/comments?post=32454"}],"version-history":[{"count":6,"href":"https:\/\/www.geneva-lawyers.com\/pt-pt\/wp-json\/wp\/v2\/pages\/32454\/revisions"}],"predecessor-version":[{"id":34014,"href":"https:\/\/www.geneva-lawyers.com\/pt-pt\/wp-json\/wp\/v2\/pages\/32454\/revisions\/34014"}],"wp:attachment":[{"href":"https:\/\/www.geneva-lawyers.com\/pt-pt\/wp-json\/wp\/v2\/media?parent=32454"}],"curies":[{"name":"wp","href":"https:\/\/api.w.org\/{rel}","templated":true}]}}