{"id":32462,"date":"2024-05-16T15:03:56","date_gmt":"2024-05-16T13:03:56","guid":{"rendered":"https:\/\/www.geneva-lawyers.com\/divorcio-unilateral\/"},"modified":"2025-04-14T14:55:36","modified_gmt":"2025-04-14T12:55:36","slug":"divorcio-unilateral","status":"publish","type":"page","link":"https:\/\/www.geneva-lawyers.com\/pt-pt\/divorcio-unilateral\/","title":{"rendered":"Div\u00f3rcio unilateral"},"content":{"rendered":"\t\t<div data-elementor-type=\"wp-page\" data-elementor-id=\"32462\" class=\"elementor elementor-32462 elementor-28930\" data-elementor-post-type=\"page\">\n\t\t\t\t\t\t<section class=\"elementor-section elementor-top-section elementor-element elementor-element-3489a3ce elementor-section-boxed elementor-section-height-default elementor-section-height-default\" data-id=\"3489a3ce\" data-element_type=\"section\" data-e-type=\"section\" data-settings=\"{&quot;background_background&quot;:&quot;classic&quot;}\">\n\t\t\t\t\t\t\t<div class=\"elementor-background-overlay\"><\/div>\n\t\t\t\t\t\t\t<div class=\"elementor-container elementor-column-gap-default\">\n\t\t\t\t\t<div class=\"elementor-column elementor-col-100 elementor-top-column elementor-element elementor-element-2d8d96e7\" data-id=\"2d8d96e7\" data-element_type=\"column\" data-e-type=\"column\">\n\t\t\t<div class=\"elementor-widget-wrap elementor-element-populated\">\n\t\t\t\t\t\t<div class=\"elementor-element elementor-element-72d7597f elementor-widget-divider--view-line elementor-widget elementor-widget-divider\" data-id=\"72d7597f\" data-element_type=\"widget\" data-e-type=\"widget\" data-widget_type=\"divider.default\">\n\t\t\t\t<div class=\"elementor-widget-container\">\n\t\t\t\t\t\t\t<div class=\"elementor-divider\">\n\t\t\t<span class=\"elementor-divider-separator\">\n\t\t\t\t\t\t<\/span>\n\t\t<\/div>\n\t\t\t\t\t\t<\/div>\n\t\t\t\t<\/div>\n\t\t\t\t<div class=\"elementor-element elementor-element-6a3d9af5 elementor-align-center elementor-widget elementor-widget-button\" data-id=\"6a3d9af5\" data-element_type=\"widget\" data-e-type=\"widget\" data-widget_type=\"button.default\">\n\t\t\t\t<div class=\"elementor-widget-container\">\n\t\t\t\t\t\t\t\t\t<div class=\"elementor-button-wrapper\">\n\t\t\t\t\t<a class=\"elementor-button elementor-button-link elementor-size-sm\" href=\"https:\/\/www.geneva-lawyers.com\/pt-pt\/contacto\/\">\n\t\t\t\t\t\t<span class=\"elementor-button-content-wrapper\">\n\t\t\t\t\t\t\t\t\t<span class=\"elementor-button-text\">Marca uma consulta com um advogado<\/span>\n\t\t\t\t\t<\/span>\n\t\t\t\t\t<\/a>\n\t\t\t\t<\/div>\n\t\t\t\t\t\t\t\t<\/div>\n\t\t\t\t<\/div>\n\t\t\t\t\t<\/div>\n\t\t<\/div>\n\t\t\t\t\t<\/div>\n\t\t<\/section>\n\t\t\t\t<section class=\"elementor-section elementor-top-section elementor-element elementor-element-6f4a79ec elementor-section-boxed elementor-section-height-default elementor-section-height-default\" data-id=\"6f4a79ec\" data-element_type=\"section\" data-e-type=\"section\">\n\t\t\t\t\t\t<div class=\"elementor-container elementor-column-gap-default\">\n\t\t\t\t\t<div class=\"elementor-column elementor-col-100 elementor-top-column elementor-element elementor-element-14da4186\" data-id=\"14da4186\" data-element_type=\"column\" data-e-type=\"column\">\n\t\t\t<div class=\"elementor-widget-wrap elementor-element-populated\">\n\t\t\t\t\t\t<div class=\"elementor-element elementor-element-52e41f8c elementor-widget elementor-widget-heading\" data-id=\"52e41f8c\" data-element_type=\"widget\" data-e-type=\"widget\" data-widget_type=\"heading.default\">\n\t\t\t\t<div class=\"elementor-widget-container\">\n\t\t\t\t\t<h2 class=\"elementor-heading-title elementor-size-default\">Advogado de div\u00f3rcio unilateral na Su\u00ed\u00e7a\n<\/h2>\t\t\t\t<\/div>\n\t\t\t\t<\/div>\n\t\t\t\t<div class=\"elementor-element elementor-element-3765a94c elementor-widget-divider--view-line elementor-widget elementor-widget-divider\" data-id=\"3765a94c\" data-element_type=\"widget\" data-e-type=\"widget\" data-widget_type=\"divider.default\">\n\t\t\t\t<div class=\"elementor-widget-container\">\n\t\t\t\t\t\t\t<div class=\"elementor-divider\">\n\t\t\t<span class=\"elementor-divider-separator\">\n\t\t\t\t\t\t<\/span>\n\t\t<\/div>\n\t\t\t\t\t\t<\/div>\n\t\t\t\t<\/div>\n\t\t\t\t<div class=\"elementor-element elementor-element-41ecae9d elementor-widget elementor-widget-text-editor\" data-id=\"41ecae9d\" data-element_type=\"widget\" data-e-type=\"widget\" data-widget_type=\"text-editor.default\">\n\t\t\t\t<div class=\"elementor-widget-container\">\n\t\t\t\t\t\t\t\t\t<h2>Diferen\u00e7a entre um div\u00f3rcio por m\u00fatuo consentimento e um div\u00f3rcio por m\u00fatuo consentimento com acordo parcial<\/h2><p>\u00c9 muito importante salientar uma diferen\u00e7a fundamental entre um pedido de div\u00f3rcio unilateral e um div\u00f3rcio por m\u00fatuo consentimento com acordo parcial. O div\u00f3rcio por m\u00fatuo consentimento \u00e9 um processo unilateral iniciado por um dos c\u00f4njuges quando o outro c\u00f4njuge n\u00e3o concorda com o div\u00f3rcio. Esta situa\u00e7\u00e3o representa um desacordo sobre o pr\u00f3prio princ\u00edpio do div\u00f3rcio. No entanto, quando os c\u00f4njuges concordam em divorciar-se, mas n\u00e3o chegam a acordo sobre as modalidades do div\u00f3rcio &#8211; conhecidas como os efeitos acess\u00f3rios do div\u00f3rcio, como a guarda dos filhos ou a pens\u00e3o de alimentos -, fala-se ent\u00e3o de div\u00f3rcio por m\u00fatuo consentimento com acordo parcial. A primeira quest\u00e3o que se coloca para determinar o procedimento a seguir \u00e9 a de saber se est\u00e3o de acordo quanto ao princ\u00edpio do div\u00f3rcio. Em caso afirmativo, trata-se de um div\u00f3rcio amig\u00e1vel por acordo total ou parcial. Se n\u00e3o chegarem a acordo sobre o princ\u00edpio do div\u00f3rcio, devem apresentar um pedido de div\u00f3rcio unilateral.      <\/p><h2>Condi\u00e7\u00f5es para dar in\u00edcio a um processo de div\u00f3rcio unilateral na Su\u00ed\u00e7a<\/h2><p>Um processo de div\u00f3rcio sem acordo entre os c\u00f4njuges s\u00f3 pode ser iniciado se estiver preenchida uma das seguintes condi\u00e7\u00f5es<\/p><ul><li>os c\u00f4njuges est\u00e3o separados e n\u00e3o coabitam h\u00e1 pelo menos 2 anos, ou<\/li><li>a continua\u00e7\u00e3o do casamento se torna insuport\u00e1vel para um dos c\u00f4njuges.<\/li><\/ul><p>Se uma destas condi\u00e7\u00f5es n\u00e3o estiver preenchida, o pedido de div\u00f3rcio apresentado ao tribunal competente ser\u00e1 indeferido.<\/p><p>Assim, se tiver de esperar 2 anos antes de iniciar um processo de div\u00f3rcio, pode precisar ou querer estabelecer certas regras relativas, por exemplo, \u00e0 guarda dos filhos durante os dois anos de separa\u00e7\u00e3o, \u00e0s contribui\u00e7\u00f5es para a pens\u00e3o de alimentos ou \u00e0 atribui\u00e7\u00e3o da casa de morada de fam\u00edlia durante a separa\u00e7\u00e3o. Neste caso, as medidas cautelares da uni\u00e3o de facto (MPUC) permitir\u00e3o que obtenhas uma decis\u00e3o do juiz sobre as regras de compromisso. <\/p>\t\t\t\t\t\t\t\t<\/div>\n\t\t\t\t<\/div>\n\t\t\t\t\t<\/div>\n\t\t<\/div>\n\t\t\t\t\t<\/div>\n\t\t<\/section>\n\t\t\t\t<section class=\"elementor-section elementor-top-section elementor-element elementor-element-8b956e9 elementor-section-full_width elementor-section-height-min-height elementor-section-items-stretch elementor-section-content-middle elementor-section-height-default\" data-id=\"8b956e9\" data-element_type=\"section\" data-e-type=\"section\" data-settings=\"{&quot;background_background&quot;:&quot;classic&quot;}\">\n\t\t\t\t\t\t<div class=\"elementor-container elementor-column-gap-no\">\n\t\t\t\t\t<div class=\"elementor-column elementor-col-50 elementor-top-column elementor-element elementor-element-351e4cf9\" data-id=\"351e4cf9\" data-element_type=\"column\" data-e-type=\"column\" data-settings=\"{&quot;background_background&quot;:&quot;classic&quot;}\">\n\t\t\t<div class=\"elementor-widget-wrap elementor-element-populated\">\n\t\t\t\t\t\t<div class=\"elementor-element elementor-element-333085f3 elementor-widget elementor-widget-spacer\" data-id=\"333085f3\" data-element_type=\"widget\" data-e-type=\"widget\" data-widget_type=\"spacer.default\">\n\t\t\t\t<div class=\"elementor-widget-container\">\n\t\t\t\t\t\t\t<div class=\"elementor-spacer\">\n\t\t\t<div class=\"elementor-spacer-inner\"><\/div>\n\t\t<\/div>\n\t\t\t\t\t\t<\/div>\n\t\t\t\t<\/div>\n\t\t\t\t\t<\/div>\n\t\t<\/div>\n\t\t\t\t<div class=\"elementor-column elementor-col-50 elementor-top-column elementor-element elementor-element-7f2aa6d\" data-id=\"7f2aa6d\" data-element_type=\"column\" data-e-type=\"column\" data-settings=\"{&quot;background_background&quot;:&quot;classic&quot;}\">\n\t\t\t<div class=\"elementor-widget-wrap elementor-element-populated\">\n\t\t\t\t\t\t<div class=\"elementor-element elementor-element-2f1720ba elementor-widget elementor-widget-heading\" data-id=\"2f1720ba\" data-element_type=\"widget\" data-e-type=\"widget\" data-widget_type=\"heading.default\">\n\t\t\t\t<div class=\"elementor-widget-container\">\n\t\t\t\t\t<p class=\"elementor-heading-title elementor-size-default\">Consulta inicial  <\/p>\t\t\t\t<\/div>\n\t\t\t\t<\/div>\n\t\t\t\t<div class=\"elementor-element elementor-element-68ecd6c0 elementor-widget elementor-widget-heading\" data-id=\"68ecd6c0\" data-element_type=\"widget\" data-e-type=\"widget\" data-widget_type=\"heading.default\">\n\t\t\t\t<div class=\"elementor-widget-container\">\n\t\t\t\t\t<p class=\"elementor-heading-title elementor-size-default\">de 60 min a CHF 220.00<\/p>\t\t\t\t<\/div>\n\t\t\t\t<\/div>\n\t\t\t\t<div class=\"elementor-element elementor-element-5b8e7e05 elementor-widget elementor-widget-text-editor\" data-id=\"5b8e7e05\" data-element_type=\"widget\" data-e-type=\"widget\" data-widget_type=\"text-editor.default\">\n\t\t\t\t<div class=\"elementor-widget-container\">\n\t\t\t\t\t\t\t\t\tDiscute a tua situa\u00e7\u00e3o com um advogado especializado na Su\u00ed\u00e7a.\n\t\t\t\t\t\t\t\t<\/div>\n\t\t\t\t<\/div>\n\t\t\t\t<div class=\"elementor-element elementor-element-2b532942 elementor-widget-divider--view-line elementor-widget elementor-widget-divider\" data-id=\"2b532942\" data-element_type=\"widget\" data-e-type=\"widget\" data-widget_type=\"divider.default\">\n\t\t\t\t<div class=\"elementor-widget-container\">\n\t\t\t\t\t\t\t<div class=\"elementor-divider\">\n\t\t\t<span class=\"elementor-divider-separator\">\n\t\t\t\t\t\t<\/span>\n\t\t<\/div>\n\t\t\t\t\t\t<\/div>\n\t\t\t\t<\/div>\n\t\t\t\t<div class=\"elementor-element elementor-element-1a6cf341 elementor-widget elementor-widget-text-editor\" data-id=\"1a6cf341\" data-element_type=\"widget\" data-e-type=\"widget\" data-widget_type=\"text-editor.default\">\n\t\t\t\t<div class=\"elementor-widget-container\">\n\t\t\t\t\t\t\t\t\t<p>Procuras apenas uma marca\u00e7\u00e3o para fazer algumas perguntas?<br>N\u00e3o tens a certeza sobre os procedimentos que pretendes efetuar?<br>A tua situa\u00e7\u00e3o n\u00e3o \u00e9 clara?<\/p><p><strong>Opta por uma primeira consulta com um advogado em Genebra.<\/strong><\/p><p>Decidir\u00e1s ent\u00e3o se queres prosseguir e os nossos advogados indicar-te-\u00e3o o custo do processo em fun\u00e7\u00e3o do teu caso. Marca\u00e7\u00e3o de consultas presenciais ou por videoconfer\u00eancia. <strong><br><\/strong><\/p>\t\t\t\t\t\t\t\t<\/div>\n\t\t\t\t<\/div>\n\t\t\t\t<div class=\"elementor-element elementor-element-34af60cf elementor-align-center elementor-widget elementor-widget-button\" data-id=\"34af60cf\" data-element_type=\"widget\" data-e-type=\"widget\" data-widget_type=\"button.default\">\n\t\t\t\t<div class=\"elementor-widget-container\">\n\t\t\t\t\t\t\t\t\t<div class=\"elementor-button-wrapper\">\n\t\t\t\t\t<a class=\"elementor-button elementor-button-link elementor-size-sm\" href=\"https:\/\/www.geneva-lawyers.com\/pt-pt\/contacto\/\">\n\t\t\t\t\t\t<span class=\"elementor-button-content-wrapper\">\n\t\t\t\t\t\t\t\t\t<span class=\"elementor-button-text\">Marca uma consulta com um advogado<\/span>\n\t\t\t\t\t<\/span>\n\t\t\t\t\t<\/a>\n\t\t\t\t<\/div>\n\t\t\t\t\t\t\t\t<\/div>\n\t\t\t\t<\/div>\n\t\t\t\t\t<\/div>\n\t\t<\/div>\n\t\t\t\t\t<\/div>\n\t\t<\/section>\n\t\t\t\t<\/div>\n\t\t","protected":false},"excerpt":{"rendered":"<p>Marca uma consulta com um advogado Advogado de div\u00f3rcio unilateral na Su\u00ed\u00e7a Diferen\u00e7a entre um div\u00f3rcio por m\u00fatuo consentimento e um div\u00f3rcio por m\u00fatuo consentimento com acordo parcial \u00c9 muito importante salientar uma diferen\u00e7a fundamental entre um pedido de div\u00f3rcio unilateral e um div\u00f3rcio por m\u00fatuo consentimento com acordo parcial. O div\u00f3rcio por m\u00fatuo consentimento &#8230; <a title=\"Div\u00f3rcio unilateral\" class=\"read-more\" href=\"https:\/\/www.geneva-lawyers.com\/pt-pt\/divorcio-unilateral\/\" aria-label=\"Leia mais sobre Div\u00f3rcio unilateral\">Ler mais<\/a><\/p>\n","protected":false},"author":1,"featured_media":0,"parent":0,"menu_order":0,"comment_status":"closed","ping_status":"closed","template":"elementor_header_footer","meta":{"_acf_changed":false,"_seopress_robots_primary_cat":"","_seopress_titles_title":"","_seopress_titles_desc":"","_seopress_robots_index":"","footnotes":""},"class_list":["post-32462","page","type-page","status-publish"],"acf":[],"_links":{"self":[{"href":"https:\/\/www.geneva-lawyers.com\/pt-pt\/wp-json\/wp\/v2\/pages\/32462","targetHints":{"allow":["GET"]}}],"collection":[{"href":"https:\/\/www.geneva-lawyers.com\/pt-pt\/wp-json\/wp\/v2\/pages"}],"about":[{"href":"https:\/\/www.geneva-lawyers.com\/pt-pt\/wp-json\/wp\/v2\/types\/page"}],"author":[{"embeddable":true,"href":"https:\/\/www.geneva-lawyers.com\/pt-pt\/wp-json\/wp\/v2\/users\/1"}],"replies":[{"embeddable":true,"href":"https:\/\/www.geneva-lawyers.com\/pt-pt\/wp-json\/wp\/v2\/comments?post=32462"}],"version-history":[{"count":6,"href":"https:\/\/www.geneva-lawyers.com\/pt-pt\/wp-json\/wp\/v2\/pages\/32462\/revisions"}],"predecessor-version":[{"id":33734,"href":"https:\/\/www.geneva-lawyers.com\/pt-pt\/wp-json\/wp\/v2\/pages\/32462\/revisions\/33734"}],"wp:attachment":[{"href":"https:\/\/www.geneva-lawyers.com\/pt-pt\/wp-json\/wp\/v2\/media?parent=32462"}],"curies":[{"name":"wp","href":"https:\/\/api.w.org\/{rel}","templated":true}]}}