{"id":32468,"date":"2024-05-21T15:32:18","date_gmt":"2024-05-21T13:32:18","guid":{"rendered":"https:\/\/www.geneva-lawyers.com\/advogado-de-direito-rodoviario-na-suica\/"},"modified":"2025-04-14T15:11:20","modified_gmt":"2025-04-14T13:11:20","slug":"advogado-direito-rodoviario-suica","status":"publish","type":"page","link":"https:\/\/www.geneva-lawyers.com\/pt-pt\/advogado-direito-rodoviario-suica\/","title":{"rendered":"Advogado de direito rodovi\u00e1rio na Su\u00ed\u00e7a"},"content":{"rendered":"\t\t<div data-elementor-type=\"wp-page\" data-elementor-id=\"32468\" class=\"elementor elementor-32468 elementor-29094\" data-elementor-post-type=\"page\">\n\t\t\t\t\t\t<section class=\"elementor-section elementor-top-section elementor-element elementor-element-6df5c357 elementor-section-boxed elementor-section-height-default elementor-section-height-default\" data-id=\"6df5c357\" data-element_type=\"section\" data-e-type=\"section\" data-settings=\"{&quot;background_background&quot;:&quot;classic&quot;}\">\n\t\t\t\t\t\t\t<div class=\"elementor-background-overlay\"><\/div>\n\t\t\t\t\t\t\t<div class=\"elementor-container elementor-column-gap-default\">\n\t\t\t\t\t<div class=\"elementor-column elementor-col-100 elementor-top-column elementor-element elementor-element-7500f917\" data-id=\"7500f917\" data-element_type=\"column\" data-e-type=\"column\">\n\t\t\t<div class=\"elementor-widget-wrap elementor-element-populated\">\n\t\t\t\t\t\t<div class=\"elementor-element elementor-element-b724a38 elementor-widget-divider--view-line elementor-widget elementor-widget-divider\" data-id=\"b724a38\" data-element_type=\"widget\" data-e-type=\"widget\" data-widget_type=\"divider.default\">\n\t\t\t\t<div class=\"elementor-widget-container\">\n\t\t\t\t\t\t\t<div class=\"elementor-divider\">\n\t\t\t<span class=\"elementor-divider-separator\">\n\t\t\t\t\t\t<\/span>\n\t\t<\/div>\n\t\t\t\t\t\t<\/div>\n\t\t\t\t<\/div>\n\t\t\t\t<div class=\"elementor-element elementor-element-436e19e9 elementor-align-center elementor-widget elementor-widget-button\" data-id=\"436e19e9\" data-element_type=\"widget\" data-e-type=\"widget\" data-widget_type=\"button.default\">\n\t\t\t\t<div class=\"elementor-widget-container\">\n\t\t\t\t\t\t\t\t\t<div class=\"elementor-button-wrapper\">\n\t\t\t\t\t<a class=\"elementor-button elementor-button-link elementor-size-sm\" href=\"https:\/\/www.geneva-lawyers.com\/pt-pt\/contacto\/\">\n\t\t\t\t\t\t<span class=\"elementor-button-content-wrapper\">\n\t\t\t\t\t\t\t\t\t<span class=\"elementor-button-text\">Marca uma consulta com um advogado<\/span>\n\t\t\t\t\t<\/span>\n\t\t\t\t\t<\/a>\n\t\t\t\t<\/div>\n\t\t\t\t\t\t\t\t<\/div>\n\t\t\t\t<\/div>\n\t\t\t\t\t<\/div>\n\t\t<\/div>\n\t\t\t\t\t<\/div>\n\t\t<\/section>\n\t\t\t\t<section class=\"elementor-section elementor-top-section elementor-element elementor-element-701bbb53 elementor-section-boxed elementor-section-height-default elementor-section-height-default\" data-id=\"701bbb53\" data-element_type=\"section\" data-e-type=\"section\">\n\t\t\t\t\t\t<div class=\"elementor-container elementor-column-gap-default\">\n\t\t\t\t\t<div class=\"elementor-column elementor-col-100 elementor-top-column elementor-element elementor-element-78a03bf1\" data-id=\"78a03bf1\" data-element_type=\"column\" data-e-type=\"column\">\n\t\t\t<div class=\"elementor-widget-wrap elementor-element-populated\">\n\t\t\t\t\t\t<div class=\"elementor-element elementor-element-425415ac elementor-widget elementor-widget-heading\" data-id=\"425415ac\" data-element_type=\"widget\" data-e-type=\"widget\" data-widget_type=\"heading.default\">\n\t\t\t\t<div class=\"elementor-widget-container\">\n\t\t\t\t\t<h2 class=\"elementor-heading-title elementor-size-default\">Direito de circula\u00e7\u00e3o rodovi\u00e1ria na Su\u00ed\u00e7a\n<\/h2>\t\t\t\t<\/div>\n\t\t\t\t<\/div>\n\t\t\t\t<div class=\"elementor-element elementor-element-7e37ad7 elementor-widget-divider--view-line elementor-widget elementor-widget-divider\" data-id=\"7e37ad7\" data-element_type=\"widget\" data-e-type=\"widget\" data-widget_type=\"divider.default\">\n\t\t\t\t<div class=\"elementor-widget-container\">\n\t\t\t\t\t\t\t<div class=\"elementor-divider\">\n\t\t\t<span class=\"elementor-divider-separator\">\n\t\t\t\t\t\t<\/span>\n\t\t<\/div>\n\t\t\t\t\t\t<\/div>\n\t\t\t\t<\/div>\n\t\t\t\t<div class=\"elementor-element elementor-element-27258ee elementor-widget elementor-widget-text-editor\" data-id=\"27258ee\" data-element_type=\"widget\" data-e-type=\"widget\" data-widget_type=\"text-editor.default\">\n\t\t\t\t<div class=\"elementor-widget-container\">\n\t\t\t\t\t\t\t\t\t<p>O direito da circula\u00e7\u00e3o rodovi\u00e1ria \u00e9, por natureza, multidisciplinar.<\/p><p>Qualquer viola\u00e7\u00e3o da Lei Federal de Tr\u00e2nsito Rodovi\u00e1rio (LCR) conduz inevitavelmente a uma san\u00e7\u00e3o penal (ver sec\u00e7\u00e3o B).<\/p><p>Dependendo da gravidade da infra\u00e7\u00e3o ao LCR, pode tamb\u00e9m resultar numa san\u00e7\u00e3o administrativa (ver sec\u00e7\u00e3o C).<\/p><p>Al\u00e9m disso, a LCR tem implica\u00e7\u00f5es significativas no direito civil, nomeadamente no que se refere \u00e0 responsabilidade.<\/p><p>O artigo 58.\u00ba, n.\u00ba 1, do C\u00f3digo das Obriga\u00e7\u00f5es Su\u00ed\u00e7o (CO) estabelece uma presun\u00e7\u00e3o de responsabilidade civil para o propriet\u00e1rio do ve\u00edculo se a sua utiliza\u00e7\u00e3o resultar em morte, ferimentos ou danos materiais.<\/p><p>O artigo 58.\u00ba, n.\u00ba 3, do CO especifica que o propriet\u00e1rio do ve\u00edculo \u00e9 respons\u00e1vel pelas faltas do condutor e dos assistentes como se fossem suas.<\/p><p>O significado do n.\u00ba 3 do artigo 58.\u00ba do CO deve ser entendido em conjunto com o artigo 63.\u00ba do CO, que imp\u00f5e um seguro de responsabilidade civil para os ve\u00edculos que circulam legalmente na via p\u00fablica.<\/p><p>Este seguro obrigat\u00f3rio cobre a responsabilidade civil do propriet\u00e1rio e dos seus respons\u00e1veis nos termos da LCR.<\/p><p>Al\u00e9m disso, o artigo 65.\u00ba da LCR confere aos lesados o direito de demandar diretamente a seguradora, assegurando-lhes a possibilidade de reclamar uma indemniza\u00e7\u00e3o a uma entidade solvente.<\/p><p>De igual modo, o artigo 74.\u00ba da LCR cria o Gabinete Nacional de Seguros (BNA).<\/p><p>O BNA \u00e9 constitu\u00eddo e gerido por companhias de seguros autorizadas a efetuar seguros de responsabilidade civil para ve\u00edculos na Su\u00ed\u00e7a.<\/p><p>O principal objetivo do BNA \u00e9 cobrir os danos causados por ve\u00edculos ou reboques estrangeiros na Su\u00ed\u00e7a.<\/p><p>Assim, uma v\u00edtima de um acidente na Su\u00ed\u00e7a pode processar o BNA se o ve\u00edculo respons\u00e1vel estiver registado no estrangeiro.<\/p><h2>Aspeto penal:<\/h2><p>A viola\u00e7\u00e3o da LCR d\u00e1 origem a uma san\u00e7\u00e3o penal, que pode incluir uma multa, uma contraven\u00e7\u00e3o, uma san\u00e7\u00e3o pecuni\u00e1ria ou mesmo uma pena de pris\u00e3o.<\/p><p>A autoridade penal adequada depende da gravidade da infra\u00e7\u00e3o.<\/p><p>As viola\u00e7\u00f5es da LCR s\u00e3o processadas ex officio.<\/p><p>Em casos de acidentes com feridos, uma infra\u00e7\u00e3o \u00e0 LCR pode ser combinada com outras infrac\u00e7\u00f5es (por exemplo, danos materiais, les\u00f5es corporais por neglig\u00eancia, homic\u00eddio por neglig\u00eancia).<\/p><p>Se a infra\u00e7\u00e3o adicional tamb\u00e9m for objeto de um processo ex officio (por exemplo, ofensas corporais simples), a v\u00edtima pode retirar a queixa ou optar por n\u00e3o a apresentar.<\/p><p>No entanto, o processo penal por viola\u00e7\u00e3o da LCR continuar\u00e1 a decorrer, uma vez que se trata de uma prerrogativa do Estado.<\/p><p>O processo penal determinar\u00e1 os factos para o processo administrativo.<\/p><p>\u00c9 de salientar que os processos penais e administrativos s\u00e3o conduzidos por autoridades distintas e decorrem em simult\u00e2neo.<\/p><p>Por isso, \u00e9 comum pedir a suspens\u00e3o do processo administrativo at\u00e9 que se chegue ao veredito criminal.<\/p><p>Desta forma, o arguido pode garantir que os factos favor\u00e1veis s\u00e3o tidos em conta no processo administrativo.<\/p><p>O juiz penal n\u00e3o decide sobre as san\u00e7\u00f5es relativas \u00e0 carta de condu\u00e7\u00e3o, pelo que a necessidade pessoal ou profissional do arguido n\u00e3o influencia a san\u00e7\u00e3o penal.<\/p><h2>Aspeto administrativo:<\/h2><p>Para al\u00e9m dos processos relativos \u00e0 aptid\u00e3o do condutor para conduzir, a instaura\u00e7\u00e3o de um processo administrativo pressup\u00f5e uma infra\u00e7\u00e3o penal \u00e0 LCR.<\/p><p>Se a viola\u00e7\u00e3o em si for contestada, deve ser abordada no \u00e2mbito do processo penal (ver sec\u00e7\u00e3o B).<\/p><p>O processo administrativo trata das san\u00e7\u00f5es relacionadas com a autoriza\u00e7\u00e3o de condu\u00e7\u00e3o.<\/p><p>Estas san\u00e7\u00f5es podem ir desde uma advert\u00eancia at\u00e9 \u00e0 revoga\u00e7\u00e3o permanente da carta de condu\u00e7\u00e3o.<\/p><p>Deve ser feita uma distin\u00e7\u00e3o entre uma retirada de advert\u00eancia e uma retirada de seguran\u00e7a da carta de condu\u00e7\u00e3o.<\/p><p>Uma retirada de advert\u00eancia serve para punir o indiv\u00edduo por ter cometido uma infra\u00e7\u00e3o ao LCR.<\/p><p>A dura\u00e7\u00e3o da suspens\u00e3o da carta de condu\u00e7\u00e3o depende da gravidade da infra\u00e7\u00e3o, das circunst\u00e2ncias e do historial do indiv\u00edduo.<\/p><p>A retirada de seguran\u00e7a visa afastar um condutor considerado perigoso para os outros utentes da estrada.<\/p><p>Tanto as retiradas preventivas como as permanentes t\u00eam o mesmo objetivo.<\/p><p>A reintrodu\u00e7\u00e3o de uma carta de condu\u00e7\u00e3o ap\u00f3s uma suspens\u00e3o de seguran\u00e7a exige que o indiv\u00edduo prove que est\u00e1 apto a conduzir novamente.<\/p><p>Normalmente, esta avalia\u00e7\u00e3o ocorre ap\u00f3s um per\u00edodo de est\u00e1gio e baseia-se numa avalia\u00e7\u00e3o m\u00e9dica forense favor\u00e1vel.<\/p>\t\t\t\t\t\t\t\t<\/div>\n\t\t\t\t<\/div>\n\t\t\t\t\t<\/div>\n\t\t<\/div>\n\t\t\t\t\t<\/div>\n\t\t<\/section>\n\t\t\t\t<section class=\"elementor-section elementor-top-section elementor-element elementor-element-5af5a175 elementor-section-full_width elementor-section-height-min-height elementor-section-items-stretch elementor-section-content-middle elementor-section-height-default\" data-id=\"5af5a175\" data-element_type=\"section\" data-e-type=\"section\" data-settings=\"{&quot;background_background&quot;:&quot;classic&quot;}\">\n\t\t\t\t\t\t<div class=\"elementor-container elementor-column-gap-no\">\n\t\t\t\t\t<div class=\"elementor-column elementor-col-50 elementor-top-column elementor-element elementor-element-2d14c2b7\" data-id=\"2d14c2b7\" data-element_type=\"column\" data-e-type=\"column\" data-settings=\"{&quot;background_background&quot;:&quot;classic&quot;}\">\n\t\t\t<div class=\"elementor-widget-wrap elementor-element-populated\">\n\t\t\t\t\t\t<div class=\"elementor-element elementor-element-3da5b6b1 elementor-widget elementor-widget-spacer\" data-id=\"3da5b6b1\" data-element_type=\"widget\" data-e-type=\"widget\" data-widget_type=\"spacer.default\">\n\t\t\t\t<div class=\"elementor-widget-container\">\n\t\t\t\t\t\t\t<div class=\"elementor-spacer\">\n\t\t\t<div class=\"elementor-spacer-inner\"><\/div>\n\t\t<\/div>\n\t\t\t\t\t\t<\/div>\n\t\t\t\t<\/div>\n\t\t\t\t\t<\/div>\n\t\t<\/div>\n\t\t\t\t<div class=\"elementor-column elementor-col-50 elementor-top-column elementor-element elementor-element-6f45bf72\" data-id=\"6f45bf72\" data-element_type=\"column\" data-e-type=\"column\" data-settings=\"{&quot;background_background&quot;:&quot;classic&quot;}\">\n\t\t\t<div class=\"elementor-widget-wrap elementor-element-populated\">\n\t\t\t\t\t\t<div class=\"elementor-element elementor-element-785329a2 elementor-widget elementor-widget-heading\" data-id=\"785329a2\" data-element_type=\"widget\" data-e-type=\"widget\" data-widget_type=\"heading.default\">\n\t\t\t\t<div class=\"elementor-widget-container\">\n\t\t\t\t\t<p class=\"elementor-heading-title elementor-size-default\">Consulta inicial  <\/p>\t\t\t\t<\/div>\n\t\t\t\t<\/div>\n\t\t\t\t<div class=\"elementor-element elementor-element-3a4b69cc elementor-widget elementor-widget-heading\" data-id=\"3a4b69cc\" data-element_type=\"widget\" data-e-type=\"widget\" data-widget_type=\"heading.default\">\n\t\t\t\t<div class=\"elementor-widget-container\">\n\t\t\t\t\t<p class=\"elementor-heading-title elementor-size-default\">de 60 min a CHF 220.00<\/p>\t\t\t\t<\/div>\n\t\t\t\t<\/div>\n\t\t\t\t<div class=\"elementor-element elementor-element-2d2f8e5b elementor-widget elementor-widget-text-editor\" data-id=\"2d2f8e5b\" data-element_type=\"widget\" data-e-type=\"widget\" data-widget_type=\"text-editor.default\">\n\t\t\t\t<div class=\"elementor-widget-container\">\n\t\t\t\t\t\t\t\t\tDiscute a tua situa\u00e7\u00e3o com um advogado especializado na Su\u00ed\u00e7a.\n\t\t\t\t\t\t\t\t<\/div>\n\t\t\t\t<\/div>\n\t\t\t\t<div class=\"elementor-element elementor-element-428968b2 elementor-widget-divider--view-line elementor-widget elementor-widget-divider\" data-id=\"428968b2\" data-element_type=\"widget\" data-e-type=\"widget\" data-widget_type=\"divider.default\">\n\t\t\t\t<div class=\"elementor-widget-container\">\n\t\t\t\t\t\t\t<div class=\"elementor-divider\">\n\t\t\t<span class=\"elementor-divider-separator\">\n\t\t\t\t\t\t<\/span>\n\t\t<\/div>\n\t\t\t\t\t\t<\/div>\n\t\t\t\t<\/div>\n\t\t\t\t<div class=\"elementor-element elementor-element-36d0e76 elementor-widget elementor-widget-text-editor\" data-id=\"36d0e76\" data-element_type=\"widget\" data-e-type=\"widget\" data-widget_type=\"text-editor.default\">\n\t\t\t\t<div class=\"elementor-widget-container\">\n\t\t\t\t\t\t\t\t\t<p>Procuras apenas uma marca\u00e7\u00e3o para fazer algumas perguntas?<br>N\u00e3o tens a certeza sobre os procedimentos que pretendes efetuar?<br>A tua situa\u00e7\u00e3o n\u00e3o \u00e9 clara?<\/p><p><strong>Opta por uma primeira consulta com um advogado em Genebra.<\/strong><\/p><p>Decidir\u00e1s ent\u00e3o se queres prosseguir e os nossos advogados indicar-te-\u00e3o o custo do processo em fun\u00e7\u00e3o do teu caso. Marca\u00e7\u00e3o de consultas presenciais ou por videoconfer\u00eancia. <strong><br><\/strong><\/p>\t\t\t\t\t\t\t\t<\/div>\n\t\t\t\t<\/div>\n\t\t\t\t<div class=\"elementor-element elementor-element-183e593e elementor-align-center elementor-widget elementor-widget-button\" data-id=\"183e593e\" data-element_type=\"widget\" data-e-type=\"widget\" data-widget_type=\"button.default\">\n\t\t\t\t<div class=\"elementor-widget-container\">\n\t\t\t\t\t\t\t\t\t<div class=\"elementor-button-wrapper\">\n\t\t\t\t\t<a class=\"elementor-button elementor-button-link elementor-size-sm\" href=\"https:\/\/www.geneva-lawyers.com\/pt-pt\/contacto\/\">\n\t\t\t\t\t\t<span class=\"elementor-button-content-wrapper\">\n\t\t\t\t\t\t\t\t\t<span class=\"elementor-button-text\">Marca uma consulta com um advogado<\/span>\n\t\t\t\t\t<\/span>\n\t\t\t\t\t<\/a>\n\t\t\t\t<\/div>\n\t\t\t\t\t\t\t\t<\/div>\n\t\t\t\t<\/div>\n\t\t\t\t\t<\/div>\n\t\t<\/div>\n\t\t\t\t\t<\/div>\n\t\t<\/section>\n\t\t\t\t<\/div>\n\t\t","protected":false},"excerpt":{"rendered":"<p>Marca uma consulta com um advogado Direito de circula\u00e7\u00e3o rodovi\u00e1ria na Su\u00ed\u00e7a O direito da circula\u00e7\u00e3o rodovi\u00e1ria \u00e9, por natureza, multidisciplinar. Qualquer viola\u00e7\u00e3o da Lei Federal de Tr\u00e2nsito Rodovi\u00e1rio (LCR) conduz inevitavelmente a uma san\u00e7\u00e3o penal (ver sec\u00e7\u00e3o B). Dependendo da gravidade da infra\u00e7\u00e3o ao LCR, pode tamb\u00e9m resultar numa san\u00e7\u00e3o administrativa (ver sec\u00e7\u00e3o C). &#8230; <a title=\"Advogado de direito rodovi\u00e1rio na Su\u00ed\u00e7a\" class=\"read-more\" href=\"https:\/\/www.geneva-lawyers.com\/pt-pt\/advogado-direito-rodoviario-suica\/\" aria-label=\"Leia mais sobre Advogado de direito rodovi\u00e1rio na Su\u00ed\u00e7a\">Ler mais<\/a><\/p>\n","protected":false},"author":1,"featured_media":0,"parent":0,"menu_order":0,"comment_status":"closed","ping_status":"closed","template":"elementor_header_footer","meta":{"_acf_changed":false,"_seopress_robots_primary_cat":"","_seopress_titles_title":"","_seopress_titles_desc":"","_seopress_robots_index":"","footnotes":""},"class_list":["post-32468","page","type-page","status-publish"],"acf":[],"_links":{"self":[{"href":"https:\/\/www.geneva-lawyers.com\/pt-pt\/wp-json\/wp\/v2\/pages\/32468","targetHints":{"allow":["GET"]}}],"collection":[{"href":"https:\/\/www.geneva-lawyers.com\/pt-pt\/wp-json\/wp\/v2\/pages"}],"about":[{"href":"https:\/\/www.geneva-lawyers.com\/pt-pt\/wp-json\/wp\/v2\/types\/page"}],"author":[{"embeddable":true,"href":"https:\/\/www.geneva-lawyers.com\/pt-pt\/wp-json\/wp\/v2\/users\/1"}],"replies":[{"embeddable":true,"href":"https:\/\/www.geneva-lawyers.com\/pt-pt\/wp-json\/wp\/v2\/comments?post=32468"}],"version-history":[{"count":6,"href":"https:\/\/www.geneva-lawyers.com\/pt-pt\/wp-json\/wp\/v2\/pages\/32468\/revisions"}],"predecessor-version":[{"id":33773,"href":"https:\/\/www.geneva-lawyers.com\/pt-pt\/wp-json\/wp\/v2\/pages\/32468\/revisions\/33773"}],"wp:attachment":[{"href":"https:\/\/www.geneva-lawyers.com\/pt-pt\/wp-json\/wp\/v2\/media?parent=32468"}],"curies":[{"name":"wp","href":"https:\/\/api.w.org\/{rel}","templated":true}]}}