{"id":32478,"date":"2024-05-16T14:23:10","date_gmt":"2024-05-16T12:23:10","guid":{"rendered":"https:\/\/www.geneva-lawyers.com\/advogado-de-divorcio-na-suica\/"},"modified":"2025-04-14T15:55:41","modified_gmt":"2025-04-14T13:55:41","slug":"advogado-divorcio-suica","status":"publish","type":"page","link":"https:\/\/www.geneva-lawyers.com\/pt-pt\/advogado-divorcio-suica\/","title":{"rendered":"Advogado de div\u00f3rcio na Su\u00ed\u00e7a"},"content":{"rendered":"\t\t<div data-elementor-type=\"wp-page\" data-elementor-id=\"32478\" class=\"elementor elementor-32478 elementor-28889\" data-elementor-post-type=\"page\">\n\t\t\t\t\t\t<section class=\"elementor-section elementor-top-section elementor-element elementor-element-5beea16d elementor-section-boxed elementor-section-height-default elementor-section-height-default\" data-id=\"5beea16d\" data-element_type=\"section\" data-e-type=\"section\" data-settings=\"{&quot;background_background&quot;:&quot;classic&quot;}\">\n\t\t\t\t\t\t\t<div class=\"elementor-background-overlay\"><\/div>\n\t\t\t\t\t\t\t<div class=\"elementor-container elementor-column-gap-default\">\n\t\t\t\t\t<div class=\"elementor-column elementor-col-100 elementor-top-column elementor-element elementor-element-5dfa7bf6\" data-id=\"5dfa7bf6\" data-element_type=\"column\" data-e-type=\"column\">\n\t\t\t<div class=\"elementor-widget-wrap elementor-element-populated\">\n\t\t\t\t\t\t<div class=\"elementor-element elementor-element-5638c3d3 elementor-widget-divider--view-line elementor-widget elementor-widget-divider\" data-id=\"5638c3d3\" data-element_type=\"widget\" data-e-type=\"widget\" data-widget_type=\"divider.default\">\n\t\t\t\t<div class=\"elementor-widget-container\">\n\t\t\t\t\t\t\t<div class=\"elementor-divider\">\n\t\t\t<span class=\"elementor-divider-separator\">\n\t\t\t\t\t\t<\/span>\n\t\t<\/div>\n\t\t\t\t\t\t<\/div>\n\t\t\t\t<\/div>\n\t\t\t\t<div class=\"elementor-element elementor-element-1ccef25f elementor-align-center elementor-widget elementor-widget-button\" data-id=\"1ccef25f\" data-element_type=\"widget\" data-e-type=\"widget\" data-widget_type=\"button.default\">\n\t\t\t\t<div class=\"elementor-widget-container\">\n\t\t\t\t\t\t\t\t\t<div class=\"elementor-button-wrapper\">\n\t\t\t\t\t<a class=\"elementor-button elementor-button-link elementor-size-sm\" href=\"https:\/\/www.geneva-lawyers.com\/pt-pt\/contacto\/\">\n\t\t\t\t\t\t<span class=\"elementor-button-content-wrapper\">\n\t\t\t\t\t\t\t\t\t<span class=\"elementor-button-text\">Marca uma consulta com um advogado<\/span>\n\t\t\t\t\t<\/span>\n\t\t\t\t\t<\/a>\n\t\t\t\t<\/div>\n\t\t\t\t\t\t\t\t<\/div>\n\t\t\t\t<\/div>\n\t\t\t\t\t<\/div>\n\t\t<\/div>\n\t\t\t\t\t<\/div>\n\t\t<\/section>\n\t\t\t\t<section class=\"elementor-section elementor-top-section elementor-element elementor-element-2509fb80 elementor-section-boxed elementor-section-height-default elementor-section-height-default\" data-id=\"2509fb80\" data-element_type=\"section\" data-e-type=\"section\">\n\t\t\t\t\t\t<div class=\"elementor-container elementor-column-gap-default\">\n\t\t\t\t\t<div class=\"elementor-column elementor-col-100 elementor-top-column elementor-element elementor-element-34475fdb\" data-id=\"34475fdb\" data-element_type=\"column\" data-e-type=\"column\">\n\t\t\t<div class=\"elementor-widget-wrap elementor-element-populated\">\n\t\t\t\t\t\t<div class=\"elementor-element elementor-element-608d5c7f elementor-widget elementor-widget-heading\" data-id=\"608d5c7f\" data-element_type=\"widget\" data-e-type=\"widget\" data-widget_type=\"heading.default\">\n\t\t\t\t<div class=\"elementor-widget-container\">\n\t\t\t\t\t<h2 class=\"elementor-heading-title elementor-size-default\">Advogado de div\u00f3rcio em Genebra\n<\/h2>\t\t\t\t<\/div>\n\t\t\t\t<\/div>\n\t\t\t\t<div class=\"elementor-element elementor-element-577ce6c1 elementor-widget-divider--view-line elementor-widget elementor-widget-divider\" data-id=\"577ce6c1\" data-element_type=\"widget\" data-e-type=\"widget\" data-widget_type=\"divider.default\">\n\t\t\t\t<div class=\"elementor-widget-container\">\n\t\t\t\t\t\t\t<div class=\"elementor-divider\">\n\t\t\t<span class=\"elementor-divider-separator\">\n\t\t\t\t\t\t<\/span>\n\t\t<\/div>\n\t\t\t\t\t\t<\/div>\n\t\t\t\t<\/div>\n\t\t\t\t<div class=\"elementor-element elementor-element-749aed5b elementor-widget elementor-widget-text-editor\" data-id=\"749aed5b\" data-element_type=\"widget\" data-e-type=\"widget\" data-widget_type=\"text-editor.default\">\n\t\t\t\t<div class=\"elementor-widget-container\">\n\t\t\t\t\t\t\t\t\t<p>Se necessitas de um advogado especializado para te acompanhar no teu div\u00f3rcio, separa\u00e7\u00e3o ou dissolu\u00e7\u00e3o da tua parceria registada, n\u00e3o hesites em contactar-nos para te aconselhares o mais rapidamente poss\u00edvel com um dos nossos advogados.<\/p><p>N\u00e3o fornecemos documentos normalizados. Em vez disso, um advogado acompanha-te desde o in\u00edcio at\u00e9 ao fim do teu processo. Reunimo-nos contigo e acompanhamos-te pessoalmente durante todo o processo de div\u00f3rcio, separa\u00e7\u00e3o ou dissolu\u00e7\u00e3o da tua parceria registada, ficando \u00e0 tua inteira disposi\u00e7\u00e3o.  <\/p><h3>Div\u00f3rcio na Su\u00ed\u00e7a<\/h3><p>A maioria dos div\u00f3rcios na Su\u00ed\u00e7a ocorre por m\u00fatuo consentimento, acordado entre os c\u00f4njuges. No entanto, tamb\u00e9m existem div\u00f3rcios litigiosos baseados em pedidos unilaterais. <\/p><p>Em resumo:<\/p><ul><li>Desde a introdu\u00e7\u00e3o da nova lei su\u00ed\u00e7a sobre o div\u00f3rcio, em 1 de janeiro de 2000, deixou de existir o conceito de culpa no div\u00f3rcio. Assim, tentar determinar quem \u00e9 culpado no div\u00f3rcio ou quem causou a separa\u00e7\u00e3o n\u00e3o tem qualquer impacto jur\u00eddico. <\/li><li>O c\u00e1lculo e a defini\u00e7\u00e3o das contribui\u00e7\u00f5es p\u00f3s-div\u00f3rcio ser\u00e3o determinados pelo tribunal. Um advogado especializado pode ajudar-te a calcular a pens\u00e3o de alimentos. <\/li><li>O poder paternal sobre os filhos \u00e9 concedido pelo juiz. O mesmo se aplica \u00e0 determina\u00e7\u00e3o da resid\u00eancia conjugal, que \u00e9 efectuada de acordo com uma norma elaborada pelas autoridades competentes. Esta decis\u00e3o garante a preserva\u00e7\u00e3o do bem-estar e do desenvolvimento dos filhos.  <\/li><li>Os div\u00f3rcios litigiosos, em que \u00e9 dif\u00edcil chegar a acordo, podem ser muito dispendiosos. De facto, quando um casal n\u00e3o consegue chegar a acordo sobre nada, o processo pode demorar meses ou mesmo anos, prejudicando ainda mais os filhos, que n\u00e3o s\u00f3 t\u00eam de suportar a separa\u00e7\u00e3o dos pais, mas tamb\u00e9m assistir ao seu conflito permanente. Antes de iniciar um processo t\u00e3o doloroso, \u00e9 essencial que te perguntes: \u00e9 realmente necess\u00e1rio ganhar contra o teu ex-c\u00f4njuge \u00e0 custa do trauma que os teus filhos poder\u00e3o sofrer ao longo da vida?  <\/li><li>Optar por um div\u00f3rcio amig\u00e1vel permite que o casal n\u00e3o exponha ao p\u00fablico os aspectos mais sombrios da sua vida em comum e ajuda a evitar o agravamento da situa\u00e7\u00e3o com insultos.  <\/li><li>O div\u00f3rcio amig\u00e1vel \u00e9 o processo mais r\u00e1pido se desejas p\u00f4r rapidamente termo \u00e0 tua uni\u00e3o. Com efeito, a senten\u00e7a pode ser proferida num prazo relativamente curto, ao passo que o div\u00f3rcio litigioso exige que o casal esteja separado h\u00e1 pelo menos dois anos para poder dar in\u00edcio ao processo com um pedido de div\u00f3rcio unilateral. <\/li><\/ul><h3>Condi\u00e7\u00f5es para o div\u00f3rcio na Su\u00ed\u00e7a:<\/h3><p>Ser casado, e<br>Um dos c\u00f4njuges deve residir na Su\u00ed\u00e7a, independentemente de ter nacionalidade su\u00ed\u00e7a ou estrangeira.<\/p><h2>Medidas de Prote\u00e7\u00e3o da Uni\u00e3o Conjugal (MPUC)<\/h2><p>Quando os c\u00f4njuges n\u00e3o est\u00e3o (ainda) divorciados, quer por raz\u00f5es puramente pessoais, quer por quest\u00f5es processuais, como \u00e9 o caso de um div\u00f3rcio unilateral que obriga a uma separa\u00e7\u00e3o de dois anos, o juiz pode decretar medidas de prote\u00e7\u00e3o da uni\u00e3o conjugal, tamb\u00e9m conhecidas por MPUC, para reequilibrar a situa\u00e7\u00e3o do casal separado.<\/p><p>O objetivo das medidas de prote\u00e7\u00e3o da uni\u00e3o conjugal \u00e9 permitir ao casal em dificuldade tentar a reconcilia\u00e7\u00e3o e\/ou gerir a sua vida quotidiana durante e ap\u00f3s a separa\u00e7\u00e3o.<\/p><p>Se o objetivo principal n\u00e3o for alcan\u00e7ado, o MPUC funciona para proteger os direitos de um ou de ambos os c\u00f4njuges.<\/p><p>\u00c9 poss\u00edvel solicitar ao tribunal competente que ordene medidas mesmo enquanto a vida em comum n\u00e3o estiver suspensa. Estas medidas incluem principalmente <\/p><ul><li>Determina\u00e7\u00e3o da contribui\u00e7\u00e3o para a manuten\u00e7\u00e3o da fam\u00edlia;<\/li><li>Determina\u00e7\u00e3o da contribui\u00e7\u00e3o para o c\u00f4njuge que gere o agregado familiar e\/ou os filhos; e<\/li><li>Retira o poder de representar o casal.<\/li><\/ul><p><br>As medidas exigidas por um ou por ambos os c\u00f4njuges e pronunciadas pelos ju\u00edzes em caso de separa\u00e7\u00e3o do casal dizem principalmente respeito:<\/p><ul><li>Guarda dos filhos e direito de visita;<\/li><li>Atribui\u00e7\u00e3o da casa de morada de fam\u00edlia, que \u00e9 geralmente atribu\u00edda ao progenitor que tem a guarda dos filhos;<\/li><li>Contribui\u00e7\u00e3o para a pens\u00e3o de alimentos do c\u00f4njuge; e<\/li><li>Contribui\u00e7\u00e3o para a pens\u00e3o de alimentos para os filhos.<\/li><\/ul>\t\t\t\t\t\t\t\t<\/div>\n\t\t\t\t<\/div>\n\t\t\t\t\t<\/div>\n\t\t<\/div>\n\t\t\t\t\t<\/div>\n\t\t<\/section>\n\t\t\t\t<section class=\"elementor-section elementor-top-section elementor-element elementor-element-1de092a3 elementor-section-full_width elementor-section-height-min-height elementor-section-items-stretch elementor-section-content-middle elementor-section-height-default\" data-id=\"1de092a3\" data-element_type=\"section\" data-e-type=\"section\" data-settings=\"{&quot;background_background&quot;:&quot;classic&quot;}\">\n\t\t\t\t\t\t<div class=\"elementor-container elementor-column-gap-no\">\n\t\t\t\t\t<div class=\"elementor-column elementor-col-50 elementor-top-column elementor-element elementor-element-420e26ad\" data-id=\"420e26ad\" data-element_type=\"column\" data-e-type=\"column\" data-settings=\"{&quot;background_background&quot;:&quot;classic&quot;}\">\n\t\t\t<div class=\"elementor-widget-wrap elementor-element-populated\">\n\t\t\t\t\t\t<div class=\"elementor-element elementor-element-3d79985c elementor-widget elementor-widget-spacer\" data-id=\"3d79985c\" data-element_type=\"widget\" data-e-type=\"widget\" data-widget_type=\"spacer.default\">\n\t\t\t\t<div class=\"elementor-widget-container\">\n\t\t\t\t\t\t\t<div class=\"elementor-spacer\">\n\t\t\t<div class=\"elementor-spacer-inner\"><\/div>\n\t\t<\/div>\n\t\t\t\t\t\t<\/div>\n\t\t\t\t<\/div>\n\t\t\t\t\t<\/div>\n\t\t<\/div>\n\t\t\t\t<div class=\"elementor-column elementor-col-50 elementor-top-column elementor-element elementor-element-5cbc170\" data-id=\"5cbc170\" data-element_type=\"column\" data-e-type=\"column\" data-settings=\"{&quot;background_background&quot;:&quot;classic&quot;}\">\n\t\t\t<div class=\"elementor-widget-wrap elementor-element-populated\">\n\t\t\t\t\t\t<div class=\"elementor-element elementor-element-304c4075 elementor-widget elementor-widget-heading\" data-id=\"304c4075\" data-element_type=\"widget\" data-e-type=\"widget\" data-widget_type=\"heading.default\">\n\t\t\t\t<div class=\"elementor-widget-container\">\n\t\t\t\t\t<p class=\"elementor-heading-title elementor-size-default\">Consulta inicial  <\/p>\t\t\t\t<\/div>\n\t\t\t\t<\/div>\n\t\t\t\t<div class=\"elementor-element elementor-element-7772cf36 elementor-widget elementor-widget-heading\" data-id=\"7772cf36\" data-element_type=\"widget\" data-e-type=\"widget\" data-widget_type=\"heading.default\">\n\t\t\t\t<div class=\"elementor-widget-container\">\n\t\t\t\t\t<p class=\"elementor-heading-title elementor-size-default\">de 60 min a CHF 220.00<\/p>\t\t\t\t<\/div>\n\t\t\t\t<\/div>\n\t\t\t\t<div class=\"elementor-element elementor-element-6cc17fdb elementor-widget elementor-widget-text-editor\" data-id=\"6cc17fdb\" data-element_type=\"widget\" data-e-type=\"widget\" data-widget_type=\"text-editor.default\">\n\t\t\t\t<div class=\"elementor-widget-container\">\n\t\t\t\t\t\t\t\t\tDiscute a tua situa\u00e7\u00e3o com um advogado especializado na Su\u00ed\u00e7a.\n\t\t\t\t\t\t\t\t<\/div>\n\t\t\t\t<\/div>\n\t\t\t\t<div class=\"elementor-element elementor-element-6d1718c1 elementor-widget-divider--view-line elementor-widget elementor-widget-divider\" data-id=\"6d1718c1\" data-element_type=\"widget\" data-e-type=\"widget\" data-widget_type=\"divider.default\">\n\t\t\t\t<div class=\"elementor-widget-container\">\n\t\t\t\t\t\t\t<div class=\"elementor-divider\">\n\t\t\t<span class=\"elementor-divider-separator\">\n\t\t\t\t\t\t<\/span>\n\t\t<\/div>\n\t\t\t\t\t\t<\/div>\n\t\t\t\t<\/div>\n\t\t\t\t<div class=\"elementor-element elementor-element-37eee7a2 elementor-widget elementor-widget-text-editor\" data-id=\"37eee7a2\" data-element_type=\"widget\" data-e-type=\"widget\" data-widget_type=\"text-editor.default\">\n\t\t\t\t<div class=\"elementor-widget-container\">\n\t\t\t\t\t\t\t\t\t<p>Procuras apenas uma marca\u00e7\u00e3o para fazer algumas perguntas?<br>N\u00e3o tens a certeza sobre os procedimentos que pretendes efetuar?<br>A tua situa\u00e7\u00e3o n\u00e3o \u00e9 clara?<\/p><p><strong>Opta por uma primeira consulta com um advogado em Genebra.<\/strong><\/p><p>Decidir\u00e1s ent\u00e3o se queres prosseguir e os nossos advogados indicar-te-\u00e3o o custo do processo em fun\u00e7\u00e3o do teu caso. Marca\u00e7\u00e3o de consultas presenciais ou por videoconfer\u00eancia. <strong><br><\/strong><\/p>\t\t\t\t\t\t\t\t<\/div>\n\t\t\t\t<\/div>\n\t\t\t\t<div class=\"elementor-element elementor-element-68588aad elementor-align-center elementor-widget elementor-widget-button\" data-id=\"68588aad\" data-element_type=\"widget\" data-e-type=\"widget\" data-widget_type=\"button.default\">\n\t\t\t\t<div class=\"elementor-widget-container\">\n\t\t\t\t\t\t\t\t\t<div class=\"elementor-button-wrapper\">\n\t\t\t\t\t<a class=\"elementor-button elementor-button-link elementor-size-sm\" href=\"https:\/\/www.geneva-lawyers.com\/pt-pt\/contacto\/\">\n\t\t\t\t\t\t<span class=\"elementor-button-content-wrapper\">\n\t\t\t\t\t\t\t\t\t<span class=\"elementor-button-text\">Marca uma consulta com um advogado<\/span>\n\t\t\t\t\t<\/span>\n\t\t\t\t\t<\/a>\n\t\t\t\t<\/div>\n\t\t\t\t\t\t\t\t<\/div>\n\t\t\t\t<\/div>\n\t\t\t\t\t<\/div>\n\t\t<\/div>\n\t\t\t\t\t<\/div>\n\t\t<\/section>\n\t\t\t\t<\/div>\n\t\t","protected":false},"excerpt":{"rendered":"<p>Marca uma consulta com um advogado Advogado de div\u00f3rcio em Genebra Se necessitas de um advogado especializado para te acompanhar no teu div\u00f3rcio, separa\u00e7\u00e3o ou dissolu\u00e7\u00e3o da tua parceria registada, n\u00e3o hesites em contactar-nos para te aconselhares o mais rapidamente poss\u00edvel com um dos nossos advogados. N\u00e3o fornecemos documentos normalizados. Em vez disso, um advogado &#8230; <a title=\"Advogado de div\u00f3rcio na Su\u00ed\u00e7a\" class=\"read-more\" href=\"https:\/\/www.geneva-lawyers.com\/pt-pt\/advogado-divorcio-suica\/\" aria-label=\"Leia mais sobre Advogado de div\u00f3rcio na Su\u00ed\u00e7a\">Ler mais<\/a><\/p>\n","protected":false},"author":1,"featured_media":0,"parent":0,"menu_order":0,"comment_status":"closed","ping_status":"closed","template":"elementor_header_footer","meta":{"_acf_changed":false,"_seopress_robots_primary_cat":"","_seopress_titles_title":"","_seopress_titles_desc":"","_seopress_robots_index":"","footnotes":""},"class_list":["post-32478","page","type-page","status-publish"],"acf":[],"_links":{"self":[{"href":"https:\/\/www.geneva-lawyers.com\/pt-pt\/wp-json\/wp\/v2\/pages\/32478","targetHints":{"allow":["GET"]}}],"collection":[{"href":"https:\/\/www.geneva-lawyers.com\/pt-pt\/wp-json\/wp\/v2\/pages"}],"about":[{"href":"https:\/\/www.geneva-lawyers.com\/pt-pt\/wp-json\/wp\/v2\/types\/page"}],"author":[{"embeddable":true,"href":"https:\/\/www.geneva-lawyers.com\/pt-pt\/wp-json\/wp\/v2\/users\/1"}],"replies":[{"embeddable":true,"href":"https:\/\/www.geneva-lawyers.com\/pt-pt\/wp-json\/wp\/v2\/comments?post=32478"}],"version-history":[{"count":6,"href":"https:\/\/www.geneva-lawyers.com\/pt-pt\/wp-json\/wp\/v2\/pages\/32478\/revisions"}],"predecessor-version":[{"id":34064,"href":"https:\/\/www.geneva-lawyers.com\/pt-pt\/wp-json\/wp\/v2\/pages\/32478\/revisions\/34064"}],"wp:attachment":[{"href":"https:\/\/www.geneva-lawyers.com\/pt-pt\/wp-json\/wp\/v2\/media?parent=32478"}],"curies":[{"name":"wp","href":"https:\/\/api.w.org\/{rel}","templated":true}]}}