{"id":34146,"date":"2024-05-27T08:47:59","date_gmt":"2024-05-27T06:47:59","guid":{"rendered":"https:\/\/www.geneva-lawyers.com\/sociedade-em-nome-coletivo\/"},"modified":"2025-04-14T16:06:18","modified_gmt":"2025-04-14T14:06:18","slug":"sociedade-em-nome-coletivo","status":"publish","type":"page","link":"https:\/\/www.geneva-lawyers.com\/pt-pt\/sociedade-em-nome-coletivo\/","title":{"rendered":"Sociedade em nome coletivo"},"content":{"rendered":"\t\t<div data-elementor-type=\"wp-page\" data-elementor-id=\"34146\" class=\"elementor elementor-34146 elementor-29548\" data-elementor-post-type=\"page\">\n\t\t\t\t\t\t<section class=\"elementor-section elementor-top-section elementor-element elementor-element-3031c59 elementor-section-boxed elementor-section-height-default elementor-section-height-default\" data-id=\"3031c59\" data-element_type=\"section\" data-e-type=\"section\" data-settings=\"{&quot;background_background&quot;:&quot;classic&quot;}\">\n\t\t\t\t\t\t\t<div class=\"elementor-background-overlay\"><\/div>\n\t\t\t\t\t\t\t<div class=\"elementor-container elementor-column-gap-default\">\n\t\t\t\t\t<div class=\"elementor-column elementor-col-100 elementor-top-column elementor-element elementor-element-38258118\" data-id=\"38258118\" data-element_type=\"column\" data-e-type=\"column\">\n\t\t\t<div class=\"elementor-widget-wrap elementor-element-populated\">\n\t\t\t\t\t\t<div class=\"elementor-element elementor-element-11b8b7f4 elementor-widget-divider--view-line elementor-widget elementor-widget-divider\" data-id=\"11b8b7f4\" data-element_type=\"widget\" data-e-type=\"widget\" data-widget_type=\"divider.default\">\n\t\t\t\t<div class=\"elementor-widget-container\">\n\t\t\t\t\t\t\t<div class=\"elementor-divider\">\n\t\t\t<span class=\"elementor-divider-separator\">\n\t\t\t\t\t\t<\/span>\n\t\t<\/div>\n\t\t\t\t\t\t<\/div>\n\t\t\t\t<\/div>\n\t\t\t\t<div class=\"elementor-element elementor-element-a73468e elementor-align-center elementor-widget elementor-widget-button\" data-id=\"a73468e\" data-element_type=\"widget\" data-e-type=\"widget\" data-widget_type=\"button.default\">\n\t\t\t\t<div class=\"elementor-widget-container\">\n\t\t\t\t\t\t\t\t\t<div class=\"elementor-button-wrapper\">\n\t\t\t\t\t<a class=\"elementor-button elementor-button-link elementor-size-sm\" href=\"https:\/\/www.geneva-lawyers.com\/pt-pt\/contacto\/\">\n\t\t\t\t\t\t<span class=\"elementor-button-content-wrapper\">\n\t\t\t\t\t\t\t\t\t<span class=\"elementor-button-text\">Marca uma consulta com um advogado<\/span>\n\t\t\t\t\t<\/span>\n\t\t\t\t\t<\/a>\n\t\t\t\t<\/div>\n\t\t\t\t\t\t\t\t<\/div>\n\t\t\t\t<\/div>\n\t\t\t\t\t<\/div>\n\t\t<\/div>\n\t\t\t\t\t<\/div>\n\t\t<\/section>\n\t\t\t\t<section class=\"elementor-section elementor-top-section elementor-element elementor-element-55d79cca elementor-section-boxed elementor-section-height-default elementor-section-height-default\" data-id=\"55d79cca\" data-element_type=\"section\" data-e-type=\"section\">\n\t\t\t\t\t\t<div class=\"elementor-container elementor-column-gap-default\">\n\t\t\t\t\t<div class=\"elementor-column elementor-col-100 elementor-top-column elementor-element elementor-element-48d45617\" data-id=\"48d45617\" data-element_type=\"column\" data-e-type=\"column\">\n\t\t\t<div class=\"elementor-widget-wrap elementor-element-populated\">\n\t\t\t\t\t\t<div class=\"elementor-element elementor-element-36936f83 elementor-widget elementor-widget-heading\" data-id=\"36936f83\" data-element_type=\"widget\" data-e-type=\"widget\" data-widget_type=\"heading.default\">\n\t\t\t\t<div class=\"elementor-widget-container\">\n\t\t\t\t\t<h2 class=\"elementor-heading-title elementor-size-default\">Sociedade em nome coletivo na Su\u00ed\u00e7a<\/h2>\t\t\t\t<\/div>\n\t\t\t\t<\/div>\n\t\t\t\t<div class=\"elementor-element elementor-element-1c380e53 elementor-widget-divider--view-line elementor-widget elementor-widget-divider\" data-id=\"1c380e53\" data-element_type=\"widget\" data-e-type=\"widget\" data-widget_type=\"divider.default\">\n\t\t\t\t<div class=\"elementor-widget-container\">\n\t\t\t\t\t\t\t<div class=\"elementor-divider\">\n\t\t\t<span class=\"elementor-divider-separator\">\n\t\t\t\t\t\t<\/span>\n\t\t<\/div>\n\t\t\t\t\t\t<\/div>\n\t\t\t\t<\/div>\n\t\t\t\t<div class=\"elementor-element elementor-element-35ce3b6b elementor-widget elementor-widget-text-editor\" data-id=\"35ce3b6b\" data-element_type=\"widget\" data-e-type=\"widget\" data-widget_type=\"text-editor.default\">\n\t\t\t\t<div class=\"elementor-widget-container\">\n\t\t\t\t\t\t\t\t\t<p>A sociedade em nome coletivo, regulamentada pelo C\u00f3digo das Obriga\u00e7\u00f5es Su\u00ed\u00e7o (artigos 552 a 593 CO), \u00e9 um tipo de entidade empresarial em que duas ou mais pessoas colaboram para gerir uma empresa sob uma denomina\u00e7\u00e3o comum (artigo 552, par\u00e1grafo 1 CO). Esta forma de sociedade caracteriza-se pela participa\u00e7\u00e3o ativa de todos os s\u00f3cios na gest\u00e3o e administra\u00e7\u00e3o da empresa. Cada s\u00f3cio de uma sociedade em nome coletivo \u00e9 considerado um co-empres\u00e1rio e deve contribuir com recursos financeiros, compet\u00eancias ou outros meios necess\u00e1rios para a empresa. S\u00e3o conjunta e solidariamente respons\u00e1veis pelas d\u00edvidas da sociedade. A gest\u00e3o da sociedade em nome coletivo \u00e9 efectuada por todos os s\u00f3cios, tendo cada um deles autoridade para tomar decis\u00f5es comerciais. No entanto, o acordo de parceria pode nomear um diretor para supervisionar as opera\u00e7\u00f5es da empresa.     <\/p><h2>Tributa\u00e7\u00e3o<\/h2><p>Embora a sociedade em nome coletivo n\u00e3o seja tribut\u00e1vel, os seus s\u00f3cios est\u00e3o sujeitos a uma tributa\u00e7\u00e3o direta sobre os seus rendimentos, a sua parte nos lucros, os juros sobre o capital e o seu patrim\u00f3nio. Cada s\u00f3cio \u00e9 tributado com base na sua parte do rendimento e do patrim\u00f3nio da sociedade, bem como no seu rendimento e patrim\u00f3nio privados. O planeamento fiscal pode ser ben\u00e9fico; geralmente, um s\u00f3cio paga menos impostos se a sede da empresa e a sua resid\u00eancia privada n\u00e3o estiverem no mesmo local.  <\/p><h2>Vantagens de uma sociedade em nome coletivo<\/h2><p>A sociedade em nome coletivo oferece v\u00e1rias vantagens aos empres\u00e1rios:<\/p><ol><li><p><strong>Facilidade de constitui\u00e7\u00e3o<\/strong>: A cria\u00e7\u00e3o de uma sociedade em nome coletivo \u00e9 relativamente simples e pouco dispendiosa. O acordo de parceria pode ser redigido livremente pelos parceiros sem formalidades espec\u00edficas. <\/p><\/li><li><p><strong>Recursos e conhecimentos partilhados<\/strong>: A parceria permite a partilha de recursos e de conhecimentos especializados de todos os parceiros, o que pode ser particularmente vantajoso para as pequenas empresas que n\u00e3o disp\u00f5em de recursos suficientes para crescer.<\/p><\/li><li><p><strong>Participa\u00e7\u00e3o ativa<\/strong>: Os parceiros podem participar ativamente na gest\u00e3o e na tomada de decis\u00f5es da empresa, promovendo um maior empenho e envolvimento no desenvolvimento da empresa.<\/p><\/li><li><p><strong>Flexibilidade<\/strong>: O acordo de parceria pode ser facilmente modificado para se adaptar a ambientes empresariais em mudan\u00e7a.<\/p><\/li><\/ol><h2>Desvantagens de uma sociedade em nome coletivo<\/h2><p>No entanto, existem tamb\u00e9m desvantagens significativas:<\/p><ol><li><p><strong>Responsabilidade<\/strong> ilimitada: Uma das desvantagens mais significativas \u00e9 a responsabilidade ilimitada dos s\u00f3cios. Cada s\u00f3cio \u00e9 pessoalmente respons\u00e1vel pelas d\u00edvidas e obriga\u00e7\u00f5es da empresa, independentemente da sua contribui\u00e7\u00e3o financeira inicial. <\/p><\/li><li><p><strong>Quest\u00f5es de transferibilidade<\/strong>: Ao contr\u00e1rio das ac\u00e7\u00f5es das empresas, a transfer\u00eancia de propriedade numa sociedade em nome coletivo \u00e9 muitas vezes dif\u00edcil. Os s\u00f3cios t\u00eam direitos espec\u00edficos relacionados com a sua participa\u00e7\u00e3o na empresa, tais como direitos de voto e participa\u00e7\u00f5es nos lucros, que n\u00e3o s\u00e3o facilmente transfer\u00edveis. <\/p><\/li><li><p><strong>Desafios com os investidores<\/strong>: Os s\u00f3cios devem ser cautelosos quando procuram investidores, uma vez que estes podem exigir uma maior participa\u00e7\u00e3o na empresa ou exigir garantias dos s\u00f3cios para assegurar os seus investimentos.<\/p><\/li><\/ol><h2>Constitui\u00e7\u00e3o de uma sociedade em nome coletivo<\/h2><p>A constitui\u00e7\u00e3o de uma sociedade em nome coletivo implica v\u00e1rias etapas legais:<\/p><ol><li><p><strong>Acordo de parceria<\/strong>: O acordo deve delinear as regras operacionais da parceria, incluindo o nome da empresa, as contribui\u00e7\u00f5es de capital, os nomes e as contribui\u00e7\u00f5es dos parceiros, a distribui\u00e7\u00e3o de lucros e perdas, entre outros. Deve ser assinado por todos os parceiros. <\/p><\/li><li><p><strong>Publica\u00e7\u00e3o<\/strong>: Para que terceiros sejam informados da cria\u00e7\u00e3o da sociedade, \u00e9 necess\u00e1rio publicar um aviso de constitui\u00e7\u00e3o no Jornal Oficial do Com\u00e9rcio Su\u00ed\u00e7o (SOGC). Nesta notifica\u00e7\u00e3o, deve constar o nome da empresa, a identidade dos s\u00f3cios e o montante do capital. <\/p><\/li><li><p><strong>Registo<\/strong>: A sociedade deve ser registada no registo comercial competente do local onde tem a sua sede (artigo 554.\u00ba do CO).<\/p><\/li><\/ol><h2>Dissolu\u00e7\u00e3o e liquida\u00e7\u00e3o<\/h2><p>A sociedade em nome coletivo pode ser dissolvida por v\u00e1rios motivos (artigos 545.\u00ba e seguintes do C\u00f3digo Civil): expira\u00e7\u00e3o do prazo estipulado no contrato, decis\u00e3o un\u00e2nime dos s\u00f3cios, infra\u00e7\u00e3o grave de um s\u00f3cio, etc. A liquida\u00e7\u00e3o segue-se \u00e0 dissolu\u00e7\u00e3o (artigos 548.\u00ba e seguintes do C\u00f3digo Civil) e implica a realiza\u00e7\u00e3o do patrim\u00f3nio da sociedade, o pagamento das d\u00edvidas e a distribui\u00e7\u00e3o do remanescente pelos s\u00f3cios. <\/p><p>A sociedade em nome coletivo \u00e9 uma forma jur\u00eddica adequada para os empres\u00e1rios que pretendem gerir uma empresa em conjunto. Oferece muitas vantagens, tais como uma gest\u00e3o simples, acordos flex\u00edveis e responsabilidade partilhada. No entanto, a responsabilidade ilimitada dos s\u00f3cios \u00e9 uma desvantagem significativa que deve ser cuidadosamente analisada. Recomenda-se a consulta de um advogado especializado em direito das sociedades para garantir o cumprimento de todos os requisitos legais e para receber apoio personalizado durante todo o ciclo de vida da sociedade.   <\/p>\t\t\t\t\t\t\t\t<\/div>\n\t\t\t\t<\/div>\n\t\t\t\t\t<\/div>\n\t\t<\/div>\n\t\t\t\t\t<\/div>\n\t\t<\/section>\n\t\t\t\t<section class=\"elementor-section elementor-top-section elementor-element elementor-element-540636c0 elementor-section-full_width elementor-section-height-min-height elementor-section-items-stretch elementor-section-content-middle elementor-section-height-default\" data-id=\"540636c0\" data-element_type=\"section\" data-e-type=\"section\" data-settings=\"{&quot;background_background&quot;:&quot;classic&quot;}\">\n\t\t\t\t\t\t<div class=\"elementor-container elementor-column-gap-no\">\n\t\t\t\t\t<div class=\"elementor-column elementor-col-50 elementor-top-column elementor-element elementor-element-4106abf1\" data-id=\"4106abf1\" data-element_type=\"column\" data-e-type=\"column\" data-settings=\"{&quot;background_background&quot;:&quot;classic&quot;}\">\n\t\t\t<div class=\"elementor-widget-wrap elementor-element-populated\">\n\t\t\t\t\t\t<div class=\"elementor-element elementor-element-15305242 elementor-widget elementor-widget-spacer\" data-id=\"15305242\" data-element_type=\"widget\" data-e-type=\"widget\" data-widget_type=\"spacer.default\">\n\t\t\t\t<div class=\"elementor-widget-container\">\n\t\t\t\t\t\t\t<div class=\"elementor-spacer\">\n\t\t\t<div class=\"elementor-spacer-inner\"><\/div>\n\t\t<\/div>\n\t\t\t\t\t\t<\/div>\n\t\t\t\t<\/div>\n\t\t\t\t\t<\/div>\n\t\t<\/div>\n\t\t\t\t<div class=\"elementor-column elementor-col-50 elementor-top-column elementor-element elementor-element-39e189fa\" data-id=\"39e189fa\" data-element_type=\"column\" data-e-type=\"column\" data-settings=\"{&quot;background_background&quot;:&quot;classic&quot;}\">\n\t\t\t<div class=\"elementor-widget-wrap elementor-element-populated\">\n\t\t\t\t\t\t<div class=\"elementor-element elementor-element-192fcfe8 elementor-widget elementor-widget-heading\" data-id=\"192fcfe8\" data-element_type=\"widget\" data-e-type=\"widget\" data-widget_type=\"heading.default\">\n\t\t\t\t<div class=\"elementor-widget-container\">\n\t\t\t\t\t<p class=\"elementor-heading-title elementor-size-default\">Consulta inicial  <\/p>\t\t\t\t<\/div>\n\t\t\t\t<\/div>\n\t\t\t\t<div class=\"elementor-element elementor-element-8ef41e8 elementor-widget elementor-widget-heading\" data-id=\"8ef41e8\" data-element_type=\"widget\" data-e-type=\"widget\" data-widget_type=\"heading.default\">\n\t\t\t\t<div class=\"elementor-widget-container\">\n\t\t\t\t\t<p class=\"elementor-heading-title elementor-size-default\">de 60 min a CHF 220.00<\/p>\t\t\t\t<\/div>\n\t\t\t\t<\/div>\n\t\t\t\t<div class=\"elementor-element elementor-element-5e7bcbe4 elementor-widget elementor-widget-text-editor\" data-id=\"5e7bcbe4\" data-element_type=\"widget\" data-e-type=\"widget\" data-widget_type=\"text-editor.default\">\n\t\t\t\t<div class=\"elementor-widget-container\">\n\t\t\t\t\t\t\t\t\tDiscute a tua situa\u00e7\u00e3o com um advogado especializado na Su\u00ed\u00e7a.\n\t\t\t\t\t\t\t\t<\/div>\n\t\t\t\t<\/div>\n\t\t\t\t<div class=\"elementor-element elementor-element-3758a1e3 elementor-widget-divider--view-line elementor-widget elementor-widget-divider\" data-id=\"3758a1e3\" data-element_type=\"widget\" data-e-type=\"widget\" data-widget_type=\"divider.default\">\n\t\t\t\t<div class=\"elementor-widget-container\">\n\t\t\t\t\t\t\t<div class=\"elementor-divider\">\n\t\t\t<span class=\"elementor-divider-separator\">\n\t\t\t\t\t\t<\/span>\n\t\t<\/div>\n\t\t\t\t\t\t<\/div>\n\t\t\t\t<\/div>\n\t\t\t\t<div class=\"elementor-element elementor-element-30ba5421 elementor-widget elementor-widget-text-editor\" data-id=\"30ba5421\" data-element_type=\"widget\" data-e-type=\"widget\" data-widget_type=\"text-editor.default\">\n\t\t\t\t<div class=\"elementor-widget-container\">\n\t\t\t\t\t\t\t\t\t<p>Procuras apenas uma marca\u00e7\u00e3o para fazer algumas perguntas?<br>N\u00e3o tens a certeza sobre os procedimentos que pretendes efetuar?<br>A tua situa\u00e7\u00e3o n\u00e3o \u00e9 clara?<\/p><p><strong>Opta por uma primeira consulta com um advogado em Genebra.<\/strong><\/p><p>Decidir\u00e1s ent\u00e3o se queres prosseguir e os nossos advogados indicar-te-\u00e3o o custo do processo em fun\u00e7\u00e3o do teu caso. Marca\u00e7\u00e3o de consultas presenciais ou por videoconfer\u00eancia. <strong><br><\/strong><\/p>\t\t\t\t\t\t\t\t<\/div>\n\t\t\t\t<\/div>\n\t\t\t\t<div class=\"elementor-element elementor-element-58319bd5 elementor-align-center elementor-widget elementor-widget-button\" data-id=\"58319bd5\" data-element_type=\"widget\" data-e-type=\"widget\" data-widget_type=\"button.default\">\n\t\t\t\t<div class=\"elementor-widget-container\">\n\t\t\t\t\t\t\t\t\t<div class=\"elementor-button-wrapper\">\n\t\t\t\t\t<a class=\"elementor-button elementor-button-link elementor-size-sm\" href=\"https:\/\/www.geneva-lawyers.com\/pt-pt\/contacto\/\">\n\t\t\t\t\t\t<span class=\"elementor-button-content-wrapper\">\n\t\t\t\t\t\t\t\t\t<span class=\"elementor-button-text\">Marca uma consulta com um advogado<\/span>\n\t\t\t\t\t<\/span>\n\t\t\t\t\t<\/a>\n\t\t\t\t<\/div>\n\t\t\t\t\t\t\t\t<\/div>\n\t\t\t\t<\/div>\n\t\t\t\t\t<\/div>\n\t\t<\/div>\n\t\t\t\t\t<\/div>\n\t\t<\/section>\n\t\t\t\t<\/div>\n\t\t","protected":false},"excerpt":{"rendered":"<p>Marca uma consulta com um advogado Sociedade em nome coletivo na Su\u00ed\u00e7a A sociedade em nome coletivo, regulamentada pelo C\u00f3digo das Obriga\u00e7\u00f5es Su\u00ed\u00e7o (artigos 552 a 593 CO), \u00e9 um tipo de entidade empresarial em que duas ou mais pessoas colaboram para gerir uma empresa sob uma denomina\u00e7\u00e3o comum (artigo 552, par\u00e1grafo 1 CO). Esta &#8230; <a title=\"Sociedade em nome coletivo\" class=\"read-more\" href=\"https:\/\/www.geneva-lawyers.com\/pt-pt\/sociedade-em-nome-coletivo\/\" aria-label=\"Leia mais sobre Sociedade em nome coletivo\">Ler mais<\/a><\/p>\n","protected":false},"author":1,"featured_media":0,"parent":0,"menu_order":0,"comment_status":"closed","ping_status":"closed","template":"elementor_header_footer","meta":{"_acf_changed":false,"_seopress_robots_primary_cat":"","_seopress_titles_title":"","_seopress_titles_desc":"","_seopress_robots_index":"","footnotes":""},"class_list":["post-34146","page","type-page","status-publish"],"acf":[],"_links":{"self":[{"href":"https:\/\/www.geneva-lawyers.com\/pt-pt\/wp-json\/wp\/v2\/pages\/34146","targetHints":{"allow":["GET"]}}],"collection":[{"href":"https:\/\/www.geneva-lawyers.com\/pt-pt\/wp-json\/wp\/v2\/pages"}],"about":[{"href":"https:\/\/www.geneva-lawyers.com\/pt-pt\/wp-json\/wp\/v2\/types\/page"}],"author":[{"embeddable":true,"href":"https:\/\/www.geneva-lawyers.com\/pt-pt\/wp-json\/wp\/v2\/users\/1"}],"replies":[{"embeddable":true,"href":"https:\/\/www.geneva-lawyers.com\/pt-pt\/wp-json\/wp\/v2\/comments?post=34146"}],"version-history":[{"count":1,"href":"https:\/\/www.geneva-lawyers.com\/pt-pt\/wp-json\/wp\/v2\/pages\/34146\/revisions"}],"predecessor-version":[{"id":34147,"href":"https:\/\/www.geneva-lawyers.com\/pt-pt\/wp-json\/wp\/v2\/pages\/34146\/revisions\/34147"}],"wp:attachment":[{"href":"https:\/\/www.geneva-lawyers.com\/pt-pt\/wp-json\/wp\/v2\/media?parent=34146"}],"curies":[{"name":"wp","href":"https:\/\/api.w.org\/{rel}","templated":true}]}}